{"id":1672,"date":"2025-10-06T14:49:25","date_gmt":"2025-10-06T14:49:25","guid":{"rendered":"https:\/\/legiergroup.info\/?page_id=1672"},"modified":"2025-10-23T12:20:25","modified_gmt":"2025-10-23T12:20:25","slug":"scandictrust","status":"publish","type":"page","link":"https:\/\/legiergroup.info\/af\/scandictrust\/","title":{"rendered":"Scandic Trust"},"content":{"rendered":"<div data-elementor-type=\"wp-page\" data-elementor-id=\"1672\" class=\"elementor elementor-1672\" data-elementor-post-type=\"page\">\n\t\t\t\t<div class=\"elementor-element elementor-element-d2afe37 e-flex e-con-boxed e-con e-parent\" data-id=\"d2afe37\" data-element_type=\"container\" data-e-type=\"container\">\n\t\t\t\t\t<div class=\"e-con-inner\">\n\t\t\t\t<div class=\"elementor-element elementor-element-6990817 elementor-widget elementor-widget-text-editor\" data-id=\"6990817\" data-element_type=\"widget\" data-e-type=\"widget\" data-widget_type=\"text-editor.default\">\n\t\t\t\t\t\t\t\t\t<img decoding=\"async\" src=\"https:\/\/legiergroup.info\/wp-content\/uploads\/2025\/10\/scandictrust_by_legier.jpg\" alt=\"SCANDIC TRUST\" width=\"100%\" \/>\n<h1><\/h1>\n<h1>SCANDIC GROUP TRUST TOV: Vennoot vir batebeskerming en volhoubare nalatenskap<\/h1>\n<div><\/div>\nWelkom by\u00a0<strong>SCANDIC GROUP TRUST TOV<\/strong>, &#039;n toonaangewende w\u00eareldwye handelsmerk van die bekende\u00a0<strong>LEGIER GROEP<\/strong>\u00a0(Legier Beteiligungs mbH), einem diversifizierten internationalen Mischkonzern mit 30 Jahren Erfolgsgeschichte.\n\nAls Teil eines angesehenen Markenverbunds \u2013 neben\u00a0<strong>SCANDIC PAY<\/strong>,\u00a0<strong>SCANDIC MUNT<\/strong>,\u00a0<strong>SCANDIC FLY<\/strong>,\u00a0<strong>SCANDIC YACHTS<\/strong>\u00a0en\u00a0<strong>SCANDIC TRADE<\/strong>\u00a0\u2013 beliggaam\u00a0<strong>SCANDIC TRUST<\/strong>\u00a0Vertroue, innovasie en uitstekende kundigheid in die versekering van welvaart en die vorming van &#039;n nalatenskap wat vir geslagte hou. Ge\u00efnspireer deur die w\u00eareld se bestes,\u00a0<strong>SCANDIC TRUST<\/strong>\u00a0Finansi\u00eble sterkte oor kontinente heen met sosiale verantwoordelikheid en toekomsgerigte oplossings.\n<h2>SCANDIC TRUST se missie: Beskerming van welvaart en verwesenliking van visie<\/h2>\nBy\u00a0<strong>SCANDIC TRUST<\/strong>\u00a0gaan oor meer as net batebestuur \u2013 ons skep die fondament vir u doelwitte, u sukses en &#039;n volhoubare toekoms. Vir drie dekades,\u00a0<strong>LEGIER GROEP<\/strong>\u00a0globale ekonomiese sektore soos media (met 115 van sy eie dagblaaie), eiendom, finansies, luukse dienste (privaat stralerhuur en seiljaghuur) en digitale innovasies.\u00a0<strong>SCANDIC TRUST<\/strong>\u00a0sit hierdie nalatenskap voort deur pasgemaakte oplossings te bied vir oordeelkundige individue, gesinne en besighede w\u00eareldwyd. Met &#039;n teenwoordigheid in meer as 46 lande,\u00a0<strong>SCANDIC TRUST<\/strong>\u00a0das tiefe Verst\u00e4ndnis der internationalen M\u00e4rkte, um Verm\u00f6gen zu sch\u00fctzen und zu vermehren.\n\nUnsere Struktur orientiert sich an den Prinzipien klassisch historischer Trusts, welche durch zentrale Kontrolle und Ressourcenb\u00fcndelung Effizienz und Marktst\u00e4rke schafften. Doch\u00a0<strong>SCANDIC TRUST<\/strong>\u00a0gaan verder: Ons integreer die nuutste tegnologie, etiese standaarde (insluitend die Wet op Moderne Slawerny) en volhoubare benaderings om die uitdagings van tradisionele Trust&#039;s \u2013 soos monopolievorming of wetlike risiko&#039;s \u2013 te oorkom terwyl ons hul voordele maksimeer.\n<h2>SCANDIC GROUP TRUST TOV bied: Oplossings op maat met w\u00eareldwye bereik<\/h2>\nMet &#039;n span kundiges wat plaaslike kennis met &#039;n globale perspektief kombineer, bied ons jou:\n<ul>\n \t<li><strong>Individuele welvaartstrategie\u00eb:<\/strong>\u00a0Van trustfondse tot boedelbeplanning\u00a0<strong>SCANDIC TRUST<\/strong>\u00a0Oplossings wat jou persoonlike en finansi\u00eble doelwitte weerspie\u00ebl.<\/li>\n \t<li><strong>Robuuste batebeskerming:<\/strong>\u00a0Deur middel van soliede regs- en finansi\u00eble strukture beskerm ons u bates teen onsekerhede.<\/li>\n \t<li><strong>Globale sinergie\u00eb:<\/strong>\u00a0Ons integrasie in die LEGIER-ekosisteem bied naatlose toegang tot &#039;n netwerk van innoverende handelsmerke en dienste.<\/li>\n<\/ul>\n<span style=\"font-weight: bolder;\">SCANDIC GROUP TRUST TOV<\/span>\u00a0kombineer finansi\u00eble ambisies met &#039;n ho\u00ebr doel \u2013 of dit nou volhoubaarheid, onderwys of sosiale vooruitgang is.\n<h2>Die LEGIER-ekosisteem: &#039;n Netwerk vir sukses<\/h2>\n<div><\/div>\n<span style=\"font-weight: bolder;\">SCANDIC GROUP TRUST TOV<\/span>\u00a0is die hart van &#039;n unieke ekosisteem wat jou leefstyl en jou beleggings verbind:\n<ul>\n \t<li><strong>LEGIER GROEP:<\/strong>\u00a0115 eie dagblaaie op alle kontinente, wat 24\/7, sewe dae per week, oor politiek, besigheid, wetenskap, sosiale en gesinskwessies sowel as sport verslag doen.<\/li>\n \t<li><strong>SCANDIC MUNT:<\/strong>\u00a0&#039;n Kriptogeldeenheid wat eiendomsbeleggings revolusioneer.<\/li>\n \t<li><strong>SCANDIC PAY:<\/strong>\u00a0Innoverende digitale betaaloplossings vir maksimum buigsaamheid.<\/li>\n \t<li><strong>SCANDIC FLY en SCANDIC YACHTS:<\/strong>\u00a0Luukse reis met die sekuriteit van professionele batebestuur.<\/li>\n \t<li><strong>SCANDIC TRADE:<\/strong>\u00a0&#039;n Digitale platform vir gediversifiseerde portefeuljes.<\/li>\n \t<li><strong>SCANDIC ESTATE:<\/strong>\u00a0Eiendomsbeleggings, geoptimaliseer deur ons volhoubare trustkundigheid.<\/li>\n<\/ul>\n<div><\/div>\n<strong>SCANDIC TRUST<\/strong>\u00a0bevorder finansi\u00eble insluiting en ondersteun ook die welstand van kinders.\u00a0<span style=\"font-weight: bolder;\">SCANDIC GROUP TRUST TOV<\/span>\u00a0eie hulpbronne om toegevoegde waarde vir kli\u00ebnte en die samelewing te skep.\n<h2>Die krag van &#039;n moderne Trust<\/h2>\n<div><\/div>\nAs &#039;n klassieke Trust,\u00a0<span style=\"font-weight: bolder;\">SCANDIC GROUP TRUST TOV<\/span>\u00a0hulpbronne, verhoog doeltreffendheid en versterk markposisie.\u00a0<span style=\"font-weight: bolder;\">SCANDIC GROUP TRUST TOV<\/span>\u00a0gaan verder as historiese modelle:\n<ul>\n \t<li><strong>Doeltreffendheid en innovasie:<\/strong>\u00a0Ons optimaliseer u bates deur sentrale beheer en die nuutste tegnologie.<\/li>\n \t<li><strong>Etiek en Nakoming:<\/strong>\u00a0Ons opereer deursigtig en in ooreenstemming met globale regulasies.<\/li>\n \t<li><strong>Volhoubaarheid:<\/strong>\u00a0Met navorsing vir die globale stelsel,\u00a0<span style=\"font-weight: bolder;\">SCANDIC GROUP TRUST TOV<\/span>\u00a0terselfdertyd op langtermynvoordele vir mense en die omgewing.<\/li>\n<\/ul>\n<div><\/div>\nOns vermy die slaggate van tradisionele Trust&#039;s \u2013 soos monopolierisiko&#039;s of &#039;n gebrek aan innovasie \u2013 en bied eerder &#039;n toekomsgerigte struktuur wat sekuriteit en groei kombineer.\n<h2>Hoekom SCANDIC TRUST?<\/h2>\n<ul>\n \t<li><strong>Bewese kundigheid:<\/strong>\u00a0Byna 30 jaar van sukses van\u00a0<strong>LEGIER-groep<\/strong>\u00a0is agter ons.<\/li>\n \t<li><strong>Integriteit:<\/strong>\u00a0Vertroue en deursigtigheid is ons fondament.<\/li>\n \t<li><strong>Toekomsgerig:<\/strong>\u00a0Ons vorm die finansi\u00eble w\u00eareld van m\u00f4re met innoverende gereedskap.<\/li>\n \t<li><strong>Kli\u00ebntfokus:<\/strong>\u00a0Jou visie dryf ons \u2013 ons luister en oortref verwagtinge.<\/li>\n<\/ul>\n<div><\/div>\n<h2>Jou nalatenskap in veilige hande<\/h2>\n<span style=\"font-weight: bolder;\">SCANDIC GROUP TRUST TOV<\/span>\u00a0is nie net &#039;n vennoot vir die toekoms nie, maar is ook gefokus op die versekering van welvaart vir toekomstige geslagte met volhoubare oplossings. Met die globale sterkte van\u00a0<strong>LEGIER<\/strong>\u00a0en &#039;n toewyding aan uitnemendheid, vorm ons u finansi\u00eble toekoms.\n<h2>Kontak ons<\/h2>\nGereed om die volgende stap te neem? Besoek ons webwerf of praat met ons kundiges vir &#039;n persoonlike konsultasie.\u00a0<span style=\"font-weight: bolder;\">SCANDIC GROUP TRUST TOV<\/span>\u00a0rykdom ontmoet wysheid \u2013 en jou visie word werklikheid.\n\n<span style=\"font-weight: bolder;\">SCANDIC GROUP TRUST TOV<\/span>, &#039;n afdeling en handelsmerk van LEGIER Beteiligungs mbH\n\n<b>LEGIER Beteiligungs mbH<\/b>\nMedia-Division\nKurfurstendamm 14\nDE 10719 Berlin\nBundesrepublik Deutschland\n<b>Foon:<\/b>\u00a0+49 (0) 30 99211 &#8211; 3 469\n\nEmail:\u00a0<a href=\"mailto:Info@LegierGroup.com\" target=\"_blank\" rel=\"noopener noreferrer\">Info@LegierGroup.com<\/a>\n<h3>Toesighoudende owerhede:<\/h3>\n<ul>\n \t<li>Federale Finansi\u00eble Toesighoudende Owerheid (BaFin), Marie-Curie-Str. 24-28, 60439 Frankfurt am Main (Bondsrepubliek Duitsland),\u00a0<a href=\"https:\/\/www.bafin.de\/\" target=\"_blank\" rel=\"noopener noreferrer\">www.bafin.de<\/a><\/li>\n \t<li>Deutsche Bundesbank \u2013 Berlynse tak, Leibnitzstra\u00dfe 10, 10625 Berlyn (Federale Republiek van Duitsland),\u00a0<a href=\"https:\/\/www.bundesbank.de\/\" target=\"_blank\" rel=\"noopener noreferrer\">www.bundesbank.de<\/a><\/li>\n<\/ul>\t\t\t\t\t\t\t\t<\/div>\n\t\t\t\t\t<\/div>\n\t\t\t\t<\/div>\n\t\t\t\t<\/div>","protected":false},"excerpt":{"rendered":"<p>SCANDIC GROUP TRUST TOV: Partner f\u00fcr Verm\u00f6genssicherung und nachhaltiges Verm\u00e4chtnis Willkommen bei\u00a0SCANDIC GROUP TRUST TOV, einer weltweit f\u00fchrenden Marke der renommierten\u00a0LEGIER GRUPPE\u00a0(Legier Beteiligungs mbH), einem diversifizierten internationalen Mischkonzern mit 30 Jahren Erfolgsgeschichte. Als Teil eines angesehenen Markenverbunds \u2013 neben\u00a0SCANDIC PAY,\u00a0SCANDIC COIN,\u00a0SCANDIC FLY,\u00a0SCANDIC YACHTS\u00a0und\u00a0SCANDIC TRADE\u00a0\u2013 verk\u00f6rpert\u00a0SCANDIC TRUST\u00a0Vertrauen, Innovation und exzellente Expertise in der Sicherung von Verm\u00f6gen [&hellip;]<\/p>\n","protected":false},"author":2,"featured_media":0,"parent":0,"menu_order":0,"comment_status":"closed","ping_status":"closed","template":"","meta":{"footnotes":""},"class_list":["post-1672","page","type-page","status-publish","hentry"],"_links":{"self":[{"href":"https:\/\/legiergroup.info\/af\/wp-json\/wp\/v2\/pages\/1672","targetHints":{"allow":["GET"]}}],"collection":[{"href":"https:\/\/legiergroup.info\/af\/wp-json\/wp\/v2\/pages"}],"about":[{"href":"https:\/\/legiergroup.info\/af\/wp-json\/wp\/v2\/types\/page"}],"author":[{"embeddable":true,"href":"https:\/\/legiergroup.info\/af\/wp-json\/wp\/v2\/users\/2"}],"replies":[{"embeddable":true,"href":"https:\/\/legiergroup.info\/af\/wp-json\/wp\/v2\/comments?post=1672"}],"version-history":[{"count":20,"href":"https:\/\/legiergroup.info\/af\/wp-json\/wp\/v2\/pages\/1672\/revisions"}],"predecessor-version":[{"id":1963,"href":"https:\/\/legiergroup.info\/af\/wp-json\/wp\/v2\/pages\/1672\/revisions\/1963"}],"wp:attachment":[{"href":"https:\/\/legiergroup.info\/af\/wp-json\/wp\/v2\/media?parent=1672"}],"curies":[{"name":"wp","href":"https:\/\/api.w.org\/{rel}","templated":true}]}}