{"id":1672,"date":"2025-10-06T14:49:25","date_gmt":"2025-10-06T14:49:25","guid":{"rendered":"https:\/\/legiergroup.info\/?page_id=1672"},"modified":"2025-10-23T12:20:25","modified_gmt":"2025-10-23T12:20:25","slug":"scandictrust","status":"publish","type":"page","link":"https:\/\/legiergroup.info\/bg\/scandictrust\/","title":{"rendered":"Scandic Trust"},"content":{"rendered":"<div data-elementor-type=\"wp-page\" data-elementor-id=\"1672\" class=\"elementor elementor-1672\" data-elementor-post-type=\"page\">\n\t\t\t\t<div class=\"elementor-element elementor-element-d2afe37 e-flex e-con-boxed e-con e-parent\" data-id=\"d2afe37\" data-element_type=\"container\" data-e-type=\"container\">\n\t\t\t\t\t<div class=\"e-con-inner\">\n\t\t\t\t<div class=\"elementor-element elementor-element-6990817 elementor-widget elementor-widget-text-editor\" data-id=\"6990817\" data-element_type=\"widget\" data-e-type=\"widget\" data-widget_type=\"text-editor.default\">\n\t\t\t\t\t\t\t\t\t<img decoding=\"async\" src=\"https:\/\/legiergroup.info\/wp-content\/uploads\/2025\/10\/scandictrust_by_legier.jpg\" alt=\"SCANDIC TRUST\" width=\"100%\" \/>\n<h1><\/h1>\n<h1>SCANDIC GROUP TRUST TOV: Partner f\u00fcr Verm\u00f6genssicherung und nachhaltiges Verm\u00e4chtnis<\/h1>\n<div><\/div>\nWillkommen bei\u00a0<strong>SCANDIC GROUP TRUST TOV<\/strong>, einer weltweit f\u00fchrenden Marke der renommierten\u00a0<strong>LEGIER GRUPPE<\/strong>\u00a0(Legier Beteiligungs mbH), einem diversifizierten internationalen Mischkonzern mit 30 Jahren Erfolgsgeschichte.\n\nAls Teil eines angesehenen Markenverbunds \u2013 neben\u00a0<strong>SCANDIC PAY<\/strong>,\u00a0<strong>SCANDIC COIN<\/strong>,\u00a0<strong>SCANDIC FLY<\/strong>,\u00a0<strong>SCANDIC YACHTS<\/strong>\u00a0\u0438\u00a0<strong>SCANDIC TRADE<\/strong>\u00a0\u2013 verk\u00f6rpert\u00a0<strong>SCANDIC TRUST<\/strong>\u00a0Vertrauen, Innovation und exzellente Expertise in der Sicherung von Verm\u00f6gen und der Gestaltung eines Verm\u00e4chtnisses, das Generationen \u00fcberdauert. Inspiriert von den weltweit Besten verbindet\u00a0<strong>SCANDIC TRUST<\/strong>\u00a0Kontinente \u00fcbergreifend finanzielle St\u00e4rke mit gesellschaftlicher Verantwortung und zukunftsorientierten L\u00f6sungen.\n<h2>Die Mission von SCANDIC TRUST: Verm\u00f6gen sch\u00fctzen und Vision verwirklichen<\/h2>\nBei\u00a0<strong>SCANDIC TRUST<\/strong>\u00a0geht es um mehr als nur Verm\u00f6gensverwaltung \u2013 wir schaffen die Grundlage f\u00fcr Ihre Ziele, Ihre Erfolge und eine nachhaltige Zukunft. Seit drei Jahrzehnten pr\u00e4gt die\u00a0<strong>LEGIER GRUPPE<\/strong>\u00a0globale Wirtschaftsbereiche wie Medien (mit 115 eigenen Tageszeitungen), Immobilien, Finanzen, Luxusdienstleistungen (Privat-Jet-Charter und Yacht-Charter) sowie digitale Innovationen.\u00a0<strong>SCANDIC TRUST<\/strong>\u00a0setzt dieses Erbe fort und bietet ma\u00dfgeschneiderte L\u00f6sungen f\u00fcr anspruchsvolle Privatpersonen, Familien und Unternehmen weltweit. Mit einer Pr\u00e4senz in \u00fcber 46 L\u00e4ndern nutzt\u00a0<strong>SCANDIC TRUST<\/strong>\u00a0das tiefe Verst\u00e4ndnis der internationalen M\u00e4rkte, um Verm\u00f6gen zu sch\u00fctzen und zu vermehren.\n\nUnsere Struktur orientiert sich an den Prinzipien klassisch historischer Trusts, welche durch zentrale Kontrolle und Ressourcenb\u00fcndelung Effizienz und Marktst\u00e4rke schafften. Doch\u00a0<strong>SCANDIC TRUST<\/strong>\u00a0geht weiter: Wir integrieren modernste Technologie, ethische Standards (wie unter anderem den Modern Slavery Act) sowie nachhaltige Ans\u00e4tze, um die Herausforderungen traditioneller Trusts \u2013 wie Monopolbildung oder rechtliche Risiken \u2013 zu meistern und gleichzeitig ihre Vorteile zu maximieren.\n<h2>SCANDIC GROUP TRUST TOV bietet: Ma\u00dfgeschneiderte L\u00f6sungen mit globaler Reichweite<\/h2>\nMit einem Team aus Experten, das lokale Kenntnisse mit globaler Perspektive vereint, bieten wir Ihnen:\n<ul>\n \t<li><strong>Individuelle Verm\u00f6gensstrategien:<\/strong>\u00a0Von Treuhandfonds bis zur Nachlassplanung entwickelt\u00a0<strong>SCANDIC TRUST<\/strong>\u00a0L\u00f6sungen, die Ihre pers\u00f6nlichen und finanziellen Ziele widerspiegeln.<\/li>\n \t<li><strong>Robuster Verm\u00f6gensschutz:<\/strong>\u00a0Durch solide rechtliche und finanzielle Strukturen sichern wir Ihr Verm\u00f6gen gegen Unw\u00e4gbarkeiten ab.<\/li>\n \t<li><strong>Globale Synergien:<\/strong>\u00a0Unsere Integration in das LEGIER-\u00d6kosystem erm\u00f6glicht nahtlosen Zugang zu einem Netzwerk innovativer Marken und Dienstleistungen.<\/li>\n<\/ul>\n<span style=\"font-weight: bolder;\">SCANDIC GROUP TRUST TOV<\/span>\u00a0verkn\u00fcpft hierbei finanzielle Ambitionen mit einem h\u00f6heren Zweck \u2013 sei es Nachhaltigkeit, Bildung oder sozialer Fortschritt.\n<h2>Das LEGIER-\u00d6kosystem: Ein Netzwerk f\u00fcr Erfolg<\/h2>\n<div><\/div>\n<span style=\"font-weight: bolder;\">SCANDIC GROUP TRUST TOV<\/span>\u00a0ist das Herzst\u00fcck eines einzigartigen \u00d6kosystems, das Ihren Lebensstil und Ihre Investitionen miteinander verbindet:\n<ul>\n \t<li><strong>LEGIER GRUPPE:<\/strong>\u00a0115 eigene Tageszeitungen auf allen Kontinenten, welche rund um die Uhr an sieben Tagen in der Woche \u00fcber Politik, Wirtschaft, Wissenschaft, Soziale &amp; Familie sowie Sport berichten.<\/li>\n \t<li><strong>SCANDIC COIN:<\/strong>\u00a0Eine Kryptow\u00e4hrung, die Immobilieninvestitionen revolutioniert.<\/li>\n \t<li><strong>SCANDIC PAY:<\/strong>\u00a0Innovative digitale Zahlungsl\u00f6sungen f\u00fcr maximale Flexibilit\u00e4t.<\/li>\n \t<li><strong>SCANDIC FLY &amp; SCANDIC YACHTS:<\/strong>\u00a0Luxusreisen mit der Sicherheit professioneller Verm\u00f6gensverwaltung.<\/li>\n \t<li><strong>SCANDIC TRADE:<\/strong>\u00a0Eine digitale Plattform f\u00fcr diversifizierte Portfolios.<\/li>\n \t<li><strong>SCANDIC ESTATE:<\/strong>\u00a0Immobilieninvestitionen, optimiert durch unsere nachhaltige Treuhandexpertise.<\/li>\n<\/ul>\n<div><\/div>\n<strong>SCANDIC TRUST<\/strong>\u00a0f\u00f6rdert die finanzielle Inklusion und unterst\u00fctzt zudem das Wohl von Kindern. Dazu nutzt\u00a0<span style=\"font-weight: bolder;\">SCANDIC GROUP TRUST TOV<\/span>\u00a0eigene Ressourcen, um Mehrwert f\u00fcr Kunden und die Gesellschaft zu schaffen.\n<h2>Die Kraft eines modernen Trusts<\/h2>\n<div><\/div>\nAls klassischer Trust b\u00fcndelt\u00a0<span style=\"font-weight: bolder;\">SCANDIC GROUP TRUST TOV<\/span>\u00a0Ressourcen, steigert Effizienz und st\u00e4rkt die Marktposition. Doch\u00a0<span style=\"font-weight: bolder;\">SCANDIC GROUP TRUST TOV<\/span>\u00a0geht hierbei \u00fcber historische Modelle hinaus:\n<ul>\n \t<li><strong>Effizienz und Innovation:<\/strong>\u00a0Durch zentrale Steuerung und modernste Technologie optimieren wir Ihre Verm\u00f6genswerte.<\/li>\n \t<li><strong>Ethik und Compliance:<\/strong>\u00a0Wir operieren transparent und im Einklang mit globalen Rechtsvorschriften.<\/li>\n \t<li><strong>Nachhaltigkeit:<\/strong>\u00a0Mit Forschungsarbeiten f\u00fcr das globale System setzt\u00a0<span style=\"font-weight: bolder;\">SCANDIC GROUP TRUST TOV<\/span>\u00a0zugleich auf langfristigen Nutzen f\u00fcr Mensch und Umwelt.<\/li>\n<\/ul>\n<div><\/div>\nWir vermeiden die Fallstricke traditioneller Trusts \u2013 wie Monopolrisiken oder mangelnde Innovation \u2013 und bieten stattdessen eine zukunftsorientierte Struktur, die Sicherheit und Wachstum vereint.\n<h2>Warum SCANDIC TRUST?<\/h2>\n<ul>\n \t<li><strong>Bew\u00e4hrte Expertise:<\/strong>\u00a0Fast 30 Jahre Erfolg der\u00a0<strong>LEGIER-Gruppe<\/strong>\u00a0stehen hinter uns.<\/li>\n \t<li><strong>Integrit\u00e4t:<\/strong>\u00a0Vertrauen und Transparenz sind unser Fundament.<\/li>\n \t<li><strong>Zukunftsorientiert:<\/strong>\u00a0Mit innovativen Tools gestalten wir die Finanzwelt von morgen.<\/li>\n \t<li><strong>Kundenfokus:<\/strong>\u00a0Ihre Vision treibt uns an \u2013 wir h\u00f6ren zu und \u00fcbertreffen Erwartungen.<\/li>\n<\/ul>\n<div><\/div>\n<h2>Ihr Verm\u00e4chtnis in sicheren H\u00e4nden<\/h2>\n<span style=\"font-weight: bolder;\">SCANDIC GROUP TRUST TOV<\/span>\u00a0ist nicht nur Partner f\u00fcr die Zukunft, sondern orientiert sich an der Verm\u00f6genssicherung f\u00fcr kommende Generationen mit nachhaltigen L\u00f6sungen. Mit der globalen St\u00e4rke der\u00a0<strong>LEGIER<\/strong>\u00a0und einem Engagement f\u00fcr Exzellenz gestalten wir Ihre finanzielle Zukunft.\n<h2>\u0421\u0432\u044a\u0440\u0436\u0435\u0442\u0435 \u0441\u0435 \u0441 \u043d\u0430\u0441<\/h2>\nBereit, den n\u00e4chsten Schritt zu gehen? Besuchen Sie unsere Website oder sprechen Sie mit unseren Experten f\u00fcr eine pers\u00f6nliche Beratung. Bei\u00a0<span style=\"font-weight: bolder;\">SCANDIC GROUP TRUST TOV<\/span>\u00a0trifft Verm\u00f6gen auf Weisheit \u2013 und Ihre Vision wird Wirklichkeit.\n\n<span style=\"font-weight: bolder;\">SCANDIC GROUP TRUST TOV<\/span>, ein Unternehmensbereich und Marke der LEGIER Beteiligungs mbH\n\n<b>LEGIER Beteiligungs mbH<\/b>\nMedia-Division\nKurfurstendamm 14\nDE 10719 Berlin\nBundesrepublik Deutschland\n<b>Telefon:<\/b>\u00a0+49 (0) 30 99211 &#8211; 3 469\n\nEmail:\u00a0<a href=\"mailto:Info@LegierGroup.com\" target=\"_blank\" rel=\"noopener noreferrer\">Info@LegierGroup.com<\/a>\n<h3>Aufsichtsbeh\u00f6rden:<\/h3>\n<ul>\n \t<li>Bundesanstalt f\u00fcr Finanzdienstleistungsaufsicht (BaFin), Marie-Curie-Str. 24-28, 60439 Frankfurt am Main (Bundesrepublik Deutschland),\u00a0<a href=\"https:\/\/www.bafin.de\/\" target=\"_blank\" rel=\"noopener noreferrer\">www.bafin.de<\/a><\/li>\n \t<li>Deutsche Bundesbank &#8211; Filiale Berlin, Leibnitzstra\u00dfe 10, 10625 Berlin (Bundesrepublik Deutschland),\u00a0<a href=\"https:\/\/www.bundesbank.de\/\" target=\"_blank\" rel=\"noopener noreferrer\">www.bundesbank.de<\/a><\/li>\n<\/ul>\t\t\t\t\t\t\t\t<\/div>\n\t\t\t\t\t<\/div>\n\t\t\t\t<\/div>\n\t\t\t\t<\/div>","protected":false},"excerpt":{"rendered":"<p>SCANDIC GROUP TRUST TOV: Partner f\u00fcr Verm\u00f6genssicherung und nachhaltiges Verm\u00e4chtnis Willkommen bei\u00a0SCANDIC GROUP TRUST TOV, einer weltweit f\u00fchrenden Marke der renommierten\u00a0LEGIER GRUPPE\u00a0(Legier Beteiligungs mbH), einem diversifizierten internationalen Mischkonzern mit 30 Jahren Erfolgsgeschichte. Als Teil eines angesehenen Markenverbunds \u2013 neben\u00a0SCANDIC PAY,\u00a0SCANDIC COIN,\u00a0SCANDIC FLY,\u00a0SCANDIC YACHTS\u00a0und\u00a0SCANDIC TRADE\u00a0\u2013 verk\u00f6rpert\u00a0SCANDIC TRUST\u00a0Vertrauen, Innovation und exzellente Expertise in der Sicherung von Verm\u00f6gen [&hellip;]<\/p>\n","protected":false},"author":2,"featured_media":0,"parent":0,"menu_order":0,"comment_status":"closed","ping_status":"closed","template":"","meta":{"footnotes":""},"class_list":["post-1672","page","type-page","status-publish","hentry"],"_links":{"self":[{"href":"https:\/\/legiergroup.info\/bg\/wp-json\/wp\/v2\/pages\/1672","targetHints":{"allow":["GET"]}}],"collection":[{"href":"https:\/\/legiergroup.info\/bg\/wp-json\/wp\/v2\/pages"}],"about":[{"href":"https:\/\/legiergroup.info\/bg\/wp-json\/wp\/v2\/types\/page"}],"author":[{"embeddable":true,"href":"https:\/\/legiergroup.info\/bg\/wp-json\/wp\/v2\/users\/2"}],"replies":[{"embeddable":true,"href":"https:\/\/legiergroup.info\/bg\/wp-json\/wp\/v2\/comments?post=1672"}],"version-history":[{"count":20,"href":"https:\/\/legiergroup.info\/bg\/wp-json\/wp\/v2\/pages\/1672\/revisions"}],"predecessor-version":[{"id":1963,"href":"https:\/\/legiergroup.info\/bg\/wp-json\/wp\/v2\/pages\/1672\/revisions\/1963"}],"wp:attachment":[{"href":"https:\/\/legiergroup.info\/bg\/wp-json\/wp\/v2\/media?parent=1672"}],"curies":[{"name":"wp","href":"https:\/\/api.w.org\/{rel}","templated":true}]}}