{"id":739,"date":"2025-09-17T01:18:35","date_gmt":"2025-09-17T01:18:35","guid":{"rendered":"https:\/\/legiergroup.info\/?page_id=739"},"modified":"2025-10-21T13:34:50","modified_gmt":"2025-10-21T13:34:50","slug":"digitale-dienste","status":"publish","type":"page","link":"https:\/\/legiergroup.info\/bn\/digitale-dienste\/","title":{"rendered":"\u09a1\u09bf\u099c\u09bf\u099f\u09be\u09b2 \u09aa\u09b0\u09bf\u09b7\u09c7\u09ac\u09be"},"content":{"rendered":"<div data-elementor-type=\"wp-page\" data-elementor-id=\"739\" class=\"elementor elementor-739\" data-elementor-post-type=\"page\">\n\t\t\t\t<div class=\"elementor-element elementor-element-1fb85b1 e-flex e-con-boxed e-con e-parent\" data-id=\"1fb85b1\" data-element_type=\"container\" data-e-type=\"container\">\n\t\t\t\t\t<div class=\"e-con-inner\">\n\t\t\t\t<div class=\"elementor-element elementor-element-7c9f8db elementor-widget elementor-widget-text-editor\" data-id=\"7c9f8db\" data-element_type=\"widget\" data-e-type=\"widget\" data-widget_type=\"text-editor.default\">\n\t\t\t\t\t\t\t\t\t<h1>Gesetz \u00fcber digitale Dienste (\u201eDSA\u201c)<\/h1><div><br><\/div>\n<p>Soweit ScandicEstate, ScandicPay, ScandicYachts, ScandicFly, ScandicTrade und ScandicTrust als Marken im Verbund der LEGIER Beteiligungs mbH (\u201ewir\u201c, \u201euns\u201c, \u201eunser(e)\u201c) auf dieser Website Vermittlungsdienste im Sinne von Art. 3 lit. g) DSA anbieten, gelten f\u00fcr diese die folgenden Informationen:<\/p><p><br><\/p>\n<h2>Zentrale Kontaktstelle<\/h2>\n<p><br><\/p><p>Unsere zentrale Kontaktstelle f\u00fcr die Beh\u00f6rden der Mitgliedstaaten, die Kommission und das in Art. 61 DSA genannte Gremium (Art. 11 Abs. 1 DSA) sowie f\u00fcr Nutzer unserer Dienste (Art. 12 Abs. 1 DSA) ist:<\/p><p><br><\/p>\n<p>LEGIER Beteiligungsgesellschaft mbH<br>Kurfurstendamm 14<br>DE 10719 Berlin (Bundesrepublik Deutschland)<br>Telefon: +49 (0) 30 99211 &#8211; 3 469<br>Handelsregister Berlin-Charlottenburg (Bundesrepublik Deutschland) HRB 57837<br>Umsatzsteuer-ID: DE 413445833<br>E-Mail: DSA@LegierGroup.com<\/p><p><br><\/p>\n<p>Sie k\u00f6nnen mit uns in deutscher Sprache sowie zus\u00e4tzlich in englischer Sprache kommunizieren.<\/p><p><br><\/p>\n<h2>Transparenzberichte<\/h2><div><br><\/div>\n<p>Nach Art. 15 Abs. 1 DSA sind wir verpflichtet, einmal j\u00e4hrlich Transparenzberichte \u00fcber von uns durchgef\u00fchrte Moderationen von Inhalten zu ver\u00f6ffentlichen. Diese Berichte werden ordnungsgem\u00e4\u00df nach Ablauf des laufenden Gesch\u00e4ftsjahres erstellt und auf unserer Website verf\u00fcgbar gemacht. F\u00fcr jede Marke (ScandicEstate, ScandicPay, ScandicYachts, ScandicFly, ScandicTrade und ScandicTrust), die eine separate Online-Plattform betreibt, werden individuelle Berichte bereitgestellt.<\/p><p><br><\/p>\n<h2>Meldung rechtswidriger Inhalte<\/h2><div><br><\/div>\n<p>Gem\u00e4\u00df Art. 16 DSA haben Personen und Einrichtungen die M\u00f6glichkeit, Informationen zu aus ihrer Sicht rechtswidrigen Inhalten in unseren Hostingdiensten auf dieser Website \u2013 einschlie\u00dflich der Online-Plattformen ScandicEstate, ScandicPay, ScandicYachts, ScandicFly, ScandicTrade und ScandicTrust \u2013 zu melden. Dies k\u00f6nnen Sie per E-Mail an DSA@LegierGroup.com tun.<\/p>\n<p>Wenn Sie eine solche Meldung abgeben m\u00f6chten, geben Sie bitte folgende Punkte an:<\/p><p><br><\/p>\n<ul>\n<li>Eine hinreichend begr\u00fcndete Erl\u00e4uterung, warum Sie die fraglichen Informationen als rechtswidrige Inhalte ansehen;<\/li>\n<li>Eine eindeutige Angabe des genauen elektronischen Speicherorts dieser Informationen, etwa die pr\u00e4zise URL-Adresse(n), oder, soweit erforderlich, weitere zweckdienliche Angaben zur Ermittlung der rechtswidrigen Inhalte;<\/li>\n<li>Ihren Namen und Ihre E-Mail-Adresse (au\u00dfer bei Meldungen zu Straftaten im Zusammenhang mit sexuellem Missbrauch, sexueller Ausbeutung, Kinderpornografie, Kontaktaufnahme zu Kindern f\u00fcr sexuelle Zwecke oder Anstiftung, Beihilfe oder Versuch zu solchen Straftaten). In diesen F\u00e4llen k\u00f6nnen Sie anonym melden und uns telefonisch unter +49 (0) 30 99211 &#8211; 3 469 kontaktieren;<\/li>\n<li>Eine Erkl\u00e4rung, dass Sie in gutem Glauben davon \u00fcberzeugt sind, dass Ihre Angaben und Anf\u00fchrungen richtig und vollst\u00e4ndig sind.<\/li>\n<\/ul>\n<p>Wir bearbeiten alle Meldungen zeitnah, sorgf\u00e4ltig, frei von Willk\u00fcr und objektiv. Sie erhalten unverz\u00fcglich unsere Entscheidung sowie Hinweise auf m\u00f6gliche Rechtsbehelfe.<\/p><p><br><\/p>\n<h2>Online-Plattformen<\/h2><div><br><\/div>\n<p>Die nachfolgenden Informationen zu unserem internen Beschwerdemanagementsystem (Art. 20 DSA), au\u00dfergerichtlichen Streitbeilegungsm\u00f6glichkeiten (Art. 21 DSA), Ma\u00dfnahmen und Schutz vor missbr\u00e4uchlicher Verwendung (Art. 23 DSA) sowie dem Einholen von Selbstbescheinigungen (Art. 30 Abs. 1 lit. e) DSA) betreffen ausschlie\u00dflich Nutzer von Diensten von ScandicEstate, ScandicPay, ScandicYachts, ScandicFly, ScandicTrade und ScandicTrust, bei denen es sich um \u201eOnline-Plattformen\u201c im Sinne des DSA handelt.<\/p>\n<p>Wir k\u00f6nnen einschr\u00e4nkende Entscheidungen bez\u00fcglich der Inhalte oder Konten von Nutzern unserer Vermittlungsdienste treffen, wenn wir der Ansicht sind, dass Nutzer gegen das Gesetz oder unsere Allgemeinen Gesch\u00e4fts- und Nutzungsbedingungen (\u201eBedingungen\u201c) versto\u00dfen. Beispiele solcher Entscheidungen sind:<\/p><p><br><\/p>\n<ol>\n<li>Einschr\u00e4nkung oder Sperrung der Sichtbarkeit von Nutzerinhalten;<\/li>\n<li>Vollst\u00e4ndige oder teilweise Aussetzung oder Beendigung unserer Dienste gegen\u00fcber Nutzern;<\/li>\n<li>Aussetzung oder Schlie\u00dfung eines Nutzerkontos;<\/li>\n<li>Einschr\u00e4nkung von Monetarisierungsm\u00f6glichkeiten f\u00fcr Nutzerinhalte;<\/li>\n<li>Verweigerung der Nutzung unserer Online-Marktpl\u00e4tze f\u00fcr Unternehmer, die wir nicht gem\u00e4\u00df DSA identifizieren k\u00f6nnen.<\/li><li><br><\/li>\n<\/ol>\n<p>Wir k\u00f6nnen auch entscheiden, auf eine Meldung \u00fcber potenziell illegale oder gegen unsere Bedingungen versto\u00dfende Inhalte nicht zu reagieren.<\/p><p><br><\/p>\n<h3>Internes Beschwerdemanagementsystem<\/h3><div><br><\/div>\n<p>Sollten Nutzer mit einer solchen Entscheidung nicht einverstanden sein, k\u00f6nnen sie \u00fcber unser internes Beschwerdemanagementsystem gem\u00e4\u00df Art. 20 DSA kostenlos Beschwerde einlegen. Beschwerden sind innerhalb von 6 Monaten nach Zugang der Entscheidung per E-Mail an DSA@LegierGroup.com m\u00f6glich. Bei Bedarf k\u00f6nnen Beschwerdef\u00fchrer f\u00fcr weitere Informationen kontaktiert werden. Beschwerden werden zeitnah, diskriminierungsfrei, sorgf\u00e4ltig und unter Aufsicht qualifizierten Personals bearbeitet. Die Entscheidung wird Ihnen unverz\u00fcglich mitgeteilt.<\/p><p><br><\/p>\n<h3>Au\u00dfergerichtliche Streitbeilegung<\/h3><div><br><\/div>\n<p>Zur Beilegung von Streitigkeiten im Zusammenhang mit Entscheidungen aus unserem internen Beschwerdemanagementsystem besteht die M\u00f6glichkeit einer au\u00dfergerichtlichen Streitbeilegung vor einer zugelassenen Stelle gem\u00e4\u00df Art. 21 DSA. Diese Stellen sind unparteiische, unabh\u00e4ngige Einrichtungen, die von EU-Mitgliedstaaten zugelassen sind und \u00fcber das n\u00f6tige Fachwissen verf\u00fcgen. Wir arbeiten im Rahmen der gesetzlichen Anforderungen mit diesen Stellen zusammen, sind jedoch nicht an deren Entscheidungen gebunden. Weitere Details werden Ihnen bei beschwerdef\u00e4higen Entscheidungen mitgeteilt. Ihre Rechte, Anspr\u00fcche gerichtlich geltend zu machen, bleiben unber\u00fchrt.<\/p><p><br><\/p>\n<h3>Ma\u00dfnahmen und Schutz vor Missbrauch<\/h3><div><br><\/div>\n<p>Gem\u00e4\u00df Art. 23 DSA setzen wir unsere Dienste f\u00fcr Nutzer, die h\u00e4ufig offensichtlich rechtswidrige Inhalte bereitstellen, nach vorheriger Warnung f\u00fcr einen angemessenen Zeitraum aus. Ebenso setzen wir die Bearbeitung von Meldungen und Beschwerden von Personen oder Stellen aus, die h\u00e4ufig offensichtlich unbegr\u00fcndete Meldungen oder Beschwerden einreichen. Bei der Entscheidung \u00fcber eine Aussetzung bewerten wir jeden Fall zeitnah, sorgf\u00e4ltig und objektiv unter Ber\u00fccksichtigung aller relevanten Tatsachen, insbesondere:<\/p><p><br><\/p>\n<ul>\n<li>Die absolute Anzahl der offensichtlich rechtswidrigen Inhalte innerhalb eines bestimmten Zeitraums;<\/li>\n<li>Deren relativer Anteil an der Gesamtzahl der bereitgestellten Informationen oder Meldungen;<\/li>\n<li>Die Schwere der Missbrauchsf\u00e4lle, einschlie\u00dflich der Art der Inhalte und deren Folgen;<\/li>\n<li>Die Absichten des Nutzers oder Beschwerdef\u00fchrers, soweit diese erkennbar sind.<\/li>\n<\/ul>\n<p><strong>Hinweis:<\/strong>&nbsp;Die angegebenen E-Mail-Adressen und Telefonnummern sind Platzhalter und sollten durch die tats\u00e4chlichen Kontaktdaten der LEGIER Beteiligungs mbH ersetzt werden. Transparenzberichte sollten f\u00fcr jede Marke individuell angepasst werden, sofern diese separate Online-Plattformen betreiben.<\/p><p><br><\/p>\n<p>Weitere Informationen: Details zu den DSA-Vorschriften finden Sie unter&nbsp;<a href=\"https:\/\/gesetz-digitale-dienste.de\/dsa\/\" target=\"_blank\" rel=\"noopener noreferrer\">https:\/\/gesetz-digitale-dienste.de\/dsa\/<\/a>.<\/p>\t\t\t\t\t\t\t\t<\/div>\n\t\t\t\t\t<\/div>\n\t\t\t\t<\/div>\n\t\t\t\t<\/div>","protected":false},"excerpt":{"rendered":"<p>Gesetz \u00fcber digitale Dienste (\u201eDSA\u201c) Soweit ScandicEstate, ScandicPay, ScandicYachts, ScandicFly, ScandicTrade und ScandicTrust als Marken im Verbund der LEGIER Beteiligungs mbH (\u201ewir\u201c, \u201euns\u201c, \u201eunser(e)\u201c) auf dieser Website Vermittlungsdienste im Sinne von Art. 3 lit. g) DSA anbieten, gelten f\u00fcr diese die folgenden Informationen: Zentrale Kontaktstelle Unsere zentrale Kontaktstelle f\u00fcr die Beh\u00f6rden der Mitgliedstaaten, die Kommission [&hellip;]<\/p>\n","protected":false},"author":1,"featured_media":0,"parent":0,"menu_order":0,"comment_status":"closed","ping_status":"closed","template":"","meta":{"footnotes":""},"class_list":["post-739","page","type-page","status-publish","hentry"],"_links":{"self":[{"href":"https:\/\/legiergroup.info\/bn\/wp-json\/wp\/v2\/pages\/739","targetHints":{"allow":["GET"]}}],"collection":[{"href":"https:\/\/legiergroup.info\/bn\/wp-json\/wp\/v2\/pages"}],"about":[{"href":"https:\/\/legiergroup.info\/bn\/wp-json\/wp\/v2\/types\/page"}],"author":[{"embeddable":true,"href":"https:\/\/legiergroup.info\/bn\/wp-json\/wp\/v2\/users\/1"}],"replies":[{"embeddable":true,"href":"https:\/\/legiergroup.info\/bn\/wp-json\/wp\/v2\/comments?post=739"}],"version-history":[{"count":11,"href":"https:\/\/legiergroup.info\/bn\/wp-json\/wp\/v2\/pages\/739\/revisions"}],"predecessor-version":[{"id":1804,"href":"https:\/\/legiergroup.info\/bn\/wp-json\/wp\/v2\/pages\/739\/revisions\/1804"}],"wp:attachment":[{"href":"https:\/\/legiergroup.info\/bn\/wp-json\/wp\/v2\/media?parent=739"}],"curies":[{"name":"wp","href":"https:\/\/api.w.org\/{rel}","templated":true}]}}