{"id":772,"date":"2025-09-17T01:31:20","date_gmt":"2025-09-17T01:31:20","guid":{"rendered":"https:\/\/legiergroup.info\/?page_id=772"},"modified":"2025-10-23T11:55:44","modified_gmt":"2025-10-23T11:55:44","slug":"scandic-automobili","status":"publish","type":"page","link":"https:\/\/legiergroup.info\/bs\/scandic-cars\/","title":{"rendered":"Scandic Cars"},"content":{"rendered":"<div data-elementor-type=\"wp-page\" data-elementor-id=\"772\" class=\"elementor elementor-772\" data-elementor-post-type=\"page\">\n\t\t\t\t<div class=\"elementor-element elementor-element-0cafc05 e-flex e-con-boxed e-con e-parent\" data-id=\"0cafc05\" data-element_type=\"container\" data-e-type=\"container\">\n\t\t\t\t\t<div class=\"e-con-inner\">\n\t\t\t\t<div class=\"elementor-element elementor-element-f095092 elementor-widget elementor-widget-text-editor\" data-id=\"f095092\" data-element_type=\"widget\" data-e-type=\"widget\" data-widget_type=\"text-editor.default\">\n\t\t\t\t\t\t\t\t\t<img decoding=\"async\" class=\"mt-2 mb-2\" src=\"https:\/\/legiergroup.info\/wp-content\/uploads\/2025\/10\/scandiccars_by_legier.jpg\" width=\"100%\" \/>\n<h1>SCANDIC CARS: Redefinirana luksuzna mobilnost<\/h1>\nDobrodo\u0161li u ScandicCars, vode\u0107i globalni brend renomirane LEGIER GRUPE. LEGIER GRUPA je diverzificirani me\u0111unarodni konglomerat s 30-godi\u0161njom historijom uspjeha i vlasnik 115 dnevnih novina koje objavljuju aktualne vijesti 24 sata dnevno na svim kontinentima. Kao \u010dlan ekskluzivne mre\u017ee brenda SCANDIC, nudimo mnogo vi\u0161e od pukog najma vozila. ScandicCars je va\u0161 klju\u010d za stil \u017eivota pun\u00a0<strong>luksuz<\/strong>,\u00a0<strong>inovacija<\/strong>\u00a0i\u00a0<strong>ekskluzivna usluga<\/strong>.\n\nOb anspruchsvolle Privatkunden oder Unternehmen mit h\u00f6chsten Anspr\u00fcchen \u2013 wir schaffen ma\u00dfgeschneiderte Mobilit\u00e4tsl\u00f6sungen. Unser Versprechen: unvergleichlicher Komfort, h\u00f6chste Flexibilit\u00e4t und ein unerm\u00fcdliches Streben nach Perfektion. Wir erf\u00fcllen Ihre Erwartungen nicht nur \u2013 wir \u00fcbertreffen sie.\n<h2>Na\u0161a filozofija: Pokretanje kulture s izvrsno\u0161\u0107u<\/h2>\nF\u00fcr uns ist ein Automobil nicht blo\u00df ein Transportmittel, sondern Ausdruck von Stil, Sicherheit und individueller Freiheit. Es geht nicht nur darum, von A nach B zu kommen \u2013 sondern wie Sie dort ankommen.\n\nEntsprechend gestalten wir jedes Detail Ihrer Anmietung nach Ihren W\u00fcnschen. Wir verbinden klassische Werte wie\u00a0<strong>Povjerenje<\/strong>\u00a0i\u00a0<strong>diskrecija<\/strong>\u00a0s modernom tehnologijom, stvaraju\u0107i ponudu koja je istovremeno profesionalna i luksuzna. Stvarate slobodu da vozite ta\u010dno ono \u0161to \u017eelite, ta\u010dno kada \u017eelite \u2013 bez obaveza posjedovanja vlastitog luksuznog vozila. Za\u0161to posjedovati vlastiti presti\u017eni automobil kada vam ScandicCars mo\u017ee pru\u017eiti vozilo iz snova kad god vam zatreba?\n<h2>Na\u0161 vozni park: Ikone automobilskog svijeta<\/h2>\nNa\u0161a ekskluzivna flota uklju\u010duje najpo\u017eeljnije modele u automobilskom svijetu - svaki od njih je simbol in\u017eenjerske izvrsnosti, performansi i elegancije. Nudimo vozila za sva\u010diji ukus:\n<ul>\n \t<li>Harman SF50 Stradale \u2013 supersportski automobil koji postavlja nove standarde<\/li>\n \t<li>Lamborghini Urus (Special Edition) \u2013 impresivne performanse<\/li>\n \t<li>Rolls-Royce Cullinan II SUV \u2013 veli\u010danstvena elegancija<\/li>\n \t<li>Porsche 911 Carrera Cabriolet \u2013 \u010disto zadovoljstvo vo\u017enje za ljubitelje sportskih automobila s otvorenim krovom<\/li>\n \t<li>Audi RS e-tron GT i BMW i70\/i50 \u2013 najsavremeniji elektri\u010dni pogon s dinamikom Gran Turisma<\/li>\n \t<li>Audi SQ7 i RSQ8 Performance \u2013 sportski duh s velikodu\u0161nim prostorom<\/li>\n \t<li>Mercedes-AMG GT 63 SE Performance \u2013 brutalna snaga V8 hibrida<\/li>\n \t<li>Mercedes-AMG SL 63 kabriolet \u2013 otvorena elegancija<\/li>\n \t<li>BMW M8 Competition Gran Coup\u00e9 \u2013 Spoj luksuza i sportskog duha<\/li>\n \t<li>Rolls-Royce Spectre i Rolls-Royce Phantom Series II Extended za 2025. godinu \u2013 elektri\u010dne i klasi\u010dne luksuzne ikone<\/li>\n<\/ul>\n<h2>Grupa brenda SCANDIC<\/h2>\nKao dio presti\u017ene mre\u017ee LEGIER GRUPPE, nudimo vam nesmetan pristup jedinstvenom portfoliju inovativnih brendova i usluga:\n<ul>\n \t<li><strong>ScandicFly<\/strong>Ekskluzivni najam privatnih aviona za najvi\u0161e zahtjeve<\/li>\n \t<li><strong>ScandicYachts<\/strong>Luksuzne jahte za ekskluzivna iskustva na vodi<\/li>\n \t<li><strong>ScandicEstate<\/strong>Prvoklasne nekretnine \u0161irom svijeta \u2013 od vila na Azurnoj obali do penthausa u Dubaiju<\/li>\n \t<li><strong>ScandicPay<\/strong>Inovativna rje\u0161enja za pla\u0107anje za brze, sigurne i globalne transakcije<\/li>\n \t<li><strong>ScandicTrgovina<\/strong>Kriptovaluta ScandicCoin i digitalna investicijska platforma za investicijske prilike osigurane za budu\u0107nost<\/li>\n<\/ul>\n<h2>Va\u0161e iskustvo vo\u017enje, na\u0161a vo\u017enja<\/h2>\nScandicCars ist mehr als eine Luxusautovermietung \u2013 wir verstehen uns als Ihr Partner f\u00fcr exklusive Mobilit\u00e4t. Durch die Integration in ein hochkar\u00e4tiges Markennetzwerk bieten wir Dienstleistungen, die weit \u00fcber das \u00dcbliche hinausgehen.\n\nGanz gleich, ob Sie einen adrenaligeladenen Supercar-Trip planen, VIP-G\u00e4ste stilvoll chauffieren lassen m\u00f6chten oder als Unternehmen einen zuverl\u00e4ssigen Mobilit\u00e4tspartner f\u00fcr Events und Gesch\u00e4ftsreisen suchen \u2013 wir stehen an Ihrer Seite. Jede Anfrage, ob spontan \u00fcber unser mobiles Buchungssystem oder langfristig geplant, wird mit der gleichen Sorgfalt und Professionalit\u00e4t bearbeitet.\n\nErleben Sie mit ScandicCars die Faszination automobiler H\u00f6chstleistungen und unbegrenzten Luxus auf R\u00e4dern, unterst\u00fctzt von einem Netzwerk, das jeden Aspekt Ihres Lebensstils veredelt. Kontaktieren Sie uns noch heute und entdecken Sie, wie ScandicCars Ihr n\u00e4chstes Fahrerlebnis unvergesslich machen wird \u2013 denn\u00a0<strong>Izvrsnost<\/strong>\u00a0je na\u0161\t\t\t\t\t\t\t\t<\/div>\n\t\t\t\t\t<\/div>\n\t\t\t\t<\/div>\n\t\t\t\t<\/div>","protected":false},"excerpt":{"rendered":"<p>SCANDIC CARS: Luxuri\u00f6se Mobilit\u00e4t neu definiert Willkommen bei ScandicCars, einer weltweit f\u00fchrenden Marke der renommierten LEGIER GRUPPE. Die LEGIER GRUPPE ist ein diversifizierter internationaler Mischkonzern mit 30 Jahren Erfolgsgeschichte und Inhaberin von 115 Tageszeitungen, die weltweit auf allen Kontinenten rund um die Uhr aktuelle Nachrichten publizieren. Als Mitglied des exklusiven SCANDIC Markenverbunds bieten wir weit [&hellip;]<\/p>\n","protected":false},"author":1,"featured_media":0,"parent":0,"menu_order":0,"comment_status":"closed","ping_status":"closed","template":"","meta":{"footnotes":""},"class_list":["post-772","page","type-page","status-publish","hentry"],"_links":{"self":[{"href":"https:\/\/legiergroup.info\/bs\/wp-json\/wp\/v2\/pages\/772","targetHints":{"allow":["GET"]}}],"collection":[{"href":"https:\/\/legiergroup.info\/bs\/wp-json\/wp\/v2\/pages"}],"about":[{"href":"https:\/\/legiergroup.info\/bs\/wp-json\/wp\/v2\/types\/page"}],"author":[{"embeddable":true,"href":"https:\/\/legiergroup.info\/bs\/wp-json\/wp\/v2\/users\/1"}],"replies":[{"embeddable":true,"href":"https:\/\/legiergroup.info\/bs\/wp-json\/wp\/v2\/comments?post=772"}],"version-history":[{"count":11,"href":"https:\/\/legiergroup.info\/bs\/wp-json\/wp\/v2\/pages\/772\/revisions"}],"predecessor-version":[{"id":1936,"href":"https:\/\/legiergroup.info\/bs\/wp-json\/wp\/v2\/pages\/772\/revisions\/1936"}],"wp:attachment":[{"href":"https:\/\/legiergroup.info\/bs\/wp-json\/wp\/v2\/media?parent=772"}],"curies":[{"name":"wp","href":"https:\/\/api.w.org\/{rel}","templated":true}]}}