{"id":676,"date":"2025-09-17T00:49:53","date_gmt":"2025-09-17T00:49:53","guid":{"rendered":"https:\/\/legiergroup.info\/?page_id=676"},"modified":"2025-10-21T13:36:05","modified_gmt":"2025-10-21T13:36:05","slug":"aftryk","status":"publish","type":"page","link":"https:\/\/legiergroup.info\/da\/impressum\/","title":{"rendered":"P\u00e5tryk"},"content":{"rendered":"<div data-elementor-type=\"wp-page\" data-elementor-id=\"676\" class=\"elementor elementor-676\" data-elementor-post-type=\"page\">\n\t\t\t\t<div class=\"elementor-element elementor-element-c99a412 e-flex e-con-boxed e-con e-parent\" data-id=\"c99a412\" data-element_type=\"container\" data-e-type=\"container\">\n\t\t\t\t\t<div class=\"e-con-inner\">\n\t\t\t\t<div class=\"elementor-element elementor-element-969ede6 elementor-widget elementor-widget-text-editor\" data-id=\"969ede6\" data-element_type=\"widget\" data-e-type=\"widget\" data-widget_type=\"text-editor.default\">\n\t\t\t\t\t\t\t\t\t<h1>P\u00e5tryk<\/h1>\n<h2>Udbyder\/udgiver i henhold til \u00a7 18 MStV (Forbundsrepublikken Tysklands mediestatsaftale) og \u00a7 5 DDG (Forbundsrepublikken Tysklands lov om digitale tjenester)<\/h2>\n<p>En afdeling af Media Division of the<br><strong>LEGIER Beteiligungs mbH<\/strong><br>Kurfurstendamm 14<br>DE 10719 Berlin (Forbundsrepublikken Tyskland)<br>Telefon: +49 (0) 30 99211 - 3 469<br>e-mail:&nbsp;<a href=\"mailto:info@LegierGroup.com\" target=\"_blank\" rel=\"noopener noreferrer\">info@LegierGroup.com<\/a><br>Handelsregister Berlin-Charlottenburg HRB 57837<br>(Forbundsrepublikken Tyskland)<br>Salgsafgifts-ID: DE 413445833<\/p>\n<h2>Identifikation af ansvarlig udbyder i henhold til \u00a7 5 i lov om digitale tjenester (DDG) - tidligere lov om telemedier (TMG)<\/h2>\n<p>Hvis det er n\u00f8dvendigt, bedes du udelukkende sende din e-mail til:&nbsp;<a href=\"mailto:info@LegierGroup.com\" target=\"_blank\" rel=\"noopener noreferrer\">info@LegierGroup.com&nbsp;<\/a>. Din e-mail vil blive sendt til den ansvarlige afdeling via vores datacenter i IronMountain (&nbsp;<a href=\"https:\/\/www.ironmountain.com\/data-centers\" target=\"_blank\" rel=\"noopener noreferrer\">https:\/\/www.IronMountain.com\/data-centers&nbsp;<\/a>) og besvares af vores medarbejdere afh\u00e6ngigt af emneomr\u00e5det. Alle dagblade og medier i LEGIER Beteiligungs mbH, i det f\u00f8lgende ben\u00e6vnt \u201eLEGIER MEDIENGRUPPE\u201c, er beskyttet d\u00f8gnet rundt af selvl\u00e6rende AI- og cybersikkerhedsl\u00f8sninger fra DARKTRACE (&nbsp;<a href=\"https:\/\/darktrace.com\/\" target=\"_blank\" rel=\"noopener noreferrer\">https:\/\/DarkTrace.com&nbsp;<\/a>) sikret.<\/p>\n<h2>Tilsynsmyndighed<\/h2>\n<p>Tilsynsmyndighed med ansvar for journalistisk-redaktionelt indhold:<br>Berlin-Brandenburgs statslige mediemyndighed (mabb)<br>Kleine Pr\u00e4sidentenstra\u00dfe 1<br>10178 Berlin (Forbundsrepublikken Tyskland)<\/p>\n<h2>Juridisk grundlag<\/h2>\n<ul>\n<li><strong>Lov om digitale tjenester (DDG):&nbsp;<\/strong>Regler for udbydere af telemedier, is\u00e6r forpligtelser til udbyderm\u00e6rkning, ansvarsregler og krav om gennemsigtighed.<\/li>\n<li><strong>Statslig medietraktat (MStV):&nbsp;<\/strong>Regulerer kravene til radio- og tv-spredning og telemedier i Tyskland, is\u00e6r med hensyn til ansvar for indhold.<\/li>\n<li><strong>Traktat om mellemstatslig radio- og tv-virksomhed (RStV):&nbsp;<\/strong>Indeholder bestemmelser om radio- og tv-spredning og telemedier.<\/li>\n<\/ul>\n<h2>Ansvar for indhold<\/h2>\n<p>I henhold til \u00a7\u00a7 8 til 10 DDG er vi som tjenesteudbyder ikke forpligtet til konstant at overv\u00e5ge transmitterede eller lagrede tredjepartsoplysninger eller til at unders\u00f8ge ulovlige aktiviteter. Forpligtelser til at fjerne eller blokere brugen af oplysninger i overensstemmelse med generelle love forbliver up\u00e5virket af dette. Ansvar er kun muligt fra tidspunktet for kendskab til en specifik overtr\u00e6delse. Hvis vi bliver opm\u00e6rksomme p\u00e5 s\u00e5danne overtr\u00e6delser, vil vi straks fjerne det p\u00e5g\u00e6ldende indhold. Juridisk sted er Berlin (DE).<\/p>\n<h2>Databeskyttelse og ADV-kontrakt<\/h2>\n<p>\u201eLEGIER MEDIENGRUPPE\u201c har indg\u00e5et en ADV-kontrakt (kontrakt om behandling af ordredata) i overensstemmelse med bestemmelserne i EU's generelle databeskyttelsesforordning (GDPR) og den tyske f\u00f8derale databeskyttelseslov (BDSG). Dette opfylder kravene til beskyttelse af personoplysninger (f.eks. artikel 17 i EU's databeskyttelsesdirektiv, artikel 28 i GDPR). ADV-kontrakten omfatter i overensstemmelse med artikel 28 i GDPR:<\/p>\n<ul>\n<li>Hvem er ansvarlig for databehandlingen?<\/li>\n<li>Hvad er form\u00e5let med og varigheden af behandlingen?<\/li>\n<li>Hvad er karakteren af behandlingen, og med hvilket form\u00e5l finder den sted?<\/li>\n<li>Hvad er karakteren af personoplysningerne og kategorierne af registrerede?<\/li>\n<li>Hvad er omfanget af bemyndigelsen til at udstede instruktioner?<\/li>\n<li>I hvilket omfang har databehandleren pligt til at informere, hvis en instruktion er i strid med databeskyttelsesloven?<\/li>\n<li>Hvad er den ansvarlige persons forpligtelser og rettigheder?<\/li>\n<\/ul>\n<h2>Presselove og pressefrihed<\/h2>\n<p>\u201eLEGIER MEDIENGRUPPE\u201c og alle tilknyttede dagblade og medier overholder de g\u00e6ldende presselove, is\u00e6r Berlins presselov af 15. juni 1965. Pressefrihed er garanteret i artikel 5, stk. 1, s\u00e6tning 2, i den tyske grundlov (GG). Pressen er fri og tjener den frie og demokratiske grundorden. Begr\u00e6nsninger af pressefriheden er kun tilladt i henhold til grundloven og de love, der er baseret p\u00e5 den.<\/p>\n<h2>Pressens opgaver i henhold til Berlins presselov (\u00a7 3)<\/h2>\n<p>Pressen udfylder en offentlig funktion ved at indsamle og formidle nyheder, tage stilling, kritisere og bidrage til meningsdannelsen. Disse regler g\u00e6lder p\u00e5 landsplan i alle Tysklands 16 delstater.<\/p>\n<h2>Journalistisk ret til at n\u00e6gte at vidne og forbud mod konfiskation<\/h2>\n<p>I straffesager har journalister en s\u00e6rlig ret til at n\u00e6gte at udtale sig (\u00a7 53, stk. 1, nr. 5 i retsplejeloven). Der er ogs\u00e5 forbud mod konfiskation af journalistisk materiale (\u00a7 97 (5) i strafferetsplejeloven). Begr\u00e6nsninger er kun tilladt, hvis en dommer beordrer dem efter en n\u00f8je afvejning af pressefriheden.<\/p>\n<h2>Rapportering og gr\u00e6nserne for kritik<\/h2>\n<p>\u201eLEGIER MEDIENGRUPPE\u201c og alle tilknyttede dagblade og medier rapporterer kritisk, uden kr\u00e6nkende kritik eller tilskyndelse til had (\u00a7\u00a7 130, 185 StGB). Enhver form for diskrimination af mindretal er udelukket. I denne forbindelse henviser \u201eLEGIER MEDIENGRUPPE\u201c til Berlins presselov af 15. juni 1965 (GVBl. Berlin s. 744), senest \u00e6ndret ved lov af 3. juli 2003, i dette tilf\u00e6lde med henvisning til afsnit 3 \u201ePressens offentlige rolle\u201c, hvor afsnit 3 i loven bogstaveligt siger: \u201ePressen skal beskytte legitime interesser i henhold til \u00a7 193 StGB, hvis den indhenter og formidler nyheder i sp\u00f8rgsm\u00e5l af offentlig interesse, tager stilling, udtrykker kritik eller p\u00e5 anden m\u00e5de deltager i dannelsen af mening.\u201c Medierne i \u201eLEGIER MEDIENGRUPPE\u201c er forpligtet til den frie og demokratiske grundorden og overholder gr\u00e6nserne for, hvad der er lovligt tilladt. Befolkningens meninger er beh\u00f8rigt m\u00e6rket.<\/p>\n<h2>Kommissionen for koncentration i medierne (KEK)<\/h2>\n<p>\u201eLEGIER MEDIENGRUPPE\u201c st\u00f8tter arbejdet i CEC, som blev oprettet i 1997 p\u00e5 grundlag af den tredje mellemstatslige traktat om \u00e6ndring af radio- og tv-loven, og udgiver nyheder, information, video- og billedtjenester p\u00e5 denne baggrund.<\/p>\n<h2>Kr\u00e6nkelser af personlige rettigheder<\/h2>\n<p>I tilf\u00e6lde af kr\u00e6nkelser af personlige rettigheder, s\u00e5som kr\u00e6nkende kritik af redakt\u00f8rer, vil der blive kr\u00e6vet p\u00e5bud og erstatning i henhold til \u00a7\u00a7 823 stk. 1, 1004 BGB. V\u00e6rneting er Berlin, Forbundsrepublikken Tyskland.<\/p>\n<h2>Hint<\/h2>\n<p>Vi mener, at en advokats medvirken til at udstede en advarsel uden forudg\u00e5ende underretning er en overtr\u00e6delse af den g\u00e6ldende pligt til at minimere skader. I denne sammenh\u00e6ng henviser vi ogs\u00e5 til Forbundsdomstolens dom, sagsnummer VI ZR 144\/11 af 27. marts 2012.<\/p>\n<h2>ThomsonReuters OnePass<\/h2>\n<p>Gennem vores eksklusive partnere forsyner dagbladene og de tilknyttede medier i \u201eLEGIER MEDIENGRUPPE\u201c internationale b\u00f8rser med virksomhedsnyheder, s\u00e5som Frankfurt Stock Exchange (b\u00f8rssymbol XFRA, Wertpapierb\u00f6rse (FWB), elektronisk b\u00f8rshandelscenter Xetra (Forbundsrepublikken Tyskland)), New York Stock Exchange (NYSE, Amerikas Forenede Stater), Tokyo Stock Exchange (Kabushiki kaisha T\u014dky\u014d Sh\u014dken Torihikijo \/ Tokyo Stock Exchange, Incorporated, Japan), London Stock Exchange (LSE, FTSE 100 Index, Storbritannien), Kyodo News, SIX Swiss Exchange (Swiss Market Index - SMI, Schweiz), Vienna Stock Exchange (ATX - Austrian Traded Index, Republikken \u00d8strig), Shanghai Stock Exchange (SSE Shanghai Composite Index, China Securities Index Company, Hong Kong).<\/p>\n<h2>Serversikkerhed<\/h2>\n<p>Vores serverbanker i Boston (USA) og Kuala Lumpur (Malaysia) drives af vores hoster&nbsp;<a href=\"https:\/\/www.aspectra.ch\/de\" target=\"_blank\" rel=\"noopener noreferrer\">ASPECTRA&nbsp;<\/a>i Schweiz ved hj\u00e6lp af AES-kryptering (n\u00f8glel\u00e6ngde p\u00e5 4096 bit) i CBC-tilstand i overensstemmelse med RFC-4880\/RFC-3156 - SHA\/SHA-1. Data er ogs\u00e5 beskyttet i&nbsp;<a href=\"https:\/\/www.ironmountain.com\/\" target=\"_blank\" rel=\"noopener noreferrer\">Iron Mountain Incorporated&nbsp;<\/a>sikkerhedskopieret. Alle data i \u201eLEGIER MEDIENGRUPPE\u201c spejles 24\/7 og sikkerhedskopieres samtidigt for at v\u00e6re fuldt tilg\u00e6ngelige igen med kort varsel, hvis det er n\u00f8dvendigt efter et angreb p\u00e5 dom\u00e6nerne.<\/p>\n<h2>Beskyttelse af ophavsret<\/h2>\n<p>Indholdet og strukturen p\u00e5 hjemmesiderne for dagbladene og medierne i \u201eLEGIER MEDIENGRUPPE\u201c er beskyttet af ophavsret. Eftertryk, optagelse i onlinetjenester, p\u00e5 internettet og gengivelse p\u00e5 datab\u00e6rere som cd-rom, dvd-rom osv., ogs\u00e5 i uddrag, er kun tilladt med forudg\u00e5ende skriftligt samtykke fra \u201eLEGIER MEDIENGRUPPE\u201c eller de virksomheder, der repr\u00e6senterer det. Kommerciel videresalg af indholdet er forbudt. Tekstpassager kan anvendes inden for rammerne af citatretten (\u00a7 51 UrhG) under foruds\u00e6tning af, at kilden angives. Desuden forbeholdes alle rettigheder (herunder anvendelse til tekst og Data Mining i henhold til \u00a7 44b UrhG).<\/p>\n<h2>Ansvarsfraskrivelse<\/h2>\n<p>\u201eLEGIER MEDIENGRUPPE\u201c er kun ansvarlig for sit eget indhold i overensstemmelse med de generelle love. Ingen garanti for aktualitet, fuldst\u00e6ndighed eller korrekthed af informationen. Brug sker p\u00e5 eget ansvar. Vi forbeholder os ret til at foretage \u00e6ndringer, tilf\u00f8jelser eller sletninger i tilbuddet.<\/p>\n<h2>Note om eksterne links<\/h2>\n<p>I overensstemmelse med \u00a7\u00a7 7-10 i den tyske lov om digitale tjenester (DDG) er \u201eLEGIER MEDIENGRUPPE\u201c ikke ansvarlig for tredjepartsindhold, medmindre vi er opm\u00e6rksomme p\u00e5 eventuelle lovovertr\u00e6delser. Hvis der identificeres ulovligt indhold, fjerner vi straks de tilsvarende weblinks.<\/p>\n<h2>Forum for ansvar<\/h2>\n<p>\u201eLEGIER MEDIENGRUPPE\u201c driver ikke fora. Forumansvar er begr\u00e6nset af relevante domstolsafg\u00f8relser, men en operat\u00f8r vil stadig v\u00e6re ansvarlig for sit eget indhold.<\/p>\n<h2>Beskyttelse af mindre\u00e5rige og ICRA-filtre<\/h2>\n<p>\u201eLEGIER MEDIENGRUPPE\u201c st\u00f8tter initiativer til beskyttelse af mindre\u00e5rige og giver oplysninger om for\u00e6ldrekontrol og ICRA-klassificering (Internet Content Rating Association).<\/p>\n<h2>Juridisk effektivitet<\/h2>\n<p>Denne ansvarsfraskrivelse er en del af hjemmesiden. Skulle enkelte formuleringer ikke v\u00e6re i overensstemmelse med den g\u00e6ldende retstilstand, forbliver indholdet og gyldigheden af de resterende dele up\u00e5virket. Oplysninger i henhold til \u00a7 36 i Forbundsrepublikken Tysklands lov om l\u00f8sning af forbrugertvister (VSBG): \u201eLEGIER MEDIENGRUPPE\u201c deltager ikke i frivillige tvistbil\u00e6ggelsesprocedurer ved et tysk forbrugervoldgiftsn\u00e6vn. Der er ingen juridisk forpligtelse til at g\u00f8re det.<\/p>\t\t\t\t\t\t\t\t<\/div>\n\t\t\t\t\t<\/div>\n\t\t\t\t<\/div>\n\t\t\t\t<\/div>","protected":false},"excerpt":{"rendered":"<p>Impressum Anbieterin \/ Herausgeber im Sinne des \u00a7 18 MStV (Medienstaatsvertrag der Bundesrepublik Deutschland) sowie \u00a7 5 DDG (Digitale-Dienste-Gesetz der Bundesrepublik Deutschland) Ein Departement der Media-Division derLEGIER Beteiligungs mbHKurfurstendamm 14DE 10719 Berlin (Bundesrepublik Deutschland)Telefon: +49 (0) 30 99211 &#8211; 3 469E-Mail:&nbsp;info@LegierGroup.comHandelsregister Berlin-Charlottenburg HRB 57837(Bundesrepublik Deutschland)Umsatzsteuer-ID: DE 413445833 Verantwortliche Anbieterkennzeichnung gem\u00e4\u00df \u00a7 5 Digitale-Dienste-Gesetz (DDG) \u2013 [&hellip;]<\/p>\n","protected":false},"author":1,"featured_media":0,"parent":0,"menu_order":0,"comment_status":"closed","ping_status":"closed","template":"","meta":{"footnotes":""},"class_list":["post-676","page","type-page","status-publish","hentry"],"_links":{"self":[{"href":"https:\/\/legiergroup.info\/da\/wp-json\/wp\/v2\/pages\/676","targetHints":{"allow":["GET"]}}],"collection":[{"href":"https:\/\/legiergroup.info\/da\/wp-json\/wp\/v2\/pages"}],"about":[{"href":"https:\/\/legiergroup.info\/da\/wp-json\/wp\/v2\/types\/page"}],"author":[{"embeddable":true,"href":"https:\/\/legiergroup.info\/da\/wp-json\/wp\/v2\/users\/1"}],"replies":[{"embeddable":true,"href":"https:\/\/legiergroup.info\/da\/wp-json\/wp\/v2\/comments?post=676"}],"version-history":[{"count":14,"href":"https:\/\/legiergroup.info\/da\/wp-json\/wp\/v2\/pages\/676\/revisions"}],"predecessor-version":[{"id":1806,"href":"https:\/\/legiergroup.info\/da\/wp-json\/wp\/v2\/pages\/676\/revisions\/1806"}],"wp:attachment":[{"href":"https:\/\/legiergroup.info\/da\/wp-json\/wp\/v2\/media?parent=676"}],"curies":[{"name":"wp","href":"https:\/\/api.w.org\/{rel}","templated":true}]}}