{"id":772,"date":"2025-09-17T01:31:20","date_gmt":"2025-09-17T01:31:20","guid":{"rendered":"https:\/\/legiergroup.info\/?page_id=772"},"modified":"2025-10-23T11:55:44","modified_gmt":"2025-10-23T11:55:44","slug":"scandic-biler","status":"publish","type":"page","link":"https:\/\/legiergroup.info\/da\/scandic-cars\/","title":{"rendered":"Scandic Cars"},"content":{"rendered":"<div data-elementor-type=\"wp-page\" data-elementor-id=\"772\" class=\"elementor elementor-772\" data-elementor-post-type=\"page\">\n\t\t\t\t<div class=\"elementor-element elementor-element-0cafc05 e-flex e-con-boxed e-con e-parent\" data-id=\"0cafc05\" data-element_type=\"container\" data-e-type=\"container\">\n\t\t\t\t\t<div class=\"e-con-inner\">\n\t\t\t\t<div class=\"elementor-element elementor-element-f095092 elementor-widget elementor-widget-text-editor\" data-id=\"f095092\" data-element_type=\"widget\" data-e-type=\"widget\" data-widget_type=\"text-editor.default\">\n\t\t\t\t\t\t\t\t\t<img decoding=\"async\" class=\"mt-2 mb-2\" src=\"https:\/\/legiergroup.info\/wp-content\/uploads\/2025\/10\/scandiccars_by_legier.jpg\" width=\"100%\" \/>\n<h1>SCANDIC CARS: Luksusmobilitet omdefineret<\/h1>\nVelkommen til ScandicCars, et f\u00f8rende globalt brand i den anerkendte LEGIER GROUP. LEGIER GROUP er et diversificeret internationalt konglomerat med en 30-\u00e5rig succeshistorie og ejer af 115 dagblade, der udgiver aktuelle nyheder d\u00f8gnet rundt p\u00e5 alle kontinenter i verden. Som medlem af det eksklusive SCANDIC-brandnetv\u00e6rk tilbyder vi meget mere end bare biludlejning. ScandicCars er din n\u00f8gle til en livsstil fuld af\u00a0<strong>Luksus<\/strong>,\u00a0<strong>Innovation<\/strong>\u00a0og\u00a0<strong>eksklusiv service<\/strong>.\n\nOb anspruchsvolle Privatkunden oder Unternehmen mit h\u00f6chsten Anspr\u00fcchen \u2013 wir schaffen ma\u00dfgeschneiderte Mobilit\u00e4tsl\u00f6sungen. Unser Versprechen: unvergleichlicher Komfort, h\u00f6chste Flexibilit\u00e4t und ein unerm\u00fcdliches Streben nach Perfektion. Wir erf\u00fcllen Ihre Erwartungen nicht nur \u2013 wir \u00fcbertreffen sie.\n<h2>Vores filosofi: At drive kultur med ekspertise<\/h2>\nF\u00fcr uns ist ein Automobil nicht blo\u00df ein Transportmittel, sondern Ausdruck von Stil, Sicherheit und individueller Freiheit. Es geht nicht nur darum, von A nach B zu kommen \u2013 sondern wie Sie dort ankommen.\n\nEntsprechend gestalten wir jedes Detail Ihrer Anmietung nach Ihren W\u00fcnschen. Wir verbinden klassische Werte wie\u00a0<strong>Tillid<\/strong>\u00a0og\u00a0<strong>Diskretion<\/strong>\u00a0med moderne teknologi for at skabe et tilbud, der er b\u00e5de professionelt og luksuri\u00f8st. Du f\u00e5r frihed til at k\u00f8re pr\u00e6cis, hvad du vil, pr\u00e6cis n\u00e5r du vil - uden at skulle forpligte dig til at eje en luksusbil. Hvorfor eje din egen luksusbil, n\u00e5r ScandicCars stiller din dr\u00f8mmebil til r\u00e5dighed, n\u00e5r du \u00f8nsker det?\n<h2>Vores k\u00f8ret\u00f8jsfl\u00e5de: ikoner fra bilverdenen<\/h2>\nVores eksklusive fl\u00e5de omfatter de mest eftertragtede modeller i bilverdenen - hver is\u00e6r et symbol p\u00e5 teknik, ydeevne og elegance. Vi tilbyder k\u00f8ret\u00f8jer for enhver smag:\n<ul>\n \t<li>Harman SF50 Stradale - en supersportsvogn, der s\u00e6tter nye standarder<\/li>\n \t<li>Lamborghini Urus (Special Edition) - imponerende performance<\/li>\n \t<li>Rolls-Royce Cullinan II SUV - majest\u00e6tisk elegance<\/li>\n \t<li>Porsche 911 Carrera Cabriolet - ren k\u00f8regl\u00e6de for elskere af \u00e5bne sportsvogne<\/li>\n \t<li>Audi RS e-tron GT og BMW i70\/i50 - topmoderne elkraft med Gran Turismo-dynamik<\/li>\n \t<li>Audi SQ7 og RSQ8 Performance - sportslighed med gener\u00f8s plads<\/li>\n \t<li>Mercedes-AMG GT 63 S E Performance - brutal V8-hybridkraft<\/li>\n \t<li>Mercedes-AMG SL 63 Cabriolet - \u00e5ben elegance<\/li>\n \t<li>BMW M8 Competition Gran Coup\u00e9 - luksus og sportslighed kombineret<\/li>\n \t<li>Rolls-Royce Spectre og 2025 Rolls-Royce Phantom Series II Extended - elektriske og klassiske luksusikoner<\/li>\n<\/ul>\n<h2>SCANDIC-m\u00e6rkeassociationen<\/h2>\nSom en del af det prestigefyldte netv\u00e6rk LEGIER GROUP tilbyder vi dig problemfri adgang til en unik portef\u00f8lje af innovative m\u00e6rker og tjenester:\n<ul>\n \t<li><strong>ScandicFly<\/strong>: Eksklusiv privat jetcharter til de h\u00f8jeste krav<\/li>\n \t<li><strong>ScandicYachts<\/strong>: Luksusyachter til eksklusive oplevelser p\u00e5 vandet<\/li>\n \t<li><strong>ScandicEstate<\/strong>: F\u00f8rsteklasses ejendomme over hele verden - fra villaer p\u00e5 C\u00f4te d'Azur til penthouselejligheder i Dubai<\/li>\n \t<li><strong>ScandicPay<\/strong>Innovative betalingsl\u00f8sninger til hurtige, sikre og globale transaktioner<\/li>\n \t<li><strong>ScandicThandel<\/strong>: Kryptovaluta ScandicCoin og digital investeringsplatform for fremtidssikrede investeringsmuligheder<\/li>\n<\/ul>\n<h2>Din k\u00f8reoplevelse, vores k\u00f8rsel<\/h2>\nScandicCars ist mehr als eine Luxusautovermietung \u2013 wir verstehen uns als Ihr Partner f\u00fcr exklusive Mobilit\u00e4t. Durch die Integration in ein hochkar\u00e4tiges Markennetzwerk bieten wir Dienstleistungen, die weit \u00fcber das \u00dcbliche hinausgehen.\n\nGanz gleich, ob Sie einen adrenaligeladenen Supercar-Trip planen, VIP-G\u00e4ste stilvoll chauffieren lassen m\u00f6chten oder als Unternehmen einen zuverl\u00e4ssigen Mobilit\u00e4tspartner f\u00fcr Events und Gesch\u00e4ftsreisen suchen \u2013 wir stehen an Ihrer Seite. Jede Anfrage, ob spontan \u00fcber unser mobiles Buchungssystem oder langfristig geplant, wird mit der gleichen Sorgfalt und Professionalit\u00e4t bearbeitet.\n\nErleben Sie mit ScandicCars die Faszination automobiler H\u00f6chstleistungen und unbegrenzten Luxus auf R\u00e4dern, unterst\u00fctzt von einem Netzwerk, das jeden Aspekt Ihres Lebensstils veredelt. Kontaktieren Sie uns noch heute und entdecken Sie, wie ScandicCars Ihr n\u00e4chstes Fahrerlebnis unvergesslich machen wird \u2013 denn\u00a0<strong>Excellence<\/strong>\u00a0er vores\t\t\t\t\t\t\t\t<\/div>\n\t\t\t\t\t<\/div>\n\t\t\t\t<\/div>\n\t\t\t\t<\/div>","protected":false},"excerpt":{"rendered":"<p>SCANDIC CARS: Luxuri\u00f6se Mobilit\u00e4t neu definiert Willkommen bei ScandicCars, einer weltweit f\u00fchrenden Marke der renommierten LEGIER GRUPPE. Die LEGIER GRUPPE ist ein diversifizierter internationaler Mischkonzern mit 30 Jahren Erfolgsgeschichte und Inhaberin von 115 Tageszeitungen, die weltweit auf allen Kontinenten rund um die Uhr aktuelle Nachrichten publizieren. Als Mitglied des exklusiven SCANDIC Markenverbunds bieten wir weit [&hellip;]<\/p>\n","protected":false},"author":1,"featured_media":0,"parent":0,"menu_order":0,"comment_status":"closed","ping_status":"closed","template":"","meta":{"footnotes":""},"class_list":["post-772","page","type-page","status-publish","hentry"],"_links":{"self":[{"href":"https:\/\/legiergroup.info\/da\/wp-json\/wp\/v2\/pages\/772","targetHints":{"allow":["GET"]}}],"collection":[{"href":"https:\/\/legiergroup.info\/da\/wp-json\/wp\/v2\/pages"}],"about":[{"href":"https:\/\/legiergroup.info\/da\/wp-json\/wp\/v2\/types\/page"}],"author":[{"embeddable":true,"href":"https:\/\/legiergroup.info\/da\/wp-json\/wp\/v2\/users\/1"}],"replies":[{"embeddable":true,"href":"https:\/\/legiergroup.info\/da\/wp-json\/wp\/v2\/comments?post=772"}],"version-history":[{"count":11,"href":"https:\/\/legiergroup.info\/da\/wp-json\/wp\/v2\/pages\/772\/revisions"}],"predecessor-version":[{"id":1936,"href":"https:\/\/legiergroup.info\/da\/wp-json\/wp\/v2\/pages\/772\/revisions\/1936"}],"wp:attachment":[{"href":"https:\/\/legiergroup.info\/da\/wp-json\/wp\/v2\/media?parent=772"}],"curies":[{"name":"wp","href":"https:\/\/api.w.org\/{rel}","templated":true}]}}