{"id":772,"date":"2025-09-17T01:31:20","date_gmt":"2025-09-17T01:31:20","guid":{"rendered":"https:\/\/legiergroup.info\/?page_id=772"},"modified":"2025-10-23T11:55:44","modified_gmt":"2025-10-23T11:55:44","slug":"scandic-cars","status":"publish","type":"page","link":"https:\/\/legiergroup.info\/de_de\/scandic-cars\/","title":{"rendered":"Scandic Cars"},"content":{"rendered":"\t\t<div data-elementor-type=\"wp-page\" data-elementor-id=\"772\" class=\"elementor elementor-772\" data-elementor-post-type=\"page\">\n\t\t\t\t<div class=\"elementor-element elementor-element-0cafc05 e-flex e-con-boxed e-con e-parent\" data-id=\"0cafc05\" data-element_type=\"container\" data-e-type=\"container\">\n\t\t\t\t\t<div class=\"e-con-inner\">\n\t\t\t\t<div class=\"elementor-element elementor-element-f095092 elementor-widget elementor-widget-text-editor\" data-id=\"f095092\" data-element_type=\"widget\" data-e-type=\"widget\" data-widget_type=\"text-editor.default\">\n\t\t\t\t\t\t\t\t\t<img decoding=\"async\" class=\"mt-2 mb-2\" src=\"https:\/\/legiergroup.info\/wp-content\/uploads\/2025\/10\/scandiccars_by_legier.jpg\" width=\"100%\" \/>\n<h1>SCANDIC CARS: Luxuri\u00f6se Mobilit\u00e4t neu definiert<\/h1>\nWillkommen bei ScandicCars, einer weltweit f\u00fchrenden Marke der renommierten LEGIER GRUPPE. Die LEGIER GRUPPE ist ein diversifizierter internationaler Mischkonzern mit 30 Jahren Erfolgsgeschichte und Inhaberin von 115 Tageszeitungen, die weltweit auf allen Kontinenten rund um die Uhr aktuelle Nachrichten publizieren. Als Mitglied des exklusiven SCANDIC Markenverbunds bieten wir weit mehr als nur eine Fahrzeugvermietung. ScandicCars ist Ihr Schl\u00fcssel zu einem Lebensstil voller\u00a0<strong>Luxus<\/strong>,\u00a0<strong>Innovation<\/strong>\u00a0und\u00a0<strong>exklusivem Service<\/strong>.\n\nOb anspruchsvolle Privatkunden oder Unternehmen mit h\u00f6chsten Anspr\u00fcchen \u2013 wir schaffen ma\u00dfgeschneiderte Mobilit\u00e4tsl\u00f6sungen. Unser Versprechen: unvergleichlicher Komfort, h\u00f6chste Flexibilit\u00e4t und ein unerm\u00fcdliches Streben nach Perfektion. Wir erf\u00fcllen Ihre Erwartungen nicht nur \u2013 wir \u00fcbertreffen sie.\n<h2>Unsere Philosophie: Fahrkultur mit Exzellenz<\/h2>\nF\u00fcr uns ist ein Automobil nicht blo\u00df ein Transportmittel, sondern Ausdruck von Stil, Sicherheit und individueller Freiheit. Es geht nicht nur darum, von A nach B zu kommen \u2013 sondern wie Sie dort ankommen.\n\nEntsprechend gestalten wir jedes Detail Ihrer Anmietung nach Ihren W\u00fcnschen. Wir verbinden klassische Werte wie\u00a0<strong>Vertrauen<\/strong>\u00a0und\u00a0<strong>Diskretion<\/strong>\u00a0mit moderner Technologie und schaffen so ein Angebot, das zugleich professionell und luxuri\u00f6s ist. Sie gestalten die Freiheit, genau das zu fahren, was Sie wollen, und zwar genau dann, wenn Sie es wollen \u2013 ohne die Verpflichtungen eines eigenen Luxusfahrzeugs. Warum ein eigenes Prestige-Auto besitzen, wenn ScandicCars Ihnen jederzeit Ihr Traumfahrzeug zur Verf\u00fcgung stellt?\n<h2>Unsere Fahrzeugflotte: Ikonen der Automobilwelt<\/h2>\nUnsere exklusive Flotte umfasst die begehrtesten Modelle der Automobilwelt \u2013 jedes ein Symbol f\u00fcr Ingenieurskunst, Leistung und Eleganz. Wir bieten Fahrzeuge f\u00fcr jeden Geschmack:\n<ul>\n \t<li>Harman SF50 Stradale \u2013 ein Supersportwagen, der neue Ma\u00dfst\u00e4be setzt<\/li>\n \t<li>Lamborghini Urus (Special Edition) \u2013 beeindruckende Leistung<\/li>\n \t<li>Rolls-Royce Cullinan II SUV \u2013 majest\u00e4tische Eleganz<\/li>\n \t<li>Porsche 911 Carrera Cabriolet \u2013 pure Fahrfreude f\u00fcr Liebhaber offener Sportwagen<\/li>\n \t<li>Audi RS e-tron GT und BMW i70\/i50 \u2013 modernste Elektropower mit Gran Turismo-Dynamik<\/li>\n \t<li>Audi SQ7 und RSQ8 Performance \u2013 Sportlichkeit mit gro\u00dfz\u00fcgigem Platzangebot<\/li>\n \t<li>Mercedes-AMG GT 63 S E Performance \u2013 brachiale V8-Hybrid-Power<\/li>\n \t<li>Mercedes-AMG SL 63 Cabriolet \u2013 offene Eleganz<\/li>\n \t<li>BMW M8 Competition Gran Coup\u00e9 \u2013 Luxus und Sportlichkeit vereint<\/li>\n \t<li>Rolls-Royce Spectre und 2025 Rolls-Royce Phantom Series II Extended \u2013 elektrische und klassische Luxusikonen<\/li>\n<\/ul>\n<h2>Der SCANDIC Markenverbund<\/h2>\nAls Teil des angesehenen LEGIER GRUPPE Netzwerks bieten wir Ihnen nahtlosen Zugang zu einem einzigartigen Portfolio innovativer Marken und Dienstleistungen:\n<ul>\n \t<li><strong>ScandicFly<\/strong>: Exklusive Privatjet-Charter f\u00fcr h\u00f6chste Anspr\u00fcche<\/li>\n \t<li><strong>ScandicYachts<\/strong>: Luxusyachten f\u00fcr exklusive Erlebnisse auf dem Wasser<\/li>\n \t<li><strong>ScandicEstate<\/strong>: Erstklassige Immobilien weltweit \u2013 von der Villa an der C\u00f4te d\u2019Azur bis zum Penthouse in Dubai<\/li>\n \t<li><strong>ScandicPay<\/strong>: Innovative Zahlungsl\u00f6sungen f\u00fcr schnelle, sichere und globale Transaktionen<\/li>\n \t<li><strong>ScandicTrade<\/strong>: Kryptow\u00e4hrung ScandicCoin und digitale Investment-Plattform f\u00fcr zukunftssichere Anlagem\u00f6glichkeiten<\/li>\n<\/ul>\n<h2>Ihr Fahrerlebnis, unser Antrieb<\/h2>\nScandicCars ist mehr als eine Luxusautovermietung \u2013 wir verstehen uns als Ihr Partner f\u00fcr exklusive Mobilit\u00e4t. Durch die Integration in ein hochkar\u00e4tiges Markennetzwerk bieten wir Dienstleistungen, die weit \u00fcber das \u00dcbliche hinausgehen.\n\nGanz gleich, ob Sie einen adrenaligeladenen Supercar-Trip planen, VIP-G\u00e4ste stilvoll chauffieren lassen m\u00f6chten oder als Unternehmen einen zuverl\u00e4ssigen Mobilit\u00e4tspartner f\u00fcr Events und Gesch\u00e4ftsreisen suchen \u2013 wir stehen an Ihrer Seite. Jede Anfrage, ob spontan \u00fcber unser mobiles Buchungssystem oder langfristig geplant, wird mit der gleichen Sorgfalt und Professionalit\u00e4t bearbeitet.\n\nErleben Sie mit ScandicCars die Faszination automobiler H\u00f6chstleistungen und unbegrenzten Luxus auf R\u00e4dern, unterst\u00fctzt von einem Netzwerk, das jeden Aspekt Ihres Lebensstils veredelt. Kontaktieren Sie uns noch heute und entdecken Sie, wie ScandicCars Ihr n\u00e4chstes Fahrerlebnis unvergesslich machen wird \u2013 denn\u00a0<strong>Exzellenz<\/strong>\u00a0ist unser\t\t\t\t\t\t\t\t<\/div>\n\t\t\t\t\t<\/div>\n\t\t\t\t<\/div>\n\t\t\t\t<\/div>\n\t\t","protected":false},"excerpt":{"rendered":"<p>SCANDIC CARS: Luxuri\u00f6se Mobilit\u00e4t neu definiert Willkommen bei ScandicCars, einer weltweit f\u00fchrenden Marke der renommierten LEGIER GRUPPE. Die LEGIER GRUPPE ist ein diversifizierter internationaler Mischkonzern mit 30 Jahren Erfolgsgeschichte und Inhaberin von 115 Tageszeitungen, die weltweit auf allen Kontinenten rund um die Uhr aktuelle Nachrichten publizieren. Als Mitglied des exklusiven SCANDIC Markenverbunds bieten wir weit [&hellip;]<\/p>\n","protected":false},"author":1,"featured_media":0,"parent":0,"menu_order":0,"comment_status":"closed","ping_status":"closed","template":"","meta":{"footnotes":""},"class_list":["post-772","page","type-page","status-publish","hentry"],"_links":{"self":[{"href":"https:\/\/legiergroup.info\/de_de\/wp-json\/wp\/v2\/pages\/772","targetHints":{"allow":["GET"]}}],"collection":[{"href":"https:\/\/legiergroup.info\/de_de\/wp-json\/wp\/v2\/pages"}],"about":[{"href":"https:\/\/legiergroup.info\/de_de\/wp-json\/wp\/v2\/types\/page"}],"author":[{"embeddable":true,"href":"https:\/\/legiergroup.info\/de_de\/wp-json\/wp\/v2\/users\/1"}],"replies":[{"embeddable":true,"href":"https:\/\/legiergroup.info\/de_de\/wp-json\/wp\/v2\/comments?post=772"}],"version-history":[{"count":11,"href":"https:\/\/legiergroup.info\/de_de\/wp-json\/wp\/v2\/pages\/772\/revisions"}],"predecessor-version":[{"id":1936,"href":"https:\/\/legiergroup.info\/de_de\/wp-json\/wp\/v2\/pages\/772\/revisions\/1936"}],"wp:attachment":[{"href":"https:\/\/legiergroup.info\/de_de\/wp-json\/wp\/v2\/media?parent=772"}],"curies":[{"name":"wp","href":"https:\/\/api.w.org\/{rel}","templated":true}]}}