{"id":772,"date":"2025-09-17T01:31:20","date_gmt":"2025-09-17T01:31:20","guid":{"rendered":"https:\/\/legiergroup.info\/?page_id=772"},"modified":"2025-10-23T11:55:44","modified_gmt":"2025-10-23T11:55:44","slug":"%cf%83%ce%ba%ce%b1%ce%bd%ce%b4%ce%b1%ce%bb%cf%8e%ce%b4%ce%b7-%ce%b1%cf%85%cf%84%ce%bf%ce%ba%ce%af%ce%bd%ce%b7%cf%84%ce%b1","status":"publish","type":"page","link":"https:\/\/legiergroup.info\/el\/scandic-cars\/","title":{"rendered":"Scandic Cars"},"content":{"rendered":"<div data-elementor-type=\"wp-page\" data-elementor-id=\"772\" class=\"elementor elementor-772\" data-elementor-post-type=\"page\">\n\t\t\t\t<div class=\"elementor-element elementor-element-0cafc05 e-flex e-con-boxed e-con e-parent\" data-id=\"0cafc05\" data-element_type=\"container\" data-e-type=\"container\">\n\t\t\t\t\t<div class=\"e-con-inner\">\n\t\t\t\t<div class=\"elementor-element elementor-element-f095092 elementor-widget elementor-widget-text-editor\" data-id=\"f095092\" data-element_type=\"widget\" data-e-type=\"widget\" data-widget_type=\"text-editor.default\">\n\t\t\t\t\t\t\t\t\t<img decoding=\"async\" class=\"mt-2 mb-2\" src=\"https:\/\/legiergroup.info\/wp-content\/uploads\/2025\/10\/scandiccars_by_legier.jpg\" width=\"100%\" \/>\n<h1>SCANDIC CARS: \u0395\u03c0\u03b1\u03bd\u03b1\u03c0\u03c1\u03bf\u03c3\u03b4\u03b9\u03bf\u03c1\u03b9\u03c3\u03bc\u03cc\u03c2 \u03c4\u03b7\u03c2 \u03c0\u03bf\u03bb\u03c5\u03c4\u03b5\u03bb\u03bf\u03cd\u03c2 \u03ba\u03b9\u03bd\u03b7\u03c4\u03b9\u03ba\u03cc\u03c4\u03b7\u03c4\u03b1\u03c2<\/h1>\n\u039a\u03b1\u03bb\u03ce\u03c2 \u03ae\u03c1\u03b8\u03b1\u03c4\u03b5 \u03c3\u03c4\u03bf ScandicCars, \u03ad\u03bd\u03b1 \u03ba\u03bf\u03c1\u03c5\u03c6\u03b1\u03af\u03bf \u03c0\u03b1\u03b3\u03ba\u03cc\u03c3\u03bc\u03b9\u03bf \u03b5\u03bc\u03c0\u03bf\u03c1\u03b9\u03ba\u03cc \u03c3\u03ae\u03bc\u03b1 \u03c4\u03b7\u03c2 \u03c6\u03b7\u03bc\u03b9\u03c3\u03bc\u03ad\u03bd\u03b7\u03c2 LEGIER GROUP. \u039f \u039f\u039c\u0399\u039b\u039f\u03a3 LEGIER \u03b5\u03af\u03bd\u03b1\u03b9 \u03ad\u03bd\u03b1\u03c2 \u03b4\u03b9\u03b1\u03c6\u03bf\u03c1\u03bf\u03c0\u03bf\u03b9\u03b7\u03bc\u03ad\u03bd\u03bf\u03c2 \u03b4\u03b9\u03b5\u03b8\u03bd\u03ae\u03c2 \u03cc\u03bc\u03b9\u03bb\u03bf\u03c2 \u03bc\u03b5 30\u03b5\u03c4\u03ae \u03b9\u03c3\u03c4\u03bf\u03c1\u03af\u03b1 \u03b5\u03c0\u03b9\u03c4\u03c5\u03c7\u03af\u03b1\u03c2 \u03ba\u03b1\u03b9 \u03b9\u03b4\u03b9\u03bf\u03ba\u03c4\u03ae\u03c4\u03b7\u03c2 115 \u03b7\u03bc\u03b5\u03c1\u03ae\u03c3\u03b9\u03c9\u03bd \u03b5\u03c6\u03b7\u03bc\u03b5\u03c1\u03af\u03b4\u03c9\u03bd \u03c0\u03bf\u03c5 \u03b4\u03b7\u03bc\u03bf\u03c3\u03b9\u03b5\u03cd\u03bf\u03c5\u03bd \u03b5\u03c0\u03af\u03ba\u03b1\u03b9\u03c1\u03b5\u03c2 \u03b5\u03b9\u03b4\u03ae\u03c3\u03b5\u03b9\u03c2 \u03cc\u03bb\u03bf \u03c4\u03bf \u03b5\u03b9\u03ba\u03bf\u03c3\u03b9\u03c4\u03b5\u03c4\u03c1\u03ac\u03c9\u03c1\u03bf \u03c3\u03b5 \u03cc\u03bb\u03b5\u03c2 \u03c4\u03b9\u03c2 \u03b7\u03c0\u03b5\u03af\u03c1\u03bf\u03c5\u03c2 \u03c0\u03b1\u03b3\u03ba\u03bf\u03c3\u03bc\u03af\u03c9\u03c2. \u03a9\u03c2 \u03bc\u03ad\u03bb\u03bf\u03c2 \u03c4\u03bf\u03c5 \u03b1\u03c0\u03bf\u03ba\u03bb\u03b5\u03b9\u03c3\u03c4\u03b9\u03ba\u03bf\u03cd \u03b4\u03b9\u03ba\u03c4\u03cd\u03bf\u03c5 \u03c4\u03b7\u03c2 \u03bc\u03ac\u03c1\u03ba\u03b1\u03c2 SCANDIC, \u03c0\u03c1\u03bf\u03c3\u03c6\u03ad\u03c1\u03bf\u03c5\u03bc\u03b5 \u03c0\u03bf\u03bb\u03bb\u03ac \u03c0\u03b5\u03c1\u03b9\u03c3\u03c3\u03cc\u03c4\u03b5\u03c1\u03b1 \u03b1\u03c0\u03cc \u03c4\u03b7\u03bd \u03b1\u03c0\u03bb\u03ae \u03b5\u03bd\u03bf\u03b9\u03ba\u03af\u03b1\u03c3\u03b7 \u03bf\u03c7\u03b7\u03bc\u03ac\u03c4\u03c9\u03bd. \u03a4\u03bf ScandicCars \u03b5\u03af\u03bd\u03b1\u03b9 \u03c4\u03bf \u03ba\u03bb\u03b5\u03b9\u03b4\u03af \u03c3\u03b1\u03c2 \u03b3\u03b9\u03b1 \u03ad\u03bd\u03b1\u03bd \u03c4\u03c1\u03cc\u03c0\u03bf \u03b6\u03c9\u03ae\u03c2 \u03b3\u03b5\u03bc\u03ac\u03c4\u03bf\u00a0<strong>\u03a0\u03bf\u03bb\u03c5\u03c4\u03ad\u03bb\u03b5\u03b9\u03b1<\/strong>,\u00a0<strong>\u039a\u03b1\u03b9\u03bd\u03bf\u03c4\u03bf\u03bc\u03af\u03b1<\/strong>\u00a0\u03ba\u03b1\u03b9\u00a0<strong>\u03b1\u03c0\u03bf\u03ba\u03bb\u03b5\u03b9\u03c3\u03c4\u03b9\u03ba\u03ae \u03c5\u03c0\u03b7\u03c1\u03b5\u03c3\u03af\u03b1<\/strong>.\n\nOb anspruchsvolle Privatkunden oder Unternehmen mit h\u00f6chsten Anspr\u00fcchen \u2013 wir schaffen ma\u00dfgeschneiderte Mobilit\u00e4tsl\u00f6sungen. Unser Versprechen: unvergleichlicher Komfort, h\u00f6chste Flexibilit\u00e4t und ein unerm\u00fcdliches Streben nach Perfektion. Wir erf\u00fcllen Ihre Erwartungen nicht nur \u2013 wir \u00fcbertreffen sie.\n<h2>\u0397 \u03c6\u03b9\u03bb\u03bf\u03c3\u03bf\u03c6\u03af\u03b1 \u03bc\u03b1\u03c2: \u039f\u03b4\u03b7\u03b3\u03ce\u03bd\u03c4\u03b1\u03c2 \u03c4\u03bf\u03bd \u03c0\u03bf\u03bb\u03b9\u03c4\u03b9\u03c3\u03bc\u03cc \u03bc\u03b5 \u03b1\u03c1\u03b9\u03c3\u03c4\u03b5\u03af\u03b1<\/h2>\nF\u00fcr uns ist ein Automobil nicht blo\u00df ein Transportmittel, sondern Ausdruck von Stil, Sicherheit und individueller Freiheit. Es geht nicht nur darum, von A nach B zu kommen \u2013 sondern wie Sie dort ankommen.\n\nEntsprechend gestalten wir jedes Detail Ihrer Anmietung nach Ihren W\u00fcnschen. Wir verbinden klassische Werte wie\u00a0<strong>\u0395\u03bc\u03c0\u03b9\u03c3\u03c4\u03bf\u03c3\u03cd\u03bd\u03b7<\/strong>\u00a0\u03ba\u03b1\u03b9\u00a0<strong>\u0394\u03b9\u03b1\u03ba\u03c1\u03b9\u03c4\u03b9\u03ba\u03cc\u03c4\u03b7\u03c4\u03b1<\/strong>\u00a0\u03bc\u03b5 \u03c4\u03b7 \u03c3\u03cd\u03b3\u03c7\u03c1\u03bf\u03bd\u03b7 \u03c4\u03b5\u03c7\u03bd\u03bf\u03bb\u03bf\u03b3\u03af\u03b1 \u03b3\u03b9\u03b1 \u03c4\u03b7 \u03b4\u03b7\u03bc\u03b9\u03bf\u03c5\u03c1\u03b3\u03af\u03b1 \u03bc\u03b9\u03b1\u03c2 \u03b5\u03c0\u03b1\u03b3\u03b3\u03b5\u03bb\u03bc\u03b1\u03c4\u03b9\u03ba\u03ae\u03c2 \u03ba\u03b1\u03b9 \u03c0\u03bf\u03bb\u03c5\u03c4\u03b5\u03bb\u03bf\u03cd\u03c2 \u03c0\u03c1\u03bf\u03c3\u03c6\u03bf\u03c1\u03ac\u03c2. \u0394\u03b7\u03bc\u03b9\u03bf\u03c5\u03c1\u03b3\u03b5\u03af\u03c4\u03b5 \u03c4\u03b7\u03bd \u03b5\u03bb\u03b5\u03c5\u03b8\u03b5\u03c1\u03af\u03b1 \u03bd\u03b1 \u03bf\u03b4\u03b7\u03b3\u03b5\u03af\u03c4\u03b5 \u03b1\u03ba\u03c1\u03b9\u03b2\u03ce\u03c2 \u03b1\u03c5\u03c4\u03cc \u03c0\u03bf\u03c5 \u03b8\u03ad\u03bb\u03b5\u03c4\u03b5, \u03b1\u03ba\u03c1\u03b9\u03b2\u03ce\u03c2 \u03cc\u03c4\u03b1\u03bd \u03c4\u03bf \u03b8\u03ad\u03bb\u03b5\u03c4\u03b5 - \u03c7\u03c9\u03c1\u03af\u03c2 \u03c4\u03b7 \u03b4\u03ad\u03c3\u03bc\u03b5\u03c5\u03c3\u03b7 \u03c4\u03b7\u03c2 \u03ba\u03b1\u03c4\u03bf\u03c7\u03ae\u03c2 \u03b5\u03bd\u03cc\u03c2 \u03c0\u03bf\u03bb\u03c5\u03c4\u03b5\u03bb\u03bf\u03cd\u03c2 \u03bf\u03c7\u03ae\u03bc\u03b1\u03c4\u03bf\u03c2. \u0393\u03b9\u03b1\u03c4\u03af \u03bd\u03b1 \u03b1\u03c0\u03bf\u03ba\u03c4\u03ae\u03c3\u03b5\u03c4\u03b5 \u03c4\u03bf \u03b4\u03b9\u03ba\u03cc \u03c3\u03b1\u03c2 \u03b1\u03c5\u03c4\u03bf\u03ba\u03af\u03bd\u03b7\u03c4\u03bf \u03ba\u03cd\u03c1\u03bf\u03c5\u03c2, \u03cc\u03c4\u03b1\u03bd \u03c4\u03bf ScandicCars \u03b8\u03ad\u03c4\u03b5\u03b9 \u03c4\u03bf \u03cc\u03c7\u03b7\u03bc\u03b1 \u03c4\u03c9\u03bd \u03bf\u03bd\u03b5\u03af\u03c1\u03c9\u03bd \u03c3\u03b1\u03c2 \u03c3\u03c4\u03b7 \u03b4\u03b9\u03ac\u03b8\u03b5\u03c3\u03ae \u03c3\u03b1\u03c2 \u03cc\u03c0\u03bf\u03c4\u03b5 \u03c4\u03bf \u03b8\u03ad\u03bb\u03b5\u03c4\u03b5;\n<h2>\u039f \u03c3\u03c4\u03cc\u03bb\u03bf\u03c2 \u03bf\u03c7\u03b7\u03bc\u03ac\u03c4\u03c9\u03bd \u03bc\u03b1\u03c2: \u03b5\u03b9\u03ba\u03cc\u03bd\u03b5\u03c2 \u03c4\u03bf\u03c5 \u03ba\u03cc\u03c3\u03bc\u03bf\u03c5 \u03c4\u03b7\u03c2 \u03b1\u03c5\u03c4\u03bf\u03ba\u03b9\u03bd\u03b7\u03c4\u03bf\u03b2\u03b9\u03bf\u03bc\u03b7\u03c7\u03b1\u03bd\u03af\u03b1\u03c2<\/h2>\n\u039f \u03b1\u03c0\u03bf\u03ba\u03bb\u03b5\u03b9\u03c3\u03c4\u03b9\u03ba\u03cc\u03c2 \u03c3\u03c4\u03cc\u03bb\u03bf\u03c2 \u03bc\u03b1\u03c2 \u03c0\u03b5\u03c1\u03b9\u03bb\u03b1\u03bc\u03b2\u03ac\u03bd\u03b5\u03b9 \u03c4\u03b1 \u03c0\u03b9\u03bf \u03b5\u03c0\u03b9\u03b8\u03c5\u03bc\u03b7\u03c4\u03ac \u03bc\u03bf\u03bd\u03c4\u03ad\u03bb\u03b1 \u03c3\u03c4\u03bf\u03bd \u03ba\u03cc\u03c3\u03bc\u03bf \u03c4\u03b7\u03c2 \u03b1\u03c5\u03c4\u03bf\u03ba\u03b9\u03bd\u03b7\u03c4\u03bf\u03b2\u03b9\u03bf\u03bc\u03b7\u03c7\u03b1\u03bd\u03af\u03b1\u03c2 - \u03c4\u03bf \u03ba\u03b1\u03b8\u03ad\u03bd\u03b1 \u03ad\u03bd\u03b1 \u03c3\u03cd\u03bc\u03b2\u03bf\u03bb\u03bf \u03bc\u03b7\u03c7\u03b1\u03bd\u03b9\u03ba\u03ae\u03c2, \u03b5\u03c0\u03b9\u03b4\u03cc\u03c3\u03b5\u03c9\u03bd \u03ba\u03b1\u03b9 \u03ba\u03bf\u03bc\u03c8\u03cc\u03c4\u03b7\u03c4\u03b1\u03c2. \u03a0\u03c1\u03bf\u03c3\u03c6\u03ad\u03c1\u03bf\u03c5\u03bc\u03b5 \u03bf\u03c7\u03ae\u03bc\u03b1\u03c4\u03b1 \u03b3\u03b9\u03b1 \u03ba\u03ac\u03b8\u03b5 \u03b3\u03bf\u03cd\u03c3\u03c4\u03bf:\n<ul>\n \t<li>Harman SF50 Stradale - \u03ad\u03bd\u03b1 \u03c3\u03bf\u03cd\u03c0\u03b5\u03c1 \u03c3\u03c0\u03bf\u03c1 \u03b1\u03c5\u03c4\u03bf\u03ba\u03af\u03bd\u03b7\u03c4\u03bf \u03c0\u03bf\u03c5 \u03b8\u03ad\u03c4\u03b5\u03b9 \u03bd\u03ad\u03b1 \u03c0\u03c1\u03cc\u03c4\u03c5\u03c0\u03b1<\/li>\n \t<li>Lamborghini Urus (Special Edition) - \u03b5\u03bd\u03c4\u03c5\u03c0\u03c9\u03c3\u03b9\u03b1\u03ba\u03ad\u03c2 \u03b5\u03c0\u03b9\u03b4\u03cc\u03c3\u03b5\u03b9\u03c2<\/li>\n \t<li>Rolls-Royce Cullinan II SUV - \u03bc\u03b5\u03b3\u03b1\u03bb\u03bf\u03c0\u03c1\u03b5\u03c0\u03ae\u03c2 \u03ba\u03bf\u03bc\u03c8\u03cc\u03c4\u03b7\u03c4\u03b1<\/li>\n \t<li>Porsche 911 Carrera Cabriolet - \u03ba\u03b1\u03b8\u03b1\u03c1\u03ae \u03bf\u03b4\u03b7\u03b3\u03b9\u03ba\u03ae \u03b1\u03c0\u03cc\u03bb\u03b1\u03c5\u03c3\u03b7 \u03b3\u03b9\u03b1 \u03c4\u03bf\u03c5\u03c2 \u03bb\u03ac\u03c4\u03c1\u03b5\u03b9\u03c2 \u03c4\u03c9\u03bd \u03b1\u03bd\u03bf\u03b9\u03c7\u03c4\u03ce\u03bd \u03c3\u03c0\u03bf\u03c1 \u03b1\u03c5\u03c4\u03bf\u03ba\u03b9\u03bd\u03ae\u03c4\u03c9\u03bd<\/li>\n \t<li>Audi RS e-tron GT \u03ba\u03b1\u03b9 BMW i70\/i50 - \u03b7\u03bb\u03b5\u03ba\u03c4\u03c1\u03b9\u03ba\u03ae \u03b9\u03c3\u03c7\u03cd\u03c2 \u03c4\u03b5\u03bb\u03b5\u03c5\u03c4\u03b1\u03af\u03b1\u03c2 \u03c4\u03b5\u03c7\u03bd\u03bf\u03bb\u03bf\u03b3\u03af\u03b1\u03c2 \u03bc\u03b5 \u03b4\u03c5\u03bd\u03b1\u03bc\u03b9\u03ba\u03ae Gran Turismo<\/li>\n \t<li>Audi SQ7 \u03ba\u03b1\u03b9 RSQ8 Performance - \u03c3\u03c0\u03bf\u03c1 \u03bc\u03b5 \u03b3\u03b5\u03bd\u03bd\u03b1\u03b9\u03cc\u03b4\u03c9\u03c1\u03bf\u03c5\u03c2 \u03c7\u03ce\u03c1\u03bf\u03c5\u03c2<\/li>\n \t<li>Mercedes-AMG GT 63 S E Performance - \u03c9\u03bc\u03ae \u03c5\u03b2\u03c1\u03b9\u03b4\u03b9\u03ba\u03ae \u03b9\u03c3\u03c7\u03cd\u03c2 V8<\/li>\n \t<li>Mercedes-AMG SL 63 Cabriolet - \u03b1\u03bd\u03bf\u03b9\u03c7\u03c4\u03ae \u03ba\u03bf\u03bc\u03c8\u03cc\u03c4\u03b7\u03c4\u03b1<\/li>\n \t<li>BMW M8 Competition Gran Coup\u00e9 - \u03c0\u03bf\u03bb\u03c5\u03c4\u03ad\u03bb\u03b5\u03b9\u03b1 \u03ba\u03b1\u03b9 \u03c3\u03c0\u03bf\u03c1 \u03c3\u03b5 \u03c3\u03c5\u03bd\u03b4\u03c5\u03b1\u03c3\u03bc\u03cc<\/li>\n \t<li>Rolls-Royce Spectre \u03ba\u03b1\u03b9 2025 Rolls-Royce Phantom Series II Extended - \u03b7\u03bb\u03b5\u03ba\u03c4\u03c1\u03b9\u03ba\u03ad\u03c2 \u03ba\u03b1\u03b9 \u03ba\u03bb\u03b1\u03c3\u03b9\u03ba\u03ad\u03c2 \u03b5\u03b9\u03ba\u03cc\u03bd\u03b5\u03c2 \u03c0\u03bf\u03bb\u03c5\u03c4\u03ad\u03bb\u03b5\u03b9\u03b1\u03c2<\/li>\n<\/ul>\n<h2>\u0397 \u03c3\u03c5\u03c3\u03c7\u03ad\u03c4\u03b9\u03c3\u03b7 \u03c4\u03bf\u03c5 \u03b5\u03bc\u03c0\u03bf\u03c1\u03b9\u03ba\u03bf\u03cd \u03c3\u03ae\u03bc\u03b1\u03c4\u03bf\u03c2 SCANDIC<\/h2>\n\u03a9\u03c2 \u03bc\u03ad\u03bb\u03bf\u03c2 \u03c4\u03bf\u03c5 \u03b4\u03b9\u03ac\u03c3\u03b7\u03bc\u03bf\u03c5 \u03b4\u03b9\u03ba\u03c4\u03cd\u03bf\u03c5 LEGIER GROUP, \u03c3\u03b1\u03c2 \u03c0\u03c1\u03bf\u03c3\u03c6\u03ad\u03c1\u03bf\u03c5\u03bc\u03b5 \u03b1\u03c0\u03c1\u03cc\u03c3\u03ba\u03bf\u03c0\u03c4\u03b7 \u03c0\u03c1\u03cc\u03c3\u03b2\u03b1\u03c3\u03b7 \u03c3\u03b5 \u03ad\u03bd\u03b1 \u03bc\u03bf\u03bd\u03b1\u03b4\u03b9\u03ba\u03cc \u03c7\u03b1\u03c1\u03c4\u03bf\u03c6\u03c5\u03bb\u03ac\u03ba\u03b9\u03bf \u03ba\u03b1\u03b9\u03bd\u03bf\u03c4\u03cc\u03bc\u03c9\u03bd \u03b5\u03bc\u03c0\u03bf\u03c1\u03b9\u03ba\u03ce\u03bd \u03c3\u03b7\u03bc\u03ac\u03c4\u03c9\u03bd \u03ba\u03b1\u03b9 \u03c5\u03c0\u03b7\u03c1\u03b5\u03c3\u03b9\u03ce\u03bd:\n<ul>\n \t<li><strong>ScandicFly<\/strong>: \u0391\u03c0\u03bf\u03ba\u03bb\u03b5\u03b9\u03c3\u03c4\u03b9\u03ba\u03ae \u03bd\u03b1\u03cd\u03bb\u03c9\u03c3\u03b7 \u03b9\u03b4\u03b9\u03c9\u03c4\u03b9\u03ba\u03ce\u03bd \u03c4\u03b6\u03b5\u03c4 \u03b3\u03b9\u03b1 \u03c4\u03b9\u03c2 \u03c5\u03c8\u03b7\u03bb\u03cc\u03c4\u03b5\u03c1\u03b5\u03c2 \u03b1\u03c0\u03b1\u03b9\u03c4\u03ae\u03c3\u03b5\u03b9\u03c2<\/li>\n \t<li><strong>ScandicYachts<\/strong>: \u03a0\u03bf\u03bb\u03c5\u03c4\u03b5\u03bb\u03ae \u03c3\u03ba\u03ac\u03c6\u03b7 \u03b3\u03b9\u03b1 \u03b1\u03c0\u03bf\u03ba\u03bb\u03b5\u03b9\u03c3\u03c4\u03b9\u03ba\u03ad\u03c2 \u03b5\u03bc\u03c0\u03b5\u03b9\u03c1\u03af\u03b5\u03c2 \u03c3\u03c4\u03bf \u03bd\u03b5\u03c1\u03cc<\/li>\n \t<li><strong>ScandicEstate<\/strong>: \u0391\u03ba\u03af\u03bd\u03b7\u03c4\u03b1 \u03c0\u03c1\u03ce\u03c4\u03b7\u03c2 \u03ba\u03b1\u03c4\u03b7\u03b3\u03bf\u03c1\u03af\u03b1\u03c2 \u03c3\u03b5 \u03cc\u03bb\u03bf \u03c4\u03bf\u03bd \u03ba\u03cc\u03c3\u03bc\u03bf - \u03b1\u03c0\u03cc \u03b2\u03af\u03bb\u03b5\u03c2 \u03c3\u03c4\u03b7\u03bd \u039a\u03c5\u03b1\u03bd\u03ae \u0391\u03ba\u03c4\u03ae \u03bc\u03ad\u03c7\u03c1\u03b9 \u03c1\u03b5\u03c4\u03b9\u03c1\u03ad \u03c3\u03c4\u03bf \u039d\u03c4\u03bf\u03c5\u03bc\u03c0\u03ac\u03b9<\/li>\n \t<li><strong>ScandicPay<\/strong>\u039a\u03b1\u03b9\u03bd\u03bf\u03c4\u03cc\u03bc\u03b5\u03c2 \u03bb\u03cd\u03c3\u03b5\u03b9\u03c2 \u03c0\u03bb\u03b7\u03c1\u03c9\u03bc\u03ce\u03bd \u03b3\u03b9\u03b1 \u03b3\u03c1\u03ae\u03b3\u03bf\u03c1\u03b5\u03c2, \u03b1\u03c3\u03c6\u03b1\u03bb\u03b5\u03af\u03c2 \u03ba\u03b1\u03b9 \u03c0\u03b1\u03b3\u03ba\u03cc\u03c3\u03bc\u03b9\u03b5\u03c2 \u03c3\u03c5\u03bd\u03b1\u03bb\u03bb\u03b1\u03b3\u03ad\u03c2<\/li>\n \t<li><strong>ScandicTrade<\/strong>: \u039a\u03c1\u03c5\u03c0\u03c4\u03bf\u03bd\u03cc\u03bc\u03b9\u03c3\u03bc\u03b1 ScandicCoin \u03ba\u03b1\u03b9 \u03c8\u03b7\u03c6\u03b9\u03b1\u03ba\u03ae \u03b5\u03c0\u03b5\u03bd\u03b4\u03c5\u03c4\u03b9\u03ba\u03ae \u03c0\u03bb\u03b1\u03c4\u03c6\u03cc\u03c1\u03bc\u03b1 \u03b3\u03b9\u03b1 \u03b5\u03c0\u03b5\u03bd\u03b4\u03c5\u03c4\u03b9\u03ba\u03ad\u03c2 \u03b5\u03c5\u03ba\u03b1\u03b9\u03c1\u03af\u03b5\u03c2 \u03bc\u03b5 \u03bc\u03ad\u03bb\u03bb\u03bf\u03bd<\/li>\n<\/ul>\n<h2>\u0397 \u03bf\u03b4\u03b7\u03b3\u03b9\u03ba\u03ae \u03c3\u03b1\u03c2 \u03b5\u03bc\u03c0\u03b5\u03b9\u03c1\u03af\u03b1, \u03b7 \u03b4\u03b9\u03ba\u03ae \u03bc\u03b1\u03c2 \u03bf\u03b4\u03ae\u03b3\u03b7\u03c3\u03b7<\/h2>\nScandicCars ist mehr als eine Luxusautovermietung \u2013 wir verstehen uns als Ihr Partner f\u00fcr exklusive Mobilit\u00e4t. Durch die Integration in ein hochkar\u00e4tiges Markennetzwerk bieten wir Dienstleistungen, die weit \u00fcber das \u00dcbliche hinausgehen.\n\nGanz gleich, ob Sie einen adrenaligeladenen Supercar-Trip planen, VIP-G\u00e4ste stilvoll chauffieren lassen m\u00f6chten oder als Unternehmen einen zuverl\u00e4ssigen Mobilit\u00e4tspartner f\u00fcr Events und Gesch\u00e4ftsreisen suchen \u2013 wir stehen an Ihrer Seite. Jede Anfrage, ob spontan \u00fcber unser mobiles Buchungssystem oder langfristig geplant, wird mit der gleichen Sorgfalt und Professionalit\u00e4t bearbeitet.\n\nErleben Sie mit ScandicCars die Faszination automobiler H\u00f6chstleistungen und unbegrenzten Luxus auf R\u00e4dern, unterst\u00fctzt von einem Netzwerk, das jeden Aspekt Ihres Lebensstils veredelt. Kontaktieren Sie uns noch heute und entdecken Sie, wie ScandicCars Ihr n\u00e4chstes Fahrerlebnis unvergesslich machen wird \u2013 denn\u00a0<strong>\u0391\u03c1\u03b9\u03c3\u03c4\u03b5\u03af\u03b1<\/strong>\u00a0\u03b5\u03af\u03bd\u03b1\u03b9 \u03b7 \u03b4\u03b9\u03ba\u03ae \u03bc\u03b1\u03c2\t\t\t\t\t\t\t\t<\/div>\n\t\t\t\t\t<\/div>\n\t\t\t\t<\/div>\n\t\t\t\t<\/div>","protected":false},"excerpt":{"rendered":"<p>SCANDIC CARS: Luxuri\u00f6se Mobilit\u00e4t neu definiert Willkommen bei ScandicCars, einer weltweit f\u00fchrenden Marke der renommierten LEGIER GRUPPE. Die LEGIER GRUPPE ist ein diversifizierter internationaler Mischkonzern mit 30 Jahren Erfolgsgeschichte und Inhaberin von 115 Tageszeitungen, die weltweit auf allen Kontinenten rund um die Uhr aktuelle Nachrichten publizieren. Als Mitglied des exklusiven SCANDIC Markenverbunds bieten wir weit [&hellip;]<\/p>\n","protected":false},"author":1,"featured_media":0,"parent":0,"menu_order":0,"comment_status":"closed","ping_status":"closed","template":"","meta":{"footnotes":""},"class_list":["post-772","page","type-page","status-publish","hentry"],"_links":{"self":[{"href":"https:\/\/legiergroup.info\/el\/wp-json\/wp\/v2\/pages\/772","targetHints":{"allow":["GET"]}}],"collection":[{"href":"https:\/\/legiergroup.info\/el\/wp-json\/wp\/v2\/pages"}],"about":[{"href":"https:\/\/legiergroup.info\/el\/wp-json\/wp\/v2\/types\/page"}],"author":[{"embeddable":true,"href":"https:\/\/legiergroup.info\/el\/wp-json\/wp\/v2\/users\/1"}],"replies":[{"embeddable":true,"href":"https:\/\/legiergroup.info\/el\/wp-json\/wp\/v2\/comments?post=772"}],"version-history":[{"count":11,"href":"https:\/\/legiergroup.info\/el\/wp-json\/wp\/v2\/pages\/772\/revisions"}],"predecessor-version":[{"id":1936,"href":"https:\/\/legiergroup.info\/el\/wp-json\/wp\/v2\/pages\/772\/revisions\/1936"}],"wp:attachment":[{"href":"https:\/\/legiergroup.info\/el\/wp-json\/wp\/v2\/media?parent=772"}],"curies":[{"name":"wp","href":"https:\/\/api.w.org\/{rel}","templated":true}]}}