{"id":1642,"date":"2025-10-06T14:16:48","date_gmt":"2025-10-06T14:16:48","guid":{"rendered":"https:\/\/legiergroup.info\/?page_id=1642"},"modified":"2025-10-21T13:44:26","modified_gmt":"2025-10-21T13:44:26","slug":"scandic-pay","status":"publish","type":"page","link":"https:\/\/legiergroup.info\/es\/scandic-pay\/","title":{"rendered":"Scandic Pay"},"content":{"rendered":"<div data-elementor-type=\"wp-page\" data-elementor-id=\"1642\" class=\"elementor elementor-1642\" data-elementor-post-type=\"page\">\n\t\t\t\t<div class=\"elementor-element elementor-element-980d4cb e-flex e-con-boxed e-con e-parent\" data-id=\"980d4cb\" data-element_type=\"container\" data-e-type=\"container\">\n\t\t\t\t\t<div class=\"e-con-inner\">\n\t\t\t\t<div class=\"elementor-element elementor-element-94375f0 elementor-widget elementor-widget-text-editor\" data-id=\"94375f0\" data-element_type=\"widget\" data-e-type=\"widget\" data-widget_type=\"text-editor.default\">\n\t\t\t\t\t\t\t\t\t<div><img decoding=\"async\" class=\"gold_image\" src=\"https:\/\/scandicpay.de\/web\/uber_uns\/uberuns.jpg\" width=\"100%\" \/><\/div><h1>Qui\u00e9nes somos<\/h1><div>\u00a0<\/div><p class=\"fs-4 fw-bold text-center\">Bienvenido a SCANDIC PAY<br \/>Su socio global para innovaciones pioneras y \u00e9xito sostenible<\/p><p>Como parte integrante de las renombradas divisiones de LEGIER Beteiligungs mbH, las marcas SCANDIC PAY, SCANDIC TRUST y SCANDIC TRADE se posicionan a la vanguardia de la econom\u00eda mundial.<\/p><p>Como conglomerado internacional, LEGIER Beteiligungs mbH crea soluciones pioneras en los \u00e1mbitos de: Media, Real Estate, Crowdfunding, Finanzas y Trading, activos digitales que marcan las pautas del ma\u00f1ana. Nuestra presencia mundial y nuestro incesante compromiso con la excelencia nos convierten en el socio preferido de visionarios, inversores y forjadores del futuro en todo el mundo.<\/p><p>\u00a0<\/p><h2>Crowdfunding: donde los sue\u00f1os alzan el vuelo<\/h2><p>En SCANDIC PAY creemos firmemente que la comunidad tiene el poder de hacer realidad grandes cosas. Nuestra plataforma pionera de crowdfunding re\u00fane a visionarios creativos con una comunidad global de colaboradores para hacer realidad ideas revolucionarias. Desde innovadoras empresas de nueva creaci\u00f3n hasta inspiradores proyectos art\u00edsticos e impactantes iniciativas sociales, ofrecemos no s\u00f3lo la plataforma, sino tambi\u00e9n la experiencia y los recursos necesarios para hacer realidad su visi\u00f3n. Con SCANDIC PAY, \u00a1cada idea se convierte en una historia de \u00e9xito!<\/p><p>\u00a0<\/p><h2>Finanzas: D\u00e9 forma a su futuro financiero<\/h2><p>En SCANDIC PAY, la estabilidad y el crecimiento financieros son m\u00e1s que una promesa: son nuestra misi\u00f3n. Nuestra diversificada cartera de servicios financieros incluye estrategias de inversi\u00f3n personalizadas, gesti\u00f3n de patrimonios de primera clase y soluciones de pr\u00e9stamo flexibles dise\u00f1adas espec\u00edficamente no s\u00f3lo para alcanzar sus objetivos individuales, sino para superarlos. Nuestros expertos le ofrecen ideas visionarias y enfoques innovadores para guiarle en su camino hacia la independencia financiera.<\/p><p>\u00a0<\/p><h2>Activos digitales: trabajo pionero en la creaci\u00f3n de valor digital<\/h2><p>En un mundo que se digitaliza cada vez m\u00e1s r\u00e1pido, SCANDIC PAY est\u00e1 a la vanguardia de la innovaci\u00f3n. Como pionero en tecnolog\u00eda blockchain y tarjetas DEBIT, SCANDIC PAY est\u00e1 configurando activamente el futuro del comercio digital. Nuestras soluciones no solo son seguras y transparentes, sino tambi\u00e9n pioneras, abriendo las puertas a una nueva era de la gesti\u00f3n de patrimonios. Tanto si es usted un inversor experimentado como un reci\u00e9n llegado al mundo de los activos digitales, con nosotros descubrir\u00e1 posibilidades ilimitadas para su cartera. Sum\u00e9rjase con nosotros en el fascinante mundo de los activos digitales.<\/p><p>\u00a0<\/p><h2>Nuestra fuerza: diversidad global y sinergias<\/h2><p>Como parte de un conglomerado internacional, SCANDIC PAY ocupa una posici\u00f3n \u00fanica en todos los continentes para satisfacer las complejas y din\u00e1micas necesidades de nuestros clientes en todo el mundo. Nuestra amplia diversificaci\u00f3n nos permite crear sinergias que trascienden las fronteras tradicionales de la industria. Esto le da acceso a una red inigualable de recursos, experiencia y soluciones innovadoras. Con SCANDIC PAY a su lado, tendr\u00e1 un socio que no s\u00f3lo comprende sus ambiciones, sino que tambi\u00e9n las hace realidad.<\/p><p>\u00a0<\/p><h2>Nuestra visi\u00f3n: redefinir juntos el futuro<\/h2><p>SCANDIC PAY es m\u00e1s que una empresa: somos un motor de cambio. Ponemos la innovaci\u00f3n, la comunidad y la satisfacci\u00f3n del cliente en el centro de todo lo que hacemos. Cada d\u00eda nos comprometemos a utilizar tecnolog\u00eda avanzada y conocimientos financieros para hacer del mundo un lugar mejor y ampliar los l\u00edmites de lo posible. Forme parte de nuestra misi\u00f3n y d\u00e9 forma al futuro con nosotros.<\/p><p>Descubra un mundo de posibilidades ilimitadas con SCANDIC PAY: nos preocupamos por su visi\u00f3n, su \u00e9xito financiero y su futuro digital. Conf\u00ede en nuestra experiencia y escribamos juntos la historia. Bienvenido a un futuro que estamos forjando juntos.<\/p><p>\u00a0<\/p><p>SCANDIC PAY Tarjeta de d\u00e9bito<\/p><div class=\"\"><div><div><div><img decoding=\"async\" class=\"credit-card-img\" src=\"https:\/\/scandicpay.de\/images\/card.png\" alt=\"SCANDIC PAY Mastercard\" \/><\/div><div><img decoding=\"async\" class=\"credit-card-img\" src=\"https:\/\/scandicpay.de\/images\/card2.png\" alt=\"SCANDIC PAY Mastercard\" \/><\/div><\/div><\/div><\/div>\t\t\t\t\t\t\t\t<\/div>\n\t\t\t\t\t<\/div>\n\t\t\t\t<\/div>\n\t\t\t\t<\/div>","protected":false},"excerpt":{"rendered":"<p>\u00dcber uns \u00a0 Willkommen bei SCANDIC PAYIhrem weltweit agierenden Partner f\u00fcr bahnbrechende Innovationen und nachhaltigen Erfolg Als integraler Bestandteil renommierter Unternehmensbereiche der LEGIER Beteiligungs mbH, positionieren sich die Marken: SCANDIC PAY, SCANDIC TRUST und SCANDIC TRADE an der Spitze der globalen Wirtschaft. Die LEGIER Beteiligungs mbH schafft als internationaler Mischkonzern durch wegweisende L\u00f6sungen in den [&hellip;]<\/p>\n","protected":false},"author":2,"featured_media":0,"parent":0,"menu_order":0,"comment_status":"closed","ping_status":"closed","template":"","meta":{"footnotes":""},"class_list":["post-1642","page","type-page","status-publish","hentry"],"_links":{"self":[{"href":"https:\/\/legiergroup.info\/es\/wp-json\/wp\/v2\/pages\/1642","targetHints":{"allow":["GET"]}}],"collection":[{"href":"https:\/\/legiergroup.info\/es\/wp-json\/wp\/v2\/pages"}],"about":[{"href":"https:\/\/legiergroup.info\/es\/wp-json\/wp\/v2\/types\/page"}],"author":[{"embeddable":true,"href":"https:\/\/legiergroup.info\/es\/wp-json\/wp\/v2\/users\/2"}],"replies":[{"embeddable":true,"href":"https:\/\/legiergroup.info\/es\/wp-json\/wp\/v2\/comments?post=1642"}],"version-history":[{"count":15,"href":"https:\/\/legiergroup.info\/es\/wp-json\/wp\/v2\/pages\/1642\/revisions"}],"predecessor-version":[{"id":1831,"href":"https:\/\/legiergroup.info\/es\/wp-json\/wp\/v2\/pages\/1642\/revisions\/1831"}],"wp:attachment":[{"href":"https:\/\/legiergroup.info\/es\/wp-json\/wp\/v2\/media?parent=1642"}],"curies":[{"name":"wp","href":"https:\/\/api.w.org\/{rel}","templated":true}]}}