{"id":1825,"date":"2025-10-21T13:49:15","date_gmt":"2025-10-21T13:49:15","guid":{"rendered":"https:\/\/legiergroup.info\/?page_id=1825"},"modified":"2025-10-21T14:08:21","modified_gmt":"2025-10-21T14:08:21","slug":"comercio-escandinavo","status":"publish","type":"page","link":"https:\/\/legiergroup.info\/es\/scandic-trade\/","title":{"rendered":"Scandic Trade"},"content":{"rendered":"<div data-elementor-type=\"wp-page\" data-elementor-id=\"1825\" class=\"elementor elementor-1825\" data-elementor-post-type=\"page\">\n\t\t\t\t<div class=\"elementor-element elementor-element-24ad50c e-flex e-con-boxed e-con e-parent\" data-id=\"24ad50c\" data-element_type=\"container\" data-e-type=\"container\">\n\t\t\t\t\t<div class=\"e-con-inner\">\n\t\t\t\t<div class=\"elementor-element elementor-element-9111cd0 elementor-widget elementor-widget-text-editor\" data-id=\"9111cd0\" data-element_type=\"widget\" data-e-type=\"widget\" data-widget_type=\"text-editor.default\">\n\t\t\t\t\t\t\t\t\t<div class=\"elementor-scandictrade-section\">\n\n  <div>\n    <img decoding=\"async\" class=\"gold_image\" src=\"https:\/\/legiergroup.info\/wp-content\/uploads\/2025\/09\/final-scandic-trade-PNG.png\" width=\"100%\" alt=\"SCANDIC TRADE\" \/>\n  <\/div>\n\n  <h1 class=\"text-center\">ScandicTrade de Legier<\/h1>\n\n  <p class=\"fs-4 fw-bold text-center\">\n    SCANDIC TRADE es una nueva unidad de negocio de una empresa chipriota de inversi\u00f3n (CIF) en cooperaci\u00f3n con LEGIER Beteiligungs mbH.\n    La plataforma est\u00e1 regulada actualmente por la Cyprus Securities Exchange Commission (CySEC), lo que genera confianza y credibilidad.\n  <\/p>\n\n  <h2>Diversas oportunidades comerciales<\/h2>\n  <p>SCANDIC TRADE ofrece una amplia gama de instrumentos financieros:<\/p>\n  <ul>\n    <li><strong>Acciones e \u00edndices:<\/strong> CFD sobre \u00edndices como el DAX, el Dow Jones y acciones de empresas como Apple o SAP.<\/li>\n    <li><strong>Divisas:<\/strong> Trading en pares de divisas, spreads desde 0 pips.<\/li>\n    <li><strong>Metales:<\/strong> Oro, plata y platino para diversificar.<\/li>\n    <li><strong>Materias primas y energ\u00eda:<\/strong> CFD sobre petr\u00f3leo crudo y otros mercados.<\/li>\n    <li><strong>Futuros:<\/strong> \u00cdndice Alemania 40 o bonos estadounidenses a 10 a\u00f1os.<\/li>\n    <li><strong>Criptomonedas:<\/strong> Bitcoin, Ethereum, Solana y m\u00e1s.<\/li>\n  <\/ul>\n  <p>Esta diversidad permite a los usuarios diversificar las carteras y beneficiarse de los cambios del mercado.<\/p>\n\n  <h2>Accesibilidad y comunidad<\/h2>\n  <p>La plataforma hace que el trading sea sencillo, comprensible y emocionante, tanto para principiantes como para profesionales. SCANDIC TRADE promueve una comunidad global en la que se comparten conocimientos para invertir juntos con \u00e9xito. La educaci\u00f3n es una prioridad: una comunidad de inversi\u00f3n apoya el intercambio entre principiantes y expertos para aumentar los conocimientos y la prosperidad.<\/p>\n\n  <h2>Tecnolog\u00eda innovadora<\/h2>\n  <p>SCANDIC TRADE ofrece una plataforma intuitiva con herramientas profesionales para todos los niveles de experiencia. Destacan las carteras inteligentes que agrupan activos seg\u00fan temas como el 5G o las energ\u00edas renovables. Estas utilizan algoritmos, aprendizaje autom\u00e1tico e IA para adaptar las estrategias a las condiciones del mercado. La gama de activos digitales, como Ether o Litecoin, crece constantemente.<\/p>\n\n  <h2>Ventajas localizadas<\/h2>\n  <p>Las cuentas en GBP, EUR y USD evitan las comisiones de conversi\u00f3n y ofrecen una experiencia de negociaci\u00f3n local. Los clientes reciben una tarjeta de d\u00e9bito SCANDIC TRADE para acceder f\u00e1cilmente a sus fondos.<\/p>\n\n  <h2>Comercio de derechos de emisi\u00f3n<\/h2>\n  <p>SCANDIC TRADE permite comerciar con certificados de CO\u2082, de forma similar al R\u00e9gimen Comunitario de Comercio de Derechos de Emisi\u00f3n (RCCDE). Esto abre oportunidades de inversi\u00f3n sostenible y una mayor diversificaci\u00f3n.<\/p>\n\n  <p>SCANDIC TRADE combina as\u00ed una amplia gama de instrumentos financieros con un enfoque centrado en la comunidad, la educaci\u00f3n y la tecnolog\u00eda. Con herramientas f\u00e1ciles de usar, carteras inteligentes y beneficios localizados, la plataforma se posiciona como una soluci\u00f3n accesible para cualquiera que busque aumentar sus conocimientos y su patrimonio.<\/p>\n\n<\/div>\n\n<style>\n  .elementor-scandictrade-section {\n    max-width: 1000px;\n    margin: 0 auto;\n    color: #1a1a1a;\n    line-height: 1.8;\n    font-family: \"Helvetica Neue\", Helvetica, Arial, sans-serif;\n  }\n\n  .elementor-scandictrade-section h1 {\n    text-align: center;\n    font-size: 2.4rem;\n    margin-top: 2rem;\n    margin-bottom: 1rem;\n    color: black;\n    font-weight: 800;\n  }\n\n  .elementor-scandictrade-section h2 {\n    font-size: 1.5rem;\n    margin-top: 2.5rem;\n    margin-bottom: 0.75rem;\n    color: black;\n    font-weight: 700;\n  }\n\n  .elementor-scandictrade-section p {\n    margin-bottom: 1rem;\n  }\n\n  .elementor-scandictrade-section ul {\n    margin-left: 1.5rem;\n    margin-bottom: 1rem;\n  }\n\n  .elementor-scandictrade-section li {\n    margin-bottom: 0.5rem;\n  }\n\n  .elementor-scandictrade-section .fs-4 {\n    font-size: 1.25rem;\n  }\n\n  .elementor-scandictrade-section .fw-bold {\n    font-weight: 700;\n  }\n\n  .elementor-scandictrade-section .text-center {\n    text-align: center;\n  }\n\n  .elementor-scandictrade-section img {\n    border-radius: 12px;\n    box-shadow: 0 6px 18px rgba(0,0,0,0.1);\n    margin: 2rem 0;\n  }\n<\/style>\n\t\t\t\t\t\t\t\t<\/div>\n\t\t\t\t\t<\/div>\n\t\t\t\t<\/div>\n\t\t\t\t<\/div>","protected":false},"excerpt":{"rendered":"<p>ScandicTrade by Legier SCANDIC TRADE ist eine neue Gesch\u00e4ftseinheit einer zypriotischen Investmentfirma (CIF) in Zusammenarbeit mit der LEGIER Beteiligungs mbH. Die Plattform wird derzeit von der Cyprus Securities Exchange Commission (CySEC) reguliert, was Vertrauen und Glaubw\u00fcrdigkeit schafft. Vielf\u00e4ltige Handelsm\u00f6glichkeiten SCANDIC TRADE bietet eine breite Palette von Finanzinstrumenten: Aktien und Indizes: CFDs auf Indizes wie DAX, [&hellip;]<\/p>\n","protected":false},"author":2,"featured_media":0,"parent":0,"menu_order":0,"comment_status":"closed","ping_status":"closed","template":"","meta":{"footnotes":""},"class_list":["post-1825","page","type-page","status-publish","hentry"],"_links":{"self":[{"href":"https:\/\/legiergroup.info\/es\/wp-json\/wp\/v2\/pages\/1825","targetHints":{"allow":["GET"]}}],"collection":[{"href":"https:\/\/legiergroup.info\/es\/wp-json\/wp\/v2\/pages"}],"about":[{"href":"https:\/\/legiergroup.info\/es\/wp-json\/wp\/v2\/types\/page"}],"author":[{"embeddable":true,"href":"https:\/\/legiergroup.info\/es\/wp-json\/wp\/v2\/users\/2"}],"replies":[{"embeddable":true,"href":"https:\/\/legiergroup.info\/es\/wp-json\/wp\/v2\/comments?post=1825"}],"version-history":[{"count":16,"href":"https:\/\/legiergroup.info\/es\/wp-json\/wp\/v2\/pages\/1825\/revisions"}],"predecessor-version":[{"id":1844,"href":"https:\/\/legiergroup.info\/es\/wp-json\/wp\/v2\/pages\/1825\/revisions\/1844"}],"wp:attachment":[{"href":"https:\/\/legiergroup.info\/es\/wp-json\/wp\/v2\/media?parent=1825"}],"curies":[{"name":"wp","href":"https:\/\/api.w.org\/{rel}","templated":true}]}}