{"id":754,"date":"2025-09-17T01:23:44","date_gmt":"2025-09-17T01:23:44","guid":{"rendered":"https:\/\/legiergroup.info\/?page_id=754"},"modified":"2025-10-21T13:34:03","modified_gmt":"2025-10-21T13:34:03","slug":"gobierno-corporativo","status":"publish","type":"page","link":"https:\/\/legiergroup.info\/es\/corporate-governance\/","title":{"rendered":"Gobierno corporativo"},"content":{"rendered":"<div data-elementor-type=\"wp-page\" data-elementor-id=\"754\" class=\"elementor elementor-754\" data-elementor-post-type=\"page\">\n\t\t\t\t<div class=\"elementor-element elementor-element-ab07a84 e-flex e-con-boxed e-con e-parent\" data-id=\"ab07a84\" data-element_type=\"container\" data-e-type=\"container\">\n\t\t\t\t\t<div class=\"e-con-inner\">\n\t\t\t\t<div class=\"elementor-element elementor-element-6c2444e elementor-widget elementor-widget-text-editor\" data-id=\"6c2444e\" data-element_type=\"widget\" data-e-type=\"widget\" data-widget_type=\"text-editor.default\">\n\t\t\t\t\t\t\t\t\t<h1>Directrices sobre cuestiones importantes de gobierno corporativo<\/h1><p>\u00a0<\/p><h2>Introducci\u00f3n<\/h2><p>ScandicEstate, ScandicPay, ScandicYachts, ScandicFly, ScandicTrade y Scandic Group son marcas comerciales de LEGIER Beteiligungs mbH, una sociedad alemana de responsabilidad limitada con domicilio social en Kurfurstendamm 14, DE 10719 Berl\u00edn (Rep\u00fablica Federal de Alemania).<\/p><p>Las siguientes directrices garantizan un gobierno corporativo responsable, transparente y conforme a la ley. Tienen en cuenta las disposiciones del C\u00f3digo de Comercio alem\u00e1n (HGB), la Ley alemana de Sociedades de Responsabilidad Limitada (GmbHG), la Ley alemana del Impuesto sobre la Renta (EStG) y la Ley alemana de Diligencia Debida en la Cadena de Suministro (LkSG). Se complementan con un marco de cumplimiento que garantiza la observancia de las obligaciones de diligencia debida en materia de derechos humanos y medio ambiente de conformidad con la LkSG.<\/p><p>\u00a0<\/p><h2>I. Responsabilidad de la direcci\u00f3n<\/h2><p>El Director General de LEGIER Beteiligungs mbH es responsable de la gesti\u00f3n y representaci\u00f3n de la empresa de conformidad con el art\u00edculo 35 GmbHG. Act\u00faa en inter\u00e9s de los accionistas, ante los que es responsable, y garantiza el valor a largo plazo de LEGIER Beteiligungs mbH y sus marcas. Est\u00e1 sujeto a los requisitos legales de la GmbHG, en particular el deber de diligencia de conformidad con el art\u00edculo 43 de la GmbHG, y es responsable de la adecuada tenedur\u00eda de libros y contabilidad de conformidad con el art\u00edculo 238 del HGB y el art\u00edculo 242 del HGB.<\/p><p>\u00a0<\/p><h4>Cumplimiento fiscal<\/h4><p>El Director General garantiza el cumplimiento de las obligaciones fiscales, entre otras:<\/p><ul><li>Presentaci\u00f3n puntual de las declaraciones fiscales y pago de impuestos de conformidad con la Ley alemana del Impuesto de Sociedades (KStG).<\/li><li>Retenci\u00f3n e ingreso a cuenta del impuesto sobre la renta de los trabajadores y administradores conforme al art\u00edculo 38 de la EStG.<\/li><li>Retenci\u00f3n y pago del impuesto sobre las plusval\u00edas en las distribuciones, de conformidad con el art\u00edculo 43 de la EStG.<\/li><li>Garantizar condiciones de plena competencia en las transacciones con partes vinculadas para evitar repartos de beneficios ocultos de conformidad con el art\u00edculo 8 de la KStG.<\/li><li>Cumplimiento de la documentaci\u00f3n sobre precios de transferencia de conformidad con la secci\u00f3n 1 de la AStG, si procede.<\/li><li>Entrega de certificados de retenci\u00f3n de impuestos de conformidad con el art\u00edculo 45a de la EStG.<\/li><\/ul><p>En caso necesario, el director gerente puede consultar a asesores fiscales. En el marco de la LkSG, deben tenerse en cuenta los aspectos fiscales de las operaciones con proveedores, en particular la retenci\u00f3n de impuestos con arreglo al art\u00edculo 50a de la Ley alemana del impuesto sobre la renta (EStG) para los pagos a proveedores extranjeros.<\/p><p>\u00a0<\/p><h4>Integraci\u00f3n del marco de cumplimiento<\/h4><p>El Director General es responsable de aplicar el marco de cumplimiento de conformidad con la Secci\u00f3n 4 de la LkSG, que incluye lo siguiente:<\/p><ul><li>Seguimiento del an\u00e1lisis anual de riesgos de conformidad con el art\u00edculo 5 de la LkSG.<\/li><li>Aplicaci\u00f3n de medidas preventivas y correctoras de conformidad con el art\u00edculo 6 de la LkSG.<\/li><li>Establecimiento de un procedimiento de reclamaci\u00f3n de conformidad con el art\u00edculo 8 de la LkSG.<\/li><li>Informes peri\u00f3dicos de conformidad con el art\u00edculo 10 de la LkSG.<\/li><\/ul><p>Garantiza el cumplimiento de normas \u00e9ticas para evitar el trabajo forzado, el trabajo infantil, la discriminaci\u00f3n y la destrucci\u00f3n del medio ambiente.<\/p><p>\u00a0<\/p><h2>II Composici\u00f3n del Consejo de Administraci\u00f3n<\/h2><p>La direcci\u00f3n est\u00e1 compuesta por un consejero delegado, nombrado de conformidad con el art\u00edculo 37 GmbHG. Act\u00faa de forma independiente y objetiva, libre de cualquier relaci\u00f3n personal o empresarial significativa que pudiera comprometer su independencia.<\/p><p>\u00a0<\/p><h4>Integraci\u00f3n del marco de cumplimiento<\/h4><p>Durante el proceso de selecci\u00f3n, se hace especial hincapi\u00e9 en los conocimientos en materia de cumplimiento, sobre todo en lo que respecta a los derechos humanos y las normas medioambientales, de conformidad con el art\u00edculo 4 de la LkSG. El Director General debe aplicar eficazmente el marco de cumplimiento y comprobar que los proveedores cumplen las normas \u00e9ticas de conformidad con la Secci\u00f3n 6 de la LkSG.<\/p><p>\u00a0<\/p><h2>III Nombramiento del Consejo de Administraci\u00f3n<\/h2><h4>Selecci\u00f3n del Director General<\/h4><p>La junta de accionistas nombra al director general de acuerdo con la secci\u00f3n 37 GmbHG, opcionalmente por recomendaci\u00f3n de un comit\u00e9 de nombramientos. Las cualificaciones pertinentes incluyen:<\/p><ul><li>Compromiso con los intereses de los accionistas,<\/li><li>Conocimientos del sector (inmobiliario, operaciones de pago, construcci\u00f3n de yates, aviaci\u00f3n, comercio, servicios fiduciarios),<\/li><li>Cualidades de liderazgo, \u00e9tica e integridad,<\/li><li>Experiencia en gesti\u00f3n de riesgos, finanzas y derecho,<\/li><li>Conocimientos de contabilidad de conformidad con los \u00a7\u00a7 242 y ss. HGB,<\/li><li>Cumplimiento fiscal seg\u00fan la EStG.<\/li><\/ul><p>\u00a0<\/p><h4>Integraci\u00f3n del marco de cumplimiento<\/h4><p>Se requiere experiencia en la implantaci\u00f3n de sistemas de cumplimiento, en particular an\u00e1lisis de riesgos de acuerdo con la Secci\u00f3n 5 LkSG y auditor\u00edas de proveedores de acuerdo con la Secci\u00f3n 6 LkSG. Se fomenta la diversidad.<\/p><p>\u00a0<\/p><h4>Director General en caso de cambio en sus funciones<\/h4><p>En caso de jubilaci\u00f3n o cambio de cargo, la junta de accionistas revisar\u00e1 la idoneidad de sus actividades. Los cambios deber\u00e1n comunicarse inmediatamente.<\/p><p>\u00a0<\/p><h2>IV. C\u00f3digo de conducta y \u00e9tica en los negocios<\/h2><p>El Director Gerente y los empleados se adhieren a un c\u00f3digo de conducta que promueve la \u00e9tica, la integridad y las normas legales. De acuerdo con la Secci\u00f3n 43 GmbHG, el Director Gerente ejerce la diligencia de un gestor prudente.<\/p><h4>Integraci\u00f3n del marco de cumplimiento<\/h4><p>El C\u00f3digo de Conducta se basa en la Declaraci\u00f3n de Principios conforme al art\u00edculo 4 de la LkSG y exige el cumplimiento de las normas sobre derechos humanos y medio ambiente. Los proveedores deben cumplir el c\u00f3digo correspondiente.<\/p><p>\u00a0<\/p><h2>V. Desempe\u00f1o y sucesi\u00f3n del Consejo de Administraci\u00f3n; remuneraci\u00f3n<\/h2><p>\u00a0<\/p><h4>Rendimiento y sucesi\u00f3n<\/h4><p>La junta de accionistas revisa peri\u00f3dicamente la actuaci\u00f3n del director general y planifica anualmente su sucesi\u00f3n.<\/p><p>\u00a0<\/p><p><strong>Integraci\u00f3n del marco de cumplimiento<\/strong><\/p><p>La evaluaci\u00f3n de resultados eval\u00faa la aplicaci\u00f3n del marco de cumplimiento, en particular la minimizaci\u00f3n de riesgos de conformidad con el art\u00edculo 5 de la LkSG y la tramitaci\u00f3n de reclamaciones de conformidad con el art\u00edculo 8 de la LkSG.<\/p><p>\u00a0<\/p><h4>Remuneraci\u00f3n de los directivos<\/h4><p>La remuneraci\u00f3n se determina de conformidad con el art\u00edculo 38 de la GmbHG, se basa en los resultados y las normas del mercado y promueve la creaci\u00f3n de valor a largo plazo y el cumplimiento de la LkSG. Cumple los requisitos fiscales de conformidad con el art\u00edculo 38 de la EStG.<\/p><h2>\u00a0<\/h2><h2>VI Reuniones del Consejo de Administraci\u00f3n<\/h2><p>No hay reuniones peri\u00f3dicas para un director gerente. Sin embargo, se re\u00fane peri\u00f3dicamente con la junta de accionistas de conformidad con el art\u00edculo 242 del C\u00f3digo de Comercio.<\/p><h4>\u00a0<\/h4><h4>Integraci\u00f3n del marco de cumplimiento<\/h4><p>Las cuestiones de cumplimiento, incluidos los riesgos y las reclamaciones de conformidad con el art\u00edculo 8 de la LkSG, son puntos habituales del orden del d\u00eda.<\/p><h2>\u00a0<\/h2><h2>VII Comisiones<\/h2><p>Pueden crearse comit\u00e9s, como el de auditor\u00eda o el de nombramientos, de conformidad con la secci\u00f3n 47 GmbHG.<\/p><h4>\u00a0<\/h4><h4>Integraci\u00f3n del marco de cumplimiento<\/h4><p>Se recomienda un comit\u00e9 de cumplimiento para supervisar el marco de acuerdo con la Secci\u00f3n 5 LkSG y la Secci\u00f3n 8 LkSG.<\/p><h2>\u00a0<\/h2><h2>VIII Comunicaci\u00f3n con los accionistas<\/h2><p>Los accionistas pueden ponerse en contacto con el director general por correo electr\u00f3nico (<a href=\"mailto:info@legier-beteiligungs.de\" target=\"_blank\" rel=\"noopener noreferrer\">info@legier-beteiligungs.de<\/a>) o carta (Kurfurstendamm 14, DE 10719 Berl\u00edn). Proporciona informaci\u00f3n de conformidad con el art\u00edculo 51a GmbHG. En caso de distribuciones, se retienen impuestos de conformidad con el art\u00edculo 43 EStG y se facilitan certificados de conformidad con el art\u00edculo 45a EStG.<\/p><h4>\u00a0<\/h4><h4>Integraci\u00f3n del marco de cumplimiento<\/h4><p>La comunicaci\u00f3n incluye las quejas de conformidad con la secci\u00f3n 8 de la LkSG y las auditor\u00edas de cumplimiento.<\/p><h2>\u00a0<\/h2><h2>IX. Nombramiento y dimisi\u00f3n del Director General<\/h2><p>El Director General es nombrado de conformidad con la secci\u00f3n 38 GmbHG y puede ser destituido en caso de incumplimiento de sus obligaciones.<\/p><p>\u00a0<\/p><h4>Integraci\u00f3n del marco de cumplimiento<\/h4><p>La adhesi\u00f3n al marco de cumplimiento de conformidad con la Secci\u00f3n 4 de la LkSG es un criterio para el nombramiento y la continuaci\u00f3n en el cargo.<\/p><p>\u00a0<\/p><h2>X. Contabilidad y transparencia<\/h2><p>La empresa cumple la normativa sobre tenedur\u00eda de libros (art\u00edculo 238 del HGB) y contabilidad (art\u00edculo 242 del HGB). Las cuentas anuales con arreglo al art\u00edculo 264 del HGB se publican de conformidad con el art\u00edculo 325 del HGB. Los ajustes fiscales se realizan de conformidad con la secci\u00f3n 5 EStG, los gastos deducibles de conformidad con la secci\u00f3n 4 EStG.<\/p><h4>\u00a0<\/h4><h4>Integraci\u00f3n del marco de cumplimiento<\/h4><p>El informe anual contiene informaci\u00f3n sobre el cumplimiento de la LkSG de conformidad con el art\u00edculo 10 de la LkSG.<\/p><p>\u00a0<\/p><p><strong>Conclusiones<\/strong><\/p><p>Estas directrices promueven un gobierno corporativo responsable que salvaguarde los intereses de los accionistas y garantice un comportamiento \u00e9tico mediante marcos de cumplimiento y conformidad fiscal.<\/p>\t\t\t\t\t\t\t\t<\/div>\n\t\t\t\t\t<\/div>\n\t\t\t\t<\/div>\n\t\t\t\t<\/div>","protected":false},"excerpt":{"rendered":"<p>Leitlinien zu wichtigen Fragen der Corporate Governance \u00a0 Einleitung ScandicEstate, ScandicPay, ScandicYachts, ScandicFly, ScandicTrade und Scandic Group sind Marken im Verbund der LEGIER Beteiligungs mbH, einer deutschen Gesellschaft mit beschr\u00e4nkter Haftung mit Sitz am Kurfurstendamm 14, DE 10719 Berlin (Bundesrepublik Deutschland). Die nachstehenden Leitlinien stellen eine verantwortungsvolle, transparente und gesetzeskonforme Unternehmensf\u00fchrung sicher. Sie ber\u00fccksichtigen die [&hellip;]<\/p>\n","protected":false},"author":1,"featured_media":0,"parent":0,"menu_order":0,"comment_status":"closed","ping_status":"closed","template":"","meta":{"footnotes":""},"class_list":["post-754","page","type-page","status-publish","hentry"],"_links":{"self":[{"href":"https:\/\/legiergroup.info\/es\/wp-json\/wp\/v2\/pages\/754","targetHints":{"allow":["GET"]}}],"collection":[{"href":"https:\/\/legiergroup.info\/es\/wp-json\/wp\/v2\/pages"}],"about":[{"href":"https:\/\/legiergroup.info\/es\/wp-json\/wp\/v2\/types\/page"}],"author":[{"embeddable":true,"href":"https:\/\/legiergroup.info\/es\/wp-json\/wp\/v2\/users\/1"}],"replies":[{"embeddable":true,"href":"https:\/\/legiergroup.info\/es\/wp-json\/wp\/v2\/comments?post=754"}],"version-history":[{"count":17,"href":"https:\/\/legiergroup.info\/es\/wp-json\/wp\/v2\/pages\/754\/revisions"}],"predecessor-version":[{"id":1802,"href":"https:\/\/legiergroup.info\/es\/wp-json\/wp\/v2\/pages\/754\/revisions\/1802"}],"wp:attachment":[{"href":"https:\/\/legiergroup.info\/es\/wp-json\/wp\/v2\/media?parent=754"}],"curies":[{"name":"wp","href":"https:\/\/api.w.org\/{rel}","templated":true}]}}