{"id":739,"date":"2025-09-17T01:18:35","date_gmt":"2025-09-17T01:18:35","guid":{"rendered":"https:\/\/legiergroup.info\/?page_id=739"},"modified":"2025-10-21T13:34:50","modified_gmt":"2025-10-21T13:34:50","slug":"digitaaliset-palvelut","status":"publish","type":"page","link":"https:\/\/legiergroup.info\/fi\/digitale-dienste\/","title":{"rendered":"Digitaaliset palvelut"},"content":{"rendered":"<div data-elementor-type=\"wp-page\" data-elementor-id=\"739\" class=\"elementor elementor-739\" data-elementor-post-type=\"page\">\n\t\t\t\t<div class=\"elementor-element elementor-element-1fb85b1 e-flex e-con-boxed e-con e-parent\" data-id=\"1fb85b1\" data-element_type=\"container\" data-e-type=\"container\">\n\t\t\t\t\t<div class=\"e-con-inner\">\n\t\t\t\t<div class=\"elementor-element elementor-element-7c9f8db elementor-widget elementor-widget-text-editor\" data-id=\"7c9f8db\" data-element_type=\"widget\" data-e-type=\"widget\" data-widget_type=\"text-editor.default\">\n\t\t\t\t\t\t\t\t\t<h1>Digitaalisia palveluja koskeva laki (\u201eDSA\u201c)<\/h1><div><br><\/div>\n<p>Silt\u00e4 osin kuin ScandicEstate, ScandicPay, ScandicYachts, ScandicFly, ScandicTrade ja ScandicTrust tarjoavat LEGIER Beteiligungs mbH-verkostoon kuuluvina tuotemerkkein\u00e4 (\u201eme\u201c, \u201emeit\u00e4\u201c, \u201emeid\u00e4n\u201c) DSA:n 3 artiklan g alakohdan mukaisia v\u00e4lityspalveluja t\u00e4ll\u00e4 verkkosivustolla, niit\u00e4 koskevat seuraavat tiedot:<\/p><p><br><\/p>\n<h2>Keskitetty yhteyspiste<\/h2>\n<p><br><\/p><p>Keskitetty yhteyspisteemme j\u00e4senvaltioiden viranomaisille, komissiolle ja tietosuojasopimuksen 61 artiklassa tarkoitetulle elimelle (tietosuojasopimuksen 11 artiklan 1 kohta) sek\u00e4 palveluidemme k\u00e4ytt\u00e4jille (tietosuojasopimuksen 12 artiklan 1 kohta):<\/p><p><br><\/p>\n<p>LEGIER Sijoitusyritys mbH<br>Kurfurstendamm 14<br>DE 10719 Berlin (Saksan liittotasavalta)<br>Puhelin: +49 (0) 30 99211 - 3 469<br>Kaupparekisteri Berlin-Charlottenburg (Saksan liittotasavalta) HRB 57837<br>Myyntiverotunniste: DE 413445833<br>s\u00e4hk\u00f6posti: DSA@LegierGroup.com<\/p><p><br><\/p>\n<p>Voit kommunikoida kanssamme sek\u00e4 saksaksi ett\u00e4 englanniksi.<\/p><p><br><\/p>\n<h2>Avoimuusraportit<\/h2><div><br><\/div>\n<p>DSA:n 15 artiklan 1 kohdan mukaisesti olemme velvollisia julkaisemaan kerran vuodessa avoimuusraportit suorittamastamme sis\u00e4ll\u00f6n moderoinnista. N\u00e4m\u00e4 raportit laaditaan asianmukaisesti kuluvan tilikauden p\u00e4\u00e4ttymisen j\u00e4lkeen ja ne ovat saatavilla verkkosivuillamme. Kustakin tuotemerkist\u00e4 (ScandicEstate, ScandicPay, ScandicYachts, ScandicYachts, ScandicFly, ScandicTrade ja ScandicTrust), jolla on erillinen verkkoalusta, laaditaan omat raportit.<\/p><p><br><\/p>\n<h2>Laittomasta sis\u00e4ll\u00f6st\u00e4 ilmoittaminen<\/h2><div><br><\/div>\n<p>DSA:n 16 artiklan mukaisesti henkil\u00f6ill\u00e4 ja organisaatioilla on mahdollisuus ilmoittaa tietoja laittomaksi katsomastaan sis\u00e4ll\u00f6st\u00e4 t\u00e4m\u00e4n verkkosivuston hosting-palveluissamme - mukaan lukien verkkoalustat ScandicEstate, ScandicPay, ScandicYachts, ScandicFly, ScandicTrade ja ScandicTrust. Voit tehd\u00e4 t\u00e4m\u00e4n l\u00e4hett\u00e4m\u00e4ll\u00e4 s\u00e4hk\u00f6postia osoitteeseen DSA@LegierGroup.com.<\/p>\n<p>Jos haluatte toimittaa t\u00e4llaisen kertomuksen, ilmoittakaa seuraavat seikat:<\/p><p><br><\/p>\n<ul>\n<li>Asianmukaisesti perusteltu selvitys siit\u00e4, miksi pid\u00e4t kyseist\u00e4 tietoa laittomana sis\u00e4lt\u00f6n\u00e4;<\/li>\n<li>Selke\u00e4 ilmoitus n\u00e4iden tietojen tarkasta s\u00e4hk\u00f6isest\u00e4 sijainnista, kuten tarkka URL-osoite tai -osoitteet, tai tarvittaessa muita laittoman sis\u00e4ll\u00f6n tunnistamiseen tarvittavia tietoja;<\/li>\n<li>Nimesi ja s\u00e4hk\u00f6postiosoitteesi (lukuun ottamatta ilmoituksia rikoksista, jotka liittyv\u00e4t seksuaaliseen hyv\u00e4ksik\u00e4ytt\u00f6\u00f6n, seksuaaliseen riistoon, lapsipornografiaan, yhteydenottoon lapsiin seksuaalisiin tarkoituksiin tai yllytt\u00e4miseen, avunantoon tai yllytykseen tai yritykseen tehd\u00e4 t\u00e4llaisia rikoksia). N\u00e4iss\u00e4 tapauksissa voit tehd\u00e4 ilmoituksen nimett\u00f6m\u00e4n\u00e4 ja ottaa meihin yhteytt\u00e4 puhelimitse numeroon +49 (0) 30 99211 - 3 469;<\/li>\n<li>vakuutus siit\u00e4, ett\u00e4 uskot vilpitt\u00f6m\u00e4ss\u00e4 mieless\u00e4si, ett\u00e4 antamasi tiedot ja lausunnot ovat oikeita ja t\u00e4ydellisi\u00e4.<\/li>\n<\/ul>\n<p>K\u00e4sittelemme kaikki ilmoitukset nopeasti, huolellisesti, puolueettomasti ja mielivaltaisesti. Saat p\u00e4\u00e4t\u00f6ksemme viipym\u00e4tt\u00e4 sek\u00e4 tietoa mahdollisista oikeussuojakeinoista.<\/p><p><br><\/p>\n<h2>Verkkoalustat<\/h2><div><br><\/div>\n<p>Seuraavat tiedot sis\u00e4isest\u00e4 valitustenhallintaj\u00e4rjestelm\u00e4st\u00e4mme (DSA:n 20 artikla), riitojen ratkaisuvaihtoehdoista tuomioistuinten ulkopuolella (DSA:n 21 artikla), toimenpiteist\u00e4 ja suojautumisesta v\u00e4\u00e4rink\u00e4yt\u00f6ksilt\u00e4 (DSA:n 23 artikla) sek\u00e4 itsevarmennusten hankkimisesta (DSA:n 21 artikla). 30 para. 1 lit. e) DSA) koskevat ainoastaan ScandicEstate, ScandicPay, ScandicYachts, ScandicFly, ScandicTrade ja ScandicTrust -palveluiden k\u00e4ytt\u00e4ji\u00e4, jotka ovat DSA:ssa tarkoitettuja \u201everkkoalustoja\u201c.<\/p>\n<p>Voimme tehd\u00e4 rajoittavia p\u00e4\u00e4t\u00f6ksi\u00e4, jotka koskevat suosittelupalveluidemme k\u00e4ytt\u00e4jien sis\u00e4lt\u00f6\u00e4 tai tilej\u00e4, jos uskomme, ett\u00e4 k\u00e4ytt\u00e4j\u00e4t rikkovat lakia tai k\u00e4ytt\u00f6ehtojamme (\u201eEhdot\u201c). Esimerkkej\u00e4 t\u00e4llaisista p\u00e4\u00e4t\u00f6ksist\u00e4 ovat:<\/p><p><br><\/p>\n<ol>\n<li>K\u00e4ytt\u00e4j\u00e4n sis\u00e4ll\u00f6n n\u00e4kyvyyden rajoittaminen tai est\u00e4minen;<\/li>\n<li>k\u00e4ytt\u00e4jille tarjottavien palveluidemme t\u00e4ydellinen tai osittainen keskeytt\u00e4minen tai lopettaminen;<\/li>\n<li>K\u00e4ytt\u00e4j\u00e4tilin keskeytt\u00e4minen tai sulkeminen;<\/li>\n<li>K\u00e4ytt\u00e4j\u00e4sis\u00e4ll\u00f6n rahaksi muuttamisen vaihtoehtojen rajoittaminen;<\/li>\n<li>Kielt\u00e4ytyminen k\u00e4ytt\u00e4m\u00e4st\u00e4 verkkomarkkinapaikkoja yritt\u00e4jille, joita emme voi tunnistaa DSA:n mukaisesti.<\/li><li><br><\/li>\n<\/ol>\n<p>Voimme my\u00f6s p\u00e4\u00e4tt\u00e4\u00e4 olla vastaamatta ilmoitukseen mahdollisesti laittomasta tai ehtojamme rikkovasta sis\u00e4ll\u00f6st\u00e4.<\/p><p><br><\/p>\n<h3>Sis\u00e4inen valitustenhallintaj\u00e4rjestelm\u00e4<\/h3><div><br><\/div>\n<p>Jos k\u00e4ytt\u00e4j\u00e4t eiv\u00e4t hyv\u00e4ksy t\u00e4llaista p\u00e4\u00e4t\u00f6st\u00e4, he voivat tehd\u00e4 maksuttoman valituksen sis\u00e4isen valitustenhallintaj\u00e4rjestelm\u00e4mme kautta DSA:n 20 artiklan mukaisesti. Valitukset voi tehd\u00e4 6 kuukauden kuluessa p\u00e4\u00e4t\u00f6ksen vastaanottamisesta s\u00e4hk\u00f6postitse osoitteeseen DSA@LegierGroup.com. Tarvittaessa valituksen tekij\u00f6ihin voidaan ottaa yhteytt\u00e4 lis\u00e4tietojen saamiseksi. Valitukset k\u00e4sitell\u00e4\u00e4n nopeasti, syrjim\u00e4tt\u00f6m\u00e4sti, huolellisesti ja p\u00e4tev\u00e4n henkil\u00f6kunnan valvonnassa. P\u00e4\u00e4t\u00f6ksest\u00e4 ilmoitetaan viipym\u00e4tt\u00e4.<\/p><p><br><\/p>\n<h3>Tuomioistuimen ulkopuolinen riidanratkaisu<\/h3><div><br><\/div>\n<p>Sis\u00e4isen valitustenhallintaj\u00e4rjestelm\u00e4mme p\u00e4\u00e4t\u00f6ksiin liittyvien riitojen ratkaisemiseksi on mahdollista k\u00e4ytt\u00e4\u00e4 tuomioistuimen ulkopuolista riidanratkaisua valtuutetussa elimess\u00e4 DSA:n 21 artiklan mukaisesti. N\u00e4m\u00e4 elimet ovat puolueettomia, riippumattomia elimi\u00e4, jotka ovat EU:n j\u00e4senvaltioiden valtuuttamia ja joilla on tarvittava asiantuntemus. Teemme yhteisty\u00f6t\u00e4 n\u00e4iden elinten kanssa oikeudellisten vaatimusten puitteissa, mutta niiden p\u00e4\u00e4t\u00f6kset eiv\u00e4t sido meit\u00e4. Lis\u00e4tietoja ilmoitetaan sinulle, jos p\u00e4\u00e4t\u00f6ksist\u00e4 voidaan valittaa. Oikeutesi esitt\u00e4\u00e4 vaatimuksia tuomioistuimessa ei vaikuta t\u00e4h\u00e4n.<\/p><p><br><\/p>\n<h3>Toimenpiteet ja suojautuminen v\u00e4\u00e4rink\u00e4ytt\u00f6\u00e4 vastaan<\/h3><div><br><\/div>\n<p>DSA:n 23 \u00a7:n mukaisesti keskeyt\u00e4mme palvelumme sellaisten k\u00e4ytt\u00e4jien osalta, jotka tarjoavat usein ilmeisen lainvastaista sis\u00e4lt\u00f6\u00e4, kohtuulliseksi ajaksi ennakkovaroituksen j\u00e4lkeen. Keskeyt\u00e4mme my\u00f6s sellaisten henkil\u00f6iden tai organisaatioiden tekemien ilmoitusten ja valitusten k\u00e4sittelyn, jotka tekev\u00e4t usein ilmeisen perusteettomia ilmoituksia tai valituksia. P\u00e4\u00e4tt\u00e4ess\u00e4mme keskeytt\u00e4misest\u00e4 arvioimme jokaisen tapauksen nopeasti, huolellisesti ja objektiivisesti ottaen huomioon kaikki asiaankuuluvat tosiseikat ja erityisesti seuraavat seikat<\/p><p><br><\/p>\n<ul>\n<li>Ilmeisen laittoman sis\u00e4ll\u00f6n absoluuttinen m\u00e4\u00e4r\u00e4 tietyn ajanjakson aikana;<\/li>\n<li>Niiden suhteellinen osuus toimitettujen tietojen tai viestien kokonaism\u00e4\u00e4r\u00e4st\u00e4;<\/li>\n<li>V\u00e4\u00e4rink\u00e4yt\u00f6n vakavuus, mukaan lukien sis\u00e4ll\u00f6n luonne ja seuraukset;<\/li>\n<li>K\u00e4ytt\u00e4j\u00e4n tai kantelijan aikomukset, sik\u00e4li kuin ne ovat tunnistettavissa.<\/li>\n<\/ul>\n<p><strong>Huom:<\/strong>&nbsp;Annetut s\u00e4hk\u00f6postiosoitteet ja puhelinnumerot ovat sijoituss\u00e4\u00e4nt\u00f6j\u00e4, ja ne on korvattava LEGIER Beteiligungs mbH:n todellisilla yhteystiedoilla. Avoimuusraportit olisi r\u00e4\u00e4t\u00e4l\u00f6it\u00e4v\u00e4 kullekin tuotemerkille, jos ne k\u00e4ytt\u00e4v\u00e4t erillisi\u00e4 verkkoalustoja.<\/p><p><br><\/p>\n<p>Lis\u00e4tietoja: Yksityiskohtaiset tiedot DSA-s\u00e4\u00e4nn\u00f6ist\u00e4 l\u00f6ytyv\u00e4t osoitteesta&nbsp;<a href=\"https:\/\/gesetz-digitale-dienste.de\/dsa\/\" target=\"_blank\" rel=\"noopener noreferrer\">https:\/\/gesetz-digitale-dienste.de\/dsa\/<\/a>.<\/p>\t\t\t\t\t\t\t\t<\/div>\n\t\t\t\t\t<\/div>\n\t\t\t\t<\/div>\n\t\t\t\t<\/div>","protected":false},"excerpt":{"rendered":"<p>Gesetz \u00fcber digitale Dienste (\u201eDSA\u201c) Soweit ScandicEstate, ScandicPay, ScandicYachts, ScandicFly, ScandicTrade und ScandicTrust als Marken im Verbund der LEGIER Beteiligungs mbH (\u201ewir\u201c, \u201euns\u201c, \u201eunser(e)\u201c) auf dieser Website Vermittlungsdienste im Sinne von Art. 3 lit. g) DSA anbieten, gelten f\u00fcr diese die folgenden Informationen: Zentrale Kontaktstelle Unsere zentrale Kontaktstelle f\u00fcr die Beh\u00f6rden der Mitgliedstaaten, die Kommission [&hellip;]<\/p>\n","protected":false},"author":1,"featured_media":0,"parent":0,"menu_order":0,"comment_status":"closed","ping_status":"closed","template":"","meta":{"footnotes":""},"class_list":["post-739","page","type-page","status-publish","hentry"],"_links":{"self":[{"href":"https:\/\/legiergroup.info\/fi\/wp-json\/wp\/v2\/pages\/739","targetHints":{"allow":["GET"]}}],"collection":[{"href":"https:\/\/legiergroup.info\/fi\/wp-json\/wp\/v2\/pages"}],"about":[{"href":"https:\/\/legiergroup.info\/fi\/wp-json\/wp\/v2\/types\/page"}],"author":[{"embeddable":true,"href":"https:\/\/legiergroup.info\/fi\/wp-json\/wp\/v2\/users\/1"}],"replies":[{"embeddable":true,"href":"https:\/\/legiergroup.info\/fi\/wp-json\/wp\/v2\/comments?post=739"}],"version-history":[{"count":11,"href":"https:\/\/legiergroup.info\/fi\/wp-json\/wp\/v2\/pages\/739\/revisions"}],"predecessor-version":[{"id":1804,"href":"https:\/\/legiergroup.info\/fi\/wp-json\/wp\/v2\/pages\/739\/revisions\/1804"}],"wp:attachment":[{"href":"https:\/\/legiergroup.info\/fi\/wp-json\/wp\/v2\/media?parent=739"}],"curies":[{"name":"wp","href":"https:\/\/api.w.org\/{rel}","templated":true}]}}