{"id":764,"date":"2025-09-17T01:29:15","date_gmt":"2025-09-17T01:29:15","guid":{"rendered":"https:\/\/legiergroup.info\/?page_id=764"},"modified":"2025-10-21T13:38:13","modified_gmt":"2025-10-21T13:38:13","slug":"elementor-sivu-764","status":"publish","type":"page","link":"https:\/\/legiergroup.info\/fi\/elementor-seite-764\/","title":{"rendered":"Modern Slavery Act"},"content":{"rendered":"<div data-elementor-type=\"wp-page\" data-elementor-id=\"764\" class=\"elementor elementor-764\" data-elementor-post-type=\"page\">\n\t\t\t\t<div class=\"elementor-element elementor-element-f9c3d18 e-flex e-con-boxed e-con e-parent\" data-id=\"f9c3d18\" data-element_type=\"container\" data-e-type=\"container\">\n\t\t\t\t\t<div class=\"e-con-inner\">\n\t\t\t\t<div class=\"elementor-element elementor-element-33ad196 elementor-widget elementor-widget-text-editor\" data-id=\"33ad196\" data-element_type=\"widget\" data-e-type=\"widget\" data-widget_type=\"text-editor.default\">\n\t\t\t\t\t\t\t\t\t<h1>Julistus orjuuden ja ihmisten hyv\u00e4ksik\u00e4yt\u00f6n ehk\u00e4isemisest\u00e4<\/h1><div><br><\/div>\n<h2>Johdanto<\/h2><div><br><\/div>\n<p>T\u00e4ss\u00e4 lausunnossa esitet\u00e4\u00e4n yhteenveto toimista, joihin LEGIER Beteiligungs mbH ja sen tuotemerkit - SCANDIC FLY, SCANDIC YACHTS, SANDIC ESTATE, SCANDIC TRADE, SCANDIC PAY, SCANDIC COIN ja SCANDIC TRUST - ovat ryhtyneet noudattaakseen vuoden 2015 Modern Slavery Act -lain vaatimuksia.<\/p><p><br><\/p>\n<h2>Ensisijainen tavoite<\/h2><div><br><\/div>\n<p>LEGIER Beteiligungs mbH on sitoutunut parhaisiin yritysk\u00e4yt\u00e4nt\u00f6ihin ja eettisiin arvoihin. Toimimme eettisesti ja rehellisesti kaikissa liikesuhteissa ja prosesseissa yritysarvojemme ja -politiikkojemme mukaisesti. Toteutamme my\u00f6s kaikki kohtuulliset toimenpiteet varmistaaksemme, ett\u00e4 my\u00f6s toimitusketjumme j\u00e4senet noudattavat n\u00e4it\u00e4 normeja. T\u00e4h\u00e4n kuuluu erityisesti nykyaikaisen orjuuden ja ihmiskaupan ehk\u00e4iseminen.<\/p>\n<p>Ty\u00f6ntekij\u00f6idemme odotetaan ilmoittavan arvojemme ja toimintatapojemme noudattamatta j\u00e4tt\u00e4misest\u00e4 vakiintuneiden raportointikanavien kautta. LEGIER Beteiligungs mbH:n johto ja hallitus ovat sitoutuneet reagoimaan nopeasti kaikkiin raportoituihin huolenaiheisiin.<\/p><p><br><\/p>\n<h2>Liiketoiminta- ja organisaatiorakenne<\/h2><div><br><\/div>\n<p>30 vuotta sitten perustettu LEGIER Beteiligungs mbH on maailmanlaajuinen monialayritys. Tarjoamme erilaisia palveluja, kuten:<\/p>\n<ul>\n<li><b>Media:<\/b>&nbsp;115 omaa p\u00e4iv\u00e4lehte\u00e4 kaikissa maanosissa<\/li>\n<li><b>Lentokoneiden vuokraus ja ilmailun turvallisuusratkaisut:<\/b>&nbsp;kautta ScandicFly<\/li>\n<li><b>Purjeveneen vuokraus:<\/b>&nbsp;kautta Scandic Yachts<\/li>\n<li><b>Kiinteist\u00f6t:<\/b>&nbsp;kautta Sandic Estate<\/li>\n<li><b>Kauppapalvelut:<\/b>&nbsp;Scandic Trade:n kautta<\/li>\n<li><b>Maksupalvelut:<\/b>&nbsp;kautta Scandic Pay<\/li>\n<li><b>Kryptovaluuttapalvelut:<\/b>&nbsp;Scandic-kolikon kautta<\/li>\n<li><b>Sijoituspalvelut:<\/b>&nbsp;kautta Scandic Trust<\/li>\n<\/ul><div><br><\/div><div><br><\/div>\n<h3>Laajennus ScandicFly Jet Charterin tarjoamiin palveluihin<\/h3><div><br><\/div>\n<p>ScandicFly Jet Charter tarjoaa r\u00e4\u00e4t\u00e4l\u00f6ityj\u00e4 lentoratkaisuja yksityis- ja yritysasiakkaille. Laivastossamme on laaja valikoima lentokoneita, pienist\u00e4 suihkukoneista lyhyille matkoille ja suurista lentokoneista kaukolentoihin. Tarjoamme lis\u00e4palveluita, kuten ateriapalvelut, maakuljetukset ja concierge-palvelut. Lentoturvallisuuden alalla tarjoamme kattavia ratkaisuja, kuten riskinarviointeja, turvallisuustarkastuksia ja lentohenkil\u00f6kunnan koulutusta, jotta voimme varmistaa asiakkaidemme ja ty\u00f6ntekij\u00f6idemme turvallisuuden.<\/p><p><br><\/p>\n<h2>Toimitusketjumme<\/h2><div><br><\/div>\n<p>Tavarantoimittajamme koostuvat p\u00e4\u00e4asiassa omista tuotemerkeist\u00e4mme ja ammattimaisista palveluntarjoajista. N\u00e4m\u00e4 palveluntarjoajat ovat yleens\u00e4 suuria yrityksi\u00e4, joilla on omat toimitusketjupolitiikkansa ja eettiset norminsa. Palveluidemme luonteen, t\u00e4rkeimpien toimipaikkojemme ja k\u00e4ytt\u00e4miemme toimittajien vuoksi pid\u00e4mme nykyaikaisen orjuuden riski\u00e4 toimitusketjussamme v\u00e4h\u00e4isen\u00e4.<\/p><p><br><\/p>\n<h2>Suuntaviivat<\/h2><div><br><\/div>\n<p>Vahvistamme eettisi\u00e4 liiketoimintatapoja koskevaa politiikkaamme kouluttamalla s\u00e4\u00e4nn\u00f6llisesti uusia ja nykyisi\u00e4 ty\u00f6ntekij\u00f6it\u00e4. Liiketoiminnan eettisten periaatteidemme mukaan teemme yhteisty\u00f6t\u00e4 vain sellaisten toimittajien kanssa, jotka t\u00e4ytt\u00e4v\u00e4t sosiaalista ja eettist\u00e4 vastuuta koskevat korkeat vaatimukset. Kun solmitaan uusia liikesuhteita tai laajennetaan uusille liiketoiminta-alueille, teemme asianmukaisen due diligence -tarkastuksen varmistaaksemme, ett\u00e4 samoja standardeja noudatetaan koko konsernissa. Pyrimme saamaan kaikilta tavarantoimittajilta takeet siit\u00e4, ett\u00e4 ne noudattavat standardejamme. Otamme my\u00f6s huomioon kaikkien sidosryhmien ja yleis\u00f6n terveyden ja turvallisuuden kaikessa toiminnassamme.<\/p>\n<p>Ty\u00f6ntekij\u00f6it\u00e4mme kannustetaan ilmoittamaan huolenaiheista, h\u00e4lytyksist\u00e4, tappioista ja l\u00e4helt\u00e4 piti -tilanteista luottamuksellisesti selke\u00e4sti m\u00e4\u00e4ritellyn riskinhallintaj\u00e4rjestelm\u00e4n puitteissa, kuten LEGIER Beteiligungs mbH:n vuosikertomuksessa ja tilinp\u00e4\u00e4t\u00f6ksess\u00e4 on kuvattu. Johtoryhm\u00e4 ja hallitus tarkastelevat s\u00e4\u00e4nn\u00f6llisesti yleist\u00e4 riskirekisteri\u00e4 ja kaikkia ty\u00f6ntekij\u00f6iden esille tuomia huolenaiheita. Toimitusketjuun liittyv\u00e4t ongelmat, mukaan lukien nykyaikaiseen orjuuteen ja ihmiskauppaan liittyv\u00e4t ongelmat, k\u00e4sitell\u00e4\u00e4n t\u00e4ss\u00e4 kehyksess\u00e4 ja ratkaistaan nopeasti.<\/p><p><br><\/p>\n<h2>Rekrytointi<\/h2><div><br><\/div>\n<p>Maailmanlaajuisena organisaationa rekrytoimme ty\u00f6ntekij\u00f6it\u00e4 monissa maissa, kuten Yhdistyneess\u00e4 kuningaskunnassa, Euroopassa, Yhdysvalloissa, L\u00e4hi-id\u00e4ss\u00e4 ja Aasiassa. Teemme rekrytointiprosessin aikana perusteellisia tarkastuksia, mukaan lukien ty\u00f6nteon oikeuden tarkastukset, varmistaaksemme, ett\u00e4 ty\u00f6ntekij\u00e4mme ty\u00f6skentelev\u00e4t meille vapaaehtoisesti ja ett\u00e4 he eiv\u00e4t ole nykyaikaisen orjuuden tai ihmiskaupan uhreja. Maksamme kaikille ty\u00f6ntekij\u00f6ille v\u00e4hint\u00e4\u00e4n paikkakuntansa lakis\u00e4\u00e4teisen v\u00e4himm\u00e4ispalkan ja tarkistamme sit\u00e4 s\u00e4\u00e4nn\u00f6llisesti. Monimuotoisuutta ja osallisuutta koskeva politiikkamme kielt\u00e4\u00e4 kaikenlaisen syrjinn\u00e4n tai uhriksi joutumisen. Kaikille ty\u00f6ntekij\u00f6ille maksetaan palkka pankkisiirrolla, emmek\u00e4 salli maksuja kolmansille osapuolille. Edellyt\u00e4mme, ett\u00e4 kaikilla rekrytointitoimistoilla, joiden kanssa teemme yhteisty\u00f6t\u00e4, on nykyaikaista orjuutta ja ihmiskauppaa vastaiset toimintaperiaatteet tai ett\u00e4 ne sitoutuvat poistamaan t\u00e4llaiset k\u00e4yt\u00e4nn\u00f6t.<\/p><p><br><\/p>\n<h2>Prosessien parantaminen<\/h2><div><br><\/div>\n<p>Parannamme jatkuvasti due diligence -prosessejamme ja lis\u00e4\u00e4mme kaikkien ty\u00f6ntekij\u00f6iden koulutusta ja tietoisuutta lis\u00e4\u00e4vi\u00e4 toimenpiteit\u00e4.<\/p><p><br><\/p>\n<h2>Lains\u00e4\u00e4d\u00e4nn\u00f6n noudattaminen<\/h2><div><br><\/div>\n<p>Maailmanlaajuisena organisaationa LEGIER Beteiligungs mbH:hen sovelletaan useita kansallisia ja kansainv\u00e4lisi\u00e4 lakeja, joilla torjutaan nykyaikaista orjuutta ja ihmiskauppaa. Yhdistyneess\u00e4 kuningaskunnassa t\u00e4yt\u00e4mme vuoden 2015 Modern Slavery Act -lain vaatimukset julkaisemalla vuosittain selvityksen toimenpiteist\u00e4, joilla est\u00e4mme orjuuden ja ihmiskaupan toimitusketjussamme. Saksassa noudatamme toimitusketjun due diligence -lakia, jonka mukaan meid\u00e4n on toteutettava toimitusketjussamme due diligence -toimintaa ja raportoitava toimistamme. Pyrimme noudattamaan kaikkia asiaankuuluvia lakeja ja m\u00e4\u00e4r\u00e4yksi\u00e4 maissa, joissa toimimme.<\/p><p><br><\/p>\n<h2>Yrityksen hyv\u00e4ksym\u00e4<\/h2><div><br><\/div>\n<p>T\u00e4m\u00e4 lausunto on laadittu vuoden 2015 Modern Slavery Act -lain 54 \u00a7:n 1 momentin mukaisesti, ja LEGIER Beteiligungs mbH:n hallitus on hyv\u00e4ksynyt sen. Sit\u00e4 p\u00e4ivitet\u00e4\u00e4n vuosittain lain raportointivaatimusten mukaisesti.<\/p><p><br><\/p>\n<p><strong>Tetiana Starosud,<\/strong><br>Toimitusjohtaja<\/p>\t\t\t\t\t\t\t\t<\/div>\n\t\t\t\t\t<\/div>\n\t\t\t\t<\/div>\n\t\t\t\t<\/div>","protected":false},"excerpt":{"rendered":"<p>Erkl\u00e4rung zur Verhinderung von Sklaverei und menschlicher Ausbeutung Einleitung Diese Erkl\u00e4rung fasst die Ma\u00dfnahmen zusammen, die die LEGIER Beteiligungs mbH und ihre Marken \u2013 SCANDIC FLY, SCANDIC YACHTS, SANDIC ESTATE, SCANDIC TRADE, SCANDIC PAY, SCANDIC COIN und SCANDIC TRUST \u2013 zur Erf\u00fcllung der Anforderungen des Modern Slavery Act 2015 ergriffen haben. \u00dcbergeordnetes Ziel Die LEGIER [&hellip;]<\/p>\n","protected":false},"author":1,"featured_media":0,"parent":0,"menu_order":0,"comment_status":"closed","ping_status":"closed","template":"","meta":{"footnotes":""},"class_list":["post-764","page","type-page","status-publish","hentry"],"_links":{"self":[{"href":"https:\/\/legiergroup.info\/fi\/wp-json\/wp\/v2\/pages\/764","targetHints":{"allow":["GET"]}}],"collection":[{"href":"https:\/\/legiergroup.info\/fi\/wp-json\/wp\/v2\/pages"}],"about":[{"href":"https:\/\/legiergroup.info\/fi\/wp-json\/wp\/v2\/types\/page"}],"author":[{"embeddable":true,"href":"https:\/\/legiergroup.info\/fi\/wp-json\/wp\/v2\/users\/1"}],"replies":[{"embeddable":true,"href":"https:\/\/legiergroup.info\/fi\/wp-json\/wp\/v2\/comments?post=764"}],"version-history":[{"count":17,"href":"https:\/\/legiergroup.info\/fi\/wp-json\/wp\/v2\/pages\/764\/revisions"}],"predecessor-version":[{"id":1811,"href":"https:\/\/legiergroup.info\/fi\/wp-json\/wp\/v2\/pages\/764\/revisions\/1811"}],"wp:attachment":[{"href":"https:\/\/legiergroup.info\/fi\/wp-json\/wp\/v2\/media?parent=764"}],"curies":[{"name":"wp","href":"https:\/\/api.w.org\/{rel}","templated":true}]}}