{"id":772,"date":"2025-09-17T01:31:20","date_gmt":"2025-09-17T01:31:20","guid":{"rendered":"https:\/\/legiergroup.info\/?page_id=772"},"modified":"2025-10-23T11:55:44","modified_gmt":"2025-10-23T11:55:44","slug":"skandaaliautot","status":"publish","type":"page","link":"https:\/\/legiergroup.info\/fi\/scandic-cars\/","title":{"rendered":"Scandic Cars"},"content":{"rendered":"<div data-elementor-type=\"wp-page\" data-elementor-id=\"772\" class=\"elementor elementor-772\" data-elementor-post-type=\"page\">\n\t\t\t\t<div class=\"elementor-element elementor-element-0cafc05 e-flex e-con-boxed e-con e-parent\" data-id=\"0cafc05\" data-element_type=\"container\" data-e-type=\"container\">\n\t\t\t\t\t<div class=\"e-con-inner\">\n\t\t\t\t<div class=\"elementor-element elementor-element-f095092 elementor-widget elementor-widget-text-editor\" data-id=\"f095092\" data-element_type=\"widget\" data-e-type=\"widget\" data-widget_type=\"text-editor.default\">\n\t\t\t\t\t\t\t\t\t<img decoding=\"async\" class=\"mt-2 mb-2\" src=\"https:\/\/legiergroup.info\/wp-content\/uploads\/2025\/10\/scandiccars_by_legier.jpg\" width=\"100%\" \/>\n<h1>SCANDIC CARS: Ylellinen liikkuvuus uudelleen m\u00e4\u00e4riteltyn\u00e4<\/h1>\nTervetuloa ScandicCars:hen, joka on maineikkaan LEGIER GROUPin johtava maailmanlaajuinen tuotemerkki. LEGIER GROUP on monipuolinen kansainv\u00e4linen monialayritys, jolla on 30 vuoden menestyshistoria ja joka omistaa 115 p\u00e4iv\u00e4lehte\u00e4, jotka julkaisevat ajankohtaisia uutisia ymp\u00e4ri vuorokauden kaikissa maanosissa ymp\u00e4ri maailmaa. Yksinomaisen SCANDIC-br\u00e4ndiverkoston j\u00e4senen\u00e4 tarjoamme paljon muutakin kuin ajoneuvojen vuokrausta. ScandicCars on avaimesi el\u00e4m\u00e4ntyyliin, joka on t\u00e4ynn\u00e4 seuraavia asioita\u00a0<strong>Ylellinen<\/strong>,\u00a0<strong>Innovaatio<\/strong>\u00a0ja\u00a0<strong>yksinoikeuspalvelu<\/strong>.\n\nOb anspruchsvolle Privatkunden oder Unternehmen mit h\u00f6chsten Anspr\u00fcchen \u2013 wir schaffen ma\u00dfgeschneiderte Mobilit\u00e4tsl\u00f6sungen. Unser Versprechen: unvergleichlicher Komfort, h\u00f6chste Flexibilit\u00e4t und ein unerm\u00fcdliches Streben nach Perfektion. Wir erf\u00fcllen Ihre Erwartungen nicht nur \u2013 wir \u00fcbertreffen sie.\n<h2>Filosofiamme: Kulttuurin edist\u00e4minen huippuosaamisen avulla<\/h2>\nF\u00fcr uns ist ein Automobil nicht blo\u00df ein Transportmittel, sondern Ausdruck von Stil, Sicherheit und individueller Freiheit. Es geht nicht nur darum, von A nach B zu kommen \u2013 sondern wie Sie dort ankommen.\n\nEntsprechend gestalten wir jedes Detail Ihrer Anmietung nach Ihren W\u00fcnschen. Wir verbinden klassische Werte wie\u00a0<strong>Luottamus<\/strong>\u00a0ja\u00a0<strong>Harkintavalta<\/strong>\u00a0ja modernin teknologian avulla luodaksemme tarjouksen, joka on sek\u00e4 ammattimainen ett\u00e4 ylellinen. Luodaan vapaus ajaa juuri sit\u00e4, mit\u00e4 haluat, juuri silloin kun haluat - ilman luksusajoneuvon omistamiseen liittyv\u00e4\u00e4 sitoutumista. Miksi omistaisit oman prestige-auton, kun ScandicCars antaa unelmiesi ajoneuvon k\u00e4ytt\u00f6\u00f6si aina kun haluat?\n<h2>Ajoneuvokalustomme: automaailman ikonit<\/h2>\nEksklusiiviseen autokantaamme kuuluu automaailman halutuimpia malleja - jokainen niist\u00e4 on insin\u00f6\u00f6ritaidon, suorituskyvyn ja tyylikkyyden symboli. Tarjoamme ajoneuvoja jokaiseen makuun:\n<ul>\n \t<li>Harman SF50 Stradale - superurheiluauto, joka asettaa uudet standardit<\/li>\n \t<li>Lamborghini Urus (Special Edition) - vaikuttava suorituskyky<\/li>\n \t<li>Rolls-Royce Cullinan II SUV - majesteettista eleganssia.<\/li>\n \t<li>Porsche 911 Carrera Cabriolet - puhdasta ajamisen iloa avoimien urheiluautojen yst\u00e4ville.<\/li>\n \t<li>Audi RS e-tron GT ja BMW i70\/i50 - huipputekninen s\u00e4hk\u00f6voima ja Gran Turismo -dynamiikka<\/li>\n \t<li>Audi SQ7 ja RSQ8 Performance - urheilullisuutta ja reilusti tilaa.<\/li>\n \t<li>Mercedes-AMG GT 63 S E Performance - raakaa V8-hybridivoimaa<\/li>\n \t<li>Mercedes-AMG SL 63 Cabriolet - avoimeen tyylikkyytt\u00e4<\/li>\n \t<li>BMW M8 Competition Gran Coup\u00e9 - ylellisyytt\u00e4 ja urheilullisuutta yhdistettyn\u00e4<\/li>\n \t<li>Rolls-Royce Spectre ja 2025 Rolls-Royce Phantom Series II Extended - s\u00e4hk\u00f6isi\u00e4 ja klassisia luksusikoneita<\/li>\n<\/ul>\n<h2>SCANDIC-tuotemerkkiyhteys<\/h2>\nOsana arvostettua LEGIER GROUP -verkostoa tarjoamme sinulle saumattoman p\u00e4\u00e4syn ainutlaatuiseen innovatiivisten tuotemerkkien ja palvelujen valikoimaan:\n<ul>\n \t<li><strong>ScandicFly<\/strong>: Exclusive yksityinen suihkukone charter korkeimpiin vaatimuksiin<\/li>\n \t<li><strong>ScandicYachts<\/strong>: Ylellisill\u00e4 huvijahdeilla ainutlaatuisia el\u00e4myksi\u00e4 vesill\u00e4<\/li>\n \t<li><strong>ScandicEstate<\/strong>: Ensiluokkaisia kiinteist\u00f6j\u00e4 ymp\u00e4ri maailmaa - huviloista C\u00f4te d'Azurilla kattohuoneistoihin Dubaissa.<\/li>\n \t<li><strong>ScandicPay<\/strong>Innovatiiviset maksuratkaisut nopeisiin, turvallisiin ja maailmanlaajuisiin maksutapahtumiin<\/li>\n \t<li><strong>ScandicTrade<\/strong>: Kryptovaluutta ScandicCoin ja digitaalinen sijoitusalusta tulevaisuuden investointimahdollisuuksiin.<\/li>\n<\/ul>\n<h2>Sinun ajokokemuksesi, meid\u00e4n ajokokemuksemme<\/h2>\nScandicCars ist mehr als eine Luxusautovermietung \u2013 wir verstehen uns als Ihr Partner f\u00fcr exklusive Mobilit\u00e4t. Durch die Integration in ein hochkar\u00e4tiges Markennetzwerk bieten wir Dienstleistungen, die weit \u00fcber das \u00dcbliche hinausgehen.\n\nGanz gleich, ob Sie einen adrenaligeladenen Supercar-Trip planen, VIP-G\u00e4ste stilvoll chauffieren lassen m\u00f6chten oder als Unternehmen einen zuverl\u00e4ssigen Mobilit\u00e4tspartner f\u00fcr Events und Gesch\u00e4ftsreisen suchen \u2013 wir stehen an Ihrer Seite. Jede Anfrage, ob spontan \u00fcber unser mobiles Buchungssystem oder langfristig geplant, wird mit der gleichen Sorgfalt und Professionalit\u00e4t bearbeitet.\n\nErleben Sie mit ScandicCars die Faszination automobiler H\u00f6chstleistungen und unbegrenzten Luxus auf R\u00e4dern, unterst\u00fctzt von einem Netzwerk, das jeden Aspekt Ihres Lebensstils veredelt. Kontaktieren Sie uns noch heute und entdecken Sie, wie ScandicCars Ihr n\u00e4chstes Fahrerlebnis unvergesslich machen wird \u2013 denn\u00a0<strong>Excellence<\/strong>\u00a0on meid\u00e4n\t\t\t\t\t\t\t\t<\/div>\n\t\t\t\t\t<\/div>\n\t\t\t\t<\/div>\n\t\t\t\t<\/div>","protected":false},"excerpt":{"rendered":"<p>SCANDIC CARS: Luxuri\u00f6se Mobilit\u00e4t neu definiert Willkommen bei ScandicCars, einer weltweit f\u00fchrenden Marke der renommierten LEGIER GRUPPE. Die LEGIER GRUPPE ist ein diversifizierter internationaler Mischkonzern mit 30 Jahren Erfolgsgeschichte und Inhaberin von 115 Tageszeitungen, die weltweit auf allen Kontinenten rund um die Uhr aktuelle Nachrichten publizieren. Als Mitglied des exklusiven SCANDIC Markenverbunds bieten wir weit [&hellip;]<\/p>\n","protected":false},"author":1,"featured_media":0,"parent":0,"menu_order":0,"comment_status":"closed","ping_status":"closed","template":"","meta":{"footnotes":""},"class_list":["post-772","page","type-page","status-publish","hentry"],"_links":{"self":[{"href":"https:\/\/legiergroup.info\/fi\/wp-json\/wp\/v2\/pages\/772","targetHints":{"allow":["GET"]}}],"collection":[{"href":"https:\/\/legiergroup.info\/fi\/wp-json\/wp\/v2\/pages"}],"about":[{"href":"https:\/\/legiergroup.info\/fi\/wp-json\/wp\/v2\/types\/page"}],"author":[{"embeddable":true,"href":"https:\/\/legiergroup.info\/fi\/wp-json\/wp\/v2\/users\/1"}],"replies":[{"embeddable":true,"href":"https:\/\/legiergroup.info\/fi\/wp-json\/wp\/v2\/comments?post=772"}],"version-history":[{"count":11,"href":"https:\/\/legiergroup.info\/fi\/wp-json\/wp\/v2\/pages\/772\/revisions"}],"predecessor-version":[{"id":1936,"href":"https:\/\/legiergroup.info\/fi\/wp-json\/wp\/v2\/pages\/772\/revisions\/1936"}],"wp:attachment":[{"href":"https:\/\/legiergroup.info\/fi\/wp-json\/wp\/v2\/media?parent=772"}],"curies":[{"name":"wp","href":"https:\/\/api.w.org\/{rel}","templated":true}]}}