{"id":158,"date":"2025-09-15T13:16:48","date_gmt":"2025-09-15T13:16:48","guid":{"rendered":"https:\/\/legiergroup.info\/contact-us\/"},"modified":"2025-10-23T11:50:25","modified_gmt":"2025-10-23T11:50:25","slug":"scandicgroup","status":"publish","type":"page","link":"https:\/\/legiergroup.info\/fr\/scandicgroup\/","title":{"rendered":"Scandic Group"},"content":{"rendered":"<div data-elementor-type=\"wp-page\" data-elementor-id=\"158\" class=\"elementor elementor-158\" data-elementor-post-type=\"page\">\n\t\t\t\t<div class=\"elementor-element elementor-element-58c779e4 e-flex e-con-boxed e-con e-parent\" data-id=\"58c779e4\" data-element_type=\"container\" data-e-type=\"container\">\n\t\t\t\t\t<div class=\"e-con-inner\">\n\t\t<div class=\"elementor-element elementor-element-7034862b e-con-full e-flex e-con e-child\" data-id=\"7034862b\" data-element_type=\"container\" data-e-type=\"container\">\n\t\t\t\t<div class=\"elementor-element elementor-element-4d2b9e2b elementor-widget__width-initial elementor-absolute elementor-widget elementor-widget-spacer\" data-id=\"4d2b9e2b\" data-element_type=\"widget\" data-e-type=\"widget\" data-settings=\"{&quot;_position&quot;:&quot;absolute&quot;}\" data-widget_type=\"spacer.default\">\n\t\t\t\t\t\t\t<div class=\"elementor-spacer\">\n\t\t\t<div class=\"elementor-spacer-inner\"><\/div>\n\t\t<\/div>\n\t\t\t\t\t\t<\/div>\n\t\t\t\t<div class=\"elementor-element elementor-element-1a9de317 elementor-invisible elementor-widget elementor-widget-heading\" data-id=\"1a9de317\" data-element_type=\"widget\" data-e-type=\"widget\" data-settings=\"{&quot;_animation&quot;:&quot;fadeInUp&quot;}\" data-widget_type=\"heading.default\">\n\t\t\t\t\t<h3 class=\"elementor-heading-title elementor-size-default\">by Legier :<\/h3>\t\t\t\t<\/div>\n\t\t\t\t<div class=\"elementor-element elementor-element-7c30a19b elementor-widget elementor-widget-heading\" data-id=\"7c30a19b\" data-element_type=\"widget\" data-e-type=\"widget\" data-widget_type=\"heading.default\">\n\t\t\t\t\t<h1 class=\"elementor-heading-title elementor-size-default\">Scandic Group<\/h1>\t\t\t\t<\/div>\n\t\t\t\t<div class=\"elementor-element elementor-element-27d5d622 elementor-widget elementor-widget-text-editor\" data-id=\"27d5d622\" data-element_type=\"widget\" data-e-type=\"widget\" data-widget_type=\"text-editor.default\">\n\t\t\t\t\t\t\t\t\t<p data-start=\"242\" data-end=\"507\">ScandicGroup by LEGIER r\u00e9unit des marques fortes dans les domaines de la finance, de l'immobilier, de la technologie, de la mobilit\u00e9, de la sant\u00e9 et de la s\u00e9curit\u00e9. En tant que partie du groupe de m\u00e9dias LEGIER, la ScandicGroup est synonyme d'innovation, de r\u00e9seau international et de croissance durable.<\/p><p data-start=\"509\" data-end=\"900\">Que ce soit avec <strong data-start=\"516\" data-end=\"530\">ScandicPay<\/strong> pour des solutions financi\u00e8res et d'investissement modernes, <strong data-start=\"575\" data-end=\"592\">ScandicEstate<\/strong> pour des projets immobiliers internationaux, <strong data-start=\"632\" data-end=\"646\">ScandicFly<\/strong> et <strong data-start=\"651\" data-end=\"668\">ScandicYachts<\/strong> pour une mobilit\u00e9 exclusive, <strong data-start=\"694\" data-end=\"709\">ScandicData<\/strong> pour une infrastructure informatique performante ou <strong data-start=\"752\" data-end=\"767\">Scandic SEC<\/strong> pour les solutions de s\u00e9curit\u00e9 - chaque marque poursuit l'objectif d'associer des services de qualit\u00e9 \u00e0 la confiance et \u00e0 la responsabilit\u00e9.<\/p><p data-start=\"902\" data-end=\"1124\">Le ScandicGroup allie diversit\u00e9 entrepreneuriale et excellence technologique. Notre mission : cr\u00e9er des innovations qui relient les personnes, les entreprises et les march\u00e9s du monde entier - et ainsi participer activement \u00e0 la construction de l'avenir.<\/p>\t\t\t\t\t\t\t\t<\/div>\n\t\t\t\t<\/div>\n\t\t\t\t\t<\/div>\n\t\t\t\t<\/div>\n\t\t<div class=\"elementor-element elementor-element-57f5bf3 e-flex e-con-boxed e-con e-parent\" data-id=\"57f5bf3\" data-element_type=\"container\" data-e-type=\"container\">\n\t\t\t\t\t<div class=\"e-con-inner\">\n\t\t<div class=\"elementor-element elementor-element-63ec2cf e-con-full e-flex e-con e-child\" data-id=\"63ec2cf\" data-element_type=\"container\" data-e-type=\"container\">\n\t\t\t\t<div class=\"elementor-element elementor-element-80be4fe elementor-widget elementor-widget-image\" data-id=\"80be4fe\" data-element_type=\"widget\" data-e-type=\"widget\" data-widget_type=\"image.default\">\n\t\t\t\t\t\t\t\t\t\t\t\t\t\t\t\t<a href=\"https:\/\/legiergroup.info\/fr\/scandic-data\/\">\n\t\t\t\t\t\t\t<img fetchpriority=\"high\" decoding=\"async\" width=\"800\" height=\"599\" src=\"https:\/\/legiergroup.info\/wp-content\/uploads\/2025\/09\/04ea61a44e34c3e42d4dfac2b3c02ecb9c918455db36ddd17fa1b48d5977131a-1.jpg\" class=\"attachment-large size-large wp-image-400\" alt=\"\" srcset=\"https:\/\/legiergroup.info\/wp-content\/uploads\/2025\/09\/04ea61a44e34c3e42d4dfac2b3c02ecb9c918455db36ddd17fa1b48d5977131a-1.jpg 836w, https:\/\/legiergroup.info\/wp-content\/uploads\/2025\/09\/04ea61a44e34c3e42d4dfac2b3c02ecb9c918455db36ddd17fa1b48d5977131a-1-300x225.jpg 300w, https:\/\/legiergroup.info\/wp-content\/uploads\/2025\/09\/04ea61a44e34c3e42d4dfac2b3c02ecb9c918455db36ddd17fa1b48d5977131a-1-768x575.jpg 768w\" sizes=\"(max-width: 800px) 100vw, 800px\" \/>\t\t\t\t\t\t\t\t<\/a>\n\t\t\t\t\t\t\t\t\t\t\t\t\t\t\t<\/div>\n\t\t\t\t<div class=\"elementor-element elementor-element-f95442a elementor-widget elementor-widget-text-editor\" data-id=\"f95442a\" data-element_type=\"widget\" data-e-type=\"widget\" data-widget_type=\"text-editor.default\">\n\t\t\t\t\t\t\t\t\t<p class=\"p1\">ScandicData - Votre centre de donn\u00e9es ultramoderne \u00e0 Bahre\u00efn, qui utilise des mainframes IBM, ses propres composants d'intelligence artificielle et des solutions Darktrace - pour la fiabilit\u00e9 et la s\u00e9curit\u00e9.<\/p>\t\t\t\t\t\t\t\t<\/div>\n\t\t\t\t<\/div>\n\t\t\t\t<div class=\"elementor-element elementor-element-181b845 elementor-widget elementor-widget-spacer\" data-id=\"181b845\" data-element_type=\"widget\" data-e-type=\"widget\" data-widget_type=\"spacer.default\">\n\t\t\t\t\t\t\t<div class=\"elementor-spacer\">\n\t\t\t<div class=\"elementor-spacer-inner\"><\/div>\n\t\t<\/div>\n\t\t\t\t\t\t<\/div>\n\t\t<div class=\"elementor-element elementor-element-2ae7183 e-con-full e-flex e-con e-child\" data-id=\"2ae7183\" data-element_type=\"container\" data-e-type=\"container\">\n\t\t\t\t<div class=\"elementor-element elementor-element-7d06358 elementor-widget elementor-widget-image\" data-id=\"7d06358\" data-element_type=\"widget\" data-e-type=\"widget\" data-widget_type=\"image.default\">\n\t\t\t\t\t\t\t\t\t\t\t\t\t\t\t\t<a href=\"https:\/\/legiergroup.info\/fr\/scandictrust\/\">\n\t\t\t\t\t\t\t<img decoding=\"async\" width=\"300\" height=\"156\" src=\"https:\/\/legiergroup.info\/wp-content\/uploads\/2025\/09\/trust-transparent-PNG5-scaled-e1758833888753-300x156.png\" class=\"attachment-medium size-medium wp-image-394\" alt=\"\" srcset=\"https:\/\/legiergroup.info\/wp-content\/uploads\/2025\/09\/trust-transparent-PNG5-scaled-e1758833888753-300x156.png 300w, https:\/\/legiergroup.info\/wp-content\/uploads\/2025\/09\/trust-transparent-PNG5-scaled-e1758833888753-1024x531.png 1024w, https:\/\/legiergroup.info\/wp-content\/uploads\/2025\/09\/trust-transparent-PNG5-scaled-e1758833888753-768x398.png 768w, https:\/\/legiergroup.info\/wp-content\/uploads\/2025\/09\/trust-transparent-PNG5-scaled-e1758833888753-1536x796.png 1536w, https:\/\/legiergroup.info\/wp-content\/uploads\/2025\/09\/trust-transparent-PNG5-scaled-e1758833888753-2048x1062.png 2048w, https:\/\/legiergroup.info\/wp-content\/uploads\/2025\/09\/trust-transparent-PNG5-scaled-e1758833888753-18x9.png 18w\" sizes=\"(max-width: 300px) 100vw, 300px\" \/>\t\t\t\t\t\t\t\t<\/a>\n\t\t\t\t\t\t\t\t\t\t\t\t\t\t\t<\/div>\n\t\t\t\t<div class=\"elementor-element elementor-element-14137cc elementor-widget elementor-widget-text-editor\" data-id=\"14137cc\" data-element_type=\"widget\" data-e-type=\"widget\" data-widget_type=\"text-editor.default\">\n\t\t\t\t\t\t\t\t\t<p>Scandic Group - Votre partenaire pour la protection du patrimoine et l'h\u00e9ritage durable, la protection du patrimoine ainsi que la r\u00e9alisation de visions - avec des solutions orient\u00e9es vers l'avenir.<\/p>\t\t\t\t\t\t\t\t<\/div>\n\t\t\t\t<\/div>\n\t\t\t\t<div class=\"elementor-element elementor-element-b0226e0 elementor-widget elementor-widget-spacer\" data-id=\"b0226e0\" data-element_type=\"widget\" data-e-type=\"widget\" data-widget_type=\"spacer.default\">\n\t\t\t\t\t\t\t<div class=\"elementor-spacer\">\n\t\t\t<div class=\"elementor-spacer-inner\"><\/div>\n\t\t<\/div>\n\t\t\t\t\t\t<\/div>\n\t\t<div class=\"elementor-element elementor-element-ca17f90 e-con-full e-flex e-con e-child\" data-id=\"ca17f90\" data-element_type=\"container\" data-e-type=\"container\">\n\t\t\t\t<div class=\"elementor-element elementor-element-024e135 elementor-widget elementor-widget-image\" data-id=\"024e135\" data-element_type=\"widget\" data-e-type=\"widget\" data-widget_type=\"image.default\">\n\t\t\t\t\t\t\t\t\t\t\t\t\t\t\t\t<a href=\"https:\/\/scandicsec.com\/\" target=\"_blank\" rel=\"noopener\">\n\t\t\t\t\t\t\t<img decoding=\"async\" width=\"800\" height=\"498\" src=\"https:\/\/legiergroup.info\/wp-content\/uploads\/2025\/09\/53563f1de4b2db0eca713e6eb4e52a1341b5b8c3d8ccaa1b376fd7ae746db835-1-1024x637.jpg\" class=\"attachment-large size-large wp-image-395\" alt=\"\" srcset=\"https:\/\/legiergroup.info\/wp-content\/uploads\/2025\/09\/53563f1de4b2db0eca713e6eb4e52a1341b5b8c3d8ccaa1b376fd7ae746db835-1-1024x637.jpg 1024w, https:\/\/legiergroup.info\/wp-content\/uploads\/2025\/09\/53563f1de4b2db0eca713e6eb4e52a1341b5b8c3d8ccaa1b376fd7ae746db835-1-300x187.jpg 300w, https:\/\/legiergroup.info\/wp-content\/uploads\/2025\/09\/53563f1de4b2db0eca713e6eb4e52a1341b5b8c3d8ccaa1b376fd7ae746db835-1-768x478.jpg 768w, https:\/\/legiergroup.info\/wp-content\/uploads\/2025\/09\/53563f1de4b2db0eca713e6eb4e52a1341b5b8c3d8ccaa1b376fd7ae746db835-1.jpg 1280w\" sizes=\"(max-width: 800px) 100vw, 800px\" \/>\t\t\t\t\t\t\t\t<\/a>\n\t\t\t\t\t\t\t\t\t\t\t\t\t\t\t<\/div>\n\t\t\t\t<div class=\"elementor-element elementor-element-e7b3593 elementor-widget elementor-widget-text-editor\" data-id=\"e7b3593\" data-element_type=\"widget\" data-e-type=\"widget\" data-widget_type=\"text-editor.default\">\n\t\t\t\t\t\t\t\t\t<p class=\"p1\">SCANDIC SEC - Une nouvelle d\u00e9finition de la s\u00e9curit\u00e9 mondiale : des solutions de protection physique et num\u00e9rique int\u00e9gr\u00e9es, une technologie de pointe et une solidit\u00e9 financi\u00e8re cr\u00e9ent une protection mondiale digne de confiance.<\/p>\t\t\t\t\t\t\t\t<\/div>\n\t\t\t\t<\/div>\n\t\t\t\t\t<\/div>\n\t\t\t\t<\/div>\n\t\t<div class=\"elementor-element elementor-element-d18e78f e-flex e-con-boxed e-con e-parent\" data-id=\"d18e78f\" data-element_type=\"container\" data-e-type=\"container\">\n\t\t\t\t\t<div class=\"e-con-inner\">\n\t\t<div class=\"elementor-element elementor-element-c6b32b1 e-con-full e-flex e-con e-child\" data-id=\"c6b32b1\" data-element_type=\"container\" data-e-type=\"container\">\n\t\t\t\t<div class=\"elementor-element elementor-element-fd6029d elementor-widget elementor-widget-image\" data-id=\"fd6029d\" data-element_type=\"widget\" data-e-type=\"widget\" data-widget_type=\"image.default\">\n\t\t\t\t\t\t\t\t\t\t\t\t\t\t\t\t<a href=\"https:\/\/scandic.health\/\" target=\"_blank\" rel=\"noopener\">\n\t\t\t\t\t\t\t<img loading=\"lazy\" decoding=\"async\" width=\"800\" height=\"509\" src=\"https:\/\/legiergroup.info\/wp-content\/uploads\/2025\/09\/39aa49d9df2c5451669f70a59a7fb252082e20f7206745625593c38b9d9c4b22-1-1024x651.jpg\" class=\"attachment-large size-large wp-image-399\" alt=\"\" srcset=\"https:\/\/legiergroup.info\/wp-content\/uploads\/2025\/09\/39aa49d9df2c5451669f70a59a7fb252082e20f7206745625593c38b9d9c4b22-1-1024x651.jpg 1024w, https:\/\/legiergroup.info\/wp-content\/uploads\/2025\/09\/39aa49d9df2c5451669f70a59a7fb252082e20f7206745625593c38b9d9c4b22-1-300x191.jpg 300w, https:\/\/legiergroup.info\/wp-content\/uploads\/2025\/09\/39aa49d9df2c5451669f70a59a7fb252082e20f7206745625593c38b9d9c4b22-1-768x488.jpg 768w, https:\/\/legiergroup.info\/wp-content\/uploads\/2025\/09\/39aa49d9df2c5451669f70a59a7fb252082e20f7206745625593c38b9d9c4b22-1.jpg 1280w\" sizes=\"(max-width: 800px) 100vw, 800px\" \/>\t\t\t\t\t\t\t\t<\/a>\n\t\t\t\t\t\t\t\t\t\t\t\t\t\t\t<\/div>\n\t\t\t\t<div class=\"elementor-element elementor-element-9662ab5 elementor-widget elementor-widget-text-editor\" data-id=\"9662ab5\" data-element_type=\"widget\" data-e-type=\"widget\" data-widget_type=\"text-editor.default\">\n\t\t\t\t\t\t\t\t\t<p class=\"p1\">SCANDIC HEALTH - Une nouvelle d\u00e9finition des soins de sant\u00e9 en r\u00e9seau : une m\u00e9decine de pointe et un service chirurgical de premier ordre r\u00e9unis au sein d'un groupe mondial pour votre sant\u00e9.<\/p>\t\t\t\t\t\t\t\t<\/div>\n\t\t\t\t<\/div>\n\t\t\t\t<div class=\"elementor-element elementor-element-e4c33cb elementor-widget elementor-widget-spacer\" data-id=\"e4c33cb\" data-element_type=\"widget\" data-e-type=\"widget\" data-widget_type=\"spacer.default\">\n\t\t\t\t\t\t\t<div class=\"elementor-spacer\">\n\t\t\t<div class=\"elementor-spacer-inner\"><\/div>\n\t\t<\/div>\n\t\t\t\t\t\t<\/div>\n\t\t<div class=\"elementor-element elementor-element-c7c46d5 e-con-full e-flex e-con e-child\" data-id=\"c7c46d5\" data-element_type=\"container\" data-e-type=\"container\">\n\t\t\t\t<div class=\"elementor-element elementor-element-e78ab56 elementor-widget elementor-widget-image\" data-id=\"e78ab56\" data-element_type=\"widget\" data-e-type=\"widget\" data-widget_type=\"image.default\">\n\t\t\t\t\t\t\t\t\t\t\t\t\t\t\t\t<a href=\"http:\/\/scandicyachts.com\" target=\"_blank\" rel=\"noopener\">\n\t\t\t\t\t\t\t<img loading=\"lazy\" decoding=\"async\" width=\"300\" height=\"218\" src=\"https:\/\/legiergroup.info\/wp-content\/uploads\/2025\/09\/158376e1825729743bc560f211effd66381e7e89d0fe4b1ef57ccf35f747df37-1-300x218.jpg\" class=\"attachment-medium size-medium wp-image-398\" alt=\"\" srcset=\"https:\/\/legiergroup.info\/wp-content\/uploads\/2025\/09\/158376e1825729743bc560f211effd66381e7e89d0fe4b1ef57ccf35f747df37-1-300x218.jpg 300w, https:\/\/legiergroup.info\/wp-content\/uploads\/2025\/09\/158376e1825729743bc560f211effd66381e7e89d0fe4b1ef57ccf35f747df37-1-1024x745.jpg 1024w, https:\/\/legiergroup.info\/wp-content\/uploads\/2025\/09\/158376e1825729743bc560f211effd66381e7e89d0fe4b1ef57ccf35f747df37-1-768x559.jpg 768w, https:\/\/legiergroup.info\/wp-content\/uploads\/2025\/09\/158376e1825729743bc560f211effd66381e7e89d0fe4b1ef57ccf35f747df37-1.jpg 1243w\" sizes=\"(max-width: 300px) 100vw, 300px\" \/>\t\t\t\t\t\t\t\t<\/a>\n\t\t\t\t\t\t\t\t\t\t\t\t\t\t\t<\/div>\n\t\t\t\t<div class=\"elementor-element elementor-element-f60655a elementor-widget elementor-widget-text-editor\" data-id=\"f60655a\" data-element_type=\"widget\" data-e-type=\"widget\" data-widget_type=\"text-editor.default\">\n\t\t\t\t\t\t\t\t\t<p>ScandicYachts - Votre courtier en yachts international, sp\u00e9cialis\u00e9 dans la vente et la location de superyachts de luxe, avec une connaissance du march\u00e9 - des conseils discrets et un r\u00e9seau mondial.<\/p>\t\t\t\t\t\t\t\t<\/div>\n\t\t\t\t<\/div>\n\t\t\t\t<div class=\"elementor-element elementor-element-c35c6a6 elementor-widget elementor-widget-spacer\" data-id=\"c35c6a6\" data-element_type=\"widget\" data-e-type=\"widget\" data-widget_type=\"spacer.default\">\n\t\t\t\t\t\t\t<div class=\"elementor-spacer\">\n\t\t\t<div class=\"elementor-spacer-inner\"><\/div>\n\t\t<\/div>\n\t\t\t\t\t\t<\/div>\n\t\t<div class=\"elementor-element elementor-element-34a22a4 e-con-full e-flex e-con e-child\" data-id=\"34a22a4\" data-element_type=\"container\" data-e-type=\"container\">\n\t\t\t\t<div class=\"elementor-element elementor-element-fcc8ea7 elementor-widget elementor-widget-image\" data-id=\"fcc8ea7\" data-element_type=\"widget\" data-e-type=\"widget\" data-widget_type=\"image.default\">\n\t\t\t\t\t\t\t\t\t\t\t\t\t\t\t\t<a href=\"http:\/\/scandicfly.com\" target=\"_blank\" rel=\"noopener\">\n\t\t\t\t\t\t\t<img loading=\"lazy\" decoding=\"async\" width=\"800\" height=\"575\" src=\"https:\/\/legiergroup.info\/wp-content\/uploads\/2025\/09\/e38f156efbcc73fcf4bcf517d027368404a088be414ea4b9fbcc86b560356843-1-1024x736.jpg\" class=\"attachment-large size-large wp-image-401\" alt=\"\" srcset=\"https:\/\/legiergroup.info\/wp-content\/uploads\/2025\/09\/e38f156efbcc73fcf4bcf517d027368404a088be414ea4b9fbcc86b560356843-1-1024x736.jpg 1024w, https:\/\/legiergroup.info\/wp-content\/uploads\/2025\/09\/e38f156efbcc73fcf4bcf517d027368404a088be414ea4b9fbcc86b560356843-1-300x215.jpg 300w, https:\/\/legiergroup.info\/wp-content\/uploads\/2025\/09\/e38f156efbcc73fcf4bcf517d027368404a088be414ea4b9fbcc86b560356843-1-768x552.jpg 768w, https:\/\/legiergroup.info\/wp-content\/uploads\/2025\/09\/e38f156efbcc73fcf4bcf517d027368404a088be414ea4b9fbcc86b560356843-1.jpg 1168w\" sizes=\"(max-width: 800px) 100vw, 800px\" \/>\t\t\t\t\t\t\t\t<\/a>\n\t\t\t\t\t\t\t\t\t\t\t\t\t\t\t<\/div>\n\t\t\t\t<div class=\"elementor-element elementor-element-b77580f elementor-widget elementor-widget-text-editor\" data-id=\"b77580f\" data-element_type=\"widget\" data-e-type=\"widget\" data-widget_type=\"text-editor.default\">\n\t\t\t\t\t\t\t\t\t<p>ScandicFly - Votre courtier en jet pour des vols charter individuels dans le monde entier avec des jets priv\u00e9s - rapide, discret et sur mesure. Que ce soit pour les affaires ou les loisirs, nous offrons l'acc\u00e8s \u00e0 une flotte mondiale.<\/p>\t\t\t\t\t\t\t\t<\/div>\n\t\t\t\t<\/div>\n\t\t\t\t\t<\/div>\n\t\t\t\t<\/div>\n\t\t<div class=\"elementor-element elementor-element-39b22c1 e-flex e-con-boxed e-con e-parent\" data-id=\"39b22c1\" data-element_type=\"container\" data-e-type=\"container\">\n\t\t\t\t\t<div class=\"e-con-inner\">\n\t\t<div class=\"elementor-element elementor-element-85bd7e3 e-con-full e-flex e-con e-child\" data-id=\"85bd7e3\" data-element_type=\"container\" data-e-type=\"container\">\n\t\t\t\t<div class=\"elementor-element elementor-element-5fe497c elementor-widget elementor-widget-image\" data-id=\"5fe497c\" data-element_type=\"widget\" data-e-type=\"widget\" data-widget_type=\"image.default\">\n\t\t\t\t\t\t\t\t\t\t\t\t\t\t\t\t<a href=\"https:\/\/scandicpay.de\/german\/\" target=\"_blank\" rel=\"noopener\">\n\t\t\t\t\t\t\t<img loading=\"lazy\" decoding=\"async\" width=\"800\" height=\"559\" src=\"https:\/\/legiergroup.info\/wp-content\/uploads\/2025\/09\/pay-transparent-PNG-scaled-e1758126157495-1024x715.png\" class=\"attachment-large size-large wp-image-391\" alt=\"\" srcset=\"https:\/\/legiergroup.info\/wp-content\/uploads\/2025\/09\/pay-transparent-PNG-scaled-e1758126157495-1024x715.png 1024w, https:\/\/legiergroup.info\/wp-content\/uploads\/2025\/09\/pay-transparent-PNG-scaled-e1758126157495-300x210.png 300w, https:\/\/legiergroup.info\/wp-content\/uploads\/2025\/09\/pay-transparent-PNG-scaled-e1758126157495-768x536.png 768w, https:\/\/legiergroup.info\/wp-content\/uploads\/2025\/09\/pay-transparent-PNG-scaled-e1758126157495.png 1270w\" sizes=\"(max-width: 800px) 100vw, 800px\" \/>\t\t\t\t\t\t\t\t<\/a>\n\t\t\t\t\t\t\t\t\t\t\t\t\t\t\t<\/div>\n\t\t\t\t<div class=\"elementor-element elementor-element-ad5926e elementor-widget elementor-widget-text-editor\" data-id=\"ad5926e\" data-element_type=\"widget\" data-e-type=\"widget\" data-widget_type=\"text-editor.default\">\n\t\t\t\t\t\t\t\t\t<p class=\"p1\">ScandicPay - o\u00f9 les id\u00e9es, le crowdfunding visionnaire, les actifs, les partenaires d'innovation, les grands capitaux et l'avenir num\u00e9rique se rencontrent.<\/p>\t\t\t\t\t\t\t\t<\/div>\n\t\t\t\t<\/div>\n\t\t\t\t<div class=\"elementor-element elementor-element-d4070b9 elementor-widget elementor-widget-spacer\" data-id=\"d4070b9\" data-element_type=\"widget\" data-e-type=\"widget\" data-widget_type=\"spacer.default\">\n\t\t\t\t\t\t\t<div class=\"elementor-spacer\">\n\t\t\t<div class=\"elementor-spacer-inner\"><\/div>\n\t\t<\/div>\n\t\t\t\t\t\t<\/div>\n\t\t<div class=\"elementor-element elementor-element-c84b427 e-con-full e-flex e-con e-child\" data-id=\"c84b427\" data-element_type=\"container\" data-e-type=\"container\">\n\t\t\t\t<div class=\"elementor-element elementor-element-0c57bc0 elementor-widget elementor-widget-image\" data-id=\"0c57bc0\" data-element_type=\"widget\" data-e-type=\"widget\" data-widget_type=\"image.default\">\n\t\t\t\t\t\t\t\t\t\t\t\t\t\t\t\t<a href=\"https:\/\/legiergroup.info\/fr\/scandic-cars\/\">\n\t\t\t\t\t\t\t<img loading=\"lazy\" decoding=\"async\" width=\"300\" height=\"85\" src=\"https:\/\/legiergroup.info\/wp-content\/uploads\/2025\/10\/ScandicCars-Cut-dark-300x85.png\" class=\"attachment-medium size-medium wp-image-1851\" alt=\"\" srcset=\"https:\/\/legiergroup.info\/wp-content\/uploads\/2025\/10\/ScandicCars-Cut-dark-300x85.png 300w, https:\/\/legiergroup.info\/wp-content\/uploads\/2025\/10\/ScandicCars-Cut-dark-1024x291.png 1024w, https:\/\/legiergroup.info\/wp-content\/uploads\/2025\/10\/ScandicCars-Cut-dark-768x218.png 768w, https:\/\/legiergroup.info\/wp-content\/uploads\/2025\/10\/ScandicCars-Cut-dark-18x5.png 18w, https:\/\/legiergroup.info\/wp-content\/uploads\/2025\/10\/ScandicCars-Cut-dark.png 1344w\" sizes=\"(max-width: 300px) 100vw, 300px\" \/>\t\t\t\t\t\t\t\t<\/a>\n\t\t\t\t\t\t\t\t\t\t\t\t\t\t\t<\/div>\n\t\t\t\t<div class=\"elementor-element elementor-element-867b83b elementor-widget elementor-widget-text-editor\" data-id=\"867b83b\" data-element_type=\"widget\" data-e-type=\"widget\" data-widget_type=\"text-editor.default\">\n\t\t\t\t\t\t\t\t\t<p data-start=\"94\" data-end=\"244\">Ihr Partner f\u00fcr exklusive Sportwagen und Luxuslimousinen \u2013 weltweit verf\u00fcgbar, diskret und flexibel.<\/p>\t\t\t\t\t\t\t\t<\/div>\n\t\t\t\t<\/div>\n\t\t\t\t<div class=\"elementor-element elementor-element-ca0d6e0 elementor-widget elementor-widget-spacer\" data-id=\"ca0d6e0\" data-element_type=\"widget\" data-e-type=\"widget\" data-widget_type=\"spacer.default\">\n\t\t\t\t\t\t\t<div class=\"elementor-spacer\">\n\t\t\t<div class=\"elementor-spacer-inner\"><\/div>\n\t\t<\/div>\n\t\t\t\t\t\t<\/div>\n\t\t<div class=\"elementor-element elementor-element-34c83f7 e-con-full e-flex e-con e-child\" data-id=\"34c83f7\" data-element_type=\"container\" data-e-type=\"container\">\n\t\t\t\t<div class=\"elementor-element elementor-element-d36324c elementor-widget elementor-widget-image\" data-id=\"d36324c\" data-element_type=\"widget\" data-e-type=\"widget\" data-widget_type=\"image.default\">\n\t\t\t\t\t\t\t\t\t\t\t\t\t\t\t\t<a href=\"https:\/\/legiergroup.info\/fr\/scandic-trade\/\">\n\t\t\t\t\t\t\t<img loading=\"lazy\" decoding=\"async\" width=\"800\" height=\"607\" src=\"https:\/\/legiergroup.info\/wp-content\/uploads\/2025\/09\/final-scandic-trade-PNG-1024x777.png\" class=\"attachment-large size-large wp-image-390\" alt=\"\" srcset=\"https:\/\/legiergroup.info\/wp-content\/uploads\/2025\/09\/final-scandic-trade-PNG-1024x777.png 1024w, https:\/\/legiergroup.info\/wp-content\/uploads\/2025\/09\/final-scandic-trade-PNG-300x228.png 300w, https:\/\/legiergroup.info\/wp-content\/uploads\/2025\/09\/final-scandic-trade-PNG-768x583.png 768w, https:\/\/legiergroup.info\/wp-content\/uploads\/2025\/09\/final-scandic-trade-PNG-1536x1165.png 1536w, https:\/\/legiergroup.info\/wp-content\/uploads\/2025\/09\/final-scandic-trade-PNG.png 1996w\" sizes=\"(max-width: 800px) 100vw, 800px\" \/>\t\t\t\t\t\t\t\t<\/a>\n\t\t\t\t\t\t\t\t\t\t\t\t\t\t\t<\/div>\n\t\t\t\t<div class=\"elementor-element elementor-element-3318dfa elementor-widget elementor-widget-text-editor\" data-id=\"3318dfa\" data-element_type=\"widget\" data-e-type=\"widget\" data-widget_type=\"text-editor.default\">\n\t\t\t\t\t\t\t\t\t<p>Acc\u00e8s via notre aux march\u00e9s mondiaux - SCANDIC TRADE : actions, forex, crypto-monnaies, droits d'\u00e9mission, mati\u00e8res premi\u00e8res et plus encore.<\/p>\t\t\t\t\t\t\t\t<\/div>\n\t\t\t\t<\/div>\n\t\t\t\t\t<\/div>\n\t\t\t\t<\/div>\n\t\t\t\t<\/div>","protected":false},"excerpt":{"rendered":"<p>by Legier: Scandic Group Die ScandicGroup by LEGIER vereint starke Marken in den Bereichen Finanzen, Immobilien, Technologie, Mobilit\u00e4t, Gesundheit und Sicherheit. Als Teil der LEGIER Mediengruppe steht die ScandicGroup f\u00fcr Innovation, internationale Vernetzung und nachhaltiges Wachstum. Ob mit ScandicPay f\u00fcr moderne Finanz- und Investmentl\u00f6sungen, ScandicEstate f\u00fcr internationale Immobilienprojekte, ScandicFly und ScandicYachts f\u00fcr exklusive Mobilit\u00e4t, ScandicData [&hellip;]<\/p>\n","protected":false},"author":1,"featured_media":394,"parent":0,"menu_order":0,"comment_status":"closed","ping_status":"closed","template":"elementor_header_footer","meta":{"footnotes":""},"class_list":["post-158","page","type-page","status-publish","has-post-thumbnail","hentry"],"_links":{"self":[{"href":"https:\/\/legiergroup.info\/fr\/wp-json\/wp\/v2\/pages\/158","targetHints":{"allow":["GET"]}}],"collection":[{"href":"https:\/\/legiergroup.info\/fr\/wp-json\/wp\/v2\/pages"}],"about":[{"href":"https:\/\/legiergroup.info\/fr\/wp-json\/wp\/v2\/types\/page"}],"author":[{"embeddable":true,"href":"https:\/\/legiergroup.info\/fr\/wp-json\/wp\/v2\/users\/1"}],"replies":[{"embeddable":true,"href":"https:\/\/legiergroup.info\/fr\/wp-json\/wp\/v2\/comments?post=158"}],"version-history":[{"count":32,"href":"https:\/\/legiergroup.info\/fr\/wp-json\/wp\/v2\/pages\/158\/revisions"}],"predecessor-version":[{"id":1927,"href":"https:\/\/legiergroup.info\/fr\/wp-json\/wp\/v2\/pages\/158\/revisions\/1927"}],"wp:featuredmedia":[{"embeddable":true,"href":"https:\/\/legiergroup.info\/fr\/wp-json\/wp\/v2\/media\/394"}],"wp:attachment":[{"href":"https:\/\/legiergroup.info\/fr\/wp-json\/wp\/v2\/media?parent=158"}],"curies":[{"name":"wp","href":"https:\/\/api.w.org\/{rel}","templated":true}]}}