{"id":729,"date":"2025-09-17T01:11:40","date_gmt":"2025-09-17T01:11:40","guid":{"rendered":"https:\/\/legiergroup.info\/?page_id=729"},"modified":"2025-10-21T13:37:47","modified_gmt":"2025-10-21T13:37:47","slug":"politique-des-droits-de-lhomme","status":"publish","type":"page","link":"https:\/\/legiergroup.info\/fr\/menschenrechtspolitik\/","title":{"rendered":"Politique des droits de l'homme"},"content":{"rendered":"<div data-elementor-type=\"wp-page\" data-elementor-id=\"729\" class=\"elementor elementor-729\" data-elementor-post-type=\"page\">\n\t\t\t\t<div class=\"elementor-element elementor-element-1776cd2 e-flex e-con-boxed e-con e-parent\" data-id=\"1776cd2\" data-element_type=\"container\" data-e-type=\"container\">\n\t\t\t\t\t<div class=\"e-con-inner\">\n\t\t\t\t<div class=\"elementor-element elementor-element-dcae9b6 elementor-widget elementor-widget-text-editor\" data-id=\"dcae9b6\" data-element_type=\"widget\" data-e-type=\"widget\" data-widget_type=\"text-editor.default\">\n\t\t\t\t\t\t\t\t\t<h1>Politique des droits de l'homme du groupe LEGIER et des marques SCANDIC<\/h1><p>Valable pour : LEGIER Beteiligungs mbH (\u201eLEGIER\u201c) et les marques associ\u00e9es (notamment SCANDIC PAY, SCANDIC TRADE, SCANDIC ESTATE, SCANDIC FLY, SCANDIC YACHTS, SCANDIC DATA, SCANDIC GROUP, SCANDIC SEC).<\/p><ol><li><strong>1) Pr\u00e9face &amp; engagement<\/strong><\/li><\/ol><p>LEGIER s'engage sans r\u00e9serve \u00e0 respecter tous les droits de l'homme internationalement reconnus tout au long de la cha\u00eene de valeur - dans nos propres activit\u00e9s, dans nos produits et services et dans nos relations commerciales. Nous alignons nos processus de diligence sur les Principes directeurs des Nations unies relatifs aux entreprises et aux droits de l'homme (UNGP) et consid\u00e9rons le respect des droits de l'homme comme une condition pr\u00e9alable fondamentale au succ\u00e8s durable de l'entreprise.<\/p><p>Cette politique compl\u00e8te et approfondit notre\u00a0<strong>Cadre de conformit\u00e9<\/strong>\u00a0et notre\u00a0<strong>D\u00e9claration pour la pr\u00e9vention de l'esclavage et de l'exploitation humaine<\/strong>\u00a0(\u201eD\u00e9claration sur l'esclavage moderne\u201c).<\/p><ol><li><strong>2) Champ d'application &amp; lien avec les normes<\/strong><\/li><\/ol><p><strong>Champ d'application.<\/strong>\u00a0Cette politique s'applique \u00e0 l'ensemble du groupe, \u00e0 toutes les unit\u00e9s, marques et employ\u00e9s (y compris la direction, les fonctions de direction, les employ\u00e9s et employ\u00e9es, les contrats de travail, les employ\u00e9s temporaires), ainsi qu'aux fournisseurs et autres partenaires commerciaux, le cas \u00e9ch\u00e9ant.<\/p><p><strong>Cadres externes.<\/strong>\u00a0Mise en \u0153uvre en accord avec :<\/p><p>Principes directeurs des Nations unies relatifs aux entreprises et aux droits de l'homme (UNGP),<\/p><p>D\u00e9claration universelle des droits de l'homme (DUDH),<\/p><p>Pacte international relatif aux droits civils et politiques (IPbpR) &amp; aux droits \u00e9conomiques, sociaux et culturels (IPwskR),<\/p><p>Principes directeurs de l'OCDE \u00e0 l'intention des entreprises multinationales,<\/p><p>les r\u00e9glementations europ\u00e9ennes et nationales pertinentes, notamment\u00a0<strong>Loi sur les obligations de vigilance de la cha\u00eene d'approvisionnement (<\/strong><strong>LkSG<\/strong><strong>)<\/strong>\u00a0en Allemagne ainsi que\u00a0<strong>Directive europ\u00e9enne 2019\/1937<\/strong>\u00a0(protection des d\u00e9nonciateurs).<\/p><ol><li><strong>3)\u00a0<\/strong><strong>Gouvernance<\/strong><strong>\u00a0&amp; responsabilit\u00e9s<\/strong><\/li><\/ol><p><strong>Supervision &amp; son d'en haut.<\/strong><\/p><p><strong>Organes de surveillance et de direction<\/strong>\u00a0assument la responsabilit\u00e9 g\u00e9n\u00e9rale de cette politique, approuvent les plans annuels ainsi que les rapports et contr\u00f4lent les progr\u00e8s r\u00e9alis\u00e9s.<\/p><p>La direction met \u00e0 disposition les ressources financi\u00e8res et humaines.<\/p><p><strong>R\u00f4les.<\/strong><\/p><p><strong>Directeur de la conformit\u00e9 et des ressources humaines\u00a0<\/strong><strong>Droits<\/strong><strong>\u00a0Officier (CCHRO) :<\/strong>\u00a0responsable de la mise en \u0153uvre, des analyses de risques, des mesures correctives, des rapports (au moins une fois par an).<\/p><p><strong>Humain\u00a0<\/strong><strong>Droits<\/strong><strong>, Privacy &amp;\u00a0<\/strong><strong>\u00c9thique<\/strong><strong>\u00a0<\/strong><strong>Comit\u00e9<\/strong><strong>\u00a0(HRPEC) :<\/strong>\u00a0comit\u00e9 interdisciplinaire (compliance, juridique, achats, RH, protection des donn\u00e9es\/s\u00e9curit\u00e9 informatique, produit, op\u00e9rations, communication). Missions : Hi\u00e9rarchisation des risques, validations de cas\/dossiers sensibles, escalade vers la direction.<\/p><p><strong>Comit\u00e9 consultatif externe sur les droits de l'homme et les libert\u00e9s civiles (Advisory Panel) :<\/strong>\u00a0des experts ind\u00e9pendants apportent leur soutien lors d'\u00e9valuations complexes et de questions \u00e0 double usage (sur le mod\u00e8le des organes consultatifs externes du PCL).<\/p><p><strong>Culture de signalement &amp; protection.<\/strong>\u00a0Nous encourageons une culture du speak-up ouverte et sans repr\u00e9sailles, avec des canaux de signalement internes et externes, y compris anonymes (voir section 10).<\/p><ol><li><strong>4) Processus de diligence raisonnable (Human\u00a0<\/strong><strong>Droits<\/strong><strong>\u00a0Due Diligence)<\/strong><\/li><li><strong>4.1 Analyse des risques (au moins une fois par an \/ en fonction des circonstances).<\/strong><\/li><\/ol><p>Identifier, \u00e9valuer et hi\u00e9rarchiser les risques li\u00e9s aux droits de l'homme et \u00e0 une s\u00e9lection de risques environnementaux dans ses propres activit\u00e9s commerciales, produits\/services et dans la cha\u00eene d'approvisionnement (degr\u00e9 de gravit\u00e9, probabilit\u00e9, possibilit\u00e9s d'influence).<\/p><p>Focalisation sur les cas \u00e0 haut risque (par ex. protection des groupes vuln\u00e9rables, s\u00e9curit\u00e9 &amp; vie priv\u00e9e, droits du travail, travail forc\u00e9 et travail des enfants, discrimination, libert\u00e9 d'association\/d'opinion, droits fonciers, droits de sant\u00e9).<\/p><ol><li><strong>4.2 Pr\u00e9vention et att\u00e9nuation.<\/strong><\/li><\/ol><p>\u201ePrivacy- &amp; Human-Rights-by-Design\u201c dans les produits\/services ; mesures de protection techniques et organisationnelles ; auditabilit\u00e9 ; minimisation Data ; revues de conception bas\u00e9es sur les droits humains. (Approche inspir\u00e9e de l'ing\u00e9nierie PCL avec responsabilit\u00e9 syst\u00e9mique).<\/p><p>exigences des fournisseurs et des partenaires commerciaux (code de conduite, assurances contractuelles, droits d'audit, formation, mesures correctives).<\/p><ol><li><strong>4.3 \u00c9valuation des nouveaux\u00a0<\/strong><strong>Use<\/strong><strong>-Cas \/ Deals.<\/strong><\/li><\/ol><p>Analyse des risques pr\u00e9contractuels (secteur, pays, utilisation finale, type de client, sources de financement, v\u00e9rification des sanctions\/PEP).<\/p><p>\u201eCrit\u00e8res \u201cgo\/no go\u201e (voir section 6) et d\u00e9cision document\u00e9e dans le HRPEC. (Inspiration : scopings proactifs des clients &amp; limites \/ pratique \u201cwalk-away\").<\/p><ol><li><strong>4.4 Mesures r\u00e9actives.<\/strong><\/li><\/ol><p>Proc\u00e9dures en cas de suspicion de mauvais usage\/dommages : Enqu\u00eate, restrictions temporaires, accords correctifs jusqu'\u00e0 la\u00a0<strong>Suspension\/arr\u00eat<\/strong>\u00a0de la relation. (Leitmotiv : utilisation de tous les moyens disponibles jusqu'au licenciement).<\/p><ol><li><strong>4.5 Contr\u00f4le de l'efficacit\u00e9 &amp; reporting.<\/strong><\/li><\/ol><p>KPI (voir section 12) et rapports annuels dans le contexte LkSG\/esclavage moderne.<\/p><ol><li><strong>5) Principes &amp; lignes rouges<\/strong><\/li><\/ol><p><strong>Tol\u00e9rance z\u00e9ro<\/strong>\u00a0vis-\u00e0-vis du travail forc\u00e9\/du travail des enfants, de la traite des \u00eatres humains, de la torture, des traitements cruels\/d\u00e9gradants, de la discrimination syst\u00e9matique, des restrictions graves de la libert\u00e9 d'expression\/de la presse\/de la libert\u00e9 d'association, de la surveillance ill\u00e9gale de masse sans base l\u00e9gale et des m\u00e9canismes de contr\u00f4le de l'\u00c9tat de droit.<\/p><p><strong>Obligations dans la cha\u00eene d'approvisionnement.<\/strong>\u00a0Nous remplissons les obligations de diligence conform\u00e9ment \u00e0 la LkSG (analyse de risque appropri\u00e9e, mesures de pr\u00e9vention\/d'att\u00e9nuation, proc\u00e9dure de r\u00e9clamation, \u00e9tablissement de rapports).<\/p><ol><li><strong>6) Soin apport\u00e9 aux partenaires commerciaux &amp; aux clients (y compris \u201e<\/strong><strong>No<\/strong><strong>-(r\u00e8gles \u201cgo\")<\/strong><\/li><li><strong>6.1\u00a0<\/strong><strong>Onboarding<\/strong><strong>-obligations.<\/strong><\/li><\/ol><p>KYC\/AML, contr\u00f4le des sanctions et des embargos, PEP-Screening ; transparence de la propri\u00e9t\u00e9 ; contr\u00f4le de l'utilisation\/de l'utilisateur final (en particulier pour les produits financiers\/de paiement, de s\u00e9curit\u00e9, d'aviation et de donn\u00e9es).<\/p><ol><li><strong>6.2 Examen renforc\u00e9 en cas de risque \u00e9lev\u00e9.<\/strong><\/li><\/ol><p>Pays\/r\u00e9gions pr\u00e9sentant des risques syst\u00e9miques graves pour les droits de l'homme, secteurs sensibles (s\u00e9curit\u00e9, surveillance, extraction), groupes vuln\u00e9rables (enfants, migrants et migrantes, communaut\u00e9s indig\u00e8nes), applications \u00e0 double usage.<\/p><ol><li><strong>6.3 \u201e<\/strong><strong>No<\/strong><strong>-Crit\u00e8res \u201cGo\" (non exhaustifs).<\/strong><\/li><\/ol><p><strong>Fin-<\/strong><strong>Use<\/strong>: utilisation av\u00e9r\u00e9e pour des violations graves de la loi ; surveillance de masse ill\u00e9gale et non v\u00e9rifiable par un tribunal ; profilage\/scoring abusifs sans garanties ; expulsions forc\u00e9es sans proc\u00e9dures conformes \u00e0 l'\u00c9tat de droit ; surveillance discr\u00e8te\/interventions violentes sans garanties.<\/p><p><strong>Utilisateur final<\/strong>: personnes\/organisations sanctionn\u00e9es ; acteurs ayant commis des infractions graves document\u00e9es sans rem\u00e9diation cr\u00e9dible.<\/p><p><strong>Cons\u00e9quences<\/strong>: refus de la transaction ; en cas de non-respect, suspension\/r\u00e9siliation.<\/p><ol><li><strong>7) Engagements sp\u00e9cifiques aux produits et services (extrait)<\/strong><\/li><\/ol><p><strong>SCANDIC TRADE (services financiers\/commerciaux).<\/strong><\/p><p>Engagement \u00e0\u00a0<strong>Investisseurs-\u00a0<\/strong><strong>Investisseurs<\/strong><strong>protection interne, commercialisation \u00e9quitable, transparence, int\u00e9grit\u00e9 du march\u00e9<\/strong>; des m\u00e9canismes de protection sp\u00e9cifiques pour\u00a0<strong>clients vuln\u00e9rables<\/strong>\u00a0(par exemple, tests d'aptitude\/d'ad\u00e9quation, indications claires sur les risques, communication accessible).<\/p><p>Respect des normes pertinentes en mati\u00e8re de march\u00e9s financiers et de protection des consommateurs ; le cas \u00e9ch\u00e9ant, r\u00e9glementation CySEC de la plateforme sous-jacente ; processus LBC\/FT stricts.<\/p><p><strong>SCANDIC PAY (services de paiement &amp; crowdfunding).<\/strong><\/p><p>Une r\u00e9glementation claire\u00a0<strong>Gestion des plaintes<\/strong>\u00a0et proc\u00e9dures pour\u00a0<strong>clients vuln\u00e9rables<\/strong>\u00a0(canaux accessibles, traitement prioritaire, preuves).<\/p><p>Mod\u00e8les de r\u00e9mun\u00e9ration transparents ; vigilance contre les abus financiers et l'exploitation des groupes vuln\u00e9rables.<\/p><p><strong>SCANDIC FLY (aviation\/affr\u00e8tement de jets).<\/strong><\/p><p>Priorit\u00e9 de\u00a0<strong>S\u00e9curit\u00e9<\/strong>,\u00a0<strong>Non-discrimination<\/strong>\u00a0et la dignit\u00e9 de tous les passagers\/employ\u00e9s ; droits du travail de l'\u00e9quipage, temps de service\/repos, protection contre le harc\u00e8lement ; conformit\u00e9 des routes et de l'espace a\u00e9rien ; respect des droits des passagers.<\/p><p><strong>SCANDIC YACHTS (vente\/affr\u00e8tement de yachts).<\/strong><\/p><p><strong>R\u00e8gles de s\u00e9curit\u00e9, de pavillon et de navigation<\/strong>, Droits du travail des \u00e9quipages (contrats \u00e9quitables, salaires, logement), protection des enfants, lutte contre le harc\u00e8lement ; clients inform\u00e9s (obligations en mati\u00e8re de s\u00e9curit\u00e9\/de skipper).<\/p><p><strong>SCANDIC ESTATE (immobilier).<\/strong><\/p><p>Respect de\u00a0<strong>Droits d'habitation\/droits fonciers<\/strong>, processus de relocalisation\/d'indemnisation \u00e9quitables, acc\u00e8s pour les personnes handicap\u00e9es, participation des communaut\u00e9s locales.<\/p><p><strong>SCANDIC DATA (m\u00e9dias\/services informatiques).<\/strong><\/p><p>Protection de\u00a0<strong>Libert\u00e9 de la presse et d'expression<\/strong>, S\u00e9curit\u00e9 des journalistes\/sources ; ind\u00e9pendance \u00e9ditoriale ; s\u00e9paration claire des annonces\/contenus ; protection des donn\u00e9es personnelles. (Contexte : activit\u00e9s m\u00e9diatiques du groupe LEGIER.)<\/p><p><strong>SCANDIC GROUP (services de fiducie\/de trust).<\/strong><\/p><p>Obligations fiduciaires, gestion des conflits d'int\u00e9r\u00eats, conformit\u00e9 \u00e0 la LBC\/FT, protection des b\u00e9n\u00e9ficiaires et des actifs.<\/p><p><strong>SCANDIC SEC (solutions de s\u00e9curit\u00e9).<\/strong><\/p><p>Concepts de s\u00e9curit\u00e9 conformes aux droits de l'homme (proportionnalit\u00e9, d\u00e9sescalade, formation, documentation) ; protection particuli\u00e8re de la vie priv\u00e9e et de la libert\u00e9 de r\u00e9union lors des interventions.<\/p><ol><li><strong>8) Droits des travailleurs &amp; conditions de travail<\/strong><\/li><\/ol><p><strong>Libert\u00e9 d'association et droits collectifs<\/strong>,\u00a0<strong>Non-discrimination<\/strong>,\u00a0<strong>\u00c9galit\u00e9 des chances<\/strong>,\u00a0<strong>des salaires \u00e9quitables<\/strong>,\u00a0<strong>des horaires de travail raisonnables<\/strong>,\u00a0<strong>S\u00e9curit\u00e9 au travail<\/strong>.<\/p><p><strong>Tol\u00e9rance z\u00e9ro<\/strong>\u00a0contre le travail forc\u00e9\/le travail des enfants, la traite des \u00eatres humains et la violence li\u00e9e au genre.<\/p><p>Formation aux droits de l'homme, \u00e0 la lutte contre la discrimination, \u00e0 la pr\u00e9vention du harc\u00e8lement et au leadership sensible \u00e0 la diversit\u00e9.<\/p><ol><li><strong>9) Donn\u00e9es,\u00a0<\/strong><strong>Intimit\u00e9<\/strong><strong>- &amp; principes de libert\u00e9 civile<\/strong><\/li><\/ol><p><strong>Privacy-by-Design<\/strong>: minimisation des donn\u00e9es, s\u00e9paration des acc\u00e8s, limitation des finalit\u00e9s, journalisation, DPIA\/FRIA (Fundamental Rights Impact Assessments) r\u00e9guliers,\u00a0<strong>Humain-en-<\/strong><strong>the<\/strong><strong>-boucle<\/strong>\u00a0lors de d\u00e9cisions sensibles.<\/p><p>Transparence vis-\u00e0-vis des personnes concern\u00e9es ; architecture de s\u00e9curit\u00e9 robuste ; r\u00f4les clairs (responsables \/ sous-traitants). (Approche inspir\u00e9e de l'ing\u00e9nierie PCL et de \u201eaccountability &amp; oversight\u201c).<\/p><p><strong>10) M\u00e9canismes de plainte, protection des d\u00e9nonciateurs &amp; acc\u00e8s \u00e0 la r\u00e9paration<\/strong><\/p><p><strong>Canaux (multilingue, accessible) :<\/strong><\/p><p>Portail en ligne (\u00e9galement anonyme), e-mail d\u00e9di\u00e9, adresse postale, service de m\u00e9diation \/ hotline ; possibilit\u00e9 de notification externe conform\u00e9ment \u00e0 la directive europ\u00e9enne 2019\/1937.<\/p><p>Protection contre les repr\u00e9sailles, confidentialit\u00e9, accus\u00e9 de r\u00e9ception rapide et enqu\u00eate appropri\u00e9e ; r\u00e9sultats document\u00e9s et notification.<\/p><p><strong>Rem\u00e8de.<\/strong>\u00a0Les mesures vont des excuses, de la correction\/adaptation des performances et de la r\u00e9paration financi\u00e8re aux changements structurels (processus, formation, technique), y compris les mesures dans la cha\u00eene d'approvisionnement.<\/p><p><strong>11) Mise en \u0153uvre : processus, contrats, formation<\/strong><\/p><p><strong>Contrats<\/strong>: Clauses relatives aux droits de l'homme (droits d'audit, recours, r\u00e9siliation), code des fournisseurs, flow-down des sous-traitants.<\/p><p><strong>Formations<\/strong>\u00a0(annuelle, sp\u00e9cifique \u00e0 chaque r\u00f4le) : Droits de l'homme, protection des donn\u00e9es\/s\u00e9curit\u00e9, AML\/CTF, \u00e9thique du produit, proc\u00e9dures de r\u00e9clamation. (Comparable aux programmes de formation obligatoires des mod\u00e8les de bonnes pratiques).<\/p><p><strong>12) Suivi, indicateurs cl\u00e9s de performance et rapports<\/strong><\/p><p><strong>Chiffres cl\u00e9s (exemples) :<\/strong><\/p><p>Proportion d'analyses de risques couvertes (secteurs d'activit\u00e9\/cha\u00eenes d'approvisionnement),<\/p><p>Nombre\/type\/temps de r\u00e9ponse des plaintes &amp; cas suspects,<\/p><p>Couverture d'audit &amp; succ\u00e8s de la rem\u00e9diation,<\/p><p>Quota d'entra\u00eenement,<\/p><p>le degr\u00e9 de mise en \u0153uvre des mesures techniques de protection (auditabilit\u00e9, journalisation, DPIA).<\/p><p><strong>Rapports.<\/strong>\u00a0Rapport annuel sur les droits de l'homme\/la LCSA\/l'esclavage moderne ; mises \u00e0 jour internes trimestrielles \u00e0 la direction\/au contr\u00f4le.<\/p><p><strong>13) Transparence &amp; dialogue avec les parties prenantes<\/strong><\/p><p>Dialogue proactif avec les parties prenantes, la soci\u00e9t\u00e9 civile, les initiatives sectorielles et les experts (notamment par le biais du comit\u00e9 consultatif externe ; id\u00e9e directrice : r\u00f4le de pr\u00e9curseur et d'\u00e9change continu).<\/p><p><strong>14) Escalade &amp; cons\u00e9quences<\/strong><\/p><p>Les infractions entra\u00eenent - selon leur gravit\u00e9 - des\u00a0<strong>Actions correctives<\/strong>,\u00a0<strong>Suspension<\/strong>\u00a0ou\u00a0<strong>R\u00e9siliation<\/strong>\u00a0des relations avec les employ\u00e9s, les fournisseurs ou les clients ; les poursuites judiciaires sont encourag\u00e9es. (Des pratiques comparables, allant jusqu'\u00e0 la rupture des relations avec les clients, sont reconnues au niveau international).<\/p><p><strong>15) Entr\u00e9e en vigueur, r\u00e9vision &amp; publication<\/strong><\/p><p>Cette politique entre en vigueur d\u00e8s sa publication, est\u00a0<strong>au moins une fois par an<\/strong>\u00a0ainsi qu'en fonction des \u00e9v\u00e9nements (p. ex. modifications de la l\u00e9gislation, nouveaux risques) et publi\u00e9s \u00e0 l'\u00e9chelle du groupe.<\/p><p><strong>Extraits contextuels sur les marques &amp; les engagements d\u00e9j\u00e0 publi\u00e9s (preuves)<\/strong><\/p><p><strong>Cadre de conformit\u00e9 et voies de recours LEGIER<\/strong>\u00a0(y compris personne de contact, m\u00e9diateur, coordonn\u00e9es).<\/p><p><strong>Moderne\u00a0<\/strong><strong>Esclavage<\/strong><strong>\u00a0D\u00e9claration<\/strong>\u00a0du groupe LEGIER (notamment profil d'activit\u00e9, \u00e9valuation de la cha\u00eene d'approvisionnement, mise \u00e0 jour annuelle).<\/p><p><strong>SCANDIC TRADE<\/strong>\u00a0- Instruments de n\u00e9gociation\/offre, r\u00e9f\u00e9rence \u00e0 la r\u00e9glementation CySEC de la plateforme sous-jacente.<\/p><p><strong>SCANDIC PAY<\/strong>\u00a0- Gestion des plaintes &amp; protection des \u201eclients vuln\u00e9rables\u201c<\/p><p><strong>SCANDIC FLY<\/strong>\u00a0- Focalisation sur l'aviation\/l'affr\u00e8tement (s\u00e9curit\u00e9, discr\u00e9tion, disponibilit\u00e9 globale).<\/p><p><strong>SCANDIC YACHTS<\/strong>\u00a0- Vente\/affr\u00e8tement de yachts, r\u00e9seau de marques int\u00e9gr\u00e9, services &amp; focus sur la s\u00e9curit\u00e9.<\/p><p><strong>SCANDIC DATA<\/strong>\u00a0- Activit\u00e9s m\u00e9diatiques (r\u00e9f\u00e9rence \u00e0 115 journaux propres dans le contexte du groupe).<\/p><p><strong>SCANDIC SEC<\/strong>\u00a0- Solutions de s\u00e9curit\u00e9 (charte).<\/p><p><strong>Principes directeurs de l'ONU \/\u00a0<\/strong><strong>LkSG<\/strong><strong>\u00a0\/ UE-<\/strong><strong>D\u00e9nonciation<\/strong><strong>-Directive<\/strong>\u00a0- cadre de r\u00e9f\u00e9rence de cette politique.<\/p><p><strong>Annexe A :<\/strong><strong>\u00a0<\/strong><strong>Exigences minimales pour les fournisseurs et les partenaires commerciaux (version courte)<\/strong><\/p><p><strong>Conformit\u00e9 l\u00e9gale &amp; standard :<\/strong>\u00a0Respect des lois applicables, des PNUD, des normes fondamentales de l'OIT, des processus compatibles avec la LCS.<\/p><p><strong>Droits du travail :<\/strong>\u00a0Interdiction du travail forc\u00e9\/du travail des enfants, discrimination ; sant\u00e9 &amp; s\u00e9curit\u00e9 ; horaires de travail\/r\u00e9mun\u00e9ration conformes \u00e0 la loi.<\/p><p><strong>Proc\u00e9dure de recours :<\/strong>\u00a0Canaux efficaces et anonymes ; protection contre les repr\u00e9sailles ; coop\u00e9ration dans les enqu\u00eates.<\/p><p><strong>Transparence :<\/strong>\u00a0Divulgation des sites de production\/sous-traitants pertinents ; participation aux audits.<\/p><p><strong>Donn\u00e9es\/vie priv\u00e9e :<\/strong>\u00a0Protection des donn\u00e9es \u00e0 caract\u00e8re personnel ; Privacy-by-Design ; Normes de s\u00e9curit\u00e9.<\/p><p><strong>Escalade :<\/strong>\u00a0Rem\u00e8de dans des d\u00e9lais d\u00e9finis ; en cas de refus\u00a0<strong>Suspension\/r\u00e9siliation<\/strong>.<\/p><p><strong>Annexe B :<\/strong><strong>\u00a0Grille de d\u00e9cision \u201eGo\/<\/strong><strong>No<\/strong><strong>-Go\u201c<\/strong><\/p><p><strong>Secteur\/pays\/utilisation finale<\/strong>\u00a0\u2192 Score de risque \u2192 Autorisation HRPEC requise ?<\/p><p><strong>Mesures de protection<\/strong>\u00a0(contractuelles\/techniques\/organisationnelles) suffisantes ?<\/p><p><strong>Risque r\u00e9siduel<\/strong>\u00a0d\u00e9fendable ? Si\u00a0<strong>non<\/strong>\u00a0\u2192\u00a0<em>No<\/em><em>-Go<\/em>\u00a0\/ le cas \u00e9ch\u00e9ant, plan de sortie ; si\u00a0<strong>oui<\/strong>\u00a0\u2192 conditions, suivi, dates de r\u00e9vision. (En s'inspirant des processus de scoping qui ont fait leurs preuves.)<\/p>\t\t\t\t\t\t\t\t<\/div>\n\t\t\t\t\t<\/div>\n\t\t\t\t<\/div>\n\t\t\t\t<\/div>","protected":false},"excerpt":{"rendered":"<p>Menschenrechtspolitik der LEGIER Gruppe und SCANDIC Marken G\u00fcltig f\u00fcr: LEGIER Beteiligungs mbH (\u201eLEGIER\u201c) und die verbundenen Marken (u. a. SCANDIC PAY, SCANDIC TRADE, SCANDIC ESTATE, SCANDIC FLY, SCANDIC YACHTS, SCANDIC DATA, SCANDIC GROUP, SCANDIC SEC). 1) Vorwort &amp; Selbstverpflichtung LEGIER bekennt sich uneingeschr\u00e4nkt zur Achtung aller international anerkannten Menschenrechte entlang der gesamten Wertsch\u00f6pfungskette \u2013 in [&hellip;]<\/p>\n","protected":false},"author":1,"featured_media":0,"parent":0,"menu_order":0,"comment_status":"closed","ping_status":"closed","template":"","meta":{"footnotes":""},"class_list":["post-729","page","type-page","status-publish","hentry"],"_links":{"self":[{"href":"https:\/\/legiergroup.info\/fr\/wp-json\/wp\/v2\/pages\/729","targetHints":{"allow":["GET"]}}],"collection":[{"href":"https:\/\/legiergroup.info\/fr\/wp-json\/wp\/v2\/pages"}],"about":[{"href":"https:\/\/legiergroup.info\/fr\/wp-json\/wp\/v2\/types\/page"}],"author":[{"embeddable":true,"href":"https:\/\/legiergroup.info\/fr\/wp-json\/wp\/v2\/users\/1"}],"replies":[{"embeddable":true,"href":"https:\/\/legiergroup.info\/fr\/wp-json\/wp\/v2\/comments?post=729"}],"version-history":[{"count":14,"href":"https:\/\/legiergroup.info\/fr\/wp-json\/wp\/v2\/pages\/729\/revisions"}],"predecessor-version":[{"id":1810,"href":"https:\/\/legiergroup.info\/fr\/wp-json\/wp\/v2\/pages\/729\/revisions\/1810"}],"wp:attachment":[{"href":"https:\/\/legiergroup.info\/fr\/wp-json\/wp\/v2\/media?parent=729"}],"curies":[{"name":"wp","href":"https:\/\/api.w.org\/{rel}","templated":true}]}}