{"id":772,"date":"2025-09-17T01:31:20","date_gmt":"2025-09-17T01:31:20","guid":{"rendered":"https:\/\/legiergroup.info\/?page_id=772"},"modified":"2025-10-23T11:55:44","modified_gmt":"2025-10-23T11:55:44","slug":"%d7%9e%d7%9b%d7%95%d7%a0%d7%99%d7%95%d7%aa-%d7%a1%d7%a7%d7%90%d7%a0%d7%93%d7%99%d7%a7","status":"publish","type":"page","link":"https:\/\/legiergroup.info\/he\/scandic-cars\/","title":{"rendered":"Scandic Cars"},"content":{"rendered":"<div data-elementor-type=\"wp-page\" data-elementor-id=\"772\" class=\"elementor elementor-772\" data-elementor-post-type=\"page\">\n\t\t\t\t<div class=\"elementor-element elementor-element-0cafc05 e-flex e-con-boxed e-con e-parent\" data-id=\"0cafc05\" data-element_type=\"container\" data-e-type=\"container\">\n\t\t\t\t\t<div class=\"e-con-inner\">\n\t\t\t\t<div class=\"elementor-element elementor-element-f095092 elementor-widget elementor-widget-text-editor\" data-id=\"f095092\" data-element_type=\"widget\" data-e-type=\"widget\" data-widget_type=\"text-editor.default\">\n\t\t\t\t\t\t\t\t\t<img decoding=\"async\" class=\"mt-2 mb-2\" src=\"https:\/\/legiergroup.info\/wp-content\/uploads\/2025\/10\/scandiccars_by_legier.jpg\" width=\"100%\" \/>\n<h1>SCANDIC CARS: \u05e0\u05d9\u05d9\u05d3\u05d5\u05ea \u05d9\u05d5\u05e7\u05e8\u05ea\u05d9\u05ea \u05de\u05d5\u05d2\u05d3\u05e8\u05ea \u05de\u05d7\u05d3\u05e9<\/h1>\n\u05d1\u05e8\u05d5\u05db\u05d9\u05dd \u05d4\u05d1\u05d0\u05d9\u05dd \u05dc-ScandicCars, \u05de\u05d5\u05ea\u05d2 \u05d2\u05dc\u05d5\u05d1\u05dc\u05d9 \u05de\u05d5\u05d1\u05d9\u05dc \u05de\u05e7\u05d1\u05d5\u05e6\u05ea LEGIER \u05d4\u05e0\u05d5\u05d3\u05e2\u05ea. \u05e7\u05d1\u05d5\u05e6\u05ea LEGIER \u05d4\u05d9\u05d0 \u05ea\u05d0\u05d2\u05d9\u05d3 \u05d1\u05d9\u05e0\u05dc\u05d0\u05d5\u05de\u05d9 \u05de\u05d2\u05d5\u05d5\u05df \u05e2\u05dd \u05d4\u05d9\u05e1\u05d8\u05d5\u05e8\u05d9\u05d4 \u05e9\u05dc 30 \u05e9\u05e0\u05d5\u05ea \u05d4\u05e6\u05dc\u05d7\u05d4 \u05d5\u05d1\u05e2\u05dc\u05d9\u05dd \u05e9\u05dc 115 \u05e2\u05d9\u05ea\u05d5\u05e0\u05d9\u05dd \u05d9\u05d5\u05de\u05d9\u05d9\u05dd \u05d4\u05de\u05e4\u05e8\u05e1\u05de\u05d9\u05dd \u05d7\u05d3\u05e9\u05d5\u05ea \u05e2\u05d3\u05db\u05e0\u05d9\u05d5\u05ea \u05de\u05e1\u05d1\u05d9\u05d1 \u05dc\u05e9\u05e2\u05d5\u05df \u05d1\u05db\u05dc \u05d4\u05d9\u05d1\u05e9\u05d5\u05ea. \u05db\u05d7\u05d1\u05e8 \u05d1\u05e8\u05e9\u05ea \u05d4\u05de\u05d5\u05ea\u05d2\u05d9\u05dd \u05d4\u05d1\u05dc\u05e2\u05d3\u05d9\u05ea SCANDIC, \u05d0\u05e0\u05d5 \u05de\u05e6\u05d9\u05e2\u05d9\u05dd \u05d4\u05e8\u05d1\u05d4 \u05d9\u05d5\u05ea\u05e8 \u05de\u05d0\u05e9\u05e8 \u05e8\u05e7 \u05d4\u05e9\u05db\u05e8\u05ea \u05e8\u05db\u05d1. ScandicCars \u05d4\u05d5\u05d0 \u05d4\u05de\u05e4\u05ea\u05d7 \u05e9\u05dc\u05db\u05dd \u05dc\u05d0\u05d5\u05e8\u05d7 \u05d7\u05d9\u05d9\u05dd \u05de\u05dc\u05d0 \u05d1...\u00a0<strong>\u05de\u05d5\u05bc\u05ea\u05b8\u05e8\u05d5\u05bc\u05ea<\/strong>,\u00a0<strong>\u05d7\u05d3\u05e9\u05e0\u05d5\u05ea<\/strong>\u00a0\u05d5\u00a0<strong>\u05e9\u05d9\u05e8\u05d5\u05ea \u05d1\u05dc\u05e2\u05d3\u05d9<\/strong>.\n\nOb anspruchsvolle Privatkunden oder Unternehmen mit h\u00f6chsten Anspr\u00fcchen \u2013 wir schaffen ma\u00dfgeschneiderte Mobilit\u00e4tsl\u00f6sungen. Unser Versprechen: unvergleichlicher Komfort, h\u00f6chste Flexibilit\u00e4t und ein unerm\u00fcdliches Streben nach Perfektion. Wir erf\u00fcllen Ihre Erwartungen nicht nur \u2013 wir \u00fcbertreffen sie.\n<h2>\u05d4\u05e4\u05d9\u05dc\u05d5\u05e1\u05d5\u05e4\u05d9\u05d4 \u05e9\u05dc\u05e0\u05d5: \u05e7\u05d9\u05d3\u05d5\u05dd \u05ea\u05e8\u05d1\u05d5\u05ea \u05e2\u05dd \u05de\u05e6\u05d5\u05d9\u05e0\u05d5\u05ea<\/h2>\nF\u00fcr uns ist ein Automobil nicht blo\u00df ein Transportmittel, sondern Ausdruck von Stil, Sicherheit und individueller Freiheit. Es geht nicht nur darum, von A nach B zu kommen \u2013 sondern wie Sie dort ankommen.\n\nEntsprechend gestalten wir jedes Detail Ihrer Anmietung nach Ihren W\u00fcnschen. Wir verbinden klassische Werte wie\u00a0<strong>\u05d0\u05b5\u05de\u05d5\u05bc\u05df<\/strong>\u00a0\u05d5\u00a0<strong>\u05e9\u05d9\u05e7\u05d5\u05dc \u05d3\u05e2\u05ea<\/strong>\u00a0\u05d1\u05e2\u05d6\u05e8\u05ea \u05d8\u05db\u05e0\u05d5\u05dc\u05d5\u05d2\u05d9\u05d4 \u05de\u05d5\u05d3\u05e8\u05e0\u05d9\u05ea, \u05d9\u05d5\u05e6\u05e8\u05d9\u05dd \u05d4\u05d9\u05e6\u05e2 \u05e9\u05d4\u05d5\u05d0 \u05d2\u05dd \u05de\u05e7\u05e6\u05d5\u05e2\u05d9 \u05d5\u05d2\u05dd \u05d9\u05d5\u05e7\u05e8\u05ea\u05d9. \u05d0\u05ea\u05dd \u05d9\u05d5\u05e6\u05e8\u05d9\u05dd \u05d0\u05ea \u05d4\u05d7\u05d5\u05e4\u05e9 \u05dc\u05e0\u05d4\u05d5\u05d2 \u05d1\u05d3\u05d9\u05d5\u05e7 \u05d1\u05de\u05d4 \u05e9\u05d0\u05ea\u05dd \u05e8\u05d5\u05e6\u05d9\u05dd, \u05d1\u05d3\u05d9\u05d5\u05e7 \u05de\u05ea\u05d9 \u05e9\u05d0\u05ea\u05dd \u05e8\u05d5\u05e6\u05d9\u05dd - \u05dc\u05dc\u05d0 \u05d4\u05de\u05d7\u05d5\u05d9\u05d1\u05d5\u05d9\u05d5\u05ea \u05e9\u05dc \u05d1\u05e2\u05dc\u05d5\u05ea \u05e2\u05dc \u05e8\u05db\u05d1 \u05d9\u05d5\u05e7\u05e8\u05d4 \u05de\u05e9\u05dc\u05db\u05dd. \u05dc\u05de\u05d4 \u05dc\u05d4\u05d7\u05d6\u05d9\u05e7 \u05d1\u05e8\u05db\u05d1 \u05d9\u05d5\u05e7\u05e8\u05d4 \u05de\u05e9\u05dc\u05db\u05dd \u05db\u05d0\u05e9\u05e8 ScandicCars \u05d9\u05db\u05d5\u05dc \u05dc\u05e1\u05e4\u05e7 \u05dc\u05db\u05dd \u05d0\u05ea \u05e8\u05db\u05d1 \u05d4\u05d7\u05dc\u05d5\u05de\u05d5\u05ea \u05e9\u05dc\u05db\u05dd \u05d1\u05db\u05dc \u05e2\u05ea \u05e9\u05ea\u05e6\u05d8\u05e8\u05db\u05d5 \u05d0\u05d5\u05ea\u05d5?\n<h2>\u05e6\u05d9 \u05d4\u05e8\u05db\u05d1\u05d9\u05dd \u05e9\u05dc\u05e0\u05d5: \u05d0\u05d9\u05d9\u05e7\u05d5\u05e0\u05d9\u05dd \u05e9\u05dc \u05e2\u05d5\u05dc\u05dd \u05d4\u05e8\u05db\u05d1<\/h2>\n\u05e6\u05d9 \u05d4\u05e8\u05db\u05d1\u05d9\u05dd \u05d4\u05d1\u05dc\u05e2\u05d3\u05d9 \u05e9\u05dc\u05e0\u05d5 \u05db\u05d5\u05dc\u05dc \u05d0\u05ea \u05d4\u05d3\u05d2\u05de\u05d9\u05dd \u05d4\u05e0\u05d7\u05e9\u05e7\u05d9\u05dd \u05d1\u05d9\u05d5\u05ea\u05e8 \u05d1\u05e2\u05d5\u05dc\u05dd \u05d4\u05e8\u05db\u05d1 - \u05db\u05dc \u05d0\u05d7\u05d3 \u05de\u05d4\u05dd \u05e1\u05de\u05dc \u05dc\u05de\u05e6\u05d5\u05d9\u05e0\u05d5\u05ea \u05d4\u05e0\u05d3\u05e1\u05d9\u05ea, \u05d1\u05d9\u05e6\u05d5\u05e2\u05d9\u05dd \u05d5\u05d0\u05dc\u05d2\u05e0\u05d8\u05d9\u05d5\u05ea. \u05d0\u05e0\u05d5 \u05de\u05e6\u05d9\u05e2\u05d9\u05dd \u05db\u05dc\u05d9 \u05e8\u05db\u05d1 \u05dc\u05db\u05dc \u05d8\u05e2\u05dd:\n<ul>\n \t<li>\u05d4\u05e8\u05de\u05df SF50 \u05e1\u05d8\u05e8\u05d3\u05d9\u05d9\u05dc \u2013 \u05de\u05db\u05d5\u05e0\u05d9\u05ea \u05e1\u05e4\u05d5\u05e8\u05d8-\u05e2\u05dc \u05e9\u05e7\u05d5\u05d1\u05e2\u05ea \u05e1\u05d8\u05e0\u05d3\u05e8\u05d8\u05d9\u05dd \u05d7\u05d3\u05e9\u05d9\u05dd<\/li>\n \t<li>\u05dc\u05de\u05d1\u05d5\u05e8\u05d2\u05d9\u05e0\u05d9 \u05d0\u05d5\u05e8\u05d5\u05e1 (\u05de\u05d4\u05d3\u05d5\u05e8\u05d4 \u05de\u05d9\u05d5\u05d7\u05d3\u05ea) \u2013 \u05d1\u05d9\u05e6\u05d5\u05e2\u05d9\u05dd \u05de\u05e8\u05e9\u05d9\u05de\u05d9\u05dd<\/li>\n \t<li>\u05e8\u05db\u05d1 \u05d4\u05e9\u05d8\u05d7 \u05e8\u05d5\u05dc\u05e1-\u05e8\u05d5\u05d9\u05e1 \u05e7\u05d5\u05dc\u05d9\u05e0\u05df II \u2013 \u05d0\u05dc\u05d2\u05e0\u05d8\u05d9\u05d5\u05ea \u05de\u05dc\u05db\u05d5\u05ea\u05d9\u05ea<\/li>\n \t<li>\u05e4\u05d5\u05e8\u05e9\u05d4 911 \u05e7\u05d0\u05e8\u05e8\u05d4 \u05e7\u05d1\u05e8\u05d9\u05d5\u05dc\u05d4 \u2013 \u05ea\u05e2\u05e0\u05d5\u05d2 \u05e0\u05d4\u05d9\u05d2\u05d4 \u05e6\u05e8\u05d5\u05e3 \u05dc\u05d0\u05d5\u05d4\u05d1\u05d9 \u05de\u05db\u05d5\u05e0\u05d9\u05d5\u05ea \u05e1\u05e4\u05d5\u05e8\u05d8 \u05e4\u05ea\u05d5\u05d7\u05d5\u05ea<\/li>\n \t<li>\u05d0\u05d0\u05d5\u05d3\u05d9 RS e-tron GT \u05d5-BMW i70\/i50 \u2013 \u05db\u05d5\u05d7 \u05d7\u05e9\u05de\u05dc\u05d9 \u05de\u05ea\u05e7\u05d3\u05dd \u05e2\u05dd \u05d3\u05d9\u05e0\u05de\u05d9\u05e7\u05ea \u05d2\u05e8\u05d0\u05df \u05d8\u05d5\u05e8\u05d9\u05e1\u05de\u05d5<\/li>\n \t<li>\u05d0\u05d0\u05d5\u05d3\u05d9 SQ7 \u05d5-RSQ8 Performance \u2013 \u05e1\u05e4\u05d5\u05e8\u05d8\u05d9\u05d1\u05d9\u05d5\u05ea \u05e2\u05dd \u05de\u05e8\u05d7\u05d1 \u05e0\u05d3\u05d9\u05d1<\/li>\n \t<li>\u05de\u05e8\u05e6\u05d3\u05e1-AMG GT 63 SE Performance \u2013 \u05db\u05d5\u05d7 \u05d4\u05d9\u05d1\u05e8\u05d9\u05d3\u05d9 V8 \u05d0\u05db\u05d6\u05e8\u05d9<\/li>\n \t<li>\u05de\u05e8\u05e6\u05d3\u05e1-AMG SL 63 \u05e7\u05d1\u05e8\u05d9\u05d5\u05dc\u05d4 \u2013 \u05d0\u05dc\u05d2\u05e0\u05d8\u05d9\u05d5\u05ea \u05e4\u05ea\u05d5\u05d7\u05d4<\/li>\n \t<li>BMW M8 Competition Gran Coup\u00e9 \u2013 \u05d9\u05d5\u05e7\u05e8\u05d4 \u05d5\u05e1\u05e4\u05d5\u05e8\u05d8\u05d9\u05d1\u05d9\u05d5\u05ea \u05de\u05e9\u05d5\u05dc\u05d1\u05d9\u05dd<\/li>\n \t<li>\u05e8\u05d5\u05dc\u05e1-\u05e8\u05d5\u05d9\u05e1 \u05e1\u05e4\u05e7\u05d8\u05e8 \u05d5\u05e8\u05d5\u05dc\u05e1-\u05e8\u05d5\u05d9\u05e1 \u05e4\u05e0\u05d8\u05d5\u05dd \u05e1\u05d3\u05e8\u05d4 II \u05de\u05d5\u05e8\u05d7\u05d1 \u05de\u05e9\u05e0\u05ea 2025 \u2013 \u05d0\u05d9\u05d9\u05e7\u05d5\u05e0\u05d9 \u05d9\u05d5\u05e7\u05e8\u05d4 \u05d7\u05e9\u05de\u05dc\u05d9\u05d9\u05dd \u05d5\u05e7\u05dc\u05d0\u05e1\u05d9\u05d9\u05dd<\/li>\n<\/ul>\n<h2>\u05e7\u05d1\u05d5\u05e6\u05ea \u05d4\u05de\u05d5\u05ea\u05d2\u05d9\u05dd SCANDIC<\/h2>\n\u05db\u05d7\u05dc\u05e7 \u05de\u05e8\u05e9\u05ea LEGIER GRUPPE \u05d4\u05d9\u05d5\u05e7\u05e8\u05ea\u05d9\u05ea, \u05d0\u05e0\u05d5 \u05de\u05e6\u05d9\u05e2\u05d9\u05dd \u05dc\u05db\u05dd \u05d2\u05d9\u05e9\u05d4 \u05d7\u05dc\u05e7\u05d4 \u05dc\u05e4\u05d5\u05e8\u05d8\u05e4\u05d5\u05dc\u05d9\u05d5 \u05d9\u05d9\u05d7\u05d5\u05d3\u05d9 \u05e9\u05dc \u05de\u05d5\u05ea\u05d2\u05d9\u05dd \u05d5\u05e9\u05d9\u05e8\u05d5\u05ea\u05d9\u05dd \u05d7\u05d3\u05e9\u05e0\u05d9\u05d9\u05dd:\n<ul>\n \t<li><strong>ScandicFly<\/strong>\u05de\u05d8\u05d5\u05e1 \u05e4\u05e8\u05d8\u05d9 \u05d1\u05dc\u05e2\u05d3\u05d9 \u05dc\u05d3\u05e8\u05d9\u05e9\u05d5\u05ea \u05d4\u05d2\u05d1\u05d5\u05d4\u05d5\u05ea \u05d1\u05d9\u05d5\u05ea\u05e8<\/li>\n \t<li><strong>ScandicYachts<\/strong>\u05d9\u05d0\u05db\u05d8\u05d5\u05ea \u05d9\u05d5\u05e7\u05e8\u05d4 \u05dc\u05d7\u05d5\u05d5\u05d9\u05d5\u05ea \u05d1\u05dc\u05e2\u05d3\u05d9\u05d5\u05ea \u05e2\u05dc \u05d4\u05de\u05d9\u05dd<\/li>\n \t<li><strong>ScandicEstate<\/strong>\u05e0\u05db\u05e1\u05d9\u05dd \u05de\u05d4\u05e9\u05d5\u05e8\u05d4 \u05d4\u05e8\u05d0\u05e9\u05d5\u05e0\u05d4 \u05d1\u05e8\u05d7\u05d1\u05d9 \u05d4\u05e2\u05d5\u05dc\u05dd - \u05de\u05d5\u05d9\u05dc\u05d5\u05ea \u05d1\u05e7\u05d5\u05d8 \u05d3&#039;\u05d0\u05d6\u05d5\u05e8 \u05d5\u05e2\u05d3 \u05e4\u05e0\u05d8\u05d4\u05d0\u05d5\u05d6\u05d9\u05dd \u05d1\u05d3\u05d5\u05d1\u05d0\u05d9<\/li>\n \t<li><strong>ScandicPay<\/strong>\u05e4\u05ea\u05e8\u05d5\u05e0\u05d5\u05ea \u05ea\u05e9\u05dc\u05d5\u05dd \u05d7\u05d3\u05e9\u05e0\u05d9\u05d9\u05dd \u05dc\u05e2\u05e1\u05e7\u05d0\u05d5\u05ea \u05de\u05d4\u05d9\u05e8\u05d5\u05ea, \u05de\u05d0\u05d5\u05d1\u05d8\u05d7\u05d5\u05ea \u05d5\u05d2\u05dc\u05d5\u05d1\u05dc\u05d9\u05d5\u05ea<\/li>\n \t<li><strong>ScandicTrade<\/strong>\u05de\u05d8\u05d1\u05e2 \u05d4\u05e7\u05e8\u05d9\u05e4\u05d8\u05d5 ScandicCoin \u05d5\u05e4\u05dc\u05d8\u05e4\u05d5\u05e8\u05de\u05ea \u05d4\u05e9\u05e7\u05e2\u05d4 \u05d3\u05d9\u05d2\u05d9\u05d8\u05dc\u05d9\u05ea \u05dc\u05d4\u05d6\u05d3\u05de\u05e0\u05d5\u05d9\u05d5\u05ea \u05d4\u05e9\u05e7\u05e2\u05d4 \u05e2\u05ea\u05d9\u05d3\u05d9\u05d5\u05ea<\/li>\n<\/ul>\n<h2>\u05d7\u05d5\u05d5\u05d9\u05ea \u05d4\u05e0\u05d4\u05d9\u05d2\u05d4 \u05e9\u05dc\u05da, \u05d4\u05e0\u05d4\u05d9\u05d2\u05d4 \u05e9\u05dc\u05e0\u05d5<\/h2>\nScandicCars ist mehr als eine Luxusautovermietung \u2013 wir verstehen uns als Ihr Partner f\u00fcr exklusive Mobilit\u00e4t. Durch die Integration in ein hochkar\u00e4tiges Markennetzwerk bieten wir Dienstleistungen, die weit \u00fcber das \u00dcbliche hinausgehen.\n\nGanz gleich, ob Sie einen adrenaligeladenen Supercar-Trip planen, VIP-G\u00e4ste stilvoll chauffieren lassen m\u00f6chten oder als Unternehmen einen zuverl\u00e4ssigen Mobilit\u00e4tspartner f\u00fcr Events und Gesch\u00e4ftsreisen suchen \u2013 wir stehen an Ihrer Seite. Jede Anfrage, ob spontan \u00fcber unser mobiles Buchungssystem oder langfristig geplant, wird mit der gleichen Sorgfalt und Professionalit\u00e4t bearbeitet.\n\nErleben Sie mit ScandicCars die Faszination automobiler H\u00f6chstleistungen und unbegrenzten Luxus auf R\u00e4dern, unterst\u00fctzt von einem Netzwerk, das jeden Aspekt Ihres Lebensstils veredelt. Kontaktieren Sie uns noch heute und entdecken Sie, wie ScandicCars Ihr n\u00e4chstes Fahrerlebnis unvergesslich machen wird \u2013 denn\u00a0<strong>\u05de\u05e6\u05d5\u05d9\u05e0\u05d5\u05ea<\/strong>\u00a0\u05d4\u05d5\u05d0 \u05e9\u05dc\u05e0\u05d5\t\t\t\t\t\t\t\t<\/div>\n\t\t\t\t\t<\/div>\n\t\t\t\t<\/div>\n\t\t\t\t<\/div>","protected":false},"excerpt":{"rendered":"<p>SCANDIC CARS: Luxuri\u00f6se Mobilit\u00e4t neu definiert Willkommen bei ScandicCars, einer weltweit f\u00fchrenden Marke der renommierten LEGIER GRUPPE. Die LEGIER GRUPPE ist ein diversifizierter internationaler Mischkonzern mit 30 Jahren Erfolgsgeschichte und Inhaberin von 115 Tageszeitungen, die weltweit auf allen Kontinenten rund um die Uhr aktuelle Nachrichten publizieren. Als Mitglied des exklusiven SCANDIC Markenverbunds bieten wir weit [&hellip;]<\/p>\n","protected":false},"author":1,"featured_media":0,"parent":0,"menu_order":0,"comment_status":"closed","ping_status":"closed","template":"","meta":{"footnotes":""},"class_list":["post-772","page","type-page","status-publish","hentry"],"_links":{"self":[{"href":"https:\/\/legiergroup.info\/he\/wp-json\/wp\/v2\/pages\/772","targetHints":{"allow":["GET"]}}],"collection":[{"href":"https:\/\/legiergroup.info\/he\/wp-json\/wp\/v2\/pages"}],"about":[{"href":"https:\/\/legiergroup.info\/he\/wp-json\/wp\/v2\/types\/page"}],"author":[{"embeddable":true,"href":"https:\/\/legiergroup.info\/he\/wp-json\/wp\/v2\/users\/1"}],"replies":[{"embeddable":true,"href":"https:\/\/legiergroup.info\/he\/wp-json\/wp\/v2\/comments?post=772"}],"version-history":[{"count":11,"href":"https:\/\/legiergroup.info\/he\/wp-json\/wp\/v2\/pages\/772\/revisions"}],"predecessor-version":[{"id":1936,"href":"https:\/\/legiergroup.info\/he\/wp-json\/wp\/v2\/pages\/772\/revisions\/1936"}],"wp:attachment":[{"href":"https:\/\/legiergroup.info\/he\/wp-json\/wp\/v2\/media?parent=772"}],"curies":[{"name":"wp","href":"https:\/\/api.w.org\/{rel}","templated":true}]}}