{"id":744,"date":"2025-09-17T01:19:25","date_gmt":"2025-09-17T01:19:25","guid":{"rendered":"https:\/\/legiergroup.info\/?page_id=744"},"modified":"2025-10-23T12:03:42","modified_gmt":"2025-10-23T12:03:42","slug":"%e0%a4%95%e0%a4%ae%e0%a4%9c%e0%a5%8b%e0%a4%b0-%e0%a4%97%e0%a5%8d%e0%a4%b0%e0%a4%be%e0%a4%b9%e0%a4%95%e0%a5%8b%e0%a4%82","status":"publish","type":"page","link":"https:\/\/legiergroup.info\/hi\/gefaehrdete-kunden\/","title":{"rendered":"\u0915\u092e\u091c\u094b\u0930 \u0917\u094d\u0930\u093e\u0939\u0915"},"content":{"rendered":"<div data-elementor-type=\"wp-page\" data-elementor-id=\"744\" class=\"elementor elementor-744\" data-elementor-post-type=\"page\">\n\t\t\t\t<div class=\"elementor-element elementor-element-6c06e4f e-flex e-con-boxed e-con e-parent\" data-id=\"6c06e4f\" data-element_type=\"container\" data-e-type=\"container\">\n\t\t\t\t\t<div class=\"e-con-inner\">\n\t\t\t\t<div class=\"elementor-element elementor-element-620dc3e elementor-widget elementor-widget-text-editor\" data-id=\"620dc3e\" data-element_type=\"widget\" data-e-type=\"widget\" data-widget_type=\"text-editor.default\">\n\t\t\t\t\t\t\t\t\t<h1>\u0915\u092e\u091c\u094b\u0930 \u0917\u094d\u0930\u093e\u0939\u0915<\/h1>\n<div><\/div>\n<strong>1\u091f\u0940\u092a\u09403\u091f\u0940<\/strong>\u00a0(\u091c\u093f\u0938\u0947 \u0906\u0917\u0947 LEGIER \u0915\u0939\u093e \u091c\u093e\u090f\u0917\u093e) \u0914\u0930 \u0907\u0938\u0915\u0947 \u0938\u0902\u092c\u0926\u094d\u0927 \u092c\u094d\u0930\u093e\u0902\u0921 ScandicEstate, ScandicPay, ScandicTrust, \u0914\u0930 ScandicTrade \u0905\u092a\u0928\u0947 \u0917\u094d\u0930\u093e\u0939\u0915\u094b\u0902 \u0915\u0940 \u0938\u0941\u0930\u0915\u094d\u0937\u093e \u0914\u0930 \u0915\u0932\u094d\u092f\u093e\u0923 \u0915\u094b \u0905\u0924\u094d\u092f\u0927\u093f\u0915 \u092e\u0939\u0924\u094d\u0935 \u0926\u0947\u0924\u0947 \u0939\u0948\u0902\u0964 \u0939\u092e\u093e\u0930\u093e \u0932\u0915\u094d\u0937\u094d\u092f \u092f\u0939 \u0938\u0941\u0928\u093f\u0936\u094d\u091a\u093f\u0924 \u0915\u0930\u0928\u093e \u0939\u0948 \u0915\u093f \u0938\u092d\u0940 \u0917\u094d\u0930\u093e\u0939\u0915\u094b\u0902, \u0935\u093f\u0936\u0947\u0937 \u0930\u0942\u092a \u0938\u0947 \u0935\u094d\u092f\u0915\u094d\u0924\u093f\u0917\u0924 \u092a\u0930\u093f\u0938\u094d\u0925\u093f\u0924\u093f\u092f\u094b\u0902 \u0915\u0947 \u0915\u093e\u0930\u0923 \u0905\u0938\u0941\u0930\u0915\u094d\u0937\u093f\u0924 \u092e\u093e\u0928\u0947 \u091c\u093e\u0928\u0947 \u0935\u093e\u0932\u0947 \u0917\u094d\u0930\u093e\u0939\u0915\u094b\u0902 \u0915\u094b \u0909\u091a\u093f\u0924 \u0938\u0939\u093e\u092f\u0924\u093e \u0914\u0930 \u0938\u0941\u0930\u0915\u094d\u0937\u093e \u092e\u093f\u0932\u0947\u0964.\n\n&nbsp;\n<h2>\u0905\u0938\u0941\u0930\u0915\u094d\u0937\u093f\u0924 \u0917\u094d\u0930\u093e\u0939\u0915 \u0915\u094d\u092f\u093e \u0939\u0948?<\/h2>\n<div><\/div>\n\u090f\u0915 \u0905\u0938\u0941\u0930\u0915\u094d\u0937\u093f\u0924 \u0917\u094d\u0930\u093e\u0939\u0915 \u0935\u0939 \u0935\u094d\u092f\u0915\u094d\u0924\u093f \u0939\u094b\u0924\u093e \u0939\u0948 \u091c\u093f\u0938\u0915\u0947 \u0928\u093f\u0930\u094d\u0923\u092f \u0932\u0947\u0928\u0947 \u0914\u0930 \u0935\u093f\u0924\u094d\u0924\u0940\u092f \u0938\u0947\u0935\u093e\u0913\u0902 \u092e\u0947\u0902 \u0909\u0938\u0915\u0940 \u092d\u093e\u0917\u0940\u0926\u093e\u0930\u0940 \u092a\u0930 \u0935\u094d\u092f\u0915\u094d\u0924\u093f\u0917\u0924 \u092a\u0930\u093f\u0938\u094d\u0925\u093f\u0924\u093f\u092f\u094b\u0902 \u0915\u093e \u0928\u0915\u093e\u0930\u093e\u0924\u094d\u092e\u0915 \u092a\u094d\u0930\u092d\u093e\u0935 \u092a\u0921\u093c \u0938\u0915\u0924\u093e \u0939\u0948\u0964 \u0907\u0928 \u092a\u0930\u093f\u0938\u094d\u0925\u093f\u0924\u093f\u092f\u094b\u0902 \u0915\u0947 \u092a\u0930\u093f\u0923\u093e\u092e\u0938\u094d\u0935\u0930\u0942\u092a \u0905\u0938\u0941\u0930\u0915\u094d\u0937\u093f\u0924 \u0917\u094d\u0930\u093e\u0939\u0915\u094b\u0902 \u092a\u0930 \u0905\u0928\u094d\u092f \u0917\u0948\u0930-\u0905\u0938\u0941\u0930\u0915\u094d\u0937\u093f\u0924 \u0917\u094d\u0930\u093e\u0939\u0915\u094b\u0902 \u0915\u0940 \u0924\u0941\u0932\u0928\u093e \u092e\u0947\u0902 \u0905\u0927\u093f\u0915 \u0917\u0902\u092d\u0940\u0930 \u092a\u0930\u093f\u0923\u093e\u092e \u0939\u094b \u0938\u0915\u0924\u0947 \u0939\u0948\u0902\u0964.\n\n&nbsp;\n<h2>\u0917\u094d\u0930\u093e\u0939\u0915 \u0915\u0947 \u091c\u094b\u0916\u093f\u092e \u092e\u0947\u0902 \u0915\u094c\u0928 \u0938\u0947 \u0915\u093e\u0930\u0915 \u092f\u094b\u0917\u0926\u093e\u0928 \u0915\u0930 \u0938\u0915\u0924\u0947 \u0939\u0948\u0902?<\/h2>\n<div><\/div>\n<ul>\n \t<li><strong>\u0938\u094d\u0935\u093e\u0938\u094d\u0925\u094d\u092f:<\/strong>\u00a0\u0936\u093e\u0930\u0940\u0930\u093f\u0915 \u092f\u093e \u092e\u093e\u0928\u0938\u093f\u0915 \u0935\u093f\u0915\u0932\u093e\u0902\u0917\u0924\u093e \u092f\u093e \u092c\u0940\u092e\u093e\u0930\u093f\u092f\u093e\u0901 \u091c\u094b \u0930\u094b\u091c\u092e\u0930\u094d\u0930\u093e \u0915\u0947 \u0915\u093e\u0930\u094d\u092f \u0915\u0930\u0928\u0947 \u0915\u0940 \u0915\u094d\u0937\u092e\u0924\u093e \u0915\u094b \u0938\u0940\u092e\u093f\u0924 \u0915\u0930\u0924\u0940 \u0939\u0948\u0902\u0964.<\/li>\n \t<li><strong>\u091c\u0940\u0935\u0928 \u0915\u0940 \u0918\u091f\u0928\u093e\u090f\u0901:<\/strong>\u00a0\u092e\u0939\u0924\u094d\u0935\u092a\u0942\u0930\u094d\u0923 \u0918\u091f\u0928\u093e\u090f\u0901 \u091c\u0948\u0938\u0947 \u0915\u093f\u0938\u0940 \u092a\u094d\u0930\u093f\u092f\u091c\u0928 \u0915\u0940 \u092e\u0943\u0924\u094d\u092f\u0941, \u0928\u094c\u0915\u0930\u0940 \u091b\u0942\u091f\u0928\u093e \u092f\u093e \u0915\u093f\u0938\u0940 \u0930\u093f\u0936\u094d\u0924\u0947 \u0915\u093e \u091f\u0942\u091f\u0928\u093e\u0964.<\/li>\n \t<li><strong>\u0932\u091a\u0940\u0932\u093e\u092a\u0928:<\/strong>\u00a0\u0935\u093f\u0924\u094d\u0924\u0940\u092f \u092f\u093e \u092d\u093e\u0935\u0928\u093e\u0924\u094d\u092e\u0915 \u091d\u091f\u0915\u094b\u0902 \u0938\u0947 \u0928\u093f\u092a\u091f\u0928\u0947 \u0915\u0940 \u0915\u092e \u0915\u094d\u0937\u092e\u0924\u093e\u0964.<\/li>\n \t<li><strong>\u092a\u094d\u0930\u0926\u0930\u094d\u0936\u0928:<\/strong>\u00a0\u0935\u093f\u0924\u094d\u0924\u0940\u092f \u092e\u093e\u092e\u0932\u094b\u0902 \u092e\u0947\u0902 \u091c\u094d\u091e\u093e\u0928 \u0915\u0940 \u0915\u092e\u0940, \u0927\u0928 \u0915\u094b \u0938\u0902\u092d\u093e\u0932\u0928\u0947 \u092e\u0947\u0902 \u0915\u092e \u0906\u0924\u094d\u092e\u0935\u093f\u0936\u094d\u0935\u093e\u0938 \u092f\u093e \u0938\u093e\u0915\u094d\u0937\u0930\u0924\u093e \u092f\u093e \u0921\u093f\u091c\u093f\u091f\u0932 \u0915\u094c\u0936\u0932 \u091c\u0948\u0938\u0947 \u0938\u0940\u092e\u093f\u0924 \u0915\u094c\u0936\u0932\u0964.<\/li>\n<\/ul>\n<h2><\/h2>\n<h2>\u0915\u094b\u0908 \u0916\u0924\u0930\u093e \u0917\u094d\u0930\u093e\u0939\u0915\u094b\u0902 \u0915\u094b \u0915\u093f\u0938 \u092a\u094d\u0930\u0915\u093e\u0930 \u092a\u094d\u0930\u092d\u093e\u0935\u093f\u0924 \u0915\u0930 \u0938\u0915\u0924\u093e \u0939\u0948?<\/h2>\n<div><\/div>\n<ul>\n \t<li><strong>\u0924\u0915\u0928\u0940\u0915\u0940 \u0938\u0940\u092e\u093e\u090f\u0901:<\/strong>\u00a0\u0924\u0915\u0928\u0940\u0915\u0940 \u0915\u094c\u0936\u0932 \u0915\u0940 \u0915\u092e\u0940 \u0915\u0947 \u0915\u093e\u0930\u0923 \u0935\u0943\u0926\u094d\u0927 \u0917\u094d\u0930\u093e\u0939\u0915\u094b\u0902 \u0915\u094b \u0939\u092e\u093e\u0930\u0947 \u0928\u093f\u0935\u0947\u0936 \u092a\u094d\u0932\u0947\u091f\u092b\u0949\u0930\u094d\u092e \u0915\u093e \u0909\u092a\u092f\u094b\u0917 \u0915\u0930\u0928\u0947 \u092e\u0947\u0902 \u0915\u0920\u093f\u0928\u093e\u0908 \u0939\u094b \u0938\u0915\u0924\u0940 \u0939\u0948\u0964.<\/li>\n \t<li><strong>\u092e\u093e\u0928\u0938\u093f\u0915 \u092a\u094d\u0930\u0926\u0930\u094d\u0936\u0928:<\/strong>\u00a0\u0938\u0940\u092e\u093f\u0924 \u092e\u093e\u0928\u0938\u093f\u0915 \u0915\u094d\u0937\u092e\u0924\u093e \u0915\u0947 \u0915\u093e\u0930\u0923 \u0917\u0932\u0924 \u0928\u093f\u0930\u094d\u0923\u092f \u0932\u093f\u090f \u091c\u093e \u0938\u0915\u0924\u0947 \u0939\u0948\u0902, \u0935\u093f\u0936\u0947\u0937\u0915\u0930 \u091c\u094b\u0916\u093f\u092e\u092a\u0942\u0930\u094d\u0923 \u0935\u093f\u0924\u094d\u0924\u0940\u092f \u0909\u0924\u094d\u092a\u093e\u0926\u094b\u0902 \u0915\u0947 \u092e\u093e\u092e\u0932\u0947 \u092e\u0947\u0902\u0964.<\/li>\n \t<li><strong>\u092d\u093e\u0935\u0928\u093e\u0924\u094d\u092e\u0915 \u0928\u093f\u0930\u094d\u0923\u092f:<\/strong>\u00a0\u0915\u0941\u091b \u0918\u091f\u0928\u093e\u090f\u0902 \u092f\u093e \u0935\u093f\u0936\u0947\u0937\u0924\u093e\u090f\u0902 \u0906\u0935\u0947\u0917\u092a\u0942\u0930\u094d\u0923 \u092f\u093e \u092d\u093e\u0935\u0928\u093e\u0924\u094d\u092e\u0915 \u0930\u0942\u092a \u0938\u0947 \u092a\u094d\u0930\u0947\u0930\u093f\u0924 \u0928\u093f\u0935\u0947\u0936 \u0928\u093f\u0930\u094d\u0923\u092f\u094b\u0902 \u0915\u094b \u091c\u0928\u094d\u092e \u0926\u0947 \u0938\u0915\u0924\u0940 \u0939\u0948\u0902, \u091c\u0948\u0938\u0947:\n<ul>\n \t<li>\u0917\u094d\u0930\u093e\u0939\u0915 \u092f\u093e \u092a\u0930\u093f\u0935\u093e\u0930 \u0915\u0947 \u0915\u093f\u0938\u0940 \u0938\u0926\u0938\u094d\u092f \u092e\u0947\u0902 \u0905\u091a\u093e\u0928\u0915 \u0917\u0902\u092d\u0940\u0930 \u092c\u0940\u092e\u093e\u0930\u0940 \u0915\u093e \u0928\u093f\u0926\u093e\u0928\u0964.<\/li>\n \t<li>\u0935\u093f\u0924\u094d\u0924\u0940\u092f \u0906\u092a\u093e\u0924\u0938\u094d\u0925\u093f\u0924\u093f\u092f\u093e\u0901.<\/li>\n \t<li>\u0935\u094d\u092f\u0938\u0928-\u0938\u0902\u092c\u0902\u0927\u0940 \u0938\u094d\u0935\u093e\u0938\u094d\u0925\u094d\u092f \u0938\u092e\u0938\u094d\u092f\u093e\u090f\u0902 (\u091c\u0948\u0938\u0947, \u091c\u0941\u090f \u0915\u0940 \u0932\u0924 \u092f\u093e \u092c\u093e\u0927\u094d\u092f\u0915\u093e\u0930\u0940 \u0935\u094d\u092f\u0935\u0939\u093e\u0930)\u0964.<\/li>\n \t<li>\u092e\u093e\u0928\u0938\u093f\u0915 \u092c\u0940\u092e\u093e\u0930\u093f\u092f\u093e\u0901 \u091c\u0948\u0938\u0947 \u0905\u0935\u0938\u093e\u0926, \u091a\u093f\u0902\u0924\u093e \u092f\u093e \u0906\u0924\u094d\u092e\u0939\u0924\u094d\u092f\u093e \u0915\u0947 \u0935\u093f\u091a\u093e\u0930\u0964.<\/li>\n<\/ul>\n<\/li>\n<\/ul>\n<div><\/div>\n<h2>LEGIER \u0914\u0930 \u0907\u0938\u0915\u0947 \u0938\u0902\u092c\u0926\u094d\u0927 \u092c\u094d\u0930\u093e\u0902\u0921 \u0915\u092e\u091c\u094b\u0930 \u0917\u094d\u0930\u093e\u0939\u0915\u094b\u0902 \u0915\u094b \u0915\u093f\u0938 \u092a\u094d\u0930\u0915\u093e\u0930 \u0938\u0939\u093e\u092f\u0924\u093e \u092a\u094d\u0930\u0926\u093e\u0928 \u0915\u0930\u0924\u0947 \u0939\u0948\u0902?<\/h2>\n<div><\/div>\n\u0905\u0917\u0930 \u0906\u092a\u0915\u094b \u0932\u0917\u0924\u093e \u0939\u0948 \u0915\u093f \u0906\u092a \u0915\u093f\u0938\u0940 \u092d\u0940 \u092d\u0947\u0926\u094d\u092f\u0924\u093e \u0935\u093f\u0936\u0947\u0937\u0924\u093e \u0938\u0947 \u092a\u094d\u0930\u092d\u093e\u0935\u093f\u0924 \u0939\u0948\u0902, \u0924\u094b \u0915\u0943\u092a\u092f\u093e \u0939\u092e\u0947\u0902 \u091c\u0932\u094d\u0926 \u0938\u0947 \u091c\u0932\u094d\u0926 \u0938\u0942\u091a\u093f\u0924 \u0915\u0930\u0947\u0902\u0964 \u091a\u0942\u0901\u0915\u093f \u0907\u0928\u092e\u0947\u0902 \u0938\u0947 \u0915\u0908 \u0935\u093f\u0936\u0947\u0937\u0924\u093e\u090f\u0901 \u0938\u094d\u092a\u0937\u094d\u091f \u0928\u0939\u0940\u0902 \u0939\u0948\u0902, \u0907\u0938\u0932\u093f\u090f \u0939\u092e \u0906\u092a\u0915\u0940 \u092a\u093e\u0930\u0926\u0930\u094d\u0936\u093f\u0924\u093e \u092a\u0930 \u092d\u0930\u094b\u0938\u093e \u0915\u0930\u0924\u0947 \u0939\u0948\u0902\u0964 \u0915\u0943\u092a\u092f\u093e \u0939\u092e\u093e\u0930\u0940 \u0917\u094d\u0930\u093e\u0939\u0915 \u0938\u0947\u0935\u093e \u0915\u0947 \u092e\u093e\u0927\u094d\u092f\u092e \u0938\u0947 \u090f\u0915 \u091f\u093f\u0915\u091f \u0916\u094b\u0932\u0915\u0930 \u0939\u092e\u0938\u0947 \u0938\u0902\u092a\u0930\u094d\u0915 \u0915\u0930\u0947\u0902\u0964 \u0926\u0947\u0930\u0940 \u0938\u0947 \u092c\u091a\u0928\u0947 \u0915\u0947 \u0932\u093f\u090f, \u0939\u092e \u0906\u092a\u0938\u0947 \u0905\u0928\u0941\u0930\u094b\u0927 \u0915\u0930\u0924\u0947 \u0939\u0948\u0902 \u0915\u093f \u0906\u092a \u090f\u0915 \u0939\u0940 \u0938\u092e\u0938\u094d\u092f\u093e \u0915\u0947 \u0932\u093f\u090f \u0915\u0908 \u091f\u093f\u0915\u091f \u0928 \u092c\u0928\u093e\u090f\u0901\u0964 \u0939\u092e\u093e\u0930\u0940 \u091f\u0940\u092e \u0906\u092a\u0915\u0947 \u0905\u0928\u0941\u0930\u094b\u0927 \u092a\u0930 \u0924\u0941\u0930\u0902\u0924 \u0915\u093e\u0930\u094d\u0930\u0935\u093e\u0908 \u0915\u0930\u0947\u0917\u0940\u0964.\n\n<img decoding=\"async\" class=\"gold_image\" src=\"https:\/\/legiergroup.info\/wp-content\/uploads\/2025\/10\/gefahrdete_kunden.jpg\" width=\"100%\" \/>\n<h2><\/h2>\n<h2><span style=\"color: inherit; font-family: inherit;\">\u0917\u094d\u0930\u093e\u0939\u0915 \u0915\u0947 \u091c\u094b\u0916\u093f\u092e \u0915\u0947 \u091c\u0935\u093e\u092c \u092e\u0947\u0902 \u0939\u092e \u091c\u094b \u0915\u0926\u092e \u0909\u0920\u093e\u0924\u0947 \u0939\u0948\u0902<\/span><\/h2>\n<div><span style=\"color: inherit; font-family: inherit;\">\u00a0<\/span><\/div>\nLEGIER \u0928\u0947 \u0938\u0902\u0935\u0947\u0926\u0928\u0936\u0940\u0932 \u0917\u094d\u0930\u093e\u0939\u0915\u094b\u0902 \u0938\u0947 \u0928\u093f\u092a\u091f\u0928\u0947 \u0915\u0947 \u0932\u093f\u090f \u0938\u094d\u092a\u0937\u094d\u091f \u0930\u0942\u092a \u0938\u0947 \u092a\u0930\u093f\u092d\u093e\u0937\u093f\u0924 \u0928\u0940\u0924\u093f\u092f\u093e\u0901 \u0914\u0930 \u092a\u094d\u0930\u0915\u094d\u0930\u093f\u092f\u093e\u090f\u0901 \u0928\u093f\u0930\u094d\u0927\u093e\u0930\u093f\u0924 \u0915\u0940 \u0939\u0948\u0902\u0964 \u091a\u0942\u0901\u0915\u093f \u092a\u094d\u0930\u0924\u094d\u092f\u0947\u0915 \u0938\u094d\u0925\u093f\u0924\u093f \u0935\u093f\u0936\u093f\u0937\u094d\u091f \u0939\u094b\u0924\u0940 \u0939\u0948, \u0907\u0938\u0932\u093f\u090f \u0939\u092e \u0935\u093f\u0936\u093f\u0937\u094d\u091f \u092a\u0930\u093f\u0938\u094d\u0925\u093f\u0924\u093f\u092f\u094b\u0902 \u0915\u0947 \u0905\u0928\u0941\u0930\u0942\u092a \u0905\u0928\u0941\u0915\u0942\u0932\u093f\u0924 \u0926\u0943\u0937\u094d\u091f\u093f\u0915\u094b\u0923 \u0905\u092a\u0928\u093e\u0924\u0947 \u0939\u0948\u0902\u0964 \u0939\u092e\u093e\u0930\u0947 \u0938\u093e\u092e\u093e\u0928\u094d\u092f \u0938\u093f\u0926\u094d\u0927\u093e\u0902\u0924\u094b\u0902 \u092e\u0947\u0902 \u0936\u093e\u092e\u093f\u0932 \u0939\u0948\u0902:\n<ul>\n \t<li><strong>\u0935\u094d\u092f\u0915\u094d\u0924\u093f\u0917\u0924 \u0935\u093f\u091a\u093e\u0930:<\/strong>\u00a0\u0939\u092e \u0905\u092a\u0928\u0947 \u0938\u0902\u091a\u093e\u0930 \u0914\u0930 \u0938\u0939\u093e\u092f\u0924\u093e \u0915\u094b \u0915\u092e\u091c\u094b\u0930 \u0917\u094d\u0930\u093e\u0939\u0915\u094b\u0902 \u0915\u0940 \u0906\u0935\u0936\u094d\u092f\u0915\u0924\u093e\u0913\u0902 \u0915\u0947 \u0905\u0928\u0941\u0930\u0942\u092a \u0922\u093e\u0932\u0924\u0947 \u0939\u0948\u0902\u0964.<\/li>\n \t<li><strong>\u0916\u0924\u0930\u0947 \u0915\u0940 \u0938\u094d\u0925\u093f\u0924\u093f:<\/strong>\u00a0\u0939\u092e \u092e\u093e\u0928\u0924\u0947 \u0939\u0948\u0902 \u0915\u093f \u091c\u094b\u0916\u093f\u092e \u0905\u0938\u094d\u0925\u093e\u092f\u0940 \u0939\u094b \u0938\u0915\u0924\u093e \u0939\u0948 \u0914\u0930 \u0938\u092d\u0940 \u0917\u094d\u0930\u093e\u0939\u0915 \u0938\u092e\u093e\u0928 \u0930\u0942\u092a \u0938\u0947 \u092a\u094d\u0930\u092d\u093e\u0935\u093f\u0924 \u0928\u0939\u0940\u0902 \u0939\u094b\u0924\u0947\u0964.<\/li>\n \t<li><strong>\u0915\u0932\u094d\u092f\u093e\u0923 \u0915\u0940 \u092a\u094d\u0930\u093e\u0925\u092e\u093f\u0915\u0924\u093e:<\/strong>\u00a0\u0938\u092d\u0940 \u0905\u0938\u0941\u0930\u0915\u094d\u0937\u093f\u0924 \u0935\u094d\u092f\u0915\u094d\u0924\u093f\u092f\u094b\u0902 \u0915\u093e \u0915\u0932\u094d\u092f\u093e\u0923 \u0939\u092e\u093e\u0930\u0940 \u0938\u0930\u094d\u0935\u094b\u091a\u094d\u091a \u092a\u094d\u0930\u093e\u0925\u092e\u093f\u0915\u0924\u093e \u0939\u0948\u0964 \u0939\u092e \u092a\u094d\u0930\u0924\u094d\u092f\u0947\u0915 \u0917\u094d\u0930\u093e\u0939\u0915 \u0915\u093e \u0935\u094d\u092f\u0915\u094d\u0924\u093f\u0917\u0924 \u0930\u0942\u092a \u0938\u0947 \u0914\u0930 \u0909\u0928\u0915\u0940 \u091c\u093c\u0930\u0942\u0930\u0924\u094b\u0902 \u0915\u0947 \u0905\u0928\u0941\u0938\u093e\u0930 \u0907\u0932\u093e\u091c \u0915\u0930\u0924\u0947 \u0939\u0948\u0902\u0964.<\/li>\n \t<li><strong>\u0928\u093f\u0917\u0930\u093e\u0928\u0940 \u0914\u0930 \u0938\u092e\u0930\u094d\u0925\u0928:<\/strong>\u00a0\u0939\u092e \u092f\u0939 \u0906\u0915\u0932\u0928 \u0915\u0930\u0947\u0902\u0917\u0947 \u0915\u093f \u0916\u0924\u0930\u093e \u0939\u092e\u093e\u0930\u0940 \u0938\u0947\u0935\u093e\u0913\u0902 \u0915\u0947 \u0909\u092a\u092f\u094b\u0917 \u0915\u094b \u0915\u093f\u0938 \u092a\u094d\u0930\u0915\u093e\u0930 \u092a\u094d\u0930\u092d\u093e\u0935\u093f\u0924 \u0915\u0930\u0924\u093e \u0939\u0948 \u0924\u0925\u093e \u091c\u0939\u093e\u0902 \u0909\u092a\u092f\u0941\u0915\u094d\u0924 \u0939\u094b\u0917\u093e, \u0935\u0939\u093e\u0902 \u0938\u0939\u093e\u092f\u0924\u093e \u092a\u094d\u0930\u0926\u093e\u0928 \u0915\u0930\u0947\u0902\u0917\u0947\u0964.<\/li>\n<\/ul>\n<div><\/div>\n<div><\/div>\n\u0905\u0917\u0930 \u0939\u092e \u092f\u0939 \u0938\u0941\u0928\u093f\u0936\u094d\u091a\u093f\u0924 \u0928\u0939\u0940\u0902 \u0915\u0930 \u092a\u093e\u0924\u0947 \u0915\u093f \u0915\u093f\u0938\u0940 \u0938\u0902\u0935\u0947\u0926\u0928\u0936\u0940\u0932 \u0917\u094d\u0930\u093e\u0939\u0915 \u0915\u0947 \u0938\u093e\u0925 \u0909\u091a\u093f\u0924 \u0935\u094d\u092f\u0935\u0939\u093e\u0930 \u0915\u093f\u092f\u093e \u091c\u093e\u090f, \u0924\u094b \u0939\u092e \u0935\u094d\u092f\u093e\u0935\u0938\u093e\u092f\u093f\u0915 \u0938\u0902\u092c\u0902\u0927 \u0928 \u092c\u0928\u093e\u0928\u0947 \u0915\u093e \u0905\u0927\u093f\u0915\u093e\u0930 \u0938\u0941\u0930\u0915\u094d\u0937\u093f\u0924 \u0930\u0916\u0924\u0947 \u0939\u0948\u0902\u0964 \u0915\u093f\u0938\u0940 \u0938\u0902\u0935\u0947\u0926\u0928\u0936\u0940\u0932 \u0917\u094d\u0930\u093e\u0939\u0915 \u0915\u0947 \u092c\u093e\u0930\u0947 \u092e\u0947\u0902 \u092c\u093e\u0926 \u092e\u0947\u0902 \u091c\u093e\u0928\u0915\u093e\u0930\u0940 \u0915\u093e \u0916\u0941\u0932\u093e\u0938\u093e \u0915\u0930\u0928\u0947 \u092a\u0930 \u092e\u094c\u091c\u0942\u0926\u093e \u0938\u0902\u092c\u0902\u0927 \u0938\u0947 \u092c\u0930\u094d\u0916\u093e\u0938\u094d\u0924\u0917\u0940 \u092d\u0940 \u0939\u094b \u0938\u0915\u0924\u0940 \u0939\u0948, \u0916\u093e\u0938\u0915\u0930 \u0905\u0917\u0930 \u092f\u0939 \u0924\u0941\u0930\u0902\u0924 \u0938\u094d\u092a\u0937\u094d\u091f \u0928 \u0939\u094b\u0964 \u0915\u0941\u091b \u0938\u0902\u0935\u0947\u0926\u0928\u0936\u0940\u0932 \u0935\u093f\u0936\u0947\u0937\u0924\u093e\u090f\u0901 (\u091c\u0948\u0938\u0947, \u0909\u092e\u094d\u0930) \u0926\u0942\u0938\u0930\u094b\u0902 \u0915\u0940 \u0924\u0941\u0932\u0928\u093e \u092e\u0947\u0902 \u091c\u093c\u094d\u092f\u093e\u0926\u093e \u0938\u094d\u092a\u0937\u094d\u091f \u0939\u094b\u0924\u0940 \u0939\u0948\u0902, \u0914\u0930 \u0939\u092e \u0915\u092e \u0926\u093f\u0916\u093e\u0908 \u0926\u0947\u0928\u0947 \u0935\u093e\u0932\u0947 \u0938\u0902\u0935\u0947\u0926\u0928\u0936\u0940\u0932 \u0917\u094d\u0930\u093e\u0939\u0915\u094b\u0902 \u0915\u0940 \u0938\u0915\u094d\u0930\u093f\u092f \u0930\u0942\u092a \u0938\u0947 \u0924\u0932\u093e\u0936 \u0915\u0930\u0928\u0947 \u0915\u0947 \u0932\u093f\u090f \u092c\u093e\u0927\u094d\u092f \u0928\u0939\u0940\u0902 \u0939\u0948\u0902\u0964.\n\n&nbsp;\n<h2>\u0906\u092a \u0906\u0917\u0947 \u0915\u0940 \u0938\u0939\u093e\u092f\u0924\u093e \u0915\u0947 \u0932\u093f\u090f \u0915\u0939\u093e\u0902 \u0905\u0928\u0941\u0930\u094b\u0927 \u0915\u0930 \u0938\u0915\u0924\u0947 \u0939\u0948\u0902?<\/h2>\n<div><\/div>\n\u0905\u0938\u0941\u0930\u0915\u094d\u0937\u093f\u0924 \u0917\u094d\u0930\u093e\u0939\u0915 \u0905\u0924\u093f\u0930\u093f\u0915\u094d\u0924 \u0938\u0939\u093e\u092f\u0924\u093e \u0915\u0947 \u0932\u093f\u090f \u0928\u093f\u092e\u094d\u0928\u0932\u093f\u0916\u093f\u0924 \u0938\u0902\u0917\u0920\u0928\u094b\u0902 \u0938\u0947 \u0938\u0902\u092a\u0930\u094d\u0915 \u0915\u0930 \u0938\u0915\u0924\u0947 \u0939\u0948\u0902:\n<ul>\n \t<li><strong>\u0938\u093e\u092e\u0930\u0940:<\/strong>\u00a0\u0906\u0924\u094d\u092e\u0939\u0924\u094d\u092f\u093e \u0915\u0947 \u0935\u093f\u091a\u093e\u0930, \u0905\u0935\u0938\u093e\u0926 \u092f\u093e \u091a\u093f\u0902\u0924\u093e \u0938\u0947 \u0917\u094d\u0930\u0938\u094d\u0924 \u0932\u094b\u0917\u094b\u0902 \u0915\u094b \u0938\u0939\u093e\u092f\u0924\u093e\u0964.<\/li>\n \t<li><strong>\u092e\u0928\u0940\u0939\u0947\u0932\u094d\u092a\u0930:<\/strong>\u00a0\u0935\u093f\u0924\u094d\u0924\u0940\u092f \u0938\u0932\u093e\u0939 moneyhelper.org.uk \u092a\u0930 \u0909\u092a\u0932\u092c\u094d\u0927 \u0939\u0948\u0964.<\/li>\n \t<li><strong>\u0928\u093e\u0917\u0930\u093f\u0915 \u0938\u0932\u093e\u0939:<\/strong>\u00a0b\u00fcrgerberatung.de \u092a\u0930 \u0938\u093e\u092e\u093e\u0928\u094d\u092f \u0938\u0932\u093e\u0939\u0964.<\/li>\n \t<li><strong>\u0930\u093e\u0937\u094d\u091f\u094d\u0930\u0940\u092f \u090b\u0923 \u0939\u0947\u0932\u094d\u092a\u0932\u093e\u0907\u0928:<\/strong>\u00a0nationale-schuldnerhilfe.de \u092a\u0930 \u090b\u0923 \u0938\u0939\u093e\u092f\u0924\u093e \u092a\u094d\u0930\u093e\u092a\u094d\u0924 \u0915\u0930\u0947\u0902\u0964.<\/li>\n \t<li><strong>\u091a\u0930\u0923 \u092a\u0930\u093f\u0935\u0930\u094d\u0924\u0928:<\/strong>\u00a0stepchange.org \u092a\u0930 \u0935\u093f\u0924\u094d\u0924\u0940\u092f \u0938\u0939\u093e\u092f\u0924\u093e \u092a\u094d\u0930\u093e\u092a\u094d\u0924 \u0915\u0930\u0947\u0902\u0964.<\/li>\n \t<li><strong>\u092e\u093e\u0928\u0938\u093f\u0915 \u0938\u094d\u0935\u093e\u0938\u094d\u0925\u094d\u092f \u092b\u093e\u0909\u0902\u0921\u0947\u0936\u0928:<\/strong>\u00a0\u0938\u0902\u0938\u093e\u0927\u0928 stiftung-psychische-gesundheit.de \u092a\u0930 \u0909\u092a\u0932\u092c\u094d\u0927 \u0939\u0948\u0902\u0964.<\/li>\n \t<li><strong>\u0926\u093f\u092e\u093e\u0917:<\/strong>\u00a0mind.org.uk \u092a\u0930 \u092e\u093e\u0928\u0938\u093f\u0915 \u0938\u094d\u0935\u093e\u0938\u094d\u0925\u094d\u092f\u0964.<\/li>\n \t<li><strong>\u0905\u0932\u094d\u091c\u093c\u093e\u0907\u092e\u0930 \u0938\u094b\u0938\u093e\u0907\u091f\u0940:<\/strong>\u00a0deutsche-alzheimer.de \u092a\u0930 \u092e\u0928\u094b\u092d\u094d\u0930\u0902\u0936 \u0915\u0947 \u0932\u093f\u090f \u0938\u0939\u093e\u092f\u0924\u093e\u0964.<\/li>\n \t<li><strong>\u0930\u0949\u092f\u0932 \u0928\u0947\u0936\u0928\u0932 \u0907\u0902\u0938\u094d\u091f\u0940\u091f\u094d\u092f\u0942\u091f \u0911\u092b \u092c\u094d\u0932\u093e\u0907\u0902\u0921 \u092a\u0940\u092a\u0932 (\u0906\u0930\u090f\u0928\u0906\u0908\u092c\u0940):<\/strong>\u00a0\u0926\u0943\u0937\u094d\u091f\u093f\u092c\u093e\u0927\u093f\u0924\u094b\u0902 \u0915\u0947 \u0932\u093f\u090f \u0938\u0939\u093e\u092f\u0924\u093e rnib.org.uk \u092a\u0930 \u0909\u092a\u0932\u092c\u094d\u0927 \u0939\u0948\u0964.<\/li>\n \t<li><strong>\u0936\u094d\u0930\u0935\u0923 \u0939\u093e\u0928\u093f \u092a\u0930 \u0915\u093e\u0930\u094d\u0930\u0935\u093e\u0908 (RNID):<\/strong>\u00a0\u0936\u094d\u0930\u0935\u0923 \u0939\u093e\u0928\u093f \u0938\u0939\u093e\u092f\u0924\u093e rnid.org.uk \u092a\u0930 \u0909\u092a\u0932\u092c\u094d\u0927 \u0939\u0948\u0964.<\/li>\n<\/ul>\n<div><\/div>\n<div><\/div>\n<strong>LEGIER \u092e\u0947\u0902, \u0939\u092e \u0939\u0930 \u092a\u0930\u093f\u0938\u094d\u0925\u093f\u0924\u093f \u092e\u0947\u0902 \u0905\u092a\u0928\u0947 \u0917\u094d\u0930\u093e\u0939\u0915\u094b\u0902 \u0915\u093e \u0938\u092e\u0930\u094d\u0925\u0928 \u0915\u0930\u0928\u0947 \u0914\u0930 \u0909\u0928\u094d\u0939\u0947\u0902 \u0938\u0930\u094d\u0935\u094b\u0924\u094d\u0924\u092e \u0938\u0902\u092d\u0935 \u0938\u0939\u093e\u092f\u0924\u093e \u092a\u094d\u0930\u0926\u093e\u0928 \u0915\u0930\u0928\u0947 \u0915\u093e \u092a\u094d\u0930\u092f\u093e\u0938 \u0915\u0930\u0924\u0947 \u0939\u0948\u0902, \u0915\u094d\u092f\u094b\u0902\u0915\u093f \u090f\u0915 \u0917\u094d\u0930\u093e\u0939\u0915 \u0915\u0947 \u0930\u0942\u092a \u092e\u0947\u0902 \u0906\u092a \u0939\u092e\u093e\u0930\u0947 \u0932\u093f\u090f \u092e\u0939\u0924\u094d\u0935\u092a\u0942\u0930\u094d\u0923 \u0939\u0948\u0902 \u0914\u0930 \u0915\u0947\u0935\u0932 \u090f\u0915 \u0938\u093e\u0925 \u092e\u093f\u0932\u0915\u0930 \u0939\u0940 \u0939\u092e \u092e\u091c\u092c\u0942\u0924 \u0939\u0948\u0902\u0964.<\/strong>\n<div id=\"accessibility-panel\" class=\"card shadow bottom-0 end-0 mb-3 mt-3 p-2 z-3\"><\/div>\t\t\t\t\t\t\t\t<\/div>\n\t\t\t\t\t<\/div>\n\t\t\t\t<\/div>\n\t\t\t\t<\/div>","protected":false},"excerpt":{"rendered":"<p>Gef\u00e4hrdete Kunden LEGIER Beteiligungs mbH\u00a0(im Folgenden LEGIER genannt) und ihre verbundenen Marken ScandicEstate, ScandicPay, ScandicTrust und ScandicTrade legen gro\u00dfen Wert auf die Sicherheit und das Wohlergehen ihrer Kunden. Unser Ziel ist es, sicherzustellen, dass alle Kunden, insbesondere diejenigen, die aufgrund pers\u00f6nlicher Umst\u00e4nde als gef\u00e4hrdet gelten, angemessen unterst\u00fctzt und gesch\u00fctzt werden. &nbsp; Was ist ein gef\u00e4hrdeter [&hellip;]<\/p>\n","protected":false},"author":1,"featured_media":0,"parent":0,"menu_order":0,"comment_status":"closed","ping_status":"closed","template":"","meta":{"footnotes":""},"class_list":["post-744","page","type-page","status-publish","hentry"],"_links":{"self":[{"href":"https:\/\/legiergroup.info\/hi\/wp-json\/wp\/v2\/pages\/744","targetHints":{"allow":["GET"]}}],"collection":[{"href":"https:\/\/legiergroup.info\/hi\/wp-json\/wp\/v2\/pages"}],"about":[{"href":"https:\/\/legiergroup.info\/hi\/wp-json\/wp\/v2\/types\/page"}],"author":[{"embeddable":true,"href":"https:\/\/legiergroup.info\/hi\/wp-json\/wp\/v2\/users\/1"}],"replies":[{"embeddable":true,"href":"https:\/\/legiergroup.info\/hi\/wp-json\/wp\/v2\/comments?post=744"}],"version-history":[{"count":14,"href":"https:\/\/legiergroup.info\/hi\/wp-json\/wp\/v2\/pages\/744\/revisions"}],"predecessor-version":[{"id":1949,"href":"https:\/\/legiergroup.info\/hi\/wp-json\/wp\/v2\/pages\/744\/revisions\/1949"}],"wp:attachment":[{"href":"https:\/\/legiergroup.info\/hi\/wp-json\/wp\/v2\/media?parent=744"}],"curies":[{"name":"wp","href":"https:\/\/api.w.org\/{rel}","templated":true}]}}