{"id":1825,"date":"2025-10-21T13:49:15","date_gmt":"2025-10-21T13:49:15","guid":{"rendered":"https:\/\/legiergroup.info\/?page_id=1825"},"modified":"2025-10-21T14:08:21","modified_gmt":"2025-10-21T14:08:21","slug":"scandic-trade","status":"publish","type":"page","link":"https:\/\/legiergroup.info\/hu\/scandic-trade\/","title":{"rendered":"Scandic Trade"},"content":{"rendered":"<div data-elementor-type=\"wp-page\" data-elementor-id=\"1825\" class=\"elementor elementor-1825\" data-elementor-post-type=\"page\">\n\t\t\t\t<div class=\"elementor-element elementor-element-24ad50c e-flex e-con-boxed e-con e-parent\" data-id=\"24ad50c\" data-element_type=\"container\" data-e-type=\"container\">\n\t\t\t\t\t<div class=\"e-con-inner\">\n\t\t\t\t<div class=\"elementor-element elementor-element-9111cd0 elementor-widget elementor-widget-text-editor\" data-id=\"9111cd0\" data-element_type=\"widget\" data-e-type=\"widget\" data-widget_type=\"text-editor.default\">\n\t\t\t\t\t\t\t\t\t<div class=\"elementor-scandictrade-section\">\n\n  <div>\n    <img decoding=\"async\" class=\"gold_image\" src=\"https:\/\/legiergroup.info\/wp-content\/uploads\/2025\/09\/final-scandic-trade-PNG.png\" width=\"100%\" alt=\"SCANDIC TRADE\" \/>\n  <\/div>\n\n  <h1 class=\"text-center\">ScandicTrade by Legier<\/h1>\n\n  <p class=\"fs-4 fw-bold text-center\">\n    SCANDIC TRADE ist eine neue Gesch\u00e4ftseinheit einer zypriotischen Investmentfirma (CIF) in Zusammenarbeit mit der LEGIER Beteiligungs mbH. \n    Die Plattform wird derzeit von der Cyprus Securities Exchange Commission (CySEC) reguliert, was Vertrauen und Glaubw\u00fcrdigkeit schafft.\n  <\/p>\n\n  <h2>Vielf\u00e4ltige Handelsm\u00f6glichkeiten<\/h2>\n  <p>SCANDIC TRADE bietet eine breite Palette von Finanzinstrumenten:<\/p>\n  <ul>\n    <li><strong>Aktien und Indizes:<\/strong> CFDs auf Indizes wie DAX, Dow Jones sowie Aktien von Unternehmen wie Apple oder SAP.<\/li>\n    <li><strong>Forex:<\/strong> Handel mit W\u00e4hrungspaaren, Spreads ab 0 Pips.<\/li>\n    <li><strong>Metalle:<\/strong> Gold, Silber und Platin zur Diversifizierung.<\/li>\n    <li><strong>Rohstoffe und Energie:<\/strong> CFDs auf Roh\u00f6l und andere M\u00e4rkte.<\/li>\n    <li><strong>Futures:<\/strong> Germany 40 Index oder US 10-Year Notes.<\/li>\n    <li><strong>Kryptow\u00e4hrungen:<\/strong> Bitcoin, Ethereum, Solana und mehr.<\/li>\n  <\/ul>\n  <p>Diese Vielfalt erm\u00f6glicht es den Nutzern, Portfolios zu diversifizieren und von Marktver\u00e4nderungen zu profitieren.<\/p>\n\n  <h2>Zug\u00e4nglichkeit und Community<\/h2>\n  <p>Die Plattform macht Trading einfach, verst\u00e4ndlich und spannend \u2013 f\u00fcr Anf\u00e4nger und Profis. SCANDIC TRADE f\u00f6rdert eine globale Community, in der Wissen geteilt wird, um gemeinsam erfolgreich zu investieren. Bildung hat Priorit\u00e4t: Eine Investment-Community unterst\u00fctzt den Austausch zwischen Einsteigern und Experten, um Wissen und Wohlstand zu steigern.<\/p>\n\n  <h2>Innovative Technologie<\/h2>\n  <p>SCANDIC TRADE bietet eine intuitive Plattform mit professionellen Tools f\u00fcr alle Erfahrungsstufen. Zu den Highlights geh\u00f6ren Smart Portfolios, die Verm\u00f6genswerte nach Themen wie 5G oder erneuerbare Energien b\u00fcndeln. Diese nutzen Algorithmen, maschinelles Lernen und KI, um Strategien an Marktbedingungen anzupassen. Das Angebot digitaler Verm\u00f6genswerte, wie Ether oder Litecoin, w\u00e4chst st\u00e4ndig.<\/p>\n\n  <h2>Lokalisierte Vorteile<\/h2>\n  <p>Konten in GBP, EUR und USD vermeiden Umrechnungsgeb\u00fchren und bieten ein lokales Handelserlebnis. Kunden erhalten eine SCANDIC-TRADE-Debitkarte f\u00fcr einfachen Zugang zu ihren Mitteln.<\/p>\n\n  <h2>Emissionshandel<\/h2>\n  <p>SCANDIC TRADE erm\u00f6glicht den Handel mit CO\u2082-Zertifikaten, \u00e4hnlich dem EU-Emissionshandelssystem (ETS). Dies er\u00f6ffnet nachhaltige Investitionsm\u00f6glichkeiten und weitere Diversifizierung.<\/p>\n\n  <p>SCANDIC TRADE kombiniert somit ein breites Spektrum an Finanzinstrumenten mit einem Fokus auf Community, Bildung und Technologie. Mit benutzerfreundlichen Tools, Smart Portfolios und lokalisierten Vorteilen positioniert sich die Plattform als zug\u00e4ngliche L\u00f6sung f\u00fcr alle, die ihr Wissen und ihren Wohlstand steigern m\u00f6chten.<\/p>\n\n<\/div>\n\n<style>\n  .elementor-scandictrade-section {\n    max-width: 1000px;\n    margin: 0 auto;\n    color: #1a1a1a;\n    line-height: 1.8;\n    font-family: \"Helvetica Neue\", Helvetica, Arial, sans-serif;\n  }\n\n  .elementor-scandictrade-section h1 {\n    text-align: center;\n    font-size: 2.4rem;\n    margin-top: 2rem;\n    margin-bottom: 1rem;\n    color: black;\n    font-weight: 800;\n  }\n\n  .elementor-scandictrade-section h2 {\n    font-size: 1.5rem;\n    margin-top: 2.5rem;\n    margin-bottom: 0.75rem;\n    color: black;\n    font-weight: 700;\n  }\n\n  .elementor-scandictrade-section p {\n    margin-bottom: 1rem;\n  }\n\n  .elementor-scandictrade-section ul {\n    margin-left: 1.5rem;\n    margin-bottom: 1rem;\n  }\n\n  .elementor-scandictrade-section li {\n    margin-bottom: 0.5rem;\n  }\n\n  .elementor-scandictrade-section .fs-4 {\n    font-size: 1.25rem;\n  }\n\n  .elementor-scandictrade-section .fw-bold {\n    font-weight: 700;\n  }\n\n  .elementor-scandictrade-section .text-center {\n    text-align: center;\n  }\n\n  .elementor-scandictrade-section img {\n    border-radius: 12px;\n    box-shadow: 0 6px 18px rgba(0,0,0,0.1);\n    margin: 2rem 0;\n  }\n<\/style>\n\t\t\t\t\t\t\t\t<\/div>\n\t\t\t\t\t<\/div>\n\t\t\t\t<\/div>\n\t\t\t\t<\/div>","protected":false},"excerpt":{"rendered":"<p>ScandicTrade by Legier SCANDIC TRADE ist eine neue Gesch\u00e4ftseinheit einer zypriotischen Investmentfirma (CIF) in Zusammenarbeit mit der LEGIER Beteiligungs mbH. Die Plattform wird derzeit von der Cyprus Securities Exchange Commission (CySEC) reguliert, was Vertrauen und Glaubw\u00fcrdigkeit schafft. Vielf\u00e4ltige Handelsm\u00f6glichkeiten SCANDIC TRADE bietet eine breite Palette von Finanzinstrumenten: Aktien und Indizes: CFDs auf Indizes wie DAX, [&hellip;]<\/p>\n","protected":false},"author":2,"featured_media":0,"parent":0,"menu_order":0,"comment_status":"closed","ping_status":"closed","template":"","meta":{"footnotes":""},"class_list":["post-1825","page","type-page","status-publish","hentry"],"_links":{"self":[{"href":"https:\/\/legiergroup.info\/hu\/wp-json\/wp\/v2\/pages\/1825","targetHints":{"allow":["GET"]}}],"collection":[{"href":"https:\/\/legiergroup.info\/hu\/wp-json\/wp\/v2\/pages"}],"about":[{"href":"https:\/\/legiergroup.info\/hu\/wp-json\/wp\/v2\/types\/page"}],"author":[{"embeddable":true,"href":"https:\/\/legiergroup.info\/hu\/wp-json\/wp\/v2\/users\/2"}],"replies":[{"embeddable":true,"href":"https:\/\/legiergroup.info\/hu\/wp-json\/wp\/v2\/comments?post=1825"}],"version-history":[{"count":16,"href":"https:\/\/legiergroup.info\/hu\/wp-json\/wp\/v2\/pages\/1825\/revisions"}],"predecessor-version":[{"id":1844,"href":"https:\/\/legiergroup.info\/hu\/wp-json\/wp\/v2\/pages\/1825\/revisions\/1844"}],"wp:attachment":[{"href":"https:\/\/legiergroup.info\/hu\/wp-json\/wp\/v2\/media?parent=1825"}],"curies":[{"name":"wp","href":"https:\/\/api.w.org\/{rel}","templated":true}]}}