{"id":749,"date":"2025-09-17T01:21:47","date_gmt":"2025-09-17T01:21:47","guid":{"rendered":"https:\/\/legiergroup.info\/?page_id=749"},"modified":"2025-10-21T13:36:30","modified_gmt":"2025-10-21T13:36:30","slug":"karrier","status":"publish","type":"page","link":"https:\/\/legiergroup.info\/hu\/karriere\/","title":{"rendered":"Karrier"},"content":{"rendered":"<div data-elementor-type=\"wp-page\" data-elementor-id=\"749\" class=\"elementor elementor-749\" data-elementor-post-type=\"page\">\n\t\t\t\t<div class=\"elementor-element elementor-element-b5c4963 e-flex e-con-boxed e-con e-parent\" data-id=\"b5c4963\" data-element_type=\"container\" data-e-type=\"container\">\n\t\t\t\t\t<div class=\"e-con-inner\">\n\t\t\t\t<div class=\"elementor-element elementor-element-2823233 elementor-widget elementor-widget-text-editor\" data-id=\"2823233\" data-element_type=\"widget\" data-e-type=\"widget\" data-widget_type=\"text-editor.default\">\n\t\t\t\t\t\t\t\t\t<h1>Karrier az LEGIER MEDIENGRUPPE-n\u00e1l<\/h1><div><br><\/div>\n<p><strong>\u00dcdv\u00f6z\u00f6lj\u00fck az LEGIER MEDIENGRUPPE-n\u00e1l<\/strong>&nbsp;- egy berlini sz\u00e9khely\u0171, glob\u00e1lis m\u00e9diav\u00e1llalat, amelynek b\u00fcszke m\u00faltja minden kontinensen \u00e1t\u00edvel. 115 neves napilap tulajdonosak\u00e9nt dinamikus \u00e9s inspir\u00e1l\u00f3 munkak\u00f6rnyezetet k\u00edn\u00e1lunk, ahol az innov\u00e1ci\u00f3, a kreativit\u00e1s \u00e9s az \u00fajs\u00e1g\u00edr\u00f3i kiv\u00e1l\u00f3s\u00e1g \u00e1ll a k\u00f6z\u00e9ppontban. N\u00e1lunk lehet\u0151s\u00e9ge van arra, hogy egy glob\u00e1lis h\u00e1l\u00f3zat r\u00e9sz\u00e9v\u00e9 v\u00e1ljon, \u00e9s seg\u00edtsen a m\u00e9dia j\u00f6v\u0151j\u00e9nek alak\u00edt\u00e1s\u00e1ban.<\/p><p><br><\/p>\n<h3>R\u00f3lunk<\/h3><div><br><\/div>\n<p>A&nbsp;<strong>LEGIER Beteiligungs mbH<\/strong>, m\u00e1s n\u00e9ven&nbsp;<strong>LEGIER M\u00c9DIACSOPORT<\/strong>, egy nemzetk\u00f6zi m\u00e9diav\u00e1llalat, amelynek sz\u00e9khelye az Kurfurstendamm 14, DE 10719 Berlin, N\u00e9metorsz\u00e1g.&nbsp;<strong>K\u00f6zel 30 \u00e9vvel ezel\u0151tt alap\u00edtottuk, \u00e9s a Berlin-Charlottenburg-i c\u00e9gjegyz\u00e9kben HRB 57837 sz\u00e1m alatt jegyezt\u00e9k be, \u00e9s b\u00fcszk\u00e9k vagyunk arra, hogy 115 napilapb\u00f3l \u00e1ll\u00f3, v\u00e1ltozatos portf\u00f3li\u00f3t birtokolunk \u00e9s m\u0171k\u00f6dtet\u00fcnk minden kontinensen.<\/strong>&nbsp;K\u00fcldet\u00e9s\u00fcnk a magas sz\u00ednvonal\u00fa \u00fajs\u00e1g\u00edr\u00e1s t\u00e1mogat\u00e1sa, amely t\u00e1j\u00e9koztat, oktat \u00e9s inspir\u00e1l - egy folyamatosan v\u00e1ltoz\u00f3 m\u00e9diat\u00e9rben.<\/p>\n<p>\u00c9rt\u00e9keink - integrit\u00e1s, innov\u00e1ci\u00f3 \u00e9s befogad\u00e1s - vez\u00e9relnek minket minden tev\u00e9kenys\u00e9g\u00fcnk sor\u00e1n. Hisz\u00fcnk a m\u00e9dia erej\u00e9ben, amely \u00f6sszek\u00f6ti az embereket \u00e9s pozit\u00edv v\u00e1ltoz\u00e1sokat hoz l\u00e9tre a vil\u00e1gban. Munk\u00e1ltat\u00f3k\u00e9nt olyan k\u00f6rnyezetet igyeksz\u00fcnk teremteni, ahol a tehets\u00e9geket \u00e1polj\u00e1k, a soksz\u00edn\u0171s\u00e9get \u00e9rt\u00e9kelik \u00e9s a szakmai fejl\u0151d\u00e9st t\u00e1mogatj\u00e1k.<\/p>\n<div class=\"mt-2 mb-2\">&nbsp;<\/div>\n<h3>Karrierlehet\u0151s\u00e9gek<\/h3><div><br><\/div>\n<p>Az LEGIER MEDIENGRUPPE-n\u00e1l sz\u00e1mos izgalmas karrierlehet\u0151s\u00e9get k\u00edn\u00e1lunk glob\u00e1lis k\u00f6rnyezetben. Ak\u00e1r p\u00e1ly\u00e1ja elej\u00e9n \u00e1ll, ak\u00e1r m\u00e1r rendelkezik tapasztalattal, n\u00e1lunk megtal\u00e1lja a k\u00e9pess\u00e9geinek \u00e9s amb\u00edci\u00f3inak megfelel\u0151 lehet\u0151s\u00e9geket. \u00c1ll\u00e1saj\u00e1nlataink k\u00f6z\u00f6tt szerepelnek t\u00f6bbek k\u00f6z\u00f6tt:<\/p>\n<ul>\n<li><strong>Szerkeszt\u0151i poz\u00edci\u00f3k<\/strong>\u00dajs\u00e1g\u00edr\u00f3k, szerkeszt\u0151k, tartalomk\u00e9sz\u00edt\u0151k \u00e9s oknyomoz\u00f3 riporterek, akik szenved\u00e9lyesen szeretnek t\u00f6rt\u00e9neteket mes\u00e9lni \u00e9s t\u00e1j\u00e9koztatni a vil\u00e1got.<\/li>\n<li><strong>Marketing \u00e9s \u00e9rt\u00e9kes\u00edt\u00e9s<\/strong>Kreat\u00edv elm\u00e9k, akik innovat\u00edv kamp\u00e1nyokat dolgoznak ki \u00e9s vil\u00e1gszerte er\u0151s\u00edtik m\u00e1rk\u00e1inkat.<\/li>\n<li><strong>Adminisztr\u00e1ci\u00f3 \u00e9s t\u00e1mogat\u00e1s<\/strong>Elk\u00f6telezett munkat\u00e1rsak a HR, a p\u00e9nz\u00fcgy, az IT \u00e9s m\u00e1s ter\u00fcleteken, akik biztos\u00edtj\u00e1k v\u00e1llalatunk z\u00f6kken\u0151mentes m\u0171k\u00f6d\u00e9s\u00e9t.<\/li><\/ul><ul>\n<li><strong>Nemzetk\u00f6zi megb\u00edz\u00e1sok<\/strong>Lehet\u0151s\u00e9gek a vil\u00e1g k\u00fcl\u00f6nb\u00f6z\u0151 pontjain tal\u00e1lhat\u00f3 irod\u00e1inkban val\u00f3 munkav\u00e9gz\u00e9sre \u00e9s glob\u00e1lis perspekt\u00edv\u00e1k megszerz\u00e9s\u00e9re.<\/li>\n<\/ul><div><br><\/div>\n<p>Mivel glob\u00e1lis v\u00e1llalat vagyunk, rendszeresen k\u00edn\u00e1lunk poz\u00edci\u00f3kat nemzetk\u00f6zi irod\u00e1inkban is. Fedezze fel vel\u00fcnk a vil\u00e1got, \u00e9s emelje karrierj\u00e9t a k\u00f6vetkez\u0151 szintre!<\/p><p><br><\/p>\n<h3>Mit k\u00edn\u00e1lunk<\/h3>\n<p>Az LEGIER MEDIENGRUPPE alkalmazottjak\u00e9nt \u00d6n az \u00d6n ig\u00e9nyeihez igaz\u00edtott, \u00e1tfog\u00f3 juttat\u00e1si csomagot \u00e9lvezhet. Tudjuk, hogy siker\u00fcnk alapja munkat\u00e1rsaink elk\u00f6telezetts\u00e9ge \u00e9s el\u00e9gedetts\u00e9ge, ez\u00e9rt k\u00edn\u00e1lunk:<\/p><p><br><\/p>\n<ul>\n<li><strong>Versenyk\u00e9pes d\u00edjaz\u00e1s<\/strong>Tisztess\u00e9ges \u00e9s versenyk\u00e9pes fizet\u00e9sek, amelyek t\u00fckr\u00f6zik az \u00d6n teljes\u00edtm\u00e9ny\u00e9t \u00e9s tapasztalat\u00e1t.<\/li>\n<li><strong>Eg\u00e9szs\u00e9g\u00fcgy<\/strong>\u00c1tfog\u00f3 eg\u00e9szs\u00e9gbiztos\u00edt\u00e1s \u00e9s v\u00e1llalati eg\u00e9szs\u00e9g\u00fcgyi programok.<\/li>\n<li><strong>Nyugd\u00edjbiztos\u00edt\u00e1s<\/strong>Vonz\u00f3 v\u00e1llalati nyugd\u00edjrendszerek az \u00d6n j\u00f6v\u0151j\u00e9nek biztos\u00edt\u00e1s\u00e1ra.<\/li>\n<li><strong>Rugalmas munkaid\u0151<\/strong>: Lehet\u0151s\u00e9gek az otthoni munkav\u00e9gz\u00e9sre \u00e9s rugalmas munkamodellek a munka \u00e9s a mag\u00e1n\u00e9let \u00f6sszehangol\u00e1s\u00e1ra.<\/li>\n<li><strong>K\u00e9pz\u00e9s \u00e9s fejleszt\u00e9s<\/strong>Hozz\u00e1f\u00e9r\u00e9s a k\u00e9pz\u00e9sekhez, workshopokhoz \u00e9s konferenci\u00e1khoz, hogy folyamatosan fejleszthesse k\u00e9szs\u00e9geit.<\/li>\n<li><strong>Egyedi extr\u00e1k<\/strong>Ingyenes hozz\u00e1f\u00e9r\u00e9s m\u00e9diaterm\u00e9keinkhez, r\u00e9szv\u00e9tel exkluz\u00edv esem\u00e9nyeken \u00e9s lehet\u0151s\u00e9g a m\u00e9diainnov\u00e1ci\u00f3 \u00e9lvonal\u00e1ban dolgozni.<\/li>\n<\/ul>\n<div class=\"mt-2 mb-2\">&nbsp;<br><br><\/div>\n<h3>A csapat hangjai<\/h3><div><br><\/div>\n<p>Az LEGIER MEDIENGRUPPE-n\u00e1l b\u00fcszk\u00e9k vagyunk soksz\u00edn\u0171 \u00e9s tehets\u00e9ges munkaer\u0151nkre. \u00cdme n\u00e9h\u00e1ny betekint\u00e9s a k\u00fcl\u00f6nb\u00f6z\u0151 r\u00e9szlegek \u00e9s helysz\u00ednek alkalmazottait\u00f3l:<\/p><p><br><\/p>\n<ul>\n<li><strong>Anna, berlini szerkeszt\u0151<\/strong>: \u201e<em>Itt dolgozni azt jelenti, hogy egy glob\u00e1lis csal\u00e1d tagja lehetsz. Szeretek a vil\u00e1g minden t\u00e1j\u00e1r\u00f3l \u00e9rkez\u0151 koll\u00e9g\u00e1kkal egy\u00fctt dolgozni, \u00e9s szeretem a lehet\u0151s\u00e9get, hogy olyan t\u00f6rt\u00e9neteket mes\u00e9lhetek el, amelyek val\u00f3ban v\u00e1ltoz\u00e1st hoznak.\u201c<\/em><\/li>\n<li><strong>Carlos, marketing menedzser New Yorkban<\/strong>:&nbsp;<em>\u201eAz LEGIER MEDIENGRUPPE megadja a kreativit\u00e1s \u00e9s az innovat\u00edv kamp\u00e1nyok kidolgoz\u00e1s\u00e1nak szabads\u00e1g\u00e1t. Izgalmas egy olyan v\u00e1llalatnak a r\u00e9szese lenni, amely akt\u00edvan alak\u00edtja a m\u00e9diat\u00e1jk\u00e9pet.\u201c<\/em><\/li>\n<li><strong>Mei, informatikus Szingap\u00farban<\/strong>:&nbsp;<em>\u201eA szakmai fejl\u0151d\u00e9s t\u00e1mogat\u00e1sa itt verhetetlen. Hozz\u00e1f\u00e9r\u00e9sem van a leg\u00fajabb technol\u00f3gi\u00e1khoz, \u00e9s folyamatosan b\u0151v\u00edthetem a k\u00e9pess\u00e9geimet.\u201c<\/em><\/li>\n<\/ul><div><i><br><\/i><\/div>\n<p>Ezek a hangok t\u00fckr\u00f6zik azt a soksz\u00edn\u0171s\u00e9get \u00e9s csapatszellemet, amely v\u00e1llalatunkat jellemzi.<\/p><p><br><\/p>\n<h3><span style=\"color: inherit; font-family: inherit;\">Jelentkez\u00e9si folyamat<\/span><\/h3><div><span style=\"color: inherit; font-family: inherit;\"><br><\/span><\/div>\n<p>Szeretne a csapatunk tagja lenni? Az LEGIER MEDIENGRUPPE-n\u00e1l a jelentkez\u00e9si folyamat egyszer\u0171 \u00e9s \u00e1tl\u00e1that\u00f3. \u00cdgy m\u0171k\u00f6dik:<\/p><p><br><\/p>\n<ol>\n<li><strong>\u00c1ll\u00e1saj\u00e1nlatok keres\u00e9se<\/strong>L\u00e1togasson el a karrieroldalunkra, ahol megtal\u00e1lja az aktu\u00e1lis \u00e1ll\u00e1saj\u00e1nlatokat, vagy k\u00fcldj\u00f6n nek\u00fcnk egy k\u00e9retlen jelentkez\u00e9st.<\/li>\n<li><strong>Jelentkez\u00e9s beny\u00fajt\u00e1sa<\/strong>K\u00fcldje el \u00f6n\u00e9letrajz\u00e1t \u00e9s k\u00eds\u00e9r\u0151level\u00e9t online jelentkez\u00e9si port\u00e1lunkon kereszt\u00fcl vagy e-mailben a k\u00f6vetkez\u0151 c\u00edmre&nbsp;<a href=\"mailto:Karriere@LegierGroup.com\" target=\"_blank\" rel=\"noopener noreferrer\">Karriere@LegierGroup.com<\/a>.<\/li>\n<li><strong>Kiv\u00e1laszt\u00e1si elj\u00e1r\u00e1s<\/strong>Szem\u00e9lyzeti oszt\u00e1lyunk ellen\u0151rzi a dokumentumait, \u00e9s felveszi \u00d6nnel a kapcsolatot, ha a k\u00e9pzetts\u00e9ge megfelel egy nyitott poz\u00edci\u00f3nak.<\/li>\n<li><strong>Interj\u00fa<\/strong>Az \u00e1ll\u00e1shelyt\u0151l f\u00fcgg\u0151en az interj\u00fak\u00e9sz\u00edt\u00e9si folyamat egy vagy t\u00f6bb szem\u00e9lyes vagy virtu\u00e1lis interj\u00fab\u00f3l \u00e1llhat.<\/li>\n<li><strong>Aj\u00e1nlat<\/strong>Ha meggy\u0151z minket, aj\u00e1nlatot kap, \u00e9s szeretettel v\u00e1rjuk csapatunkban!<\/li>\n<\/ol><div><br><\/div>\n<p>Nagyra \u00e9rt\u00e9kelj\u00fck a tisztess\u00e9ges \u00e9s tiszteletteljes jelentkez\u00e9si folyamatot, \u00e9s v\u00e1rjuk, hogy t\u00f6bbet tudjunk meg \u00d6nr\u0151l.<\/p><p><br><\/p><p><br><\/p>\n<h3>L\u00e9pjen kapcsolatba vel\u00fcnk<\/h3><div><br><\/div>\n<p>K\u00e9rd\u00e9se van az LEGIER MEDIENGRUPPE-n\u00e1l k\u00edn\u00e1lkoz\u00f3 karrierlehet\u0151s\u00e9gekkel kapcsolatban, vagy szeretne t\u00f6bbet megtudni v\u00e1llalatunkr\u00f3l? HR csapatunk sz\u00edvesen seg\u00edt \u00d6nnek:<\/p><p><br><\/p>\n<p><strong>LEGIER Beteiligungs mbH (LEGIER M\u00c9DIACSOPORT)<\/strong><br>Kurfurstendamm 14<br>DE 10719 Berlin<br>N\u00e9metorsz\u00e1g<\/p>\n<p><strong>Telefon<\/strong>: +49 (0) 30 99211 &#8211; 3 469<br><strong>e-mail<\/strong>:&nbsp;<a href=\"mailto:Karriere@LegierGroup.com\" target=\"_blank\" rel=\"noopener noreferrer\">Karriere@LegierGroup.com<\/a><\/p>\n<p><strong>Kereskedelmi nyilv\u00e1ntart\u00e1s<\/strong>Berlin-Charlottenburg HRB 57837<br><strong>H\u00c9A ID<\/strong>DE 413445833<\/p>\n<p>Alig v\u00e1rjuk, hogy halljunk \u00d6nr\u0151l, \u00e9s egy\u00fctt alak\u00edtsuk a m\u00e9dia j\u00f6v\u0151j\u00e9t!<\/p>\t\t\t\t\t\t\t\t<\/div>\n\t\t\t\t\t<\/div>\n\t\t\t\t<\/div>\n\t\t\t\t<\/div>","protected":false},"excerpt":{"rendered":"<p>Karriere bei der LEGIER MEDIENGRUPPE Willkommen bei der LEGIER MEDIENGRUPPE&nbsp;\u2013 einem weltweit agierenden Medienunternehmen mit Sitz in Berlin und einer stolzen Geschichte, die sich \u00fcber alle Kontinente erstreckt. Als Eigent\u00fcmer von 115 renommierten Tageszeitungen bieten wir ein dynamisches und inspirierendes Arbeitsumfeld, in dem Innovation, Kreativit\u00e4t und journalistische Exzellenz im Mittelpunkt stehen. Bei uns haben Sie [&hellip;]<\/p>\n","protected":false},"author":1,"featured_media":0,"parent":0,"menu_order":0,"comment_status":"closed","ping_status":"closed","template":"","meta":{"footnotes":""},"class_list":["post-749","page","type-page","status-publish","hentry"],"_links":{"self":[{"href":"https:\/\/legiergroup.info\/hu\/wp-json\/wp\/v2\/pages\/749","targetHints":{"allow":["GET"]}}],"collection":[{"href":"https:\/\/legiergroup.info\/hu\/wp-json\/wp\/v2\/pages"}],"about":[{"href":"https:\/\/legiergroup.info\/hu\/wp-json\/wp\/v2\/types\/page"}],"author":[{"embeddable":true,"href":"https:\/\/legiergroup.info\/hu\/wp-json\/wp\/v2\/users\/1"}],"replies":[{"embeddable":true,"href":"https:\/\/legiergroup.info\/hu\/wp-json\/wp\/v2\/comments?post=749"}],"version-history":[{"count":11,"href":"https:\/\/legiergroup.info\/hu\/wp-json\/wp\/v2\/pages\/749\/revisions"}],"predecessor-version":[{"id":1807,"href":"https:\/\/legiergroup.info\/hu\/wp-json\/wp\/v2\/pages\/749\/revisions\/1807"}],"wp:attachment":[{"href":"https:\/\/legiergroup.info\/hu\/wp-json\/wp\/v2\/media?parent=749"}],"curies":[{"name":"wp","href":"https:\/\/api.w.org\/{rel}","templated":true}]}}