{"id":772,"date":"2025-09-17T01:31:20","date_gmt":"2025-09-17T01:31:20","guid":{"rendered":"https:\/\/legiergroup.info\/?page_id=772"},"modified":"2025-10-23T11:55:44","modified_gmt":"2025-10-23T11:55:44","slug":"scandic-autok","status":"publish","type":"page","link":"https:\/\/legiergroup.info\/hu\/scandic-cars\/","title":{"rendered":"Scandic Cars"},"content":{"rendered":"<div data-elementor-type=\"wp-page\" data-elementor-id=\"772\" class=\"elementor elementor-772\" data-elementor-post-type=\"page\">\n\t\t\t\t<div class=\"elementor-element elementor-element-0cafc05 e-flex e-con-boxed e-con e-parent\" data-id=\"0cafc05\" data-element_type=\"container\" data-e-type=\"container\">\n\t\t\t\t\t<div class=\"e-con-inner\">\n\t\t\t\t<div class=\"elementor-element elementor-element-f095092 elementor-widget elementor-widget-text-editor\" data-id=\"f095092\" data-element_type=\"widget\" data-e-type=\"widget\" data-widget_type=\"text-editor.default\">\n\t\t\t\t\t\t\t\t\t<img decoding=\"async\" class=\"mt-2 mb-2\" src=\"https:\/\/legiergroup.info\/wp-content\/uploads\/2025\/10\/scandiccars_by_legier.jpg\" width=\"100%\" \/>\n<h1>SCANDIC CARS: \u00dajradefini\u00e1lt luxus mobilit\u00e1s<\/h1>\n\u00dcdv\u00f6z\u00f6lj\u00fck az ScandicCars-n\u00e9l, a neves LEGIER GROUP vezet\u0151 glob\u00e1lis m\u00e1rk\u00e1j\u00e1n\u00e1l. Az LEGIER GROUP egy 30 \u00e9ves sikert\u00f6rt\u00e9nettel rendelkez\u0151, diverzifik\u00e1lt nemzetk\u00f6zi konglomer\u00e1tum, amely 115 olyan napilap tulajdonosa, amelyek vil\u00e1gszerte minden kontinensen \u00e9jjel-nappal aktu\u00e1lis h\u00edreket k\u00f6z\u00f6lnek. Az exkluz\u00edv SCANDIC m\u00e1rkah\u00e1l\u00f3zat tagjak\u00e9nt sokkal t\u00f6bbet k\u00edn\u00e1lunk, mint egyszer\u0171 j\u00e1rm\u0171b\u00e9rl\u00e9s. Az ScandicCars az \u00d6n kulcsa egy olyan \u00e9letst\u00edlushoz, amely tele van\u00a0<strong>Luxus<\/strong>,\u00a0<strong>Innov\u00e1ci\u00f3<\/strong>\u00a0\u00e9s\u00a0<strong>exkluz\u00edv szolg\u00e1ltat\u00e1s<\/strong>.\n\nOb anspruchsvolle Privatkunden oder Unternehmen mit h\u00f6chsten Anspr\u00fcchen \u2013 wir schaffen ma\u00dfgeschneiderte Mobilit\u00e4tsl\u00f6sungen. Unser Versprechen: unvergleichlicher Komfort, h\u00f6chste Flexibilit\u00e4t und ein unerm\u00fcdliches Streben nach Perfektion. Wir erf\u00fcllen Ihre Erwartungen nicht nur \u2013 wir \u00fcbertreffen sie.\n<h2>Filoz\u00f3fi\u00e1nk: A kult\u00fara kiv\u00e1l\u00f3s\u00e1ggal val\u00f3 \u00f6szt\u00f6nz\u00e9se<\/h2>\nF\u00fcr uns ist ein Automobil nicht blo\u00df ein Transportmittel, sondern Ausdruck von Stil, Sicherheit und individueller Freiheit. Es geht nicht nur darum, von A nach B zu kommen \u2013 sondern wie Sie dort ankommen.\n\nEntsprechend gestalten wir jedes Detail Ihrer Anmietung nach Ihren W\u00fcnschen. Wir verbinden klassische Werte wie\u00a0<strong>Bizalom<\/strong>\u00a0\u00e9s\u00a0<strong>Diszkr\u00e9ci\u00f3<\/strong>\u00a0a modern technol\u00f3gi\u00e1val, hogy egy egyszerre professzion\u00e1lis \u00e9s luxus aj\u00e1nlatot hozzon l\u00e9tre. Megteremti a szabads\u00e1got, hogy pontosan azt vezessen, amit \u00e9s amikor csak akar - an\u00e9lk\u00fcl, hogy egy luxusaut\u00f3 birtokl\u00e1s\u00e1val j\u00e1r\u00f3 k\u00f6telezetts\u00e9get kellene v\u00e1llalnia. Mi\u00e9rt lenne saj\u00e1t pr\u00e9miumaut\u00f3ja, amikor az ScandicCars az \u00d6n rendelkez\u00e9s\u00e9re bocs\u00e1tja \u00e1lmai j\u00e1rm\u0171v\u00e9t, amikor csak akarja?\n<h2>J\u00e1rm\u0171parkunk: az aut\u00f3ipar ikonjai<\/h2>\nExkluz\u00edv flott\u00e1nk az aut\u00f3ipar legk\u00edv\u00e1natosabb modelljeit tartalmazza - mindegyik a m\u00e9rn\u00f6ki munka, a teljes\u00edtm\u00e9ny \u00e9s az elegancia szimb\u00f3luma. Minden \u00edzl\u00e9snek megfelel\u0151 j\u00e1rm\u0171veket k\u00edn\u00e1lunk:\n<ul>\n \t<li>Harman SF50 Stradale - egy szuper sportaut\u00f3, amely \u00faj m\u00e9rc\u00e9t \u00e1ll\u00edt fel<\/li>\n \t<li>Lamborghini Urus (Special Edition) - leny\u0171g\u00f6z\u0151 teljes\u00edtm\u00e9ny<\/li>\n \t<li>Rolls-Royce Cullinan II SUV - fens\u00e9ges elegancia<\/li>\n \t<li>Porsche 911 Carrera Cabriolet - tiszta vezet\u00e9si \u00e9lm\u00e9ny a nyitott sportkocsik szerelmeseinek<\/li>\n \t<li>Audi RS e-tron GT \u00e9s BMW i70\/i50 - a legmodernebb elektromos hajt\u00e1s Gran Turismo dinamik\u00e1val<\/li>\n \t<li>Audi SQ7 \u00e9s RSQ8 Performance - sportoss\u00e1g nagyvonal\u00fa t\u00e9rk\u00edn\u00e1lattal<\/li>\n \t<li>Mercedes-AMG GT 63 S E Performance - brut\u00e1lis V8-as hibrid teljes\u00edtm\u00e9ny<\/li>\n \t<li>Mercedes-AMG SL 63 Cabriolet - nyitott tetej\u0171 elegancia<\/li>\n \t<li>BMW M8 Competition Gran Coup\u00e9 - a luxus \u00e9s a sportoss\u00e1g kombin\u00e1ci\u00f3ja<\/li>\n \t<li>Rolls-Royce Spectre \u00e9s 2025 Rolls-Royce Phantom Series II Extended - elektromos \u00e9s klasszikus luxusikonok<\/li>\n<\/ul>\n<h2>Az SCANDIC m\u00e1rkasz\u00f6vets\u00e9g<\/h2>\nA tekint\u00e9lyes LEGIER GROUP h\u00e1l\u00f3zat r\u00e9szek\u00e9nt z\u00f6kken\u0151mentes hozz\u00e1f\u00e9r\u00e9st k\u00edn\u00e1lunk \u00d6nnek az innovat\u00edv m\u00e1rk\u00e1k \u00e9s szolg\u00e1ltat\u00e1sok egyed\u00fcl\u00e1ll\u00f3 portf\u00f3li\u00f3j\u00e1hoz:\n<ul>\n \t<li><strong>ScandicFly<\/strong>: Exkluz\u00edv priv\u00e1t jet charter a legmagasabb ig\u00e9nyeknek<\/li>\n \t<li><strong>ScandicYachts<\/strong>: Luxus jachtok exkluz\u00edv \u00e9lm\u00e9nyek\u00e9rt a v\u00edzen<\/li>\n \t<li><strong>ScandicEstate<\/strong>: Els\u0151 oszt\u00e1ly\u00fa ingatlanok vil\u00e1gszerte - a C\u00f4te d'Azur-i vill\u00e1kt\u00f3l a dubaji penthouse h\u00e1zakig.<\/li>\n \t<li><strong>ScandicPay<\/strong>Innovat\u00edv fizet\u00e9si megold\u00e1sok a gyors, biztons\u00e1gos \u00e9s glob\u00e1lis tranzakci\u00f3khoz<\/li>\n \t<li><strong>ScandicTrade<\/strong>: ScandicCoin kriptop\u00e9nz \u00e9s digit\u00e1lis befektet\u00e9si platform a j\u00f6v\u0151biztos befektet\u00e9si lehet\u0151s\u00e9gek\u00e9rt<\/li>\n<\/ul>\n<h2>Az \u00d6n vezet\u00e9si \u00e9lm\u00e9nye, a mi vezet\u00e9s\u00fcnk<\/h2>\nScandicCars ist mehr als eine Luxusautovermietung \u2013 wir verstehen uns als Ihr Partner f\u00fcr exklusive Mobilit\u00e4t. Durch die Integration in ein hochkar\u00e4tiges Markennetzwerk bieten wir Dienstleistungen, die weit \u00fcber das \u00dcbliche hinausgehen.\n\nGanz gleich, ob Sie einen adrenaligeladenen Supercar-Trip planen, VIP-G\u00e4ste stilvoll chauffieren lassen m\u00f6chten oder als Unternehmen einen zuverl\u00e4ssigen Mobilit\u00e4tspartner f\u00fcr Events und Gesch\u00e4ftsreisen suchen \u2013 wir stehen an Ihrer Seite. Jede Anfrage, ob spontan \u00fcber unser mobiles Buchungssystem oder langfristig geplant, wird mit der gleichen Sorgfalt und Professionalit\u00e4t bearbeitet.\n\nErleben Sie mit ScandicCars die Faszination automobiler H\u00f6chstleistungen und unbegrenzten Luxus auf R\u00e4dern, unterst\u00fctzt von einem Netzwerk, das jeden Aspekt Ihres Lebensstils veredelt. Kontaktieren Sie uns noch heute und entdecken Sie, wie ScandicCars Ihr n\u00e4chstes Fahrerlebnis unvergesslich machen wird \u2013 denn\u00a0<strong>Kiv\u00e1l\u00f3s\u00e1g<\/strong>\u00a0a mi\t\t\t\t\t\t\t\t<\/div>\n\t\t\t\t\t<\/div>\n\t\t\t\t<\/div>\n\t\t\t\t<\/div>","protected":false},"excerpt":{"rendered":"<p>SCANDIC CARS: Luxuri\u00f6se Mobilit\u00e4t neu definiert Willkommen bei ScandicCars, einer weltweit f\u00fchrenden Marke der renommierten LEGIER GRUPPE. Die LEGIER GRUPPE ist ein diversifizierter internationaler Mischkonzern mit 30 Jahren Erfolgsgeschichte und Inhaberin von 115 Tageszeitungen, die weltweit auf allen Kontinenten rund um die Uhr aktuelle Nachrichten publizieren. Als Mitglied des exklusiven SCANDIC Markenverbunds bieten wir weit [&hellip;]<\/p>\n","protected":false},"author":1,"featured_media":0,"parent":0,"menu_order":0,"comment_status":"closed","ping_status":"closed","template":"","meta":{"footnotes":""},"class_list":["post-772","page","type-page","status-publish","hentry"],"_links":{"self":[{"href":"https:\/\/legiergroup.info\/hu\/wp-json\/wp\/v2\/pages\/772","targetHints":{"allow":["GET"]}}],"collection":[{"href":"https:\/\/legiergroup.info\/hu\/wp-json\/wp\/v2\/pages"}],"about":[{"href":"https:\/\/legiergroup.info\/hu\/wp-json\/wp\/v2\/types\/page"}],"author":[{"embeddable":true,"href":"https:\/\/legiergroup.info\/hu\/wp-json\/wp\/v2\/users\/1"}],"replies":[{"embeddable":true,"href":"https:\/\/legiergroup.info\/hu\/wp-json\/wp\/v2\/comments?post=772"}],"version-history":[{"count":11,"href":"https:\/\/legiergroup.info\/hu\/wp-json\/wp\/v2\/pages\/772\/revisions"}],"predecessor-version":[{"id":1936,"href":"https:\/\/legiergroup.info\/hu\/wp-json\/wp\/v2\/pages\/772\/revisions\/1936"}],"wp:attachment":[{"href":"https:\/\/legiergroup.info\/hu\/wp-json\/wp\/v2\/media?parent=772"}],"curies":[{"name":"wp","href":"https:\/\/api.w.org\/{rel}","templated":true}]}}