{"id":777,"date":"2025-09-17T01:33:09","date_gmt":"2025-09-17T01:33:09","guid":{"rendered":"https:\/\/legiergroup.info\/?page_id=777"},"modified":"2025-10-21T13:41:55","modified_gmt":"2025-10-21T13:41:55","slug":"scandic-erme","status":"publish","type":"page","link":"https:\/\/legiergroup.info\/hu\/scandic-coin\/","title":{"rendered":"Scandic \u00e9rme"},"content":{"rendered":"<div data-elementor-type=\"wp-page\" data-elementor-id=\"777\" class=\"elementor elementor-777\" data-elementor-post-type=\"page\">\n\t\t\t\t<div class=\"elementor-element elementor-element-63fccbb e-flex e-con-boxed e-con e-parent\" data-id=\"63fccbb\" data-element_type=\"container\" data-e-type=\"container\">\n\t\t\t\t\t<div class=\"e-con-inner\">\n\t\t\t\t<div class=\"elementor-element elementor-element-febdc75 elementor-widget elementor-widget-text-editor\" data-id=\"febdc75\" data-element_type=\"widget\" data-e-type=\"widget\" data-widget_type=\"text-editor.default\">\n\t\t\t\t\t\t\t\t\t<h1>SCANDIC COIN<\/h1><ol><li><h6><a href=\"https:\/\/legiergroup.com\/german\/scandiccoin_by_legier\/#1\" target=\"_blank\" rel=\"noopener\">Bevezet\u00e9s \u00e9s strat\u00e9giai j\u00f6v\u0151k\u00e9p<\/a><\/h6><\/li><li><h6><a href=\"https:\/\/legiergroup.com\/german\/scandiccoin_by_legier\/#2\" target=\"_blank\" rel=\"noopener\">Az SCANDIC \u00f6kosziszt\u00e9ma<\/a><\/h6><\/li><li><h6><a href=\"https:\/\/legiergroup.com\/german\/scandiccoin_by_legier\/#3\" target=\"_blank\" rel=\"noopener\">Tokenomika \u00e9s technol\u00f3gia<\/a><\/h6><\/li><li><h6><a href=\"https:\/\/legiergroup.com\/german\/scandiccoin_by_legier\/#4\" target=\"_blank\" rel=\"noopener\">T\u00e9tmodellek<\/a><\/h6><\/li><li><h6><a href=\"https:\/\/legiergroup.com\/german\/scandiccoin_by_legier\/#5\" target=\"_blank\" rel=\"noopener\">Ir\u00e1ny\u00edt\u00e1s<\/a><\/h6><\/li><li><h6><a href=\"https:\/\/legiergroup.com\/german\/scandiccoin_by_legier\/#6\" target=\"_blank\" rel=\"noopener\">ESG \u00e9s fenntarthat\u00f3s\u00e1g<\/a><\/h6><\/li><li><h6><a href=\"https:\/\/legiergroup.com\/german\/scandiccoin_by_legier\/#7\" target=\"_blank\" rel=\"noopener\">Val\u00f3s gazdas\u00e1gi el\u0151ny\u00f6k \u00e9s piaci potenci\u00e1l<\/a><\/h6><\/li><li><h6><a href=\"https:\/\/legiergroup.com\/german\/scandiccoin_by_legier\/#8\" target=\"_blank\" rel=\"noopener\">T\u00e9nyszer\u0171 k\u00f6vetkeztet\u00e9s az SCANDIC COIN-ra vonatkoz\u00f3an<\/a><\/h6><\/li><\/ol><h6>1 - Bevezet\u00e9s \u00e9s strat\u00e9giai j\u00f6v\u0151k\u00e9p<\/h6><p>Az SCANDIC COIN m\u00f6g\u00f6tt \u00e1ll\u00f3 v\u00e1llalatok t\u00f6bb mint 30 \u00e9ve sikeresen tev\u00e9kenykednek a piacon.<\/p><p>A\u00a0<strong>SCANDIC \u00c9RME (SCND)<\/strong>\u00a0egy teljes m\u00e9rt\u00e9kben szab\u00e1lyozott, a Solana blokkl\u00e1ncon l\u00e9v\u0151 k\u00f6z\u00fczemi token, amely egy \u00e1tfog\u00f3 \u00f6kosziszt\u00e9ma \u00f6sszek\u00f6t\u0151 elemek\u00e9nt m\u0171k\u00f6dik. A projekt c\u00e9lja egy sk\u00e1l\u00e1zhat\u00f3, megb\u00edzhat\u00f3 \u00f6kosziszt\u00e9ma ki\u00e9p\u00edt\u00e9se, amely \u00f6sszek\u00f6ti a digit\u00e1lis \u00e9s a re\u00e1lgazdas\u00e1got. A puszta \u201eingatlan\u00e9rm\u00e9kkel\u201d ellent\u00e9tben nem egyetlen befektet\u00e9si t\u00e1rgyra, hanem az Payment, az ingatlan, a kereskedelem, az adat, az eg\u00e9szs\u00e9g\u00fcgy, a biztons\u00e1g \u00e9s a mobilit\u00e1s ter\u00fclet\u00e9r\u0151l sz\u00e1rmaz\u00f3 val\u00f3s szolg\u00e1ltat\u00e1sok \u00f6sszekapcsol\u00e1s\u00e1ra helyezi a hangs\u00falyt.<\/p><p>Az SCANDIC COIN k\u00fcldet\u00e9se az exkluz\u00edv szolg\u00e1ltat\u00e1sok vezet\u0151 kripto-alap\u00fa \u00f6kosziszt\u00e9m\u00e1j\u00e1nak ki\u00e9p\u00edt\u00e9se, ahol a token h\u00eddk\u00e9nt szolg\u00e1l a hagyom\u00e1nyos ipar\u00e1gak \u00e9s a blokkl\u00e1nc vil\u00e1ga k\u00f6z\u00f6tt. A tokent sz\u00e1nd\u00e9kosan tiszt\u00e1n haszonmegoszt\u00e1s n\u00e9lk\u00fcli k\u00f6z\u00fczemi tokenk\u00e9nt tervezt\u00e9k, hogy az int\u00e9zm\u00e9nyi befektet\u0151knek hossz\u00fa t\u00e1v\u00fa stabilit\u00e1st, \u00e1tl\u00e1that\u00f3s\u00e1got \u00e9s szab\u00e1lyoz\u00e1si megfelel\u0151s\u00e9get k\u00edn\u00e1ljon. A strat\u00e9giai tervez\u00e9s alapja a vil\u00e1gos ir\u00e1ny\u00edt\u00e1si strukt\u00far\u00e1k, a szigor\u00fa token-gazdas\u00e1gtan \u00e9s a token val\u00f3s \u00e9rt\u00e9kteremt\u00e9sben val\u00f3 lehorgonyz\u00e1sa, ami megk\u00fcl\u00f6nb\u00f6zteti az SCANDIC COIN-t a spekulat\u00edv projektekt\u0151l.<\/p><h6>2 - Az SCANDIC \u00f6kosziszt\u00e9ma<\/h6><p>A projekt k\u00f6zponti eleme egy m\u00e9diaalkalmaz\u00e1s, amely \u00f6sszekapcsolja a 115 napilapot. A tokenek tulajdonosai bel\u00e9p\u0151jegyk\u00e9nt tartj\u00e1k a SCND-t, \u00e9s \u00edgy \u00e9jjel-nappal a vil\u00e1g minden t\u00e1j\u00e1r\u00f3l \u00e9s minden kontinensr\u0151l sz\u00e1rmaz\u00f3 h\u00edrekhez jutnak hozz\u00e1. Az \u00f6sszes modult \u00fagy tervezt\u00e9k, hogy egym\u00e1st er\u0151s\u00edts\u00e9k \u00e9s hossz\u00fa t\u00e1v\u00fa \u00fcgyf\u00e9lh\u0171s\u00e9get teremtsenek. Az innov\u00e1ci\u00f3, a kiv\u00e1l\u00f3s\u00e1g, a fenntarthat\u00f3s\u00e1g \u00e9s az \u00fcgyf\u00e9lk\u00f6zpont\u00fas\u00e1g \u00e9rt\u00e9kei k\u00e9pezik az \u00f6kosziszt\u00e9ma alapj\u00e1t.<\/p><h6>2.1 \u00dczleti ter\u00fcletek<\/h6><p>Az al\u00e1bbi t\u00e1bl\u00e1zat az SCANDIC \u00f6kosziszt\u00e9ma legfontosabb \u00fczleti ter\u00fcleteit foglalja \u00f6ssze. Egyes\u00edti a szuperalkalmaz\u00e1s \u00e1ltal\u00e1nos le\u00edr\u00e1s\u00e1t a m\u00e1rkaspecifikus \u201eSCANDIC\u201d ter\u00fcletekkel:<\/p><table class=\"table table-striped\"><thead><tr><th>Modul \/ \u00fczleti egys\u00e9g<\/th><th>A le\u00edr\u00e1s a<\/th><\/tr><\/thead><tbody><tr><td><strong>Payment &amp; Finance \/ SCANDIC PAY<\/strong><\/td><td>Nem let\u00e9ti p\u00e9nzt\u00e1rca kripto- \u00e9s fiat fizet\u00e9sekhez, crowdfunding funkci\u00f3k \u00e9s integr\u00e1lt Visa k\u00e1rtya; szab\u00e1lyozott FinTech platform a gyors \u00e1tutal\u00e1sokhoz \u00e9s a banki \u00e9s web3 k\u00f6z\u00f6tti \u00e1tmenethez. Tranzakci\u00f3s \u00e9s \u00e1tv\u00e1lt\u00e1si d\u00edjak biztos\u00edtj\u00e1k a folyamatos bev\u00e9telt.<\/td><\/tr><tr><td><strong>Ingatlanok<\/strong><\/td><td>Lak\u00f3-, kereskedelmi \u00e9s logisztikai ingatlanok tokeniz\u00e1l\u00e1sa Eur\u00f3p\u00e1ban \u00e9s a K\u00f6zel-Keleten; a befektet\u0151k a platformon kereszt\u00fcl val\u00f3s projektekben val\u00f3 r\u00e9szesed\u00e9st szerezhetnek, illetve ingatlanokat v\u00e1s\u00e1rolhatnak \u00e9s adhatnak el.<\/td><\/tr><tr><td><strong>Kereskedelem \u00e9s vagyonkezel\u00e9s \/ SCANDIC TRADE<\/strong><\/td><td>Szab\u00e1lyozott multi-eszk\u00f6z br\u00f3kerh\u00e1z kriptovalut\u00e1k, r\u00e9szv\u00e9nyek, deviz\u00e1k, \u00e1rucikkek \u00e9s CO\u2082 tan\u00fas\u00edtv\u00e1nyok sz\u00e1m\u00e1ra. Az intelligens portf\u00f3li\u00f3k algoritmikusan k\u00f6tik \u00f6ssze ezeket az eszk\u00f6z\u00f6ket; az SCND szolg\u00e1l alap- \u00e9s elsz\u00e1mol\u00e1si valutak\u00e9nt.<\/td><\/tr><tr><td><strong>Adatok \u00e9s mesters\u00e9ges intelligencia \/ SCANDIC DATA<\/strong><\/td><td>Saj\u00e1t nagy teljes\u00edtm\u00e9ny\u0171 adatk\u00f6zpont, amely az anonimiz\u00e1lt adatok \u00e9s a mesters\u00e9ges intelligenci\u00e1val t\u00e1mogatott elemz\u00e9sek piacter\u00e9nek alapj\u00e1ul szolg\u00e1l. A felh\u0151- \u00e9s AI-szolg\u00e1ltat\u00e1sok vil\u00e1gszerte el\u00e9rhet\u0151ek a tokenen kereszt\u00fcl; az alacsony d\u00edjak cs\u00f6kkentik az infrastruktur\u00e1lis k\u00f6lts\u00e9geket.<\/td><\/tr><tr><td><strong>eg\u00e9szs\u00e9g \/ SCANDIC HEALTH<\/strong><\/td><td>A telemedicin\u00e1lis szolg\u00e1ltat\u00e1sok, a megel\u0151z\u00e9si programok \u00e9s a jelk\u00e9pes eg\u00e9szs\u00e9g\u00fcgyi adatok \u00faj d\u00edjaz\u00e1si modelleket tesznek lehet\u0151v\u00e9; a b\u00f3nuszprogramok jutalmazz\u00e1k az eg\u00e9szs\u00e9gtudatos magatart\u00e1st \u00e9s a h\u0171s\u00e9ges betegeket.<\/td><\/tr><tr><td><strong>Biztons\u00e1g<\/strong><\/td><td>A digit\u00e1lis \u00e9s fizikai biztons\u00e1gi szolg\u00e1ltat\u00e1sok a KYC\/AML-ellen\u0151rz\u00e9seket szem\u00e9lyv\u00e9delemmel \u00e9s kiberbiztons\u00e1ggal kombin\u00e1lj\u00e1k.<\/td><\/tr><tr><td><strong>Mobilit\u00e1s \u00e9s \u00e9letm\u00f3d \/ SCANDIC CARS, SCANDIC FLY, SCANDIC YACHTS<\/strong><\/td><td>Luxusj\u00e1rm\u0171vek, mag\u00e1nrep\u00fcl\u0151g\u00e9pek \u00e9s jachtok digit\u00e1lis foglal\u00e1sa; csomagaj\u00e1nlatok, amelyek az utaz\u00e1st, az ingatlanok megtekint\u00e9s\u00e9t \u00e9s a szabadid\u0151s tev\u00e9kenys\u00e9get \u00f6tv\u00f6zik. Az SCND felgyors\u00edtja a dr\u00e1ga foglal\u00e1sok feldolgoz\u00e1s\u00e1t, \u00e9s kiv\u00e1ltja a valutav\u00e1lt\u00e1st \u00e9s a banki folyamatokat.<\/td><\/tr><tr><td><strong>M\u00e9dia \/ SCANDIC MEDIA MEDIA<\/strong><\/td><td>M\u00e9dia- \u00e9s h\u00edrplatform, amely lehet\u0151v\u00e9 teszi a tartalom\u00e9rt t\u00f6rt\u00e9n\u0151 mikrofizet\u00e9st \u00e9s kommunik\u00e1lja az \u00f6kosziszt\u00e9m\u00e1t.<\/td><\/tr><\/tbody><\/table><p>E m\u00e9diaalkalmaz\u00e1s minden kontinens 115 napilapj\u00e1nak h\u00e1l\u00f3zatba kapcsol\u00e1sa er\u0151s h\u00e1l\u00f3zati hat\u00e1sokat eredm\u00e9nyez: Az egyik \u00e1gazatban v\u00e9gzett tev\u00e9kenys\u00e9gek er\u0151s\u00edtik a t\u00f6bbit, ami a token ir\u00e1nti kereslet szerves n\u00f6veked\u00e9s\u00e9t eredm\u00e9nyezi.<\/p><h6>3 - Tokenomika \u00e9s technol\u00f3gia<\/h6><h6>3.1 Token-eloszt\u00e1s \u00e9s finansz\u00edroz\u00e1si c\u00e9lok<\/h6><p>Az SCND teljes \u00e1llom\u00e1nya\u00a0<strong>1 milli\u00e1rd token<\/strong>. Az \u00e1tl\u00e1that\u00f3 allok\u00e1ci\u00f3 biztos\u00edtja, hogy elegend\u0151 likvidit\u00e1s \u00e1lljon rendelkez\u00e9sre a piac felh\u00edgul\u00e1sa n\u00e9lk\u00fcl. A k\u00f6vetkez\u0151 t\u00e1bl\u00e1zat a tervezett allok\u00e1ci\u00f3t mutatja be:<\/p><table class=\"table table-striped\"><thead><tr><th>Kateg\u00f3ria<\/th><th>R\u00e9szesed\u00e9s a teljes \u00e1llom\u00e1nyb\u00f3l<\/th><th>A le\u00edr\u00e1s a<\/th><\/tr><\/thead><tbody><tr><td><strong>Vet\u0151mag \u00e9s nyilv\u00e1nos \u00e9rt\u00e9kes\u00edt\u00e9s<\/strong><\/td><td><strong>50 %<\/strong><\/td><td>Mag\u00e1n- \u00e9s nyilv\u00e1nos befektet\u0151knek t\u00f6rt\u00e9n\u0151 \u00e9rt\u00e9kes\u00edt\u00e9s; a magvet\u0151 f\u00e1zisban v\u00e1rhat\u00f3an 2 milli\u00f3 eur\u00f3 gy\u0171lik \u00f6ssze, 0,02 eur\u00f3s tokenenk\u00e9nti \u00e1ron, m\u00edg a nyilv\u00e1nos \u00e9rt\u00e9kes\u00edt\u00e9s (a tervek szerint 2026 els\u0151 negyed\u00e9v\u00e9ben) v\u00e1rhat\u00f3an 5,25 milli\u00f3 eur\u00f3 gy\u0171lik \u00f6ssze, 0,035 eur\u00f3s tokenenk\u00e9nti \u00e1ron.<\/td><\/tr><tr><td><strong>Tartal\u00e9k \u00e9s kincst\u00e1r<\/strong><\/td><td><strong>20 %<\/strong><\/td><td>A likvidit\u00e1s biztos\u00edt\u00e1s\u00e1t \u00e9s a strat\u00e9giai partners\u00e9gek finansz\u00edroz\u00e1s\u00e1t szolg\u00e1lja.<\/td><\/tr><tr><td><strong>Alap\u00edt\u00f3 csapat<\/strong><\/td><td><strong>15 %<\/strong><\/td><td>Jegyek a csapat sz\u00e1m\u00e1ra; tizenk\u00e9t h\u00f3napos megszolg\u00e1l\u00e1si \u00fctemterv szerint.<\/td><\/tr><tr><td><strong>K\u00fcls\u0151 fejleszt\u00e9si partnerek<\/strong><\/td><td><strong>9-10 %<\/strong><\/td><td>K\u00fcls\u0151 fejleszt\u0151k sz\u00e1m\u00e1ra fenntartva; aktiv\u00e1l\u00e1s 14 h\u00f3nap alatt.<\/td><\/tr><tr><td><strong>Marketing, K\u00f6z\u00f6ss\u00e9g \u00e9s Launchpads<\/strong><\/td><td><strong>5-6 %<\/strong><\/td><td>Marketingre, k\u00f6z\u00f6ss\u00e9gi jutalmakra \u00e9s egy\u00fcttm\u0171k\u00f6d\u00e9sekre sz\u00e1nt k\u00f6lts\u00e9gvet\u00e9s.<\/td><\/tr><\/tbody><\/table><p>A k\u00f6vetkez\u0151 \u00e1bra a tervezett tokeneloszt\u00e1st szeml\u00e9lteti oszlopdiagram form\u00e1j\u00e1ban. R\u00e1n\u00e9z\u00e9sre mutatja, hogy a teljes k\u00edn\u00e1lat hogyan oszlik meg az egyes kateg\u00f3ri\u00e1k k\u00f6z\u00f6tt.<\/p><h6>3.2 Technol\u00f3giai alapok<\/h6><p>Az SCANDIC COIN a Solana blokkl\u00e1ncon alapul, \u00e9s SPL tokenk\u00e9nt ker\u00fcl kibocs\u00e1t\u00e1sra. A Solana egyes\u00edti\u00a0<strong>Deleg\u00e1lt \u00e1tv\u00e9teli igazol\u00e1s<\/strong>\u00a0\u00e9s\u00a0<strong>T\u00f6rt\u00e9nelmi bizony\u00edt\u00e9kok<\/strong>, Ez azt jelenti, hogy elm\u00e9letileg ak\u00e1r 65 000 tranzakci\u00f3t is fel lehet dolgozni m\u00e1sodpercenk\u00e9nt, \u00e9s a d\u00edjak a centes tartom\u00e1nyban maradnak. A tanulm\u00e1nyok szerint az energiatakar\u00e9kos architekt\u00fara azt jelenti, hogy a h\u00e1l\u00f3zat mind\u00f6ssze\u00a0<strong>0,00051-0,00074 kWh<\/strong>\u00a0tranzakci\u00f3nk\u00e9nt - hasonl\u00f3an egy Google-keres\u00e9shez - \u00e9s ak\u00e1r 99 %-vel cs\u00f6kkenti az energiafogyaszt\u00e1st a proof-of-workh\u00f6z k\u00e9pest.<\/p><p>Az intelligens szerz\u0151d\u00e9s kapcsol\u00f3dik a\u00a0<strong>Horgonyz\u00f3 keretrendszer<\/strong>\u00a0olyan funkci\u00f3kat fejleszt \u00e9s val\u00f3s\u00edt meg, mint p\u00e9ld\u00e1ul\u00a0<strong>P\u00e9nzverde<\/strong>,\u00a0<strong>\u00c9g\u0151<\/strong>,\u00a0<strong>Fagyaszt\u00e1s<\/strong>,\u00a0<strong>T\u00e9t<\/strong>\u00a0\u00e9s\u00a0<strong>Friss\u00edt\u00e9si k\u00e9pess\u00e9g<\/strong>. A korl\u00e1tozott maxim\u00e1lis mennyis\u00e9g biztos\u00edtja a sz\u0171k\u00f6ss\u00e9get, m\u00edg az olyan fontos param\u00e9tereket, mint a t\u00e9tfelt\u00e9telek \u00e9s a kincst\u00e1ri funkci\u00f3k a k\u00f3dban hat\u00e1rozz\u00e1k meg, \u00e9s t\u00f6bbl\u00e9pcs\u0151s j\u00f3v\u00e1hagy\u00e1sok t\u00e1rgy\u00e1t k\u00e9pezik. A friss\u00edt\u00e9si lehet\u0151s\u00e9gek lehet\u0151v\u00e9 teszik a szab\u00e1lyoz\u00e1si k\u00f6vetelm\u00e9nyekhez val\u00f3 alkalmazkod\u00e1st an\u00e9lk\u00fcl, hogy a megl\u00e9v\u0151 tokeneket \u00e9rinten\u00e9k.<\/p><p>A tov\u00e1bbi m\u0171szaki alkot\u00f3elemeket a k\u00f6vetkez\u0151 t\u00e1bl\u00e1zat foglalja \u00f6ssze:<\/p><table class=\"table table-striped\"><thead><tr><th>Komponens<\/th><th>A le\u00edr\u00e1s a<\/th><\/tr><\/thead><tbody><tr><td><strong>Blockchain<\/strong><\/td><td>Solana - nagy sebess\u00e9g \u00e9s alacsony tranzakci\u00f3s d\u00edjak; energiahat\u00e9kony konszenzusmechanizmus.<\/td><\/tr><tr><td><strong>Intelligens szerz\u0151d\u00e9s<\/strong><\/td><td>Friss\u00edthet\u0151; b\u00e1ny\u00e1szati, \u00e9get\u00e9si, t\u00e9t- \u00e9s sz\u00fcneteltet\u00e9si funkci\u00f3kat val\u00f3s\u00edt meg; az Anchor keretrendszerre \u00e9p\u00fcl.<\/td><\/tr><tr><td><strong>P\u00e9nzt\u00e1rca technol\u00f3gia<\/strong><\/td><td>A t\u00f6bbsz\u00f6r\u00f6s al\u00e1\u00edr\u00e1si mechanizmussal ell\u00e1tott, nem let\u00e9tbe helyezhet\u0151 t\u00e1rc\u00e1k biztos\u00edtj\u00e1k a mag\u00e1nkulcsok feletti ellen\u0151rz\u00e9st; a hardveres Security modulok v\u00e9dik a magvas kifejez\u00e9seket \u00e9s megakad\u00e1lyozz\u00e1k az illet\u00e9ktelen hozz\u00e1f\u00e9r\u00e9st.<\/td><\/tr><tr><td><strong>\u00c9p\u00edt\u00e9szet<\/strong><\/td><td>A t\u00f6bb felh\u0151b\u0151l \u00e1ll\u00f3 k\u00f6rnyezetben a mikroszolg\u00e1ltat\u00e1si architekt\u00fara biztos\u00edtja a sk\u00e1l\u00e1zhat\u00f3s\u00e1got \u00e9s a megb\u00edzhat\u00f3s\u00e1got; az API-\u00e1tj\u00e1r\u00f3k lehet\u0151v\u00e9 teszik harmadik f\u00e9l szolg\u00e1ltat\u00f3k sz\u00e1m\u00e1ra az egyes modulokhoz val\u00f3 hozz\u00e1f\u00e9r\u00e9st.<\/td><\/tr><tr><td><strong>T\u00e9t<\/strong><\/td><td>A felhaszn\u00e1l\u00f3k jutalmak\u00e9rt cser\u00e9be z\u00e1rolhatj\u00e1k a tokeneket; a jutalom m\u00e9rt\u00e9k\u00e9t \u00e9s id\u0151tartam\u00e1t az intelligens szerz\u0151d\u00e9sben hat\u00e1rozz\u00e1k meg, \u00e9s a nyilv\u00e1nos \u00e9rt\u00e9kes\u00edt\u00e9s befejez\u00e9se ut\u00e1n nem v\u00e1ltoztathat\u00f3k meg.<\/td><\/tr><\/tbody><\/table><h6>4 - T\u00e9tmodellek<\/h6><p>A t\u00e9trendszer a token-gazdas\u00e1g k\u00f6zponti eleme. A tulajdonosok meghat\u00e1rozott id\u0151re let\u00e9tbe helyezhetik a tokenjeiket okosszerz\u0151d\u00e9sekben, \u00e9s cser\u00e9be kamatot kapnak egy kincst\u00e1ri alapb\u00f3l. Van egy minim\u00e1lis z\u00e1rol\u00e1si id\u0151szak, amely alatt a let\u00e9tbe helyezett tokeneket nem lehet mozgatni; ez jutalmazza a hossz\u00fa t\u00e1v\u00fa bizalmat \u00e9s cs\u00f6kkenti a forgalomban l\u00e9v\u0151 mennyis\u00e9get.<\/p><p>A jutalmaz\u00e1si ar\u00e1ny szintje a kezdeti szakaszban m\u00f3dos\u00edthat\u00f3, de a bevezet\u0151 szakasz ut\u00e1n v\u00e9gleges\u00edtik a tervez\u00e9si biztons\u00e1g megteremt\u00e9se \u00e9rdek\u00e9ben. A jutalmak kisz\u00e1m\u00edt\u00e1sa folyamatosan t\u00f6rt\u00e9nik, \u00e9s vagy a felbont\u00e1ssal egy\u00fctt kifizethet\u0151k, vagy id\u0151szakonk\u00e9nt leh\u00edvhat\u00f3k egy ig\u00e9nyl\u00e9si funkci\u00f3 seg\u00edts\u00e9g\u00e9vel. Sz\u00fcks\u00e9g eset\u00e9n a rendszergazda tov\u00e1bbi tokeneket fizethet be a kincst\u00e1ri poolba a kamatl\u00e1b stabiliz\u00e1l\u00e1sa \u00e9rdek\u00e9ben. Ez a modell egyes\u00edti a kisz\u00e1m\u00edthat\u00f3 hozamokat a rugalmass\u00e1ggal, \u00e9s el\u0151seg\u00edti a h\u00e1l\u00f3zat stabilit\u00e1s\u00e1t.<\/p><h6>5 - Korm\u00e1nyz\u00e1s<\/h6><p>SCANDIC COIN kombin\u00e1lt\u00a0<strong>L\u00e1ncon bel\u00fcli t\u00e1rsmeghat\u00e1roz\u00e1s<\/strong>\u00a0a hagyom\u00e1nyos v\u00e1llalatir\u00e1ny\u00edt\u00e1ssal. Egy DAO-szer\u0171 platformot terveznek, amelyen a nagyobb token-tulajdonosok szavazhatnak olyan fontos d\u00f6nt\u00e9sekr\u0151l, mint a funkci\u00f3k priorit\u00e1sainak meghat\u00e1roz\u00e1sa, a kincst\u00e1ri forr\u00e1sok eloszt\u00e1sa vagy a tan\u00e1csad\u00f3 test\u00fclet megv\u00e1laszt\u00e1sa. A szavazati jog s\u00falyozhat\u00f3 lenne a r\u00e9szv\u00e9nyek vagy a birtokl\u00e1si id\u0151szak szerint, a technikai param\u00e9terek pedig csak akkor m\u00f3dos\u00edthat\u00f3k, ha a token hasznoss\u00e1gi jellege \u00e9rintetlen marad.<\/p><p>Ezzel p\u00e1rhuzamosan a projektet egy olyan jogi szem\u00e9ly ir\u00e1ny\u00edtja, amely a szab\u00e1lyoz\u00e1si megfelel\u00e9s\u00e9rt, a p\u00e9nz\u00fcgyi besz\u00e1mol\u00e1s\u00e9rt \u00e9s a k\u00f6nyvvizsg\u00e1lat\u00e9rt felel\u0151s. Bels\u0151 ir\u00e1nymutat\u00e1sok szab\u00e1lyozz\u00e1k az \u00f6sszef\u00e9rhetetlens\u00e9get \u00e9s a javadalmaz\u00e1st; az okosszerz\u0151d\u00e9s tulajdonosi st\u00e1tusza \u00e1truh\u00e1zhat\u00f3, hogy lehet\u0151v\u00e9 v\u00e1ljon a vezet\u00e9s struktur\u00e1lt v\u00e1lt\u00e1sa. Ez a k\u00e9tir\u00e1ny\u00fa ir\u00e1ny\u00edt\u00e1s biztos\u00edtja az alkalmazkod\u00f3k\u00e9pess\u00e9get, az \u00e1tl\u00e1that\u00f3s\u00e1got \u00e9s a szab\u00e1lyoz\u00e1si megfelel\u0151s\u00e9get.<\/p><p>Ezen t\u00falmen\u0151en a kibocs\u00e1t\u00f3k virtu\u00e1lis eszk\u00f6zszolg\u00e1ltat\u00f3i enged\u00e9lyt k\u00e9rnek Dubajban, \u00e9s \u00f6nk\u00e9ntesen betartj\u00e1k az EU-MiCA rendelet k\u00f6vetelm\u00e9nyeit. Szigor\u00fa KYC\/AML-ellen\u0151rz\u00e9sek, a GDPR szerinti adatv\u00e9delem, a d\u00f6nt\u00e9sekre vonatkoz\u00f3 kett\u0151s ellen\u0151rz\u00e9si elv, valamint egy bels\u0151 megfelel\u00e9si bizotts\u00e1g \u00e9s egy etikai tan\u00e1cs tov\u00e1bbi biztons\u00e1got \u00e9s a jogszab\u00e1lyi megfelel\u00e9st biztos\u00edt.<a id=\"6\"><\/a><\/p><h6>6 - ESG \u00e9s fenntarthat\u00f3s\u00e1g<\/h6><p>A projekt szerves r\u00e9sz\u00e9t k\u00e9pezi a fenntarthat\u00f3s\u00e1g, a t\u00e1rsadalmi felel\u0151ss\u00e9gv\u00e1llal\u00e1s \u00e9s a j\u00f3 korm\u00e1nyz\u00e1s. Az al\u00e1bbi \u00e1bra \u00f6sszefoglalja a legfontosabb ESG szempontokat:<\/p><table class=\"table table-striped\"><thead><tr><th>Tartom\u00e1ny<\/th><th>Kulcsfontoss\u00e1g\u00fa int\u00e9zked\u00e9sek<\/th><\/tr><\/thead><tbody><tr><td><strong>K\u00f6rnyezetv\u00e9delem (Environmental)<\/strong><\/td><td>Az energiahat\u00e9kony Solana blokkl\u00e1nc haszn\u00e1lata, amelynek energiafogyaszt\u00e1sa tranzakci\u00f3nk\u00e9nt mind\u00f6ssze 0,00051-0,00074 kWh. Karbonhitel-kereskedelem \u00e9s fenntarthat\u00f3 ingatlanprojektek tervez\u00e9se; modern adatk\u00f6zpontok alacsony PUE-\u00e9rt\u00e9kekkel \u00e9s meg\u00fajul\u00f3 energi\u00e1k felhaszn\u00e1l\u00e1s\u00e1val.<\/td><\/tr><tr><td><strong>Szoci\u00e1lis (Social)<\/strong><\/td><td>A magas sz\u00ednvonal\u00fa szolg\u00e1ltat\u00e1sokhoz val\u00f3 hozz\u00e1f\u00e9r\u00e9s jav\u00edt\u00e1sa vil\u00e1gszerte; b\u00f3nuszprogramok jutalmazz\u00e1k a h\u0171s\u00e9ges felhaszn\u00e1l\u00f3kat; j\u00f3t\u00e9konys\u00e1gi kezdem\u00e9nyez\u00e9sek, mint pl.\u00a0<strong>SCANDIC GROUP<\/strong>\u00a0a gyermekek j\u00f3l\u00e9t\u00e9nek \u00e9s az oktat\u00e1snak az el\u0151mozd\u00edt\u00e1sa. Elk\u00f6telezetts\u00e9g a magas szoci\u00e1lis norm\u00e1k \u00e9s a modern rabszolgas\u00e1gr\u00f3l sz\u00f3l\u00f3 t\u00f6rv\u00e9ny betart\u00e1sa ir\u00e1nt.<\/td><\/tr><tr><td><strong>Ir\u00e1ny\u00edt\u00e1s \u00e9s megfelel\u00e9s<\/strong><\/td><td>Az olyan szab\u00e1lyoz\u00e1si k\u00f6vetelm\u00e9nyeknek val\u00f3 megfelel\u00e9s, mint a KYC\/AML auditok \u00e9s az adatv\u00e9delem (GDPR); a mesters\u00e9ges intelligencia alkalmaz\u00e1sokra vonatkoz\u00f3 egy\u00e9rtelm\u0171 ir\u00e1ny\u00edt\u00e1si strukt\u00far\u00e1k, audit\u00e1l\u00e1si \u00e9s etikai ir\u00e1nymutat\u00e1sok biztos\u00edtj\u00e1k az \u00e1tl\u00e1that\u00f3s\u00e1got \u00e9s az elsz\u00e1moltathat\u00f3s\u00e1got. A token hasznoss\u00e1gi jellege elker\u00fcli a biztons\u00e1gk\u00e9nt val\u00f3 kategoriz\u00e1l\u00e1st, \u00e9s cs\u00f6kkenti a szab\u00e1lyoz\u00e1si bizonytalans\u00e1gokat.<\/td><\/tr><\/tbody><\/table><h6>7 - Val\u00f3s gazdas\u00e1gi el\u0151ny\u00f6k \u00e9s piaci potenci\u00e1l<\/h6><p>Az SCANDIC COIN szil\u00e1rdan integr\u00e1l\u00f3dik a val\u00f3s \u00fczleti folyamatokba. Kulcsk\u00e9nt \u00e9s elsz\u00e1mol\u00e1si tokenk\u00e9nt szolg\u00e1l a magas sz\u00ednvonal\u00fa szolg\u00e1ltat\u00e1sokhoz val\u00f3 hozz\u00e1f\u00e9r\u00e9shez - a charterj\u00e1ratokt\u00f3l, a jacht- \u00e9s aut\u00f3b\u00e9rl\u00e9st\u0151l a felh\u0151szolg\u00e1ltat\u00e1sok v\u00e1s\u00e1rl\u00e1s\u00e1ig. A tranzakci\u00f3k azonnali el\u0151ny\u00f6ket teremtenek \u00e9s szerves keresletet gener\u00e1lnak.<\/p><p>A val\u00f3s eszk\u00f6z\u00f6k tokeniz\u00e1l\u00e1sa tov\u00e1bbi perspekt\u00edv\u00e1kat nyit meg: Az ingatlanok, infrastruktur\u00e1lis projektek vagy m\u0171alkot\u00e1sok kereskedhet\u0151 digit\u00e1lis r\u00e9szv\u00e9nyekre bonthat\u00f3k, ami kisebb befektet\u00e9si jegyeket, gyorsabb feldolgoz\u00e1st \u00e9s programozhat\u00f3 \u00e1truh\u00e1z\u00e1si korl\u00e1toz\u00e1sokat tesz lehet\u0151v\u00e9. Az SCND h\u0171s\u00e9g- \u00e9s \u00f6szt\u00f6nz\u0151 valutak\u00e9nt is m\u0171k\u00f6dik: a felhaszn\u00e1l\u00f3k kedvezm\u00e9nyeket vagy kedvezm\u00e9nyes hozz\u00e1f\u00e9r\u00e9st kapnak, ami n\u00f6veli a mindennapi haszn\u00e1latot, \u00e9s min\u0151s\u00e9gi \u00fcgyf\u00e9lk\u00f6rt k\u00f6t a m\u00e1rk\u00e1hoz.<\/p><p>A digit\u00e1lis eszk\u00f6z\u00f6k piaca vil\u00e1gszerte k\u00e9tsz\u00e1mjegy\u0171 \u00fctemben n\u00f6vekszik, \u00e9s k\u00fcl\u00f6n\u00f6sen az Egyes\u00fclt Arab Em\u00edrs\u00e9gekben a lakoss\u00e1g jelent\u0151s r\u00e9sze m\u00e1r rendelkezik kriptoeszk\u00f6z\u00f6kkel. Ezzel egyidej\u0171leg a szab\u00e1lyoz\u00e1s egyre er\u0151s\u00f6dik, \u00e9s jogbiztons\u00e1got ny\u00fajt. Az SCND egyszerre t\u00f6bb n\u00f6veked\u00e9si szegmenset is megcsapol - a tokeniz\u00e1lt ingatlanokt\u00f3l a digit\u00e1lis eg\u00e9szs\u00e9g\u00fcgyi adatokig \u00e9s a CO\u2082 tan\u00fas\u00edtv\u00e1nyokig -, \u00e9s diverzifik\u00e1lt bev\u00e9teli forr\u00e1sokat k\u00edn\u00e1l a befektet\u0151knek: Tranzakci\u00f3s d\u00edjakat, el\u0151fizet\u00e9seket, adat\u00e9rt\u00e9kes\u00edt\u00e9st, t\u0151zsdei jegyz\u00e9si d\u00edjakat \u00e9s token\u00e9rt\u00e9kes\u00edt\u00e9st.<\/p><p>A h\u00e1l\u00f3zati hat\u00e1sok minden egyes \u00faj felhaszn\u00e1l\u00f3val n\u00f6velik a token el\u0151nyeit. Az egy\u00e9rtelm\u0171 szab\u00e1lyoz\u00e1si keret (VARA enged\u00e9ly \u00e9s MiCA megfelel\u00e9s) cs\u00f6kkenti a jogi bizonytalans\u00e1gok kock\u00e1zat\u00e1t. T\u00f6bb mint 100 \u00f6sszekapcsolt m\u00e9diacsatorna biztos\u00edtja a glob\u00e1lis el\u00e9r\u00e9st. A p\u00e9nz\u00fcgyi el\u0151rejelz\u00e9sek szerint 2026 negyedik negyed\u00e9v\u00e9re 100 milli\u00f3 eur\u00f3s bev\u00e9tel \u00e9s 60 eur\u00f3s % EBIT-r\u00e1ta \u00e9rhet\u0151 el, a nyilv\u00e1nos \u00e9rt\u00e9kes\u00edt\u00e9st k\u00f6vet\u0151 m\u00e1sodik \u00e9vben pedig v\u00e1rhat\u00f3an nullszald\u00f3s lesz. A lehets\u00e9ges kil\u00e9p\u00e9si strat\u00e9gi\u00e1k k\u00f6z\u00f6tt szerepel a t\u0151zsdei bevezet\u00e9s, a strat\u00e9giai \u00e9rt\u00e9kes\u00edt\u00e9s vagy a jelk\u00e9pes visszav\u00e1s\u00e1rl\u00e1s.<\/p><h6>8 - T\u00e9nyszer\u0171 k\u00f6vetkeztet\u00e9s az SCANDIC COIN-ra vonatkoz\u00f3an<\/h6><p><strong>Az SCANDIC COIN m\u00f6g\u00f6tt \u00e1ll\u00f3 v\u00e1llalatok t\u00f6bb mint h\u00e1rom \u00e9vtizedes igazolhat\u00f3 tapasztalattal \u00e9s sikerrel rendelkeznek a piacon.<\/strong><\/p><p>Az SCANDIC COIN egy olyan integr\u00e1lt \u00f6kosziszt\u00e9m\u00e1t k\u00e9pvisel, amely messze t\u00falmutat egy elszigetelt tokenen. A szolg\u00e1ltat\u00e1sok sz\u00e9les sk\u00e1l\u00e1j\u00e1nak, a szigor\u00fa szab\u00e1lyoz\u00e1si \u00e9s etikai el\u0151\u00edr\u00e1soknak, valamint a tokenomika vil\u00e1gos strukt\u00far\u00e1j\u00e1nak kombin\u00e1ci\u00f3ja szil\u00e1rd alapot teremt a fenntarthat\u00f3 n\u00f6veked\u00e9shez. Az energiahat\u00e9kony technol\u00f3gia, a felel\u0151s korm\u00e1nyz\u00e1s \u00e9s az egy\u00e9rtelm\u0171 re\u00e1lgazdas\u00e1gi el\u0151ny\u00f6k k\u00fcl\u00f6n\u00f6sen vonz\u00f3v\u00e1 teszik az SCND-et az int\u00e9zm\u00e9nyi befektet\u0151k sz\u00e1m\u00e1ra.<\/p><p>A kripto befektet\u0151k lehet\u0151s\u00e9get kapnak arra, hogy r\u00e9szt vegyenek a val\u00f3s eszk\u00f6z\u00f6k \u00e9s a digit\u00e1lis technol\u00f3gia k\u00f6z\u00f6tti kapcsol\u00f3d\u00e1si ponton. A projekt \u00f6tv\u00f6zi a bizalmat, az innov\u00e1ci\u00f3t \u00e9s a fenntarthat\u00f3s\u00e1got, \u00edgy hossz\u00fa t\u00e1v\u00fa, re\u00e1lis befektet\u00e9st k\u00edn\u00e1l.<\/p>\t\t\t\t\t\t\t\t<\/div>\n\t\t\t\t\t<\/div>\n\t\t\t\t<\/div>\n\t\t\t\t<\/div>","protected":false},"excerpt":{"rendered":"<p>SCANDIC COIN Einleitung und strategische Vision Das SCANDIC \u00d6kosystem Tokenomics und Technologie Staking\u2011Modelle Governance ESG &amp; Nachhaltigkeit Realwirtschaftlicher Nutzen und Marktpotenzial Sachliches Fazit zum SCANDIC COIN 1 \u2013 Einleitung und strategische Vision Die Unternehmen, die hinter dem SCANDIC COIN stehen, agieren seit \u00fcber 30 Jahren erfolgreich am Markt. Der\u00a0SCANDIC COIN (SCND)\u00a0ist ein vollst\u00e4ndig regulierter Utility-Token [&hellip;]<\/p>\n","protected":false},"author":1,"featured_media":0,"parent":0,"menu_order":0,"comment_status":"closed","ping_status":"closed","template":"","meta":{"footnotes":""},"class_list":["post-777","page","type-page","status-publish","hentry"],"_links":{"self":[{"href":"https:\/\/legiergroup.info\/hu\/wp-json\/wp\/v2\/pages\/777","targetHints":{"allow":["GET"]}}],"collection":[{"href":"https:\/\/legiergroup.info\/hu\/wp-json\/wp\/v2\/pages"}],"about":[{"href":"https:\/\/legiergroup.info\/hu\/wp-json\/wp\/v2\/types\/page"}],"author":[{"embeddable":true,"href":"https:\/\/legiergroup.info\/hu\/wp-json\/wp\/v2\/users\/1"}],"replies":[{"embeddable":true,"href":"https:\/\/legiergroup.info\/hu\/wp-json\/wp\/v2\/comments?post=777"}],"version-history":[{"count":17,"href":"https:\/\/legiergroup.info\/hu\/wp-json\/wp\/v2\/pages\/777\/revisions"}],"predecessor-version":[{"id":1815,"href":"https:\/\/legiergroup.info\/hu\/wp-json\/wp\/v2\/pages\/777\/revisions\/1815"}],"wp:attachment":[{"href":"https:\/\/legiergroup.info\/hu\/wp-json\/wp\/v2\/media?parent=777"}],"curies":[{"name":"wp","href":"https:\/\/api.w.org\/{rel}","templated":true}]}}