{"id":734,"date":"2025-09-17T01:13:41","date_gmt":"2025-09-17T01:13:41","guid":{"rendered":"https:\/\/legiergroup.info\/?page_id=734"},"modified":"2025-10-23T12:02:08","modified_gmt":"2025-10-23T12:02:08","slug":"deklarasi-perlindungan-data","status":"publish","type":"page","link":"https:\/\/legiergroup.info\/id\/datenschutzerklaerung\/","title":{"rendered":"Kebijakan privasi"},"content":{"rendered":"<div data-elementor-type=\"wp-page\" data-elementor-id=\"734\" class=\"elementor elementor-734\" data-elementor-post-type=\"page\">\n\t\t\t\t<div class=\"elementor-element elementor-element-a0d63c9 e-flex e-con-boxed e-con e-parent\" data-id=\"a0d63c9\" data-element_type=\"container\" data-e-type=\"container\">\n\t\t\t\t\t<div class=\"e-con-inner\">\n\t\t\t\t<div class=\"elementor-element elementor-element-ec36cb1 elementor-widget elementor-widget-text-editor\" data-id=\"ec36cb1\" data-element_type=\"widget\" data-e-type=\"widget\" data-widget_type=\"text-editor.default\">\n\t\t\t\t\t\t\t\t\t<h1>Kebijakan privasi LEGIER Beteiligungs mbH (LEGIER MEDIENGRUPPE)<\/h1>\n<h4>Status: 01 Juni 2025<\/h4>\nTerima kasih atas minat Anda pada layanan yang ditawarkan oleh LEGIER MEDIENGRUPPE. Perlindungan data pribadi Anda penting bagi kami. Dengan pernyataan perlindungan data ini, kami memberi tahu Anda tentang jenis, ruang lingkup, dan tujuan data pribadi yang kami proses dan tentang hak-hak Anda sebagai subjek data.\n<h2>1. Orang yang bertanggung jawab<\/h2>\nYang bertanggung jawab atas pemrosesan data dalam arti Art. 4 No. 7 GDPR \/ Peraturan Perlindungan Data Umum Republik Federal Jerman adalah\n\n<b>LEGIER Beteiligungs mbH (KELOMPOK MEDIA LEGIER)<\/b>\n\nKurfurstendamm 14\nD-10719 Berlin\nBundesrepublik Deutschland\nTelefon: +49 (0) 30 99211 &#8211; 3 469\nE-Mail:\u00a0<a href=\"mailto:Datenschutz@LegierGroup.com\" target=\"_blank\" rel=\"noopener noreferrer\">Datenschutz@LegierGroup.com<\/a>\n\nHandelsregister: Berlin-Charlottenburg HRB 57837\nUSt. ID: DE 413445833\n\nBei Fragen zum Datenschutz k\u00f6nnen Sie sich jederzeit an unseren Datenschutzbeauftragten wenden:\n\n<b>Petugas Perlindungan Data dari LEGIER MEDIENGRUPPE<\/b>\nKurfurstendamm 14\nD-10719 Berlin\nBundesrepublik Deutschland\nE-Mail:\u00a0<a href=\"mailto:Datenschutz@LegierGroup.com\" target=\"_blank\" rel=\"noopener noreferrer\">Datenschutz@LegierGroup.com<\/a>\n\n<b>Otoritas pengawasan:<\/b>\nF\u00fcr journalistisch-redaktionelle Inhalte zust\u00e4ndige Aufsichtsbeh\u00f6rde:\nLandesmedienanstalt Berlin-Brandenburg (mabb)\nKleine Pr\u00e4sidentenstra\u00dfe 1\n10178 Berlin (Bundesrepublik Deutschland)\n<div class=\"mt-2 mb-2\"><img decoding=\"async\" src=\"https:\/\/legiergroup.info\/wp-content\/uploads\/2025\/10\/datenschutzhinweis_1.jpg\" width=\"100%\" \/><\/div>\n<b>Dasar hukum:<\/b>\n<ul>\n \t<li><b>Undang-Undang Layanan Digital (DDG) Republik Federal Jerman:<\/b>\u00a0Peraturan untuk penyedia telemedia (sebelumnya Telemedia Act, TMG), khususnya kewajiban pelabelan penyedia, peraturan tanggung jawab, dan persyaratan transparansi.<\/li>\n \t<li><b>Perjanjian Penyiaran Antar Negara Bagian (RStV) Republik Federal Jerman:<\/b>\u00a0Mengatur persyaratan untuk penyiaran dan telemedia di Jerman, khususnya yang berkaitan dengan tanggung jawab atas konten.<\/li>\n \t<li><b>Mediendienstestaatsvertrag (MDStV) dari Republik Federal Jerman:<\/b>\u00a0Peraturan pendahulu untuk bagian-bagian dari Perjanjian Penyiaran Antar Negara, digantikan oleh DDG dan Perjanjian Penyiaran Antar Negara.<\/li>\n<\/ul>\n<h2>2. Jenis data yang dikumpulkan<\/h2>\nKami mengumpulkan dan memproses data pribadi berikut ini:\n<ul>\n \t<li><b>Data master:<\/b>\u00a0Nama, alamat, alamat email, nomor telepon<\/li>\n \t<li><b>Data pembayaran:<\/b>\u00a0Detail bank, detail kartu kredit (untuk layanan langganan atau layanan berbasis biaya)<\/li>\n \t<li><b>Data penggunaan:<\/b>\u00a0Alamat IP, informasi perangkat, data browser, halaman yang dikunjungi, lama kunjungan<\/li>\n \t<li><b>Data konten:<\/b>\u00a0Komentar, peringkat, foto atau video yang diunggah<\/li>\n \t<li><b>Data komunikasi:<\/b>\u00a0Korespondensi email, pertanyaan melalui formulir kontak<\/li>\n<\/ul>\n<h2>3. tujuan pengumpulan data<\/h2>\nKami mengumpulkan dan memproses data Anda untuk tujuan berikut:\n<ul>\n \t<li>Penyediaan dan peningkatan penawaran dan layanan jurnalistik kami<\/li>\n \t<li>Pemrosesan langganan dan pembayaran<\/li>\n \t<li>Personalisasi konten dan iklan<\/li>\n \t<li>Mengirim buletin dan rekomendasi editorial<\/li>\n \t<li>Realisasi kompetisi dan survei pembaca<\/li>\n \t<li>Memastikan fungsionalitas teknis dan keamanan layanan kami<\/li>\n \t<li>Pemenuhan kewajiban hukum<\/li>\n<\/ul>\n<h2>4. Dasar hukum pemrosesan data<\/h2>\nData Anda diproses berdasarkan dasar hukum berikut ini:\n<ul>\n \t<li><b>Persetujuan (Pasal 6 ayat 1 lit. a GDPR \/ Peraturan Perlindungan Data Umum Republik Federal Jerman):<\/b>\u00a0z. misalnya untuk pengiriman buletin atau penggunaan cookie<\/li>\n \t<li><b>Pemenuhan kontrak (Pasal 6 ayat 1 huruf b GDPR):<\/b>\u00a0z. misalnya untuk pemrosesan langganan<\/li>\n \t<li><b>Kepentingan yang sah (Pasal 6 ayat 1 huruf f GDPR):<\/b>\u00a0z. misalnya untuk meningkatkan layanan kami atau untuk memastikan keamanan TI<\/li>\n \t<li><b>Kewajiban hukum (Pasal 6 ayat 1 huruf c GDPR):<\/b>\u00a0z. misalnya untuk penyimpanan data faktur<\/li>\n<\/ul>\n<h2>5. Transfer dan transmisi data<\/h2>\nKami hanya memberikan data Anda kepada pihak ketiga jika hal ini diperlukan untuk penyediaan layanan kami atau jika kami diwajibkan secara hukum untuk melakukannya. Penerima dapat mencakup:\n<ul>\n \t<li>Penyedia layanan untuk hosting, pemrosesan pembayaran, dan pengiriman<\/li>\n \t<li>Mitra periklanan dan penyedia analisis (dengan persetujuan Anda)<\/li>\n \t<li>Pihak berwenang dan pengadilan (jika ada kewajiban hukum)<\/li>\n<\/ul>\nSebagai perusahaan media yang aktif secara global dengan surat kabar di semua benua, kami juga mentransfer data ke negara-negara di luar UE. Dalam kasus seperti itu, kami memastikan bahwa tingkat perlindungan data yang memadai sesuai dengan Art. 44 et seq. GDPR dijamin, misalnya melalui klausul kontrak standar atau keputusan kecukupan oleh Komisi Uni Eropa.\n<h2>6. keamanan data<\/h2>\nKami mengambil langkah-langkah teknis dan organisasi untuk melindungi data Anda dari akses yang tidak sah, kehilangan, atau penyalahgunaan. Tindakan ini mencakup enkripsi, firewall, dan pemeriksaan keamanan rutin.\n<h2>7 Hak Anda sebagai subjek data<\/h2>\nAnda memiliki hak-hak berikut ini terkait data pribadi Anda:\n<ul>\n \t<li><b>Informasi<\/b>\u00a0(Pasal 15 GDPR)<\/li>\n \t<li><b>Koreksi<\/b>\u00a0(Pasal 16 GDPR)<\/li>\n \t<li><b>Pembatalan<\/b>\u00a0(Pasal 17 GDPR)<\/li>\n \t<li><b>Pembatasan pemrosesan<\/b>\u00a0(Pasal 18 GDPR)<\/li>\n \t<li><b>Portabilitas data<\/b>\u00a0(Pasal 20 GDPR)<\/li>\n \t<li><b>Kontradiksi<\/b>\u00a0(Pasal 21 GDPR)<\/li>\n<\/ul>\nUntuk menggunakan hak Anda, Anda dapat menghubungi\u00a0<a href=\"mailto:Datenschutz@LegierGroup.com\" target=\"_blank\" rel=\"noopener noreferrer\">Datenschutz@LegierGroup.com<\/a>\u00a0hubungi kami. Harap diperhatikan bahwa kami mungkin memerlukan bukti identitas untuk tujuan identifikasi.\n<h2>8. cookie dan teknologi pelacakan<\/h2>\nSitus web kami menggunakan cookie dan teknologi serupa untuk memfasilitasi dan meningkatkan pengalaman pengguna. Anda dapat menyesuaikan pengaturan cookie Anda kapan saja. Anda dapat menemukan informasi lebih lanjut dalam kebijakan cookie kami.\n<h2>9. perubahan pada kebijakan privasi<\/h2>\nKami berhak untuk mengubah kebijakan privasi ini jika diperlukan. Perubahan akan dipublikasikan di situs web kami dan mulai berlaku setelah dipublikasikan. Kami akan memberi tahu Anda tentang perubahan signifikan apa pun melalui email.\n<h2>10. kontak<\/h2>\nJika Anda memiliki pertanyaan tentang kebijakan privasi, silakan hubungi:\n<b>LEGIER Beteiligungs mbH (KELOMPOK MEDIA LEGIER)<\/b>\nDatenschutzbeauftragter\nKurfurstendamm 14\nD-10719 Berlin\nBundesrepublik Deutschland\nE-Mail:\u00a0<a href=\"mailto:Datenschutz@LegierGroup.com\" target=\"_blank\" rel=\"noopener noreferrer\">Datenschutz@LegierGroup.com<\/a>\n<div class=\"mt-2 mb-2\"><\/div>\t\t\t\t\t\t\t\t<\/div>\n\t\t\t\t\t<\/div>\n\t\t\t\t<\/div>\n\t\t\t\t<\/div>","protected":false},"excerpt":{"rendered":"<p>Datenschutzerkl\u00e4rung der LEGIER Beteiligungs mbH (LEGIER MEDIENGRUPPE) Stand: 01. Juni 2025 Wir freuen uns \u00fcber Ihr Interesse an den Angeboten der LEGIER MEDIENGRUPPE. Der Schutz Ihrer personenbezogenen Daten ist uns ein wichtiges Anliegen. Mit dieser Datenschutzerkl\u00e4rung informieren wir Sie \u00fcber Art, Umfang und Zweck der von uns verarbeiteten personenbezogenen Daten sowie \u00fcber Ihre Rechte als [&hellip;]<\/p>\n","protected":false},"author":1,"featured_media":0,"parent":0,"menu_order":0,"comment_status":"closed","ping_status":"closed","template":"","meta":{"footnotes":""},"class_list":["post-734","page","type-page","status-publish","hentry"],"_links":{"self":[{"href":"https:\/\/legiergroup.info\/id\/wp-json\/wp\/v2\/pages\/734","targetHints":{"allow":["GET"]}}],"collection":[{"href":"https:\/\/legiergroup.info\/id\/wp-json\/wp\/v2\/pages"}],"about":[{"href":"https:\/\/legiergroup.info\/id\/wp-json\/wp\/v2\/types\/page"}],"author":[{"embeddable":true,"href":"https:\/\/legiergroup.info\/id\/wp-json\/wp\/v2\/users\/1"}],"replies":[{"embeddable":true,"href":"https:\/\/legiergroup.info\/id\/wp-json\/wp\/v2\/comments?post=734"}],"version-history":[{"count":11,"href":"https:\/\/legiergroup.info\/id\/wp-json\/wp\/v2\/pages\/734\/revisions"}],"predecessor-version":[{"id":1944,"href":"https:\/\/legiergroup.info\/id\/wp-json\/wp\/v2\/pages\/734\/revisions\/1944"}],"wp:attachment":[{"href":"https:\/\/legiergroup.info\/id\/wp-json\/wp\/v2\/media?parent=734"}],"curies":[{"name":"wp","href":"https:\/\/api.w.org\/{rel}","templated":true}]}}