{"id":759,"date":"2025-09-17T01:26:16","date_gmt":"2025-09-17T01:26:16","guid":{"rendered":"https:\/\/legiergroup.info\/?page_id=759"},"modified":"2025-10-21T13:39:07","modified_gmt":"2025-10-21T13:39:07","slug":"notkunarskilmalar","status":"publish","type":"page","link":"https:\/\/legiergroup.info\/is\/nutzungsbedingungen\/","title":{"rendered":"Notkunarskilm\u00e1lar"},"content":{"rendered":"<div data-elementor-type=\"wp-page\" data-elementor-id=\"759\" class=\"elementor elementor-759\" data-elementor-post-type=\"page\">\n\t\t\t\t<div class=\"elementor-element elementor-element-2e966b4 e-flex e-con-boxed e-con e-parent\" data-id=\"2e966b4\" data-element_type=\"container\" data-e-type=\"container\">\n\t\t\t\t\t<div class=\"e-con-inner\">\n\t\t\t\t<div class=\"elementor-element elementor-element-b8ccc88 elementor-widget elementor-widget-text-editor\" data-id=\"b8ccc88\" data-element_type=\"widget\" data-e-type=\"widget\" data-widget_type=\"text-editor.default\">\n\t\t\t\t\t\t\t\t\t<h2>Almennir skilm\u00e1lar (notkunarskilm\u00e1lar) LEGIER Beteiligungs mbH (LEGIER MEDIA GROUP)<\/h2><p><b>LEGIER Beteiligungs mbH<\/b><\/p><p>Kurfurstendamm 14 DE 10719 Berl\u00edn<br \/>Sambandsl\u00fd\u00f0veldi\u00f0 \u00de\u00fdskaland<br \/>S\u00edmi: +49 (0) 30 99211 \u2013 3 469<br \/>Fyrirt\u00e6kjaskr\u00e1: Berlin-Charlottenburg (Sambandsl\u00fd\u00f0veldi\u00f0 \u00de\u00fdskaland) HRB 57837<br \/>VSK-n\u00famer: DE 413445833<br \/><b>Stj\u00f3rnun:<\/b>\u00a0Tetiana Starosud<br \/><b>\u00c1byrg\u00f0 \u00e1 efninu:<\/b>\u00a0Serhii Yahubov<\/p><h2>1. Gildissvi\u00f0<\/h2><p>1.1 \u00deessir almennu skilm\u00e1lar gilda um alla samninga sem ger\u00f0ir eru milli LEGIER Beteiligungs mbH (h\u00e9r eftir nefnd \u201eLEGIER MEDIA GROUP\u201c) og vi\u00f0skiptavina \u00feess (h\u00e9r eftir nefnd \u201eNotendur\u201c) var\u00f0andi notkun \u00e1 stafr\u00e6nu og prentu\u00f0u efni fr\u00e1 115 dagbl\u00f6\u00f0um LEGIER MEDIA GROUP um allan heim. \u00deetta felur einkum \u00ed s\u00e9r \u00e1skriftir, einst\u00f6k kaup \u00e1 dagbl\u00f6\u00f0um og a\u00f0gang a\u00f0 stafr\u00e6nu efni og \u00fej\u00f3nustu.<\/p><p>1.2 LEGIER MEDIENGRUPPE b\u00fd\u00f0ur upp \u00e1 v\u00f6rur s\u00ednar og \u00fej\u00f3nustu eing\u00f6ngu \u00e1 grundvelli \u00feessara skilm\u00e1la. Fr\u00e1vik fr\u00e1 skilm\u00e1lum notandans eru ekki vi\u00f0urkennd nema LEGIER MEDIENGRUPPE sam\u00feykki gildi \u00feeirra skriflega.<\/p><h2>2. Samningsger\u00f0<\/h2><p>2.1 Samningur um \u00e1skrift a\u00f0 dagbla\u00f0i e\u00f0a a\u00f0gang a\u00f0 stafr\u00e6nu efni er ger\u00f0ur vi\u00f0 p\u00f6ntun notanda og sam\u00feykki hennar af LEGIER MEDIA GROUP. H\u00e6gt er a\u00f0 leggja inn pantanir \u00e1 netinu, \u00ed s\u00edma, me\u00f0 t\u00f6lvup\u00f3sti e\u00f0a skriflega.<\/p><p>2.2 Fyrir pantanir \u00e1 netinu sendir notandinn inn bindandi tilbo\u00f0 me\u00f0 \u00fev\u00ed a\u00f0 smella \u00e1 hnappinn \u201ePanta me\u00f0 grei\u00f0slu\u201c. LEGIER MEDIENGRUPPE getur sam\u00feykkt \u00feetta tilbo\u00f0 me\u00f0 \u00fev\u00ed a\u00f0 senda p\u00f6ntunarsta\u00f0festingu me\u00f0 t\u00f6lvup\u00f3sti e\u00f0a me\u00f0 \u00fev\u00ed a\u00f0 afhenda bla\u00f0i\u00f0 e\u00f0a virkja stafr\u00e6nan a\u00f0gang.<\/p><p>2.3 S\u00e9rst\u00f6k skilyr\u00f0i gilda um \u00e1skriftir, sem fram koma \u00ed vi\u00f0komandi tilbo\u00f0i e\u00f0a p\u00f6ntunarsta\u00f0festingu.<\/p><h2>3. Ver\u00f0 og grei\u00f0sluskilm\u00e1lar<\/h2><p>3.1 Ver\u00f0 \u00e1 v\u00f6rum og \u00fej\u00f3nustu LEGIER MEDIENGRUPPE er a\u00f0 finna \u00ed vi\u00f0komandi tilbo\u00f0um. \u00d6ll ver\u00f0 eru \u00ed evrum og innihalda vir\u00f0isaukaskatt nema anna\u00f0 s\u00e9 teki\u00f0 fram.<\/p><p>3.2 Fyrir \u00e1skriftir grei\u00f0ist \u00e1skriftargjald fyrirfram fyrir vi\u00f0komandi reikningst\u00edmabil (t.d. m\u00e1na\u00f0arlega, \u00e1rsfj\u00f3r\u00f0ungslega, \u00e1rlega). Grei\u00f0a skal me\u00f0 beingrei\u00f0slu, kreditkorti e\u00f0a reikningi, nema anna\u00f0 s\u00e9 sami\u00f0 um.<\/p><p>3.3 Fyrir einst\u00f6k kaup \u00e1 dagbl\u00f6\u00f0um e\u00f0a stafr\u00e6nu efni er kaupver\u00f0i\u00f0 gjaldfalli\u00f0 tafarlaust.<\/p><p>3.4 LEGIER MEDIENGRUPPE \u00e1skilur s\u00e9r r\u00e9tt til a\u00f0 breyta ver\u00f0i fyrir \u00e1skriftir me\u00f0 a\u00f0 minnsta kosti eins m\u00e1na\u00f0ar fyrirvara. Ef ver\u00f0h\u00e6kkun \u00e1 s\u00e9r sta\u00f0 hefur notandinn r\u00e9tt til a\u00f0 segja upp \u00e1skriftinni \u00feegar ver\u00f0h\u00e6kkunin tekur gildi.<\/p><p>3.5 LEGIER MEDIENGRUPPE gerir samninga um greidda \u00fej\u00f3nustu eing\u00f6ngu vi\u00f0 notendur sem eru l\u00f6gr\u00e1\u00f0a og a\u00f0 \u00f6\u00f0ru leyti fullf\u00e6rir um a\u00f0 eiga \u00ed l\u00f6glegum vi\u00f0skiptum.<\/p><p>3.6 Kynning einstakra greiddra tilbo\u00f0a \u00e1 p\u00f6ntunars\u00ed\u00f0unum telst ekki vera lagalega bindandi tilbo\u00f0, heldur \u00f3bindandi netverslun. Fyrir hugsanlega samninga um greidd tilbo\u00f0 sendir notandinn inn bindandi tilbo\u00f0 um a\u00f0 lj\u00faka samningnum \u00ed lok p\u00f6ntunarferlisins me\u00f0 \u00fev\u00ed a\u00f0 smella \u00e1 hnappinn \u201eKaupa n\u00fana\u201c e\u00f0a, fyrir a\u00f0gang a\u00f0 greiddu efni, sem er ekki gjaldskyldur \u00ed sj\u00e1lfu s\u00e9r, me\u00f0 \u00fev\u00ed a\u00f0 smella \u00e1 hnappinn sem \u00fear er gefinn (t.d. \u201eInnleysa\u201c e\u00f0a \u201eHalda \u00e1fram\u201c fyrir gjafabr\u00e9f). \u00d6ll s\u00ed\u00f0ari sta\u00f0festing \u00e1 m\u00f3tt\u00f6ku sem LEGIER MEDIENGRUPPE sendir telst ekki vera sam\u00feykki tilbo\u00f0sins. LEGIER MEDIENGRUPPE getur sam\u00feykkt tilbo\u00f0 notandans innan 5 daga fr\u00e1 m\u00f3tt\u00f6ku p\u00f6ntunarinnar me\u00f0 sk\u00fdrri yfirl\u00fdsingu. Samningurinn er ger\u00f0ur vi\u00f0 m\u00f3tt\u00f6ku yfirl\u00fdsingar um sam\u00feykki (p\u00f6ntunarsta\u00f0festing), en \u00ed s\u00ed\u00f0asta lagi vi\u00f0 afhendingu greidda efnisins. Sending p\u00f6ntu\u00f0u v\u00f6runnar og sta\u00f0festing \u00e1 sendingu til notandans jafngildir sk\u00fdrri yfirl\u00fdsingu um sam\u00feykki fr\u00e1 BILD; \u00deetta \u00e1 ekki vi\u00f0 ef notandinn hefur vali\u00f0 fyrirframgrei\u00f0slu sem grei\u00f0slum\u00e1ta, ef h\u00fan er \u00ed bo\u00f0i. LEGIER MEDIENGRUPPE er ekki skyldugt til a\u00f0 sam\u00feykkja tilbo\u00f0 notandans.<\/p><p>3.8 Fyrir greidda stafr\u00e6na \u00fej\u00f3nustu geta veri\u00f0 \u00ed bo\u00f0i mismunandi \u00e1skriftarpakka sem samanstanda af mismunandi \u00edhlutum e\u00f0a einingum. Tilgreindir eru pakkarnir sem eru \u00ed bo\u00f0i \u00ed vi\u00f0komandi tilbo\u00f0sl\u00fdsingu.<\/p><p>3.9 Notkun greiddra stafr\u00e6nna \u00fej\u00f3nustu \u00e1 vefs\u00ed\u00f0um LEGIER MEDIENGRUPPE og \u00fej\u00f3nustu me\u00f0 afsl\u00e6tti af augl\u00fdsingum kann a\u00f0 vera takm\u00f6rku\u00f0 vi\u00f0 h\u00e1marksfj\u00f6lda t\u00e6kja. Takmarkanirnar ver\u00f0a kynntar notandanum \u00ed vi\u00f0komandi \u00fej\u00f3nustu. Svok\u00f6llu\u00f0 \u201epass\u201c (\u00feetta eru ritstj\u00f3rnarleg tilbo\u00f0 um s\u00e9rh\u00e6f\u00f0 efni, svo sem Schlankpass e\u00f0a a\u00f0gangur a\u00f0 s\u00e9rst\u00f6kum vi\u00f0bur\u00f0um, svo sem Fame Fight Pass) geta veri\u00f0 takm\u00f6rku\u00f0 vi\u00f0 \u00e1kve\u00f0i\u00f0 t\u00edmabil. LEGIER MEDIENGRUPPE \u00e1skilur s\u00e9r r\u00e9tt til a\u00f0 breyta \u00fej\u00f3nustunni sem \u00ed bo\u00f0i er samkv\u00e6mt skilyr\u00f0um 327r. gr. \u00fe\u00fdsku borgaralagab\u00f3karinnar (BGB).<\/p><div class=\"mt-2 mb-2\"><img decoding=\"async\" src=\"https:\/\/legiergroup.com\/web\/uber_uns\/people.png\" width=\"100%\" \/><\/div><h2>4. Skilm\u00e1lar afhendingar og \u00fej\u00f3nustu<\/h2><p>4.1 Afhending \u00e1 v\u00f6rum sem hugsanlega eru endurseljanlegar ver\u00f0ur send \u00e1 afhendingarsta\u00f0inn sem notandinn gefur upp. Hins vegar ber LEGIER MEDIENGRUPPE enga \u00e1byrg\u00f0 \u00e1 t\u00f6fum \u00e1 afhendingu vegna \u00f3vi\u00f0r\u00e1\u00f0anlegra atvika e\u00f0a annarra \u00f3fyrirsj\u00e1anlegra atvika.<\/p><p>4.2 Stafr\u00e6nt efni og \u00fej\u00f3nusta ver\u00f0a a\u00f0gengileg notanda eftir a\u00f0 samningur er ger\u00f0ur. A\u00f0gangur er \u00ed gegnum notandareikning sem notandinn ver\u00f0ur a\u00f0 stofna hj\u00e1 LEGIER MEDIENGRUPPE.<\/p><p>4.3 LEGIER MEDIENGRUPPE hefur r\u00e9tt til a\u00f0 st\u00f6\u00f0va t\u00edmabundi\u00f0 veitingu efnis og \u00fej\u00f3nustu ef \u00fea\u00f0 er nau\u00f0synlegt af t\u00e6knilegum \u00e1st\u00e6\u00f0um e\u00f0a til a\u00f0 framkv\u00e6ma vi\u00f0haldsvinnu.<\/p><h2>5. R\u00e9ttur til a\u00f0 h\u00e6tta vi\u00f0 kaup<\/h2><p>5.1 Neytendur eiga r\u00e9tt \u00e1 a\u00f0 falla fr\u00e1 samningi innan 14 daga \u00e1n \u00feess a\u00f0 tilgreina \u00e1st\u00e6\u00f0u. Frestur til a\u00f0 falla fr\u00e1 samningi hefst fr\u00e1 \u00feeim degi sem samningur er ger\u00f0ur.<\/p><p>5.2 Til a\u00f0 n\u00fdta r\u00e9tt sinn til a\u00f0 falla fr\u00e1 samningi ver\u00f0ur notandinn a\u00f0 tilkynna LEGIER MEDIENGRUPPE um \u00e1kv\u00f6r\u00f0un s\u00edna um a\u00f0 falla fr\u00e1 samningnum me\u00f0 \u00f3tv\u00edr\u00e6\u00f0ri yfirl\u00fdsingu (t.d. me\u00f0 p\u00f3sti, faxi e\u00f0a t\u00f6lvup\u00f3sti).<\/p><p>5.3 Ef afturk\u00f6llun \u00e1 s\u00e9r sta\u00f0 skal LEGIER MEDIENGRUPPE endurgrei\u00f0a allar grei\u00f0slur sem berast fr\u00e1 notandanum tafarlaust og eigi s\u00ed\u00f0ar en innan 14 daga fr\u00e1 \u00feeim degi sem tilkynning um afturk\u00f6llun barst.<\/p><p>5.4 R\u00e9ttur til a\u00f0 falla fr\u00e1 samningi rennur \u00fat fyrir stafr\u00e6nt efni ef notandinn hefur s\u00e9rstaklega sam\u00feykkt a\u00f0 LEGIER MEDIENGRUPPE megi hefja undirritun samningsins \u00e1\u00f0ur en frestur til a\u00f0 falla fr\u00e1 samningi rennur \u00fat og notandinn hefur sta\u00f0fest vitneskju s\u00edna um a\u00f0 me\u00f0 \u00fev\u00ed a\u00f0 veita sam\u00feykki sitt muni hann missa r\u00e9tt sinn til a\u00f0 falla fr\u00e1 samningi vi\u00f0 upphaf undirritunar samningsins.<\/p><h2>6. \u00c1byrg\u00f0<\/h2><p>6.1 LEGIER MEDIENGRUPPE ber \u00e1byrg\u00f0 \u00e1 tj\u00f3ni sem hl\u00fdst af \u00e1setningi e\u00f0a st\u00f3rfelldu g\u00e1leysi, sem og \u00e1 tj\u00f3ni sem hl\u00fdst af mei\u00f0slum \u00e1 l\u00edfi, l\u00edkama e\u00f0a heilsu.<\/p><p>6.2 Vegna tj\u00f3ns sem hl\u00fdst af minnih\u00e1ttar g\u00e1leysi ber LEGIER MEDIENGRUPPE a\u00f0eins \u00e1byrg\u00f0 ef veruleg samningsskylda hefur veri\u00f0 brotin. \u00cd \u00fev\u00ed tilviki er \u00e1byrg\u00f0 takm\u00f6rku\u00f0 vi\u00f0 fyrirsj\u00e1anlegt, samningsbundi\u00f0 tj\u00f3n.<\/p><p>6.3 LEGIER MEDIENGRUPPE ber ekki \u00e1byrg\u00f0 \u00e1 tj\u00f3ni sem hl\u00fdst af \u00f3vi\u00f0r\u00e1\u00f0anlegum atvikum e\u00f0a \u00f6\u00f0rum \u00f3fyrirsj\u00e1anlegum atvikum.<\/p><h2>7. Gagnavernd<\/h2><p>7.1 LEGIER MEDIENGRUPPE vinnur \u00far pers\u00f3nuuppl\u00fdsingum notandans \u00ed samr\u00e6mi vi\u00f0 \u00e1kv\u00e6\u00f0i almennu pers\u00f3nuverndarregluger\u00f0arinnar (GDPR) og vi\u00f0komandi landsl\u00f6g um pers\u00f3nuvernd.<\/p><p>7.2 Frekari uppl\u00fdsingar um gagnavernd er a\u00f0 finna \u00ed pers\u00f3nuverndarstefnu LEGIER MEDIENGRUPPE, sem er a\u00f0gengileg \u00e1 vefs\u00ed\u00f0unni.<\/p><h2>8. Loka\u00e1kv\u00e6\u00f0i<\/h2><p>8.1 L\u00f6g Sambandsl\u00fd\u00f0veldisins \u00de\u00fdskalands gilda, a\u00f0 undanskildum samningi Sameinu\u00f0u \u00fej\u00f3\u00f0anna um samninga um al\u00fej\u00f3\u00f0legar kaup \u00e1 v\u00f6rum.<\/p><p>8.2 L\u00f6gsaga allra deilum\u00e1la sem kunna a\u00f0 r\u00edsa af e\u00f0a tengjast \u00feessum samningi er Berl\u00edn, a\u00f0 \u00fev\u00ed tilskildu a\u00f0 notandinn s\u00e9 kaupma\u00f0ur, l\u00f6ga\u00f0ili samkv\u00e6mt opinberum r\u00e9tti e\u00f0a s\u00e9rstakur sj\u00f3\u00f0ur samkv\u00e6mt opinberum r\u00e9tti.<\/p><p>8.3 Ef einst\u00f6k \u00e1kv\u00e6\u00f0i \u00feessara skilm\u00e1la eru e\u00f0a ver\u00f0a \u00f3gild, skal gildi annarra \u00e1kv\u00e6\u00f0a haldast \u00f3breytt.<\/p><h2>9. Eftirm\u00e1li<\/h2><p>LEGIER Beteiligungs mbH (LEGIER Media Group) er fj\u00f6lmi\u00f0lah\u00f3pur sem \u00e1 115 dagbl\u00f6\u00f0 um allan heim. \u00deessir dagbl\u00f6\u00f0 birta fr\u00e9ttir fr\u00e1 \u00f6llum heimshornum \u00e1 m\u00f6rgum tungum\u00e1lum, allan s\u00f3larhringinn, alla daga vikunnar. \u00devert \u00e1 \u00fe\u00e1 svok\u00f6llu\u00f0u visku a\u00f0 fj\u00f6lmi\u00f0lah\u00f3par stefni a\u00f0 stefnu sem au\u00f0veldar \u00feeim stj\u00f3rn \u00e1 al\u00fej\u00f3\u00f0legum m\u00f6rku\u00f0um, hefur LEGIER Media Group skuldbundi\u00f0 sig til fars\u00e6llar sameiningar fj\u00f6lmi\u00f0lageirans og fj\u00f6lbreytni greinarinnar. \u00deetta vinnur gegn hlutdr\u00e6gni fj\u00f6lmi\u00f0la (bleikum sl\u00edmbla\u00f0amennsku).<\/p><p>\u201e\u00dear sem prentu\u00f0 dagbl\u00f6\u00f0 eru fr\u00e9ttir g\u00e6rdagsins,\u201c er s\u00fa sko\u00f0un a\u00f0 sta\u00f0lar um ritstj\u00f3rnarlegt sj\u00e1lfst\u00e6\u00f0i s\u00e9u nau\u00f0synlegir til a\u00f0 var\u00f0veita frj\u00e1lsa og \u00f3h\u00e1\u00f0a prentmi\u00f0la og vernda faglega bla\u00f0amennsku a\u00f0eins a\u00f0 hluta til gild. \u00deessir sta\u00f0lar tengjast eftirliti me\u00f0 framkv\u00e6md og fylgni vi\u00f0 \u00f6ll l\u00f6g og regluger\u00f0ir var\u00f0andi sam\u00fej\u00f6ppunarferli, fj\u00f6lbreytni fj\u00f6lmi\u00f0la, fj\u00f6lbreytni efnis og frelsi bla\u00f0amanna. Markmi\u00f0i\u00f0 er frekar a\u00f0 var\u00f0veita sj\u00e1lfst\u00e6\u00f0i fj\u00f6lmi\u00f0la \u00e1n \u00feess a\u00f0 leyfa stj\u00f3rnm\u00e1laflokkum e\u00f0a vi\u00f0skiptal\u00edfinu a\u00f0 taka yfir sig.<\/p><div id=\"accessibility-panel\" class=\"card shadow bottom-0 end-0 mb-3 mt-3 p-2 z-3\">\u00a0<\/div>\t\t\t\t\t\t\t\t<\/div>\n\t\t\t\t\t<\/div>\n\t\t\t\t<\/div>\n\t\t\t\t<\/div>","protected":false},"excerpt":{"rendered":"<p>Allgemeine Gesch\u00e4ftsbedingungen (Nutzungsbedingungen) der LEGIER Beteiligungs mbH (LEGIER MEDIENGRUPPE) LEGIER Beteiligungs mbH Kurfurstendamm 14 DE 10719 BerlinBundesrepublik DeutschlandTelefon: +49 (0) 30 99211 &#8211; 3 469Handelsregister: Berlin-Charlottenburg (Bundesrepublik Deutschland) HRB 57837USt. ID: DE 413445833Gesch\u00e4ftsf\u00fchrung:\u00a0Tetiana StarosudVerantwortlich f\u00fcr den Inhalt:\u00a0Serhii Yahubov 1. Geltungsbereich 1.1 Diese Allgemeinen Gesch\u00e4ftsbedingungen (AGB) gelten f\u00fcr alle Vertr\u00e4ge, die zwischen der LEGIER Beteiligungs mbH [&hellip;]<\/p>\n","protected":false},"author":1,"featured_media":0,"parent":0,"menu_order":0,"comment_status":"closed","ping_status":"closed","template":"","meta":{"footnotes":""},"class_list":["post-759","page","type-page","status-publish","hentry"],"_links":{"self":[{"href":"https:\/\/legiergroup.info\/is\/wp-json\/wp\/v2\/pages\/759","targetHints":{"allow":["GET"]}}],"collection":[{"href":"https:\/\/legiergroup.info\/is\/wp-json\/wp\/v2\/pages"}],"about":[{"href":"https:\/\/legiergroup.info\/is\/wp-json\/wp\/v2\/types\/page"}],"author":[{"embeddable":true,"href":"https:\/\/legiergroup.info\/is\/wp-json\/wp\/v2\/users\/1"}],"replies":[{"embeddable":true,"href":"https:\/\/legiergroup.info\/is\/wp-json\/wp\/v2\/comments?post=759"}],"version-history":[{"count":8,"href":"https:\/\/legiergroup.info\/is\/wp-json\/wp\/v2\/pages\/759\/revisions"}],"predecessor-version":[{"id":1813,"href":"https:\/\/legiergroup.info\/is\/wp-json\/wp\/v2\/pages\/759\/revisions\/1813"}],"wp:attachment":[{"href":"https:\/\/legiergroup.info\/is\/wp-json\/wp\/v2\/media?parent=759"}],"curies":[{"name":"wp","href":"https:\/\/api.w.org\/{rel}","templated":true}]}}