{"id":1672,"date":"2025-10-06T14:49:25","date_gmt":"2025-10-06T14:49:25","guid":{"rendered":"https:\/\/legiergroup.info\/?page_id=1672"},"modified":"2025-10-23T12:20:25","modified_gmt":"2025-10-23T12:20:25","slug":"scandinavo","status":"publish","type":"page","link":"https:\/\/legiergroup.info\/it\/scandictrust\/","title":{"rendered":"Scandic Trust"},"content":{"rendered":"<div data-elementor-type=\"wp-page\" data-elementor-id=\"1672\" class=\"elementor elementor-1672\" data-elementor-post-type=\"page\">\n\t\t\t\t<div class=\"elementor-element elementor-element-d2afe37 e-flex e-con-boxed e-con e-parent\" data-id=\"d2afe37\" data-element_type=\"container\" data-e-type=\"container\">\n\t\t\t\t\t<div class=\"e-con-inner\">\n\t\t\t\t<div class=\"elementor-element elementor-element-6990817 elementor-widget elementor-widget-text-editor\" data-id=\"6990817\" data-element_type=\"widget\" data-e-type=\"widget\" data-widget_type=\"text-editor.default\">\n\t\t\t\t\t\t\t\t\t<img decoding=\"async\" src=\"https:\/\/legiergroup.info\/wp-content\/uploads\/2025\/10\/scandictrust_by_legier.jpg\" alt=\"SCANDIC TRUST\" width=\"100%\" \/>\n<h1><\/h1>\n<h1>SCANDIC GROUP TRUST TOV: partner per la protezione del patrimonio e l'eredit\u00e0 sostenibile<\/h1>\n<div><\/div>\nBenvenuti a\u00a0<strong>SCANDIC GROUP TRUST TOV<\/strong>, un marchio leader a livello mondiale della rinomata\u00a0<strong>GRUPPO LEGIER<\/strong>\u00a0(Legier Beteiligungs mbH), einem diversifizierten internationalen Mischkonzern mit 30 Jahren Erfolgsgeschichte.\n\nAls Teil eines angesehenen Markenverbunds \u2013 neben\u00a0<strong>SCANDIC PAY<\/strong>,\u00a0<strong>SCANDIC MONETA<\/strong>,\u00a0<strong>SCANDIC FLY<\/strong>,\u00a0<strong>SCANDIC YACHTS<\/strong>\u00a0e\u00a0<strong>SCANDIC TRADE<\/strong>\u00a0- incarnato\u00a0<strong>SCANDIC TRUST<\/strong>\u00a0Fiducia, innovazione ed eccellenza per garantire la ricchezza e creare un'eredit\u00e0 che duri per generazioni. Ispirati dai migliori al mondo\u00a0<strong>SCANDIC TRUST<\/strong>\u00a0Solidit\u00e0 finanziaria a livello internazionale, responsabilit\u00e0 sociale e soluzioni orientate al futuro.\n<h2>La missione dell'SCANDIC TRUST: proteggere il patrimonio e realizzare una visione<\/h2>\nCon\u00a0<strong>SCANDIC TRUST<\/strong>\u00a0\u00e8 molto pi\u00f9 di una semplice gestione patrimoniale: creiamo le basi per i vostri obiettivi, il vostro successo e un futuro sostenibile. Da tre decenni, la\u00a0<strong>GRUPPO LEGIER<\/strong>\u00a0settori commerciali globali come i media (con 115 quotidiani propri), l'immobiliare, la finanza, i servizi di lusso (noleggio di jet privati e yacht) e le innovazioni digitali.\u00a0<strong>SCANDIC TRUST<\/strong>\u00a0continua questa eredit\u00e0, fornendo soluzioni personalizzate per individui, famiglie e aziende esigenti in tutto il mondo. Con una presenza in oltre 46 Paesi\u00a0<strong>SCANDIC TRUST<\/strong>\u00a0das tiefe Verst\u00e4ndnis der internationalen M\u00e4rkte, um Verm\u00f6gen zu sch\u00fctzen und zu vermehren.\n\nUnsere Struktur orientiert sich an den Prinzipien klassisch historischer Trusts, welche durch zentrale Kontrolle und Ressourcenb\u00fcndelung Effizienz und Marktst\u00e4rke schafften. Doch\u00a0<strong>SCANDIC TRUST<\/strong>\u00a0va oltre: integriamo tecnologie all'avanguardia, standard etici (come il Modern Slavery Act) e approcci sostenibili per superare le sfide delle Trust tradizionali - come la monopolizzazione o i rischi legali - massimizzandone i benefici.\n<h2>SCANDIC GROUP TRUST TOV offre: Soluzioni personalizzate con portata globale<\/h2>\nCon un team di esperti che combina la conoscenza locale con una prospettiva globale, vi offriamo:\n<ul>\n \t<li><strong>Strategie patrimoniali personalizzate:<\/strong>\u00a0Sviluppo di fondi fiduciari e pianificazione successoria\u00a0<strong>SCANDIC TRUST<\/strong>\u00a0Soluzioni che riflettono i vostri obiettivi personali e finanziari.<\/li>\n \t<li><strong>Protezione patrimoniale solida:<\/strong>\u00a0Proteggiamo il vostro patrimonio dall'imponderabile con solide strutture legali e finanziarie.<\/li>\n \t<li><strong>Sinergie globali:<\/strong>\u00a0La nostra integrazione nell'ecosistema LEGIER fornisce un accesso continuo a una rete di marchi e servizi innovativi.<\/li>\n<\/ul>\n<span style=\"font-weight: bolder;\">SCANDIC GROUP TRUST TOV<\/span>\u00a0combina le ambizioni finanziarie con uno scopo pi\u00f9 elevato, che sia la sostenibilit\u00e0, l'istruzione o il progresso sociale.\n<h2>L'ecosistema LEGIER: una rete per il successo<\/h2>\n<div><\/div>\n<span style=\"font-weight: bolder;\">SCANDIC GROUP TRUST TOV<\/span>\u00a0\u00e8 il fulcro di un ecosistema unico che collega il vostro stile di vita e i vostri investimenti:\n<ul>\n \t<li><strong>GRUPPO LEGIER:<\/strong>\u00a0115 quotidiani di propriet\u00e0 in tutti i continenti, che riportano 24 ore su 24, sette giorni su sette, notizie di politica, economia, scienza, questioni sociali e familiari e sport.<\/li>\n \t<li><strong>SCANDIC COIN:<\/strong>\u00a0Una criptovaluta che sta rivoluzionando gli investimenti immobiliari.<\/li>\n \t<li><strong>SCANDIC PAY:<\/strong>\u00a0Soluzioni innovative di pagamento digitale per la massima flessibilit\u00e0.<\/li>\n \t<li><strong>SCANDIC FLY E SCANDIC YACHTS:<\/strong>\u00a0Viaggi di lusso con la sicurezza di una gestione professionale del patrimonio.<\/li>\n \t<li><strong>SCANDIC TRADE:<\/strong>\u00a0Una piattaforma digitale per portafogli diversificati.<\/li>\n \t<li><strong>SCANDIC ESTATE:<\/strong>\u00a0Investimenti immobiliari ottimizzati dalla nostra competenza fiduciaria sostenibile.<\/li>\n<\/ul>\n<div><\/div>\n<strong>SCANDIC TRUST<\/strong>\u00a0promuove l'inclusione finanziaria e sostiene anche il benessere dei bambini. A tal fine\u00a0<span style=\"font-weight: bolder;\">SCANDIC GROUP TRUST TOV<\/span>\u00a0risorse proprie per creare valore aggiunto per i clienti e la societ\u00e0.\n<h2>La potenza di un moderno Trust<\/h2>\n<div><\/div>\nCome un classico Trust fardelli\u00a0<span style=\"font-weight: bolder;\">SCANDIC GROUP TRUST TOV<\/span>\u00a0risorse, aumenta l'efficienza e rafforza la posizione di mercato. Ma\u00a0<span style=\"font-weight: bolder;\">SCANDIC GROUP TRUST TOV<\/span>\u00a0va oltre i modelli storici:\n<ul>\n \t<li><strong>Efficienza e innovazione:<\/strong>\u00a0Ottimizziamo i vostri beni grazie al controllo centralizzato e alla tecnologia pi\u00f9 avanzata.<\/li>\n \t<li><strong>Etica e conformit\u00e0:<\/strong>\u00a0Operiamo in modo trasparente e in conformit\u00e0 con la legislazione globale.<\/li>\n \t<li><strong>Sostenibilit\u00e0:<\/strong>\u00a0Con il lavoro di ricerca per il sistema globale\u00a0<span style=\"font-weight: bolder;\">SCANDIC GROUP TRUST TOV<\/span>\u00a0benefici a lungo termine per le persone e l'ambiente.<\/li>\n<\/ul>\n<div><\/div>\nEvitiamo le insidie dei Trust tradizionali, come i rischi di monopolio o la mancanza di innovazione, e offriamo invece una struttura lungimirante che combina sicurezza e crescita.\n<h2>Perch\u00e9 SCANDIC TRUST?<\/h2>\n<ul>\n \t<li><strong>Competenze comprovate:<\/strong>\u00a0Quasi 30 anni di successi del\u00a0<strong>Gruppo LEGIER<\/strong>\u00a0sono alle nostre spalle.<\/li>\n \t<li><strong>Integrit\u00e0:<\/strong>\u00a0Fiducia e trasparenza sono le nostre fondamenta.<\/li>\n \t<li><strong>Orientamento al futuro:<\/strong>\u00a0Stiamo plasmando il mondo finanziario di domani con strumenti innovativi.<\/li>\n \t<li><strong>Attenzione al cliente:<\/strong>\u00a0La vostra visione ci guida: ascoltiamo e superiamo le aspettative.<\/li>\n<\/ul>\n<div><\/div>\n<h2>La vostra eredit\u00e0 in mani sicure<\/h2>\n<span style=\"font-weight: bolder;\">SCANDIC GROUP TRUST TOV<\/span>\u00a0non \u00e8 solo un partner per il futuro, ma si concentra anche sulla sicurezza del patrimonio per le generazioni future con soluzioni sostenibili. Con la forza globale della\u00a0<strong>LEGIER<\/strong>\u00a0e l'impegno per l'eccellenza, diamo forma al vostro futuro finanziario.\n<h2>Mettetevi in contatto con noi<\/h2>\nSiete pronti a fare il passo successivo? Visitate il nostro sito web o rivolgetevi ai nostri esperti per una consulenza personale. A\u00a0<span style=\"font-weight: bolder;\">SCANDIC GROUP TRUST TOV<\/span>\u00a0incontra la saggezza e la vostra visione diventa realt\u00e0.\n\n<span style=\"font-weight: bolder;\">SCANDIC GROUP TRUST TOV<\/span>, una divisione e un marchio di LEGIER Beteiligungs mbH\n\n<b>LEGIER Beteiligungs mbH<\/b>\nMedia-Division\nKurfurstendamm 14\nDE 10719 Berlin\nBundesrepublik Deutschland\n<b>Telefono:<\/b>\u00a0+49 (0) 30 99211 &#8211; 3 469\n\nEmail:\u00a0<a href=\"mailto:Info@LegierGroup.com\" target=\"_blank\" rel=\"noopener noreferrer\">Info@LegierGroup.com<\/a>\n<h3>Autorit\u00e0 di vigilanza:<\/h3>\n<ul>\n \t<li>Bundesanstalt f\u00fcr Finanzdienstleistungsaufsicht (BaFin), Marie-Curie-Str. 24-28, 60439 Francoforte sul Meno (Repubblica federale di Germania),\u00a0<a href=\"https:\/\/www.bafin.de\/\" target=\"_blank\" rel=\"noopener noreferrer\">www.bafin.de<\/a><\/li>\n \t<li>Deutsche Bundesbank - Filiale di Berlino, Leibnitzstra\u00dfe 10, 10625 Berlino (Repubblica Federale di Germania),\u00a0<a href=\"https:\/\/www.bundesbank.de\/\" target=\"_blank\" rel=\"noopener noreferrer\">www.bundesbank.de<\/a><\/li>\n<\/ul>\t\t\t\t\t\t\t\t<\/div>\n\t\t\t\t\t<\/div>\n\t\t\t\t<\/div>\n\t\t\t\t<\/div>","protected":false},"excerpt":{"rendered":"<p>SCANDIC GROUP TRUST TOV: Partner f\u00fcr Verm\u00f6genssicherung und nachhaltiges Verm\u00e4chtnis Willkommen bei\u00a0SCANDIC GROUP TRUST TOV, einer weltweit f\u00fchrenden Marke der renommierten\u00a0LEGIER GRUPPE\u00a0(Legier Beteiligungs mbH), einem diversifizierten internationalen Mischkonzern mit 30 Jahren Erfolgsgeschichte. Als Teil eines angesehenen Markenverbunds \u2013 neben\u00a0SCANDIC PAY,\u00a0SCANDIC COIN,\u00a0SCANDIC FLY,\u00a0SCANDIC YACHTS\u00a0und\u00a0SCANDIC TRADE\u00a0\u2013 verk\u00f6rpert\u00a0SCANDIC TRUST\u00a0Vertrauen, Innovation und exzellente Expertise in der Sicherung von Verm\u00f6gen [&hellip;]<\/p>\n","protected":false},"author":2,"featured_media":0,"parent":0,"menu_order":0,"comment_status":"closed","ping_status":"closed","template":"","meta":{"footnotes":""},"class_list":["post-1672","page","type-page","status-publish","hentry"],"_links":{"self":[{"href":"https:\/\/legiergroup.info\/it\/wp-json\/wp\/v2\/pages\/1672","targetHints":{"allow":["GET"]}}],"collection":[{"href":"https:\/\/legiergroup.info\/it\/wp-json\/wp\/v2\/pages"}],"about":[{"href":"https:\/\/legiergroup.info\/it\/wp-json\/wp\/v2\/types\/page"}],"author":[{"embeddable":true,"href":"https:\/\/legiergroup.info\/it\/wp-json\/wp\/v2\/users\/2"}],"replies":[{"embeddable":true,"href":"https:\/\/legiergroup.info\/it\/wp-json\/wp\/v2\/comments?post=1672"}],"version-history":[{"count":20,"href":"https:\/\/legiergroup.info\/it\/wp-json\/wp\/v2\/pages\/1672\/revisions"}],"predecessor-version":[{"id":1963,"href":"https:\/\/legiergroup.info\/it\/wp-json\/wp\/v2\/pages\/1672\/revisions\/1963"}],"wp:attachment":[{"href":"https:\/\/legiergroup.info\/it\/wp-json\/wp\/v2\/media?parent=1672"}],"curies":[{"name":"wp","href":"https:\/\/api.w.org\/{rel}","templated":true}]}}