{"id":1689,"date":"2025-10-06T15:08:36","date_gmt":"2025-10-06T15:08:36","guid":{"rendered":"https:\/\/legiergroup.info\/?page_id=1689"},"modified":"2025-10-21T13:45:11","modified_gmt":"2025-10-21T13:45:11","slug":"scandicci","status":"publish","type":"page","link":"https:\/\/legiergroup.info\/it\/scandicyachts\/","title":{"rendered":"Scandicyachts"},"content":{"rendered":"<div data-elementor-type=\"wp-page\" data-elementor-id=\"1689\" class=\"elementor elementor-1689\" data-elementor-post-type=\"page\">\n\t\t\t\t<div class=\"elementor-element elementor-element-5ef9301 e-flex e-con-boxed e-con e-parent\" data-id=\"5ef9301\" data-element_type=\"container\" data-e-type=\"container\">\n\t\t\t\t\t<div class=\"e-con-inner\">\n\t\t\t\t<div class=\"elementor-element elementor-element-52fcb60 elementor-widget elementor-widget-text-editor\" data-id=\"52fcb60\" data-element_type=\"widget\" data-e-type=\"widget\" data-widget_type=\"text-editor.default\">\n\t\t\t\t\t\t\t\t\t<h1>Benvenuti su ScandicYachts - la vostra porta d'accesso esclusiva al mondo del lusso in mare<\/h1><div>\u00a0<\/div><p><strong>ScandicYachts<\/strong>, un marchio del\u00a0<strong>LEGIER Beteiligungs mbH<\/strong>, incarna l'essenza dell'eccellenza marittima ed \u00e8 il fulcro di una rete di marchi unica nel suo genere, che comprende anche\u00a0<strong>ScandicPay<\/strong>,\u00a0<strong>ScandicEstate<\/strong>\u00a0e\u00a0<strong>ScandicTrade<\/strong>\u00a0appartengono. Siamo pi\u00f9 di un semplice fornitore di yacht di lusso: siamo i creatori di uno stile di vita in mare senza pari. Con una selezione di yacht selezionati, servizi personalizzati e una rete globale, stiamo ridefinendo gli standard dell'industria nautica. ScandicYachts \u00e8 sinonimo di passione, innovazione e, soprattutto, ricerca della perfezione.<\/p><p>\u00a0<\/p><h2>La nostra filosofia: eccellenza, innovazione e lusso senza confini<\/h2><p>Noi di ScandicYachts combiniamo il romanticismo senza tempo della navigazione con una tecnologia all'avanguardia e un servizio che si spinge oltre i confini dell'immaginabile. La nostra missione non \u00e8 solo quella di realizzare i vostri sogni, ma di coronarli con un'esperienza unica come voi. Combinando tradizione e innovazione visionaria, creiamo un mondo in cui il lusso non conosce confini. La nostra promessa? Non solo soddisfare le vostre aspettative, ma superarle di gran lunga.<\/p><p>\u00a0<\/p><h2>Cosa ci rende unici: l'alleanza del marchio LEGIER<\/h2><p>ScandicYachts si distingue dagli altri grazie alla perfetta integrazione nella rete di marchi LEGIER, un ecosistema esclusivo che porta il vostro stile di vita marittimo a un nuovo livello. I nostri marchi gemelli vi offrono soluzioni personalizzate e perfettamente coordinate:<\/p><p>\u00a0<\/p><h3>ScandicPay: libert\u00e0 finanziaria per i vostri sogni<\/h3><div>\u00a0<\/div><p>Con ScandicPay, acquistare, gestire o aggiornare il vostro yacht non \u00e8 mai stato cos\u00ec facile. Le nostre soluzioni di finanziamento personalizzate e i nostri sistemi di pagamento sicuri sono specificamente pensati per le esigenze dei proprietari di yacht:<\/p><p>\u00a0<\/p><ul><li><strong>Piani di finanziamento flessibili:<\/strong>\u00a0Dalle rate al finanziamento completo: ci adattiamo ai vostri ritmi, perch\u00e9 \u00e8 qui che ScandicYachts beneficia del nostro marchio ScandicPay.<\/li><li><strong>Transazioni globali:<\/strong>\u00a0Sicuro, veloce e discreto, ovunque vi troviate nel mondo.<\/li><li><strong>Collaborazioni esclusive:<\/strong>\u00a0Collaborazione con le principali istituzioni finanziarie per ottenere le migliori condizioni.<\/li><\/ul><div>\u00a0<\/div><div>\u00a0<\/div><h3>ScandicEstate: la vostra casa perfetta per terra e per mare<\/h3><div>\u00a0<\/div><p>ScandicEstate combina la propriet\u00e0 di uno yacht con uno stile di vita lussuoso sulla terraferma. Le nostre offerte immobiliari sono personalizzate in base alle esigenze dei proprietari di yacht:<\/p><ul><li><strong>Residenze vicino al porto:<\/strong>\u00a0Ville e attici esclusivi con ormeggi privati, qui ScandicYachts beneficia del nostro marchio ScandicEstate.<\/li><li><strong>Porti turistici privati:<\/strong>\u00a0Ormeggi sicuri e lussuosi per il vostro yacht.<\/li><li><strong>Sedi globali:<\/strong>\u00a0Dalla Costa Azzurra alle Maldive: troveremo quello che fa per voi.<\/li><\/ul><div>\u00a0<\/div><h3>ScandicTrade: il vostro partner per il mercato degli yacht<\/h3><p>ScandicTrade massimizza il valore del vostro investimento con servizi di trading di prima classe:<\/p><p>\u00a0<\/p><ul><li><strong>Vendita:<\/strong>\u00a0Ottenete il miglior prezzo grazie alla nostra rete globale e alla nostra esperienza.<\/li><li><strong>Scambio:<\/strong>\u00a0Aggiornate il vostro yacht con il minimo sforzo e la massima efficienza.<\/li><li><strong>Analisi di mercato:<\/strong>\u00a0Rimanete informati sulle tendenze e sugli sviluppi del mercato degli yacht.<\/li><\/ul><div>\u00a0<\/div><p>Questa combinazione unica rende l'ScandicYachts la scelta definitiva per i clienti pi\u00f9 esigenti che non cercano solo uno yacht, ma un'esperienza di lusso completa.<\/p><p>\u00a0<\/p><h2>I nostri servizi: Lusso su misura<\/h2><p>Sappiamo che il vero lusso \u00e8 individuale. I nostri servizi sono pensati per realizzare le vostre visioni con la massima precisione e passione:<\/p><h3>\u00a0<\/h3><h3>Vendite di yacht: lo yacht dei vostri sogni vi aspetta<\/h3><p>Scoprite un mondo di yacht di lusso esclusivi, dai classici senza tempo ai pi\u00f9 recenti superyacht che combinano tecnologia, design e artigianato:<\/p><p>\u00a0<\/p><ul><li><strong>Selezione selezionata a mano:<\/strong>\u00a0Ogni yacht viene accuratamente controllato e selezionato dai nostri esperti.<\/li><li><strong>Consulenza personalizzata:<\/strong>\u00a0Troveremo lo yacht che rispecchia la vostra personalit\u00e0 e il vostro stile di vita.<\/li><li><strong>Tour virtuali e reali:<\/strong>\u00a0Scoprite il vostro futuro yacht con la pi\u00f9 recente tecnologia a 360 gradi o dal vivo.<\/li><li><strong>Elaborazione completa:<\/strong>\u00a0Dal finanziamento ai dettagli legali, fino alla consegna, ci occupiamo di tutto.<\/li><\/ul><div>\u00a0<\/div><div>\u00a0<\/div><h3>Noleggio barche: la libert\u00e0 del mare<\/h3><div>\u00a0<\/div><p>Le nostre offerte di charter vi offrono esperienze indimenticabili, personalizzate in base ai vostri desideri:<\/p><ul><li><strong>Time-out privati:<\/strong>\u00a0Viaggi intimi per voi e i vostri cari con un equipaggio discreto.<\/li><li><strong>Crociere opulente:<\/strong>\u00a0Superyacht con equipaggio di prima classe per avventure di lusso.<\/li><li><strong>Destinazioni in tutto il mondo:<\/strong>\u00a0Dai Caraibi al Mediterraneo - voi decidete la destinazione, noi organizziamo il viaggio - qui ScandicYachts beneficia di 115 quotidiani di propriet\u00e0 del gruppo LEGIER media in tutti i continenti.<\/li><li><strong>Eventi speciali:<\/strong>\u00a0Che si tratti di un matrimonio, di una festa aziendale o di un gala privato, noi lo rendiamo possibile.<\/li><\/ul><div>\u00a0<\/div><div>\u00a0<\/div><h3>Gestione dello yacht: divertimento senza pensieri<\/h3><p>Lasciate a noi i dettagli, in modo che possiate concentrarvi sull'essenziale:<\/p><ul><li><strong>Equipaggio:<\/strong>\u00a0Equipaggi selezionati e altamente qualificati per un'esperienza perfetta a bordo.<\/li><li><strong>Logistica:<\/strong>\u00a0Pianificazione di ormeggi, rifornimento di carburante e altro ancora - coordinata a livello mondiale.<\/li><li><strong>Assicurazione:<\/strong>\u00a0Polizze personalizzate per la massima protezione del vostro investimento.<\/li><\/ul><div>\u00a0<\/div><div>\u00a0<\/div><h3>Finanziamento e assicurazione: sicurezza con ScandicPay<\/h3><p>Grazie alla nostra partnership con ScandicPay, possiamo offrirvi soluzioni esclusive:<\/p><ul><li><strong>Finanziamento:<\/strong>\u00a0Modelli flessibili che si adattano ai vostri obiettivi finanziari.<\/li><li><strong>Pacchetti assicurativi:<\/strong>\u00a0Protezione completa per yacht, equipaggio e passeggeri.<\/li><li><strong>Gestione del rischio:<\/strong>\u00a0Consulenza di esperti per proteggere il vostro investimento.<\/li><\/ul><div>\u00a0<\/div><div>\u00a0<\/div><h2>Il nostro gruppo target: Visionari con gli standard pi\u00f9 elevati<\/h2><p>ScandicYachts si rivolge a una clientela esclusiva: persone che non solo amano il lusso, ma vogliono definirlo. I nostri clienti sono:<\/p><ul><li><strong>Le \u00e9lite globali:<\/strong>\u00a0Personalit\u00e0 facoltose che apprezzano la discrezione e l'esclusivit\u00e0.<\/li><li><strong>Visionari:<\/strong>\u00a0Persone che cercano lo straordinario e non scendono a compromessi.<\/li><li><strong>Conoscitori della vita:<\/strong>\u00a0Clienti che pongono le massime esigenze in termini di design, tecnologia e assistenza.<\/li><\/ul><div>\u00a0<\/div><p>Siamo consapevoli che il vostro tempo \u00e8 prezioso e vi offriamo un servizio tanto efficiente quanto lussuoso, sempre con un contatto personale al vostro fianco.<\/p><h2>\u00a0<\/h2><h2>\u00a0<\/h2><h2>Il nostro sito web: Il vostro portale sul mondo marittimo<\/h2><div>\u00a0<\/div><p>Il nostro sito web \u00e8 la vostra porta d'accesso al mondo di ScandicYachts, un capolavoro di eleganza digitale ispirato ai migliori del settore:<\/p><p>\u00a0<\/p><ul><li><strong>Design di lusso:<\/strong>\u00a0Un'estetica che riflette l'esclusivit\u00e0 dei nostri yacht.<\/li><li><strong>Navigazione intuitiva:<\/strong>\u00a0Accesso facile a tutte le informazioni necessarie.<\/li><li><strong>Potente funzione di ricerca:<\/strong>\u00a0Filtrare gli yacht per dimensione, prezzo, equipaggiamento o posizione.<\/li><li><strong>Contenuti coinvolgenti:<\/strong>\u00a0Immagini ad alta risoluzione, tour a 360 gradi e video per un'esperienza ravvicinata.<\/li><li><strong>Il multilinguismo:<\/strong>\u00a0Disponibile in inglese, tedesco, francese, spagnolo, russo e altre lingue, per la nostra clientela globale.<\/li><li><strong>Approfondimenti attuali:<\/strong>\u00a0Le ultime offerte di yacht, le tendenze del mercato e le notizie esclusive, aggiornate regolarmente.<\/li><\/ul><div><br \/><br \/><\/div><h2>Servizio clienti: eccellenza in ogni interazione<\/h2><div>\u00a0<\/div><p>In ScandicYachts, il servizio di prima classe non \u00e8 solo una promessa, \u00e8 il nostro impegno:<\/p><ul><li><strong>Online:<\/strong>\u00a0Risposte rapide tramite chat dal vivo o modulo di contatto - 24 ore su 24.<\/li><li><strong>Per telefono:<\/strong>\u00a0Contatto diretto con i nostri esperti nella vostra lingua.<\/li><li><strong>Personale:<\/strong>\u00a0Visitate i nostri uffici nelle destinazioni pi\u00f9 esclusive del mondo o lasciatevi consigliare in loco, a bordo o nella destinazione desiderata.<\/li><li><strong>Concierge 24\/7:<\/strong>\u00a0Una persona di riferimento dedicata per i vostri desideri ed esigenze spontanee.<\/li><\/ul><div>\u00a0<\/div><div>\u00a0<\/div><h2>ScandicYachts - Dove i sogni diventano realt\u00e0<\/h2><p>ScandicYachts \u00e8 pi\u00f9 di un nome: \u00e8 una filosofia, una promessa, uno stile di vita. Con un ecosistema senza pari, ispirato ai migliori del mondo, realizziamo le vostre visioni marittime con passione e precisione. Che vogliate acquistare uno yacht, noleggiarlo o estendere il vostro stile di vita in mare, siamo il vostro partner in questo viaggio.<\/p><p>\u00a0<\/p><h3>Iniziate il vostro viaggio oggi stesso!<\/h3><p>Contattateci e progettiamo insieme il vostro sogno di lusso estremo in mare:\u00a0<a href=\"mailto:Mail@ScandicYachts.com\" target=\"_blank\" rel=\"noopener noreferrer\">Mail@ScandicYachts.com<\/a><\/p>\t\t\t\t\t\t\t\t<\/div>\n\t\t\t\t\t<\/div>\n\t\t\t\t<\/div>\n\t\t\t\t<\/div>","protected":false},"excerpt":{"rendered":"<p>Willkommen bei ScandicYachts \u2013 Ihrem exklusiven Tor zur Welt des Luxus auf See \u00a0 ScandicYachts, eine Marke der\u00a0LEGIER Beteiligungs mbH, verk\u00f6rpert die Essenz maritimer Exzellenz und ist das Herzst\u00fcck eines einzigartigen Markenverbunds, zu dem auch\u00a0ScandicPay,\u00a0ScandicEstate\u00a0und\u00a0ScandicTrade\u00a0geh\u00f6ren. Wir sind mehr als nur ein Anbieter von Luxusyachten \u2013 wir sind Sch\u00f6pfer eines unvergleichlichen Lebensstils auf See. Mit einer [&hellip;]<\/p>\n","protected":false},"author":2,"featured_media":0,"parent":0,"menu_order":0,"comment_status":"closed","ping_status":"closed","template":"","meta":{"footnotes":""},"class_list":["post-1689","page","type-page","status-publish","hentry"],"_links":{"self":[{"href":"https:\/\/legiergroup.info\/it\/wp-json\/wp\/v2\/pages\/1689","targetHints":{"allow":["GET"]}}],"collection":[{"href":"https:\/\/legiergroup.info\/it\/wp-json\/wp\/v2\/pages"}],"about":[{"href":"https:\/\/legiergroup.info\/it\/wp-json\/wp\/v2\/types\/page"}],"author":[{"embeddable":true,"href":"https:\/\/legiergroup.info\/it\/wp-json\/wp\/v2\/users\/2"}],"replies":[{"embeddable":true,"href":"https:\/\/legiergroup.info\/it\/wp-json\/wp\/v2\/comments?post=1689"}],"version-history":[{"count":17,"href":"https:\/\/legiergroup.info\/it\/wp-json\/wp\/v2\/pages\/1689\/revisions"}],"predecessor-version":[{"id":1822,"href":"https:\/\/legiergroup.info\/it\/wp-json\/wp\/v2\/pages\/1689\/revisions\/1822"}],"wp:attachment":[{"href":"https:\/\/legiergroup.info\/it\/wp-json\/wp\/v2\/media?parent=1689"}],"curies":[{"name":"wp","href":"https:\/\/api.w.org\/{rel}","templated":true}]}}