{"id":700,"date":"2025-09-17T01:00:06","date_gmt":"2025-09-17T01:00:06","guid":{"rendered":"https:\/\/legiergroup.info\/?page_id=700"},"modified":"2025-10-21T13:33:09","modified_gmt":"2025-10-21T13:33:09","slug":"conformita","status":"publish","type":"page","link":"https:\/\/legiergroup.info\/it\/compliance\/","title":{"rendered":"Conformit\u00e0"},"content":{"rendered":"<div data-elementor-type=\"wp-page\" data-elementor-id=\"700\" class=\"elementor elementor-700\" data-elementor-post-type=\"page\">\n\t\t\t\t<div class=\"elementor-element elementor-element-aad6c18 e-flex e-con-boxed e-con e-parent\" data-id=\"aad6c18\" data-element_type=\"container\" data-e-type=\"container\">\n\t\t\t\t\t<div class=\"e-con-inner\">\n\t\t\t\t<div class=\"elementor-element elementor-element-0a4c7f2 elementor-widget elementor-widget-text-editor\" data-id=\"0a4c7f2\" data-element_type=\"widget\" data-e-type=\"widget\" data-widget_type=\"text-editor.default\">\n\t\t\t\t\t\t\t\t\t<h6><span style=\"font-weight: 400;\">Quadro di conformit\u00e0 LEGIER BETEILIGUNGS MBH<\/span><\/h6><h6><span style=\"font-weight: 400;\"><br><\/span><\/h6>\n<h2><span style=\"font-weight: 400;\">1. introduzione<\/span><\/h2><div><span style=\"font-weight: 400;\"><br><\/span><\/div>\n<ul>\n<li style=\"font-weight: 400;\" aria-level=\"1\"><span style=\"font-weight: 400;\">Scopo: Il presente quadro di conformit\u00e0 garantisce che LEGIER BETEILIGUNGS MBH (di seguito \u201eLEGIER\u201c, \u201enoi\u201c o \u201eci\u201c) e i suoi marchi affiliati SCANDIC ESTATE, SCANDIC PAY, SCANDIC GROUP e SCANDIC TRADE (di seguito \u201emarchi SCANDIC\u201c) rispettino i requisiti legali, gli standard etici e le migliori pratiche, in particolare per quanto riguarda i diritti umani e la due diligence ambientale. L'obiettivo \u00e8 evitare, identificare e ridurre al minimo i rischi nelle nostre attivit\u00e0 commerciali e nelle nostre catene di fornitura.<\/span><\/li>\n<li style=\"font-weight: 400;\" aria-level=\"1\"><span style=\"font-weight: 400;\">Base giuridica: il quadro normativo si basa sulle leggi tedesche, in particolare sulla legge tedesca sulla due diligence della catena di fornitura (LkSG), che prevede la due diligence nelle catene di fornitura per proteggere i diritti umani e l'ambiente.<\/span><\/li><li style=\"font-weight: 400;\" aria-level=\"1\"><span style=\"font-weight: 400;\"><br><\/span><\/li>\n<\/ul>\n<h2><span style=\"font-weight: 400;\">2\u00aa area di applicazione<\/span><\/h2><div><span style=\"font-weight: 400;\"><br><\/span><\/div>\n<ul>\n<li style=\"font-weight: 400;\" aria-level=\"1\"><span style=\"font-weight: 400;\">Unit\u00e0 coperte: Si applica a LEGIER BETEILIGUNGS MBH e a tutte le marche SCANDIC.<\/span><\/li>\n<li style=\"font-weight: 400;\" aria-level=\"1\"><span style=\"font-weight: 400;\">Copertura della catena di fornitura: comprende tutti i fornitori diretti e, ove necessario, i fornitori indiretti coinvolti nella produzione e nella fornitura di beni e servizi per i marchi LEGIER e SCANDIC.<\/span><\/li><li style=\"font-weight: 400;\" aria-level=\"1\"><span style=\"font-weight: 400;\"><br><\/span><\/li>\n<\/ul>\n<h2><span style=\"font-weight: 400;\">3. gestione del rischio<\/span><\/h2><div><span style=\"font-weight: 400;\"><br><\/span><\/div>\n<ul>\n<li style=\"font-weight: 400;\" aria-level=\"1\"><span style=\"font-weight: 400;\">processo di valutazione del rischio:<\/span>\n<ul>\n<li style=\"font-weight: 400;\" aria-level=\"2\"><span style=\"font-weight: 400;\">Analisi annuale dei rischi per identificare i potenziali rischi per i diritti umani e l'ambiente nelle nostre attivit\u00e0 e catene di fornitura.<\/span><\/li>\n<li style=\"font-weight: 400;\" aria-level=\"2\"><span style=\"font-weight: 400;\">Valutazione dei rischi in base alla gravit\u00e0, alla probabilit\u00e0 di accadimento e alla nostra influenza sulla loro riduzione.<\/span><\/li>\n<\/ul>\n<\/li>\n<li style=\"font-weight: 400;\" aria-level=\"1\"><span style=\"font-weight: 400;\">Strategie di minimizzazione del rischio:<\/span>\n<ul>\n<li style=\"font-weight: 400;\" aria-level=\"2\"><span style=\"font-weight: 400;\">Sviluppo e attuazione di piani d'azione per i rischi identificati, compresa la cooperazione con i fornitori, le misure correttive e l'interruzione dei rapporti commerciali, se necessario.<\/span><\/li>\n<li style=\"font-weight: 400;\" aria-level=\"2\"><span style=\"font-weight: 400;\">Il Compliance Officer controlla l'attuazione di queste strategie.<\/span><\/li>\n<\/ul>\n<\/li>\n<\/ul>\n<h2><span style=\"font-weight: 400;\"><br><\/span><\/h2><h2><span style=\"font-weight: 400;\">4. dichiarazione dei principi<\/span><\/h2><div><span style=\"font-weight: 400;\"><br><\/span><\/div>\n<ul>\n<li style=\"font-weight: 400;\" aria-level=\"1\"><span style=\"font-weight: 400;\">Impegno: LEGIER si impegna a rispettare i diritti umani e gli standard ambientali in tutte le attivit\u00e0 commerciali, compresa la prevenzione del lavoro forzato, del lavoro minorile, della discriminazione e del degrado ambientale.<\/span><\/li>\n<li style=\"font-weight: 400;\" aria-level=\"1\"><span style=\"font-weight: 400;\">Aspettative dei fornitori: I fornitori devono rispettare gli stessi standard e aderire al nostro Codice di condotta per i fornitori.<\/span><\/li>\n<\/ul>\n<h2><span style=\"font-weight: 400;\"><br><\/span><\/h2><h2><span style=\"font-weight: 400;\">5. processi di due diligence<\/span><\/h2><div><span style=\"font-weight: 400;\"><br><\/span><\/div>\n<ul>\n<li style=\"font-weight: 400;\" aria-level=\"1\"><span style=\"font-weight: 400;\">Valutazione e selezione dei fornitori:<\/span>\n<ul>\n<li style=\"font-weight: 400;\" aria-level=\"2\"><span style=\"font-weight: 400;\">I nuovi fornitori sono sottoposti a un processo di due diligence.<\/span><\/li>\n<li style=\"font-weight: 400;\" aria-level=\"2\"><span style=\"font-weight: 400;\">I fornitori esistenti vengono regolarmente controllati.<\/span><\/li>\n<\/ul>\n<\/li>\n<li style=\"font-weight: 400;\" aria-level=\"1\"><span style=\"font-weight: 400;\">Monitoraggio e audit:<\/span>\n<ul>\n<li style=\"font-weight: 400;\" aria-level=\"2\"><span style=\"font-weight: 400;\">Audit regolari dei fornitori ad alto rischio, interni o da parte di terzi.<\/span><\/li>\n<\/ul>\n<\/li>\n<li style=\"font-weight: 400;\" aria-level=\"1\"><span style=\"font-weight: 400;\">Misure correttive:<\/span>\n<ul>\n<li style=\"font-weight: 400;\" aria-level=\"2\"><span style=\"font-weight: 400;\">In caso di violazioni, i fornitori devono attuare misure correttive entro un certo periodo di tempo, pena la risoluzione del contratto.<\/span><\/li>\n<\/ul>\n<\/li>\n<\/ul>\n<h2><span style=\"font-weight: 400;\"><br><\/span><\/h2><h2><span style=\"font-weight: 400;\">6. meccanismo di reclamo<\/span><\/h2><div><span style=\"font-weight: 400;\"><br><\/span><\/div>\n<ul>\n<li style=\"font-weight: 400;\" aria-level=\"1\"><span style=\"font-weight: 400;\">Canali per la presentazione dei reclami:<\/span>\n<ul>\n<li style=\"font-weight: 400;\" aria-level=\"2\"><span style=\"font-weight: 400;\">Istituzione di un sistema di whistleblower per le segnalazioni anonime da parte di dipendenti, fornitori e stakeholder esterni.<\/span><\/li>\n<li style=\"font-weight: 400;\" aria-level=\"2\"><span style=\"font-weight: 400;\">Canali disponibili:<\/span>\n<ul>\n<li style=\"font-weight: 400;\" aria-level=\"3\"><span style=\"font-weight: 400;\">Portale online: sistema sicuro e multilingue.<\/span><\/li>\n<li style=\"font-weight: 400;\" aria-level=\"3\"><span style=\"font-weight: 400;\">E-mail: <\/span><span style=\"font-weight: 400;\">compliance@LegierGroup.com<\/span><\/li>\n<li style=\"font-weight: 400;\" aria-level=\"3\"><span style=\"font-weight: 400;\">Telefono: +49 (0) 232 57 44 78<\/span><\/li>\n<li style=\"font-weight: 400;\" aria-level=\"3\"><span style=\"font-weight: 400;\">Responsabile esterno della conformit\u00e0: Avvocato Axel Kapust.<\/span><\/li>\n<\/ul>\n<\/li>\n<\/ul>\n<\/li>\n<li style=\"font-weight: 400;\" aria-level=\"1\"><span style=\"font-weight: 400;\">Procedura di elaborazione:<\/span>\n<ul>\n<li style=\"font-weight: 400;\" aria-level=\"2\"><span style=\"font-weight: 400;\">I reclami vengono esaminati in modo riservato dal Compliance Officer e dai dipartimenti competenti.<\/span><\/li>\n<\/ul>\n<\/li>\n<li style=\"font-weight: 400;\" aria-level=\"1\"><span style=\"font-weight: 400;\">Protezione per gli informatori:<\/span>\n<ul>\n<li style=\"font-weight: 400;\" aria-level=\"2\"><span style=\"font-weight: 400;\">Riservatezza e protezione dalle ritorsioni per chi denuncia in buona fede.<\/span><\/li>\n<\/ul>\n<\/li>\n<\/ul>\n<h2><span style=\"font-weight: 400;\"><br><\/span><\/h2><h2><span style=\"font-weight: 400;\">7. segnalazione<\/span><\/h2><div><span style=\"font-weight: 400;\"><br><\/span><\/div>\n<ul>\n<li style=\"font-weight: 400;\" aria-level=\"1\"><span style=\"font-weight: 400;\">Reporting interno:<\/span>\n<ul>\n<li style=\"font-weight: 400;\" aria-level=\"2\"><span style=\"font-weight: 400;\">Il responsabile della conformit\u00e0 riferisce al Consiglio di amministrazione sulle attivit\u00e0 di conformit\u00e0 e sui reclami con cadenza trimestrale.<\/span><\/li>\n<\/ul>\n<\/li>\n<li style=\"font-weight: 400;\" aria-level=\"1\"><span style=\"font-weight: 400;\">Reporting esterno:<\/span>\n<ul>\n<li style=\"font-weight: 400;\" aria-level=\"2\"><span style=\"font-weight: 400;\">Relazione annuale di conformit\u00e0 sui nostri sforzi di due diligence.<\/span><\/li>\n<\/ul>\n<\/li>\n<\/ul>\n<h2><span style=\"font-weight: 400;\"><br><\/span><\/h2><h2><span style=\"font-weight: 400;\">8. formazione e sensibilizzazione<\/span><\/h2><div><span style=\"font-weight: 400;\"><br><\/span><\/div>\n<ul>\n<li style=\"font-weight: 400;\" aria-level=\"1\"><span style=\"font-weight: 400;\">Formazione dei dipendenti:<\/span>\n<ul>\n<li style=\"font-weight: 400;\" aria-level=\"2\"><span style=\"font-weight: 400;\">Formazione annuale obbligatoria per tutti i dipendenti sui diritti umani, gli standard ambientali e il sistema di denuncia.<\/span><\/li>\n<\/ul>\n<\/li>\n<li style=\"font-weight: 400;\" aria-level=\"1\"><span style=\"font-weight: 400;\">Comunicazione:<\/span>\n<ul>\n<li style=\"font-weight: 400;\" aria-level=\"2\"><span style=\"font-weight: 400;\">La struttura viene comunicata tramite portali interni, contratti con i fornitori e siti web pubblici.<\/span><\/li>\n<\/ul>\n<\/li>\n<\/ul>\n<h2><span style=\"font-weight: 400;\"><br><\/span><\/h2><h2><span style=\"font-weight: 400;\">9. monitoraggio e revisione<\/span><\/h2><div><span style=\"font-weight: 400;\"><br><\/span><\/div>\n<ul>\n<li style=\"font-weight: 400;\" aria-level=\"1\"><span style=\"font-weight: 400;\">Controlli regolari:<\/span>\n<ul>\n<li style=\"font-weight: 400;\" aria-level=\"2\"><span style=\"font-weight: 400;\">Revisione annuale del quadro di riferimento per verificarne l'efficacia e i requisiti legali.<\/span><\/li>\n<\/ul>\n<\/li>\n<li style=\"font-weight: 400;\" aria-level=\"1\"><span style=\"font-weight: 400;\">Miglioramento continuo:<\/span>\n<ul>\n<li style=\"font-weight: 400;\" aria-level=\"2\"><span style=\"font-weight: 400;\">Aggiustamenti in base al feedback e ai nuovi rischi.<\/span><\/li>\n<\/ul>\n<\/li>\n<\/ul>\n<h4><span style=\"font-weight: 400;\"><br><\/span><\/h4><h4><span style=\"font-weight: 400;\">Ruoli e responsabilit\u00e0 chiave<\/span><\/h4>\n<ul>\n<li style=\"font-weight: 400;\" aria-level=\"1\"><span style=\"font-weight: 400;\">Direzione (Tetiana Starosud): Responsabilit\u00e0 generale e approvazione del quadro di riferimento.<\/span><\/li>\n<li style=\"font-weight: 400;\" aria-level=\"1\"><span style=\"font-weight: 400;\">Responsabile della conformit\u00e0 (avvocato Axel Kapust): Monitoraggio del quadro normativo, gestione del sistema di whistleblower e reporting alla direzione.<\/span><\/li>\n<li style=\"font-weight: 400;\" aria-level=\"1\"><span style=\"font-weight: 400;\">Capi reparto: assicurano la conformit\u00e0 all'interno dei loro reparti.<\/span><\/li>\n<li style=\"font-weight: 400;\" aria-level=\"1\"><span style=\"font-weight: 400;\">Dipendenti: Rispetto del quadro normativo e segnalazione dei problemi.<\/span><\/li>\n<\/ul>\n<h4><span style=\"font-weight: 400;\"><br><\/span><\/h4><h4><span style=\"font-weight: 400;\">Informazioni di contatto<\/span><\/h4>\n<ul>\n<li style=\"font-weight: 400;\" aria-level=\"2\"><span style=\"font-weight: 400;\">LEGIER BETEILIGUNGS MBH Kurfurstendamm 14, DE 10719 Berlino, Germania<\/span><span style=\"font-weight: 400;\"><br><\/span><span style=\"font-weight: 400;\">Telefono: +49 (0) 30 99211 - 3 469<\/span><span style=\"font-weight: 400;\"><br><\/span><span style=\"font-weight: 400;\">Fax: +49 (0) 30 99211 - 3 225<\/span><span style=\"font-weight: 400;\"><br><\/span><span style=\"font-weight: 400;\">E-mail: <\/span><span style=\"font-weight: 400;\">Info@LegierGroup.com<\/span><\/li>\n<\/ul>\n<ul>\n<li style=\"font-weight: 400;\" aria-level=\"1\"><span style=\"font-weight: 400;\">Responsabile della conformit\u00e0 Avvocato Axel Kapust<\/span><span style=\"font-weight: 400;\"><br><\/span><span style=\"font-weight: 400;\">J\u00e4gerallee 29, 14469 Potsdam, Germania<\/span><span style=\"font-weight: 400;\"><br><\/span><span style=\"font-weight: 400;\">Telefono: +49 (0) 232 57 44 78<\/span><span style=\"font-weight: 400;\"><br><\/span><span style=\"font-weight: 400;\">E-mail: <\/span><span style=\"font-weight: 400;\">compliance@LegierGroup.com<\/span><\/li>\n<\/ul>\n<p><span style=\"font-weight: 400;\"><br><\/span><\/p><p><span style=\"font-weight: 400;\">Questo quadro di conformit\u00e0 garantisce che i marchi LEGIER e SCANDIC agiscano in modo etico e conforme alla legge, con particolare attenzione ai diritti umani e agli standard ambientali.<\/span><\/p>\t\t\t\t\t\t\t\t<\/div>\n\t\t\t\t\t<\/div>\n\t\t\t\t<\/div>\n\t\t\t\t<\/div>","protected":false},"excerpt":{"rendered":"<p>Compliance-Framework LEGIER BETEILIGUNGS MBH 1. Einf\u00fchrung Zweck: Dieses Compliance-Framework stellt sicher, dass LEGIER BETEILIGUNGS MBH (im Folgenden \u201eLEGIER\u201c, \u201ewir\u201c oder \u201euns\u201c) und ihre verbundenen Marken SCANDIC ESTATE, SCANDIC PAY, SCANDIC GROUP und SCANDIC TRADE (im Folgenden \u201eSCANDIC Marken\u201c) die gesetzlichen Anforderungen, ethischen Standards und bew\u00e4hrten Praktiken einhalten, insbesondere in Bezug auf menschenrechtliche und umweltbezogene Sorgfaltspflichten. [&hellip;]<\/p>\n","protected":false},"author":1,"featured_media":0,"parent":0,"menu_order":0,"comment_status":"closed","ping_status":"closed","template":"","meta":{"footnotes":""},"class_list":["post-700","page","type-page","status-publish","hentry"],"_links":{"self":[{"href":"https:\/\/legiergroup.info\/it\/wp-json\/wp\/v2\/pages\/700","targetHints":{"allow":["GET"]}}],"collection":[{"href":"https:\/\/legiergroup.info\/it\/wp-json\/wp\/v2\/pages"}],"about":[{"href":"https:\/\/legiergroup.info\/it\/wp-json\/wp\/v2\/types\/page"}],"author":[{"embeddable":true,"href":"https:\/\/legiergroup.info\/it\/wp-json\/wp\/v2\/users\/1"}],"replies":[{"embeddable":true,"href":"https:\/\/legiergroup.info\/it\/wp-json\/wp\/v2\/comments?post=700"}],"version-history":[{"count":17,"href":"https:\/\/legiergroup.info\/it\/wp-json\/wp\/v2\/pages\/700\/revisions"}],"predecessor-version":[{"id":1800,"href":"https:\/\/legiergroup.info\/it\/wp-json\/wp\/v2\/pages\/700\/revisions\/1800"}],"wp:attachment":[{"href":"https:\/\/legiergroup.info\/it\/wp-json\/wp\/v2\/media?parent=700"}],"curies":[{"name":"wp","href":"https:\/\/api.w.org\/{rel}","templated":true}]}}