{"id":772,"date":"2025-09-17T01:31:20","date_gmt":"2025-09-17T01:31:20","guid":{"rendered":"https:\/\/legiergroup.info\/?page_id=772"},"modified":"2025-10-23T11:55:44","modified_gmt":"2025-10-23T11:55:44","slug":"scandic-auto","status":"publish","type":"page","link":"https:\/\/legiergroup.info\/it\/scandic-cars\/","title":{"rendered":"Scandic Cars"},"content":{"rendered":"<div data-elementor-type=\"wp-page\" data-elementor-id=\"772\" class=\"elementor elementor-772\" data-elementor-post-type=\"page\">\n\t\t\t\t<div class=\"elementor-element elementor-element-0cafc05 e-flex e-con-boxed e-con e-parent\" data-id=\"0cafc05\" data-element_type=\"container\" data-e-type=\"container\">\n\t\t\t\t\t<div class=\"e-con-inner\">\n\t\t\t\t<div class=\"elementor-element elementor-element-f095092 elementor-widget elementor-widget-text-editor\" data-id=\"f095092\" data-element_type=\"widget\" data-e-type=\"widget\" data-widget_type=\"text-editor.default\">\n\t\t\t\t\t\t\t\t\t<img decoding=\"async\" class=\"mt-2 mb-2\" src=\"https:\/\/legiergroup.info\/wp-content\/uploads\/2025\/10\/scandiccars_by_legier.jpg\" width=\"100%\" \/>\n<h1>SCANDIC CARS: la mobilit\u00e0 di lusso ridefinita<\/h1>\nBenvenuti in ScandicCars, un marchio globale leader del rinomato GRUPPO LEGIER. Il GRUPPO LEGIER \u00e8 un conglomerato internazionale diversificato con una storia di successo trentennale e proprietario di 115 quotidiani che pubblicano notizie aggiornate 24 ore su 24 in tutti i continenti del mondo. In qualit\u00e0 di membro dell'esclusiva rete del marchio SCANDIC, offriamo molto di pi\u00f9 del semplice noleggio di veicoli. ScandicCars \u00e8 la vostra chiave per uno stile di vita pieno di\u00a0<strong>Lusso<\/strong>,\u00a0<strong>L'innovazione<\/strong>\u00a0e\u00a0<strong>servizio esclusivo<\/strong>.\n\nOb anspruchsvolle Privatkunden oder Unternehmen mit h\u00f6chsten Anspr\u00fcchen \u2013 wir schaffen ma\u00dfgeschneiderte Mobilit\u00e4tsl\u00f6sungen. Unser Versprechen: unvergleichlicher Komfort, h\u00f6chste Flexibilit\u00e4t und ein unerm\u00fcdliches Streben nach Perfektion. Wir erf\u00fcllen Ihre Erwartungen nicht nur \u2013 wir \u00fcbertreffen sie.\n<h2>La nostra filosofia: guidare la cultura con l'eccellenza<\/h2>\nF\u00fcr uns ist ein Automobil nicht blo\u00df ein Transportmittel, sondern Ausdruck von Stil, Sicherheit und individueller Freiheit. Es geht nicht nur darum, von A nach B zu kommen \u2013 sondern wie Sie dort ankommen.\n\nEntsprechend gestalten wir jedes Detail Ihrer Anmietung nach Ihren W\u00fcnschen. Wir verbinden klassische Werte wie\u00a0<strong>Fiducia<\/strong>\u00a0e\u00a0<strong>Discrezione<\/strong>\u00a0con la tecnologia moderna per creare un'offerta al tempo stesso professionale e lussuosa. Si crea la libert\u00e0 di guidare esattamente ci\u00f2 che si vuole, esattamente quando si vuole, senza l'impegno di possedere un veicolo di lusso. Perch\u00e9 possedere un'auto di prestigio quando ScandicCars mette a disposizione il veicolo dei vostri sogni quando lo desiderate?\n<h2>Il nostro parco veicoli: icone del mondo automobilistico<\/h2>\nLa nostra flotta esclusiva comprende i modelli pi\u00f9 desiderati del mondo automobilistico, ognuno simbolo di ingegneria, prestazioni ed eleganza. Offriamo veicoli per tutti i gusti:\n<ul>\n \t<li>Harman SF50 Stradale: un'auto supersportiva che stabilisce nuovi standard<\/li>\n \t<li>Lamborghini Urus (Edizione Speciale) - prestazioni impressionanti<\/li>\n \t<li>Rolls-Royce Cullinan II SUV - eleganza maestosa<\/li>\n \t<li>Porsche 911 Carrera Cabriolet - puro piacere di guida per gli amanti delle auto sportive scoperte<\/li>\n \t<li>Audi RS e-tron GT e BMW i70\/i50: potenza elettrica all'avanguardia con dinamica da Gran Turismo<\/li>\n \t<li>Audi SQ7 e RSQ8 Performance: sportivit\u00e0 e spazio generoso<\/li>\n \t<li>Mercedes-AMG GT 63 S E Performance - potenza ibrida da V8 bruto<\/li>\n \t<li>Mercedes-AMG SL 63 Cabriolet - eleganza a cielo aperto<\/li>\n \t<li>BMW M8 Competition Gran Coup\u00e9: lusso e sportivit\u00e0 insieme<\/li>\n \t<li>Rolls-Royce Spectre e 2025 Rolls-Royce Phantom Series II Extended - icone del lusso elettrico e classico<\/li>\n<\/ul>\n<h2>L'associazione del marchio SCANDIC<\/h2>\nCome parte della prestigiosa rete LEGIER GROUP, vi offriamo un accesso continuo a un portafoglio unico di marchi e servizi innovativi:\n<ul>\n \t<li><strong>ScandicFly<\/strong>: Jet privati a noleggio esclusivi per le esigenze pi\u00f9 elevate<\/li>\n \t<li><strong>ScandicYachts<\/strong>: Yacht di lusso per esperienze esclusive sull'acqua<\/li>\n \t<li><strong>ScandicEstate<\/strong>Propriet\u00e0 di prima classe in tutto il mondo, dalle ville in Costa Azzurra agli attici a Dubai.<\/li>\n \t<li><strong>ScandicPay<\/strong>Soluzioni di pagamento innovative per transazioni veloci, sicure e globali<\/li>\n \t<li><strong>ScandicTrade<\/strong>: criptovaluta ScandicCoin e piattaforma di investimento digitale per opportunit\u00e0 di investimento a prova di futuro<\/li>\n<\/ul>\n<h2>La vostra esperienza di guida, la nostra guida<\/h2>\nScandicCars ist mehr als eine Luxusautovermietung \u2013 wir verstehen uns als Ihr Partner f\u00fcr exklusive Mobilit\u00e4t. Durch die Integration in ein hochkar\u00e4tiges Markennetzwerk bieten wir Dienstleistungen, die weit \u00fcber das \u00dcbliche hinausgehen.\n\nGanz gleich, ob Sie einen adrenaligeladenen Supercar-Trip planen, VIP-G\u00e4ste stilvoll chauffieren lassen m\u00f6chten oder als Unternehmen einen zuverl\u00e4ssigen Mobilit\u00e4tspartner f\u00fcr Events und Gesch\u00e4ftsreisen suchen \u2013 wir stehen an Ihrer Seite. Jede Anfrage, ob spontan \u00fcber unser mobiles Buchungssystem oder langfristig geplant, wird mit der gleichen Sorgfalt und Professionalit\u00e4t bearbeitet.\n\nErleben Sie mit ScandicCars die Faszination automobiler H\u00f6chstleistungen und unbegrenzten Luxus auf R\u00e4dern, unterst\u00fctzt von einem Netzwerk, das jeden Aspekt Ihres Lebensstils veredelt. Kontaktieren Sie uns noch heute und entdecken Sie, wie ScandicCars Ihr n\u00e4chstes Fahrerlebnis unvergesslich machen wird \u2013 denn\u00a0<strong>Eccellenza<\/strong>\u00a0\u00e8 il nostro\t\t\t\t\t\t\t\t<\/div>\n\t\t\t\t\t<\/div>\n\t\t\t\t<\/div>\n\t\t\t\t<\/div>","protected":false},"excerpt":{"rendered":"<p>SCANDIC CARS: Luxuri\u00f6se Mobilit\u00e4t neu definiert Willkommen bei ScandicCars, einer weltweit f\u00fchrenden Marke der renommierten LEGIER GRUPPE. Die LEGIER GRUPPE ist ein diversifizierter internationaler Mischkonzern mit 30 Jahren Erfolgsgeschichte und Inhaberin von 115 Tageszeitungen, die weltweit auf allen Kontinenten rund um die Uhr aktuelle Nachrichten publizieren. Als Mitglied des exklusiven SCANDIC Markenverbunds bieten wir weit [&hellip;]<\/p>\n","protected":false},"author":1,"featured_media":0,"parent":0,"menu_order":0,"comment_status":"closed","ping_status":"closed","template":"","meta":{"footnotes":""},"class_list":["post-772","page","type-page","status-publish","hentry"],"_links":{"self":[{"href":"https:\/\/legiergroup.info\/it\/wp-json\/wp\/v2\/pages\/772","targetHints":{"allow":["GET"]}}],"collection":[{"href":"https:\/\/legiergroup.info\/it\/wp-json\/wp\/v2\/pages"}],"about":[{"href":"https:\/\/legiergroup.info\/it\/wp-json\/wp\/v2\/types\/page"}],"author":[{"embeddable":true,"href":"https:\/\/legiergroup.info\/it\/wp-json\/wp\/v2\/users\/1"}],"replies":[{"embeddable":true,"href":"https:\/\/legiergroup.info\/it\/wp-json\/wp\/v2\/comments?post=772"}],"version-history":[{"count":11,"href":"https:\/\/legiergroup.info\/it\/wp-json\/wp\/v2\/pages\/772\/revisions"}],"predecessor-version":[{"id":1936,"href":"https:\/\/legiergroup.info\/it\/wp-json\/wp\/v2\/pages\/772\/revisions\/1936"}],"wp:attachment":[{"href":"https:\/\/legiergroup.info\/it\/wp-json\/wp\/v2\/media?parent=772"}],"curies":[{"name":"wp","href":"https:\/\/api.w.org\/{rel}","templated":true}]}}