{"id":734,"date":"2025-09-17T01:13:41","date_gmt":"2025-09-17T01:13:41","guid":{"rendered":"https:\/\/legiergroup.info\/?page_id=734"},"modified":"2025-10-23T12:02:08","modified_gmt":"2025-10-23T12:02:08","slug":"%e3%83%87%e3%83%bc%e3%82%bf%e4%bf%9d%e8%ad%b7%e5%ae%a3%e8%a8%80","status":"publish","type":"page","link":"https:\/\/legiergroup.info\/ja\/datenschutzerklaerung\/","title":{"rendered":"\u30d7\u30e9\u30a4\u30d0\u30b7\u30fc\u30dd\u30ea\u30b7\u30fc"},"content":{"rendered":"<div data-elementor-type=\"wp-page\" data-elementor-id=\"734\" class=\"elementor elementor-734\" data-elementor-post-type=\"page\">\n\t\t\t\t<div class=\"elementor-element elementor-element-a0d63c9 e-flex e-con-boxed e-con e-parent\" data-id=\"a0d63c9\" data-element_type=\"container\" data-e-type=\"container\">\n\t\t\t\t\t<div class=\"e-con-inner\">\n\t\t\t\t<div class=\"elementor-element elementor-element-ec36cb1 elementor-widget elementor-widget-text-editor\" data-id=\"ec36cb1\" data-element_type=\"widget\" data-e-type=\"widget\" data-widget_type=\"text-editor.default\">\n\t\t\t\t\t\t\t\t\t<h1>LEGIER Beteiligungs mbH (LEGIER MEDIENGRUPPE)\u306e\u30d7\u30e9\u30a4\u30d0\u30b7\u30fc\u30dd\u30ea\u30b7\u30fc<\/h1>\n<h4>\u30b9\u30c6\u30fc\u30bf\u30b9\uff1a2025\u5e746\u67081\u65e5<\/h4>\nLEGIER MEDIENGRUPPE\u306e\u30b5\u30fc\u30d3\u30b9\u306b\u3054\u95a2\u5fc3\u3092\u304a\u5bc4\u305b\u3044\u305f\u3060\u304d\u3001\u3042\u308a\u304c\u3068\u3046\u3054\u3056\u3044\u307e\u3059\u3002\u304a\u5ba2\u69d8\u306e\u500b\u4eba\u60c5\u5831\u306e\u4fdd\u8b77\u306f\u3001\u5f53\u793e\u306b\u3068\u3063\u3066\u91cd\u8981\u3067\u3059\u3002\u3053\u306e\u30c7\u30fc\u30bf\u4fdd\u8b77\u5ba3\u8a00\u3067\u306f\u3001\u5f53\u793e\u304c\u51e6\u7406\u3059\u308b\u500b\u4eba\u30c7\u30fc\u30bf\u306e\u7a2e\u985e\u3001\u7bc4\u56f2\u3001\u76ee\u7684\u3001\u304a\u3088\u3073\u30c7\u30fc\u30bf\u4e3b\u4f53\u3068\u3057\u3066\u306e\u304a\u5ba2\u69d8\u306e\u6a29\u5229\u306b\u3064\u3044\u3066\u304a\u77e5\u3089\u305b\u3057\u307e\u3059\u3002.\n<h2>1.\u8cac\u4efb\u8005<\/h2>\n\u30c9\u30a4\u30c4\u9023\u90a6\u5171\u548c\u56fdGDPR\/\u4e00\u822c\u30c7\u30fc\u30bf\u4fdd\u8b77\u898f\u5247\u7b2c4\u6761\u7b2c7\u53f7\u306b\u898f\u5b9a\u3055\u308c\u308b\u30c7\u30fc\u30bf\u51e6\u7406\u306b\u95a2\u3059\u308b\u8cac\u4efb\u8005\u306f\u4ee5\u4e0b\u306e\u901a\u308a\u3067\u3059\u3002\n\n<b>LEGIER Beteiligungs mbH\uff08LEGIER\u30e1\u30c7\u30a3\u30a2\u30b0\u30eb\u30fc\u30d7\uff09<\/b>\n\nKurfurstendamm 14\nD-10719 Berlin\nBundesrepublik Deutschland\nTelefon: +49 (0) 30 99211 &#8211; 3 469\nE-Mail:\u00a0<a href=\"mailto:Datenschutz@LegierGroup.com\" target=\"_blank\" rel=\"noopener noreferrer\">Datenschutz@LegierGroup.com<\/a>\n\nHandelsregister: Berlin-Charlottenburg HRB 57837\nUSt. ID: DE 413445833\n\nBei Fragen zum Datenschutz k\u00f6nnen Sie sich jederzeit an unseren Datenschutzbeauftragten wenden:\n\n<b>LEGIER MEDIENGRUPPE\u30c7\u30fc\u30bf\u4fdd\u8b77\u8cac\u4efb\u8005<\/b>\nKurfurstendamm 14\nD-10719 Berlin\nBundesrepublik Deutschland\nE-Mail:\u00a0<a href=\"mailto:Datenschutz@LegierGroup.com\" target=\"_blank\" rel=\"noopener noreferrer\">Datenschutz@LegierGroup.com<\/a>\n\n<b>\u76e3\u7763\u5b98\u5e81\uff1a<\/b>\nF\u00fcr journalistisch-redaktionelle Inhalte zust\u00e4ndige Aufsichtsbeh\u00f6rde:\nLandesmedienanstalt Berlin-Brandenburg (mabb)\nKleine Pr\u00e4sidentenstra\u00dfe 1\n10178 Berlin (Bundesrepublik Deutschland)\n<div class=\"mt-2 mb-2\"><img decoding=\"async\" src=\"https:\/\/legiergroup.info\/wp-content\/uploads\/2025\/10\/datenschutzhinweis_1.jpg\" width=\"100%\" \/><\/div>\n<b>\u6cd5\u7684\u6839\u62e0<\/b>\n<ul>\n \t<li><b>\u30c9\u30a4\u30c4\u9023\u90a6\u5171\u548c\u56fd\u306e\u30c7\u30b8\u30bf\u30eb\u30b5\u30fc\u30d3\u30b9\u6cd5\uff08DDG\uff09\uff1a<\/b>\u00a0\u30c6\u30ec\u30e1\u30c7\u30a3\u30a2\u306e\u30d7\u30ed\u30d0\u30a4\u30c0\u30fc\u306b\u5bfe\u3059\u308b\u898f\u5236\uff08\u65e7\u30c6\u30ec\u30e1\u30c7\u30a3\u30a2\u6cd5\u3001TMG\uff09\u3001\u7279\u306b\u30d7\u30ed\u30d0\u30a4\u30c0\u30fc\u306e\u8868\u793a\u7fa9\u52d9\u3001\u8cac\u4efb\u898f\u5236\u3001\u900f\u660e\u6027\u8981\u4ef6\u3002.<\/li>\n \t<li><b>\u30c9\u30a4\u30c4\u9023\u90a6\u5171\u548c\u56fd\u306e\u56fd\u5bb6\u9593\u653e\u9001\u6761\u7d04\uff08RStV\uff09\uff1a<\/b>\u00a0\u30c9\u30a4\u30c4\u306b\u304a\u3051\u308b\u653e\u9001\u3068\u30c6\u30ec\u30e1\u30c7\u30a3\u30a2\u306e\u8981\u4ef6\u3001\u7279\u306b\u30b3\u30f3\u30c6\u30f3\u30c4\u306b\u5bfe\u3059\u308b\u8cac\u4efb\u3092\u898f\u5b9a\u3059\u308b\u3002.<\/li>\n \t<li><b>\u30c9\u30a4\u30c4\u9023\u90a6\u5171\u548c\u56fd\u306eMediendienstestaatsvertrag\uff08MDStV\uff09\uff1a<\/b>\u00a0DDG\u3068Interstate Broadcasting Treaty\u306b\u53d6\u3063\u3066\u4ee3\u308f\u3089\u308c\u305fInterstate Broadcasting Treaty\u306e\u4e00\u90e8\u3092\u524d\u8eab\u3068\u3059\u308b\u898f\u5236\u3002.<\/li>\n<\/ul>\n<h2>2. \u53ce\u96c6\u3055\u308c\u308b\u30c7\u30fc\u30bf\u306e\u7a2e\u985e<\/h2>\n\u5f53\u793e\u306f\u3001\u4ee5\u4e0b\u306e\u500b\u4eba\u30c7\u30fc\u30bf\u3092\u53ce\u96c6\u3057\u3001\u51e6\u7406\u3057\u307e\u3059\uff1a\n<ul>\n \t<li><b>\u30de\u30b9\u30bf\u30fc\u30c7\u30fc\u30bf\uff1a<\/b>\u00a0\u6c0f\u540d\u3001\u4f4f\u6240\u3001E\u30e1\u30fc\u30eb\u30a2\u30c9\u30ec\u30b9\u3001\u96fb\u8a71\u756a\u53f7<\/li>\n \t<li><b>\u652f\u6255\u3044\u30c7\u30fc\u30bf\uff1a<\/b>\u00a0\u9280\u884c\u60c5\u5831\u3001\u30af\u30ec\u30b8\u30c3\u30c8\u30ab\u30fc\u30c9\u60c5\u5831\uff08\u5b9a\u671f\u8cfc\u8aad\u3084\u6709\u6599\u30b5\u30fc\u30d3\u30b9\u306e\u5834\u5408\uff09<\/li>\n \t<li><b>\u4f7f\u7528\u30c7\u30fc\u30bf\uff1a<\/b>\u00a0IP\u30a2\u30c9\u30ec\u30b9\u3001\u30c7\u30d0\u30a4\u30b9\u60c5\u5831\u3001\u30d6\u30e9\u30a6\u30b6\u30c7\u30fc\u30bf\u3001\u8a2a\u554f\u30da\u30fc\u30b8\u3001\u8a2a\u554f\u6642\u9593<\/li>\n \t<li><b>\u30b3\u30f3\u30c6\u30f3\u30c4\u30c7\u30fc\u30bf\uff1a<\/b>\u00a0\u30b3\u30e1\u30f3\u30c8\u3001\u8a55\u4fa1\u3001\u30a2\u30c3\u30d7\u30ed\u30fc\u30c9\u3055\u308c\u305f\u5199\u771f\u3084\u30d3\u30c7\u30aa<\/li>\n \t<li><b>\u901a\u4fe1\u30c7\u30fc\u30bf\uff1a<\/b>\u00a0\u96fb\u5b50\u30e1\u30fc\u30eb\u3001\u304a\u554f\u3044\u5408\u308f\u305b\u30d5\u30a9\u30fc\u30e0\u304b\u3089\u306e\u304a\u554f\u3044\u5408\u308f\u305b<\/li>\n<\/ul>\n<h2>3. \u30c7\u30fc\u30bf\u53ce\u96c6\u306e\u76ee\u7684<\/h2>\n\u5f53\u793e\u306f\u3001\u4ee5\u4e0b\u306e\u76ee\u7684\u306e\u305f\u3081\u306b\u304a\u5ba2\u69d8\u306e\u30c7\u30fc\u30bf\u3092\u53ce\u96c6\u3057\u3001\u51e6\u7406\u3057\u307e\u3059\uff1a\n<ul>\n \t<li>\u30b8\u30e3\u30fc\u30ca\u30ea\u30ba\u30e0\u306e\u63d0\u4f9b\u3068\u30b5\u30fc\u30d3\u30b9\u306e\u6539\u5584<\/li>\n \t<li>\u8cfc\u8aad\u3068\u652f\u6255\u3044\u306e\u51e6\u7406<\/li>\n \t<li>\u30b3\u30f3\u30c6\u30f3\u30c4\u3068\u5e83\u544a\u306e\u30d1\u30fc\u30bd\u30ca\u30e9\u30a4\u30bc\u30fc\u30b7\u30e7\u30f3<\/li>\n \t<li>\u30cb\u30e5\u30fc\u30b9\u30ec\u30bf\u30fc\u304a\u3088\u3073\u7de8\u96c6\u90e8\u304b\u3089\u306e\u63a8\u85a6\u6587\u3092\u9001\u4ed8<\/li>\n \t<li>\u30b3\u30f3\u30da\u3084\u8aad\u8005\u30a2\u30f3\u30b1\u30fc\u30c8\u306e\u5b9f\u65bd<\/li>\n \t<li>\u5f53\u793e\u30b5\u30fc\u30d3\u30b9\u306e\u6280\u8853\u7684\u6a5f\u80fd\u3068\u30bb\u30ad\u30e5\u30ea\u30c6\u30a3\u306e\u78ba\u4fdd<\/li>\n \t<li>\u6cd5\u7684\u7fa9\u52d9\u306e\u5c65\u884c<\/li>\n<\/ul>\n<h2>4. \u30c7\u30fc\u30bf\u51e6\u7406\u306e\u6cd5\u7684\u6839\u62e0<\/h2>\n\u304a\u5ba2\u69d8\u306e\u30c7\u30fc\u30bf\u306f\u3001\u4ee5\u4e0b\u306e\u6cd5\u7684\u6839\u62e0\u306b\u57fa\u3065\u3044\u3066\u51e6\u7406\u3055\u308c\u307e\u3059\uff1a\n<ul>\n \t<li><b>\u540c\u610f\uff08GDPR\u7b2c6\u6761\u7b2c1\u9805a\u53f7\uff0f\u30c9\u30a4\u30c4\u9023\u90a6\u5171\u548c\u56fd\u4e00\u822c\u30c7\u30fc\u30bf\u4fdd\u8b77\u898f\u5247\uff09\uff1a<\/b>\u00a0z.\u30cb\u30e5\u30fc\u30b9\u30ec\u30bf\u30fc\u306e\u914d\u4fe1\u3084\u30af\u30c3\u30ad\u30fc\u306e\u4f7f\u7528\u306a\u3069<\/li>\n \t<li><b>\u5951\u7d04\u306e\u5c65\u884c\uff08GDPR\u7b2c6\u6761\u7b2c1\u9805b\uff09\uff1a<\/b>\u00a0z.\u4f8b\uff1a\u5b9a\u671f\u8cfc\u8aad\u306e\u624b\u7d9a\u304d<\/li>\n \t<li><b>\u6b63\u5f53\u306a\u5229\u76ca\uff08GDPR\u7b2c6\u6761\u7b2c1\u9805f\uff09\uff1a<\/b>\u00a0z.\u4f8b\uff1a\u5f53\u793e\u30b5\u30fc\u30d3\u30b9\u306e\u6539\u5584\u3084IT\u30bb\u30ad\u30e5\u30ea\u30c6\u30a3\u306e\u78ba\u4fdd\u306e\u305f\u3081<\/li>\n \t<li><b>\u6cd5\u7684\u7fa9\u52d9\uff08GDPR\u7b2c6\u6761\u7b2c1\u9805c\uff09\uff1a<\/b>\u00a0z.\u4f8b\uff1a\u8acb\u6c42\u66f8\u30c7\u30fc\u30bf\u306e\u4fdd\u7ba1<\/li>\n<\/ul>\n<h2>5. \u30c7\u30fc\u30bf\u8ee2\u9001\u3068\u4f1d\u9001<\/h2>\n\u5f53\u793e\u306f\u3001\u5f53\u793e\u306e\u30b5\u30fc\u30d3\u30b9\u63d0\u4f9b\u306b\u5fc5\u8981\u306a\u5834\u5408\u3001\u307e\u305f\u306f\u6cd5\u7684\u7fa9\u52d9\u3092\u8ca0\u3046\u5834\u5408\u306b\u306e\u307f\u3001\u304a\u5ba2\u69d8\u306e\u30c7\u30fc\u30bf\u3092\u7b2c\u4e09\u8005\u306b\u63d0\u4f9b\u3057\u307e\u3059\u3002\u53d7\u9818\u8005\u306b\u306f\u4ee5\u4e0b\u304c\u542b\u307e\u308c\u307e\u3059\uff1a\n<ul>\n \t<li>\u30db\u30b9\u30c6\u30a3\u30f3\u30b0\u3001\u652f\u6255\u3044\u51e6\u7406\u3001\u767a\u9001\u306e\u30b5\u30fc\u30d3\u30b9\u30d7\u30ed\u30d0\u30a4\u30c0\u30fc<\/li>\n \t<li>\u5e83\u544a\u30d1\u30fc\u30c8\u30ca\u30fc\u304a\u3088\u3073\u5206\u6790\u30d7\u30ed\u30d0\u30a4\u30c0\u30fc\uff08\u304a\u5ba2\u69d8\u306e\u540c\u610f\u304c\u3042\u308b\u5834\u5408\uff09<\/li>\n \t<li>\u5f53\u5c40\u304a\u3088\u3073\u88c1\u5224\u6240\uff08\u6cd5\u7684\u7fa9\u52d9\u304c\u3042\u308b\u5834\u5408\uff09<\/li>\n<\/ul>\n\u4e16\u754c\u5404\u5730\u3067\u65b0\u805e\u3092\u767a\u884c\u3059\u308b\u30b0\u30ed\u30fc\u30d0\u30eb\u306a\u30e1\u30c7\u30a3\u30a2\u4f01\u696d\u3068\u3057\u3066\u3001\u5f53\u793e\u306fEU\u57df\u5916\u306e\u56fd\u306b\u3082\u30c7\u30fc\u30bf\u3092\u8ee2\u9001\u3057\u307e\u3059\u3002\u305d\u306e\u3088\u3046\u306a\u5834\u5408\u3001GDPR\u7b2c44\u6761\u4ee5\u964d\u306b\u5f93\u3063\u305f\u9069\u5207\u306a\u30ec\u30d9\u30eb\u306e\u30c7\u30fc\u30bf\u4fdd\u8b77\u304c\u4fdd\u8a3c\u3055\u308c\u308b\u3088\u3046\u306b\u3057\u307e\u3059\u3002GDPR\u306b\u6e96\u62e0\u3057\u305f\u9069\u5207\u306a\u30ec\u30d9\u30eb\u306e\u30c7\u30fc\u30bf\u4fdd\u8b77\u304c\u4fdd\u8a3c\u3055\u308c\u308b\u3088\u3046\u3001\u6a19\u6e96\u7684\u306a\u5951\u7d04\u6761\u9805\u3084EU\u59d4\u54e1\u4f1a\u306b\u3088\u308b\u59a5\u5f53\u6027\u6c7a\u5b9a\u306a\u3069\u3092\u901a\u3058\u3066\u53d6\u308a\u7d44\u3093\u3067\u3044\u307e\u3059\u3002.\n<h2>6. \u30c7\u30fc\u30bf\u30fb\u30bb\u30ad\u30e5\u30ea\u30c6\u30a3<\/h2>\n\u5f53\u793e\u306f\u3001\u304a\u5ba2\u69d8\u306e\u30c7\u30fc\u30bf\u3092\u4e0d\u6b63\u30a2\u30af\u30bb\u30b9\u3001\u7d1b\u5931\u307e\u305f\u306f\u8aa4\u7528\u304b\u3089\u4fdd\u8b77\u3059\u308b\u305f\u3081\u306b\u3001\u6280\u8853\u7684\u304a\u3088\u3073\u7d44\u7e54\u7684\u306a\u5bfe\u7b56\u3092\u8b1b\u3058\u3066\u3044\u307e\u3059\u3002\u3053\u308c\u306b\u306f\u3001\u6697\u53f7\u5316\u3001\u30d5\u30a1\u30a4\u30a2\u30a6\u30a9\u30fc\u30eb\u3001\u5b9a\u671f\u7684\u306a\u30bb\u30ad\u30e5\u30ea\u30c6\u30a3\u30c1\u30a7\u30c3\u30af\u304c\u542b\u307e\u308c\u307e\u3059\u3002.\n<h2>7 \u30c7\u30fc\u30bf\u4e3b\u4f53\u3068\u3057\u3066\u306e\u6a29\u5229<\/h2>\n\u304a\u5ba2\u69d8\u306f\u3001\u3054\u81ea\u8eab\u306e\u500b\u4eba\u30c7\u30fc\u30bf\u306b\u95a2\u3057\u3066\u4ee5\u4e0b\u306e\u6a29\u5229\u3092\u6709\u3057\u307e\u3059\uff1a\n<ul>\n \t<li><b>\u30a4\u30f3\u30d5\u30a9\u30e1\u30fc\u30b7\u30e7\u30f3<\/b>\u00a0(GDPR\u7b2c15\u6761\uff09<\/li>\n \t<li><b>\u8a02\u6b63<\/b>\u00a0(GDPR\u7b2c16\u6761\uff09<\/li>\n \t<li><b>\u30ad\u30e3\u30f3\u30bb\u30eb<\/b>\u00a0(GDPR\u7b2c17\u6761\uff09<\/li>\n \t<li><b>\u51e6\u7406\u306e\u5236\u9650<\/b>\u00a0(GDPR\u7b2c18\u6761\uff09<\/li>\n \t<li><b>\u30c7\u30fc\u30bf\u306e\u79fb\u690d\u6027<\/b>\u00a0(GDPR\u7b2c20\u6761\uff09<\/li>\n \t<li><b>\u77db\u76fe<\/b>\u00a0(GDPR\u7b2c21\u6761\uff09<\/li>\n<\/ul>\n\u3042\u306a\u305f\u306e\u6a29\u5229\u3092\u884c\u4f7f\u3059\u308b\u306b\u306f\u3001\u6b21\u306e\u9023\u7d61\u5148\u307e\u3067\u3054\u9023\u7d61\u304f\u3060\u3055\u3044\u3002\u00a0<a href=\"mailto:Datenschutz@LegierGroup.com\" target=\"_blank\" rel=\"noopener noreferrer\">Datenschutz@LegierGroup.com<\/a>\u00a0\u3054\u9023\u7d61\u304f\u3060\u3055\u3044\u3002\u3054\u672c\u4eba\u78ba\u8a8d\u306e\u305f\u3081\u3001\u8eab\u5206\u8a3c\u660e\u66f8\u306e\u3054\u63d0\u793a\u3092\u304a\u9858\u3044\u3059\u308b\u5834\u5408\u304c\u3054\u3056\u3044\u307e\u3059\u3002.\n<h2>8. \u30af\u30c3\u30ad\u30fc\u3068\u30c8\u30e9\u30c3\u30ad\u30f3\u30b0\u6280\u8853<\/h2>\n\u5f53\u793e\u306e\u30a6\u30a7\u30d6\u30b5\u30a4\u30c8\u3067\u306f\u3001\u30e6\u30fc\u30b6\u30fc\u30a8\u30af\u30b9\u30da\u30ea\u30a8\u30f3\u30b9\u3092\u4fc3\u9032\u3057\u3001\u5411\u4e0a\u3055\u305b\u308b\u305f\u3081\u306b\u3001\u30af\u30c3\u30ad\u30fc\u3068\u540c\u69d8\u306e\u6280\u8853\u3092\u4f7f\u7528\u3057\u3066\u3044\u307e\u3059\u3002\u30af\u30c3\u30ad\u30fc\u306e\u8a2d\u5b9a\u306f\u3044\u3064\u3067\u3082\u5909\u66f4\u3059\u308b\u3053\u3068\u304c\u3067\u304d\u307e\u3059\u3002\u8a73\u3057\u304f\u306f\u30af\u30c3\u30ad\u30fc\u30dd\u30ea\u30b7\u30fc\u3092\u3054\u89a7\u304f\u3060\u3055\u3044\u3002.\n<h2>9. \u30d7\u30e9\u30a4\u30d0\u30b7\u30fc\u30dd\u30ea\u30b7\u30fc\u306e\u5909\u66f4<\/h2>\n\u5f53\u793e\u306f\u3001\u5fc5\u8981\u306b\u5fdc\u3058\u3066\u672c\u30d7\u30e9\u30a4\u30d0\u30b7\u30fc\u30dd\u30ea\u30b7\u30fc\u3092\u5909\u66f4\u3059\u308b\u6a29\u5229\u3092\u7559\u4fdd\u3057\u307e\u3059\u3002\u5909\u66f4\u306f\u5f53\u793e\u306e\u30a6\u30a7\u30d6\u30b5\u30a4\u30c8\u4e0a\u3067\u516c\u8868\u3055\u308c\u3001\u516c\u8868\u3068\u540c\u6642\u306b\u767a\u52b9\u3057\u307e\u3059\u3002\u91cd\u8981\u306a\u5909\u66f4\u304c\u3042\u308b\u5834\u5408\u306f\u3001E\u30e1\u30fc\u30eb\u306b\u3066\u304a\u77e5\u3089\u305b\u3044\u305f\u3057\u307e\u3059\u3002.\n<h2>10.\u30b3\u30f3\u30bf\u30af\u30c8<\/h2>\n\u30d7\u30e9\u30a4\u30d0\u30b7\u30fc\u30dd\u30ea\u30b7\u30fc\u306b\u95a2\u3059\u308b\u304a\u554f\u3044\u5408\u308f\u305b\u306f\u3001\u3053\u3061\u3089\u307e\u3067\u3054\u9023\u7d61\u304f\u3060\u3055\u3044\uff1a\n<b>LEGIER Beteiligungs mbH\uff08LEGIER\u30e1\u30c7\u30a3\u30a2\u30b0\u30eb\u30fc\u30d7\uff09<\/b>\nDatenschutzbeauftragter\nKurfurstendamm 14\nD-10719 Berlin\nBundesrepublik Deutschland\nE-Mail:\u00a0<a href=\"mailto:Datenschutz@LegierGroup.com\" target=\"_blank\" rel=\"noopener noreferrer\">Datenschutz@LegierGroup.com<\/a>\n<div class=\"mt-2 mb-2\"><\/div>\t\t\t\t\t\t\t\t<\/div>\n\t\t\t\t\t<\/div>\n\t\t\t\t<\/div>\n\t\t\t\t<\/div>","protected":false},"excerpt":{"rendered":"<p>Datenschutzerkl\u00e4rung der LEGIER Beteiligungs mbH (LEGIER MEDIENGRUPPE) Stand: 01. Juni 2025 Wir freuen uns \u00fcber Ihr Interesse an den Angeboten der LEGIER MEDIENGRUPPE. Der Schutz Ihrer personenbezogenen Daten ist uns ein wichtiges Anliegen. Mit dieser Datenschutzerkl\u00e4rung informieren wir Sie \u00fcber Art, Umfang und Zweck der von uns verarbeiteten personenbezogenen Daten sowie \u00fcber Ihre Rechte als betroffene Person. 1. Verantwortlicher Verantwortlich f\u00fcr die Datenverarbeitung im Sinne von Art. 4 Nr. 7 DSGVO \/ Datenschutz-Grundverordnung der Bundesrepublik Deutschland ist: LEGIER Beteiligungs mbH (LEGIER MEDIENGRUPPE) Kurfurstendamm 14 D-10719 Berlin Bundesrepublik Deutschland Telefon: +49 (0) 30 99211 &#8211; 3 469 E-Mail:\u00a0Datenschutz@LegierGroup.com Handelsregister: Berlin-Charlottenburg HRB 57837 USt. ID: DE 413445833 Bei Fragen zum Datenschutz k\u00f6nnen [&hellip;]<\/p>\n","protected":false},"author":1,"featured_media":0,"parent":0,"menu_order":0,"comment_status":"closed","ping_status":"closed","template":"","meta":{"footnotes":""},"class_list":["post-734","page","type-page","status-publish","hentry"],"_links":{"self":[{"href":"https:\/\/legiergroup.info\/ja\/wp-json\/wp\/v2\/pages\/734","targetHints":{"allow":["GET"]}}],"collection":[{"href":"https:\/\/legiergroup.info\/ja\/wp-json\/wp\/v2\/pages"}],"about":[{"href":"https:\/\/legiergroup.info\/ja\/wp-json\/wp\/v2\/types\/page"}],"author":[{"embeddable":true,"href":"https:\/\/legiergroup.info\/ja\/wp-json\/wp\/v2\/users\/1"}],"replies":[{"embeddable":true,"href":"https:\/\/legiergroup.info\/ja\/wp-json\/wp\/v2\/comments?post=734"}],"version-history":[{"count":11,"href":"https:\/\/legiergroup.info\/ja\/wp-json\/wp\/v2\/pages\/734\/revisions"}],"predecessor-version":[{"id":1944,"href":"https:\/\/legiergroup.info\/ja\/wp-json\/wp\/v2\/pages\/734\/revisions\/1944"}],"wp:attachment":[{"href":"https:\/\/legiergroup.info\/ja\/wp-json\/wp\/v2\/media?parent=734"}],"curies":[{"name":"wp","href":"https:\/\/api.w.org\/{rel}","templated":true}]}}