{"id":1672,"date":"2025-10-06T14:49:25","date_gmt":"2025-10-06T14:49:25","guid":{"rendered":"https:\/\/legiergroup.info\/?page_id=1672"},"modified":"2025-10-23T12:20:25","modified_gmt":"2025-10-23T12:20:25","slug":"%ec%8a%a4%ec%b9%b8%eb%94%94%ed%8a%b8%eb%9f%ac%ec%8a%a4%ed%8a%b8","status":"publish","type":"page","link":"https:\/\/legiergroup.info\/ko\/scandictrust\/","title":{"rendered":"Scandic Trust"},"content":{"rendered":"<div data-elementor-type=\"wp-page\" data-elementor-id=\"1672\" class=\"elementor elementor-1672\" data-elementor-post-type=\"page\">\n\t\t\t\t<div class=\"elementor-element elementor-element-d2afe37 e-flex e-con-boxed e-con e-parent\" data-id=\"d2afe37\" data-element_type=\"container\" data-e-type=\"container\">\n\t\t\t\t\t<div class=\"e-con-inner\">\n\t\t\t\t<div class=\"elementor-element elementor-element-6990817 elementor-widget elementor-widget-text-editor\" data-id=\"6990817\" data-element_type=\"widget\" data-e-type=\"widget\" data-widget_type=\"text-editor.default\">\n\t\t\t\t\t\t\t\t\t<img decoding=\"async\" src=\"https:\/\/legiergroup.info\/wp-content\/uploads\/2025\/10\/scandictrust_by_legier.jpg\" alt=\"SCANDIC TRUST\" width=\"100%\" \/>\n<h1><\/h1>\n<h1>SCANDIC GROUP TRUST TOV: \uc790\uc0b0 \ubcf4\ud638 \ubc0f \uc9c0\uc18d \uac00\ub2a5\ud55c \ub808\uac70\uc2dc\ub97c \uc704\ud55c \ud30c\ud2b8\ub108<\/h1>\n<div><\/div>\n\uc5d0 \uc624\uc2e0 \uac83\uc744 \ud658\uc601\ud569\ub2c8\ub2e4.\u00a0<strong>SCANDIC GROUP TRUST TOV<\/strong>, \uc720\uba85\ud55c \uae00\ub85c\ubc8c \ube0c\ub79c\ub4dc\uc778\u00a0<strong>LEGIER \uadf8\ub8f9<\/strong>\u00a0(Legier Beteiligungs mbH), einem diversifizierten internationalen Mischkonzern mit 30 Jahren Erfolgsgeschichte.\n\nAls Teil eines angesehenen Markenverbunds \u2013 neben\u00a0<strong>SCANDIC PAY<\/strong>,\u00a0<strong>SCANDIC COIN<\/strong>,\u00a0<strong>SCANDIC FLY<\/strong>,\u00a0<strong>SCANDIC YACHTS<\/strong>\u00a0\uadf8\ub9ac\uace0\u00a0<strong>SCANDIC TRADE<\/strong>\u00a0- \uad6c\uccb4\ud654\u00a0<strong>SCANDIC TRUST<\/strong>\u00a0\uc2e0\ub8b0, \ud601\uc2e0, \uc6b0\uc218\uc131\uc744 \ubc14\ud0d5\uc73c\ub85c \ubd80\ub97c \ubcf4\ud638\ud558\uace0 \uc5ec\ub7ec \uc138\ub300\uc5d0 \uac78\uccd0 \uc9c0\uc18d\ub418\ub294 \uc720\uc0b0\uc744 \ud615\uc131\ud569\ub2c8\ub2e4. \uc138\uacc4 \ucd5c\uace0\ub85c\ubd80\ud130\uc758 \uc601\uac10\u00a0<strong>SCANDIC TRUST<\/strong>\u00a0\uc0ac\ud68c\uc801 \ucc45\uc784\uacfc \ubbf8\ub798 \uc9c0\ud5a5\uc801\uc778 \uc194\ub8e8\uc158\uc73c\ub85c \ub300\ub959\uc744 \ub118\ub098\ub4dc\ub294 \uc7ac\ubb34 \uac74\uc804\uc131.\n<h2>SCANDIC TRUST\uc758 \ubbf8\uc158: \uc790\uc0b0 \ubcf4\ud638 \ubc0f \ube44\uc804 \uc2e4\ud604<\/h2>\n\ud568\uaed8\u00a0<strong>SCANDIC TRUST<\/strong>\u00a0\ub294 \ub2e8\uc21c\ud55c \uc790\uc0b0 \uad00\ub9ac \uadf8 \uc774\uc0c1\uc73c\ub85c \uace0\uac1d\uc758 \ubaa9\ud45c\uc640 \uc131\uacf5, \uc9c0\uc18d \uac00\ub2a5\ud55c \ubbf8\ub798\ub97c \uc704\ud55c \uae30\ubc18\uc744 \ub9cc\ub4e4\uc5b4 \ub4dc\ub9bd\ub2c8\ub2e4. 30\ub144 \ub3d9\uc548\u00a0<strong>LEGIER \uadf8\ub8f9<\/strong>\u00a0\ubbf8\ub514\uc5b4(\uc790\uccb4 \uc77c\uac04\uc9c0 115\uac1c \ubcf4\uc720), \ubd80\ub3d9\uc0b0, \uae08\uc735, \ub7ed\uc154\ub9ac \uc11c\ube44\uc2a4(\uac1c\uc778 \uc81c\ud2b8\uae30 \uc804\uc138 \ubc0f \uc694\ud2b8 \uc804\uc138), \ub514\uc9c0\ud138 \ud601\uc2e0\uacfc \uac19\uc740 \uae00\ub85c\ubc8c \ube44\uc988\ub2c8\uc2a4 \ubd80\ubb38\uc5d0 \uc9c4\ucd9c\ud574 \uc788\uc2b5\ub2c8\ub2e4.\u00a0<strong>SCANDIC TRUST<\/strong>\u00a0\ub294 \uc774\ub7ec\ud55c \uc804\ud1b5\uc744 \uc774\uc5b4\ubc1b\uc544 \uc804 \uc138\uacc4\uc758 \uc548\ubaa9 \uc788\ub294 \uac1c\uc778, \uac00\uc871, \uae30\uc5c5\uc744 \uc704\ud55c \ub9de\ucda4\ud615 \uc194\ub8e8\uc158\uc744 \uc81c\uacf5\ud569\ub2c8\ub2e4. 46\uac1c\uad6d \uc774\uc0c1\uc5d0 \uc9c4\ucd9c\u00a0<strong>SCANDIC TRUST<\/strong>\u00a0das tiefe Verst\u00e4ndnis der internationalen M\u00e4rkte, um Verm\u00f6gen zu sch\u00fctzen und zu vermehren.\n\nUnsere Struktur orientiert sich an den Prinzipien klassisch historischer Trusts, welche durch zentrale Kontrolle und Ressourcenb\u00fcndelung Effizienz und Marktst\u00e4rke schafften. Doch\u00a0<strong>SCANDIC TRUST<\/strong>\u00a0\ub294 \ucd5c\ucca8\ub2e8 \uae30\uc220, \uc724\ub9ac\uc801 \uae30\uc900(\ud604\ub300\ud310 \ub178\uc608\ubc95 \ub4f1), \uc9c0\uc18d \uac00\ub2a5\ud55c \uc811\uadfc \ubc29\uc2dd\uc744 \ud1b5\ud569\ud558\uc5ec \ub3c5\uc810\uc774\ub098 \ubc95\uc801 \uc704\ud5d8\uacfc \uac19\uc740 \uae30\uc874 Trust\uc758 \ubb38\uc81c\ub97c \uadf9\ubcf5\ud558\ub294 \ub3d9\uc2dc\uc5d0 \uadf8 \uc774\uc810\uc744 \uadf9\ub300\ud654\ud569\ub2c8\ub2e4.\n<h2>SCANDIC GROUP TRUST TOV\uac00 \uc81c\uacf5\ud569\ub2c8\ub2e4: \uc804 \uc138\uacc4\ub97c \uc544\uc6b0\ub974\ub294 \ub9de\ucda4\ud615 \uc194\ub8e8\uc158<\/h2>\n\ud604\uc9c0 \uc9c0\uc2dd\uacfc \uae00\ub85c\ubc8c \uad00\uc810\uc744 \uacb8\ube44\ud55c \uc804\ubb38\uac00 \ud300\uacfc \ud568\uaed8 \uace0\uac1d\uc5d0\uac8c \uc11c\ube44\uc2a4\ub97c \uc81c\uacf5\ud569\ub2c8\ub2e4:\n<ul>\n \t<li><strong>\uac1c\ubcc4\ud654\ub41c \uc790\uc0b0 \uc804\ub7b5:<\/strong>\u00a0\uc2e0\ud0c1 \ud380\ub4dc\uc5d0\uc11c \ubd80\ub3d9\uc0b0 \uacc4\ud68d\uc73c\ub85c \ubc1c\uc804\u00a0<strong>SCANDIC TRUST<\/strong>\u00a0\uac1c\uc778 \ubc0f \uc7ac\ubb34 \ubaa9\ud45c\ub97c \ubc18\uc601\ud558\ub294 \uc194\ub8e8\uc158.<\/li>\n \t<li><strong>\uac15\ub825\ud55c \uc790\uc0b0 \ubcf4\ud638:<\/strong>\u00a0\ud0c4\ud0c4\ud55c \ubc95\ub960 \ubc0f \uc7ac\ubb34 \uad6c\uc870\ub85c \uace0\uac1d\uc758 \uc790\uc0b0\uc744 \ubcf4\ud638\ud569\ub2c8\ub2e4.<\/li>\n \t<li><strong>\uae00\ub85c\ubc8c \uc2dc\ub108\uc9c0 \ud6a8\uacfc:<\/strong>\u00a0LEGIER \uc5d0\ucf54\uc2dc\uc2a4\ud15c\uc5d0 \ud1b5\ud569\ub418\uc5b4 \ud601\uc2e0\uc801\uc778 \ube0c\ub79c\ub4dc \ubc0f \uc11c\ube44\uc2a4 \ub124\ud2b8\uc6cc\ud06c\uc5d0 \uc6d0\ud65c\ud558\uac8c \uc561\uc138\uc2a4\ud560 \uc218 \uc788\uc2b5\ub2c8\ub2e4.<\/li>\n<\/ul>\n<span style=\"font-weight: bolder;\">SCANDIC GROUP TRUST TOV<\/span>\u00a0\ub294 \uc9c0\uc18d \uac00\ub2a5\uc131, \uad50\uc721, \uc0ac\ud68c \ubc1c\uc804 \ub4f1 \ub354 \ub192\uc740 \ubaa9\uc801\uacfc \uc7ac\uc815\uc801 \uc57c\ub9dd\uc744 \uacb0\ud569\ud569\ub2c8\ub2e4.\n<h2>LEGIER \uc5d0\ucf54\uc2dc\uc2a4\ud15c: \uc131\uacf5\uc744 \uc704\ud55c \ub124\ud2b8\uc6cc\ud06c<\/h2>\n<div><\/div>\n<span style=\"font-weight: bolder;\">SCANDIC GROUP TRUST TOV<\/span>\u00a0\ub294 \ub77c\uc774\ud504\uc2a4\ud0c0\uc77c\uacfc \ud22c\uc790\ub97c \uc5f0\uacb0\ud558\ub294 \ub3c5\ud2b9\ud55c \uc5d0\ucf54\uc2dc\uc2a4\ud15c\uc758 \uc911\uc2ec\uc785\ub2c8\ub2e4:\n<ul>\n \t<li><strong>LEGIER \uadf8\ub8f9:<\/strong>\u00a0\ubaa8\ub4e0 \ub300\ub959\uc5d0\uc11c 115\uac1c\uc758 \uc77c\uac04\uc9c0\uac00 \uc815\uce58, \ube44\uc988\ub2c8\uc2a4, \uacfc\ud559, \uc0ac\ud68c \ubc0f \uac00\uc871 \ubb38\uc81c, \uc2a4\ud3ec\uce20 \ub4f1\uc744 24\uc2dc\uac04 \uc5f0\uc911\ubb34\ud734\ub85c \ubcf4\ub3c4\ud569\ub2c8\ub2e4.<\/li>\n \t<li><strong>SCANDIC COIN:<\/strong>\u00a0\ubd80\ub3d9\uc0b0 \ud22c\uc790\uc5d0 \ud601\uba85\uc744 \uc77c\uc73c\ud0a4\uace0 \uc788\ub294 \uc554\ud638\ud654\ud3d0.<\/li>\n \t<li><strong>SCANDIC PAY:<\/strong>\u00a0\uc720\uc5f0\uc131\uc744 \uadf9\ub300\ud654\ud558\ub294 \ud601\uc2e0\uc801\uc778 \ub514\uc9c0\ud138 \uacb0\uc81c \uc194\ub8e8\uc158.<\/li>\n \t<li><strong>SCANDIC FLY \ubc0f SCANDIC YACHTS:<\/strong>\u00a0\uc804\ubb38 \uc790\uc0b0 \uad00\ub9ac\uc758 \uc548\uc804\uc131\uc744 \uac16\ucd98 \ub7ed\uc154\ub9ac \uc5ec\ud589.<\/li>\n \t<li><strong>SCANDIC TRADE:<\/strong>\u00a0\ub2e4\uc591\ud55c \ud3ec\ud2b8\ud3f4\ub9ac\uc624\ub97c \uc704\ud55c \ub514\uc9c0\ud138 \ud50c\ub7ab\ud3fc.<\/li>\n \t<li><strong>SCANDIC ESTATE:<\/strong>\u00a0\uc9c0\uc18d \uac00\ub2a5\ud55c \uc2e0\ud0c1 \uc804\ubb38\uc131\uc744 \ubc14\ud0d5\uc73c\ub85c \ucd5c\uc801\ud654\ub41c \ubd80\ub3d9\uc0b0 \ud22c\uc790\ub97c \uc81c\uacf5\ud569\ub2c8\ub2e4.<\/li>\n<\/ul>\n<div><\/div>\n<strong>SCANDIC TRUST<\/strong>\u00a0\ub294 \uae08\uc735 \ud3ec\uc6a9\uc744 \ucd09\uc9c4\ud558\uace0 \uc544\ub3d9\uc758 \ubcf5\uc9c0\ub97c \uc9c0\uc6d0\ud569\ub2c8\ub2e4. \uc774\ub97c \uc704\ud574\u00a0<span style=\"font-weight: bolder;\">SCANDIC GROUP TRUST TOV<\/span>\u00a0\uace0\uac1d\uacfc \uc0ac\ud68c\ub97c \uc704\ud55c \ubd80\uac00\uac00\uce58\ub97c \ucc3d\ucd9c\ud558\uae30 \uc704\ud574 \uc790\uccb4 \ub9ac\uc18c\uc2a4\ub97c \ud65c\uc6a9\ud569\ub2c8\ub2e4.\n<h2>\ucd5c\uc2e0 Trust\uc758 \uac15\ub825\ud55c \uc131\ub2a5<\/h2>\n<div><\/div>\n\ud074\ub798\uc2dd Trust \ubc88\ub4e4\ub85c\uc11c\u00a0<span style=\"font-weight: bolder;\">SCANDIC GROUP TRUST TOV<\/span>\u00a0\ub9ac\uc18c\uc2a4\ub97c \ud655\ubcf4\ud558\uace0 \ud6a8\uc728\uc131\uc744 \ub192\uc774\uba70 \uc2dc\uc7a5 \uc785\uc9c0\ub97c \uac15\ud654\ud560 \uc218 \uc788\uc2b5\ub2c8\ub2e4. \ud558\uc9c0\ub9cc\u00a0<span style=\"font-weight: bolder;\">SCANDIC GROUP TRUST TOV<\/span>\u00a0\ub294 \uacfc\uac70 \ubaa8\ub378\uc744 \ub6f0\uc5b4\ub118\uc2b5\ub2c8\ub2e4:\n<ul>\n \t<li><strong>\ud6a8\uc728\uc131\uacfc \ud601\uc2e0:<\/strong>\u00a0\uc911\uc559 \uc81c\uc5b4\uc640 \ucd5c\ucca8\ub2e8 \uae30\uc220\uc744 \ud1b5\ud574 \uc790\uc0b0\uc744 \ucd5c\uc801\ud654\ud569\ub2c8\ub2e4.<\/li>\n \t<li><strong>\uc724\ub9ac \ubc0f \uaddc\uc815 \uc900\uc218:<\/strong>\u00a0\ub2f9\uc0ac\ub294 \uae00\ub85c\ubc8c \ubc95\ub960\uc5d0 \ub530\ub77c \ud22c\uba85\ud558\uac8c \uc6b4\uc601\ud569\ub2c8\ub2e4.<\/li>\n \t<li><strong>\uc9c0\uc18d \uac00\ub2a5\uc131:<\/strong>\u00a0\uae00\ub85c\ubc8c \uc2dc\uc2a4\ud15c\uc744 \uc704\ud55c \uc5f0\uad6c \uc791\uc5c5\uc73c\ub85c\u00a0<span style=\"font-weight: bolder;\">SCANDIC GROUP TRUST TOV<\/span>\u00a0\uc0ac\ub78c\uacfc \ud658\uacbd\uc744 \uc704\ud55c \uc7a5\uae30\uc801\uc778 \ud61c\ud0dd\uc744 \uc81c\uacf5\ud569\ub2c8\ub2e4.<\/li>\n<\/ul>\n<div><\/div>\n\ub3c5\uc810 \uc704\ud5d8\uc774\ub098 \ud601\uc2e0 \ubd80\uc871\uacfc \uac19\uc740 \uae30\uc874 Trust\uc758 \ud568\uc815\uc744 \ud53c\ud558\uace0 \ub300\uc2e0 \ubcf4\uc548\uacfc \uc131\uc7a5\uc744 \uacb0\ud569\ud55c \ubbf8\ub798 \uc9c0\ud5a5\uc801\uc778 \uad6c\uc870\ub97c \uc81c\uacf5\ud569\ub2c8\ub2e4.\n<h2>\uc65c SCANDIC TRUST\uc778\uac00?<\/h2>\n<ul>\n \t<li><strong>\uc785\uc99d\ub41c \uc804\ubb38\uc131:<\/strong>\u00a0\uac70\uc758 30\ub144 \ub3d9\uc548\uc758 \uc131\uacf5\u00a0<strong>LEGIER \uadf8\ub8f9<\/strong>\u00a0\ub294 \uc6b0\ub9ac \ub4a4\uc5d0 \uc788\uc2b5\ub2c8\ub2e4.<\/li>\n \t<li><strong>\ubb34\uacb0\uc131:<\/strong>\u00a0\uc2e0\ub8b0\uc640 \ud22c\uba85\uc131\uc740 \uc6b0\ub9ac\uc758 \uae30\ubc18\uc785\ub2c8\ub2e4.<\/li>\n \t<li><strong>\ubbf8\ub798 \uc9c0\ud5a5\uc801\uc785\ub2c8\ub2e4:<\/strong>\u00a0\uc800\ud76c\ub294 \ud601\uc2e0\uc801\uc778 \ub3c4\uad6c\ub85c \ubbf8\ub798\uc758 \uae08\uc735 \uc138\uacc4\ub97c \ub9cc\ub4e4\uc5b4\uac00\uace0 \uc788\uc2b5\ub2c8\ub2e4.<\/li>\n \t<li><strong>\uace0\uac1d \uc911\uc2ec:<\/strong>\u00a0\uc5ec\ub7ec\ubd84\uc758 \ube44\uc804\uc774 \uc6b0\ub9ac\ub97c \uc6c0\uc9c1\uc785\ub2c8\ub2e4 - \uc6b0\ub9ac\ub294 \uadc0\ub97c \uae30\uc6b8\uc774\uace0 \uae30\ub300\ub97c \ub6f0\uc5b4\ub118\uc2b5\ub2c8\ub2e4.<\/li>\n<\/ul>\n<div><\/div>\n<h2>\uc548\uc804\ud55c \uc720\uc0b0 \uad00\ub9ac<\/h2>\n<span style=\"font-weight: bolder;\">SCANDIC GROUP TRUST TOV<\/span>\u00a0\ub294 \ubbf8\ub798\ub97c \uc704\ud55c \ud30c\ud2b8\ub108\uc77c \ubfd0\ub9cc \uc544\ub2c8\ub77c \uc9c0\uc18d \uac00\ub2a5\ud55c \uc194\ub8e8\uc158\uc73c\ub85c \ubbf8\ub798 \uc138\ub300\ub97c \uc704\ud55c \uc790\uc0b0\uc744 \ubcf4\ud638\ud558\ub294 \ub370 \uc8fc\ub825\ud558\uace0 \uc788\uc2b5\ub2c8\ub2e4. \uae00\ub85c\ubc8c \uac15\uc810\uc778\u00a0<strong>LEGIER<\/strong>\u00a0\uc6b0\uc218\uc131\uc744 \ud5a5\ud55c \ud5cc\uc2e0\uc73c\ub85c \uace0\uac1d\uc758 \uae08\uc735 \ubbf8\ub798\ub97c \ub9cc\ub4e4\uc5b4\uac11\ub2c8\ub2e4.\n<h2>\ubb38\uc758\ud558\uae30<\/h2>\n\ub2e4\uc74c \ub2e8\uacc4\ub85c \ub098\uc544\uac08 \uc900\ube44\uac00 \ub418\uc168\ub098\uc694? \uc6f9\uc0ac\uc774\ud2b8\ub97c \ubc29\ubb38\ud558\uac70\ub098 \uc804\ubb38\uac00\uc5d0\uac8c \ubb38\uc758\ud558\uc5ec \uac1c\uc778 \uc0c1\ub2f4\uc744 \ubc1b\uc73c\uc138\uc694. \uc5d0\uc11c\u00a0<span style=\"font-weight: bolder;\">SCANDIC GROUP TRUST TOV<\/span>\u00a0\uc9c0\ud61c\ub97c \ub9cc\ub098\uba74 \ube44\uc804\uc774 \ud604\uc2e4\uc774 \ub429\ub2c8\ub2e4.\n\n<span style=\"font-weight: bolder;\">SCANDIC GROUP TRUST TOV<\/span>, LEGIER Beteiligungs mbH\uc758 \uc0ac\uc5c5\ubd80 \ubc0f \ube0c\ub79c\ub4dc\n\n<b>LEGIER Beteiligungs mbH<\/b>\nMedia-Division\nKurfurstendamm 14\nDE 10719 Berlin\nBundesrepublik Deutschland\n<b>\uc804\ud654:<\/b>\u00a0+49 (0) 30 99211 &#8211; 3 469\n\nEmail:\u00a0<a href=\"mailto:Info@LegierGroup.com\" target=\"_blank\" rel=\"noopener noreferrer\">Info@LegierGroup.com<\/a>\n<h3>\uac10\ub3c5 \ub2f9\uad6d:<\/h3>\n<ul>\n \t<li>24-28, 60439 \ud504\ub791\ud06c\ud478\ub974\ud2b8 \uc554\ub9c8 \uc778 (\ub3c5\uc77c \uc5f0\ubc29 \uacf5\ud654\uad6d), Marie-Curie-Str,\u00a0<a href=\"https:\/\/www.bafin.de\/\" target=\"_blank\" rel=\"noopener noreferrer\">www.bafin.de<\/a><\/li>\n \t<li>\ub3c4\uc774\uce58 \ubd84\ub370\uc2a4\ubc29\ud06c - \ubca0\ub97c\ub9b0 \uc9c0\uc810, Leibnitzstra\u00dfe 10, 10625 \ubca0\ub97c\ub9b0(\ub3c5\uc77c \uc5f0\ubc29 \uacf5\ud654\uad6d),\u00a0<a href=\"https:\/\/www.bundesbank.de\/\" target=\"_blank\" rel=\"noopener noreferrer\">www.bundesbank.de<\/a><\/li>\n<\/ul>\t\t\t\t\t\t\t\t<\/div>\n\t\t\t\t\t<\/div>\n\t\t\t\t<\/div>\n\t\t\t\t<\/div>","protected":false},"excerpt":{"rendered":"<p>SCANDIC GROUP TRUST TOV: Partner f\u00fcr Verm\u00f6genssicherung und nachhaltiges Verm\u00e4chtnis Willkommen bei\u00a0SCANDIC GROUP TRUST TOV, einer weltweit f\u00fchrenden Marke der renommierten\u00a0LEGIER GRUPPE\u00a0(Legier Beteiligungs mbH), einem diversifizierten internationalen Mischkonzern mit 30 Jahren Erfolgsgeschichte. Als Teil eines angesehenen Markenverbunds \u2013 neben\u00a0SCANDIC PAY,\u00a0SCANDIC COIN,\u00a0SCANDIC FLY,\u00a0SCANDIC YACHTS\u00a0und\u00a0SCANDIC TRADE\u00a0\u2013 verk\u00f6rpert\u00a0SCANDIC TRUST\u00a0Vertrauen, Innovation und exzellente Expertise in der Sicherung von Verm\u00f6gen [&hellip;]<\/p>\n","protected":false},"author":2,"featured_media":0,"parent":0,"menu_order":0,"comment_status":"closed","ping_status":"closed","template":"","meta":{"footnotes":""},"class_list":["post-1672","page","type-page","status-publish","hentry"],"_links":{"self":[{"href":"https:\/\/legiergroup.info\/ko\/wp-json\/wp\/v2\/pages\/1672","targetHints":{"allow":["GET"]}}],"collection":[{"href":"https:\/\/legiergroup.info\/ko\/wp-json\/wp\/v2\/pages"}],"about":[{"href":"https:\/\/legiergroup.info\/ko\/wp-json\/wp\/v2\/types\/page"}],"author":[{"embeddable":true,"href":"https:\/\/legiergroup.info\/ko\/wp-json\/wp\/v2\/users\/2"}],"replies":[{"embeddable":true,"href":"https:\/\/legiergroup.info\/ko\/wp-json\/wp\/v2\/comments?post=1672"}],"version-history":[{"count":20,"href":"https:\/\/legiergroup.info\/ko\/wp-json\/wp\/v2\/pages\/1672\/revisions"}],"predecessor-version":[{"id":1963,"href":"https:\/\/legiergroup.info\/ko\/wp-json\/wp\/v2\/pages\/1672\/revisions\/1963"}],"wp:attachment":[{"href":"https:\/\/legiergroup.info\/ko\/wp-json\/wp\/v2\/media?parent=1672"}],"curies":[{"name":"wp","href":"https:\/\/api.w.org\/{rel}","templated":true}]}}