{"id":744,"date":"2025-09-17T01:19:25","date_gmt":"2025-09-17T01:19:25","guid":{"rendered":"https:\/\/legiergroup.info\/?page_id=744"},"modified":"2025-10-23T12:03:42","modified_gmt":"2025-10-23T12:03:42","slug":"%ec%9c%84%ed%97%98%ec%97%90-%ec%b2%98%ed%95%9c-%ea%b3%a0%ea%b0%9d","status":"publish","type":"page","link":"https:\/\/legiergroup.info\/ko\/gefaehrdete-kunden\/","title":{"rendered":"\uc704\ud5d8\uc5d0 \ucc98\ud55c \uace0\uac1d"},"content":{"rendered":"<div data-elementor-type=\"wp-page\" data-elementor-id=\"744\" class=\"elementor elementor-744\" data-elementor-post-type=\"page\">\n\t\t\t\t<div class=\"elementor-element elementor-element-6c06e4f e-flex e-con-boxed e-con e-parent\" data-id=\"6c06e4f\" data-element_type=\"container\" data-e-type=\"container\">\n\t\t\t\t\t<div class=\"e-con-inner\">\n\t\t\t\t<div class=\"elementor-element elementor-element-620dc3e elementor-widget elementor-widget-text-editor\" data-id=\"620dc3e\" data-element_type=\"widget\" data-e-type=\"widget\" data-widget_type=\"text-editor.default\">\n\t\t\t\t\t\t\t\t\t<h1>\uc704\ud5d8\uc5d0 \ucc98\ud55c \uace0\uac1d<\/h1>\n<div><\/div>\n<strong>LEGIER Beteiligungs mbH<\/strong>\u00a0(\uc774\ud558 LEGIER)\uc640 \uad00\ub828 \ube0c\ub79c\ub4dc\uc778 ScandicEstate, ScandicPay, ScandicTrust \ubc0f Scandic\ud2b8\ub808\uc774\ub4dc\ub294 \uace0\uac1d\uc758 \uc548\uc804\uacfc \uc6f0\ube59\uc744 \ub9e4\uc6b0 \uc911\uc694\ud558\uac8c \uc0dd\uac01\ud569\ub2c8\ub2e4. \ub2f9\uc0ac\uc758 \ubaa9\ud45c\ub294 \ubaa8\ub4e0 \uace0\uac1d, \ud2b9\ud788 \uac1c\uc778\uc801 \uc0c1\ud669\uc73c\ub85c \uc778\ud574 \ucde8\uc57d\ud55c \uac83\uc73c\ub85c \uac04\uc8fc\ub418\ub294 \uace0\uac1d\uc744 \uc801\uc808\ud788 \uc9c0\uc6d0\ud558\uace0 \ubcf4\ud638\ud558\ub294 \uac83\uc785\ub2c8\ub2e4.\n\n&nbsp;\n<h2>\ucde8\uc57d\ud55c \uace0\uac1d\uc774\ub780 \ubb34\uc5c7\uc778\uac00\uc694?<\/h2>\n<div><\/div>\n\ucde8\uc57d \uace0\uac1d\uc740 \uac1c\uc778\uc801 \uc0c1\ud669\uc73c\ub85c \uc778\ud574 \uae08\uc735 \uc11c\ube44\uc2a4\uc5d0 \ub300\ud55c \uc758\uc0ac \uacb0\uc815 \ubc0f \ucc38\uc5ec\uc5d0 \ubd80\uc815\uc801\uc778 \uc601\ud5a5\uc744 \ubc1b\uc744 \uc218 \uc788\ub294 \uace0\uac1d\uc744 \ub9d0\ud569\ub2c8\ub2e4. \uc774\ub7ec\ud55c \uc0c1\ud669\uc740 \ucde8\uc57d\ud55c \uace0\uac1d\uc5d0\uac8c \ubc1c\uc0dd\ud560 \uc218 \uc788\ub294 \uc7a0\uc7ac\uc801\uc778 \ubd80\uc815\uc801\uc778 \uacb0\uacfc\uac00 \ub2e4\ub978 \ucde8\uc57d\ud558\uc9c0 \uc54a\uc740 \uace0\uac1d\ubcf4\ub2e4 \ub354 \uc2ec\uac01\ud558\ub2e4\ub294 \uac83\uc744 \uc758\ubbf8\ud560 \uc218 \uc788\uc2b5\ub2c8\ub2e4.\n\n&nbsp;\n<h2>\uace0\uac1d\uc744 \uc704\ud5d8\uc5d0 \ube60\ub728\ub9b4 \uc218 \uc788\ub294 \uc694\uc778\uc740 \ubb34\uc5c7\uc778\uac00\uc694?<\/h2>\n<div><\/div>\n<ul>\n \t<li><strong>\uac74\uac15:<\/strong>\u00a0\uc77c\uc0c1 \uc5c5\ubb34 \uc218\ud589 \ub2a5\ub825\uc744 \uc81c\ud55c\ud558\ub294 \uc2e0\uccb4\uc801 \ub610\ub294 \uc815\uc2e0\uc801 \uc7a5\uc560 \ub610\ub294 \uc9c8\ubcd1.<\/li>\n \t<li><strong>\uc0dd\ud65c \uc774\ubca4\ud2b8:<\/strong>\u00a0\uc0ac\ub791\ud558\ub294 \uc0ac\ub78c\uc744 \uc783\uac70\ub098 \uc2e4\uc9c1 \ub610\ub294 \uad00\uacc4\uc758 \ubd95\uad34\uc640 \uac19\uc740 \uc911\ub300\ud55c \uc0ac\uac74\uc774 \ubc1c\uc0dd\ud588\uc2b5\ub2c8\ub2e4.<\/li>\n \t<li><strong>\ubcf5\uc6d0\ub825:<\/strong>\u00a0\uc7ac\uc815\uc801 \ub610\ub294 \uc815\uc11c\uc801 \ucda9\uaca9\uc5d0 \ub300\ucc98\ud558\ub294 \ub2a5\ub825\uc774 \ub0ae\uc2b5\ub2c8\ub2e4.<\/li>\n \t<li><strong>\uc131\ub2a5:<\/strong>\u00a0\uc7ac\uc815 \ubb38\uc81c\uc5d0 \ub300\ud55c \uc9c0\uc2dd\uc774 \ubd80\uc871\ud558\uac70\ub098 \ub3c8\uc744 \ub2e4\ub8e8\ub294 \ub370 \uc790\uc2e0\uac10\uc774 \ubd80\uc871\ud558\uac70\ub098 \ubb38\ud574\ub825\uc774\ub098 \ub514\uc9c0\ud138 \uae30\uc220\uacfc \uac19\uc740 \uae30\uc220\uc774 \uc81c\ud55c\ub418\uc5b4 \uc788\uc2b5\ub2c8\ub2e4.<\/li>\n<\/ul>\n<h2><\/h2>\n<h2>\uc704\ud5d8\uc740 \uace0\uac1d\uc5d0\uac8c \uc5b4\ub5a4 \uc601\ud5a5\uc744 \ubbf8\uce60 \uc218 \uc788\ub098\uc694?<\/h2>\n<div><\/div>\n<ul>\n \t<li><strong>\uae30\uc220\uc801 \ud55c\uacc4:<\/strong>\u00a0\ub098\uc774\uac00 \ub9ce\uc740 \uace0\uac1d\uc740 \uae30\uc220\ub825 \ubd80\uc871\uc73c\ub85c \uc778\ud574 \ud22c\uc790 \ud50c\ub7ab\ud3fc\uc744 \uc0ac\uc6a9\ud558\ub294 \ub370 \uc5b4\ub824\uc6c0\uc744 \uacaa\uc744 \uc218 \uc788\uc2b5\ub2c8\ub2e4.<\/li>\n \t<li><strong>\uc815\uc2e0\uc801 \uc131\ub2a5:<\/strong>\u00a0\uc81c\ud55c\ub41c \uc815\uc2e0 \ub2a5\ub825\uc740 \ud2b9\ud788 \uace0\uc704\ud5d8 \uae08\uc735 \uc0c1\ud488\uc758 \uacbd\uc6b0 \uc798\ubabb\ub41c \uacb0\uc815\uc73c\ub85c \uc774\uc5b4\uc9c8 \uc218 \uc788\uc2b5\ub2c8\ub2e4.<\/li>\n \t<li><strong>\uac10\uc815\uc801\uc778 \uacb0\uc815:<\/strong>\u00a0\ub2e4\uc74c\uacfc \uac19\uc740 \ud2b9\uc815 \uc0ac\uac74\uc774\ub098 \ud2b9\uc131\uc73c\ub85c \uc778\ud574 \ucda9\ub3d9\uc801\uc774\uac70\ub098 \uac10\uc815\uc801\uc73c\ub85c \ud22c\uc790 \uacb0\uc815\uc744 \ub0b4\ub9b4 \uc218 \uc788\uc2b5\ub2c8\ub2e4.\n<ul>\n \t<li>\uace0\uac1d \ub610\ub294 \uac00\uc871\uc5d0\uac8c \uac11\uc791\uc2a4\ub7ec\uc6b4 \uc911\ubcd1 \uc9c4\ub2e8\uc774 \ub0b4\ub824\uc9c4 \uacbd\uc6b0.<\/li>\n \t<li>\uc7ac\uc815\uc801 \uae34\uae09 \uc0c1\ud669.<\/li>\n \t<li>\uc911\ub3c5 \uad00\ub828 \uac74\uac15 \ubb38\uc81c(\uc608: \ub3c4\ubc15 \uc911\ub3c5 \ub610\ub294 \uac15\ubc15 \ud589\ub3d9).<\/li>\n \t<li>\uc6b0\uc6b8\uc99d, \ubd88\uc548 \ub610\ub294 \uc790\uc0b4 \ucda9\ub3d9\uacfc \uac19\uc740 \uc815\uc2e0 \uc9c8\ud658.<\/li>\n<\/ul>\n<\/li>\n<\/ul>\n<div><\/div>\n<h2>LEGIER \ubc0f LEGIER\uc640 \uad00\ub828\ub41c \ube0c\ub79c\ub4dc\ub294 \ucde8\uc57d\ud55c \uace0\uac1d\uc744 \uc5b4\ub5bb\uac8c \uc9c0\uc6d0\ud558\ub098\uc694?<\/h2>\n<div><\/div>\n\uc704\ud5d8\uc5d0 \ucc98\ud574 \uc788\ub2e4\uace0 \uc0dd\uac01\ub418\uba74 \uac00\ub2a5\ud55c \ud55c \ube68\ub9ac \uc54c\ub824\uc8fc\uc138\uc694. \uc774\ub7ec\ud55c \uae30\ub2a5 \uc911 \uc0c1\ub2f9\uc218\ub294 \uba85\ubc31\ud558\uac8c \uc778\uc2dd\ud560 \uc218 \uc5c6\uc73c\ubbc0\ub85c \uc0ac\uc6a9\uc790\uc758 \uac1c\ubc29\uc801\uc778 \ud0dc\ub3c4\uc5d0 \uc758\uc874\ud558\uace0 \uc788\uc2b5\ub2c8\ub2e4. \uace0\uac1d \uc11c\ube44\uc2a4\ub97c \ud1b5\ud574 \ud2f0\ucf13\uc744 \uac1c\uc124\ud558\uc5ec \uc54c\ub824\uc8fc\uc2dc\uae30 \ubc14\ub78d\ub2c8\ub2e4. \ucc98\ub9ac \uc9c0\uc5f0\uc744 \ubc29\uc9c0\ud558\uae30 \uc704\ud574 \ub3d9\uc77c\ud55c \ubb38\uc81c\uc5d0 \ub300\ud574 \uc5ec\ub7ec \uac1c\uc758 \ud2f0\ucf13\uc744 \ub9cc\ub4e4\uc9c0 \ub9c8\uc2dc\uae30 \ubc14\ub78d\ub2c8\ub2e4. \uc800\ud76c \ud300\uc5d0\uc11c \uc2e0\uc18d\ud558\uac8c \ubb38\uc758\ub97c \ucc98\ub9ac\ud574 \ub4dc\ub9ac\uaca0\uc2b5\ub2c8\ub2e4.\n\n<img decoding=\"async\" class=\"gold_image\" src=\"https:\/\/legiergroup.info\/wp-content\/uploads\/2025\/10\/gefahrdete_kunden.jpg\" width=\"100%\" \/>\n<h2><\/h2>\n<h2><span style=\"color: inherit; font-family: inherit;\">\uace0\uac1d \ub178\ucd9c\uc5d0 \ub300\uc751\ud558\uc5ec \ucde8\ud558\ub294 \uc870\uce58<\/span><\/h2>\n<div><span style=\"color: inherit; font-family: inherit;\">\u00a0<\/span><\/div>\nLEGIER\ub294 \ucde8\uc57d\ud55c \uace0\uac1d\uc744 \ucc98\ub9ac\ud558\uae30 \uc704\ud55c \uc815\ucc45\uacfc \uc808\ucc28\ub97c \uba85\ud655\ud558\uac8c \uc815\uc758\ud558\uace0 \uc788\uc2b5\ub2c8\ub2e4. \uac01 \uc0c1\ud669\uc740 \uace0\uc720\ud558\ubbc0\ub85c \uad6c\uccb4\uc801\uc778 \uc0c1\ud669\uc5d0 \ub530\ub77c \ub9de\ucda4\ud654\ub41c \uc811\uadfc \ubc29\uc2dd\uc744 \ucde8\ud569\ub2c8\ub2e4. \uc77c\ubc18\uc801\uc778 \uc6d0\uce59\uc740 \ub2e4\uc74c\uacfc \uac19\uc2b5\ub2c8\ub2e4:\n<ul>\n \t<li><strong>\uac1c\uc778\ubcc4 \ub9de\ucda4 \ubc30\ub824:<\/strong>\u00a0\ucde8\uc57d\ud55c \uace0\uac1d\uc758 \uc694\uad6c\uc5d0 \ub9de\uac8c \ucee4\ubba4\ub2c8\ucf00\uc774\uc158\uacfc \uc9c0\uc6d0\uc744 \ub9de\ucda4\ud654\ud569\ub2c8\ub2e4.<\/li>\n \t<li><strong>\uc870\uac74\uc73c\ub85c\uc11c\uc758 \uc704\ud5d8:<\/strong>\u00a0\ub178\ucd9c\uc774 \uc77c\uc2dc\uc801\uc77c \uc218 \uc788\uc73c\uba70 \ubaa8\ub4e0 \uace0\uac1d\uc774 \ub3d9\uc77c\ud558\uac8c \uc601\ud5a5\uc744 \ubc1b\ub294 \uac83\uc740 \uc544\ub2c8\ub77c\ub294 \uc810\uc744 \uc798 \uc54c\uace0 \uc788\uc2b5\ub2c8\ub2e4.<\/li>\n \t<li><strong>\uc6f0\ube59\uc744 \uc6b0\uc120\uc2dc\ud569\ub2c8\ub2e4:<\/strong>\u00a0\uc704\ud5d8\uc5d0 \ucc98\ud55c \ubaa8\ub4e0 \uc0ac\ub78c\uc758 \ubcf5\uc9c0\ub97c \ucd5c\uc6b0\uc120\uc73c\ub85c \uc0dd\uac01\ud569\ub2c8\ub2e4. \uc800\ud76c\ub294 \uac01 \uace0\uac1d\uc744 \uac1c\ubcc4\uc801\uc73c\ub85c \uadf8\ub9ac\uace0 \ud544\uc694\uc5d0 \ub530\ub77c \ub300\ud569\ub2c8\ub2e4.<\/li>\n \t<li><strong>\ubaa8\ub2c8\ud130\ub9c1 \ubc0f \uc9c0\uc6d0<\/strong>\u00a0\ub2f9\uc0ac\ub294 \ud574\ub2f9 \uc704\ud5d8\uc774 \uc11c\ube44\uc2a4 \uc0ac\uc6a9\uc5d0 \uc5b4\ub5a4 \uc601\ud5a5\uc744 \ubbf8\uce58\ub294\uc9c0 \ud655\uc778\ud558\uace0 \ud544\uc694\ud55c \uacbd\uc6b0 \uc9c0\uc6d0\uc744 \uc81c\uacf5\ud569\ub2c8\ub2e4.<\/li>\n<\/ul>\n<div><\/div>\n<div><\/div>\n\ucde8\uc57d\ud55c \uace0\uac1d\uc744 \uacf5\uc815\ud558\uac8c \ub300\uc6b0\ud560 \uc218 \uc5c6\ub294 \uacbd\uc6b0, \ub2f9\uc0ac\ub294 \ube44\uc988\ub2c8\uc2a4 \uad00\uacc4\ub97c \ub9fa\uc9c0 \uc54a\uc744 \uad8c\ub9ac\ub97c \ubcf4\uc720\ud569\ub2c8\ub2e4. \ud2b9\ud788 \uc989\uc2dc \uc778\uc9c0\ud560 \uc218 \uc5c6\ub294 \uacbd\uc6b0 \ucde8\uc57d\uc131\uc5d0 \ub300\ud55c \uc815\ubcf4\uac00 \uacf5\uac1c\ub418\uba74 \uae30\uc874 \uad00\uacc4\uc5d0\uc11c \ubc30\uc81c\ub420 \uc218\ub3c4 \uc788\uc2b5\ub2c8\ub2e4. \uc77c\ubd80 \ucde8\uc57d\uc810(\uc608: \ub098\uc774)\uc740 \ub2e4\ub978 \ucde8\uc57d\uc810\ubcf4\ub2e4 \ub354 \uba85\ubc31\ud558\uba70, \ub2f9\uc0ac\ub294 \ub208\uc5d0 \uc798 \ub744\uc9c0 \uc54a\ub294 \ucde8\uc57d\uc810\uc744 \uc801\uadf9\uc801\uc73c\ub85c \ucc3e\uc544\ub0bc \uc758\ubb34\uac00 \uc5c6\uc2b5\ub2c8\ub2e4.\n\n&nbsp;\n<h2>\ucd94\uac00 \uc9c0\uc6d0\uc740 \uc5b4\ub514\uc5d0\uc11c \uc694\uccad\ud560 \uc218 \uc788\ub098\uc694?<\/h2>\n<div><\/div>\n\ucde8\uc57d\ud55c \uace0\uac1d\uc740 \ub2e4\uc74c \uae30\uad00\uc5d0 \ubb38\uc758\ud558\uc5ec \ucd94\uac00 \uc9c0\uc6d0\uc744 \ubc1b\uc744 \uc218 \uc788\uc2b5\ub2c8\ub2e4:\n<ul>\n \t<li><strong>\uc0ac\ub9c8\ub9ac\uc544\uc778:<\/strong>\u00a0\uc790\uc0b4 \ucda9\ub3d9, \uc6b0\uc6b8\uc99d \ub610\ub294 \ubd88\uc548\uc774 \uc788\ub294 \uc0ac\ub78c\ub4e4\uc744 \uc704\ud55c \uc9c0\uc6d0.<\/li>\n \t<li><strong>\uba38\ub2c8\ud5ec\ud37c:<\/strong>\u00a0moneyhelper.org.uk\uc5d0\uc11c \uc7ac\uc815 \uad00\ub828 \uc870\uc5b8\uc744 \ubc1b\uc73c\uc138\uc694.<\/li>\n \t<li><strong>\uc2dc\ubbfc \uc0c1\ub2f4:<\/strong>\u00a0\uc77c\ubc18\uc801\uc778 \uc870\uc5b8\uc740 b\u00fcrgerberatung.de\uc5d0\uc11c \ud655\uc778\ud558\uc138\uc694.<\/li>\n \t<li><strong>\uad6d\uac00 \ubd80\ucc44 \ud5ec\ud504\ub77c\uc778:<\/strong>\u00a0\ubd80\ucc44 \uad00\ub828 \ub3c4\uc6c0\ub9d0\uc740 nationale-schuldnerhilfe.de\uc5d0\uc11c \ud655\uc778\ud558\uc138\uc694.<\/li>\n \t<li><strong>\ub2e8\uacc4 \ubcc0\uacbd:<\/strong>\u00a0\uc7ac\uc815 \ubb38\uc81c \uad00\ub828 \uc9c0\uc6d0\uc740 stepchange.org\uc5d0\uc11c \ud655\uc778\ud558\uc138\uc694.<\/li>\n \t<li><strong>\uc815\uc2e0 \uac74\uac15 \uc7ac\ub2e8:<\/strong>\u00a0stiftung-psychische-gesundheit.de\uc758 \ub9ac\uc18c\uc2a4.<\/li>\n \t<li><strong>MIND:<\/strong>\u00a0mind.org.uk\uc758 \uc815\uc2e0 \uac74\uac15.<\/li>\n \t<li><strong>\uc54c\uce20\ud558\uc774\uba38 \ud611\ud68c:<\/strong>\u00a0\uce58\ub9e4\uc5d0 \ub300\ud55c \uc9c0\uc6d0\uc740 deutsche-alzheimer.de\uc5d0\uc11c \ud655\uc778\ud558\uc138\uc694.<\/li>\n \t<li><strong>\uc601\uad6d \uc655\ub9bd \uc2dc\uac01\uc7a5\uc560\uc778 \uc5f0\uad6c\uc18c(RNIB):<\/strong>\u00a0\uc2dc\uac01 \uc7a5\uc560\uc778\uc744 \uc704\ud55c \ub3c4\uc6c0\ub9d0\uc740 rnib.org.uk\uc5d0\uc11c \ud655\uc778\ud558\uc138\uc694.<\/li>\n \t<li><strong>\uccad\ub825 \uc190\uc2e4\uc5d0 \ub300\ud55c \uc870\uce58(RNID):<\/strong>\u00a0rnid.org.uk\uc5d0\uc11c \uccad\ub825 \uc190\uc2e4\uc5d0 \ub300\ud55c \uc9c0\uc6d0\uc744 \uc81c\uacf5\ud569\ub2c8\ub2e4.<\/li>\n<\/ul>\n<div><\/div>\n<div><\/div>\n<strong>LEGIER\ub294 \ubaa8\ub4e0 \uc0c1\ud669\uc5d0\uc11c \uace0\uac1d\uc758 \ud3b8\uc5d0 \uc11c\uc11c \ucd5c\uc0c1\uc758 \uc9c0\uc6d0\uc744 \uc81c\uacf5\ud558\uae30 \uc704\ud574 \ub178\ub825\ud569\ub2c8\ub2e4. \uace0\uac1d\uc778 \uc5ec\ub7ec\ubd84\uc740 \uc6b0\ub9ac\uc5d0\uac8c \uc18c\uc911\ud558\uace0 \ud568\uaed8\ud574\uc57c\ub9cc \uac15\ud574\uc9c0\uae30 \ub54c\ubb38\uc785\ub2c8\ub2e4.<\/strong>\n<div id=\"accessibility-panel\" class=\"card shadow bottom-0 end-0 mb-3 mt-3 p-2 z-3\"><\/div>\t\t\t\t\t\t\t\t<\/div>\n\t\t\t\t\t<\/div>\n\t\t\t\t<\/div>\n\t\t\t\t<\/div>","protected":false},"excerpt":{"rendered":"<p>Gef\u00e4hrdete Kunden LEGIER Beteiligungs mbH\u00a0(im Folgenden LEGIER genannt) und ihre verbundenen Marken ScandicEstate, ScandicPay, ScandicTrust und ScandicTrade legen gro\u00dfen Wert auf die Sicherheit und das Wohlergehen ihrer Kunden. Unser Ziel ist es, sicherzustellen, dass alle Kunden, insbesondere diejenigen, die aufgrund pers\u00f6nlicher Umst\u00e4nde als gef\u00e4hrdet gelten, angemessen unterst\u00fctzt und gesch\u00fctzt werden. &nbsp; Was ist ein gef\u00e4hrdeter [&hellip;]<\/p>\n","protected":false},"author":1,"featured_media":0,"parent":0,"menu_order":0,"comment_status":"closed","ping_status":"closed","template":"","meta":{"footnotes":""},"class_list":["post-744","page","type-page","status-publish","hentry"],"_links":{"self":[{"href":"https:\/\/legiergroup.info\/ko\/wp-json\/wp\/v2\/pages\/744","targetHints":{"allow":["GET"]}}],"collection":[{"href":"https:\/\/legiergroup.info\/ko\/wp-json\/wp\/v2\/pages"}],"about":[{"href":"https:\/\/legiergroup.info\/ko\/wp-json\/wp\/v2\/types\/page"}],"author":[{"embeddable":true,"href":"https:\/\/legiergroup.info\/ko\/wp-json\/wp\/v2\/users\/1"}],"replies":[{"embeddable":true,"href":"https:\/\/legiergroup.info\/ko\/wp-json\/wp\/v2\/comments?post=744"}],"version-history":[{"count":14,"href":"https:\/\/legiergroup.info\/ko\/wp-json\/wp\/v2\/pages\/744\/revisions"}],"predecessor-version":[{"id":1949,"href":"https:\/\/legiergroup.info\/ko\/wp-json\/wp\/v2\/pages\/744\/revisions\/1949"}],"wp:attachment":[{"href":"https:\/\/legiergroup.info\/ko\/wp-json\/wp\/v2\/media?parent=744"}],"curies":[{"name":"wp","href":"https:\/\/api.w.org\/{rel}","templated":true}]}}