{"id":764,"date":"2025-09-17T01:29:15","date_gmt":"2025-09-17T01:29:15","guid":{"rendered":"https:\/\/legiergroup.info\/?page_id=764"},"modified":"2025-10-21T13:38:13","modified_gmt":"2025-10-21T13:38:13","slug":"%ec%97%98%eb%a6%ac%eb%a9%98%ed%84%b0-764-%ed%8e%98%ec%9d%b4%ec%a7%80","status":"publish","type":"page","link":"https:\/\/legiergroup.info\/ko\/elementor-seite-764\/","title":{"rendered":"\ud604\ub300\ud310 \ub178\uc608\ubc95"},"content":{"rendered":"<div data-elementor-type=\"wp-page\" data-elementor-id=\"764\" class=\"elementor elementor-764\" data-elementor-post-type=\"page\">\n\t\t\t\t<div class=\"elementor-element elementor-element-f9c3d18 e-flex e-con-boxed e-con e-parent\" data-id=\"f9c3d18\" data-element_type=\"container\" data-e-type=\"container\">\n\t\t\t\t\t<div class=\"e-con-inner\">\n\t\t\t\t<div class=\"elementor-element elementor-element-33ad196 elementor-widget elementor-widget-text-editor\" data-id=\"33ad196\" data-element_type=\"widget\" data-e-type=\"widget\" data-widget_type=\"text-editor.default\">\n\t\t\t\t\t\t\t\t\t<h1>\ub178\uc608 \ubc0f \uc778\uac04 \ucc29\ucde8 \ubc29\uc9c0\uc5d0 \uad00\ud55c \uc120\uc5b8\ubb38<\/h1><div><br><\/div>\n<h2>\uc18c\uac1c<\/h2><div><br><\/div>\n<p>\uc774 \uc131\uba85\uc11c\ub294 LEGIER Beteiligungs mbH\uc640 \uadf8 \ube0c\ub79c\ub4dc\uc778 SCANDIC FLY, SCANDIC YACHTS, SANDIC ESTATE, SCANDIC TRADE, SCANDIC PAY, SCANDIC COIN \ubc0f SCANDIC TRUST\uac00 2015 \ud604\ub300\ud310 \ub178\uc608\ubc95(Modern Slavery Act)\uc758 \uc694\uad6c\uc0ac\ud56d\uc744 \uc900\uc218\ud558\uae30 \uc704\ud574 \ucde8\ud55c \uc870\uce58\ub97c \uc694\uc57d\ud55c \uac83\uc785\ub2c8\ub2e4.<\/p><p><br><\/p>\n<h2>\ucd5c\uc6b0\uc120 \ubaa9\ud45c<\/h2><div><br><\/div>\n<p>LEGIER Beteiligungs mbH\ub294 \ubaa8\ubc94 \uae30\uc5c5 \uad00\ud589\uacfc \uc724\ub9ac\uc801 \uac00\uce58\uc5d0 \uc804\ub150\ud569\ub2c8\ub2e4. \uc6b0\ub9ac\ub294 \uae30\uc5c5 \uac00\uce58\uc640 \uc815\ucc45\uc5d0 \ub530\ub77c \ubaa8\ub4e0 \ube44\uc988\ub2c8\uc2a4 \uad00\uacc4\uc640 \ud504\ub85c\uc138\uc2a4\uc5d0\uc11c \uc724\ub9ac\uc801\uc774\uace0 \uc815\uc9c1\ud558\uac8c \ud589\ub3d9\ud569\ub2c8\ub2e4. \ub610\ud55c \uacf5\uae09\ub9dd\uc758 \uad6c\uc131\uc6d0\ub4e4\ub3c4 \uc774\ub7ec\ud55c \uae30\uc900\uc744 \uc900\uc218\ud558\ub3c4\ub85d \ubaa8\ub4e0 \ud569\ub9ac\uc801\uc778 \uc870\uce58\ub97c \ucde8\ud569\ub2c8\ub2e4. \uc5ec\uae30\uc5d0\ub294 \ud2b9\ud788 \ud604\ub300\ud310 \ub178\uc608 \ubc0f \uc778\uc2e0\ub9e4\ub9e4 \ubc29\uc9c0\uac00 \ud3ec\ud568\ub429\ub2c8\ub2e4.<\/p>\n<p>\uc9c1\uc6d0\ub4e4\uc740 \ud655\ub9bd\ub41c \ubcf4\uace0 \ucc44\ub110\uc744 \ud1b5\ud574 Facebook\uc758 \uac00\uce58\uc640 \uc815\ucc45\uc744 \uc900\uc218\ud558\uc9c0 \uc54a\ub294 \uac83\uc5d0 \ub300\ud55c \uc6b0\ub824\ub97c \ubcf4\uace0\ud574\uc57c \ud569\ub2c8\ub2e4. LEGIER Beteiligungs mbH \uacbd\uc601\uc9c4\uacfc \uc774\uc0ac\ud68c\ub294 \ubcf4\uace0\ub41c \ubaa8\ub4e0 \uc6b0\ub824 \uc0ac\ud56d\uc5d0 \ub300\ud574 \uc989\uac01\uc801\uc73c\ub85c \ub300\uc751\ud560 \uac83\uc744 \uc57d\uc18d\ud569\ub2c8\ub2e4.<\/p><p><br><\/p>\n<h2>\ube44\uc988\ub2c8\uc2a4 \ubc0f \uc870\uc9c1 \uad6c\uc870<\/h2><div><br><\/div>\n<p>30\ub144 \uc804\uc5d0 \uc124\ub9bd\ub41c LEGIER Beteiligungs mbH\ub294 \uae00\ub85c\ubc8c \ub300\uae30\uc5c5\uc785\ub2c8\ub2e4. \ub2e4\uc74c\uacfc \uac19\uc740 \ub2e4\uc591\ud55c \uc11c\ube44\uc2a4\ub97c \uc81c\uacf5\ud569\ub2c8\ub2e4:<\/p>\n<ul>\n<li><b>\ubbf8\ub514\uc5b4:<\/b>&nbsp;\ubaa8\ub4e0 \ub300\ub959\uc5d0\uc11c 115\uac1c \uc77c\uac04\uc9c0 \uc18c\uc720<\/li>\n<li><b>\ud56d\uacf5\uae30 \uc804\uc138 \ubc0f \ud56d\uacf5 \ubcf4\uc548 \uc194\ub8e8\uc158:<\/b>&nbsp;ScandicFly\ub97c \ud1b5\ud574<\/li>\n<li><b>\uc694\ud2b8 \uc804\uc138:<\/b>&nbsp;Scandic Yachts<\/li>\n<li><b>\ubd80\ub3d9\uc0b0:<\/b>&nbsp;Sandic Estate<\/li>\n<li><b>\ud2b8\ub808\uc774\ub529 \uc11c\ube44\uc2a4:<\/b>&nbsp;Scandic Trade\ub97c \ud1b5\ud574<\/li>\n<li><b>\uacb0\uc81c \uc11c\ube44\uc2a4:<\/b>&nbsp;Scandic Pay\ub97c \ud1b5\ud574<\/li>\n<li><b>\uc554\ud638\ud654\ud3d0 \uc11c\ube44\uc2a4:<\/b>&nbsp;Scandic \ucf54\uc778\uc744 \ud1b5\ud574<\/li>\n<li><b>\uc2e0\ud0c1 \uc11c\ube44\uc2a4:<\/b>&nbsp;Scandic Trust\ub97c \ud1b5\ud574<\/li>\n<\/ul><div><br><\/div><div><br><\/div>\n<h3>ScandicFly \uc81c\ud2b8 \uc804\uc138\uc5d0\uc11c \uc81c\uacf5\ud558\ub294 \uc11c\ube44\uc2a4 \ud655\uc7a5<\/h3><div><br><\/div>\n<p>ScandicFly \uc81c\ud2b8\uae30 \uc804\uc138\ub294 \uac1c\uc778 \ubc0f \ube44\uc988\ub2c8\uc2a4 \uace0\uac1d\uc744 \uc704\ud55c \ub9de\ucda4\ud615 \ube44\ud589 \uc194\ub8e8\uc158\uc744 \uc81c\uacf5\ud569\ub2c8\ub2e4. \ub2e8\uac70\ub9ac\uc6a9 \uc18c\ud615 \uc81c\ud2b8\uae30\ubd80\ud130 \uc7a5\uac70\ub9ac \ube44\ud589\uc6a9 \ub300\ud615 \ud56d\uacf5\uae30\uae4c\uc9c0 \ub2e4\uc591\ud55c \ud56d\uacf5\uae30\ub97c \ubcf4\uc720\ud558\uace0 \uc788\uc2b5\ub2c8\ub2e4. \ucf00\uc774\ud130\ub9c1, \uc9c0\uc0c1 \uc6b4\uc1a1 \ubc0f \ucee8\uc2dc\uc5b4\uc9c0 \uc11c\ube44\uc2a4\uc640 \uac19\uc740 \ucd94\uac00 \uc11c\ube44\uc2a4\ub3c4 \uc81c\uacf5\ud569\ub2c8\ub2e4. \ud56d\uacf5 \uc548\uc804 \ubd84\uc57c\uc5d0\uc11c\ub294 \uace0\uac1d\uacfc \uc9c1\uc6d0\uc758 \uc548\uc804\uc744 \ubcf4\uc7a5\ud558\uae30 \uc704\ud574 \uc704\ud5d8 \ud3c9\uac00, \uc548\uc804 \uac10\uc0ac \ubc0f \uc2b9\ubb34\uc6d0 \uad50\uc721\uc744 \ud3ec\ud568\ud55c \ud3ec\uad04\uc801\uc778 \uc194\ub8e8\uc158\uc744 \uc81c\uacf5\ud569\ub2c8\ub2e4.<\/p><p><br><\/p>\n<h2>\uacf5\uae09\ub9dd<\/h2><div><br><\/div>\n<p>\ub2f9\uc0ac\uc758 \uacf5\uae09\uc5c5\uccb4\ub294 \uc8fc\ub85c \uc790\uccb4 \ube0c\ub79c\ub4dc\uc640 \uc804\ubb38 \uc11c\ube44\uc2a4 \uc81c\uacf5\uc5c5\uccb4\ub85c \uad6c\uc131\ub418\uc5b4 \uc788\uc2b5\ub2c8\ub2e4. \uc774\ub7ec\ud55c \uc11c\ube44\uc2a4 \uc81c\uacf5\uc5c5\uccb4\ub294 \uc77c\ubc18\uc801\uc73c\ub85c \uc790\uccb4 \uacf5\uae09\ub9dd \uc815\ucc45\uacfc \uc724\ub9ac \uae30\uc900\uc744 \uac16\ucd98 \ub300\uae30\uc5c5\uc785\ub2c8\ub2e4. \ub2f9\uc0ac\uc758 \uc11c\ube44\uc2a4, \uc8fc\uc694 \uc704\uce58 \ubc0f \ub2f9\uc0ac\uac00 \uad00\uc5ec\ud558\ub294 \uacf5\uae09\uc5c5\uccb4\uc758 \ud2b9\uc131\uc73c\ub85c \uc778\ud574 \uacf5\uae09\ub9dd\uc5d0\uc11c \ud604\ub300\ud310 \ub178\uc608\uac00 \ubc1c\uc0dd\ud560 \uc704\ud5d8\uc740 \ub0ae\ub2e4\uace0 \uc0dd\uac01\ud569\ub2c8\ub2e4.<\/p><p><br><\/p>\n<h2>\uac00\uc774\ub4dc\ub77c\uc778<\/h2><div><br><\/div>\n<p>Facebook\uc740 \uc2e0\uc785 \ubc0f \uae30\uc874 \uc9c1\uc6d0\uc744 \ub300\uc0c1\uc73c\ub85c \uc815\uae30\uc801\uc778 \uad50\uc721\uc744 \ud1b5\ud574 \uc724\ub9ac\uc801 \ube44\uc988\ub2c8\uc2a4 \uad00\ud589\uc5d0 \ub300\ud55c \uc815\ucc45\uc744 \uac15\ud654\ud569\ub2c8\ub2e4. Facebook\uc758 \ube44\uc988\ub2c8\uc2a4 \uc724\ub9ac \uc815\ucc45\uc740 \uc0ac\ud68c\uc801, \uc724\ub9ac\uc801 \ucc45\uc784 \uce21\uba74\uc5d0\uc11c \ub192\uc740 \uae30\uc900\uc744 \ucda9\uc871\ud558\ub294 \uacf5\uae09\uc5c5\uccb4\uc640\ub9cc \ud611\ub825\ud558\ub3c4\ub85d \uaddc\uc815\ud558\uace0 \uc788\uc2b5\ub2c8\ub2e4. \uc0c8\ub85c\uc6b4 \ube44\uc988\ub2c8\uc2a4 \uad00\uacc4\ub97c \ub9fa\uac70\ub098 \uc0c8\ub85c\uc6b4 \uc0ac\uc5c5 \uc601\uc5ed\uc73c\ub85c \ud655\uc7a5\ud560 \ub54c\ub294 \uadf8\ub8f9 \uc804\uccb4\uc5d0 \ub3d9\uc77c\ud55c \uae30\uc900\uc774 \uc720\uc9c0\ub420 \uc218 \uc788\ub3c4\ub85d \uc801\uc808\ud55c \uc2e4\uc0ac\ub97c \uc218\ud589\ud569\ub2c8\ub2e4. \ubaa8\ub4e0 \uacf5\uae09\uc5c5\uccb4\ub85c\ubd80\ud130 \ub2f9\uc0ac\uc758 \uae30\uc900\uc744 \uc900\uc218\ud55c\ub2e4\ub294 \ud655\uc57d\uc744 \uc5bb\uae30 \uc704\ud574 \ub178\ub825\ud569\ub2c8\ub2e4. \ub610\ud55c \ubaa8\ub4e0 \ud65c\ub3d9\uc5d0\uc11c \ubaa8\ub4e0 \uc774\ud574\uad00\uacc4\uc790\uc640 \ub300\uc911\uc758 \uac74\uac15\uacfc \uc548\uc804\uc744 \uace0\ub824\ud569\ub2c8\ub2e4.<\/p>\n<p>\uc9c1\uc6d0\ub4e4\uc740 LEGIER Beteiligungs mbH\uc758 \uc5f0\ub840 \ubcf4\uace0\uc11c \ubc0f \ud68c\uacc4\uc5d0 \uc124\uba85\ub41c \ub300\ub85c \uba85\ud655\ud558\uac8c \uc815\uc758\ub41c \uc704\ud5d8 \uad00\ub9ac \ud504\ub808\uc784\uc6cc\ud06c \ub0b4\uc5d0\uc11c \uc6b0\ub824 \uc0ac\ud56d, \uacbd\uace0, \uc190\uc2e4 \ubc0f \uc544\ucc28\uc0ac\uace0\ub97c \uae30\ubc00\ub85c \ubcf4\uace0\ud558\ub3c4\ub85d \uad8c\uc7a5\ub429\ub2c8\ub2e4. \uc804\ubc18\uc801\uc778 \uc704\ud5d8 \ub4f1\ub85d\uacfc \uc9c1\uc6d0\ub4e4\uc774 \uc81c\uae30\ud558\ub294 \ubaa8\ub4e0 \uc6b0\ub824 \uc0ac\ud56d\uc740 \uacbd\uc601\uc9c4\uacfc \uc774\uc0ac\ud68c\uc5d0\uc11c \uc815\uae30\uc801\uc73c\ub85c \uac80\ud1a0\ud569\ub2c8\ub2e4. \ud604\ub300\ud310 \ub178\uc608 \ubc0f \uc778\uc2e0\ub9e4\ub9e4\uc640 \uad00\ub828\ub41c \ubb38\uc81c\ub97c \ud3ec\ud568\ud55c \uacf5\uae09\ub9dd \ubb38\uc81c\ub294 \uc774 \ud504\ub808\uc784\uc6cc\ud06c \ub0b4\uc5d0\uc11c \ub2e4\ub8e8\uc5b4\uc9c0\uace0 \uc989\uac01\uc801\uc73c\ub85c \ud574\uacb0\ub429\ub2c8\ub2e4.<\/p><p><br><\/p>\n<h2>\ucc44\uc6a9<\/h2><div><br><\/div>\n<p>\uae00\ub85c\ubc8c \uc870\uc9c1\uc778 Facebook\uc740 \uc601\uad6d, \uc720\ub7fd, \ubbf8\uad6d, \uc911\ub3d9, \uc544\uc2dc\uc544 \ub4f1 \uc5ec\ub7ec \uad6d\uac00\uc5d0\uc11c \uc9c1\uc6d0\uc744 \ucc44\uc6a9\ud558\uace0 \uc788\uc2b5\ub2c8\ub2e4. \ucc44\uc6a9 \uacfc\uc815\uc5d0\uc11c \uadfc\ub85c\uad8c \ud655\uc778 \ub4f1 \ucca0\uc800\ud55c \uac80\uc99d\uc744 \ud1b5\ud574 \uc9c1\uc6d0\ub4e4\uc774 \uc790\ubc1c\uc801\uc73c\ub85c \uc77c\ud558\uace0 \uc788\uc73c\uba70 \ud604\ub300\ud310 \ub178\uc608\ub098 \uc778\uc2e0\ub9e4\ub9e4\uc758 \uc601\ud5a5\uc744 \ubc1b\uc9c0 \uc54a\ub294\uc9c0 \ud655\uc778\ud569\ub2c8\ub2e4. \ubaa8\ub4e0 \uc9c1\uc6d0\uc5d0\uac8c \ud574\ub2f9 \uc9c0\uc5ed\uc758 \ubc95\uc815 \ucd5c\uc800\uc784\uae08 \uc774\uc0c1\uc744 \uc9c0\uae09\ud558\uace0 \uc774\ub97c \uc815\uae30\uc801\uc73c\ub85c \uac80\ud1a0\ud569\ub2c8\ub2e4. \ub2e4\uc591\uc131 \ubc0f \ud3ec\uc6a9\uc131 \uc815\ucc45\uc740 \ubaa8\ub4e0 \ud615\ud0dc\uc758 \ucc28\ubcc4\uc774\ub098 \ud76c\uc0dd\uc744 \uae08\uc9c0\ud569\ub2c8\ub2e4. \ubaa8\ub4e0 \uc9c1\uc6d0\uc758 \uae09\uc5ec\ub294 \uc740\ud589 \uc1a1\uae08\uc73c\ub85c \uc9c0\uae09\ub418\uba70, \uc81c3\uc790\uc5d0\uac8c \uc9c0\uae09\ud558\ub294 \uac83\uc744 \ud5c8\uc6a9\ud558\uc9c0 \uc54a\uc2b5\ub2c8\ub2e4. \ub2f9\uc0ac\uc640 \ud611\ub825\ud558\ub294 \ubaa8\ub4e0 \ucc44\uc6a9 \ub300\ud589\uc0ac\ub294 \ud604\ub300\ud310 \ub178\uc608 \ubc0f \uc778\uc2e0\ub9e4\ub9e4 \ubc29\uc9c0 \uc815\ucc45\uc744 \ub9c8\ub828\ud558\uac70\ub098 \uadf8\ub7ec\ud55c \uad00\ud589\uc744 \uadfc\uc808\ud558\uae30 \uc704\ud574 \ub178\ub825\ud560 \uac83\uc744 \uc694\uad6c\ud569\ub2c8\ub2e4.<\/p><p><br><\/p>\n<h2>\ud504\ub85c\uc138\uc2a4 \uac1c\uc120<\/h2><div><br><\/div>\n<p>\uc2e4\uc0ac \ud504\ub85c\uc138\uc2a4\ub97c \uc9c0\uc18d\uc801\uc73c\ub85c \uac1c\uc120\ud558\uace0 \ubaa8\ub4e0 \uc9c1\uc6d0\uc744 \ub300\uc0c1\uc73c\ub85c \ub354 \ub9ce\uc740 \uad50\uc721\uacfc \uc778\uc2dd \uc81c\uace0 \uc870\uce58\ub97c \uc2e4\uc2dc\ud560 \uac83\uc785\ub2c8\ub2e4.<\/p><p><br><\/p>\n<h2>\ubc95\ub960 \uc900\uc218<\/h2><div><br><\/div>\n<p>LEGIER Beteiligungs mbH\ub294 \uae00\ub85c\ubc8c \uc870\uc9c1\uc73c\ub85c\uc11c \ud604\ub300\ud310 \ub178\uc608\uc640 \uc778\uc2e0\ub9e4\ub9e4\ub97c \ubc29\uc9c0\ud558\uae30 \uc704\ud55c \ub2e4\uc591\ud55c \uad6d\ub0b4 \ubc0f \uad6d\uc81c\ubc95\uc758 \uc801\uc6a9\uc744 \ubc1b\uc2b5\ub2c8\ub2e4. \uc601\uad6d\uc5d0\uc11c\ub294 \uacf5\uae09\ub9dd\uc5d0\uc11c \ub178\uc608 \ubc0f \uc778\uc2e0\ub9e4\ub9e4\ub97c \ubc29\uc9c0\ud558\uae30 \uc704\ud55c \uc870\uce58\ub97c \uc124\uba85\ud558\ub294 \uc5f0\ub840 \uc131\uba85\uc11c\ub97c \ubc1c\ud45c\ud558\uc5ec \ud604\ub300\ud310 \ub178\uc608\ubc95 2015\uc758 \uc694\uac74\uc744 \ucda9\uc871\ud569\ub2c8\ub2e4. \ub3c5\uc77c\uc5d0\uc11c\ub294 \uacf5\uae09\ub9dd \uc2e4\uc0ac\ubc95\uc744 \uc900\uc218\ud558\uc5ec \uacf5\uae09\ub9dd \uc2e4\uc0ac\ub97c \uc2dc\ud589\ud558\uace0 \uadf8 \ub178\ub825\uc744 \ubcf4\uace0\ud558\ub3c4\ub85d \uc694\uad6c\ud558\uace0 \uc788\uc2b5\ub2c8\ub2e4. \ub2f9\uc0ac\ub294 \uc0ac\uc5c5\uc744 \uc6b4\uc601\ud558\ub294 \uad6d\uac00\uc758 \ubaa8\ub4e0 \uad00\ub828 \ubc95\ub960\uacfc \uaddc\uc815\uc744 \uc900\uc218\ud558\uae30 \uc704\ud574 \ub178\ub825\ud569\ub2c8\ub2e4.<\/p><p><br><\/p>\n<h2>\ud68c\uc0ac\uc5d0\uc11c \uc2b9\uc778<\/h2><div><br><\/div>\n<p>\uc774 \uc131\uba85\uc11c\ub294 2015\ub144 \ud604\ub300\ud310 \ub178\uc608\ubc95 54(1)\uc870\uc5d0 \ub530\ub77c \uc791\uc131\ub418\uc5c8\uc73c\uba70 LEGIER Beteiligungs mbH \uc704\uc6d0\ud68c\uc758 \uc2b9\uc778\uc744 \ubc1b\uc558\uc2b5\ub2c8\ub2e4. \uc774 \uc815\ucc45\uc740 \ubc95\uc758 \ubcf4\uace0 \uc694\uac74\uc5d0 \ub530\ub77c \ub9e4\ub144 \uc5c5\ub370\uc774\ud2b8\ub429\ub2c8\ub2e4.<\/p><p><br><\/p>\n<p><strong>\ud14c\ud2f0\uc544\ub098 \uc2a4\ud0c0\ub85c\uc218\ub4dc,<\/strong><br>\ucd5c\uace0 \uacbd\uc601\uc790<\/p>\t\t\t\t\t\t\t\t<\/div>\n\t\t\t\t\t<\/div>\n\t\t\t\t<\/div>\n\t\t\t\t<\/div>","protected":false},"excerpt":{"rendered":"<p>Erkl\u00e4rung zur Verhinderung von Sklaverei und menschlicher Ausbeutung Einleitung Diese Erkl\u00e4rung fasst die Ma\u00dfnahmen zusammen, die die LEGIER Beteiligungs mbH und ihre Marken \u2013 SCANDIC FLY, SCANDIC YACHTS, SANDIC ESTATE, SCANDIC TRADE, SCANDIC PAY, SCANDIC COIN und SCANDIC TRUST \u2013 zur Erf\u00fcllung der Anforderungen des Modern Slavery Act 2015 ergriffen haben. \u00dcbergeordnetes Ziel Die LEGIER [&hellip;]<\/p>\n","protected":false},"author":1,"featured_media":0,"parent":0,"menu_order":0,"comment_status":"closed","ping_status":"closed","template":"","meta":{"footnotes":""},"class_list":["post-764","page","type-page","status-publish","hentry"],"_links":{"self":[{"href":"https:\/\/legiergroup.info\/ko\/wp-json\/wp\/v2\/pages\/764","targetHints":{"allow":["GET"]}}],"collection":[{"href":"https:\/\/legiergroup.info\/ko\/wp-json\/wp\/v2\/pages"}],"about":[{"href":"https:\/\/legiergroup.info\/ko\/wp-json\/wp\/v2\/types\/page"}],"author":[{"embeddable":true,"href":"https:\/\/legiergroup.info\/ko\/wp-json\/wp\/v2\/users\/1"}],"replies":[{"embeddable":true,"href":"https:\/\/legiergroup.info\/ko\/wp-json\/wp\/v2\/comments?post=764"}],"version-history":[{"count":17,"href":"https:\/\/legiergroup.info\/ko\/wp-json\/wp\/v2\/pages\/764\/revisions"}],"predecessor-version":[{"id":1811,"href":"https:\/\/legiergroup.info\/ko\/wp-json\/wp\/v2\/pages\/764\/revisions\/1811"}],"wp:attachment":[{"href":"https:\/\/legiergroup.info\/ko\/wp-json\/wp\/v2\/media?parent=764"}],"curies":[{"name":"wp","href":"https:\/\/api.w.org\/{rel}","templated":true}]}}