{"id":1825,"date":"2025-10-21T13:49:15","date_gmt":"2025-10-21T13:49:15","guid":{"rendered":"https:\/\/legiergroup.info\/?page_id=1825"},"modified":"2025-10-21T14:08:21","modified_gmt":"2025-10-21T14:08:21","slug":"scandic-trade","status":"publish","type":"page","link":"https:\/\/legiergroup.info\/lt\/scandic-trade\/","title":{"rendered":"Scandic Trade"},"content":{"rendered":"<div data-elementor-type=\"wp-page\" data-elementor-id=\"1825\" class=\"elementor elementor-1825\" data-elementor-post-type=\"page\">\n\t\t\t\t<div class=\"elementor-element elementor-element-24ad50c e-flex e-con-boxed e-con e-parent\" data-id=\"24ad50c\" data-element_type=\"container\" data-e-type=\"container\">\n\t\t\t\t\t<div class=\"e-con-inner\">\n\t\t\t\t<div class=\"elementor-element elementor-element-9111cd0 elementor-widget elementor-widget-text-editor\" data-id=\"9111cd0\" data-element_type=\"widget\" data-e-type=\"widget\" data-widget_type=\"text-editor.default\">\n\t\t\t\t\t\t\t\t\t<div class=\"elementor-scandictrade-section\">\n\n  <div>\n    <img decoding=\"async\" class=\"gold_image\" src=\"https:\/\/legiergroup.info\/wp-content\/uploads\/2025\/09\/final-scandic-trade-PNG.png\" width=\"100%\" alt=\"SCANDIC TRADE\" \/>\n  <\/div>\n\n  <h1 class=\"text-center\">ScandicTprekyba pagal Legier<\/h1>\n\n  <p class=\"fs-4 fw-bold text-center\">\n    SCANDIC TRADE yra naujas Kipro investicin\u0117s \u012fmon\u0117s (CIF) verslo padalinys, bendradarbiaujantis su LEGIER Beteiligungs mbH.\n    \u0160iuo metu platform\u0105 reguliuoja Kipro Sec vertybini\u0173 popieri\u0173 bir\u017eos komisija (CySEC), o tai sukuria pasitik\u0117jim\u0105 ir patikimum\u0105.\n  <\/p>\n\n  <h2>\u012evairios prekybos galimyb\u0117s<\/h2>\n  <p>SCANDIC TRADE si\u016blo plat\u0173 finansini\u0173 priemoni\u0173 asortiment\u0105:<\/p>\n  <ul>\n    <li><strong>Akcijos ir indeksai:<\/strong> Toki\u0173 indeks\u0173 kaip DAX, Dow Jones ir toki\u0173 \u012fmoni\u0173 kaip Apple ar SAP akcij\u0173 CFD.<\/li>\n    <li><strong>Forex:<\/strong> Prekyba valiut\u0173 poromis, spredai nuo 0 pips.<\/li>\n    <li><strong>Metalai:<\/strong> Auksas, sidabras ir platina - diversifikacijai.<\/li>\n    <li><strong>\u017daliavos ir energija:<\/strong> \u017ealios naftos ir kit\u0173 rink\u0173 CFD.<\/li>\n    <li><strong>Ateities sandoriai:<\/strong> Vokietijos 40 indeksas arba JAV 10 met\u0173 trukm\u0117s obligacijos.<\/li>\n    <li><strong>Kriptovaliutos:<\/strong> \"Bitcoin\", \"Ethereum\", \"Solana\" ir dar daugiau.<\/li>\n  <\/ul>\n  <p>Tokia \u012fvairov\u0117 leid\u017eia vartotojams diversifikuoti portfelius ir pasinaudoti rinkos poky\u010diais.<\/p>\n\n  <h2>Prieinamumas ir bendruomen\u0117<\/h2>\n  <p>Platforma leid\u017eia prekiauti paprastai, suprantamai ir \u012fdomiai - tiek pradedantiesiems, tiek profesionalams. SCANDIC TRADE skatina pasaulin\u0119 bendruomen\u0119, kurioje dalijamasi \u017einiomis, kad kartu b\u016bt\u0173 galima s\u0117kmingai investuoti. \u0160vietimas yra prioritetas: investavimo bendruomen\u0117 remia pradedan\u010di\u0173j\u0173 ir ekspert\u0173 keitim\u0105si \u017einiomis, kad did\u0117t\u0173 \u017einios ir gerov\u0117.<\/p>\n\n  <h2>Inovatyvi technologija<\/h2>\n  <p>SCANDIC TRADE si\u016blo intuityvi\u0105 platform\u0105 su profesionaliomis priemon\u0117mis, skirtomis vis\u0173 lygi\u0173 specialistams. Svarbiausi dalykai - i\u0161manieji portfeliai, kuriuose turtas suskirstytas pagal temas, pavyzd\u017eiui, 5G arba atsinaujinan\u010dioji energija. Juose naudojami algoritmai, ma\u0161ininis mokymasis ir dirbtinis intelektas, kad strategijos b\u016bt\u0173 pritaikytos prie rinkos s\u0105lyg\u0173. Skaitmeninio turto, pavyzd\u017eiui, eterio ar litecoino, asortimentas nuolat auga.<\/p>\n\n  <h2>Vietiniai privalumai<\/h2>\n  <p>GBP, EUR ir USD s\u0105skaitose i\u0161vengiama konvertavimo mokes\u010di\u0173 ir suteikiama vietin\u0117 prekybos patirtis. Klientai gauna SCANDIC TRADE debeto kortel\u0119, kad gal\u0117t\u0173 lengvai naudotis savo l\u0117\u0161omis.<\/p>\n\n  <h2>Prekyba apyvartiniais tar\u0161os leidimais<\/h2>\n  <p>SCANDIC TRADE suteikia galimyb\u0119 prekiauti CO\u2082 sertifikatais, pana\u0161iai kaip ES prekybos apyvartiniais tar\u0161os leidimais sistema (ATLPS). Tai atveria tvaraus investavimo galimybes ir tolesn\u012f diversifikavim\u0105.<\/p>\n\n  <p>Taigi SCANDIC TRADE derina \u012fvairias finansines priemones ir d\u0117mes\u012f skiria bendruomenei, \u0161vietimui ir technologijoms. Naudojant patogias priemones, i\u0161maniuosius portfelius ir vietin\u0119 naud\u0105, platforma pozicionuojama kaip prieinamas sprendimas visiems, norintiems padidinti savo \u017einias ir turt\u0105.<\/p>\n\n<\/div>\n\n<style>\n  .elementor-scandictrade-section {\n    max-width: 1000px;\n    margin: 0 auto;\n    color: #1a1a1a;\n    line-height: 1.8;\n    font-family: \"Helvetica Neue\", Helvetica, Arial, sans-serif;\n  }\n\n  .elementor-scandictrade-section h1 {\n    text-align: center;\n    font-size: 2.4rem;\n    margin-top: 2rem;\n    margin-bottom: 1rem;\n    color: black;\n    font-weight: 800;\n  }\n\n  .elementor-scandictrade-section h2 {\n    font-size: 1.5rem;\n    margin-top: 2.5rem;\n    margin-bottom: 0.75rem;\n    color: black;\n    font-weight: 700;\n  }\n\n  .elementor-scandictrade-section p {\n    margin-bottom: 1rem;\n  }\n\n  .elementor-scandictrade-section ul {\n    margin-left: 1.5rem;\n    margin-bottom: 1rem;\n  }\n\n  .elementor-scandictrade-section li {\n    margin-bottom: 0.5rem;\n  }\n\n  .elementor-scandictrade-section .fs-4 {\n    font-size: 1.25rem;\n  }\n\n  .elementor-scandictrade-section .fw-bold {\n    font-weight: 700;\n  }\n\n  .elementor-scandictrade-section .text-center {\n    text-align: center;\n  }\n\n  .elementor-scandictrade-section img {\n    border-radius: 12px;\n    box-shadow: 0 6px 18px rgba(0,0,0,0.1);\n    margin: 2rem 0;\n  }\n<\/style>\n\t\t\t\t\t\t\t\t<\/div>\n\t\t\t\t\t<\/div>\n\t\t\t\t<\/div>\n\t\t\t\t<\/div>","protected":false},"excerpt":{"rendered":"<p>ScandicTrade by Legier SCANDIC TRADE ist eine neue Gesch\u00e4ftseinheit einer zypriotischen Investmentfirma (CIF) in Zusammenarbeit mit der LEGIER Beteiligungs mbH. Die Plattform wird derzeit von der Cyprus Securities Exchange Commission (CySEC) reguliert, was Vertrauen und Glaubw\u00fcrdigkeit schafft. Vielf\u00e4ltige Handelsm\u00f6glichkeiten SCANDIC TRADE bietet eine breite Palette von Finanzinstrumenten: Aktien und Indizes: CFDs auf Indizes wie DAX, [&hellip;]<\/p>\n","protected":false},"author":2,"featured_media":0,"parent":0,"menu_order":0,"comment_status":"closed","ping_status":"closed","template":"","meta":{"footnotes":""},"class_list":["post-1825","page","type-page","status-publish","hentry"],"_links":{"self":[{"href":"https:\/\/legiergroup.info\/lt\/wp-json\/wp\/v2\/pages\/1825","targetHints":{"allow":["GET"]}}],"collection":[{"href":"https:\/\/legiergroup.info\/lt\/wp-json\/wp\/v2\/pages"}],"about":[{"href":"https:\/\/legiergroup.info\/lt\/wp-json\/wp\/v2\/types\/page"}],"author":[{"embeddable":true,"href":"https:\/\/legiergroup.info\/lt\/wp-json\/wp\/v2\/users\/2"}],"replies":[{"embeddable":true,"href":"https:\/\/legiergroup.info\/lt\/wp-json\/wp\/v2\/comments?post=1825"}],"version-history":[{"count":16,"href":"https:\/\/legiergroup.info\/lt\/wp-json\/wp\/v2\/pages\/1825\/revisions"}],"predecessor-version":[{"id":1844,"href":"https:\/\/legiergroup.info\/lt\/wp-json\/wp\/v2\/pages\/1825\/revisions\/1844"}],"wp:attachment":[{"href":"https:\/\/legiergroup.info\/lt\/wp-json\/wp\/v2\/media?parent=1825"}],"curies":[{"name":"wp","href":"https:\/\/api.w.org\/{rel}","templated":true}]}}