{"id":772,"date":"2025-09-17T01:31:20","date_gmt":"2025-09-17T01:31:20","guid":{"rendered":"https:\/\/legiergroup.info\/?page_id=772"},"modified":"2025-10-23T11:55:44","modified_gmt":"2025-10-23T11:55:44","slug":"scandic-automobiliai","status":"publish","type":"page","link":"https:\/\/legiergroup.info\/lt\/scandic-cars\/","title":{"rendered":"Scandic Cars"},"content":{"rendered":"<div data-elementor-type=\"wp-page\" data-elementor-id=\"772\" class=\"elementor elementor-772\" data-elementor-post-type=\"page\">\n\t\t\t\t<div class=\"elementor-element elementor-element-0cafc05 e-flex e-con-boxed e-con e-parent\" data-id=\"0cafc05\" data-element_type=\"container\" data-e-type=\"container\">\n\t\t\t\t\t<div class=\"e-con-inner\">\n\t\t\t\t<div class=\"elementor-element elementor-element-f095092 elementor-widget elementor-widget-text-editor\" data-id=\"f095092\" data-element_type=\"widget\" data-e-type=\"widget\" data-widget_type=\"text-editor.default\">\n\t\t\t\t\t\t\t\t\t<img decoding=\"async\" class=\"mt-2 mb-2\" src=\"https:\/\/legiergroup.info\/wp-content\/uploads\/2025\/10\/scandiccars_by_legier.jpg\" width=\"100%\" \/>\n<h1>SCANDIC CARS: naujai apibr\u0117\u017etas prabangus mobilumas<\/h1>\nSveiki atvyk\u0119 \u012f ScandicCars, pirmaujant\u012f pasaulin\u012f \u017einomos LEGIER GROUP prek\u0117s \u017eenkl\u0105. LEGIER GROUP yra \u012fvairus tarptautinis konglomeratas, turintis 30 met\u0173 s\u0117km\u0117s istorij\u0105 ir valdantis 115 dienra\u0161\u010di\u0173, kurie vis\u0105 par\u0105 skelbia aktualias naujienas visuose pasaulio \u017eemynuose. B\u016bdami i\u0161skirtinio SCANDIC prek\u0117s \u017eenklo tinklo nariai, si\u016blome kur kas daugiau nei tik transporto priemoni\u0173 nuom\u0105. ScandicCars yra j\u016bs\u0173 raktas \u012f gyvenimo b\u016bd\u0105, kupin\u0105\u00a0<strong>Prabangus<\/strong>,\u00a0<strong>Inovacijos<\/strong>\u00a0ir\u00a0<strong>i\u0161skirtin\u0117 paslauga<\/strong>.\n\nOb anspruchsvolle Privatkunden oder Unternehmen mit h\u00f6chsten Anspr\u00fcchen \u2013 wir schaffen ma\u00dfgeschneiderte Mobilit\u00e4tsl\u00f6sungen. Unser Versprechen: unvergleichlicher Komfort, h\u00f6chste Flexibilit\u00e4t und ein unerm\u00fcdliches Streben nach Perfektion. Wir erf\u00fcllen Ihre Erwartungen nicht nur \u2013 wir \u00fcbertreffen sie.\n<h2>M\u016bs\u0173 filosofija: tobulos kult\u016bros skatinimas<\/h2>\nF\u00fcr uns ist ein Automobil nicht blo\u00df ein Transportmittel, sondern Ausdruck von Stil, Sicherheit und individueller Freiheit. Es geht nicht nur darum, von A nach B zu kommen \u2013 sondern wie Sie dort ankommen.\n\nEntsprechend gestalten wir jedes Detail Ihrer Anmietung nach Ihren W\u00fcnschen. Wir verbinden klassische Werte wie\u00a0<strong>Pasitik\u0117jimas<\/strong>\u00a0ir\u00a0<strong>Diskrecija<\/strong>\u00a0su \u0161iuolaikin\u0117mis technologijomis, kad b\u016bt\u0173 sukurtas profesionalus ir prabangus pasi\u016blymas. Suteikiama laisv\u0117 va\u017eiuoti b\u016btent tuo, kuo norite, ir b\u016btent tada, kai norite - be prabangios transporto priemon\u0117s \u012fsigijimo \u012fsipareigojim\u0173. Kam tur\u0117ti nuosav\u0105 presti\u017ein\u012f automobil\u012f, jei ScandicCars suteikia galimyb\u0119 naudotis savo svajoni\u0173 transporto priemone, kada tik panor\u0117site?\n<h2>M\u016bs\u0173 transporto priemoni\u0173 parkas: automobili\u0173 pasaulio ikonos<\/h2>\nM\u016bs\u0173 i\u0161skirtin\u012f automobili\u0173 park\u0105 sudaro geid\u017eiamiausi automobili\u0173 pasaulio modeliai - kiekvienas i\u0161 j\u0173 yra in\u017einerijos, na\u0161umo ir elegancijos simbolis. Si\u016blome transporto priemoni\u0173 kiekvienam skoniui:\n<ul>\n \t<li>\"Harman SF50 Stradale\" - naujus standartus nustatantis supersportinis automobilis<\/li>\n \t<li>\"Lamborghini Urus\" (Special Edition) - \u012fsp\u016bdingos charakteristikos<\/li>\n \t<li>\"Rolls-Royce Cullinan II\" visureigis - didinga elegancija<\/li>\n \t<li>\"Porsche 911 Carrera Cabriolet\" - grynas vairavimo malonumas atvir\u0173 sportini\u0173 automobili\u0173 m\u0117g\u0117jams<\/li>\n \t<li>\"Audi RS e-tron GT\" ir BMW i70\/i50 - naujausia elektrin\u0117 galia ir \"Gran Turismo\" dinamika<\/li>\n \t<li>\"Audi SQ7\" ir \"RSQ8 Performance\" - sporti\u0161kumas ir didel\u0117 erdv\u0117<\/li>\n \t<li>\"Mercedes-AMG GT 63 S E Performance\" - brutali V8 hibridin\u0117 galia<\/li>\n \t<li>\"Mercedes-AMG SL 63 Cabriolet\" - eleganti\u0161kas atviras stogas<\/li>\n \t<li>BMW M8 Competition Gran Coup\u00e9 - prabanga ir sporti\u0161kumas kartu<\/li>\n \t<li>\"Rolls-Royce Spectre\" ir 2025 m. \"Rolls-Royce Phantom Series II Extended\" - elektrin\u0117s ir klasikin\u0117s prabangos ikonos<\/li>\n<\/ul>\n<h2>SCANDIC prek\u0117s \u017eenklo asociacija<\/h2>\nB\u016bdami presti\u017einio LEGIER GROUP tinklo dalimi, si\u016blome jums galimyb\u0119 naudotis unikaliu novatori\u0161k\u0173 preki\u0173 \u017eenkl\u0173 ir paslaug\u0173 portfeliu:\n<ul>\n \t<li><strong>ScandicFly<\/strong>: I\u0161skirtinis privatus l\u0117ktuvas chartija auk\u0161\u010diausius reikalavimus<\/li>\n \t<li><strong>ScandicYachts<\/strong>: Prabangios jachtos i\u0161skirtin\u0119 patirt\u012f ant vandens<\/li>\n \t<li><strong>ScandicEstate<\/strong>: auk\u0161\u010diausios klas\u0117s nekilnojamasis turtas visame pasaulyje - nuo vil\u0173 \u017dydrajame krante iki penthauz\u0173 Dubajuje<\/li>\n \t<li><strong>ScandicPay<\/strong>Naujovi\u0161ki mok\u0117jimo sprendimai greitoms, saugioms ir pasaulin\u0117ms operacijoms<\/li>\n \t<li><strong>ScandicTrade<\/strong>: Cryptocurrency ScandicCoin ir skaitmenin\u0117 investavimo platforma ateities investavimo galimyb\u0117ms<\/li>\n<\/ul>\n<h2>J\u016bs\u0173 vairavimo patirtis, m\u016bs\u0173 vairavimas<\/h2>\nScandicCars ist mehr als eine Luxusautovermietung \u2013 wir verstehen uns als Ihr Partner f\u00fcr exklusive Mobilit\u00e4t. Durch die Integration in ein hochkar\u00e4tiges Markennetzwerk bieten wir Dienstleistungen, die weit \u00fcber das \u00dcbliche hinausgehen.\n\nGanz gleich, ob Sie einen adrenaligeladenen Supercar-Trip planen, VIP-G\u00e4ste stilvoll chauffieren lassen m\u00f6chten oder als Unternehmen einen zuverl\u00e4ssigen Mobilit\u00e4tspartner f\u00fcr Events und Gesch\u00e4ftsreisen suchen \u2013 wir stehen an Ihrer Seite. Jede Anfrage, ob spontan \u00fcber unser mobiles Buchungssystem oder langfristig geplant, wird mit der gleichen Sorgfalt und Professionalit\u00e4t bearbeitet.\n\nErleben Sie mit ScandicCars die Faszination automobiler H\u00f6chstleistungen und unbegrenzten Luxus auf R\u00e4dern, unterst\u00fctzt von einem Netzwerk, das jeden Aspekt Ihres Lebensstils veredelt. Kontaktieren Sie uns noch heute und entdecken Sie, wie ScandicCars Ihr n\u00e4chstes Fahrerlebnis unvergesslich machen wird \u2013 denn\u00a0<strong>Tobulumas<\/strong>\u00a0yra m\u016bs\u0173\t\t\t\t\t\t\t\t<\/div>\n\t\t\t\t\t<\/div>\n\t\t\t\t<\/div>\n\t\t\t\t<\/div>","protected":false},"excerpt":{"rendered":"<p>SCANDIC CARS: Luxuri\u00f6se Mobilit\u00e4t neu definiert Willkommen bei ScandicCars, einer weltweit f\u00fchrenden Marke der renommierten LEGIER GRUPPE. Die LEGIER GRUPPE ist ein diversifizierter internationaler Mischkonzern mit 30 Jahren Erfolgsgeschichte und Inhaberin von 115 Tageszeitungen, die weltweit auf allen Kontinenten rund um die Uhr aktuelle Nachrichten publizieren. Als Mitglied des exklusiven SCANDIC Markenverbunds bieten wir weit [&hellip;]<\/p>\n","protected":false},"author":1,"featured_media":0,"parent":0,"menu_order":0,"comment_status":"closed","ping_status":"closed","template":"","meta":{"footnotes":""},"class_list":["post-772","page","type-page","status-publish","hentry"],"_links":{"self":[{"href":"https:\/\/legiergroup.info\/lt\/wp-json\/wp\/v2\/pages\/772","targetHints":{"allow":["GET"]}}],"collection":[{"href":"https:\/\/legiergroup.info\/lt\/wp-json\/wp\/v2\/pages"}],"about":[{"href":"https:\/\/legiergroup.info\/lt\/wp-json\/wp\/v2\/types\/page"}],"author":[{"embeddable":true,"href":"https:\/\/legiergroup.info\/lt\/wp-json\/wp\/v2\/users\/1"}],"replies":[{"embeddable":true,"href":"https:\/\/legiergroup.info\/lt\/wp-json\/wp\/v2\/comments?post=772"}],"version-history":[{"count":11,"href":"https:\/\/legiergroup.info\/lt\/wp-json\/wp\/v2\/pages\/772\/revisions"}],"predecessor-version":[{"id":1936,"href":"https:\/\/legiergroup.info\/lt\/wp-json\/wp\/v2\/pages\/772\/revisions\/1936"}],"wp:attachment":[{"href":"https:\/\/legiergroup.info\/lt\/wp-json\/wp\/v2\/media?parent=772"}],"curies":[{"name":"wp","href":"https:\/\/api.w.org\/{rel}","templated":true}]}}