{"id":1672,"date":"2025-10-06T14:49:25","date_gmt":"2025-10-06T14:49:25","guid":{"rendered":"https:\/\/legiergroup.info\/?page_id=1672"},"modified":"2025-10-23T12:20:25","modified_gmt":"2025-10-23T12:20:25","slug":"scandictrust","status":"publish","type":"page","link":"https:\/\/legiergroup.info\/pl\/scandictrust\/","title":{"rendered":"Scandic Trust"},"content":{"rendered":"<div data-elementor-type=\"wp-page\" data-elementor-id=\"1672\" class=\"elementor elementor-1672\" data-elementor-post-type=\"page\">\n\t\t\t\t<div class=\"elementor-element elementor-element-d2afe37 e-flex e-con-boxed e-con e-parent\" data-id=\"d2afe37\" data-element_type=\"container\" data-e-type=\"container\">\n\t\t\t\t\t<div class=\"e-con-inner\">\n\t\t\t\t<div class=\"elementor-element elementor-element-6990817 elementor-widget elementor-widget-text-editor\" data-id=\"6990817\" data-element_type=\"widget\" data-e-type=\"widget\" data-widget_type=\"text-editor.default\">\n\t\t\t\t\t\t\t\t\t<img decoding=\"async\" src=\"https:\/\/legiergroup.info\/wp-content\/uploads\/2025\/10\/scandictrust_by_legier.jpg\" alt=\"SCANDIC TRUST\" width=\"100%\" \/>\n<h1><\/h1>\n<h1>SCANDIC GROUP TRUST TOV: Partner w zakresie ochrony aktyw\u00f3w i zr\u00f3wnowa\u017conego dziedzictwa<\/h1>\n<div><\/div>\nWitamy w\u00a0<strong>SCANDIC GROUP TRUST TOV<\/strong>, wiod\u0105ca globalna marka renomowanych\u00a0<strong>LEGIER GROUP<\/strong>\u00a0(Legier Beteiligungs mbH), einem diversifizierten internationalen Mischkonzern mit 30 Jahren Erfolgsgeschichte.\n\nAls Teil eines angesehenen Markenverbunds \u2013 neben\u00a0<strong>SCANDIC PAY<\/strong>,\u00a0<strong>SCANDIC COIN<\/strong>,\u00a0<strong>SCANDIC FLY<\/strong>,\u00a0<strong>SCANDIC YACHTS<\/strong>\u00a0oraz\u00a0<strong>SCANDIC TRADE<\/strong>\u00a0- uciele\u015bniony\u00a0<strong>SCANDIC TRUST<\/strong>\u00a0Zaufanie, innowacyjno\u015b\u0107 i doskona\u0142o\u015b\u0107 w zabezpieczaniu bogactwa i kszta\u0142towaniu dziedzictwa, kt\u00f3re przetrwa pokolenia. Inspirowani przez najlepszych na \u015bwiecie\u00a0<strong>SCANDIC TRUST<\/strong>\u00a0Ponadkontynentalna si\u0142a finansowa z odpowiedzialno\u015bci\u0105 spo\u0142eczn\u0105 i rozwi\u0105zaniami zorientowanymi na przysz\u0142o\u015b\u0107.\n<h2>Misja SCANDIC TRUST: Ochrona aktyw\u00f3w i realizacja wizji<\/h2>\nZ\u00a0<strong>SCANDIC TRUST<\/strong>\u00a0to co\u015b wi\u0119cej ni\u017c tylko zarz\u0105dzanie aktywami - tworzymy podstawy dla Twoich cel\u00f3w, Twojego sukcesu i zr\u00f3wnowa\u017conej przysz\u0142o\u015bci. Od trzech dekad\u00a0<strong>LEGIER GROUP<\/strong>\u00a0globalne sektory biznesowe, takie jak media (ze 115 w\u0142asnymi gazetami codziennymi), nieruchomo\u015bci, finanse, us\u0142ugi luksusowe (czarter prywatnych odrzutowc\u00f3w i jacht\u00f3w) oraz innowacje cyfrowe.\u00a0<strong>SCANDIC TRUST<\/strong>\u00a0kontynuuje to dziedzictwo, dostarczaj\u0105c spersonalizowane rozwi\u0105zania dla wymagaj\u0105cych os\u00f3b, rodzin i firm na ca\u0142ym \u015bwiecie. Jeste\u015bmy obecni w ponad 46 krajach\u00a0<strong>SCANDIC TRUST<\/strong>\u00a0das tiefe Verst\u00e4ndnis der internationalen M\u00e4rkte, um Verm\u00f6gen zu sch\u00fctzen und zu vermehren.\n\nUnsere Struktur orientiert sich an den Prinzipien klassisch historischer Trusts, welche durch zentrale Kontrolle und Ressourcenb\u00fcndelung Effizienz und Marktst\u00e4rke schafften. Doch\u00a0<strong>SCANDIC TRUST<\/strong>\u00a0idziemy dalej: integrujemy najnowocze\u015bniejsz\u0105 technologi\u0119, standardy etyczne (takie jak ustawa o wsp\u00f3\u0142czesnym niewolnictwie) i zr\u00f3wnowa\u017cone podej\u015bcie, aby sprosta\u0107 wyzwaniom tradycyjnego Trust - takim jak monopolizacja lub ryzyko prawne - przy jednoczesnej maksymalizacji korzy\u015bci.\n<h2>SCANDIC GROUP TRUST TOV oferuje: Indywidualne rozwi\u0105zania o globalnym zasi\u0119gu<\/h2>\nDzi\u0119ki zespo\u0142owi ekspert\u00f3w, kt\u00f3rzy \u0142\u0105cz\u0105 lokaln\u0105 wiedz\u0119 z globaln\u0105 perspektyw\u0105, oferujemy:\n<ul>\n \t<li><strong>Indywidualne strategie dotycz\u0105ce aktyw\u00f3w:<\/strong>\u00a0Rozw\u00f3j od funduszy powierniczych do planowania nieruchomo\u015bci\u00a0<strong>SCANDIC TRUST<\/strong>\u00a0Rozwi\u0105zania odzwierciedlaj\u0105ce cele osobiste i finansowe.<\/li>\n \t<li><strong>Solidna ochrona aktyw\u00f3w:<\/strong>\u00a0Chronimy Twoje aktywa przed niewiadomymi za pomoc\u0105 solidnych struktur prawnych i finansowych.<\/li>\n \t<li><strong>Globalne synergie:<\/strong>\u00a0Nasza integracja z ekosystemem LEGIER zapewnia p\u0142ynny dost\u0119p do sieci innowacyjnych marek i us\u0142ug.<\/li>\n<\/ul>\n<span style=\"font-weight: bolder;\">SCANDIC GROUP TRUST TOV<\/span>\u00a0\u0142\u0105czy ambicje finansowe z wy\u017cszym celem - zr\u00f3wnowa\u017conym rozwojem, edukacj\u0105 lub post\u0119pem spo\u0142ecznym.\n<h2>Ekosystem LEGIER: sie\u0107 zapewniaj\u0105ca sukces<\/h2>\n<div><\/div>\n<span style=\"font-weight: bolder;\">SCANDIC GROUP TRUST TOV<\/span>\u00a0jest centralnym elementem unikalnego ekosystemu, kt\u00f3ry \u0142\u0105czy Tw\u00f3j styl \u017cycia z inwestycjami:\n<ul>\n \t<li><strong>LEGIER GROUP:<\/strong>\u00a0115 w\u0142asnych gazet codziennych na wszystkich kontynentach, kt\u00f3re przez ca\u0142\u0105 dob\u0119, siedem dni w tygodniu informuj\u0105 o polityce, biznesie, nauce, sprawach spo\u0142ecznych i rodzinnych oraz sporcie.<\/li>\n \t<li><strong>SCANDIC COIN:<\/strong>\u00a0Kryptowaluta, kt\u00f3ra rewolucjonizuje inwestycje w nieruchomo\u015bci.<\/li>\n \t<li><strong>SCANDIC PAY:<\/strong>\u00a0Innowacyjne cyfrowe rozwi\u0105zania p\u0142atnicze dla maksymalnej elastyczno\u015bci.<\/li>\n \t<li><strong>SCANDIC FLY I SCANDIC YACHTS:<\/strong>\u00a0Luksusowe podr\u00f3\u017ce z bezpiecze\u0144stwem profesjonalnego zarz\u0105dzania aktywami.<\/li>\n \t<li><strong>SCANDIC TRADE:<\/strong>\u00a0Cyfrowa platforma dla zdywersyfikowanych portfeli.<\/li>\n \t<li><strong>SCANDIC ESTATE:<\/strong>\u00a0Inwestycje w nieruchomo\u015bci zoptymalizowane dzi\u0119ki naszej zr\u00f3wnowa\u017conej wiedzy powierniczej.<\/li>\n<\/ul>\n<div><\/div>\n<strong>SCANDIC TRUST<\/strong>\u00a0promuje w\u0142\u0105czenie finansowe, a tak\u017ce wspiera dobrobyt dzieci. W tym celu\u00a0<span style=\"font-weight: bolder;\">SCANDIC GROUP TRUST TOV<\/span>\u00a0w\u0142asnych zasob\u00f3w w celu tworzenia warto\u015bci dodanej dla klient\u00f3w i spo\u0142ecze\u0144stwa.\n<h2>Moc nowoczesnego Trust<\/h2>\n<div><\/div>\nJako klasyczny pakiet Trust\u00a0<span style=\"font-weight: bolder;\">SCANDIC GROUP TRUST TOV<\/span>\u00a0zasob\u00f3w, zwi\u0119ksza wydajno\u015b\u0107 i wzmacnia pozycj\u0119 rynkow\u0105. Ale\u00a0<span style=\"font-weight: bolder;\">SCANDIC GROUP TRUST TOV<\/span>\u00a0wykracza poza modele historyczne:\n<ul>\n \t<li><strong>Wydajno\u015b\u0107 i innowacyjno\u015b\u0107:<\/strong>\u00a0Optymalizujemy zasoby dzi\u0119ki centralnej kontroli i najnowocze\u015bniejszej technologii.<\/li>\n \t<li><strong>Etyka i zgodno\u015b\u0107 z przepisami:<\/strong>\u00a0Dzia\u0142amy w spos\u00f3b przejrzysty i zgodnie z globalnymi przepisami.<\/li>\n \t<li><strong>Zr\u00f3wnowa\u017cony rozw\u00f3j:<\/strong>\u00a0Z pracami badawczymi dla globalnego systemu\u00a0<span style=\"font-weight: bolder;\">SCANDIC GROUP TRUST TOV<\/span>\u00a0d\u0142ugoterminowe korzy\u015bci dla ludzi i \u015brodowiska.<\/li>\n<\/ul>\n<div><\/div>\nUnikamy pu\u0142apek tradycyjnych Trust - takich jak ryzyko monopolu lub brak innowacji - i zamiast tego oferujemy przysz\u0142o\u015bciow\u0105 struktur\u0119, kt\u00f3ra \u0142\u0105czy bezpiecze\u0144stwo i wzrost.\n<h2>Dlaczego SCANDIC TRUST?<\/h2>\n<ul>\n \t<li><strong>Udokumentowane do\u015bwiadczenie:<\/strong>\u00a0Prawie 30 lat sukces\u00f3w\u00a0<strong>Grupa LEGIER<\/strong>\u00a0s\u0105 za nami.<\/li>\n \t<li><strong>Integralno\u015b\u0107:<\/strong>\u00a0Zaufanie i przejrzysto\u015b\u0107 to nasze fundamenty.<\/li>\n \t<li><strong>Zorientowany na przysz\u0142o\u015b\u0107:<\/strong>\u00a0Kszta\u0142tujemy finansowy \u015bwiat jutra za pomoc\u0105 innowacyjnych narz\u0119dzi.<\/li>\n \t<li><strong>Koncentracja na kliencie:<\/strong>\u00a0Twoja wizja nas nap\u0119dza - s\u0142uchamy i przekraczamy oczekiwania.<\/li>\n<\/ul>\n<div><\/div>\n<h2>Twoje dziedzictwo w bezpiecznych r\u0119kach<\/h2>\n<span style=\"font-weight: bolder;\">SCANDIC GROUP TRUST TOV<\/span>\u00a0jest nie tylko partnerem na przysz\u0142o\u015b\u0107, ale tak\u017ce koncentruje si\u0119 na zabezpieczaniu aktyw\u00f3w dla przysz\u0142ych pokole\u0144 za pomoc\u0105 zr\u00f3wnowa\u017conych rozwi\u0105za\u0144. Dzi\u0119ki globalnej sile\u00a0<strong>LEGIER<\/strong>\u00a0i zobowi\u0105zanie do doskona\u0142o\u015bci, kszta\u0142tujemy Twoj\u0105 finansow\u0105 przysz\u0142o\u015b\u0107.\n<h2>Skontaktuj si\u0119 z nami<\/h2>\nGotowy na kolejny krok? Odwied\u017a nasz\u0105 stron\u0119 internetow\u0105 lub porozmawiaj z naszymi ekspertami w celu uzyskania osobistej konsultacji. At\u00a0<span style=\"font-weight: bolder;\">SCANDIC GROUP TRUST TOV<\/span>\u00a0spotyka si\u0119 z m\u0105dro\u015bci\u0105 - a Twoja wizja staje si\u0119 rzeczywisto\u015bci\u0105.\n\n<span style=\"font-weight: bolder;\">SCANDIC GROUP TRUST TOV<\/span>, oddzia\u0142 i marka LEGIER Beteiligungs mbH\n\n<b>LEGIER Beteiligungs mbH<\/b>\nMedia-Division\nKurfurstendamm 14\nDE 10719 Berlin\nBundesrepublik Deutschland\n<b>Telefon:<\/b>\u00a0+49 (0) 30 99211 &#8211; 3 469\n\nEmail:\u00a0<a href=\"mailto:Info@LegierGroup.com\" target=\"_blank\" rel=\"noopener noreferrer\">Info@LegierGroup.com<\/a>\n<h3>Organy nadzoru:<\/h3>\n<ul>\n \t<li>Bundesanstalt f\u00fcr Finanzdienstleistungsaufsicht (BaFin), Marie-Curie-Str. 24-28, 60439 Frankfurt nad Menem (Republika Federalna Niemiec),\u00a0<a href=\"https:\/\/www.bafin.de\/\" target=\"_blank\" rel=\"noopener noreferrer\">www.bafin.de<\/a><\/li>\n \t<li>Deutsche Bundesbank - Oddzia\u0142 w Berlinie, Leibnitzstra\u00dfe 10, 10625 Berlin (Republika Federalna Niemiec),\u00a0<a href=\"https:\/\/www.bundesbank.de\/\" target=\"_blank\" rel=\"noopener noreferrer\">www.bundesbank.de<\/a><\/li>\n<\/ul>\t\t\t\t\t\t\t\t<\/div>\n\t\t\t\t\t<\/div>\n\t\t\t\t<\/div>\n\t\t\t\t<\/div>","protected":false},"excerpt":{"rendered":"<p>SCANDIC GROUP TRUST TOV: Partner f\u00fcr Verm\u00f6genssicherung und nachhaltiges Verm\u00e4chtnis Willkommen bei\u00a0SCANDIC GROUP TRUST TOV, einer weltweit f\u00fchrenden Marke der renommierten\u00a0LEGIER GRUPPE\u00a0(Legier Beteiligungs mbH), einem diversifizierten internationalen Mischkonzern mit 30 Jahren Erfolgsgeschichte. Als Teil eines angesehenen Markenverbunds \u2013 neben\u00a0SCANDIC PAY,\u00a0SCANDIC COIN,\u00a0SCANDIC FLY,\u00a0SCANDIC YACHTS\u00a0und\u00a0SCANDIC TRADE\u00a0\u2013 verk\u00f6rpert\u00a0SCANDIC TRUST\u00a0Vertrauen, Innovation und exzellente Expertise in der Sicherung von Verm\u00f6gen [&hellip;]<\/p>\n","protected":false},"author":2,"featured_media":0,"parent":0,"menu_order":0,"comment_status":"closed","ping_status":"closed","template":"","meta":{"footnotes":""},"class_list":["post-1672","page","type-page","status-publish","hentry"],"_links":{"self":[{"href":"https:\/\/legiergroup.info\/pl\/wp-json\/wp\/v2\/pages\/1672","targetHints":{"allow":["GET"]}}],"collection":[{"href":"https:\/\/legiergroup.info\/pl\/wp-json\/wp\/v2\/pages"}],"about":[{"href":"https:\/\/legiergroup.info\/pl\/wp-json\/wp\/v2\/types\/page"}],"author":[{"embeddable":true,"href":"https:\/\/legiergroup.info\/pl\/wp-json\/wp\/v2\/users\/2"}],"replies":[{"embeddable":true,"href":"https:\/\/legiergroup.info\/pl\/wp-json\/wp\/v2\/comments?post=1672"}],"version-history":[{"count":20,"href":"https:\/\/legiergroup.info\/pl\/wp-json\/wp\/v2\/pages\/1672\/revisions"}],"predecessor-version":[{"id":1963,"href":"https:\/\/legiergroup.info\/pl\/wp-json\/wp\/v2\/pages\/1672\/revisions\/1963"}],"wp:attachment":[{"href":"https:\/\/legiergroup.info\/pl\/wp-json\/wp\/v2\/media?parent=1672"}],"curies":[{"name":"wp","href":"https:\/\/api.w.org\/{rel}","templated":true}]}}