{"id":708,"date":"2025-09-17T01:02:58","date_gmt":"2025-09-17T01:02:58","guid":{"rendered":"https:\/\/legiergroup.info\/?page_id=708"},"modified":"2025-10-21T13:33:38","modified_gmt":"2025-10-21T13:33:38","slug":"wytyczne-dotyczace-plikow-cookie","status":"publish","type":"page","link":"https:\/\/legiergroup.info\/pl\/cookie-richtlinien\/","title":{"rendered":"Polityka plik\u00f3w cookie"},"content":{"rendered":"<div data-elementor-type=\"wp-page\" data-elementor-id=\"708\" class=\"elementor elementor-708\" data-elementor-post-type=\"page\">\n\t\t\t\t<div class=\"elementor-element elementor-element-787223a e-flex e-con-boxed e-con e-parent\" data-id=\"787223a\" data-element_type=\"container\" data-e-type=\"container\">\n\t\t\t\t\t<div class=\"e-con-inner\">\n\t\t\t\t<div class=\"elementor-element elementor-element-3ca3ff9 elementor-widget elementor-widget-text-editor\" data-id=\"3ca3ff9\" data-element_type=\"widget\" data-e-type=\"widget\" data-widget_type=\"text-editor.default\">\n\t\t\t\t\t\t\t\t\t<h1>Polityka plik\u00f3w cookie dla LegierGroup.com<\/h1><div><br><\/div>\n<p>Niniejsza polityka dotycz\u0105ca plik\u00f3w cookie informuje u\u017cytkownika o przetwarzaniu jego danych osobowych przez&nbsp;<b>LEGIER BETEILIGUNGS MBH<\/b>&nbsp;(zwana dalej \u201eLEGIER\u201c, \u201emy\u201c lub \u201enas\u201c) oraz powi\u0105zane z ni\u0105 marki.&nbsp;<b>SCANDIC PAY<\/b>,&nbsp;<b>SCANDIC ESTATE<\/b>,&nbsp;<b>SCANDIC GROUP<\/b>&nbsp;oraz&nbsp;<b>SCANDIC TRADE<\/b>&nbsp;(zwanych dalej \u201emarkami SCANDIC\u201c) zgodnie z og\u00f3lnym rozporz\u0105dzeniem UE o ochronie danych (zwanym dalej \u201eRODO\u201c) i federaln\u0105 ustaw\u0105 o ochronie danych (zwan\u0105 dalej \u201eBDSG\u201c) na stronie internetowej&nbsp;<a href=\"https:\/\/legiergroup.com\/\" target=\"_blank\" rel=\"noopener\">LegierGroup.com<\/a>.<\/p>\n<h2>I. Odpowiedzialny za przetwarzanie danych<\/h2>\n<p>Podmiotem odpowiedzialnym za przetwarzanie danych na stronie internetowej jest :<\/p><p><br><b>LEGIER BETEILIGUNGS MBH<\/b><br>Kurfurstendamm 14<br>10707 Berlin<br>Republika Federalna Niemiec<\/p><p><br><b>Kontakt:<\/b><br>Telefon: +49 (0) 30 99211 - 3 469<br>Faks: +49 (0) 30 99211 - 3 225<br>E-mail:&nbsp;<a href=\"mailto:Info@LegierGroup.com\" target=\"_blank\" rel=\"noopener noreferrer\">Info@LegierGroup.com<\/a><\/p><p><br><b>Zarz\u0105dzanie:<\/b>&nbsp;Tetiana Starosud<\/p>\n<p><b>Inspektor ochrony danych:<\/b><br>Prawnik Thilo Herges<br>Hohenzollerndamm 27a<br>10713 Berlin<br>Republika Federalna Niemiec<br>Telefon: +49 (0) 232 57 44 77<br>E-mail:&nbsp;<a href=\"mailto:datenschutz@LegierGroup.com\" target=\"_blank\" rel=\"noopener noreferrer\">datenschutz@LegierGroup.com<\/a><\/p><p><br><\/p>\n<h2>II Przetwarzanie<\/h2><div><br><\/div>\n<h4>1. pliki cookie<\/h4>\n<h6><br><\/h6><h6>a) Definicje<\/h6>\n<ol>\n<li>Na naszej stronie internetowej u\u017cywane s\u0105 tak zwane \u201epliki cookie\u201c. Pliki cookie to ma\u0142e pliki tekstowe, kt\u00f3re s\u0105 przesy\u0142ane lokalnie z naszych stron internetowych na dysk twardy komputera lub urz\u0105dzenia mobilnego i przechowywane tam podczas odwiedzania naszych stron internetowych. W ten spos\u00f3b zapisywane s\u0105 dzia\u0142ania u\u017cytkownika (np. odwiedzane strony internetowe, przegl\u0105dane posty i tematy, czas przebywania na stronie internetowej, liczba przegl\u0105danych stron dziennie itp.) oraz preferowane ustawienia (np. login, j\u0119zyk i inne ustawienia wy\u015bwietlania) podczas sesji przegl\u0105darki lub podczas nast\u0119pnej wizyty na naszych stronach internetowych. Po ponownym odwiedzeniu naszej strony internetowej informacje te s\u0105 przesy\u0142ane z powrotem na serwer. Komputer lub urz\u0105dzenie mobilne u\u017cytkownika s\u0105 automatycznie rozpoznawane i na przyk\u0142ad \u0142adowane s\u0105 oferty nieruchomo\u015bci zapisane jako ulubione podczas ostatniej wizyty na naszej stronie internetowej. Dzi\u0119ki temu u\u017cytkownik nie musi zmienia\u0107 ustawie\u0144 ulubionych za ka\u017cdym razem, gdy odwiedza nasz\u0105 witryn\u0119. Mo\u017cemy wykorzystywa\u0107 pliki cookie do statystycznej analizy danych dotycz\u0105cych korzystania z naszych stron internetowych w celu ulepszania tre\u015bci, grafiki i technologii naszej oferty, naszej strony internetowej i naszych reklam zgodnie z Twoimi potrzebami.<\/li>\n<li>Poni\u017cej termin \u201ewitryna internetowa\u201c firmy LEGIER obejmuje wszystkie strony internetowe udost\u0119pniane przez firm\u0119 LEGIER BETEILIGUNGS MBH i powi\u0105zane z ni\u0105 marki.<\/li>\n<\/ol>\n<h6><br><\/h6><h6>b) Charakter, zakres i cele<\/h6>\n<ol>\n<li>Na naszej stronie internetowej u\u017cywamy r\u00f3\u017cnych plik\u00f3w cookie:\n<ul>\n<li>Funkcjonalne pliki cookie umo\u017cliwiaj\u0105 dzia\u0142anie naszej witryny. S\u0105 one wymagane do podstawowych funkcji naszej witryny.<\/li>\n<li>Korzystanie ze \u015bledz\u0105cych plik\u00f3w cookie umo\u017cliwia nam mi\u0119dzy innymi ustalenie, ilu odwiedzaj\u0105cych uzyskuje dost\u0119p do naszej witryny internetowej i jak odwiedzaj\u0105cy zachowuj\u0105 si\u0119 na naszej stronie internetowej, tj. z jakich funkcji korzystaj\u0105. \u015aledz\u0105ce pliki cookie obejmuj\u0105 r\u00f3wnie\u017c analityczne pliki cookie, kt\u00f3re s\u0142u\u017c\u0105 do gromadzenia tych informacji i analizowania ich do cel\u00f3w statystycznych.<\/li>\n<\/ul>\n<\/li>\n<li>Tak zwane sesyjne pliki cookie s\u0105 przechowywane tylko przez czas trwania wizyty na naszych stronach internetowych, tj. bie\u017c\u0105cej wizyty na jednej z naszych stron internetowych lub sesji przegl\u0105darki.<\/li>\n<li>Trwa\u0142e pliki cookie s\u0105 przechowywane na dysku twardym komputera lub urz\u0105dzenia mobilnego u\u017cytkownika po zako\u0144czeniu pojedynczej wizyty na naszych stronach internetowych lub sesji przegl\u0105darki. Umo\u017cliwiaj\u0105 nam rozpoznanie u\u017cytkownika przy nast\u0119pnej wizycie na naszych stronach internetowych i u\u0142atwiaj\u0105 korzystanie z naszych stron internetowych (np. wy\u015bwietlanie ofert nieruchomo\u015bci, kt\u00f3re u\u017cytkownik zapisa\u0142 jako ulubione podczas ostatniej wizyty).<\/li>\n<li>Niekt\u00f3re pliki cookie s\u0105 ustawiane przez nas i znajduj\u0105 si\u0119 pod nasz\u0105 kontrol\u0105. Inne pliki cookie s\u0105 umieszczane na naszych stronach internetowych przez strony trzecie (pliki cookie stron trzecich). Mo\u017cemy nie by\u0107 \u015bwiadomi wszystkich stron trzecich, kt\u00f3re umieszczaj\u0105 pliki cookie za po\u015brednictwem naszych witryn internetowych. Mo\u017cemy r\u00f3wnie\u017c nie by\u0107 \u015bwiadomi wszystkich plik\u00f3w cookie umieszczanych przez strony trzecie na naszych stronach internetowych. Nie monitorujemy korzystania z tych plik\u00f3w cookie stron trzecich, z wyj\u0105tkiem analitycznych plik\u00f3w cookie, kt\u00f3rych u\u017cywamy do analizy naszych witryn internetowych.<\/li>\n<li>Wi\u0119cej informacji na temat plik\u00f3w cookie u\u017cywanych w naszych witrynach internetowych mo\u017cna znale\u017a\u0107 w za\u0142\u0105czniku do niniejszej polityki dotycz\u0105cej plik\u00f3w cookie.<\/li>\n<\/ol>\n<h6><br><\/h6><h6>c) Zarz\u0105dzanie plikami cookie i ich usuwanie oraz korzystanie z prawa do rezygnacji<\/h6>\n<ol>\n<li>Podczas odwiedzania naszej strony internetowej pojawia si\u0119 baner informuj\u0105cy o korzystaniu z plik\u00f3w cookie na naszej stronie internetowej. Klikaj\u0105c przycisk zgody, u\u017cytkownik wyra\u017ca zgod\u0119 na korzystanie z plik\u00f3w cookie na naszych stronach internetowych.<\/li>\n<li>U\u017cytkownik mo\u017ce wycofa\u0107 swoj\u0105 zgod\u0119 w dowolnym momencie, zmieniaj\u0105c ustawienia przegl\u0105darki i dezaktywuj\u0105c ustawienia plik\u00f3w cookie. Je\u015bli u\u017cytkownik chce wycofa\u0107 swoj\u0105 zgod\u0119 w odniesieniu do plik\u00f3w cookie stron trzecich, powinien skontaktowa\u0107 si\u0119 z dostawc\u0105 odpowiednich plik\u00f3w cookie. Wi\u0119cej informacji mo\u017cna znale\u017a\u0107 w o\u015bwiadczeniach o ochronie danych lub politykach dotycz\u0105cych plik\u00f3w cookie danego dostawcy.<\/li>\n<li>Wi\u0119kszo\u015b\u0107 przegl\u0105darek automatycznie akceptuje stosowanie plik\u00f3w cookie. U\u017cytkownik mo\u017ce zarz\u0105dza\u0107 plikami cookie za pomoc\u0105 ustawie\u0144 przegl\u0105darki. Je\u015bli u\u017cytkownik nie chce, aby pliki cookie by\u0142y automatycznie zapisywane na dysku twardym komputera lub na urz\u0105dzeniu mobilnym, mo\u017ce odpowiednio zmieni\u0107 ustawienia przegl\u0105darki i wy\u0142\u0105czy\u0107 obs\u0142ug\u0119 plik\u00f3w cookie. W ustawieniach przegl\u0105darki mo\u017cna r\u00f3wnie\u017c wybra\u0107, czy u\u017cytkownik chce by\u0107 informowany o tym, \u017ce witryna korzysta z plik\u00f3w cookie. Aby dowiedzie\u0107 si\u0119, jak szczeg\u00f3\u0142owo zmieni\u0107 ustawienia przegl\u0105darki, nale\u017cy zapozna\u0107 si\u0119 z instrukcjami lub funkcj\u0105 pomocy u\u017cywanej przegl\u0105darki.<\/li>\n<li>Nale\u017cy pami\u0119ta\u0107, \u017ce po dezaktywacji plik\u00f3w cookie mo\u017cna nadal odwiedza\u0107 nasz\u0105 witryn\u0119 i korzysta\u0107 z niej, zmieniaj\u0105c ustawienia przegl\u0105darki. Dezaktywacja plik\u00f3w cookie mo\u017ce jednak oznacza\u0107, \u017ce nie b\u0119dzie mo\u017cna w pe\u0142ni korzysta\u0107 z funkcji naszej witryny.<\/li>\n<\/ol>\n<h6><br><\/h6><h6>d) Us\u0142uga analizy sieci Web<\/h6>\n<ol>\n<li>Na tej stronie internetowej korzystamy z us\u0142ugi analizy sieci \u015bwiadczonej przez zleconego przez nas us\u0142ugodawc\u0119. Narz\u0119dzie to wykorzystuje tak zwane \u201epliki cookie\u201c, pliki tekstowe, kt\u00f3re s\u0105 przechowywane na komputerze u\u017cytkownika i umo\u017cliwiaj\u0105 nam analiz\u0119 korzystania z witryny przez u\u017cytkownika. Na tej stronie internetowej aktywowali\u015bmy anonimizacj\u0119 IP. Skraca to i anonimizuje adres IP u\u017cytkownika. W naszym imieniu nasz us\u0142ugodawca b\u0119dzie gromadzi\u0142 informacje o ostatnich wizytach u\u017cytkownika na naszej stronie internetowej i sposobie poruszania si\u0119 po niej, a tak\u017ce b\u0119dzie wykorzystywa\u0142 te informacje do analizy korzystania z witryny przez u\u017cytkownika oraz do sporz\u0105dzania raport\u00f3w dotycz\u0105cych aktywno\u015bci na stronie internetowej w naszym imieniu.<\/li>\n<li>Korzystamy z us\u0142ugi analizy sieciowej w celu analizowania korzystania z naszej strony internetowej, aby lepiej zrozumie\u0107, w jaki spos\u00f3b odwiedzaj\u0105cy korzystaj\u0105 z naszej strony internetowej, dzi\u0119ki czemu mo\u017cemy uczyni\u0107 j\u0105 jeszcze bardziej intuicyjn\u0105. Zebrane dane przechowujemy i przetwarzamy przez okres 24 miesi\u0119cy. Podstaw\u0105 prawn\u0105 przechowywania plik\u00f3w cookie i dalszej analizy zebranych danych jest zgoda udzielona zgodnie z art. 6 ust. 1 zdanie 1 lit. a RODO. U\u017cytkownik mo\u017ce w ka\u017cdej chwili odwo\u0142a\u0107 swoj\u0105 zgod\u0119 ze skutkiem na przysz\u0142o\u015b\u0107 w ustawieniach plik\u00f3w cookie.<\/li>\n<\/ol>\n<h2><br><\/h2><h2>III. Prawa u\u017cytkownika<\/h2>\n<p>Zgodnie z RODO u\u017cytkownik mo\u017ce w dowolnym momencie za\u017c\u0105da\u0107 od nas informacji na temat przetwarzanych przez nas danych osobowych dotycz\u0105cych u\u017cytkownika (art. 15 RODO), poprawienia nieprawid\u0142owych danych osobowych dotycz\u0105cych u\u017cytkownika (art. 16 RODO) i\/lub usuni\u0119cia (art. 17 RODO), zablokowania (art. 18 RODO) i\/lub przekazania (art. 20 RODO) przechowywanych przez nas danych osobowych u\u017cytkownika.<\/p>\n<p>Prosimy o kierowanie zapyta\u0144 do:<\/p><p><b>LEGIER BETEILIGUNGS MBH<\/b><br>Kurfurstendamm 14<br>10707 Berlin<br>Republika Federalna Niemiec<br>Telefon: +49 (0) 30 99211 - 3 469<br>E-mail:&nbsp;<a href=\"mailto:Info@LegierGroup.com\" target=\"_blank\" rel=\"noopener noreferrer\">Info@LegierGroup.com<\/a><\/p><p><br><\/p>\n<ol>\n<li>Je\u015bli u\u017cytkownik b\u0119dzie dochodzi\u0107 swoich praw wobec nas, b\u0119dziemy przetwarza\u0107 jego dane osobowe zebrane w tym kontek\u015bcie, aby odpowiedzie\u0107 na jego zapytanie. Przetwarzanie danych osobowych odbywa si\u0119 w celu wype\u0142nienia obowi\u0105zku prawnego na podstawie art. 6 ust. 1 zdanie 1 lit. c) RODO.<\/li>\n<li>Bez uszczerbku dla powy\u017cszych praw, u\u017cytkownik mo\u017ce wnie\u015b\u0107 skarg\u0119 do organu nadzorczego ds. ochrony danych, je\u015bli uzna, \u017ce przetwarzanie przez nas dotycz\u0105cych go danych osobowych narusza RODO (art. 77 RODO).<\/li>\n<\/ol>\n<h2><br><\/h2><h2>IV. Zmiany<\/h2><div><br><\/div>\n<ol>\n<li>Postanowienia niniejszej Polityki dotycz\u0105cej plik\u00f3w cookie maj\u0105 zastosowanie w wersji obowi\u0105zuj\u0105cej w danym czasie.<\/li>\n<li>Zastrzegamy sobie prawo do zmiany tre\u015bci niniejszej polityki dotycz\u0105cej plik\u00f3w cookie. Zaktualizowana polityka plik\u00f3w cookie jest wa\u017cna od daty jej obowi\u0105zywania.<\/li>\n<\/ol>\n<h2><br><\/h2><h2>Za\u0142\u0105cznik: Lista plik\u00f3w cookie u\u017cywanych na stronie LegierGroup.com<\/h2><div><br><\/div>\n<p>Na naszej stronie internetowej wykorzystywane s\u0105 nast\u0119puj\u0105ce rodzaje plik\u00f3w cookie:<\/p>\n<ul>\n<li><b>Funkcjonalne pliki cookie:<\/b>&nbsp;S\u0105 one wymagane do podstawowych funkcji strony internetowej.<\/li>\n<li><b>\u015aledz\u0105ce pliki cookie:<\/b>&nbsp;S\u0105 one wykorzystywane do analizy korzystania z witryny i ulepszania naszych us\u0142ug.<\/li>\n<li><b>Pliki cookie stron trzecich:<\/b>&nbsp;S\u0105 one ustawiane przez zewn\u0119trznych dostawc\u00f3w i mog\u0105 by\u0107 wykorzystywane do r\u00f3\u017cnych cel\u00f3w, w tym do cel\u00f3w reklamowych i analitycznych.<\/li>\n<\/ul>\n<p>Szczeg\u00f3\u0142ow\u0105 list\u0119 plik\u00f3w cookie, w tym ich cel, czas trwania i dostawc\u0119, mo\u017cna znale\u017a\u0107 w naszym narz\u0119dziu do wyra\u017cania zgody na pliki cookie na stronie internetowej.<\/p>\n<p><b>Stojak:<\/b>&nbsp;15 czerwca 2025 r.<\/p>\n<div id=\"accessibility-panel\" class=\"card shadow bottom-0 end-0 mb-3 mt-3 p-2 z-3\">&nbsp;<\/div>\t\t\t\t\t\t\t\t<\/div>\n\t\t\t\t\t<\/div>\n\t\t\t\t<\/div>\n\t\t\t\t<\/div>","protected":false},"excerpt":{"rendered":"<p>Cookie-Richtlinien f\u00fcr LegierGroup.com Diese Cookie-Richtlinie informiert Sie uber die Verarbeitung Ihrer personenbezogenen Daten durch die&nbsp;LEGIER BETEILIGUNGS MBH&nbsp;(im Folgenden \u201eLEGIER\u201c, \u201ewir\u201c oder \u201euns\u201c) und der mit ihr verbundenen Marken&nbsp;SCANDIC PAY,&nbsp;SCANDIC ESTATE,&nbsp;SCANDIC GROUP&nbsp;und&nbsp;SCANDIC TRADE&nbsp;(im Folgenden \u201eSCANDIC Marken\u201c) gema? der EU- Datenschutzgrundverordnung (im Folgenden \u201eDSGVO\u201c) und dem Bundesdatenschutzgesetz (im Folgenden \u201eBDSG\u201c) auf der Webseite&nbsp;LegierGroup.com. I. Verantwortliche fur die [&hellip;]<\/p>\n","protected":false},"author":1,"featured_media":0,"parent":0,"menu_order":0,"comment_status":"closed","ping_status":"closed","template":"","meta":{"footnotes":""},"class_list":["post-708","page","type-page","status-publish","hentry"],"_links":{"self":[{"href":"https:\/\/legiergroup.info\/pl\/wp-json\/wp\/v2\/pages\/708","targetHints":{"allow":["GET"]}}],"collection":[{"href":"https:\/\/legiergroup.info\/pl\/wp-json\/wp\/v2\/pages"}],"about":[{"href":"https:\/\/legiergroup.info\/pl\/wp-json\/wp\/v2\/types\/page"}],"author":[{"embeddable":true,"href":"https:\/\/legiergroup.info\/pl\/wp-json\/wp\/v2\/users\/1"}],"replies":[{"embeddable":true,"href":"https:\/\/legiergroup.info\/pl\/wp-json\/wp\/v2\/comments?post=708"}],"version-history":[{"count":17,"href":"https:\/\/legiergroup.info\/pl\/wp-json\/wp\/v2\/pages\/708\/revisions"}],"predecessor-version":[{"id":1801,"href":"https:\/\/legiergroup.info\/pl\/wp-json\/wp\/v2\/pages\/708\/revisions\/1801"}],"wp:attachment":[{"href":"https:\/\/legiergroup.info\/pl\/wp-json\/wp\/v2\/media?parent=708"}],"curies":[{"name":"wp","href":"https:\/\/api.w.org\/{rel}","templated":true}]}}