{"id":1672,"date":"2025-10-06T14:49:25","date_gmt":"2025-10-06T14:49:25","guid":{"rendered":"https:\/\/legiergroup.info\/?page_id=1672"},"modified":"2025-10-23T12:20:25","modified_gmt":"2025-10-23T12:20:25","slug":"scandictrust","status":"publish","type":"page","link":"https:\/\/legiergroup.info\/pt\/scandictrust\/","title":{"rendered":"Scandic Trust"},"content":{"rendered":"<div data-elementor-type=\"wp-page\" data-elementor-id=\"1672\" class=\"elementor elementor-1672\" data-elementor-post-type=\"page\">\n\t\t\t\t<div class=\"elementor-element elementor-element-d2afe37 e-flex e-con-boxed e-con e-parent\" data-id=\"d2afe37\" data-element_type=\"container\" data-e-type=\"container\">\n\t\t\t\t\t<div class=\"e-con-inner\">\n\t\t\t\t<div class=\"elementor-element elementor-element-6990817 elementor-widget elementor-widget-text-editor\" data-id=\"6990817\" data-element_type=\"widget\" data-e-type=\"widget\" data-widget_type=\"text-editor.default\">\n\t\t\t\t\t\t\t\t\t<img decoding=\"async\" src=\"https:\/\/legiergroup.info\/wp-content\/uploads\/2025\/10\/scandictrust_by_legier.jpg\" alt=\"SCANDIC TRUST\" width=\"100%\" \/>\n<h1><\/h1>\n<h1>SCANDIC GROUP TRUST TOV: Parceiro para prote\u00e7\u00e3o de activos e legado sustent\u00e1vel<\/h1>\n<div><\/div>\nBem-vindo ao\u00a0<strong>SCANDIC GROUP TRUST TOV<\/strong>, uma marca l\u00edder mundial da famosa\u00a0<strong>GRUPO LEGIER<\/strong>\u00a0(Legier Beteiligungs mbH), einem diversifizierten internationalen Mischkonzern mit 30 Jahren Erfolgsgeschichte.\n\nAls Teil eines angesehenen Markenverbunds \u2013 neben\u00a0<strong>SCANDIC PAY<\/strong>,\u00a0<strong>SCANDIC MOEDA<\/strong>,\u00a0<strong>SCANDIC FLY<\/strong>,\u00a0<strong>SCANDIC YACHTS<\/strong>\u00a0e\u00a0<strong>SCANDIC TRADE<\/strong>\u00a0- encarnado\u00a0<strong>SCANDIC TRUST<\/strong>\u00a0Confian\u00e7a, inova\u00e7\u00e3o e excel\u00eancia na garantia do patrim\u00f3nio e na constru\u00e7\u00e3o de um legado que perdura por gera\u00e7\u00f5es. Inspirado pelos melhores do mundo\u00a0<strong>SCANDIC TRUST<\/strong>\u00a0For\u00e7a financeira transcontinental com responsabilidade social e solu\u00e7\u00f5es orientadas para o futuro.\n<h2>A miss\u00e3o do SCANDIC TRUST: Proteger o patrim\u00f3nio e concretizar a vis\u00e3o<\/h2>\nCom\u00a0<strong>SCANDIC TRUST<\/strong>\u00a0\u00e9 mais do que uma simples gest\u00e3o de activos - criamos a base para os seus objectivos, o seu sucesso e um futuro sustent\u00e1vel. Durante tr\u00eas d\u00e9cadas, a\u00a0<strong>GRUPO LEGIER<\/strong>\u00a0sectores empresariais globais, como os meios de comunica\u00e7\u00e3o social (com 115 dos seus pr\u00f3prios jornais di\u00e1rios), o imobili\u00e1rio, as finan\u00e7as, os servi\u00e7os de luxo (aluguer de jactos privados e de iates) e as inova\u00e7\u00f5es digitais.\u00a0<strong>SCANDIC TRUST<\/strong>\u00a0continua este legado, fornecendo solu\u00e7\u00f5es personalizadas para indiv\u00edduos, fam\u00edlias e empresas exigentes em todo o mundo. Com presen\u00e7a em mais de 46 pa\u00edses\u00a0<strong>SCANDIC TRUST<\/strong>\u00a0das tiefe Verst\u00e4ndnis der internationalen M\u00e4rkte, um Verm\u00f6gen zu sch\u00fctzen und zu vermehren.\n\nUnsere Struktur orientiert sich an den Prinzipien klassisch historischer Trusts, welche durch zentrale Kontrolle und Ressourcenb\u00fcndelung Effizienz und Marktst\u00e4rke schafften. Doch\u00a0<strong>SCANDIC TRUST<\/strong>\u00a0vai mais longe: integramos tecnologia de ponta, normas \u00e9ticas (como a Lei da Escravatura Moderna) e abordagens sustent\u00e1veis para ultrapassar os desafios dos Trust tradicionais - como a monopoliza\u00e7\u00e3o ou os riscos jur\u00eddicos - maximizando simultaneamente os seus benef\u00edcios.\n<h2>SCANDIC GROUP TRUST TOV oferece: Solu\u00e7\u00f5es personalizadas com alcance global<\/h2>\nCom uma equipa de especialistas que combinam o conhecimento local com uma perspetiva global, oferecemos-lhe:\n<ul>\n \t<li><strong>Estrat\u00e9gias de activos individualizadas:<\/strong>\u00a0Desenvolvido a partir de fundos fiduci\u00e1rios para planeamento de patrim\u00f3nio\u00a0<strong>SCANDIC TRUST<\/strong>\u00a0Solu\u00e7\u00f5es que reflectem os seus objectivos pessoais e financeiros.<\/li>\n \t<li><strong>Prote\u00e7\u00e3o robusta dos activos:<\/strong>\u00a0Protegemos o seu patrim\u00f3nio contra o imponder\u00e1vel com estruturas jur\u00eddicas e financeiras s\u00f3lidas.<\/li>\n \t<li><strong>Sinergias globais:<\/strong>\u00a0A nossa integra\u00e7\u00e3o no ecossistema LEGIER proporciona um acesso sem descontinuidades a uma rede de marcas e servi\u00e7os inovadores.<\/li>\n<\/ul>\n<span style=\"font-weight: bolder;\">SCANDIC GROUP TRUST TOV<\/span>\u00a0combina as ambi\u00e7\u00f5es financeiras com um objetivo mais elevado - seja ele a sustentabilidade, a educa\u00e7\u00e3o ou o progresso social.\n<h2>O ecossistema LEGIER: Uma rede para o sucesso<\/h2>\n<div><\/div>\n<span style=\"font-weight: bolder;\">SCANDIC GROUP TRUST TOV<\/span>\u00a0\u00e9 a pe\u00e7a central de um ecossistema \u00fanico que liga o seu estilo de vida aos seus investimentos:\n<ul>\n \t<li><strong>LEGIER GRUPO:<\/strong>\u00a0115 jornais di\u00e1rios pr\u00f3prios em todos os continentes, que informam 24 horas por dia, sete dias por semana, sobre pol\u00edtica, neg\u00f3cios, ci\u00eancia, quest\u00f5es sociais e familiares e desporto.<\/li>\n \t<li><strong>SCANDIC MOEDA:<\/strong>\u00a0Uma moeda criptogr\u00e1fica que est\u00e1 a revolucionar o investimento imobili\u00e1rio.<\/li>\n \t<li><strong>SCANDIC PAY:<\/strong>\u00a0Solu\u00e7\u00f5es inovadoras de pagamento digital para m\u00e1xima flexibilidade.<\/li>\n \t<li><strong>SCANDIC FLY &amp; SCANDIC YACHTS:<\/strong>\u00a0Viagens de luxo com a seguran\u00e7a de uma gest\u00e3o de activos profissional.<\/li>\n \t<li><strong>SCANDIC TRADE:<\/strong>\u00a0Uma plataforma digital para carteiras diversificadas.<\/li>\n \t<li><strong>SCANDIC ESTATE:<\/strong>\u00a0Investimentos imobili\u00e1rios optimizados pela nossa experi\u00eancia fiduci\u00e1ria sustent\u00e1vel.<\/li>\n<\/ul>\n<div><\/div>\n<strong>SCANDIC TRUST<\/strong>\u00a0promove a inclus\u00e3o financeira e apoia igualmente o bem-estar das crian\u00e7as. Para o efeito\u00a0<span style=\"font-weight: bolder;\">SCANDIC GROUP TRUST TOV<\/span>\u00a0recursos pr\u00f3prios para criar valor acrescentado para os clientes e para a sociedade.\n<h2>A pot\u00eancia de um Trust moderno<\/h2>\n<div><\/div>\nComo um pacote cl\u00e1ssico Trust\u00a0<span style=\"font-weight: bolder;\">SCANDIC GROUP TRUST TOV<\/span>\u00a0recursos, aumenta a efici\u00eancia e refor\u00e7a a posi\u00e7\u00e3o no mercado. Mas\u00a0<span style=\"font-weight: bolder;\">SCANDIC GROUP TRUST TOV<\/span>\u00a0vai para al\u00e9m dos modelos hist\u00f3ricos:\n<ul>\n \t<li><strong>Efici\u00eancia e inova\u00e7\u00e3o:<\/strong>\u00a0Optimizamos os seus bens atrav\u00e9s de um controlo central e de uma tecnologia de ponta.<\/li>\n \t<li><strong>\u00c9tica e conformidade:<\/strong>\u00a0Actuamos de forma transparente e em conformidade com a legisla\u00e7\u00e3o mundial.<\/li>\n \t<li><strong>Sustentabilidade:<\/strong>\u00a0Com trabalho de investiga\u00e7\u00e3o para o sistema global\u00a0<span style=\"font-weight: bolder;\">SCANDIC GROUP TRUST TOV<\/span>\u00a0benef\u00edcios a longo prazo para as pessoas e o ambiente.<\/li>\n<\/ul>\n<div><\/div>\nEvitamos as armadilhas dos Trust tradicionais - como os riscos de monop\u00f3lio ou a falta de inova\u00e7\u00e3o - e, em vez disso, oferecemos uma estrutura virada para o futuro que combina seguran\u00e7a e crescimento.\n<h2>Porqu\u00ea o SCANDIC TRUST?<\/h2>\n<ul>\n \t<li><strong>Experi\u00eancia comprovada:<\/strong>\u00a0Quase 30 anos de sucesso do\u00a0<strong>Grupo LEGIER<\/strong>\u00a0est\u00e3o atr\u00e1s de n\u00f3s.<\/li>\n \t<li><strong>Integridade:<\/strong>\u00a0A confian\u00e7a e a transpar\u00eancia s\u00e3o a nossa base.<\/li>\n \t<li><strong>Orientado para o futuro:<\/strong>\u00a0Estamos a moldar o mundo financeiro de amanh\u00e3 com ferramentas inovadoras.<\/li>\n \t<li><strong>Foco no cliente:<\/strong>\u00a0A sua vis\u00e3o guia-nos - n\u00f3s ouvimos e excedemos as expectativas.<\/li>\n<\/ul>\n<div><\/div>\n<h2>O seu legado em boas m\u00e3os<\/h2>\n<span style=\"font-weight: bolder;\">SCANDIC GROUP TRUST TOV<\/span>\u00a0n\u00e3o \u00e9 apenas um parceiro para o futuro, mas tamb\u00e9m se concentra em garantir activos para as gera\u00e7\u00f5es futuras com solu\u00e7\u00f5es sustent\u00e1veis. Com a for\u00e7a global da\u00a0<strong>LEGIER<\/strong>\u00a0e um compromisso com a excel\u00eancia, moldamos o seu futuro financeiro.\n<h2>Entre em contacto connosco<\/h2>\nPronto para dar o pr\u00f3ximo passo? Visite o nosso s\u00edtio Web ou fale com os nossos especialistas para uma consulta pessoal. Em\u00a0<span style=\"font-weight: bolder;\">SCANDIC GROUP TRUST TOV<\/span>\u00a0encontra a sabedoria - e a sua vis\u00e3o torna-se realidade.\n\n<span style=\"font-weight: bolder;\">SCANDIC GROUP TRUST TOV<\/span>, uma divis\u00e3o e marca da LEGIER Beteiligungs mbH\n\n<b>LEGIER Beteiligungs mbH<\/b>\nMedia-Division\nKurfurstendamm 14\nDE 10719 Berlin\nBundesrepublik Deutschland\n<b>Telefone:<\/b>\u00a0+49 (0) 30 99211 &#8211; 3 469\n\nEmail:\u00a0<a href=\"mailto:Info@LegierGroup.com\" target=\"_blank\" rel=\"noopener noreferrer\">Info@LegierGroup.com<\/a>\n<h3>Autoridades de controlo:<\/h3>\n<ul>\n \t<li>Bundesanstalt f\u00fcr Finanzdienstleistungsaufsicht (BaFin), Marie-Curie-Str. 24-28, 60439 Frankfurt am Main (Rep\u00fablica Federal da Alemanha),\u00a0<a href=\"https:\/\/www.bafin.de\/\" target=\"_blank\" rel=\"noopener noreferrer\">www.bafin.de<\/a><\/li>\n \t<li>Deutsche Bundesbank - Sucursal de Berlim, Leibnitzstra\u00dfe 10, 10625 Berlim (Rep\u00fablica Federal da Alemanha),\u00a0<a href=\"https:\/\/www.bundesbank.de\/\" target=\"_blank\" rel=\"noopener noreferrer\">www.bundesbank.de<\/a><\/li>\n<\/ul>\t\t\t\t\t\t\t\t<\/div>\n\t\t\t\t\t<\/div>\n\t\t\t\t<\/div>\n\t\t\t\t<\/div>","protected":false},"excerpt":{"rendered":"<p>SCANDIC GROUP TRUST TOV: Partner f\u00fcr Verm\u00f6genssicherung und nachhaltiges Verm\u00e4chtnis Willkommen bei\u00a0SCANDIC GROUP TRUST TOV, einer weltweit f\u00fchrenden Marke der renommierten\u00a0LEGIER GRUPPE\u00a0(Legier Beteiligungs mbH), einem diversifizierten internationalen Mischkonzern mit 30 Jahren Erfolgsgeschichte. Als Teil eines angesehenen Markenverbunds \u2013 neben\u00a0SCANDIC PAY,\u00a0SCANDIC COIN,\u00a0SCANDIC FLY,\u00a0SCANDIC YACHTS\u00a0und\u00a0SCANDIC TRADE\u00a0\u2013 verk\u00f6rpert\u00a0SCANDIC TRUST\u00a0Vertrauen, Innovation und exzellente Expertise in der Sicherung von Verm\u00f6gen [&hellip;]<\/p>\n","protected":false},"author":2,"featured_media":0,"parent":0,"menu_order":0,"comment_status":"closed","ping_status":"closed","template":"","meta":{"footnotes":""},"class_list":["post-1672","page","type-page","status-publish","hentry"],"_links":{"self":[{"href":"https:\/\/legiergroup.info\/pt\/wp-json\/wp\/v2\/pages\/1672","targetHints":{"allow":["GET"]}}],"collection":[{"href":"https:\/\/legiergroup.info\/pt\/wp-json\/wp\/v2\/pages"}],"about":[{"href":"https:\/\/legiergroup.info\/pt\/wp-json\/wp\/v2\/types\/page"}],"author":[{"embeddable":true,"href":"https:\/\/legiergroup.info\/pt\/wp-json\/wp\/v2\/users\/2"}],"replies":[{"embeddable":true,"href":"https:\/\/legiergroup.info\/pt\/wp-json\/wp\/v2\/comments?post=1672"}],"version-history":[{"count":20,"href":"https:\/\/legiergroup.info\/pt\/wp-json\/wp\/v2\/pages\/1672\/revisions"}],"predecessor-version":[{"id":1963,"href":"https:\/\/legiergroup.info\/pt\/wp-json\/wp\/v2\/pages\/1672\/revisions\/1963"}],"wp:attachment":[{"href":"https:\/\/legiergroup.info\/pt\/wp-json\/wp\/v2\/media?parent=1672"}],"curies":[{"name":"wp","href":"https:\/\/api.w.org\/{rel}","templated":true}]}}