{"id":676,"date":"2025-09-17T00:49:53","date_gmt":"2025-09-17T00:49:53","guid":{"rendered":"https:\/\/legiergroup.info\/?page_id=676"},"modified":"2025-10-21T13:36:05","modified_gmt":"2025-10-21T13:36:05","slug":"impressum","status":"publish","type":"page","link":"https:\/\/legiergroup.info\/pt\/impressum\/","title":{"rendered":"Impress\u00e3o"},"content":{"rendered":"<div data-elementor-type=\"wp-page\" data-elementor-id=\"676\" class=\"elementor elementor-676\" data-elementor-post-type=\"page\">\n\t\t\t\t<div class=\"elementor-element elementor-element-c99a412 e-flex e-con-boxed e-con e-parent\" data-id=\"c99a412\" data-element_type=\"container\" data-e-type=\"container\">\n\t\t\t\t\t<div class=\"e-con-inner\">\n\t\t\t\t<div class=\"elementor-element elementor-element-969ede6 elementor-widget elementor-widget-text-editor\" data-id=\"969ede6\" data-element_type=\"widget\" data-e-type=\"widget\" data-widget_type=\"text-editor.default\">\n\t\t\t\t\t\t\t\t\t<h1>Impress\u00e3o<\/h1>\n<h2>Anbieterin \/ Herausgeber im Sinne des \u00a7 18 MStV (Medienstaatsvertrag der Bundesrepublik Deutschland) sowie \u00a7 5 DDG (Digitale-Dienste-Gesetz der Bundesrepublik Deutschland)<\/h2>\n<p>Ein Departement der Media-Division der<br><strong>LEGIER Beteiligungs mbH<\/strong><br>Kurfurstendamm 14<br>DE 10719 Berlin (Bundesrepublik Deutschland)<br>Telefone: +49 (0) 30 99211 - 3 469<br>correio eletr\u00f3nico:&nbsp;<a href=\"mailto:info@LegierGroup.com\" target=\"_blank\" rel=\"noopener noreferrer\">info@LegierGroup.com<\/a><br>Handelsregister Berlin-Charlottenburg HRB 57837<br>(Bundesrepublik Deutschland)<br>Umsatzsteuer-ID: DE 413445833<\/p>\n<h2>Verantwortliche Anbieterkennzeichnung gem\u00e4\u00df \u00a7 5 Digitale-Dienste-Gesetz (DDG) \u2013 ehemals Telemediengesetz (TMG)<\/h2>\n<p>Bei Bedarf richten Sie Ihre E-Mail bitte ausschlie\u00dflich an:&nbsp;<a href=\"mailto:info@LegierGroup.com\" target=\"_blank\" rel=\"noopener noreferrer\">info@LegierGroup.com&nbsp;<\/a>. Ihre E-Mail wird an die zust\u00e4ndige Abteilung via unser Rechenzentrum im IronMountain (&nbsp;<a href=\"https:\/\/www.ironmountain.com\/data-centers\" target=\"_blank\" rel=\"noopener noreferrer\">https:\/\/www.IronMountain.com\/data-centers&nbsp;<\/a>) weitergeleitet und je nach Themenbereich von unseren Mitarbeitern beantwortet. Alle Tageszeitungen und Medien der LEGIER Beteiligungs mbH, im Folgenden &#8222;LEGIER MEDIENGRUPPE&#8220; genannt, sind in diesem Zusammenhang rund um die Uhr durch selbstlernende KI- und Cybersicherheitsl\u00f6sungen von DARKTRACE (&nbsp;<a href=\"https:\/\/darktrace.com\/\" target=\"_blank\" rel=\"noopener noreferrer\">https:\/\/DarkTrace.com&nbsp;<\/a>) abgesichert.<\/p>\n<h2>Aufsichtsbeh\u00f6rde<\/h2>\n<p>F\u00fcr journalistisch-redaktionelle Inhalte zust\u00e4ndige Aufsichtsbeh\u00f6rde:<br>Landesmedienanstalt Berlin-Brandenburg (mabb)<br>Kleine Pr\u00e4sidentenstra\u00dfe 1<br>10178 Berlin (Bundesrepublik Deutschland)<\/p>\n<h2>Gesetzliche Grundlagen<\/h2>\n<ul>\n<li><strong>Digitales-Dienste-Gesetz (DDG):&nbsp;<\/strong>Regelungen f\u00fcr Anbieter von Telemedien, insbesondere Pflichten zur Anbieterkennzeichnung, Haftungsregelungen und Transparenzanforderungen.<\/li>\n<li><strong>Medienstaatsvertrag (MStV):&nbsp;<\/strong>Regelt die Anforderungen an Rundfunk und Telemedien in Deutschland, insbesondere hinsichtlich der Verantwortung f\u00fcr Inhalte.<\/li>\n<li><strong>Rundfunkstaatsvertrag (RStV):&nbsp;<\/strong>Enth\u00e4lt Regelungen zum Rundfunk und zu Telemedien.<\/li>\n<\/ul>\n<h2>Haftung f\u00fcr Inhalte<\/h2>\n<p>Nach \u00a7\u00a7 8 bis 10 DDG sind wir als Diensteanbieter nicht verpflichtet, \u00fcbermittelte oder gespeicherte fremde Informationen st\u00e4ndig zu \u00fcberwachen oder nach rechtswidrigen Handlungen zu forschen. Verpflichtungen zur Entfernung oder Sperrung der Nutzung von Informationen nach allgemeinen Gesetzen bleiben davon unber\u00fchrt. Eine Haftung ist erst ab dem Zeitpunkt der Kenntnis einer konkreten Rechtsverletzung m\u00f6glich. Bei Bekanntwerden solcher Verletzungen werden wir die betreffenden Inhalte umgehend entfernen. Gerichtsstand ist Berlin (DE).<\/p>\n<h2>Datenschutz und ADV-Vertrag<\/h2>\n<p>&#8222;LEGIER MEDIENGRUPPE&#8220; hat einen ADV-Vertrag (Auftragsdatenverarbeitungsvertrag) nach den Regelungen der EU-Datenschutz-Grundverordnung (DSGVO) und des Bundesdatenschutzgesetzes (BDSG) abgeschlossen. Hierdurch sind die Anforderungen an den Schutz personenbezogener Daten erf\u00fcllt (u.a. Artikel 17 EU-Datenschutzrichtlinie, Artikel 28 DSGVO). Der ADV-Vertrag beinhaltet gem\u00e4\u00df Artikel 28 DSGVO:<\/p>\n<ul>\n<li>Wer ist der Verantwortliche f\u00fcr die Datenverarbeitung?<\/li>\n<li>Was ist der Gegenstand und die Dauer der Verarbeitung?<\/li>\n<li>Nach welcher Art erfolgt die Verarbeitung und zu welchem Zweck findet sie statt?<\/li>\n<li>Welcher Art sind die personenbezogenen Daten und Kategorien betroffener Personen?<\/li>\n<li>Welchen Umfang haben die Weisungsbefugnisse?<\/li>\n<li>Inwieweit hat der Auftragsverarbeiter eine Informationspflicht, falls eine Weisung gegen Datenschutzrecht verst\u00f6\u00dft?<\/li>\n<li>Welche Pflichten und Rechte hat der Verantwortliche?<\/li>\n<\/ul>\n<h2>Pressegesetze und Pressefreiheit<\/h2>\n<p>&#8222;LEGIER MEDIENGRUPPE&#8220; und alle angeschlossenen Tageszeitungen und Medien halten sich an die geltenden Pressegesetze, insbesondere das Berliner Pressegesetz vom 15. Juni 1965. Nach Art. 5 Abs. 1 S. 2 Grundgesetz (GG) ist die Pressefreiheit garantiert. Die Presse ist frei und dient der freiheitlich-demokratischen Grundordnung. Einschr\u00e4nkungen der Pressefreiheit sind nur durch das Grundgesetz selbst und die darauf basierenden Gesetze zul\u00e4ssig.<\/p>\n<h2>Aufgabe der Presse gem\u00e4\u00df Berliner Pressegesetz (\u00a7 3)<\/h2>\n<p>Die Presse nimmt \u00f6ffentliche Aufgaben wahr, indem sie Nachrichten beschafft und verbreitet, Stellung bezieht, Kritik \u00fcbt und zur Meinungsbildung beitr\u00e4gt. Diese Regelungen gelten bundesweit in allen 16 Bundesl\u00e4ndern Deutschlands.<\/p>\n<h2>Journalistisches Zeugnisverweigerungsrecht und Beschlagnahmeverbot<\/h2>\n<p>Im Strafverfahren besteht f\u00fcr Journalisten ein besonderes Zeugnisverweigerungsrecht (\u00a7 53 Abs. 1 Nr. 5 StPO). Au\u00dferdem gilt ein Beschlagnahmeverbot f\u00fcr journalistisches Material (\u00a7 97 Abs. 5 StPO). Einschr\u00e4nkungen sind nur zul\u00e4ssig, wenn ein Richter sie nach sorgf\u00e4ltiger Abw\u00e4gung der Pressefreiheit anordnet.<\/p>\n<h2>Berichterstattung und Grenzen der Kritik<\/h2>\n<p>&#8222;LEGIER MEDIENGRUPPE&#8220; und alle angeschlossenen Tageszeitungen und Medien berichten kritisch, ohne Schm\u00e4hkritik oder Volksverhetzung (\u00a7\u00a7 130, 185 StGB). Jede Diskriminierung von Minderheiten ist ausgeschlossen. &#8222;LEGIER MEDIENGRUPPE&#8220; verweist in diesem Bezug auf das Berliner Pressegesetz vom 15. Juni 1965 (GVBl. Berlin S. 744), zuletzt ge\u00e4ndert durch Gesetz vom 3. Juli 2003, hier bezogen auf \u00a7 3 &#8222;\u00d6ffentliche Aufgabe der Presse&#8220;, in welchem es in Absatz 3 des Gesetzes w\u00f6rtlich hei\u00dft: &#8222;Die Presse nimmt berechtigte Interessen im Sinne des \u00a7 193 StGB wahr, wenn sie in Angelegenheiten von \u00f6ffentlichem Interesse Nachrichten beschafft und verbreitet, Stellung nimmt, Kritik \u00fcbt oder in anderer Weise an der Meinungsbildung mitwirkt.&#8220; Die Medien von &#8222;LEGIER MEDIENGRUPPE&#8220; bekennen sich zur freiheitlich-demokratischen Grundordnung und wahren die Grenzen des rechtlich Zul\u00e4ssigen. Meinungen der Bev\u00f6lkerung werden ordnungsgem\u00e4\u00df gekennzeichnet.<\/p>\n<h2>Kommission zur Ermittlung der Konzentration im Medienbereich (KEK)<\/h2>\n<p>&#8222;LEGIER MEDIENGRUPPE&#8220; unterst\u00fctzt die Arbeit der KEK, welche 1997 auf Grundlage des 3. Rundfunk\u00e4nderungsstaatsvertrages ins Leben gerufen wurde, und ver\u00f6ffentlicht vor diesem Hintergrund Nachrichten-, Informations-, Video- und Bilderdienste.<\/p>\n<h2>Pers\u00f6nlichkeitsrechtsverletzungen<\/h2>\n<p>Bei Pers\u00f6nlichkeitsrechtsverletzungen, wie Schm\u00e4hkritik gegen Redakteure, werden Unterlassung und Schadensersatz nach \u00a7\u00a7 823 Abs. 1, 1004 BGB geltend gemacht. Gerichtsstand ist Berlin, Bundesrepublik Deutschland.<\/p>\n<h2>Hinweis<\/h2>\n<p>Die Einschaltung eines Anwalts zur kostenpflichtigen Abmahnung ohne vorherige Benachrichtigung sehen wir als Versto\u00df gegen die geltende Schadenminderungspflicht an. Wir weisen in diesem Zusammenhang auch auf das Urteil des Bundesgerichtshofs, Aktz. VI ZR 144\/11 vom 27.03.2012 hin.<\/p>\n<h2>ThomsonReuters OnePass<\/h2>\n<p>\u00dcber unsere Exklusivpartner beliefern die Tageszeitungen und angeschlossenen Medien von &#8222;LEGIER MEDIENGRUPPE&#8220; internationale B\u00f6rsenpl\u00e4tze mit Unternehmensnachrichten, wie die Frankfurter B\u00f6rse (B\u00f6rsenk\u00fcrzel XFRA, Wertpapierb\u00f6rse (FWB), elektronischer B\u00f6rsenhandelsplatz Xetra (Bundesrepublik Deutschland)), die New York Stock Exchange (NYSE, Vereinigte Staaten von Amerika), Tokyo Stock Exchange (Kabushiki kaisha T\u014dky\u014d Sh\u014dken Torihikijo \/ Tokyo Stock Exchange, Incorporated, Japan), London Stock Exchange (LSE, FTSE 100 Index, Vereinigtes K\u00f6nigreich), Kyodo News, SIX Swiss Exchange (Swiss Market Index &#8211; SMI, Schweiz), Wiener B\u00f6rse (ATX &#8211; Austrian Traded Index, Republik \u00d6sterreich), Shanghai Stock Exchange (SSE Shanghai Composite Index, China Securities Index Company, Hong Kong).<\/p>\n<h2>Serversicherheit<\/h2>\n<p>Unsere Serverb\u00e4nke in Boston (USA) und Kuala Lumpur (Malaysia) werden durch unseren Hoster&nbsp;<a href=\"https:\/\/www.aspectra.ch\/de\" target=\"_blank\" rel=\"noopener noreferrer\">ASPECTRA&nbsp;<\/a>in der Schweiz mittels AES-Verschl\u00fcsselung (Schl\u00fcssell\u00e4nge von 4096-Bit) im CBC-Modus nach RFC-4880\/RFC-3156 &#8211; SHA\/SHA-1 gesichert. Ebenfalls sind Daten bei der&nbsp;<a href=\"https:\/\/www.ironmountain.com\/\" target=\"_blank\" rel=\"noopener noreferrer\">Iron Mountain Incorporated&nbsp;<\/a>gesichert. Alle Daten der &#8222;LEGIER MEDIENGRUPPE&#8220; werden 24\/7 gespiegelt und zeitgleich gesichert, um kurzfristig, ggf. nach einem Angriff auf die Domains, wieder vollumf\u00e4nglich zur Verf\u00fcgung zu stehen.<\/p>\n<h2>Urheberschutz<\/h2>\n<p>Inhalt und Struktur der Webseiten der Tageszeitungen und Medien von &#8222;LEGIER MEDIENGRUPPE&#8220; sind urheberrechtlich gesch\u00fctzt. Nachdruck, Aufnahme in Online-Dienste, Internet und Vervielf\u00e4ltigung auf Datentr\u00e4ger wie CD-ROM, DVD-ROM usw. d\u00fcrfen, auch auszugsweise, nur nach vorheriger schriftlicher Zustimmung durch &#8222;LEGIER MEDIENGRUPPE&#8220; bzw. die sie vertretenden Unternehmen erfolgen. Eine kommerzielle Weitervermarktung des Inhalts ist untersagt. Textpassagen d\u00fcrfen im Rahmen des Zitatrechts (\u00a7 51 UrhG) unter Quellenangabe verwendet werden. Alle Rechte sind \u00fcberdies vorbehalten (einschlie\u00dflich Nutzungen f\u00fcr Text und Data Mining gem\u00e4\u00df \u00a7 44b UrhG).<\/p>\n<h2>Haftungsausschluss<\/h2>\n<p>&#8222;LEGIER MEDIENGRUPPE&#8220; haftet nur f\u00fcr eigene Inhalte nach den allgemeinen Gesetzen. Keine Gew\u00e4hr f\u00fcr Aktualit\u00e4t, Vollst\u00e4ndigkeit oder Korrektheit der Informationen. Nutzung erfolgt auf eigenes Risiko. \u00c4nderungen, Erg\u00e4nzungen oder L\u00f6schungen des Angebots bleiben vorbehalten.<\/p>\n<h2>Hinweis zu externen Links<\/h2>\n<p>Gem\u00e4\u00df \u00a7\u00a7 7\u201310 des deutschen Digitale-Dienste-Gesetzes (DDG) ist &#8222;LEGIER MEDIENGRUPPE&#8220; nicht f\u00fcr Inhalte Dritter verantwortlich, sofern keine Kenntnis von Rechtsverst\u00f6\u00dfen vorliegt. Sollten rechtswidrige Inhalte festgestellt werden, werden wir die entsprechenden Weblinks umgehend entfernen.<\/p>\n<h2>Forenhaftung<\/h2>\n<p>&#8222;LEGIER MEDIENGRUPPE&#8220; betreibt keine Foren. Die Forenhaftung ist durch relevante Gerichtsurteile eingeschr\u00e4nkt, dennoch w\u00fcrde ein Betreiber f\u00fcr eigene Inhalte haften.<\/p>\n<h2>Jugendschutz und ICRA-Filter<\/h2>\n<p>&#8222;LEGIER MEDIENGRUPPE&#8220; unterst\u00fctzt Initiativen zum Jugendschutz und bietet Hinweise zur Kindersicherung sowie zur ICRA-Klassifizierung (Internet Content Rating Association).<\/p>\n<h2>Rechtswirksamkeit<\/h2>\n<p>Dieser Haftungsausschluss ist Teil des Internetangebots. Sollten einzelne Formulierungen nicht der geltenden Rechtslage entsprechen, bleiben die \u00fcbrigen Teile in Inhalt und G\u00fcltigkeit davon unber\u00fchrt. Information gem\u00e4\u00df \u00a7 36 Verbraucherstreitbeilegungsgesetz (VSBG) der Bundesrepublik Deutschland: &#8222;LEGIER MEDIENGRUPPE&#8220; nimmt an einem freiwilligen Streitbeilegungsverfahren vor einer deutschen Verbraucherschlichtungsstelle nicht teil. Eine gesetzliche Verpflichtung besteht nicht.<\/p>\t\t\t\t\t\t\t\t<\/div>\n\t\t\t\t\t<\/div>\n\t\t\t\t<\/div>\n\t\t\t\t<\/div>","protected":false},"excerpt":{"rendered":"<p>Impressum Anbieterin \/ Herausgeber im Sinne des \u00a7 18 MStV (Medienstaatsvertrag der Bundesrepublik Deutschland) sowie \u00a7 5 DDG (Digitale-Dienste-Gesetz der Bundesrepublik Deutschland) Ein Departement der Media-Division derLEGIER Beteiligungs mbHKurfurstendamm 14DE 10719 Berlin (Bundesrepublik Deutschland)Telefon: +49 (0) 30 99211 &#8211; 3 469E-Mail:&nbsp;info@LegierGroup.comHandelsregister Berlin-Charlottenburg HRB 57837(Bundesrepublik Deutschland)Umsatzsteuer-ID: DE 413445833 Verantwortliche Anbieterkennzeichnung gem\u00e4\u00df \u00a7 5 Digitale-Dienste-Gesetz (DDG) \u2013 [&hellip;]<\/p>\n","protected":false},"author":1,"featured_media":0,"parent":0,"menu_order":0,"comment_status":"closed","ping_status":"closed","template":"","meta":{"footnotes":""},"class_list":["post-676","page","type-page","status-publish","hentry"],"_links":{"self":[{"href":"https:\/\/legiergroup.info\/pt\/wp-json\/wp\/v2\/pages\/676","targetHints":{"allow":["GET"]}}],"collection":[{"href":"https:\/\/legiergroup.info\/pt\/wp-json\/wp\/v2\/pages"}],"about":[{"href":"https:\/\/legiergroup.info\/pt\/wp-json\/wp\/v2\/types\/page"}],"author":[{"embeddable":true,"href":"https:\/\/legiergroup.info\/pt\/wp-json\/wp\/v2\/users\/1"}],"replies":[{"embeddable":true,"href":"https:\/\/legiergroup.info\/pt\/wp-json\/wp\/v2\/comments?post=676"}],"version-history":[{"count":14,"href":"https:\/\/legiergroup.info\/pt\/wp-json\/wp\/v2\/pages\/676\/revisions"}],"predecessor-version":[{"id":1806,"href":"https:\/\/legiergroup.info\/pt\/wp-json\/wp\/v2\/pages\/676\/revisions\/1806"}],"wp:attachment":[{"href":"https:\/\/legiergroup.info\/pt\/wp-json\/wp\/v2\/media?parent=676"}],"curies":[{"name":"wp","href":"https:\/\/api.w.org\/{rel}","templated":true}]}}