{"id":708,"date":"2025-09-17T01:02:58","date_gmt":"2025-09-17T01:02:58","guid":{"rendered":"https:\/\/legiergroup.info\/?page_id=708"},"modified":"2025-10-21T13:33:38","modified_gmt":"2025-10-21T13:33:38","slug":"orientacoes-sobre-cookies","status":"publish","type":"page","link":"https:\/\/legiergroup.info\/pt\/cookie-richtlinien\/","title":{"rendered":"Pol\u00edtica de cookies"},"content":{"rendered":"<div data-elementor-type=\"wp-page\" data-elementor-id=\"708\" class=\"elementor elementor-708\" data-elementor-post-type=\"page\">\n\t\t\t\t<div class=\"elementor-element elementor-element-787223a e-flex e-con-boxed e-con e-parent\" data-id=\"787223a\" data-element_type=\"container\" data-e-type=\"container\">\n\t\t\t\t\t<div class=\"e-con-inner\">\n\t\t\t\t<div class=\"elementor-element elementor-element-3ca3ff9 elementor-widget elementor-widget-text-editor\" data-id=\"3ca3ff9\" data-element_type=\"widget\" data-e-type=\"widget\" data-widget_type=\"text-editor.default\">\n\t\t\t\t\t\t\t\t\t<h1>Pol\u00edtica de cookies para LegierGroup.com<\/h1><div><br><\/div>\n<p>A presente pol\u00edtica de cookies informa-o sobre o tratamento dos seus dados pessoais pelo&nbsp;<b>LEGIER BETEILIGUNGS MBH<\/b>&nbsp;(a seguir designada por \u201eLEGIER\u201c, \u201en\u00f3s\u201c ou \u201enos\u201c) e as marcas que lhe est\u00e3o associadas.&nbsp;<b>SCANDIC PAY<\/b>,&nbsp;<b>SCANDIC ESTATE<\/b>,&nbsp;<b>SCANDIC GROUP<\/b>&nbsp;e&nbsp;<b>SCANDIC TRADE<\/b>&nbsp;(a seguir designadas \u201emarcas SCANDIC\u201c) em conformidade com o Regulamento Geral sobre a Prote\u00e7\u00e3o de Dados da UE (a seguir designado \u201eRGPD\u201c) e a Lei Federal sobre a Prote\u00e7\u00e3o de Dados (a seguir designada \u201eBDSG\u201c) no s\u00edtio Web&nbsp;<a href=\"https:\/\/legiergroup.com\/\" target=\"_blank\" rel=\"noopener\">LegierGroup.com<\/a>.<\/p>\n<h2>I. Respons\u00e1vel pelo tratamento dos dados<\/h2>\n<p>A entidade respons\u00e1vel pelo tratamento dos dados no s\u00edtio Web \u00e9 :<\/p><p><br><b>LEGIER BETEILIGUNGS MBH<\/b><br>Kurfurstendamm 14<br>10707 Berlim<br>Rep\u00fablica Federal da Alemanha<\/p><p><br><b>Contacto:<\/b><br>Telefone: +49 (0) 30 99211 - 3 469<br>Fax: +49 (0) 30 99211 - 3 225<br>correio eletr\u00f3nico:&nbsp;<a href=\"mailto:Info@LegierGroup.com\" target=\"_blank\" rel=\"noopener noreferrer\">Info@LegierGroup.com<\/a><\/p><p><br><b>Gest\u00e3o:<\/b>&nbsp;Tetiana Starosud<\/p>\n<p><b>Respons\u00e1vel pela prote\u00e7\u00e3o de dados:<\/b><br>Advogado Thilo Herges<br>Hohenzollerndamm 27a<br>10713 Berlim<br>Rep\u00fablica Federal da Alemanha<br>Telefone: +49 (0) 232 57 44 77<br>correio eletr\u00f3nico:&nbsp;<a href=\"mailto:datenschutz@LegierGroup.com\" target=\"_blank\" rel=\"noopener noreferrer\">datenschutz@LegierGroup.com<\/a><\/p><p><br><\/p>\n<h2>II Processamento<\/h2><div><br><\/div>\n<h4>1. bolachas<\/h4>\n<h6><br><\/h6><h6>a) Defini\u00e7\u00f5es<\/h6>\n<ol>\n<li>No nosso s\u00edtio Web s\u00e3o utilizados os chamados \u201ecookies\u201c. Os cookies s\u00e3o pequenos ficheiros de texto que s\u00e3o transferidos localmente dos nossos s\u00edtios Web para o disco r\u00edgido do seu computador ou dispositivo m\u00f3vel e a\u00ed armazenados quando visita os nossos s\u00edtios Web. Isto armazena as suas ac\u00e7\u00f5es (por exemplo, que p\u00e1ginas Web visita, que mensagens e t\u00f3picos visualiza, quanto tempo permanece no s\u00edtio Web, n\u00famero de p\u00e1ginas visualizadas por dia, etc.) e as suas defini\u00e7\u00f5es preferidas (por exemplo, in\u00edcio de sess\u00e3o, l\u00edngua e outras defini\u00e7\u00f5es de visualiza\u00e7\u00e3o) durante a sess\u00e3o do seu navegador ou para a sua pr\u00f3xima visita aos nossos s\u00edtios Web. Quando visita novamente o nosso s\u00edtio Web, estas informa\u00e7\u00f5es s\u00e3o reenviadas para o servidor. O seu computador ou dispositivo m\u00f3vel \u00e9 automaticamente reconhecido e, por exemplo, s\u00e3o carregadas as ofertas de im\u00f3veis que guardou como favoritas durante a sua \u00faltima visita ao nosso s\u00edtio Web. Isto oferece-lhe a vantagem de n\u00e3o ter de definir os seus favoritos de cada vez que visita o nosso s\u00edtio Web. Podemos utilizar os cookies para analisar estatisticamente os dados de utiliza\u00e7\u00e3o dos nossos s\u00edtios Web, a fim de melhorar o conte\u00fado, os gr\u00e1ficos e a tecnologia do nosso s\u00edtio Web e a nossa publicidade em fun\u00e7\u00e3o das suas necessidades.<\/li>\n<li>No que se segue, o termo \u201es\u00edtio Web\u201c da LEGIER inclui todas as p\u00e1ginas da Internet fornecidas pela LEGIER BETEILIGUNGS MBH e as suas marcas associadas.<\/li>\n<\/ol>\n<h6><br><\/h6><h6>b) Natureza, \u00e2mbito e objectivos<\/h6>\n<ol>\n<li>Utilizamos v\u00e1rios cookies no nosso s\u00edtio Web:\n<ul>\n<li>Os cookies funcionais permitem o funcionamento do nosso s\u00edtio Web. S\u00e3o necess\u00e1rios para as fun\u00e7\u00f5es b\u00e1sicas do nosso s\u00edtio Web.<\/li>\n<li>A utiliza\u00e7\u00e3o de cookies de rastreio permite-nos determinar, entre outras coisas, o n\u00famero de visitantes que acedem ao nosso s\u00edtio Web e o comportamento dos visitantes no nosso s\u00edtio Web, ou seja, as fun\u00e7\u00f5es que utilizam. Os cookies de rastreio tamb\u00e9m incluem cookies anal\u00edticos, que s\u00e3o utilizados para recolher estas informa\u00e7\u00f5es e analis\u00e1-las para fins estat\u00edsticos.<\/li>\n<\/ul>\n<\/li>\n<li>Os chamados cookies de sess\u00e3o s\u00e3o armazenados apenas durante a sua visita aos nossos s\u00edtios Web, ou seja, durante a visita atual a um dos nossos s\u00edtios Web ou durante uma sess\u00e3o do browser.<\/li>\n<li>Os cookies persistentes s\u00e3o armazenados no disco r\u00edgido do seu computador ou dispositivo m\u00f3vel para al\u00e9m da visita individual aos nossos s\u00edtios Web ou de uma sess\u00e3o do navegador. Permitem-nos reconhec\u00ea-lo na pr\u00f3xima vez que visitar os nossos s\u00edtios Web e facilitar a utiliza\u00e7\u00e3o dos mesmos (por exemplo, apresentar as ofertas de im\u00f3veis que guardou como favoritas durante a sua \u00faltima visita).<\/li>\n<li>Alguns cookies s\u00e3o definidos por n\u00f3s e est\u00e3o sob o nosso controlo. Outros cookies s\u00e3o colocados nos nossos s\u00edtios Web por terceiros (cookies de terceiros). Podemos n\u00e3o ter conhecimento de todos os terceiros que colocam cookies atrav\u00e9s dos nossos s\u00edtios Web. Tamb\u00e9m podemos n\u00e3o ter conhecimento de todos os cookies que s\u00e3o colocados por terceiros nos nossos s\u00edtios Web. N\u00e3o monitorizamos a utiliza\u00e7\u00e3o destes cookies de terceiros, com exce\u00e7\u00e3o dos cookies anal\u00edticos que utilizamos para analisar os nossos s\u00edtios Web.<\/li>\n<li>Para mais informa\u00e7\u00f5es sobre os cookies utilizados nos nossos s\u00edtios Web, consulte o anexo \u00e0 presente pol\u00edtica de cookies.<\/li>\n<\/ol>\n<h6><br><\/h6><h6>c) Gest\u00e3o e elimina\u00e7\u00e3o de cookies e exerc\u00edcio do seu direito de cancelamento<\/h6>\n<ol>\n<li>Quando visita o nosso s\u00edtio Web, aparece um banner que o informa sobre a utiliza\u00e7\u00e3o de cookies no nosso s\u00edtio Web. Ao clicar no bot\u00e3o de consentimento, o utilizador concorda com a utiliza\u00e7\u00e3o de cookies nos nossos s\u00edtios Web.<\/li>\n<li>Pode revogar o seu consentimento em qualquer altura, alterando as defini\u00e7\u00f5es do seu browser e desactivando a defini\u00e7\u00e3o de cookies. Se pretender retirar o seu consentimento em rela\u00e7\u00e3o a cookies de terceiros, contacte o fornecedor do cookie em causa. Para mais informa\u00e7\u00f5es, consulte as declara\u00e7\u00f5es de prote\u00e7\u00e3o de dados ou as pol\u00edticas de cookies do respetivo fornecedor.<\/li>\n<li>A maioria dos browsers aceita automaticamente a utiliza\u00e7\u00e3o de cookies. Pode gerir a utiliza\u00e7\u00e3o de cookies atrav\u00e9s das defini\u00e7\u00f5es do seu navegador. Se n\u00e3o quiser que os cookies sejam armazenados automaticamente no disco r\u00edgido do seu computador ou no seu dispositivo m\u00f3vel, pode alterar as defini\u00e7\u00f5es do seu navegador em conformidade e desativar a defini\u00e7\u00e3o de cookies. Nas defini\u00e7\u00f5es do seu browser, pode tamb\u00e9m escolher se pretende ser informado quando um s\u00edtio Web utiliza cookies. Consulte as instru\u00e7\u00f5es ou a fun\u00e7\u00e3o de ajuda do browser que est\u00e1 a utilizar para saber como alterar as defini\u00e7\u00f5es do seu browser em pormenor.<\/li>\n<li>Tenha em aten\u00e7\u00e3o que pode continuar a visitar e a utilizar o nosso s\u00edtio Web depois de desativar os cookies, alterando as defini\u00e7\u00f5es do seu browser. No entanto, a desativa\u00e7\u00e3o dos cookies pode implicar a impossibilidade de utilizar plenamente as fun\u00e7\u00f5es do nosso s\u00edtio Web.<\/li>\n<\/ol>\n<h6><br><\/h6><h6>d) Servi\u00e7o de an\u00e1lise Web<\/h6>\n<ol>\n<li>Neste s\u00edtio Web, utilizamos o servi\u00e7o de an\u00e1lise da Web de um prestador de servi\u00e7os por n\u00f3s contratado. Esta ferramenta utiliza os chamados \u201ecookies\u201c, ficheiros de texto que s\u00e3o armazenados no seu computador e que nos permitem analisar a sua utiliza\u00e7\u00e3o do s\u00edtio Web. Activ\u00e1mos a anonimiza\u00e7\u00e3o do IP neste s\u00edtio Web. Isto encurta e torna an\u00f3nimo o seu endere\u00e7o IP. Em nosso nome, o nosso fornecedor de servi\u00e7os recolher\u00e1 informa\u00e7\u00f5es sobre as suas visitas mais recentes ao nosso s\u00edtio Web e sobre a forma como navega no nosso s\u00edtio Web e utilizar\u00e1 estas informa\u00e7\u00f5es para analisar a sua utiliza\u00e7\u00e3o do s\u00edtio Web e para compilar relat\u00f3rios sobre a atividade do s\u00edtio Web em nosso nome.<\/li>\n<li>Utilizamos o servi\u00e7o de an\u00e1lise da Web para analisar a utiliza\u00e7\u00e3o do nosso s\u00edtio Web, a fim de compreender melhor a forma como os visitantes utilizam o nosso s\u00edtio Web, de modo a podermos torn\u00e1-lo ainda mais intuitivo. Armazenamos e processamos os dados recolhidos durante um per\u00edodo de 24 meses. A base legal para o armazenamento de cookies e a posterior an\u00e1lise dos dados recolhidos \u00e9 o consentimento dado de acordo com o Art. 6, par\u00e1grafo 1, frase 1 lit. a do RGPD. Pode revogar o seu consentimento a qualquer momento, com efeitos para o futuro, nas nossas defini\u00e7\u00f5es de cookies.<\/li>\n<\/ol>\n<h2><br><\/h2><h2>III. Os seus direitos<\/h2>\n<p>De acordo com o RGPD, pode solicitar-nos, a qualquer momento, que lhe forne\u00e7amos informa\u00e7\u00f5es sobre os dados pessoais que lhe dizem respeito e que processamos (art. 15.\u00ba do RGPD), que corrijamos os dados pessoais incorrectos que lhe dizem respeito (art. 16.\u00ba do RGPD) e\/ou que eliminemos (art. 17.\u00ba do RGPD), bloqueiemos (art. 18.\u00ba do RGPD) e\/ou entreguemos (art. 20.\u00ba do RGPD) os seus dados pessoais armazenados por n\u00f3s.<\/p>\n<p>O pedido de informa\u00e7\u00e3o deve ser dirigido a:<\/p><p><b>LEGIER BETEILIGUNGS MBH<\/b><br>Kurfurstendamm 14<br>10707 Berlim<br>Rep\u00fablica Federal da Alemanha<br>Telefone: +49 (0) 30 99211 - 3 469<br>correio eletr\u00f3nico:&nbsp;<a href=\"mailto:Info@LegierGroup.com\" target=\"_blank\" rel=\"noopener noreferrer\">Info@LegierGroup.com<\/a><\/p><p><br><\/p>\n<ol>\n<li>Se fizer valer os seus direitos contra n\u00f3s, processaremos os seus dados pessoais recolhidos neste contexto para responder ao seu pedido. O processamento dos seus dados pessoais \u00e9 efectuado para cumprir uma obriga\u00e7\u00e3o legal com base no Art. 6, par\u00e1grafo 1, frase 1 lit. c) do RGPD.<\/li>\n<li>Sem preju\u00edzo dos direitos acima referidos, pode apresentar uma queixa junto de uma autoridade de controlo da prote\u00e7\u00e3o de dados se considerar que o tratamento dos dados pessoais que lhe dizem respeito por n\u00f3s viola o RGPD (art. 77.\u00ba do RGPD).<\/li>\n<\/ol>\n<h2><br><\/h2><h2>IV. Altera\u00e7\u00f5es<\/h2><div><br><\/div>\n<ol>\n<li>As disposi\u00e7\u00f5es da presente Pol\u00edtica de Cookies aplicam-se na vers\u00e3o v\u00e1lida no momento.<\/li>\n<li>Reservamo-nos o direito de alterar e modificar o conte\u00fado da presente pol\u00edtica de cookies. A pol\u00edtica de cookies actualizada \u00e9 v\u00e1lida a partir da data da sua validade.<\/li>\n<\/ol>\n<h2><br><\/h2><h2>Anexo: Lista dos cookies utilizados no s\u00edtio LegierGroup.com<\/h2><div><br><\/div>\n<p>No nosso s\u00edtio Web s\u00e3o utilizados os seguintes tipos de cookies:<\/p>\n<ul>\n<li><b>Cookies funcionais:<\/b>&nbsp;Estes s\u00e3o necess\u00e1rios para as fun\u00e7\u00f5es b\u00e1sicas do s\u00edtio Web.<\/li>\n<li><b>Cookies de rastreio:<\/b>&nbsp;Estes s\u00e3o utilizados para analisar a utiliza\u00e7\u00e3o do s\u00edtio Web e para melhorar os nossos servi\u00e7os.<\/li>\n<li><b>Cookies de terceiros:<\/b>&nbsp;Estes s\u00e3o definidos por fornecedores terceiros e podem ser utilizados para v\u00e1rios fins, incluindo publicidade e an\u00e1lises.<\/li>\n<\/ul>\n<p>Para obter uma lista detalhada dos cookies, incluindo a sua finalidade, dura\u00e7\u00e3o e fornecedor, visite a nossa ferramenta de consentimento de cookies no s\u00edtio Web.<\/p>\n<p><b>Stand:<\/b>&nbsp;15 de junho de 2025<\/p>\n<div id=\"accessibility-panel\" class=\"card shadow bottom-0 end-0 mb-3 mt-3 p-2 z-3\">&nbsp;<\/div>\t\t\t\t\t\t\t\t<\/div>\n\t\t\t\t\t<\/div>\n\t\t\t\t<\/div>\n\t\t\t\t<\/div>","protected":false},"excerpt":{"rendered":"<p>Cookie-Richtlinien f\u00fcr LegierGroup.com Diese Cookie-Richtlinie informiert Sie uber die Verarbeitung Ihrer personenbezogenen Daten durch die&nbsp;LEGIER BETEILIGUNGS MBH&nbsp;(im Folgenden \u201eLEGIER\u201c, \u201ewir\u201c oder \u201euns\u201c) und der mit ihr verbundenen Marken&nbsp;SCANDIC PAY,&nbsp;SCANDIC ESTATE,&nbsp;SCANDIC GROUP&nbsp;und&nbsp;SCANDIC TRADE&nbsp;(im Folgenden \u201eSCANDIC Marken\u201c) gema? der EU- Datenschutzgrundverordnung (im Folgenden \u201eDSGVO\u201c) und dem Bundesdatenschutzgesetz (im Folgenden \u201eBDSG\u201c) auf der Webseite&nbsp;LegierGroup.com. I. Verantwortliche fur die [&hellip;]<\/p>\n","protected":false},"author":1,"featured_media":0,"parent":0,"menu_order":0,"comment_status":"closed","ping_status":"closed","template":"","meta":{"footnotes":""},"class_list":["post-708","page","type-page","status-publish","hentry"],"_links":{"self":[{"href":"https:\/\/legiergroup.info\/pt\/wp-json\/wp\/v2\/pages\/708","targetHints":{"allow":["GET"]}}],"collection":[{"href":"https:\/\/legiergroup.info\/pt\/wp-json\/wp\/v2\/pages"}],"about":[{"href":"https:\/\/legiergroup.info\/pt\/wp-json\/wp\/v2\/types\/page"}],"author":[{"embeddable":true,"href":"https:\/\/legiergroup.info\/pt\/wp-json\/wp\/v2\/users\/1"}],"replies":[{"embeddable":true,"href":"https:\/\/legiergroup.info\/pt\/wp-json\/wp\/v2\/comments?post=708"}],"version-history":[{"count":17,"href":"https:\/\/legiergroup.info\/pt\/wp-json\/wp\/v2\/pages\/708\/revisions"}],"predecessor-version":[{"id":1801,"href":"https:\/\/legiergroup.info\/pt\/wp-json\/wp\/v2\/pages\/708\/revisions\/1801"}],"wp:attachment":[{"href":"https:\/\/legiergroup.info\/pt\/wp-json\/wp\/v2\/media?parent=708"}],"curies":[{"name":"wp","href":"https:\/\/api.w.org\/{rel}","templated":true}]}}