{"id":764,"date":"2025-09-17T01:29:15","date_gmt":"2025-09-17T01:29:15","guid":{"rendered":"https:\/\/legiergroup.info\/?page_id=764"},"modified":"2025-10-21T13:38:13","modified_gmt":"2025-10-21T13:38:13","slug":"elementor-seite-764","status":"publish","type":"page","link":"https:\/\/legiergroup.info\/pt\/elementor-seite-764\/","title":{"rendered":"Lei da Escravatura Moderna"},"content":{"rendered":"<div data-elementor-type=\"wp-page\" data-elementor-id=\"764\" class=\"elementor elementor-764\" data-elementor-post-type=\"page\">\n\t\t\t\t<div class=\"elementor-element elementor-element-f9c3d18 e-flex e-con-boxed e-con e-parent\" data-id=\"f9c3d18\" data-element_type=\"container\" data-e-type=\"container\">\n\t\t\t\t\t<div class=\"e-con-inner\">\n\t\t\t\t<div class=\"elementor-element elementor-element-33ad196 elementor-widget elementor-widget-text-editor\" data-id=\"33ad196\" data-element_type=\"widget\" data-e-type=\"widget\" data-widget_type=\"text-editor.default\">\n\t\t\t\t\t\t\t\t\t<h1>Erkl\u00e4rung zur Verhinderung von Sklaverei und menschlicher Ausbeutung<\/h1><div><br><\/div>\n<h2>Einleitung<\/h2><div><br><\/div>\n<p>Diese Erkl\u00e4rung fasst die Ma\u00dfnahmen zusammen, die die LEGIER Beteiligungs mbH und ihre Marken \u2013 SCANDIC FLY, SCANDIC YACHTS, SANDIC ESTATE, SCANDIC TRADE, SCANDIC PAY, SCANDIC COIN und SCANDIC TRUST \u2013 zur Erf\u00fcllung der Anforderungen des Modern Slavery Act 2015 ergriffen haben.<\/p><p><br><\/p>\n<h2>\u00dcbergeordnetes Ziel<\/h2><div><br><\/div>\n<p>Die LEGIER Beteiligungs mbH verpflichtet sich zu besten Unternehmenspraktiken und ethischen Werten. Wir handeln in allen Gesch\u00e4ftsbeziehungen und -abl\u00e4ufen ethisch und integer, im Einklang mit unseren Unternehmenswerten und -richtlinien. Zudem ergreifen wir alle angemessenen Ma\u00dfnahmen, um sicherzustellen, dass auch die Mitglieder unserer Lieferketten diese Standards einhalten. Dies umfasst insbesondere die Verhinderung von moderner Sklaverei und Menschenhandel.<\/p>\n<p>Von unseren Mitarbeitern wird erwartet, dass sie Bedenken hinsichtlich der Nichteinhaltung unserer Werte und Richtlinien \u00fcber festgelegte Meldewege melden. Die Gesch\u00e4ftsleitung und der Vorstand der LEGIER Beteiligungs mbH verpflichten sich, auf alle gemeldeten Bedenken umgehend zu reagieren.<\/p><p><br><\/p>\n<h2>Gesch\u00e4fts- und Organisationsstruktur<\/h2><div><br><\/div>\n<p>Die LEGIER Beteiligungs mbH wurde vor 30 Jahren gegr\u00fcndet und ist ein globaler Mischkonzern. Wir bieten eine Vielzahl von Dienstleistungen an, darunter:<\/p>\n<ul>\n<li><b>Medien:<\/b>&nbsp;115 eigene Tageszeitungen auf allen Kontinenten<\/li>\n<li><b>Flugzeugcharter und Luftfahrtsicherheitsl\u00f6sungen:<\/b>&nbsp;durch ScandicFly<\/li>\n<li><b>Jacht-Charter:<\/b>&nbsp;durch Scandic Yachts<\/li>\n<li><b>Immobilien:<\/b>&nbsp;durch Sandic Estate<\/li>\n<li><b>Handelsdienstleistungen:<\/b>&nbsp;durch Scandic Trade<\/li>\n<li><b>Zahlungsdienste:<\/b>&nbsp;durch Scandic Pay<\/li>\n<li><b>Kryptow\u00e4hrungsdienste:<\/b>&nbsp;durch Scandic Coin<\/li>\n<li><b>Treuhanddienste:<\/b>&nbsp;durch Scandic Trust<\/li>\n<\/ul><div><br><\/div><div><br><\/div>\n<h3>Erweiterung der angebotenen Leistungen von ScandicFly Jet Charter<\/h3><div><br><\/div>\n<p>ScandicFly Jet Charter bietet ma\u00dfgeschneiderte Flugl\u00f6sungen f\u00fcr Privat- und Gesch\u00e4ftskunden. Unsere Flotte umfasst eine breite Palette von Flugzeugen, von kleinen Jets f\u00fcr kurze Strecken bis hin zu gro\u00dfen Maschinen f\u00fcr Langstreckenfl\u00fcge. Wir bieten zus\u00e4tzliche Dienstleistungen wie Catering, Bodentransport und Concierge-Services an. Im Bereich der Luftfahrtsicherheit stellen wir umfassende L\u00f6sungen bereit, darunter Risikobewertungen, Sicherheitsaudits und Schulungen f\u00fcr Flugpersonal, um die Sicherheit unserer Kunden und Mitarbeiter zu gew\u00e4hrleisten.<\/p><p><br><\/p>\n<h2>Unsere Lieferkette<\/h2><div><br><\/div>\n<p>Unsere Lieferanten bestehen haupts\u00e4chlich aus unseren eigenen Marken und professionellen Dienstleistern. Diese Dienstleister sind in der Regel gro\u00dfe Unternehmen mit eigenen Grunds\u00e4tzen f\u00fcr Lieferketten und ethischen Standards. Aufgrund der Art unserer Dienstleistungen, unserer Hauptstandorte und der von uns beauftragten Lieferanten bewerten wir das Risiko moderner Sklaverei in unserer Lieferkette als gering.<\/p><p><br><\/p>\n<h2>Richtlinien<\/h2><div><br><\/div>\n<p>Wir bekr\u00e4ftigen unsere Richtlinien zu ethischen Gesch\u00e4ftspraktiken durch regelm\u00e4\u00dfige Schulungen f\u00fcr neue und bestehende Mitarbeiter. Unsere Gesch\u00e4ftsethik-Richtlinie sieht vor, dass wir nur mit Lieferanten zusammenarbeiten, die hohe Standards in Bezug auf soziale und ethische Verantwortung erf\u00fcllen. Bei der Aufnahme neuer Gesch\u00e4ftsbeziehungen oder der Expansion in neue Gesch\u00e4ftsbereiche f\u00fchren wir geeignete Sorgfaltspr\u00fcfungen durch, um sicherzustellen, dass die gleichen Standards in der gesamten Gruppe eingehalten werden. Wir sind bestrebt, von allen Lieferanten die Zusicherung zu erhalten, dass sie unsere Standards einhalten. Zudem ber\u00fccksichtigen wir bei allen Aktivit\u00e4ten die Gesundheit und Sicherheit aller Beteiligten und der \u00d6ffentlichkeit.<\/p>\n<p>Unsere Mitarbeiter werden ermutigt, Bedenken, Warnsignale, Verluste und Beinaheunf\u00e4lle innerhalb eines klar definierten Risikomanagementrahmens vertraulich zu melden, wie im Jahresbericht und Jahresabschluss der LEGIER Beteiligungs mbH beschrieben. Ein Gesamtrisikoregister sowie alle von Mitarbeitern ge\u00e4u\u00dferten Bedenken werden regelm\u00e4\u00dfig vom F\u00fchrungsteam und Vorstand \u00fcberpr\u00fcft. Probleme in der Lieferkette, einschlie\u00dflich solcher im Zusammenhang mit moderner Sklaverei und Menschenhandel, werden innerhalb dieses Rahmens behandelt und unverz\u00fcglich behoben.<\/p><p><br><\/p>\n<h2>Rekrutierung<\/h2><div><br><\/div>\n<p>Als globales Unternehmen rekrutieren wir Mitarbeiter in vielen L\u00e4ndern, darunter das Vereinigte K\u00f6nigreich, Europa, die USA, den Nahen Osten und Asien. Bei der Einstellung f\u00fchren wir gr\u00fcndliche \u00dcberpr\u00fcfungen durch, einschlie\u00dflich der Pr\u00fcfung des Rechts auf Arbeit, um sicherzustellen, dass unsere Mitarbeiter freiwillig bei uns arbeiten und nicht von moderner Sklaverei oder Menschenhandel betroffen sind. Wir zahlen allen Mitarbeitern mindestens den gesetzlichen Mindestlohn f\u00fcr ihren Standort und \u00fcberpr\u00fcfen dies regelm\u00e4\u00dfig. Unsere Richtlinie zur Vielfalt und Inklusion verbietet jegliche Form von Diskriminierung oder Viktimisierung. Alle Mitarbeiter werden per Bank\u00fcberweisung bezahlt, und wir erlauben keine Zahlungen an Dritte. Wir fordern von allen Personalvermittlungsagenturen, mit denen wir zusammenarbeiten, dass sie Richtlinien gegen moderne Sklaverei und Menschenhandel haben oder sich verpflichten, solche Praktiken zu unterbinden.<\/p><p><br><\/p>\n<h2>Prozessverbesserung<\/h2><div><br><\/div>\n<p>Wir werden unsere Due-Diligence-Prozesse kontinuierlich verbessern und verst\u00e4rkt Schulungen und Sensibilisierungsma\u00dfnahmen f\u00fcr alle Mitarbeiter durchf\u00fchren.<\/p><p><br><\/p>\n<h2>Rechtliche Compliance<\/h2><div><br><\/div>\n<p>Als global agierendes Unternehmen unterliegt die LEGIER Beteiligungs mbH verschiedenen nationalen und internationalen Gesetzen zur Bek\u00e4mpfung von moderner Sklaverei und Menschenhandel. Im Vereinigten K\u00f6nigreich erf\u00fcllen wir die Anforderungen des Modern Slavery Act 2015, indem wir j\u00e4hrlich eine Erkl\u00e4rung ver\u00f6ffentlichen, die unsere Ma\u00dfnahmen zur Verhinderung von Sklaverei und Menschenhandel in unserer Lieferkette darlegt. In Deutschland halten wir uns an das Lieferkettensorgfaltspflichtengesetz, das uns verpflichtet, Sorgfaltspflichten in unserer Lieferkette zu implementieren und \u00fcber unsere Bem\u00fchungen zu berichten. Wir sind bestrebt, alle relevanten Gesetze und Vorschriften in den L\u00e4ndern, in denen wir t\u00e4tig sind, einzuhalten.<\/p><p><br><\/p>\n<h2>Von der Gesellschaft genehmigt<\/h2><div><br><\/div>\n<p>Diese Erkl\u00e4rung wurde gem\u00e4\u00df Abschnitt 54(1) des Modern Slavery Act 2015 abgegeben und vom Vorstand der LEGIER Beteiligungs mbH genehmigt. Sie wird j\u00e4hrlich gem\u00e4\u00df den Berichtspflichten des Gesetzes aktualisiert.<\/p><p><br><\/p>\n<p><strong>Tetiana Starosud,<\/strong><br>Chief Executive Officer<\/p>\t\t\t\t\t\t\t\t<\/div>\n\t\t\t\t\t<\/div>\n\t\t\t\t<\/div>\n\t\t\t\t<\/div>","protected":false},"excerpt":{"rendered":"<p>Erkl\u00e4rung zur Verhinderung von Sklaverei und menschlicher Ausbeutung Einleitung Diese Erkl\u00e4rung fasst die Ma\u00dfnahmen zusammen, die die LEGIER Beteiligungs mbH und ihre Marken \u2013 SCANDIC FLY, SCANDIC YACHTS, SANDIC ESTATE, SCANDIC TRADE, SCANDIC PAY, SCANDIC COIN und SCANDIC TRUST \u2013 zur Erf\u00fcllung der Anforderungen des Modern Slavery Act 2015 ergriffen haben. \u00dcbergeordnetes Ziel Die LEGIER [&hellip;]<\/p>\n","protected":false},"author":1,"featured_media":0,"parent":0,"menu_order":0,"comment_status":"closed","ping_status":"closed","template":"","meta":{"footnotes":""},"class_list":["post-764","page","type-page","status-publish","hentry"],"_links":{"self":[{"href":"https:\/\/legiergroup.info\/pt\/wp-json\/wp\/v2\/pages\/764","targetHints":{"allow":["GET"]}}],"collection":[{"href":"https:\/\/legiergroup.info\/pt\/wp-json\/wp\/v2\/pages"}],"about":[{"href":"https:\/\/legiergroup.info\/pt\/wp-json\/wp\/v2\/types\/page"}],"author":[{"embeddable":true,"href":"https:\/\/legiergroup.info\/pt\/wp-json\/wp\/v2\/users\/1"}],"replies":[{"embeddable":true,"href":"https:\/\/legiergroup.info\/pt\/wp-json\/wp\/v2\/comments?post=764"}],"version-history":[{"count":17,"href":"https:\/\/legiergroup.info\/pt\/wp-json\/wp\/v2\/pages\/764\/revisions"}],"predecessor-version":[{"id":1811,"href":"https:\/\/legiergroup.info\/pt\/wp-json\/wp\/v2\/pages\/764\/revisions\/1811"}],"wp:attachment":[{"href":"https:\/\/legiergroup.info\/pt\/wp-json\/wp\/v2\/media?parent=764"}],"curies":[{"name":"wp","href":"https:\/\/api.w.org\/{rel}","templated":true}]}}