{"id":1825,"date":"2025-10-21T13:49:15","date_gmt":"2025-10-21T13:49:15","guid":{"rendered":"https:\/\/legiergroup.info\/?page_id=1825"},"modified":"2025-10-21T14:08:21","modified_gmt":"2025-10-21T14:08:21","slug":"scandic-trade","status":"publish","type":"page","link":"https:\/\/legiergroup.info\/ro\/scandic-trade\/","title":{"rendered":"Scandic Trade"},"content":{"rendered":"<div data-elementor-type=\"wp-page\" data-elementor-id=\"1825\" class=\"elementor elementor-1825\" data-elementor-post-type=\"page\">\n\t\t\t\t<div class=\"elementor-element elementor-element-24ad50c e-flex e-con-boxed e-con e-parent\" data-id=\"24ad50c\" data-element_type=\"container\" data-e-type=\"container\">\n\t\t\t\t\t<div class=\"e-con-inner\">\n\t\t\t\t<div class=\"elementor-element elementor-element-9111cd0 elementor-widget elementor-widget-text-editor\" data-id=\"9111cd0\" data-element_type=\"widget\" data-e-type=\"widget\" data-widget_type=\"text-editor.default\">\n\t\t\t\t\t\t\t\t\t<div class=\"elementor-scandictrade-section\">\n\n  <div>\n    <img decoding=\"async\" class=\"gold_image\" src=\"https:\/\/legiergroup.info\/wp-content\/uploads\/2025\/09\/final-scandic-trade-PNG.png\" width=\"100%\" alt=\"SCANDIC TRADE\" \/>\n  <\/div>\n\n  <h1 class=\"text-center\">ScandicTrade by Legier<\/h1>\n\n  <p class=\"fs-4 fw-bold text-center\">\n    SCANDIC TRADE este o nou\u0103 unitate de afaceri a unei firme cipriote de investi\u021bii (CIF) \u00een cooperare cu LEGIER Beteiligungs mbH.\n    Platforma este \u00een prezent reglementat\u0103 de Cyprus Securities Exchange Commission (CySEC), ceea ce creeaz\u0103 \u00eencredere \u0219i credibilitate.\n  <\/p>\n\n  <h2>Diverse oportunit\u0103\u021bi de tranzac\u021bionare<\/h2>\n  <p>SCANDIC TRADE ofer\u0103 o gam\u0103 larg\u0103 de instrumente financiare:<\/p>\n  <ul>\n    <li><strong>Ac\u021biuni \u0219i indici:<\/strong> CFD-uri pe indici precum DAX, Dow Jones \u0219i ac\u021biuni ale unor companii precum Apple sau SAP.<\/li>\n    <li><strong>Forex:<\/strong> Tranzac\u021bionare \u00een perechi valutare, spread-uri de la 0 pips.<\/li>\n    <li><strong>Metale:<\/strong> Aur, argint \u0219i platin\u0103 pentru diversificare.<\/li>\n    <li><strong>Materii prime \u0219i energie:<\/strong> CFD-uri pe \u021bi\u021bei \u0219i alte pie\u021be.<\/li>\n    <li><strong>Futures:<\/strong> Indicele Germania 40 sau obliga\u021biunile SUA cu scaden\u021ba la 10 ani.<\/li>\n    <li><strong>Criptomonede:<\/strong> Bitcoin, Ethereum, Solana \u0219i multe altele.<\/li>\n  <\/ul>\n  <p>Aceast\u0103 diversitate permite utilizatorilor s\u0103 diversifice portofoliile \u0219i s\u0103 beneficieze de schimb\u0103rile de pe pia\u021b\u0103.<\/p>\n\n  <h2>Accesibilitate \u0219i comunitate<\/h2>\n  <p>Platforma face tranzac\u021bionarea simpl\u0103, u\u0219or de \u00een\u021beles \u0219i interesant\u0103 - at\u00e2t pentru \u00eencep\u0103tori, c\u00e2t \u0219i pentru profesioni\u0219ti. SCANDIC TRADE promoveaz\u0103 o comunitate global\u0103 \u00een care cuno\u0219tin\u021bele sunt \u00eemp\u0103rt\u0103\u0219ite pentru a investi \u00eempreun\u0103 cu succes. Educa\u021bia este o prioritate: o comunitate de investi\u021bii sprijin\u0103 schimbul \u00eentre \u00eencep\u0103tori \u0219i exper\u021bi pentru a spori cuno\u0219tin\u021bele \u0219i prosperitatea.<\/p>\n\n  <h2>Tehnologie inovatoare<\/h2>\n  <p>SCANDIC TRADE ofer\u0103 o platform\u0103 intuitiv\u0103 cu instrumente profesionale pentru toate nivelurile de experien\u021b\u0103. Punctele forte includ portofolii inteligente care grupeaz\u0103 activele \u00een func\u021bie de teme precum 5G sau energiile regenerabile. Acestea utilizeaz\u0103 algoritmi, machine learning \u0219i AI pentru a adapta strategiile la condi\u021biile de pia\u021b\u0103. Gama de active digitale, precum Ether sau Litecoin, este \u00een continu\u0103 cre\u0219tere.<\/p>\n\n  <h2>Avantaje localizate<\/h2>\n  <p>Conturile \u00een GBP, EUR \u0219i USD evit\u0103 comisioanele de conversie \u0219i ofer\u0103 o experien\u021b\u0103 de tranzac\u021bionare local\u0103. Clien\u021bii primesc un card de debit SCANDIC TRADE pentru acces u\u0219or la fondurile lor.<\/p>\n\n  <h2>Comercializarea emisiilor<\/h2>\n  <p>SCANDIC TRADE permite tranzac\u021bionarea certificatelor de CO\u2082, similar sistemului UE de comercializare a certificatelor de emisii (ETS). Acest lucru deschide oportunit\u0103\u021bi de investi\u021bii durabile \u0219i o mai mare diversificare.<\/p>\n\n  <p>SCANDIC TRADE combin\u0103 astfel o gam\u0103 larg\u0103 de instrumente financiare cu un accent pe comunitate, educa\u021bie \u0219i tehnologie. Cu instrumente u\u0219or de utilizat, portofolii inteligente \u0219i beneficii localizate, platforma se pozi\u021bioneaz\u0103 ca o solu\u021bie accesibil\u0103 pentru oricine dore\u0219te s\u0103 \u00ee\u0219i sporeasc\u0103 cuno\u0219tin\u021bele \u0219i averea.<\/p>\n\n<\/div>\n\n<style>\n  .elementor-scandictrade-section {\n    max-width: 1000px;\n    margin: 0 auto;\n    color: #1a1a1a;\n    line-height: 1.8;\n    font-family: \"Helvetica Neue\", Helvetica, Arial, sans-serif;\n  }\n\n  .elementor-scandictrade-section h1 {\n    text-align: center;\n    font-size: 2.4rem;\n    margin-top: 2rem;\n    margin-bottom: 1rem;\n    color: black;\n    font-weight: 800;\n  }\n\n  .elementor-scandictrade-section h2 {\n    font-size: 1.5rem;\n    margin-top: 2.5rem;\n    margin-bottom: 0.75rem;\n    color: black;\n    font-weight: 700;\n  }\n\n  .elementor-scandictrade-section p {\n    margin-bottom: 1rem;\n  }\n\n  .elementor-scandictrade-section ul {\n    margin-left: 1.5rem;\n    margin-bottom: 1rem;\n  }\n\n  .elementor-scandictrade-section li {\n    margin-bottom: 0.5rem;\n  }\n\n  .elementor-scandictrade-section .fs-4 {\n    font-size: 1.25rem;\n  }\n\n  .elementor-scandictrade-section .fw-bold {\n    font-weight: 700;\n  }\n\n  .elementor-scandictrade-section .text-center {\n    text-align: center;\n  }\n\n  .elementor-scandictrade-section img {\n    border-radius: 12px;\n    box-shadow: 0 6px 18px rgba(0,0,0,0.1);\n    margin: 2rem 0;\n  }\n<\/style>\n\t\t\t\t\t\t\t\t<\/div>\n\t\t\t\t\t<\/div>\n\t\t\t\t<\/div>\n\t\t\t\t<\/div>","protected":false},"excerpt":{"rendered":"<p>ScandicTrade by Legier SCANDIC TRADE ist eine neue Gesch\u00e4ftseinheit einer zypriotischen Investmentfirma (CIF) in Zusammenarbeit mit der LEGIER Beteiligungs mbH. Die Plattform wird derzeit von der Cyprus Securities Exchange Commission (CySEC) reguliert, was Vertrauen und Glaubw\u00fcrdigkeit schafft. Vielf\u00e4ltige Handelsm\u00f6glichkeiten SCANDIC TRADE bietet eine breite Palette von Finanzinstrumenten: Aktien und Indizes: CFDs auf Indizes wie DAX, [&hellip;]<\/p>\n","protected":false},"author":2,"featured_media":0,"parent":0,"menu_order":0,"comment_status":"closed","ping_status":"closed","template":"","meta":{"footnotes":""},"class_list":["post-1825","page","type-page","status-publish","hentry"],"_links":{"self":[{"href":"https:\/\/legiergroup.info\/ro\/wp-json\/wp\/v2\/pages\/1825","targetHints":{"allow":["GET"]}}],"collection":[{"href":"https:\/\/legiergroup.info\/ro\/wp-json\/wp\/v2\/pages"}],"about":[{"href":"https:\/\/legiergroup.info\/ro\/wp-json\/wp\/v2\/types\/page"}],"author":[{"embeddable":true,"href":"https:\/\/legiergroup.info\/ro\/wp-json\/wp\/v2\/users\/2"}],"replies":[{"embeddable":true,"href":"https:\/\/legiergroup.info\/ro\/wp-json\/wp\/v2\/comments?post=1825"}],"version-history":[{"count":16,"href":"https:\/\/legiergroup.info\/ro\/wp-json\/wp\/v2\/pages\/1825\/revisions"}],"predecessor-version":[{"id":1844,"href":"https:\/\/legiergroup.info\/ro\/wp-json\/wp\/v2\/pages\/1825\/revisions\/1844"}],"wp:attachment":[{"href":"https:\/\/legiergroup.info\/ro\/wp-json\/wp\/v2\/media?parent=1825"}],"curies":[{"name":"wp","href":"https:\/\/api.w.org\/{rel}","templated":true}]}}