{"id":708,"date":"2025-09-17T01:02:58","date_gmt":"2025-09-17T01:02:58","guid":{"rendered":"https:\/\/legiergroup.info\/?page_id=708"},"modified":"2025-10-21T13:33:38","modified_gmt":"2025-10-21T13:33:38","slug":"usmernenia-tykajuce-sa-suborov-cookie","status":"publish","type":"page","link":"https:\/\/legiergroup.info\/sk\/cookie-richtlinien\/","title":{"rendered":"Z\u00e1sady pou\u017e\u00edvania s\u00faborov cookie"},"content":{"rendered":"<div data-elementor-type=\"wp-page\" data-elementor-id=\"708\" class=\"elementor elementor-708\" data-elementor-post-type=\"page\">\n\t\t\t\t<div class=\"elementor-element elementor-element-787223a e-flex e-con-boxed e-con e-parent\" data-id=\"787223a\" data-element_type=\"container\" data-e-type=\"container\">\n\t\t\t\t\t<div class=\"e-con-inner\">\n\t\t\t\t<div class=\"elementor-element elementor-element-3ca3ff9 elementor-widget elementor-widget-text-editor\" data-id=\"3ca3ff9\" data-element_type=\"widget\" data-e-type=\"widget\" data-widget_type=\"text-editor.default\">\n\t\t\t\t\t\t\t\t\t<h1>Z\u00e1sady pou\u017e\u00edvania s\u00faborov cookie pre LegierGroup.com<\/h1><div><br><\/div>\n<p>Tieto z\u00e1sady pou\u017e\u00edvania s\u00faborov cookie v\u00e1s informuj\u00fa o spracovan\u00ed va\u0161ich osobn\u00fdch \u00fadajov&nbsp;<b>LEGIER BETEILIGUNGS MBH<\/b>&nbsp;(\u010falej len \u201eLEGIER\u201c, \u201emy\u201c alebo \u201en\u00e1s\u201c) a zna\u010dky s \u0148ou spojen\u00e9.&nbsp;<b>SCANDIC PAY<\/b>,&nbsp;<b>SCANDIC ESTATE<\/b>,&nbsp;<b>SCANDIC GROUP<\/b>&nbsp;a&nbsp;<b>SCANDIC TRADE<\/b>&nbsp;(\u010falej len \u201ezna\u010dky SCANDIC\u201c) v s\u00falade so v\u0161eobecn\u00fdm nariaden\u00edm E\u00da o ochrane \u00fadajov (\u010falej len \u201eGDPR\u201c) a spolkov\u00fdm z\u00e1konom o ochrane \u00fadajov (\u010falej len \u201eBDSG\u201c) na webovej str\u00e1nke&nbsp;<a href=\"https:\/\/legiergroup.com\/\" target=\"_blank\" rel=\"noopener\">LegierGroup.com<\/a>.<\/p>\n<h2>I. Zodpovednos\u0165 za spracovanie \u00fadajov<\/h2>\n<p>Subjektom zodpovedn\u00fdm za spracovanie \u00fadajov na webovej lokalite je :<\/p><p><br><b>LEGIER BETEILIGUNGS MBH<\/b><br>Kurfurstendamm 14<br>10707 Berl\u00edn<br>Spolkov\u00e1 republika Nemecko<\/p><p><br><b>Kontakt:<\/b><br>Telef\u00f3n: +49 (0) 30 99211 - 3 469<br>Fax: +49 (0) 30 99211 - 3 225<br>E-mail:&nbsp;<a href=\"mailto:Info@LegierGroup.com\" target=\"_blank\" rel=\"noopener noreferrer\">Info@LegierGroup.com<\/a><\/p><p><br><b>Mana\u017ement:<\/b>&nbsp;Tetiana Starosud<\/p>\n<p><b>\u00daradn\u00edk pre ochranu \u00fadajov:<\/b><br>Pr\u00e1vnik Thilo Herges<br>Hohenzollerndamm 27a<br>10713 Berl\u00edn<br>Spolkov\u00e1 republika Nemecko<br>Telef\u00f3n: +49 (0) 232 57 44 77<br>E-mail:&nbsp;<a href=\"mailto:datenschutz@LegierGroup.com\" target=\"_blank\" rel=\"noopener noreferrer\">datenschutz@LegierGroup.com<\/a><\/p><p><br><\/p>\n<h2>II Spracovanie<\/h2><div><br><\/div>\n<h4>1. s\u00fabory cookie<\/h4>\n<h6><br><\/h6><h6>a) Defin\u00edcie<\/h6>\n<ol>\n<li>Na na\u0161ej webovej str\u00e1nke sa pou\u017e\u00edvaj\u00fa takzvan\u00e9 \u201ecookies\u201c. S\u00fabory cookie s\u00fa mal\u00e9 textov\u00e9 s\u00fabory, ktor\u00e9 sa lok\u00e1lne pren\u00e1\u0161aj\u00fa z na\u0161ich webov\u00fdch str\u00e1nok na pevn\u00fd disk v\u00e1\u0161ho po\u010d\u00edta\u010da alebo mobiln\u00e9ho zariadenia a ukladaj\u00fa sa tam, ke\u010f nav\u0161t\u00edvite na\u0161e webov\u00e9 str\u00e1nky. V d\u00f4sledku toho sa va\u0161e \u010dinnosti (napr. ktor\u00e9 webov\u00e9 str\u00e1nky nav\u0161tevujete, ktor\u00e9 pr\u00edspevky a t\u00e9my si prezer\u00e1te, ako dlho sa zdr\u017e\u00edte na webovej str\u00e1nke, po\u010det zobrazen\u00fdch str\u00e1nok za de\u0148 at\u010f.) a va\u0161e preferovan\u00e9 nastavenia (napr. prihl\u00e1senie, jazyk a in\u00e9 nastavenia zobrazovania) ukladaj\u00fa po\u010das rel\u00e1cie prehliada\u010da alebo pre va\u0161u \u010fal\u0161iu n\u00e1v\u0161tevu na\u0161ich webov\u00fdch str\u00e1nok. Pri \u010fal\u0161ej n\u00e1v\u0161teve na\u0161ich webov\u00fdch str\u00e1nok sa tieto inform\u00e1cie odo\u0161l\u00fa sp\u00e4\u0165 na server. Automaticky sa rozpozn\u00e1 v\u00e1\u0161 po\u010d\u00edta\u010d alebo mobiln\u00e9 zariadenie a na\u010d\u00edtaj\u00fa sa napr\u00edklad ponuky nehnute\u013enost\u00ed, ktor\u00e9 ste si po\u010das poslednej n\u00e1v\u0161tevy na\u0161ich webov\u00fdch str\u00e1nok ulo\u017eili medzi ob\u013e\u00faben\u00e9. To v\u00e1m pon\u00faka v\u00fdhodu, \u017ee pri ka\u017edej n\u00e1v\u0161teve na\u0161ej webovej str\u00e1nky nemus\u00edte nastavova\u0165 ob\u013e\u00faben\u00e9 ponuky. S\u00fabory cookie m\u00f4\u017eeme pou\u017e\u00edva\u0165 na \u0161tatistick\u00fa anal\u00fdzu \u00fadajov o pou\u017e\u00edvan\u00ed na\u0161ich webov\u00fdch str\u00e1nok s cie\u013eom zlep\u0161i\u0165 obsah, grafiku a technol\u00f3giu na\u0161ich webov\u00fdch str\u00e1nok a na\u0161u reklamu v s\u00falade s va\u0161imi potrebami.<\/li>\n<li>V nasleduj\u00facom texte pojem \u201ewebov\u00e1 str\u00e1nka\u201c spolo\u010dnosti LEGIER zah\u0155\u0148a v\u0161etky internetov\u00e9 str\u00e1nky poskytovan\u00e9 spolo\u010dnos\u0165ou LEGIER BETEILIGUNGS MBH a jej pridru\u017een\u00fdmi zna\u010dkami.<\/li>\n<\/ol>\n<h6><br><\/h6><h6>b) Povaha, rozsah a ciele<\/h6>\n<ol>\n<li>Na na\u0161ich webov\u00fdch str\u00e1nkach pou\u017e\u00edvame r\u00f4zne s\u00fabory cookie:\n<ul>\n<li>Funk\u010dn\u00e9 s\u00fabory cookie umo\u017e\u0148uj\u00fa fungovanie na\u0161ej webovej str\u00e1nky. S\u00fa potrebn\u00e9 pre z\u00e1kladn\u00e9 funkcie na\u0161ej webovej str\u00e1nky.<\/li>\n<li>Pou\u017e\u00edvanie sledovac\u00edch s\u00faborov cookie n\u00e1m okrem in\u00e9ho umo\u017e\u0148uje zisti\u0165, ko\u013eko n\u00e1v\u0161tevn\u00edkov pristupuje na na\u0161e webov\u00e9 str\u00e1nky a ako sa n\u00e1v\u0161tevn\u00edci na na\u0161ich webov\u00fdch str\u00e1nkach spr\u00e1vaj\u00fa, t. j. ktor\u00e9 funkcie pou\u017e\u00edvaj\u00fa. Medzi sledovacie s\u00fabory cookie patria aj analytick\u00e9 s\u00fabory cookie, ktor\u00e9 sa pou\u017e\u00edvaj\u00fa na zhroma\u017e\u010fovanie t\u00fdchto inform\u00e1ci\u00ed a ich anal\u00fdzu na \u0161tatistick\u00e9 \u00fa\u010dely.<\/li>\n<\/ul>\n<\/li>\n<li>Takzvan\u00e9 s\u00fabory cookie rel\u00e1cie sa ukladaj\u00fa len po\u010das trvania va\u0161ej n\u00e1v\u0161tevy na\u0161ich webov\u00fdch str\u00e1nok, t. j. po\u010das aktu\u00e1lnej n\u00e1v\u0161tevy jednej z na\u0161ich webov\u00fdch str\u00e1nok alebo rel\u00e1cie prehliada\u010da.<\/li>\n<li>Trval\u00e9 s\u00fabory cookie sa ukladaj\u00fa na pevn\u00fd disk v\u00e1\u0161ho po\u010d\u00edta\u010da alebo mobiln\u00e9ho zariadenia aj po skon\u010den\u00ed jednotliv\u00fdch n\u00e1v\u0161tev na\u0161ich webov\u00fdch str\u00e1nok alebo rel\u00e1cie prehliada\u010da. Umo\u017e\u0148uj\u00fa n\u00e1m rozpozna\u0165 v\u00e1s pri \u010fal\u0161ej n\u00e1v\u0161teve na\u0161ich webov\u00fdch str\u00e1nok a u\u013eah\u010duj\u00fa v\u00e1m pou\u017e\u00edvanie na\u0161ich webov\u00fdch str\u00e1nok (napr. zobrazenie pon\u00fak nehnute\u013enost\u00ed, ktor\u00e9 ste si po\u010das poslednej n\u00e1v\u0161tevy ulo\u017eili medzi ob\u013e\u00faben\u00e9).<\/li>\n<li>Niektor\u00e9 s\u00fabory cookie s\u00fa nastaven\u00e9 nami a s\u00fa pod na\u0161ou kontrolou. In\u00e9 s\u00fabory cookie umiest\u0148uj\u00fa na na\u0161e webov\u00e9 str\u00e1nky tretie strany (s\u00fabory cookie tret\u00edch str\u00e1n). Nemus\u00edme si by\u0165 vedom\u00ed v\u0161etk\u00fdch tret\u00edch str\u00e1n, ktor\u00e9 umiest\u0148uj\u00fa s\u00fabory cookie prostredn\u00edctvom na\u0161ich webov\u00fdch str\u00e1nok. Takisto si nemus\u00edme by\u0165 vedom\u00ed v\u0161etk\u00fdch s\u00faborov cookie, ktor\u00e9 tretie strany umiest\u0148uj\u00fa na na\u0161e webov\u00e9 str\u00e1nky. Pou\u017e\u00edvanie t\u00fdchto s\u00faborov cookie tret\u00edch str\u00e1n nesledujeme, s v\u00fdnimkou analytick\u00fdch s\u00faborov cookie, ktor\u00e9 pou\u017e\u00edvame na anal\u00fdzu na\u0161ich webov\u00fdch str\u00e1nok.<\/li>\n<li>Viac inform\u00e1ci\u00ed o s\u00faboroch cookie pou\u017e\u00edvan\u00fdch na na\u0161ich webov\u00fdch str\u00e1nkach n\u00e1jdete v pr\u00edlohe k t\u00fdmto z\u00e1sad\u00e1m pou\u017e\u00edvania s\u00faborov cookie.<\/li>\n<\/ol>\n<h6><br><\/h6><h6>c) Spr\u00e1va a vymazanie s\u00faborov cookie a uplatnenie v\u00e1\u0161ho pr\u00e1va na zru\u0161enie<\/h6>\n<ol>\n<li>Ke\u010f nav\u0161t\u00edvite na\u0161u webov\u00fa lokalitu, zobraz\u00ed sa banner, ktor\u00fd v\u00e1s informuje o pou\u017e\u00edvan\u00ed s\u00faborov cookie na na\u0161ej webovej lokalite. Kliknut\u00edm na tla\u010didlo s\u00fahlasu s\u00fahlas\u00edte s pou\u017e\u00edvan\u00edm s\u00faborov cookie na na\u0161ich webov\u00fdch str\u00e1nkach.<\/li>\n<li>Svoj s\u00fahlas m\u00f4\u017eete kedyko\u013evek odvola\u0165 zmenou nastaven\u00ed prehliada\u010da a deaktiv\u00e1ciou nastavenia s\u00faborov cookie. Ak chcete odvola\u0165 svoj s\u00fahlas v s\u00favislosti so s\u00fabormi cookie tret\u00edch str\u00e1n, obr\u00e1\u0165te sa na poskytovate\u013ea pr\u00edslu\u0161n\u00e9ho s\u00faboru cookie. \u010eal\u0161ie inform\u00e1cie n\u00e1jdete vo vyhl\u00e1seniach o ochrane \u00fadajov alebo v z\u00e1sad\u00e1ch pou\u017e\u00edvania s\u00faborov cookie pr\u00edslu\u0161n\u00e9ho poskytovate\u013ea.<\/li>\n<li>V\u00e4\u010d\u0161ina prehliada\u010dov automaticky akceptuje pou\u017e\u00edvanie s\u00faborov cookie. Pou\u017e\u00edvanie s\u00faborov cookie m\u00f4\u017eete spravova\u0165 prostredn\u00edctvom nastaven\u00ed prehliada\u010da. Ak nechcete, aby sa s\u00fabory cookie automaticky ukladali na pevn\u00fd disk v\u00e1\u0161ho po\u010d\u00edta\u010da alebo mobiln\u00e9ho zariadenia, m\u00f4\u017eete zodpovedaj\u00facim sp\u00f4sobom zmeni\u0165 nastavenia prehliada\u010da a deaktivova\u0165 nastavenie s\u00faborov cookie. V nastaveniach prehliada\u010da si tie\u017e m\u00f4\u017eete vybra\u0165, \u010di chcete by\u0165 informovan\u00ed, ke\u010f webov\u00e1 str\u00e1nka pou\u017e\u00edva s\u00fabory cookie. Podrobn\u00e9 inform\u00e1cie o tom, ako zmeni\u0165 nastavenia prehliada\u010da, n\u00e1jdete v pokynoch alebo vo funkcii n\u00e1povedy prehliada\u010da, ktor\u00fd pou\u017e\u00edvate.<\/li>\n<li>Upozor\u0148ujeme, \u017ee po deaktiv\u00e1cii s\u00faborov cookie m\u00f4\u017eete pokra\u010dova\u0165 v n\u00e1v\u0161teve a pou\u017e\u00edvan\u00ed na\u0161ej webovej str\u00e1nky zmenou nastaven\u00ed prehliada\u010da. Deaktiv\u00e1cia s\u00faborov cookie v\u0161ak m\u00f4\u017ee znamena\u0165, \u017ee u\u017e nebudete m\u00f4c\u0165 plne vyu\u017e\u00edva\u0165 funkcie na\u0161ej webovej str\u00e1nky.<\/li>\n<\/ol>\n<h6><br><\/h6><h6>d) Slu\u017eba webovej anal\u00fdzy<\/h6>\n<ol>\n<li>Na tejto webovej lokalite pou\u017e\u00edvame slu\u017eby webovej anal\u00fdzy nami poveren\u00e9ho poskytovate\u013ea slu\u017eieb. Tento n\u00e1stroj pou\u017e\u00edva takzvan\u00e9 \u201ecookies\u201c, textov\u00e9 s\u00fabory, ktor\u00e9 sa ukladaj\u00fa vo va\u0161om po\u010d\u00edta\u010di a umo\u017e\u0148uj\u00fa n\u00e1m analyzova\u0165 va\u0161e pou\u017e\u00edvanie webovej str\u00e1nky. Na tejto webovej lokalite sme aktivovali anonymiz\u00e1ciu IP. T\u00fdm sa skr\u00e1ti a anonymizuje va\u0161a IP adresa. V na\u0161om mene bude n\u00e1\u0161 poskytovate\u013e slu\u017eieb zhroma\u017e\u010fova\u0165 inform\u00e1cie o va\u0161ich posledn\u00fdch n\u00e1v\u0161tev\u00e1ch na\u0161ej webovej lokality a o tom, ako sa pohybujete v r\u00e1mci na\u0161ej webovej lokality, a tieto inform\u00e1cie pou\u017eije na anal\u00fdzu v\u00e1\u0161ho pou\u017e\u00edvania webovej lokality a na vypracovanie spr\u00e1v o \u010dinnosti webovej lokality v na\u0161om mene.<\/li>\n<li>Slu\u017ebu webovej anal\u00fdzy pou\u017e\u00edvame na anal\u00fdzu pou\u017e\u00edvania na\u0161ej webovej str\u00e1nky, aby sme lep\u0161ie pochopili, ako n\u00e1v\u0161tevn\u00edci pou\u017e\u00edvaj\u00fa na\u0161u webov\u00fa str\u00e1nku a mohli ju urobi\u0165 e\u0161te intuit\u00edvnej\u0161ou. Zozbieran\u00e9 \u00fadaje uchov\u00e1vame a spracov\u00e1vame po dobu 24 mesiacov. Pr\u00e1vnym z\u00e1kladom pre ukladanie s\u00faborov cookie a \u010fal\u0161iu anal\u00fdzu zhroma\u017eden\u00fdch \u00fadajov je s\u00fahlas udelen\u00fd v s\u00falade s \u010dl. 6 ods. 1 veta 1 p\u00edsm. a GDPR. Svoj s\u00fahlas m\u00f4\u017eete kedyko\u013evek odvola\u0165 s \u00fa\u010dinnos\u0165ou do bud\u00facnosti v na\u0161ich nastaveniach s\u00faborov cookie.<\/li>\n<\/ol>\n<h2><br><\/h2><h2>III. Va\u0161e pr\u00e1va<\/h2>\n<p>V s\u00falade s GDPR n\u00e1s m\u00f4\u017eete kedyko\u013evek po\u017eiada\u0165, aby sme v\u00e1m poskytli inform\u00e1cie o osobn\u00fdch \u00fadajoch, ktor\u00e9 sa v\u00e1s t\u00fdkaj\u00fa a ktor\u00e9 sprac\u00favame (\u010dl\u00e1nok 15 GDPR), opravili nespr\u00e1vne osobn\u00e9 \u00fadaje, ktor\u00e9 sa v\u00e1s t\u00fdkaj\u00fa (\u010dl\u00e1nok 16 GDPR) a\/alebo vymazali (\u010dl\u00e1nok 17 GDPR), zablokovali (\u010dl\u00e1nok 18 GDPR) a\/alebo odovzdali (\u010dl\u00e1nok 20 GDPR) va\u0161e osobn\u00e9 \u00fadaje, ktor\u00e9 uklad\u00e1me.<\/p>\n<p>Svoju po\u017eiadavku adresujte na:<\/p><p><b>LEGIER BETEILIGUNGS MBH<\/b><br>Kurfurstendamm 14<br>10707 Berl\u00edn<br>Spolkov\u00e1 republika Nemecko<br>Telef\u00f3n: +49 (0) 30 99211 - 3 469<br>E-mail:&nbsp;<a href=\"mailto:Info@LegierGroup.com\" target=\"_blank\" rel=\"noopener noreferrer\">Info@LegierGroup.com<\/a><\/p><p><br><\/p>\n<ol>\n<li>Ak si vo\u010di n\u00e1m uplatn\u00edte svoje pr\u00e1va, budeme sprac\u00fava\u0165 va\u0161e osobn\u00e9 \u00fadaje z\u00edskan\u00e9 v tejto s\u00favislosti, aby sme mohli odpoveda\u0165 na va\u0161u \u017eiados\u0165. Sprac\u00favanie va\u0161ich osobn\u00fdch \u00fadajov sa vykon\u00e1va na splnenie z\u00e1konnej povinnosti na z\u00e1klade \u010dl. 6 ods. 1 veta 1 p\u00edsm. c) GDPR.<\/li>\n<li>Bez toho, aby boli dotknut\u00e9 vy\u0161\u0161ie uveden\u00e9 pr\u00e1va, m\u00f4\u017eete poda\u0165 s\u0165a\u017enos\u0165 dozorn\u00e9mu org\u00e1nu na ochranu \u00fadajov, ak sa domnievate, \u017ee spracovanie osobn\u00fdch \u00fadajov, ktor\u00e9 sa v\u00e1s t\u00fdka, poru\u0161uje GDPR (\u010dl\u00e1nok 77 GDPR).<\/li>\n<\/ol>\n<h2><br><\/h2><h2>IV. Zmeny<\/h2><div><br><\/div>\n<ol>\n<li>Ustanovenia t\u00fdchto z\u00e1sad pou\u017e\u00edvania s\u00faborov cookie platia v znen\u00ed platnom v danom \u010dase.<\/li>\n<li>Vyhradzujeme si pr\u00e1vo meni\u0165 a dop\u013a\u0148a\u0165 obsah t\u00fdchto z\u00e1sad pou\u017e\u00edvania s\u00faborov cookie. Aktualizovan\u00e9 z\u00e1sady pou\u017e\u00edvania s\u00faborov cookie s\u00fa platn\u00e9 od d\u00e1tumu ich platnosti.<\/li>\n<\/ol>\n<h2><br><\/h2><h2>Pr\u00edloha: Zoznam s\u00faborov cookie pou\u017e\u00edvan\u00fdch na str\u00e1nke LegierGroup.com<\/h2><div><br><\/div>\n<p>Na na\u0161ej webovej str\u00e1nke sa pou\u017e\u00edvaj\u00fa tieto typy s\u00faborov cookie:<\/p>\n<ul>\n<li><b>Funk\u010dn\u00e9 s\u00fabory cookie:<\/b>&nbsp;Tie s\u00fa potrebn\u00e9 na z\u00e1kladn\u00e9 funkcie webovej lokality.<\/li>\n<li><b>Sledovacie s\u00fabory cookie:<\/b>&nbsp;Tieto \u00fadaje sa pou\u017e\u00edvaj\u00fa na anal\u00fdzu pou\u017e\u00edvania webovej str\u00e1nky a na zlep\u0161enie na\u0161ich slu\u017eieb.<\/li>\n<li><b>S\u00fabory cookie tret\u00edch str\u00e1n:<\/b>&nbsp;Tieto \u00fadaje nastavuj\u00fa poskytovatelia tret\u00edch str\u00e1n a m\u00f4\u017eu sa pou\u017e\u00edva\u0165 na r\u00f4zne \u00fa\u010dely vr\u00e1tane reklamy a anal\u00fdz.<\/li>\n<\/ul>\n<p>Podrobn\u00fd zoznam s\u00faborov cookie vr\u00e1tane ich \u00fa\u010delu, trvania a poskytovate\u013ea n\u00e1jdete v na\u0161om n\u00e1stroji pre s\u00fahlas so s\u00fabormi cookie na webovej str\u00e1nke.<\/p>\n<p><b>Stojan:<\/b>&nbsp;15. j\u00fana 2025<\/p>\n<div id=\"accessibility-panel\" class=\"card shadow bottom-0 end-0 mb-3 mt-3 p-2 z-3\">&nbsp;<\/div>\t\t\t\t\t\t\t\t<\/div>\n\t\t\t\t\t<\/div>\n\t\t\t\t<\/div>\n\t\t\t\t<\/div>","protected":false},"excerpt":{"rendered":"<p>Cookie-Richtlinien f\u00fcr LegierGroup.com Diese Cookie-Richtlinie informiert Sie uber die Verarbeitung Ihrer personenbezogenen Daten durch die&nbsp;LEGIER BETEILIGUNGS MBH&nbsp;(im Folgenden \u201eLEGIER\u201c, \u201ewir\u201c oder \u201euns\u201c) und der mit ihr verbundenen Marken&nbsp;SCANDIC PAY,&nbsp;SCANDIC ESTATE,&nbsp;SCANDIC GROUP&nbsp;und&nbsp;SCANDIC TRADE&nbsp;(im Folgenden \u201eSCANDIC Marken\u201c) gema? der EU- Datenschutzgrundverordnung (im Folgenden \u201eDSGVO\u201c) und dem Bundesdatenschutzgesetz (im Folgenden \u201eBDSG\u201c) auf der Webseite&nbsp;LegierGroup.com. I. Verantwortliche fur die [&hellip;]<\/p>\n","protected":false},"author":1,"featured_media":0,"parent":0,"menu_order":0,"comment_status":"closed","ping_status":"closed","template":"","meta":{"footnotes":""},"class_list":["post-708","page","type-page","status-publish","hentry"],"_links":{"self":[{"href":"https:\/\/legiergroup.info\/sk\/wp-json\/wp\/v2\/pages\/708","targetHints":{"allow":["GET"]}}],"collection":[{"href":"https:\/\/legiergroup.info\/sk\/wp-json\/wp\/v2\/pages"}],"about":[{"href":"https:\/\/legiergroup.info\/sk\/wp-json\/wp\/v2\/types\/page"}],"author":[{"embeddable":true,"href":"https:\/\/legiergroup.info\/sk\/wp-json\/wp\/v2\/users\/1"}],"replies":[{"embeddable":true,"href":"https:\/\/legiergroup.info\/sk\/wp-json\/wp\/v2\/comments?post=708"}],"version-history":[{"count":17,"href":"https:\/\/legiergroup.info\/sk\/wp-json\/wp\/v2\/pages\/708\/revisions"}],"predecessor-version":[{"id":1801,"href":"https:\/\/legiergroup.info\/sk\/wp-json\/wp\/v2\/pages\/708\/revisions\/1801"}],"wp:attachment":[{"href":"https:\/\/legiergroup.info\/sk\/wp-json\/wp\/v2\/media?parent=708"}],"curies":[{"name":"wp","href":"https:\/\/api.w.org\/{rel}","templated":true}]}}