{"id":1642,"date":"2025-10-06T14:16:48","date_gmt":"2025-10-06T14:16:48","guid":{"rendered":"https:\/\/legiergroup.info\/?page_id=1642"},"modified":"2025-10-21T13:44:26","modified_gmt":"2025-10-21T13:44:26","slug":"scandic-pay","status":"publish","type":"page","link":"https:\/\/legiergroup.info\/sl\/scandic-pay\/","title":{"rendered":"Scandic Pay"},"content":{"rendered":"<div data-elementor-type=\"wp-page\" data-elementor-id=\"1642\" class=\"elementor elementor-1642\" data-elementor-post-type=\"page\">\n\t\t\t\t<div class=\"elementor-element elementor-element-980d4cb e-flex e-con-boxed e-con e-parent\" data-id=\"980d4cb\" data-element_type=\"container\" data-e-type=\"container\">\n\t\t\t\t\t<div class=\"e-con-inner\">\n\t\t\t\t<div class=\"elementor-element elementor-element-94375f0 elementor-widget elementor-widget-text-editor\" data-id=\"94375f0\" data-element_type=\"widget\" data-e-type=\"widget\" data-widget_type=\"text-editor.default\">\n\t\t\t\t\t\t\t\t\t<div><img decoding=\"async\" class=\"gold_image\" src=\"https:\/\/scandicpay.de\/web\/uber_uns\/uberuns.jpg\" width=\"100%\" \/><\/div><h1>O nas<\/h1><div>\u00a0<\/div><p class=\"fs-4 fw-bold text-center\">Willkommen bei SCANDIC PAY<br \/>Ihrem weltweit agierenden Partner f\u00fcr bahnbrechende Innovationen und nachhaltigen Erfolg<\/p><p>Als integraler Bestandteil renommierter Unternehmensbereiche der LEGIER Beteiligungs mbH, positionieren sich die Marken: SCANDIC PAY, SCANDIC TRUST und SCANDIC TRADE an der Spitze der globalen Wirtschaft.<\/p><p>Die LEGIER Beteiligungs mbH schafft als internationaler Mischkonzern durch wegweisende L\u00f6sungen in den Bereichen: Medien, Real Estate, Crowdfunding, Finanzen und Trading, digitale Assets die Standards von morgen setzen. Unsere globale Pr\u00e4senz und unser unerm\u00fcdlicher Einsatz f\u00fcr Spitzenleistungen machen uns zum bevorzugten Partner f\u00fcr Vision\u00e4re, Investoren und die Gestalter der Zukunft weltweit.<\/p><p>\u00a0<\/p><h2>Crowdfunding: Wo Tr\u00e4ume Fl\u00fcgel bekommen<\/h2><p>Bei SCANDIC PAY sind wir fest davon \u00fcberzeugt, dass die Gemeinschaft die Macht hat, Gro\u00dfes zu bewirken. Unsere wegweisende Crowdfunding-Plattform bringt kreative Vision\u00e4re mit einer globalen Gemeinschaft von Unterst\u00fctzern zusammen, um bahnbrechende Ideen in die Realit\u00e4t umzusetzen. Von innovativen Start-ups \u00fcber inspirierende Kunstprojekte bis hin zu wirkungsvollen sozialen Initiativen \u2013 wir bieten nicht nur die Plattform, sondern auch die Expertise und Ressourcen, um Ihre Visionen zu verwirklichen. Mit SCANDIC PAY wird jede Idee zu einer Erfolgsgeschichte!<\/p><p>\u00a0<\/p><h2>Finanzen: Gestalten Sie Ihre finanzielle Zukunft<\/h2><p>Bei SCANDIC PAY ist finanzielle Stabilit\u00e4t und Wachstum mehr als ein Versprechen \u2013 es ist unsere Mission. Unser breit gef\u00e4chertes Portfolio an Finanzdienstleistungen umfasst ma\u00dfgeschneiderte Investitionsstrategien, erstklassige Verm\u00f6gensverwaltung und flexible Kreditl\u00f6sungen, die speziell darauf ausgerichtet sind, Ihre individuellen Ziele nicht nur zu erreichen, sondern zu \u00fcbertreffen. Unsere erfahrenen Experten stehen Ihnen mit vision\u00e4rem Denken und innovativen Ans\u00e4tzen zur Seite, um Sie auf Ihrem Weg zur finanziellen Unabh\u00e4ngigkeit zu begleiten.<\/p><p>\u00a0<\/p><h2>Digitale Assets: Pionierarbeit in der digitalen Wertsch\u00f6pfung<\/h2><p>In einer Welt, die sich immer schneller digitalisiert, steht SCANDIC PAY an der Spitze der Innovation. Als Vorreiter in den Bereichen Blockchain-Technologie und DEBIT-Cards gestaltet SCANDIC PAY aktiv die Zukunft des digitalen Handels. Unsere L\u00f6sungen sind nicht nur sicher und transparent, sondern auch wegweisend und \u00f6ffnen Ihnen die Tore zu einer neuen \u00c4ra des Verm\u00f6gensmanagements. Egal, ob Sie ein erfahrener Investor oder ein Neuling in der Welt der digitalen Assets sind \u2013 bei uns entdecken Sie unbegrenzte M\u00f6glichkeiten f\u00fcr Ihr Portfolio. Tauchen Sie mit uns ein in die faszinierende Welt der digitalen Werte!<\/p><p>\u00a0<\/p><h2>Unsere St\u00e4rke: Globale Vielfalt und Synergien<\/h2><p>Als Teil eines international agierender Mischkonzern ist SCANDIC PAY auf allen Kontinenten einzigartig aufgestellt, um den vielschichtigen und dynamischen Bed\u00fcrfnissen unserer Kunden weltweit gerecht zu werden. Unsere breite Diversifikation erm\u00f6glicht es uns, Synergien zu schaffen, die \u00fcber herk\u00f6mmliche Branchengrenzen hinausgehen. Dadurch bieten wir Ihnen Zugang zu einem unvergleichlichen Netzwerk aus Ressourcen, Fachwissen und innovativen L\u00f6sungen. Mit SCANDIC PAY an Ihrer Seite haben Sie einen Partner, der nicht nur Ihre Ambitionen versteht, sondern sie auch in die Tat umsetzt.<\/p><p>\u00a0<\/p><h2>Unsere Vision: Gemeinsam die Zukunft neu definieren<\/h2><p>SCANDIC PAY ist mehr als nur ein Unternehmen \u2013 wir sind eine treibende Kraft f\u00fcr Ver\u00e4nderung. Wir stellen Innovation, Gemeinschaft und die Zufriedenheit unserer Kunden ins Zentrum unseres Handelns. Jeden Tag setzen wir uns daf\u00fcr ein, durch fortschrittliche Technologien und finanzielle Expertise die Welt zu einem besseren Ort zu machen und die Grenzen des M\u00f6glichen zu erweitern. Werden Sie Teil unserer Mission und gestalten Sie mit uns die Zukunft!<\/p><p>Entdecken Sie mit SCANDIC PAY eine Welt grenzenloser M\u00f6glichkeiten \u2013 Ihre Visionen, Ihr finanzieller Erfolg und Ihre digitale Zukunft liegen uns am Herzen. Vertrauen Sie auf unsere Expertise und lassen Sie uns gemeinsam Geschichte schreiben. Willkommen in einer Zukunft, die wir zusammen gestalten!<\/p><p>\u00a0<\/p><p>SCANDIC PAY Debitkarte<\/p><div class=\"\"><div><div><div><img decoding=\"async\" class=\"credit-card-img\" src=\"https:\/\/scandicpay.de\/images\/card.png\" alt=\"SCANDIC PAY Mastercard\" \/><\/div><div><img decoding=\"async\" class=\"credit-card-img\" src=\"https:\/\/scandicpay.de\/images\/card2.png\" alt=\"SCANDIC PAY Mastercard\" \/><\/div><\/div><\/div><\/div>\t\t\t\t\t\t\t\t<\/div>\n\t\t\t\t\t<\/div>\n\t\t\t\t<\/div>\n\t\t\t\t<\/div>","protected":false},"excerpt":{"rendered":"<p>\u00dcber uns \u00a0 Willkommen bei SCANDIC PAYIhrem weltweit agierenden Partner f\u00fcr bahnbrechende Innovationen und nachhaltigen Erfolg Als integraler Bestandteil renommierter Unternehmensbereiche der LEGIER Beteiligungs mbH, positionieren sich die Marken: SCANDIC PAY, SCANDIC TRUST und SCANDIC TRADE an der Spitze der globalen Wirtschaft. Die LEGIER Beteiligungs mbH schafft als internationaler Mischkonzern durch wegweisende L\u00f6sungen in den [&hellip;]<\/p>\n","protected":false},"author":2,"featured_media":0,"parent":0,"menu_order":0,"comment_status":"closed","ping_status":"closed","template":"","meta":{"footnotes":""},"class_list":["post-1642","page","type-page","status-publish","hentry"],"_links":{"self":[{"href":"https:\/\/legiergroup.info\/sl\/wp-json\/wp\/v2\/pages\/1642","targetHints":{"allow":["GET"]}}],"collection":[{"href":"https:\/\/legiergroup.info\/sl\/wp-json\/wp\/v2\/pages"}],"about":[{"href":"https:\/\/legiergroup.info\/sl\/wp-json\/wp\/v2\/types\/page"}],"author":[{"embeddable":true,"href":"https:\/\/legiergroup.info\/sl\/wp-json\/wp\/v2\/users\/2"}],"replies":[{"embeddable":true,"href":"https:\/\/legiergroup.info\/sl\/wp-json\/wp\/v2\/comments?post=1642"}],"version-history":[{"count":15,"href":"https:\/\/legiergroup.info\/sl\/wp-json\/wp\/v2\/pages\/1642\/revisions"}],"predecessor-version":[{"id":1831,"href":"https:\/\/legiergroup.info\/sl\/wp-json\/wp\/v2\/pages\/1642\/revisions\/1831"}],"wp:attachment":[{"href":"https:\/\/legiergroup.info\/sl\/wp-json\/wp\/v2\/media?parent=1642"}],"curies":[{"name":"wp","href":"https:\/\/api.w.org\/{rel}","templated":true}]}}