{"id":1647,"date":"2025-10-06T14:24:19","date_gmt":"2025-10-06T14:24:19","guid":{"rendered":"https:\/\/legiergroup.info\/?page_id=1647"},"modified":"2025-10-21T13:42:50","modified_gmt":"2025-10-21T13:42:50","slug":"posestvo-scandic","status":"publish","type":"page","link":"https:\/\/legiergroup.info\/sl\/scandic-estate\/","title":{"rendered":"Scandic Estate"},"content":{"rendered":"<div data-elementor-type=\"wp-page\" data-elementor-id=\"1647\" class=\"elementor elementor-1647\" data-elementor-post-type=\"page\">\n\t\t\t\t<div class=\"elementor-element elementor-element-dbc1eab e-flex e-con-boxed e-con e-parent\" data-id=\"dbc1eab\" data-element_type=\"container\" data-e-type=\"container\">\n\t\t\t\t\t<div class=\"e-con-inner\">\n\t\t\t\t<div class=\"elementor-element elementor-element-4aa14b7 elementor-widget elementor-widget-text-editor\" data-id=\"4aa14b7\" data-element_type=\"widget\" data-e-type=\"widget\" data-widget_type=\"text-editor.default\">\n\t\t\t\t\t\t\t\t\t<div><img decoding=\"async\" class=\"gold_image\" src=\"https:\/\/scandicestate.com\/web\/leistungsportfolio\/leistungsportfolio.jpg\" width=\"100%\"><\/div>\n<h1><br><\/h1><h1>Pregled portfelja storitev SCANDIC ESTATE<\/h1><div><br><\/div>\n<p>SCANDIC ESTATE, blagovna znamka podjetja LEGIER BETEILIGUNGS MBH, je uveljavljen akter na nem\u0161kem nepremi\u010dninskem trgu in ponuja prilagojene re\u0161itve za zasebne in poslovne stranke. S poudarkom na Berlinu in globokim razumevanjem dinamike trga podpira svoje stranke na podro\u010dju pisarni\u0161kih prostorov, stanovanjskih nepremi\u010dnin, maloprodajnih prostorov in logisti\u010dnih nepremi\u010dnin. V nadaljevanju najdete podroben pregled ponujenih storitev.<\/p><p><br><\/p>\n<h2>1. pisarni\u0161ki prostori<\/h2><div><br><\/div>\n<p>Trg pisarni\u0161kih prostorov v Nem\u010diji, zlasti v Berlinu, odlikujeta stabilnost in veliko povpra\u0161evanje, kar je znak privla\u010dnosti prestolnice za podjetja vseh velikosti, od zagonskih podjetij do globalnih korporacij. Podjetje SCANDIC ESTATE pomaga podjetjem pri iskanju popolnega pisarni\u0161kega prostora in ponuja:<\/p>\n<ul>\n<li>Prilagodljivi delovni prostori: Idealni za zagonska in manj\u0161a podjetja, ki i\u0161\u010dejo prilagodljivost in prilo\u017enosti za mre\u017eenje.<\/li>\n<li>Klasi\u010dne pisarni\u0161ke stavbe: Za podjetja s tradicionalnimi zahtevami.<\/li>\n<li>Podstre\u0161ni prostori in nove stavbe: Odli\u010dno za ustvarjalna ali sodobna delovna okolja.<\/li>\n<li>Celovito svetovanje: od analize lokacije do podpisa pogodbe.<\/li>\n<\/ul>\n<p>Svetovalci v podjetju SCANDIC ESTATE zagotavljajo, da nepremi\u010dnina izpolnjuje strate\u0161ke in operativne potrebe stranke.<\/p>\n<h2><br><\/h2><h2>2. stanovanjske nepremi\u010dnine<\/h2>\n<p>Nem\u0161ki trg stanovanjskih nepremi\u010dnin je stabilen in vztrajno raste, k \u010demur prispevata urbanizacija in predvideno pove\u010danje \u0161tevila gospodinjstev za pribli\u017eno 4% do leta 2030. SCANDIC ESTATE ponuja celovite storitve za kupce in prodajalce stanovanjskih in ve\u010dstanovanjskih hi\u0161:<\/p>\n<ul>\n<li>Nakup in prodaja: podpora pri nakupu ali prodaji, vklju\u010dno z analizami trga za optimalne cene.<\/li>\n<li>Brezpla\u010dna ocena tr\u017ene vrednosti: za prodajalce, da dolo\u010dijo vrednost svoje nepremi\u010dnine.<\/li>\n<li>Nalo\u017ebeni nasveti: pomo\u010d pri iskanju nepremi\u010dnin na obetavnih lokacijah, katerih vrednost se bo pove\u010dala.<\/li>\n<\/ul>\n<p>Podjetje SCANDIC ESTATE s svojim strokovnim znanjem poskrbi, da je postopek u\u010dinkovit in donosen.<\/p><p><br><\/p>\n<h2>3. maloprodajni prostori<\/h2>\n<p>Maloprodaja v Nem\u010diji in Evropi ponuja idealne pogoje za podjetja, ki se \u017eelijo ustanoviti ali raz\u0161iriti. SCANDIC ESTATE podpira trgovce na drobno pri iskanju optimalnih lokacij:<\/p><p><br><\/p>\n<ul>\n<li>Vodilne trgovine: predstavitev blagovnih znamk na presti\u017enih lokacijah, kot so znani berlinski predeli.<\/li>\n<li>Svetovanje o lokaciji: analiza pogostosti strank, dostopnosti in konkurence.<\/li>\n<li>Postopek oddaje v najem: podpora od iskanja do sklenitve pogodbe.<\/li><li><br><\/li>\n<\/ul>\n<p>Nepremi\u010dninski svetovalci pomagajo optimalno pozicionirati blagovno znamko in izkoristiti prednosti dinami\u010dnega maloprodajnega okolja.<\/p><p><br><\/p>\n<h2>4. logisti\u010dne in industrijske nepremi\u010dnine<\/h2>\n<p>Zaradi svoje osrednje lege, sodobnih prometnih povezav in trajnostnih logisti\u010dnih re\u0161itev ponuja Berlin idealne pogoje za industrijska podjetja. Podjetje SCANDIC ESTATE vam nudi podporo pri iskanju ustreznih logisti\u010dnih nepremi\u010dnin:<\/p><p><br><\/p>\n<ul>\n<li>Najem in nakup: posredovanje nepremi\u010dnin, ki izpolnjujejo posebne zahteve.<\/li>\n<li>Analiza lokacije: svetovanje o optimalnih lokacijah z vrhunsko infrastrukturo.<\/li>\n<li>Podpora postopku: podpora v vseh fazah do podpisa pogodbe.<\/li>\n<\/ul><div><br><\/div>\n<p>Svetovalci pomagajo podjetjem u\u010dinkovito organizirati logisti\u010dne dejavnosti.<\/p><p><br><\/p><p><br><\/p>\n<h2>Pi\u0161ite nam<\/h2>\n<p>Za osebno posvetovanje ali dodatne informacije se obrnite na SCANDIC ESTATE na:<\/p>\n<ul>\n<li>Telefon:&nbsp;<a href=\"tel:+4930408174005\" target=\"_blank\" rel=\"noopener noreferrer\">+49 30 99211 &#8211; 3 469<\/a><\/li>\n<li>e-po\u0161ta:&nbsp;<a href=\"mailto:Mail@ScandicEstate.de\" target=\"_blank\" rel=\"noopener noreferrer\">Mail@ScandicEstate.de<\/a><\/li>\n<\/ul><div><br><\/div>\n<h2>Zaklju\u010dek<\/h2>\n<p>SCANDIC ESTATE ponuja obse\u017een portfelj, ki pokriva vse klju\u010dne segmente nepremi\u010dninskega trga. Podjetje se mo\u010dno osredoto\u010da na Berlin in strankam pomaga pri iskanju re\u0161itev po meri - bodisi za pisarni\u0161ke prostore, stanovanjske nepremi\u010dnine, maloprodajne prostore ali logisti\u010dne nepremi\u010dnine. Podjetje SCANDIC ESTATE je va\u0161 zanesljiv partner na dinami\u010dnem nem\u0161kem nepremi\u010dninskem trgu.<\/p>\t\t\t\t\t\t\t\t<\/div>\n\t\t\t\t\t<\/div>\n\t\t\t\t<\/div>\n\t\t\t\t<\/div>","protected":false},"excerpt":{"rendered":"<p>\u00dcberblick \u00fcber das Leistungsportfolio von SCANDIC ESTATE SCANDIC ESTATE, eine Marke der LEGIER BETEILIGUNGS MBH, ist ein etablierter Akteur im deutschen Immobilienmarkt und bietet ma\u00dfgeschneiderte L\u00f6sungen f\u00fcr private und gewerbliche Kunden. Mit einem Fokus auf Berlin und einem tiefen Verst\u00e4ndnis der Marktdynamik unterst\u00fctzt das Unternehmen seine Kunden in den Bereichen B\u00fcrofl\u00e4chen, Wohnimmobilien, Einzelhandelsfl\u00e4chen und Logistikimmobilien. [&hellip;]<\/p>\n","protected":false},"author":2,"featured_media":0,"parent":0,"menu_order":0,"comment_status":"closed","ping_status":"closed","template":"","meta":{"footnotes":""},"class_list":["post-1647","page","type-page","status-publish","hentry"],"_links":{"self":[{"href":"https:\/\/legiergroup.info\/sl\/wp-json\/wp\/v2\/pages\/1647","targetHints":{"allow":["GET"]}}],"collection":[{"href":"https:\/\/legiergroup.info\/sl\/wp-json\/wp\/v2\/pages"}],"about":[{"href":"https:\/\/legiergroup.info\/sl\/wp-json\/wp\/v2\/types\/page"}],"author":[{"embeddable":true,"href":"https:\/\/legiergroup.info\/sl\/wp-json\/wp\/v2\/users\/2"}],"replies":[{"embeddable":true,"href":"https:\/\/legiergroup.info\/sl\/wp-json\/wp\/v2\/comments?post=1647"}],"version-history":[{"count":11,"href":"https:\/\/legiergroup.info\/sl\/wp-json\/wp\/v2\/pages\/1647\/revisions"}],"predecessor-version":[{"id":1817,"href":"https:\/\/legiergroup.info\/sl\/wp-json\/wp\/v2\/pages\/1647\/revisions\/1817"}],"wp:attachment":[{"href":"https:\/\/legiergroup.info\/sl\/wp-json\/wp\/v2\/media?parent=1647"}],"curies":[{"name":"wp","href":"https:\/\/api.w.org\/{rel}","templated":true}]}}