{"id":772,"date":"2025-09-17T01:31:20","date_gmt":"2025-09-17T01:31:20","guid":{"rendered":"https:\/\/legiergroup.info\/?page_id=772"},"modified":"2025-10-23T11:55:44","modified_gmt":"2025-10-23T11:55:44","slug":"avtomobili-scandic","status":"publish","type":"page","link":"https:\/\/legiergroup.info\/sl\/scandic-cars\/","title":{"rendered":"Scandic Cars"},"content":{"rendered":"<div data-elementor-type=\"wp-page\" data-elementor-id=\"772\" class=\"elementor elementor-772\" data-elementor-post-type=\"page\">\n\t\t\t\t<div class=\"elementor-element elementor-element-0cafc05 e-flex e-con-boxed e-con e-parent\" data-id=\"0cafc05\" data-element_type=\"container\" data-e-type=\"container\">\n\t\t\t\t\t<div class=\"e-con-inner\">\n\t\t\t\t<div class=\"elementor-element elementor-element-f095092 elementor-widget elementor-widget-text-editor\" data-id=\"f095092\" data-element_type=\"widget\" data-e-type=\"widget\" data-widget_type=\"text-editor.default\">\n\t\t\t\t\t\t\t\t\t<img decoding=\"async\" class=\"mt-2 mb-2\" src=\"https:\/\/legiergroup.info\/wp-content\/uploads\/2025\/10\/scandiccars_by_legier.jpg\" width=\"100%\" \/>\n<h1>SCANDIC CARS: Nova definicija luksuzne mobilnosti<\/h1>\nDobrodo\u0161li pri ScandicCars, vodilni svetovni blagovni znamki priznane skupine LEGIER GROUP. Skupina LEGIER GROUP je razvejan mednarodni konglomerat s 30-letno zgodovino uspeha in lastnik 115 dnevnih \u010dasopisov, ki na vseh celinah po svetu 24 ur na dan objavljajo aktualne novice. Kot \u010dlan ekskluzivne mre\u017ee blagovnih znamk SCANDIC ponujamo veliko ve\u010d kot le najem vozil. ScandicCars je va\u0161 klju\u010d do \u017eivljenjskega sloga, polnega\u00a0<strong>Razko\u0161je<\/strong>,\u00a0<strong>Inovacije<\/strong>\u00a0in .\u00a0<strong>ekskluzivna storitev<\/strong>.\n\nOb anspruchsvolle Privatkunden oder Unternehmen mit h\u00f6chsten Anspr\u00fcchen \u2013 wir schaffen ma\u00dfgeschneiderte Mobilit\u00e4tsl\u00f6sungen. Unser Versprechen: unvergleichlicher Komfort, h\u00f6chste Flexibilit\u00e4t und ein unerm\u00fcdliches Streben nach Perfektion. Wir erf\u00fcllen Ihre Erwartungen nicht nur \u2013 wir \u00fcbertreffen sie.\n<h2>Na\u0161a filozofija: Kultura z odli\u010dnostjo<\/h2>\nF\u00fcr uns ist ein Automobil nicht blo\u00df ein Transportmittel, sondern Ausdruck von Stil, Sicherheit und individueller Freiheit. Es geht nicht nur darum, von A nach B zu kommen \u2013 sondern wie Sie dort ankommen.\n\nEntsprechend gestalten wir jedes Detail Ihrer Anmietung nach Ihren W\u00fcnschen. Wir verbinden klassische Werte wie\u00a0<strong>Zaupanje<\/strong>\u00a0in .\u00a0<strong>Diskretnost<\/strong>\u00a0s sodobno tehnologijo ustvariti ponudbo, ki je hkrati profesionalna in razko\u0161na. Ustvarite svobodo, da lahko vozite to\u010dno to, kar \u017eelite, to\u010dno takrat, ko \u017eelite - brez obveznosti, ki jih prina\u0161a lastni\u0161tvo luksuznega vozila. Zakaj bi imeli lasten presti\u017eni avtomobil, \u010de vam ScandicCars daje na voljo va\u0161e sanjsko vozilo, kadar koli si ga za\u017eelite?\n<h2>Na\u0161 vozni park: ikone avtomobilskega sveta<\/h2>\nNa\u0161 ekskluzivni vozni park vklju\u010duje najbolj za\u017eelene modele v avtomobilskem svetu - vsak je simbol in\u017eeniringa, zmogljivosti in elegance. Ponujamo vozila za vsak okus:\n<ul>\n \t<li>Harman SF50 Stradale - super\u0161portni avtomobil, ki postavlja nova merila<\/li>\n \t<li>Lamborghini Urus (Special Edition) - impresivna zmogljivost<\/li>\n \t<li>SUV Rolls-Royce Cullinan II - veli\u010dastna eleganca<\/li>\n \t<li>Porsche 911 Carrera Cabriolet - \u010disti u\u017eitek v vo\u017enji za ljubitelje \u0161portnih avtomobilov z odprto streho<\/li>\n \t<li>Audi RS e-tron GT in BMW i70\/i50 - najsodobnej\u0161a elektri\u010dna mo\u010d z dinamiko Gran Turismo<\/li>\n \t<li>Audi SQ7 in RSQ8 Performance - \u0161portnost z veliko prostora<\/li>\n \t<li>Mercedes-AMG GT 63 S E Performance - brutalna hibridna mo\u010d V8<\/li>\n \t<li>Mercedes-AMG SL 63 Cabriolet - eleganca z odprto streho<\/li>\n \t<li>BMW M8 Competition Gran Coup\u00e9 - razko\u0161je in \u0161portnost skupaj<\/li>\n \t<li>Rolls-Royce Spectre in 2025 Rolls-Royce Phantom Series II Extended - elektri\u010dni in klasi\u010dni ikoni luksuza<\/li>\n<\/ul>\n<h2>Povezava z blagovno znamko SCANDIC<\/h2>\nKot del presti\u017ene mre\u017ee LEGIER GROUP vam ponujamo nemoten dostop do edinstvenega portfelja inovativnih blagovnih znamk in storitev:\n<ul>\n \t<li><strong>ScandicFly<\/strong>: Ekskluzivni zasebni jet charter za najvi\u0161je zahteve<\/li>\n \t<li><strong>ScandicYachts<\/strong>: Luksuzne jahte za ekskluzivna do\u017eivetja na vodi<\/li>\n \t<li><strong>ScandicEstate<\/strong>: prvovrstne nepremi\u010dnine po vsem svetu - od vil na Azurni obali do penthousov v Dubaju<\/li>\n \t<li><strong>ScandicPay<\/strong>Inovativne pla\u010dilne re\u0161itve za hitre, varne in globalne transakcije<\/li>\n \t<li><strong>ScandicTrade<\/strong>: kriptovaluta ScandicCoin in digitalna nalo\u017ebena platforma za nalo\u017ebene prilo\u017enosti, ki bodo zagotovile prihodnost<\/li>\n<\/ul>\n<h2>Va\u0161a izku\u0161nja vo\u017enje, na\u0161a vo\u017enja<\/h2>\nScandicCars ist mehr als eine Luxusautovermietung \u2013 wir verstehen uns als Ihr Partner f\u00fcr exklusive Mobilit\u00e4t. Durch die Integration in ein hochkar\u00e4tiges Markennetzwerk bieten wir Dienstleistungen, die weit \u00fcber das \u00dcbliche hinausgehen.\n\nGanz gleich, ob Sie einen adrenaligeladenen Supercar-Trip planen, VIP-G\u00e4ste stilvoll chauffieren lassen m\u00f6chten oder als Unternehmen einen zuverl\u00e4ssigen Mobilit\u00e4tspartner f\u00fcr Events und Gesch\u00e4ftsreisen suchen \u2013 wir stehen an Ihrer Seite. Jede Anfrage, ob spontan \u00fcber unser mobiles Buchungssystem oder langfristig geplant, wird mit der gleichen Sorgfalt und Professionalit\u00e4t bearbeitet.\n\nErleben Sie mit ScandicCars die Faszination automobiler H\u00f6chstleistungen und unbegrenzten Luxus auf R\u00e4dern, unterst\u00fctzt von einem Netzwerk, das jeden Aspekt Ihres Lebensstils veredelt. Kontaktieren Sie uns noch heute und entdecken Sie, wie ScandicCars Ihr n\u00e4chstes Fahrerlebnis unvergesslich machen wird \u2013 denn\u00a0<strong>Odli\u010dnost<\/strong>\u00a0je na\u0161\t\t\t\t\t\t\t\t<\/div>\n\t\t\t\t\t<\/div>\n\t\t\t\t<\/div>\n\t\t\t\t<\/div>","protected":false},"excerpt":{"rendered":"<p>SCANDIC CARS: Luxuri\u00f6se Mobilit\u00e4t neu definiert Willkommen bei ScandicCars, einer weltweit f\u00fchrenden Marke der renommierten LEGIER GRUPPE. Die LEGIER GRUPPE ist ein diversifizierter internationaler Mischkonzern mit 30 Jahren Erfolgsgeschichte und Inhaberin von 115 Tageszeitungen, die weltweit auf allen Kontinenten rund um die Uhr aktuelle Nachrichten publizieren. Als Mitglied des exklusiven SCANDIC Markenverbunds bieten wir weit [&hellip;]<\/p>\n","protected":false},"author":1,"featured_media":0,"parent":0,"menu_order":0,"comment_status":"closed","ping_status":"closed","template":"","meta":{"footnotes":""},"class_list":["post-772","page","type-page","status-publish","hentry"],"_links":{"self":[{"href":"https:\/\/legiergroup.info\/sl\/wp-json\/wp\/v2\/pages\/772","targetHints":{"allow":["GET"]}}],"collection":[{"href":"https:\/\/legiergroup.info\/sl\/wp-json\/wp\/v2\/pages"}],"about":[{"href":"https:\/\/legiergroup.info\/sl\/wp-json\/wp\/v2\/types\/page"}],"author":[{"embeddable":true,"href":"https:\/\/legiergroup.info\/sl\/wp-json\/wp\/v2\/users\/1"}],"replies":[{"embeddable":true,"href":"https:\/\/legiergroup.info\/sl\/wp-json\/wp\/v2\/comments?post=772"}],"version-history":[{"count":11,"href":"https:\/\/legiergroup.info\/sl\/wp-json\/wp\/v2\/pages\/772\/revisions"}],"predecessor-version":[{"id":1936,"href":"https:\/\/legiergroup.info\/sl\/wp-json\/wp\/v2\/pages\/772\/revisions\/1936"}],"wp:attachment":[{"href":"https:\/\/legiergroup.info\/sl\/wp-json\/wp\/v2\/media?parent=772"}],"curies":[{"name":"wp","href":"https:\/\/api.w.org\/{rel}","templated":true}]}}