{"id":1825,"date":"2025-10-21T13:49:15","date_gmt":"2025-10-21T13:49:15","guid":{"rendered":"https:\/\/legiergroup.info\/?page_id=1825"},"modified":"2025-10-21T14:08:21","modified_gmt":"2025-10-21T14:08:21","slug":"scandic-handel","status":"publish","type":"page","link":"https:\/\/legiergroup.info\/sv\/scandic-trade\/","title":{"rendered":"Scandic Trade"},"content":{"rendered":"<div data-elementor-type=\"wp-page\" data-elementor-id=\"1825\" class=\"elementor elementor-1825\" data-elementor-post-type=\"page\">\n\t\t\t\t<div class=\"elementor-element elementor-element-24ad50c e-flex e-con-boxed e-con e-parent\" data-id=\"24ad50c\" data-element_type=\"container\" data-e-type=\"container\">\n\t\t\t\t\t<div class=\"e-con-inner\">\n\t\t\t\t<div class=\"elementor-element elementor-element-9111cd0 elementor-widget elementor-widget-text-editor\" data-id=\"9111cd0\" data-element_type=\"widget\" data-e-type=\"widget\" data-widget_type=\"text-editor.default\">\n\t\t\t\t\t\t\t\t\t<div class=\"elementor-scandictrade-section\">\n\n  <div>\n    <img decoding=\"async\" class=\"gold_image\" src=\"https:\/\/legiergroup.info\/wp-content\/uploads\/2025\/09\/final-scandic-trade-PNG.png\" width=\"100%\" alt=\"SCANDIC TRADE\" \/>\n  <\/div>\n\n  <h1 class=\"text-center\">ScandicTrade av Legier<\/h1>\n\n  <p class=\"fs-4 fw-bold text-center\">\n    SCANDIC TRADE \u00e4r en ny aff\u00e4rsenhet som drivs av ett cypriotiskt v\u00e4rdepappersf\u00f6retag (CIF) i samarbete med LEGIER Beteiligungs mbH.\n    Plattformen \u00e4r f\u00f6r n\u00e4rvarande reglerad av Cyprus Securities Exchange Commission (CySEC), vilket skapar f\u00f6rtroende och trov\u00e4rdighet.\n  <\/p>\n\n  <h2>M\u00e5nga olika handelsm\u00f6jligheter<\/h2>\n  <p>SCANDIC TRADE erbjuder ett brett utbud av finansiella instrument:<\/p>\n  <ul>\n    <li><strong>Aktier och index:<\/strong> CFD:er p\u00e5 index som DAX, Dow Jones och aktier i f\u00f6retag som Apple eller SAP.<\/li>\n    <li><strong>Forex:<\/strong> Handel med valutapar, spreadar fr\u00e5n 0 pips.<\/li>\n    <li><strong>Metaller:<\/strong> Guld, silver och platina f\u00f6r diversifiering.<\/li>\n    <li><strong>R\u00e5varor och energi:<\/strong> CFD:er p\u00e5 r\u00e5olja och andra marknader.<\/li>\n    <li><strong>Terminer:<\/strong> Tyskland 40 Index eller amerikanska 10-\u00e5riga obligationer.<\/li>\n    <li><strong>Kryptovalutor:<\/strong> Bitcoin, Ethereum, Solana och mer.<\/li>\n  <\/ul>\n  <p>Denna m\u00e5ngfald g\u00f6r det m\u00f6jligt f\u00f6r anv\u00e4ndarna att diversifiera portf\u00f6ljerna och dra nytta av marknadsf\u00f6r\u00e4ndringar.<\/p>\n\n  <h2>Tillg\u00e4nglighet och gemenskap<\/h2>\n  <p>Plattformen g\u00f6r handeln enkel, begriplig och sp\u00e4nnande - f\u00f6r b\u00e5de nyb\u00f6rjare och proffs. SCANDIC TRADE fr\u00e4mjar en global gemenskap d\u00e4r kunskap delas f\u00f6r att kunna investera framg\u00e5ngsrikt tillsammans. Utbildning \u00e4r en prioritet: en investeringsgemenskap st\u00f6der utbytet mellan nyb\u00f6rjare och experter f\u00f6r att \u00f6ka kunskapen och v\u00e4lst\u00e5ndet.<\/p>\n\n  <h2>Innovativ teknik<\/h2>\n  <p>SCANDIC TRADE erbjuder en intuitiv plattform med professionella verktyg f\u00f6r alla niv\u00e5er av erfarenhet. Bland h\u00f6jdpunkterna finns smarta portf\u00f6ljer som samlar tillg\u00e5ngar enligt teman som 5G eller f\u00f6rnybar energi. Dessa anv\u00e4nder algoritmer, maskininl\u00e4rning och AI f\u00f6r att anpassa strategierna till marknadsf\u00f6rh\u00e5llandena. Utbudet av digitala tillg\u00e5ngar, som Ether eller Litecoin, v\u00e4xer st\u00e4ndigt.<\/p>\n\n  <h2>Lokaliserade f\u00f6rdelar<\/h2>\n  <p>GBP-, EUR- och USD-konton undviker konverteringsavgifter och erbjuder en lokal handelsupplevelse. Kunderna f\u00e5r ett SCANDIC TRADE betalkort f\u00f6r enkel tillg\u00e5ng till sina medel.<\/p>\n\n  <h2>Handel med utsl\u00e4ppsr\u00e4tter<\/h2>\n  <p>SCANDIC TRADE m\u00f6jligg\u00f6r handel med CO\u2082-certifikat, i likhet med EU:s system f\u00f6r handel med utsl\u00e4ppsr\u00e4tter (ETS). Detta \u00f6ppnar upp f\u00f6r h\u00e5llbara investeringsm\u00f6jligheter och ytterligare diversifiering.<\/p>\n\n  <p>SCANDIC TRADE kombinerar d\u00e4rmed ett brett utbud av finansiella instrument med fokus p\u00e5 gemenskap, utbildning och teknik. Med anv\u00e4ndarv\u00e4nliga verktyg, smarta portf\u00f6ljer och lokala f\u00f6rdelar positionerar sig plattformen som en tillg\u00e4nglig l\u00f6sning f\u00f6r alla som vill \u00f6ka sin kunskap och f\u00f6rm\u00f6genhet.<\/p>\n\n<\/div>\n\n<style>\n  .elementor-scandictrade-section {\n    max-width: 1000px;\n    margin: 0 auto;\n    color: #1a1a1a;\n    line-height: 1.8;\n    font-family: \"Helvetica Neue\", Helvetica, Arial, sans-serif;\n  }\n\n  .elementor-scandictrade-section h1 {\n    text-align: center;\n    font-size: 2.4rem;\n    margin-top: 2rem;\n    margin-bottom: 1rem;\n    color: black;\n    font-weight: 800;\n  }\n\n  .elementor-scandictrade-section h2 {\n    font-size: 1.5rem;\n    margin-top: 2.5rem;\n    margin-bottom: 0.75rem;\n    color: black;\n    font-weight: 700;\n  }\n\n  .elementor-scandictrade-section p {\n    margin-bottom: 1rem;\n  }\n\n  .elementor-scandictrade-section ul {\n    margin-left: 1.5rem;\n    margin-bottom: 1rem;\n  }\n\n  .elementor-scandictrade-section li {\n    margin-bottom: 0.5rem;\n  }\n\n  .elementor-scandictrade-section .fs-4 {\n    font-size: 1.25rem;\n  }\n\n  .elementor-scandictrade-section .fw-bold {\n    font-weight: 700;\n  }\n\n  .elementor-scandictrade-section .text-center {\n    text-align: center;\n  }\n\n  .elementor-scandictrade-section img {\n    border-radius: 12px;\n    box-shadow: 0 6px 18px rgba(0,0,0,0.1);\n    margin: 2rem 0;\n  }\n<\/style>\n\t\t\t\t\t\t\t\t<\/div>\n\t\t\t\t\t<\/div>\n\t\t\t\t<\/div>\n\t\t\t\t<\/div>","protected":false},"excerpt":{"rendered":"<p>ScandicTrade by Legier SCANDIC TRADE ist eine neue Gesch\u00e4ftseinheit einer zypriotischen Investmentfirma (CIF) in Zusammenarbeit mit der LEGIER Beteiligungs mbH. Die Plattform wird derzeit von der Cyprus Securities Exchange Commission (CySEC) reguliert, was Vertrauen und Glaubw\u00fcrdigkeit schafft. Vielf\u00e4ltige Handelsm\u00f6glichkeiten SCANDIC TRADE bietet eine breite Palette von Finanzinstrumenten: Aktien und Indizes: CFDs auf Indizes wie DAX, [&hellip;]<\/p>\n","protected":false},"author":2,"featured_media":0,"parent":0,"menu_order":0,"comment_status":"closed","ping_status":"closed","template":"","meta":{"footnotes":""},"class_list":["post-1825","page","type-page","status-publish","hentry"],"_links":{"self":[{"href":"https:\/\/legiergroup.info\/sv\/wp-json\/wp\/v2\/pages\/1825","targetHints":{"allow":["GET"]}}],"collection":[{"href":"https:\/\/legiergroup.info\/sv\/wp-json\/wp\/v2\/pages"}],"about":[{"href":"https:\/\/legiergroup.info\/sv\/wp-json\/wp\/v2\/types\/page"}],"author":[{"embeddable":true,"href":"https:\/\/legiergroup.info\/sv\/wp-json\/wp\/v2\/users\/2"}],"replies":[{"embeddable":true,"href":"https:\/\/legiergroup.info\/sv\/wp-json\/wp\/v2\/comments?post=1825"}],"version-history":[{"count":16,"href":"https:\/\/legiergroup.info\/sv\/wp-json\/wp\/v2\/pages\/1825\/revisions"}],"predecessor-version":[{"id":1844,"href":"https:\/\/legiergroup.info\/sv\/wp-json\/wp\/v2\/pages\/1825\/revisions\/1844"}],"wp:attachment":[{"href":"https:\/\/legiergroup.info\/sv\/wp-json\/wp\/v2\/media?parent=1825"}],"curies":[{"name":"wp","href":"https:\/\/api.w.org\/{rel}","templated":true}]}}