{"id":772,"date":"2025-09-17T01:31:20","date_gmt":"2025-09-17T01:31:20","guid":{"rendered":"https:\/\/legiergroup.info\/?page_id=772"},"modified":"2025-10-23T11:55:44","modified_gmt":"2025-10-23T11:55:44","slug":"skandiska-bilar","status":"publish","type":"page","link":"https:\/\/legiergroup.info\/sv\/scandic-cars\/","title":{"rendered":"Scandic Cars"},"content":{"rendered":"<div data-elementor-type=\"wp-page\" data-elementor-id=\"772\" class=\"elementor elementor-772\" data-elementor-post-type=\"page\">\n\t\t\t\t<div class=\"elementor-element elementor-element-0cafc05 e-flex e-con-boxed e-con e-parent\" data-id=\"0cafc05\" data-element_type=\"container\" data-e-type=\"container\">\n\t\t\t\t\t<div class=\"e-con-inner\">\n\t\t\t\t<div class=\"elementor-element elementor-element-f095092 elementor-widget elementor-widget-text-editor\" data-id=\"f095092\" data-element_type=\"widget\" data-e-type=\"widget\" data-widget_type=\"text-editor.default\">\n\t\t\t\t\t\t\t\t\t<img decoding=\"async\" class=\"mt-2 mb-2\" src=\"https:\/\/legiergroup.info\/wp-content\/uploads\/2025\/10\/scandiccars_by_legier.jpg\" width=\"100%\" \/>\n<h1>SCANDIC CARS: Lyxmobilitet omdefinierad<\/h1>\nV\u00e4lkommen till ScandicCars, ett ledande globalt varum\u00e4rke som tillh\u00f6r den v\u00e4lk\u00e4nda LEGIER GROUP. LEGIER GROUP \u00e4r ett diversifierat internationellt konglomerat med en 30-\u00e5rig framg\u00e5ngshistoria och \u00e4gare av 115 dagstidningar som publicerar aktuella nyheter dygnet runt p\u00e5 alla kontinenter \u00f6ver hela v\u00e4rlden. Som medlem av det exklusiva varum\u00e4rkesn\u00e4tverket SCANDIC erbjuder vi mycket mer \u00e4n bara fordonsuthyrning. ScandicCars \u00e4r din nyckel till en livsstil full av\u00a0<strong>Lyx<\/strong>,\u00a0<strong>Innovation<\/strong>\u00a0och\u00a0<strong>exklusiv service<\/strong>.\n\nOb anspruchsvolle Privatkunden oder Unternehmen mit h\u00f6chsten Anspr\u00fcchen \u2013 wir schaffen ma\u00dfgeschneiderte Mobilit\u00e4tsl\u00f6sungen. Unser Versprechen: unvergleichlicher Komfort, h\u00f6chste Flexibilit\u00e4t und ein unerm\u00fcdliches Streben nach Perfektion. Wir erf\u00fcllen Ihre Erwartungen nicht nur \u2013 wir \u00fcbertreffen sie.\n<h2>V\u00e5r filosofi: Att driva kultur med excellens<\/h2>\nF\u00fcr uns ist ein Automobil nicht blo\u00df ein Transportmittel, sondern Ausdruck von Stil, Sicherheit und individueller Freiheit. Es geht nicht nur darum, von A nach B zu kommen \u2013 sondern wie Sie dort ankommen.\n\nEntsprechend gestalten wir jedes Detail Ihrer Anmietung nach Ihren W\u00fcnschen. Wir verbinden klassische Werte wie\u00a0<strong>F\u00f6rtroende<\/strong>\u00a0och\u00a0<strong>Diskretion<\/strong>\u00a0med modern teknik f\u00f6r att skapa ett erbjudande som \u00e4r b\u00e5de professionellt och lyxigt. Du skapar friheten att k\u00f6ra precis vad du vill, precis n\u00e4r du vill - utan det \u00e5tagande som det inneb\u00e4r att \u00e4ga ett lyxfordon. Varf\u00f6r \u00e4ga din egen prestigebil n\u00e4r ScandicCars st\u00e4ller ditt dr\u00f6mfordon till ditt f\u00f6rfogande n\u00e4r du vill?\n<h2>V\u00e5r fordonsflotta: ikoner fr\u00e5n fordonsv\u00e4rlden<\/h2>\nV\u00e5r exklusiva fordonsflotta omfattar de mest eftertraktade modellerna i bilv\u00e4rlden - var och en en symbol f\u00f6r teknik, prestanda och elegans. Vi erbjuder fordon f\u00f6r alla smaker:\n<ul>\n \t<li>Harman SF50 Stradale - en supersportbil som s\u00e4tter nya standarder<\/li>\n \t<li>Lamborghini Urus (Special Edition) - imponerande prestanda<\/li>\n \t<li>Rolls-Royce Cullinan II SUV - majest\u00e4tisk elegans<\/li>\n \t<li>Porsche 911 Carrera Cabriolet - ren k\u00f6rgl\u00e4dje f\u00f6r \u00e4lskare av sportbilar med \u00f6ppen topp<\/li>\n \t<li>Audi RS e-tron GT och BMW i70\/i50 - toppmodern elkraft med Gran Turismo-dynamik<\/li>\n \t<li>Audi SQ7 och RSQ8 Performance - sportighet med gener\u00f6sa utrymmen<\/li>\n \t<li>Mercedes-AMG GT 63 S E Performance - brutal V8-hybridkraft<\/li>\n \t<li>Mercedes-AMG SL 63 Cabriolet - elegans med \u00f6ppet tak<\/li>\n \t<li>BMW M8 Competition Gran Coup\u00e9 - lyx och sportighet i kombination<\/li>\n \t<li>Rolls-Royce Spectre och 2025 Rolls-Royce Phantom Series II Extended - elektriska och klassiska lyxikoner<\/li>\n<\/ul>\n<h2>Varum\u00e4rkesassociationen SCANDIC<\/h2>\nSom en del av det prestigefyllda n\u00e4tverket LEGIER GROUP erbjuder vi dig s\u00f6ml\u00f6s tillg\u00e5ng till en unik portf\u00f6lj av innovativa varum\u00e4rken och tj\u00e4nster:\n<ul>\n \t<li><strong>ScandicFly<\/strong>: Exklusiv privatjetcharter f\u00f6r de h\u00f6gsta kraven<\/li>\n \t<li><strong>ScandicYachts<\/strong>: Lyxiga yachter f\u00f6r exklusiva upplevelser p\u00e5 vattnet<\/li>\n \t<li><strong>ScandicEstate<\/strong>: F\u00f6rstklassiga fastigheter \u00f6ver hela v\u00e4rlden - fr\u00e5n villor p\u00e5 C\u00f4te d'Azur till takv\u00e5ningar i Dubai<\/li>\n \t<li><strong>ScandicPay<\/strong>Innovativa betalningsl\u00f6sningar f\u00f6r snabba, s\u00e4kra och globala transaktioner<\/li>\n \t<li><strong>ScandicTrade<\/strong>: Kryptovalutan ScandicCoin och digital investeringsplattform f\u00f6r framtidss\u00e4krade investeringsm\u00f6jligheter<\/li>\n<\/ul>\n<h2>Din k\u00f6rupplevelse, v\u00e5r k\u00f6rning<\/h2>\nScandicCars ist mehr als eine Luxusautovermietung \u2013 wir verstehen uns als Ihr Partner f\u00fcr exklusive Mobilit\u00e4t. Durch die Integration in ein hochkar\u00e4tiges Markennetzwerk bieten wir Dienstleistungen, die weit \u00fcber das \u00dcbliche hinausgehen.\n\nGanz gleich, ob Sie einen adrenaligeladenen Supercar-Trip planen, VIP-G\u00e4ste stilvoll chauffieren lassen m\u00f6chten oder als Unternehmen einen zuverl\u00e4ssigen Mobilit\u00e4tspartner f\u00fcr Events und Gesch\u00e4ftsreisen suchen \u2013 wir stehen an Ihrer Seite. Jede Anfrage, ob spontan \u00fcber unser mobiles Buchungssystem oder langfristig geplant, wird mit der gleichen Sorgfalt und Professionalit\u00e4t bearbeitet.\n\nErleben Sie mit ScandicCars die Faszination automobiler H\u00f6chstleistungen und unbegrenzten Luxus auf R\u00e4dern, unterst\u00fctzt von einem Netzwerk, das jeden Aspekt Ihres Lebensstils veredelt. Kontaktieren Sie uns noch heute und entdecken Sie, wie ScandicCars Ihr n\u00e4chstes Fahrerlebnis unvergesslich machen wird \u2013 denn\u00a0<strong>Excellence<\/strong>\u00a0\u00e4r v\u00e5r\t\t\t\t\t\t\t\t<\/div>\n\t\t\t\t\t<\/div>\n\t\t\t\t<\/div>\n\t\t\t\t<\/div>","protected":false},"excerpt":{"rendered":"<p>SCANDIC CARS: Luxuri\u00f6se Mobilit\u00e4t neu definiert Willkommen bei ScandicCars, einer weltweit f\u00fchrenden Marke der renommierten LEGIER GRUPPE. Die LEGIER GRUPPE ist ein diversifizierter internationaler Mischkonzern mit 30 Jahren Erfolgsgeschichte und Inhaberin von 115 Tageszeitungen, die weltweit auf allen Kontinenten rund um die Uhr aktuelle Nachrichten publizieren. Als Mitglied des exklusiven SCANDIC Markenverbunds bieten wir weit [&hellip;]<\/p>\n","protected":false},"author":1,"featured_media":0,"parent":0,"menu_order":0,"comment_status":"closed","ping_status":"closed","template":"","meta":{"footnotes":""},"class_list":["post-772","page","type-page","status-publish","hentry"],"_links":{"self":[{"href":"https:\/\/legiergroup.info\/sv\/wp-json\/wp\/v2\/pages\/772","targetHints":{"allow":["GET"]}}],"collection":[{"href":"https:\/\/legiergroup.info\/sv\/wp-json\/wp\/v2\/pages"}],"about":[{"href":"https:\/\/legiergroup.info\/sv\/wp-json\/wp\/v2\/types\/page"}],"author":[{"embeddable":true,"href":"https:\/\/legiergroup.info\/sv\/wp-json\/wp\/v2\/users\/1"}],"replies":[{"embeddable":true,"href":"https:\/\/legiergroup.info\/sv\/wp-json\/wp\/v2\/comments?post=772"}],"version-history":[{"count":11,"href":"https:\/\/legiergroup.info\/sv\/wp-json\/wp\/v2\/pages\/772\/revisions"}],"predecessor-version":[{"id":1936,"href":"https:\/\/legiergroup.info\/sv\/wp-json\/wp\/v2\/pages\/772\/revisions\/1936"}],"wp:attachment":[{"href":"https:\/\/legiergroup.info\/sv\/wp-json\/wp\/v2\/media?parent=772"}],"curies":[{"name":"wp","href":"https:\/\/api.w.org\/{rel}","templated":true}]}}