{"id":1647,"date":"2025-10-06T14:24:19","date_gmt":"2025-10-06T14:24:19","guid":{"rendered":"https:\/\/legiergroup.info\/?page_id=1647"},"modified":"2025-10-21T13:42:50","modified_gmt":"2025-10-21T13:42:50","slug":"%e0%b8%aa%e0%b9%81%e0%b8%81%e0%b8%99%e0%b8%94%e0%b8%b4%e0%b8%81-%e0%b9%80%e0%b8%ad%e0%b8%aa%e0%b9%80%e0%b8%95%e0%b8%97","status":"publish","type":"page","link":"https:\/\/legiergroup.info\/th\/scandic-estate\/","title":{"rendered":"Scandic Estate"},"content":{"rendered":"<div data-elementor-type=\"wp-page\" data-elementor-id=\"1647\" class=\"elementor elementor-1647\" data-elementor-post-type=\"page\">\n\t\t\t\t<div class=\"elementor-element elementor-element-dbc1eab e-flex e-con-boxed e-con e-parent\" data-id=\"dbc1eab\" data-element_type=\"container\" data-e-type=\"container\">\n\t\t\t\t\t<div class=\"e-con-inner\">\n\t\t\t\t<div class=\"elementor-element elementor-element-4aa14b7 elementor-widget elementor-widget-text-editor\" data-id=\"4aa14b7\" data-element_type=\"widget\" data-e-type=\"widget\" data-widget_type=\"text-editor.default\">\n\t\t\t\t\t\t\t\t\t<div><img decoding=\"async\" class=\"gold_image\" src=\"https:\/\/scandicestate.com\/web\/leistungsportfolio\/leistungsportfolio.jpg\" width=\"100%\"><\/div>\n<h1><br><\/h1><h1>\u0e20\u0e32\u0e1e\u0e23\u0e27\u0e21\u0e1e\u0e2d\u0e23\u0e4c\u0e15\u0e42\u0e1f\u0e25\u0e34\u0e42\u0e2d\u0e01\u0e32\u0e23\u0e1a\u0e23\u0e34\u0e01\u0e32\u0e23\u0e02\u0e2d\u0e07 SCANDIC ESTATE<\/h1><div><br><\/div>\n<p>SCANDIC ESTATE \u0e41\u0e1a\u0e23\u0e19\u0e14\u0e4c\u0e02\u0e2d\u0e07 LEGIER BETEILIGUNGS MBH \u0e04\u0e37\u0e2d\u0e1c\u0e39\u0e49\u0e40\u0e25\u0e48\u0e19\u0e0a\u0e31\u0e49\u0e19\u0e19\u0e33\u0e43\u0e19\u0e15\u0e25\u0e32\u0e14\u0e2d\u0e2a\u0e31\u0e07\u0e2b\u0e32\u0e23\u0e34\u0e21\u0e17\u0e23\u0e31\u0e1e\u0e22\u0e4c\u0e02\u0e2d\u0e07\u0e40\u0e22\u0e2d\u0e23\u0e21\u0e19\u0e35 \u0e19\u0e33\u0e40\u0e2a\u0e19\u0e2d\u0e42\u0e0b\u0e25\u0e39\u0e0a\u0e31\u0e19\u0e17\u0e35\u0e48\u0e2d\u0e2d\u0e01\u0e41\u0e1a\u0e1a\u0e40\u0e09\u0e1e\u0e32\u0e30\u0e2a\u0e33\u0e2b\u0e23\u0e31\u0e1a\u0e25\u0e39\u0e01\u0e04\u0e49\u0e32\u0e2a\u0e48\u0e27\u0e19\u0e1a\u0e38\u0e04\u0e04\u0e25\u0e41\u0e25\u0e30\u0e25\u0e39\u0e01\u0e04\u0e49\u0e32\u0e40\u0e0a\u0e34\u0e07\u0e1e\u0e32\u0e13\u0e34\u0e0a\u0e22\u0e4c \u0e14\u0e49\u0e27\u0e22\u0e40\u0e1b\u0e49\u0e32\u0e2b\u0e21\u0e32\u0e22\u0e17\u0e35\u0e48\u0e01\u0e23\u0e38\u0e07\u0e40\u0e1a\u0e2d\u0e23\u0e4c\u0e25\u0e34\u0e19\u0e41\u0e25\u0e30\u0e04\u0e27\u0e32\u0e21\u0e40\u0e02\u0e49\u0e32\u0e43\u0e08\u0e2d\u0e22\u0e48\u0e32\u0e07\u0e25\u0e36\u0e01\u0e0b\u0e36\u0e49\u0e07\u0e40\u0e01\u0e35\u0e48\u0e22\u0e27\u0e01\u0e31\u0e1a\u0e1e\u0e25\u0e27\u0e31\u0e15\u0e02\u0e2d\u0e07\u0e15\u0e25\u0e32\u0e14 \u0e1a\u0e23\u0e34\u0e29\u0e31\u0e17\u0e08\u0e36\u0e07\u0e43\u0e2b\u0e49\u0e01\u0e32\u0e23\u0e2a\u0e19\u0e31\u0e1a\u0e2a\u0e19\u0e38\u0e19\u0e25\u0e39\u0e01\u0e04\u0e49\u0e32\u0e43\u0e19\u0e14\u0e49\u0e32\u0e19\u0e1e\u0e37\u0e49\u0e19\u0e17\u0e35\u0e48\u0e2a\u0e33\u0e19\u0e31\u0e01\u0e07\u0e32\u0e19 \u0e2d\u0e2a\u0e31\u0e07\u0e2b\u0e32\u0e23\u0e34\u0e21\u0e17\u0e23\u0e31\u0e1e\u0e22\u0e4c\u0e17\u0e35\u0e48\u0e2d\u0e22\u0e39\u0e48\u0e2d\u0e32\u0e28\u0e31\u0e22 \u0e1e\u0e37\u0e49\u0e19\u0e17\u0e35\u0e48\u0e04\u0e49\u0e32\u0e1b\u0e25\u0e35\u0e01 \u0e41\u0e25\u0e30\u0e2d\u0e2a\u0e31\u0e07\u0e2b\u0e32\u0e23\u0e34\u0e21\u0e17\u0e23\u0e31\u0e1e\u0e22\u0e4c\u0e42\u0e25\u0e08\u0e34\u0e2a\u0e15\u0e34\u0e01\u0e2a\u0e4c \u0e14\u0e49\u0e32\u0e19\u0e25\u0e48\u0e32\u0e07\u0e19\u0e35\u0e49\u0e04\u0e37\u0e2d\u0e20\u0e32\u0e1e\u0e23\u0e27\u0e21\u0e42\u0e14\u0e22\u0e25\u0e30\u0e40\u0e2d\u0e35\u0e22\u0e14\u0e02\u0e2d\u0e07\u0e1a\u0e23\u0e34\u0e01\u0e32\u0e23\u0e17\u0e35\u0e48\u0e19\u0e33\u0e40\u0e2a\u0e19\u0e2d.<\/p><p><br><\/p>\n<h2>1. \u0e1e\u0e37\u0e49\u0e19\u0e17\u0e35\u0e48\u0e2a\u0e33\u0e19\u0e31\u0e01\u0e07\u0e32\u0e19<\/h2><div><br><\/div>\n<p>\u0e15\u0e25\u0e32\u0e14\u0e1e\u0e37\u0e49\u0e19\u0e17\u0e35\u0e48\u0e2a\u0e33\u0e19\u0e31\u0e01\u0e07\u0e32\u0e19\u0e43\u0e19\u0e40\u0e22\u0e2d\u0e23\u0e21\u0e19\u0e35 \u0e42\u0e14\u0e22\u0e40\u0e09\u0e1e\u0e32\u0e30\u0e43\u0e19\u0e40\u0e1a\u0e2d\u0e23\u0e4c\u0e25\u0e34\u0e19 \u0e21\u0e35\u0e25\u0e31\u0e01\u0e29\u0e13\u0e30\u0e40\u0e14\u0e48\u0e19\u0e04\u0e37\u0e2d\u0e04\u0e27\u0e32\u0e21\u0e21\u0e31\u0e48\u0e19\u0e04\u0e07\u0e41\u0e25\u0e30\u0e04\u0e27\u0e32\u0e21\u0e15\u0e49\u0e2d\u0e07\u0e01\u0e32\u0e23\u0e17\u0e35\u0e48\u0e2a\u0e39\u0e07 \u0e0b\u0e36\u0e48\u0e07\u0e2a\u0e30\u0e17\u0e49\u0e2d\u0e19\u0e16\u0e36\u0e07\u0e04\u0e27\u0e32\u0e21\u0e19\u0e48\u0e32\u0e14\u0e36\u0e07\u0e14\u0e39\u0e14\u0e43\u0e08\u0e02\u0e2d\u0e07\u0e40\u0e21\u0e37\u0e2d\u0e07\u0e2b\u0e25\u0e27\u0e07\u0e2a\u0e33\u0e2b\u0e23\u0e31\u0e1a\u0e1a\u0e23\u0e34\u0e29\u0e31\u0e17\u0e17\u0e38\u0e01\u0e02\u0e19\u0e32\u0e14 \u0e15\u0e31\u0e49\u0e07\u0e41\u0e15\u0e48\u0e2a\u0e15\u0e32\u0e23\u0e4c\u0e17\u0e2d\u0e31\u0e1e\u0e44\u0e1b\u0e08\u0e19\u0e16\u0e36\u0e07\u0e1a\u0e23\u0e34\u0e29\u0e31\u0e17\u0e02\u0e49\u0e32\u0e21\u0e0a\u0e32\u0e15\u0e34 SCANDIC ESTATE \u0e0a\u0e48\u0e27\u0e22\u0e43\u0e2b\u0e49\u0e1a\u0e23\u0e34\u0e29\u0e31\u0e17\u0e15\u0e48\u0e32\u0e07\u0e46 \u0e04\u0e49\u0e19\u0e2b\u0e32\u0e1e\u0e37\u0e49\u0e19\u0e17\u0e35\u0e48\u0e2a\u0e33\u0e19\u0e31\u0e01\u0e07\u0e32\u0e19\u0e17\u0e35\u0e48\u0e40\u0e2b\u0e21\u0e32\u0e30\u0e2a\u0e21 \u0e42\u0e14\u0e22\u0e19\u0e33\u0e40\u0e2a\u0e19\u0e2d:<\/p>\n<ul>\n<li>\u0e1e\u0e37\u0e49\u0e19\u0e17\u0e35\u0e48\u0e17\u0e33\u0e07\u0e32\u0e19\u0e23\u0e48\u0e27\u0e21\u0e01\u0e31\u0e19\u0e41\u0e1a\u0e1a\u0e22\u0e37\u0e14\u0e2b\u0e22\u0e38\u0e48\u0e19 \u0e40\u0e2b\u0e21\u0e32\u0e30\u0e2a\u0e33\u0e2b\u0e23\u0e31\u0e1a\u0e1a\u0e23\u0e34\u0e29\u0e31\u0e17\u0e2a\u0e15\u0e32\u0e23\u0e4c\u0e17\u0e2d\u0e31\u0e1e\u0e41\u0e25\u0e30\u0e1a\u0e23\u0e34\u0e29\u0e31\u0e17\u0e02\u0e19\u0e32\u0e14\u0e40\u0e25\u0e47\u0e01\u0e17\u0e35\u0e48\u0e01\u0e33\u0e25\u0e31\u0e07\u0e21\u0e2d\u0e07\u0e2b\u0e32\u0e04\u0e27\u0e32\u0e21\u0e22\u0e37\u0e14\u0e2b\u0e22\u0e38\u0e48\u0e19\u0e41\u0e25\u0e30\u0e42\u0e2d\u0e01\u0e32\u0e2a\u0e43\u0e19\u0e01\u0e32\u0e23\u0e2a\u0e23\u0e49\u0e32\u0e07\u0e40\u0e04\u0e23\u0e37\u0e2d\u0e02\u0e48\u0e32\u0e22.<\/li>\n<li>\u0e2d\u0e32\u0e04\u0e32\u0e23\u0e2a\u0e33\u0e19\u0e31\u0e01\u0e07\u0e32\u0e19\u0e41\u0e1a\u0e1a\u0e04\u0e25\u0e32\u0e2a\u0e2a\u0e34\u0e01: \u0e2a\u0e33\u0e2b\u0e23\u0e31\u0e1a\u0e1a\u0e23\u0e34\u0e29\u0e31\u0e17\u0e17\u0e35\u0e48\u0e21\u0e35\u0e04\u0e27\u0e32\u0e21\u0e15\u0e49\u0e2d\u0e07\u0e01\u0e32\u0e23\u0e41\u0e1a\u0e1a\u0e14\u0e31\u0e49\u0e07\u0e40\u0e14\u0e34\u0e21.<\/li>\n<li>\u0e1e\u0e37\u0e49\u0e19\u0e17\u0e35\u0e48\u0e25\u0e2d\u0e1f\u0e17\u0e4c\u0e41\u0e25\u0e30\u0e2d\u0e32\u0e04\u0e32\u0e23\u0e43\u0e2b\u0e21\u0e48 \u0e40\u0e2b\u0e21\u0e32\u0e30\u0e2a\u0e33\u0e2b\u0e23\u0e31\u0e1a\u0e2a\u0e20\u0e32\u0e1e\u0e41\u0e27\u0e14\u0e25\u0e49\u0e2d\u0e21\u0e01\u0e32\u0e23\u0e17\u0e33\u0e07\u0e32\u0e19\u0e17\u0e35\u0e48\u0e2a\u0e23\u0e49\u0e32\u0e07\u0e2a\u0e23\u0e23\u0e04\u0e4c\u0e2b\u0e23\u0e37\u0e2d\u0e17\u0e31\u0e19\u0e2a\u0e21\u0e31\u0e22.<\/li>\n<li>\u0e04\u0e33\u0e41\u0e19\u0e30\u0e19\u0e33\u0e17\u0e35\u0e48\u0e04\u0e23\u0e2d\u0e1a\u0e04\u0e25\u0e38\u0e21: \u0e15\u0e31\u0e49\u0e07\u0e41\u0e15\u0e48\u0e01\u0e32\u0e23\u0e27\u0e34\u0e40\u0e04\u0e23\u0e32\u0e30\u0e2b\u0e4c\u0e44\u0e0b\u0e15\u0e4c\u0e08\u0e19\u0e16\u0e36\u0e07\u0e01\u0e32\u0e23\u0e25\u0e07\u0e19\u0e32\u0e21\u0e2a\u0e31\u0e0d\u0e0d\u0e32.<\/li>\n<\/ul>\n<p>\u0e17\u0e35\u0e48\u0e1b\u0e23\u0e36\u0e01\u0e29\u0e32 SCANDIC ESTATE \u0e21\u0e31\u0e48\u0e19\u0e43\u0e08\u0e27\u0e48\u0e32\u0e17\u0e23\u0e31\u0e1e\u0e22\u0e4c\u0e2a\u0e34\u0e19\u0e15\u0e23\u0e07\u0e15\u0e32\u0e21\u0e04\u0e27\u0e32\u0e21\u0e15\u0e49\u0e2d\u0e07\u0e01\u0e32\u0e23\u0e40\u0e0a\u0e34\u0e07\u0e01\u0e25\u0e22\u0e38\u0e17\u0e18\u0e4c\u0e41\u0e25\u0e30\u0e01\u0e32\u0e23\u0e1b\u0e0f\u0e34\u0e1a\u0e31\u0e15\u0e34\u0e01\u0e32\u0e23\u0e02\u0e2d\u0e07\u0e25\u0e39\u0e01\u0e04\u0e49\u0e32.<\/p>\n<h2><br><\/h2><h2>2. \u0e2d\u0e2a\u0e31\u0e07\u0e2b\u0e32\u0e23\u0e34\u0e21\u0e17\u0e23\u0e31\u0e1e\u0e22\u0e4c\u0e40\u0e1e\u0e37\u0e48\u0e2d\u0e01\u0e32\u0e23\u0e2d\u0e22\u0e39\u0e48\u0e2d\u0e32\u0e28\u0e31\u0e22<\/h2>\n<p>\u0e15\u0e25\u0e32\u0e14\u0e2d\u0e2a\u0e31\u0e07\u0e2b\u0e32\u0e23\u0e34\u0e21\u0e17\u0e23\u0e31\u0e1e\u0e22\u0e4c\u0e17\u0e35\u0e48\u0e2d\u0e22\u0e39\u0e48\u0e2d\u0e32\u0e28\u0e31\u0e22\u0e43\u0e19\u0e40\u0e22\u0e2d\u0e23\u0e21\u0e19\u0e35\u0e21\u0e35\u0e04\u0e27\u0e32\u0e21\u0e21\u0e31\u0e48\u0e19\u0e04\u0e07\u0e41\u0e25\u0e30\u0e40\u0e15\u0e34\u0e1a\u0e42\u0e15\u0e2d\u0e22\u0e48\u0e32\u0e07\u0e15\u0e48\u0e2d\u0e40\u0e19\u0e37\u0e48\u0e2d\u0e07 \u0e42\u0e14\u0e22\u0e44\u0e14\u0e49\u0e23\u0e31\u0e1a\u0e01\u0e32\u0e23\u0e2a\u0e19\u0e31\u0e1a\u0e2a\u0e19\u0e38\u0e19\u0e08\u0e32\u0e01\u0e01\u0e32\u0e23\u0e02\u0e22\u0e32\u0e22\u0e15\u0e31\u0e27\u0e02\u0e2d\u0e07\u0e40\u0e21\u0e37\u0e2d\u0e07\u0e41\u0e25\u0e30\u0e04\u0e32\u0e14\u0e01\u0e32\u0e23\u0e13\u0e4c\u0e27\u0e48\u0e32\u0e08\u0e33\u0e19\u0e27\u0e19\u0e04\u0e23\u0e31\u0e27\u0e40\u0e23\u0e37\u0e2d\u0e19\u0e08\u0e30\u0e40\u0e1e\u0e34\u0e48\u0e21\u0e02\u0e36\u0e49\u0e19\u0e1b\u0e23\u0e30\u0e21\u0e32\u0e13 41,750 \u0e04\u0e23\u0e31\u0e27\u0e40\u0e23\u0e37\u0e2d\u0e19\u0e20\u0e32\u0e22\u0e43\u0e19\u0e1b\u0e35 2573 1,900 \u0e19\u0e33\u0e40\u0e2a\u0e19\u0e2d\u0e1a\u0e23\u0e34\u0e01\u0e32\u0e23\u0e17\u0e35\u0e48\u0e04\u0e23\u0e2d\u0e1a\u0e04\u0e25\u0e38\u0e21\u0e2a\u0e33\u0e2b\u0e23\u0e31\u0e1a\u0e1c\u0e39\u0e49\u0e0b\u0e37\u0e49\u0e2d\u0e41\u0e25\u0e30\u0e1c\u0e39\u0e49\u0e02\u0e32\u0e22\u0e17\u0e35\u0e48\u0e2d\u0e22\u0e39\u0e48\u0e2d\u0e32\u0e28\u0e31\u0e22\u0e41\u0e25\u0e30\u0e1a\u0e49\u0e32\u0e19\u0e2b\u0e25\u0e32\u0e22\u0e04\u0e23\u0e2d\u0e1a\u0e04\u0e23\u0e31\u0e27:<\/p>\n<ul>\n<li>\u0e01\u0e32\u0e23\u0e0b\u0e37\u0e49\u0e2d\u0e41\u0e25\u0e30\u0e01\u0e32\u0e23\u0e02\u0e32\u0e22: \u0e01\u0e32\u0e23\u0e2a\u0e19\u0e31\u0e1a\u0e2a\u0e19\u0e38\u0e19\u0e01\u0e32\u0e23\u0e0b\u0e37\u0e49\u0e2d\u0e2b\u0e23\u0e37\u0e2d\u0e01\u0e32\u0e23\u0e02\u0e32\u0e22 \u0e23\u0e27\u0e21\u0e16\u0e36\u0e07\u0e01\u0e32\u0e23\u0e27\u0e34\u0e40\u0e04\u0e23\u0e32\u0e30\u0e2b\u0e4c\u0e15\u0e25\u0e32\u0e14\u0e40\u0e1e\u0e37\u0e48\u0e2d\u0e43\u0e2b\u0e49\u0e44\u0e14\u0e49\u0e23\u0e32\u0e04\u0e32\u0e17\u0e35\u0e48\u0e40\u0e2b\u0e21\u0e32\u0e30\u0e2a\u0e21\u0e17\u0e35\u0e48\u0e2a\u0e38\u0e14.<\/li>\n<li>\u0e01\u0e32\u0e23\u0e1b\u0e23\u0e30\u0e40\u0e21\u0e34\u0e19\u0e23\u0e32\u0e04\u0e32\u0e15\u0e25\u0e32\u0e14\u0e1f\u0e23\u0e35: \u0e2a\u0e33\u0e2b\u0e23\u0e31\u0e1a\u0e1c\u0e39\u0e49\u0e02\u0e32\u0e22\u0e43\u0e19\u0e01\u0e32\u0e23\u0e01\u0e33\u0e2b\u0e19\u0e14\u0e21\u0e39\u0e25\u0e04\u0e48\u0e32\u0e17\u0e23\u0e31\u0e1e\u0e22\u0e4c\u0e2a\u0e34\u0e19\u0e02\u0e2d\u0e07\u0e15\u0e19.<\/li>\n<li>\u0e04\u0e33\u0e41\u0e19\u0e30\u0e19\u0e33\u0e14\u0e49\u0e32\u0e19\u0e01\u0e32\u0e23\u0e25\u0e07\u0e17\u0e38\u0e19: \u0e04\u0e27\u0e32\u0e21\u0e0a\u0e48\u0e27\u0e22\u0e40\u0e2b\u0e25\u0e37\u0e2d\u0e43\u0e19\u0e01\u0e32\u0e23\u0e23\u0e30\u0e1a\u0e38\u0e17\u0e23\u0e31\u0e1e\u0e22\u0e4c\u0e2a\u0e34\u0e19\u0e17\u0e35\u0e48\u0e40\u0e1e\u0e34\u0e48\u0e21\u0e21\u0e39\u0e25\u0e04\u0e48\u0e32\u0e43\u0e19\u0e17\u0e33\u0e40\u0e25\u0e17\u0e35\u0e48\u0e21\u0e35\u0e41\u0e19\u0e27\u0e42\u0e19\u0e49\u0e21\u0e14\u0e35.<\/li>\n<\/ul>\n<p>\u0e14\u0e49\u0e27\u0e22\u0e04\u0e27\u0e32\u0e21\u0e40\u0e0a\u0e35\u0e48\u0e22\u0e27\u0e0a\u0e32\u0e0d SCANDIC ESTATE \u0e17\u0e33\u0e43\u0e2b\u0e49\u0e01\u0e23\u0e30\u0e1a\u0e27\u0e19\u0e01\u0e32\u0e23\u0e21\u0e35\u0e1b\u0e23\u0e30\u0e2a\u0e34\u0e17\u0e18\u0e34\u0e20\u0e32\u0e1e\u0e41\u0e25\u0e30\u0e2a\u0e23\u0e49\u0e32\u0e07\u0e01\u0e33\u0e44\u0e23.<\/p><p><br><\/p>\n<h2>3. \u0e1e\u0e37\u0e49\u0e19\u0e17\u0e35\u0e48\u0e02\u0e32\u0e22\u0e1b\u0e25\u0e35\u0e01<\/h2>\n<p>\u0e20\u0e39\u0e21\u0e34\u0e17\u0e31\u0e28\u0e19\u0e4c\u0e01\u0e32\u0e23\u0e04\u0e49\u0e32\u0e1b\u0e25\u0e35\u0e01\u0e43\u0e19\u0e40\u0e22\u0e2d\u0e23\u0e21\u0e19\u0e35\u0e41\u0e25\u0e30\u0e22\u0e38\u0e42\u0e23\u0e1b\u0e21\u0e2d\u0e1a\u0e40\u0e07\u0e37\u0e48\u0e2d\u0e19\u0e44\u0e02\u0e17\u0e35\u0e48\u0e40\u0e2b\u0e21\u0e32\u0e30\u0e2a\u0e21\u0e2a\u0e33\u0e2b\u0e23\u0e31\u0e1a\u0e1a\u0e23\u0e34\u0e29\u0e31\u0e17\u0e15\u0e48\u0e32\u0e07\u0e46 \u0e17\u0e35\u0e48\u0e15\u0e49\u0e2d\u0e07\u0e01\u0e32\u0e23\u0e2a\u0e23\u0e49\u0e32\u0e07\u0e15\u0e31\u0e27\u0e40\u0e2d\u0e07\u0e2b\u0e23\u0e37\u0e2d\u0e02\u0e22\u0e32\u0e22\u0e15\u0e31\u0e27 SCANDIC ESTATE \u0e2a\u0e19\u0e31\u0e1a\u0e2a\u0e19\u0e38\u0e19\u0e1c\u0e39\u0e49\u0e04\u0e49\u0e32\u0e1b\u0e25\u0e35\u0e01\u0e43\u0e19\u0e01\u0e32\u0e23\u0e04\u0e49\u0e19\u0e2b\u0e32\u0e17\u0e33\u0e40\u0e25\u0e17\u0e35\u0e48\u0e15\u0e31\u0e49\u0e07\u0e17\u0e35\u0e48\u0e40\u0e2b\u0e21\u0e32\u0e30\u0e2a\u0e21\u0e17\u0e35\u0e48\u0e2a\u0e38\u0e14:<\/p><p><br><\/p>\n<ul>\n<li>\u0e23\u0e49\u0e32\u0e19\u0e40\u0e23\u0e37\u0e2d\u0e18\u0e07: \u0e01\u0e32\u0e23\u0e19\u0e33\u0e40\u0e2a\u0e19\u0e2d\u0e41\u0e1a\u0e23\u0e19\u0e14\u0e4c\u0e43\u0e19\u0e2a\u0e16\u0e32\u0e19\u0e17\u0e35\u0e48\u0e17\u0e35\u0e48\u0e21\u0e35\u0e0a\u0e37\u0e48\u0e2d\u0e40\u0e2a\u0e35\u0e22\u0e07 \u0e40\u0e0a\u0e48\u0e19 \u0e22\u0e48\u0e32\u0e19\u0e17\u0e35\u0e48\u0e21\u0e35\u0e0a\u0e37\u0e48\u0e2d\u0e40\u0e2a\u0e35\u0e22\u0e07\u0e02\u0e2d\u0e07\u0e40\u0e1a\u0e2d\u0e23\u0e4c\u0e25\u0e34\u0e19.<\/li>\n<li>\u0e01\u0e32\u0e23\u0e43\u0e2b\u0e49\u0e04\u0e33\u0e1b\u0e23\u0e36\u0e01\u0e29\u0e32\u0e14\u0e49\u0e32\u0e19\u0e2a\u0e16\u0e32\u0e19\u0e17\u0e35\u0e48: \u0e01\u0e32\u0e23\u0e27\u0e34\u0e40\u0e04\u0e23\u0e32\u0e30\u0e2b\u0e4c\u0e04\u0e27\u0e32\u0e21\u0e16\u0e35\u0e48\u0e02\u0e2d\u0e07\u0e25\u0e39\u0e01\u0e04\u0e49\u0e32 \u0e01\u0e32\u0e23\u0e40\u0e02\u0e49\u0e32\u0e16\u0e36\u0e07 \u0e41\u0e25\u0e30\u0e01\u0e32\u0e23\u0e41\u0e02\u0e48\u0e07\u0e02\u0e31\u0e19.<\/li>\n<li>\u0e02\u0e31\u0e49\u0e19\u0e15\u0e2d\u0e19\u0e01\u0e32\u0e23\u0e40\u0e0a\u0e48\u0e32 : \u0e01\u0e32\u0e23\u0e2a\u0e19\u0e31\u0e1a\u0e2a\u0e19\u0e38\u0e19\u0e15\u0e31\u0e49\u0e07\u0e41\u0e15\u0e48\u0e01\u0e32\u0e23\u0e04\u0e49\u0e19\u0e2b\u0e32\u0e08\u0e19\u0e16\u0e36\u0e07\u0e01\u0e32\u0e23\u0e2a\u0e23\u0e38\u0e1b\u0e2a\u0e31\u0e0d\u0e0d\u0e32.<\/li><li><br><\/li>\n<\/ul>\n<p>\u0e17\u0e35\u0e48\u0e1b\u0e23\u0e36\u0e01\u0e29\u0e32\u0e14\u0e49\u0e32\u0e19\u0e2d\u0e2a\u0e31\u0e07\u0e2b\u0e32\u0e23\u0e34\u0e21\u0e17\u0e23\u0e31\u0e1e\u0e22\u0e4c\u0e0a\u0e48\u0e27\u0e22\u0e27\u0e32\u0e07\u0e15\u0e33\u0e41\u0e2b\u0e19\u0e48\u0e07\u0e41\u0e1a\u0e23\u0e19\u0e14\u0e4c\u0e43\u0e2b\u0e49\u0e40\u0e2b\u0e21\u0e32\u0e30\u0e2a\u0e21\u0e17\u0e35\u0e48\u0e2a\u0e38\u0e14\u0e41\u0e25\u0e30\u0e44\u0e14\u0e49\u0e23\u0e31\u0e1a\u0e1b\u0e23\u0e30\u0e42\u0e22\u0e0a\u0e19\u0e4c\u0e08\u0e32\u0e01\u0e20\u0e39\u0e21\u0e34\u0e17\u0e31\u0e28\u0e19\u0e4c\u0e01\u0e32\u0e23\u0e02\u0e32\u0e22\u0e1b\u0e25\u0e35\u0e01\u0e17\u0e35\u0e48\u0e40\u0e1b\u0e25\u0e35\u0e48\u0e22\u0e19\u0e41\u0e1b\u0e25\u0e07\u0e15\u0e25\u0e2d\u0e14\u0e40\u0e27\u0e25\u0e32.<\/p><p><br><\/p>\n<h2>4. \u0e2d\u0e2a\u0e31\u0e07\u0e2b\u0e32\u0e23\u0e34\u0e21\u0e17\u0e23\u0e31\u0e1e\u0e22\u0e4c\u0e40\u0e1e\u0e37\u0e48\u0e2d\u0e01\u0e32\u0e23\u0e02\u0e19\u0e2a\u0e48\u0e07\u0e41\u0e25\u0e30\u0e2d\u0e38\u0e15\u0e2a\u0e32\u0e2b\u0e01\u0e23\u0e23\u0e21<\/h2>\n<p>\u0e14\u0e49\u0e27\u0e22\u0e17\u0e33\u0e40\u0e25\u0e17\u0e35\u0e48\u0e15\u0e31\u0e49\u0e07\u0e17\u0e35\u0e48\u0e2d\u0e22\u0e39\u0e48\u0e43\u0e08\u0e01\u0e25\u0e32\u0e07\u0e40\u0e21\u0e37\u0e2d\u0e07 \u0e01\u0e32\u0e23\u0e40\u0e0a\u0e37\u0e48\u0e2d\u0e21\u0e42\u0e22\u0e07\u0e01\u0e32\u0e23\u0e02\u0e19\u0e2a\u0e48\u0e07\u0e17\u0e35\u0e48\u0e17\u0e31\u0e19\u0e2a\u0e21\u0e31\u0e22 \u0e41\u0e25\u0e30\u0e42\u0e0b\u0e25\u0e39\u0e0a\u0e31\u0e19\u0e42\u0e25\u0e08\u0e34\u0e2a\u0e15\u0e34\u0e01\u0e2a\u0e4c\u0e17\u0e35\u0e48\u0e22\u0e31\u0e48\u0e07\u0e22\u0e37\u0e19 \u0e40\u0e1a\u0e2d\u0e23\u0e4c\u0e25\u0e34\u0e19\u0e08\u0e36\u0e07\u0e21\u0e35\u0e2a\u0e20\u0e32\u0e1e\u0e41\u0e27\u0e14\u0e25\u0e49\u0e2d\u0e21\u0e17\u0e35\u0e48\u0e40\u0e2b\u0e21\u0e32\u0e30\u0e2a\u0e21\u0e2a\u0e33\u0e2b\u0e23\u0e31\u0e1a\u0e1a\u0e23\u0e34\u0e29\u0e31\u0e17\u0e2d\u0e38\u0e15\u0e2a\u0e32\u0e2b\u0e01\u0e23\u0e23\u0e21 SCANDIC ESTATE \u0e0a\u0e48\u0e27\u0e22\u0e04\u0e38\u0e13\u0e04\u0e49\u0e19\u0e2b\u0e32\u0e04\u0e38\u0e13\u0e2a\u0e21\u0e1a\u0e31\u0e15\u0e34\u0e14\u0e49\u0e32\u0e19\u0e42\u0e25\u0e08\u0e34\u0e2a\u0e15\u0e34\u0e01\u0e2a\u0e4c\u0e17\u0e35\u0e48\u0e40\u0e2b\u0e21\u0e32\u0e30\u0e2a\u0e21:<\/p><p><br><\/p>\n<ul>\n<li>\u0e01\u0e32\u0e23\u0e40\u0e0a\u0e48\u0e32\u0e41\u0e25\u0e30\u0e01\u0e32\u0e23\u0e0b\u0e37\u0e49\u0e2d: \u0e01\u0e32\u0e23\u0e40\u0e1b\u0e47\u0e19\u0e19\u0e32\u0e22\u0e2b\u0e19\u0e49\u0e32\u0e0b\u0e37\u0e49\u0e2d\u0e02\u0e32\u0e22\u0e2d\u0e2a\u0e31\u0e07\u0e2b\u0e32\u0e23\u0e34\u0e21\u0e17\u0e23\u0e31\u0e1e\u0e22\u0e4c\u0e17\u0e35\u0e48\u0e15\u0e23\u0e07\u0e15\u0e32\u0e21\u0e04\u0e27\u0e32\u0e21\u0e15\u0e49\u0e2d\u0e07\u0e01\u0e32\u0e23\u0e40\u0e09\u0e1e\u0e32\u0e30.<\/li>\n<li>\u0e27\u0e34\u0e40\u0e04\u0e23\u0e32\u0e30\u0e2b\u0e4c\u0e17\u0e33\u0e40\u0e25 : \u0e04\u0e33\u0e41\u0e19\u0e30\u0e19\u0e33\u0e40\u0e01\u0e35\u0e48\u0e22\u0e27\u0e01\u0e31\u0e1a\u0e17\u0e33\u0e40\u0e25\u0e17\u0e35\u0e48\u0e40\u0e2b\u0e21\u0e32\u0e30\u0e2a\u0e21\u0e1e\u0e23\u0e49\u0e2d\u0e21\u0e42\u0e04\u0e23\u0e07\u0e2a\u0e23\u0e49\u0e32\u0e07\u0e1e\u0e37\u0e49\u0e19\u0e10\u0e32\u0e19\u0e0a\u0e31\u0e49\u0e19\u0e2b\u0e19\u0e36\u0e48\u0e07.<\/li>\n<li>\u0e01\u0e32\u0e23\u0e2a\u0e19\u0e31\u0e1a\u0e2a\u0e19\u0e38\u0e19\u0e01\u0e23\u0e30\u0e1a\u0e27\u0e19\u0e01\u0e32\u0e23: \u0e01\u0e32\u0e23\u0e2a\u0e19\u0e31\u0e1a\u0e2a\u0e19\u0e38\u0e19\u0e43\u0e19\u0e17\u0e38\u0e01\u0e02\u0e31\u0e49\u0e19\u0e15\u0e2d\u0e19\u0e08\u0e19\u0e16\u0e36\u0e07\u0e01\u0e32\u0e23\u0e25\u0e07\u0e19\u0e32\u0e21\u0e43\u0e19\u0e2a\u0e31\u0e0d\u0e0d\u0e32.<\/li>\n<\/ul><div><br><\/div>\n<p>\u0e17\u0e35\u0e48\u0e1b\u0e23\u0e36\u0e01\u0e29\u0e32\u0e0a\u0e48\u0e27\u0e22\u0e43\u0e2b\u0e49\u0e1a\u0e23\u0e34\u0e29\u0e31\u0e17\u0e08\u0e31\u0e14\u0e23\u0e30\u0e40\u0e1a\u0e35\u0e22\u0e1a\u0e01\u0e34\u0e08\u0e01\u0e23\u0e23\u0e21\u0e14\u0e49\u0e32\u0e19\u0e42\u0e25\u0e08\u0e34\u0e2a\u0e15\u0e34\u0e01\u0e2a\u0e4c\u0e2d\u0e22\u0e48\u0e32\u0e07\u0e21\u0e35\u0e1b\u0e23\u0e30\u0e2a\u0e34\u0e17\u0e18\u0e34\u0e20\u0e32\u0e1e.<\/p><p><br><\/p><p><br><\/p>\n<h2>\u0e15\u0e34\u0e14\u0e15\u0e48\u0e2d<\/h2>\n<p>\u0e2b\u0e32\u0e01\u0e15\u0e49\u0e2d\u0e07\u0e01\u0e32\u0e23\u0e04\u0e33\u0e41\u0e19\u0e30\u0e19\u0e33\u0e2a\u0e48\u0e27\u0e19\u0e15\u0e31\u0e27\u0e2b\u0e23\u0e37\u0e2d\u0e02\u0e49\u0e2d\u0e21\u0e39\u0e25\u0e40\u0e1e\u0e34\u0e48\u0e21\u0e40\u0e15\u0e34\u0e21 \u0e42\u0e1b\u0e23\u0e14\u0e15\u0e34\u0e14\u0e15\u0e48\u0e2d SCANDIC ESTATE \u0e44\u0e14\u0e49\u0e17\u0e35\u0e48:<\/p>\n<ul>\n<li>\u0e42\u0e17\u0e23\u0e28\u0e31\u0e1e\u0e17\u0e4c:&nbsp;<a href=\"tel:+4930408174005\" target=\"_blank\" rel=\"noopener noreferrer\">+49 30 99211 &#8211; 3 469<\/a><\/li>\n<li>\u0e2d\u0e35\u0e40\u0e21\u0e25:&nbsp;<a href=\"mailto:Mail@ScandicEstate.de\" target=\"_blank\" rel=\"noopener noreferrer\">Mail@ScandicEstate.de<\/a><\/li>\n<\/ul><div><br><\/div>\n<h2>\u0e1a\u0e17\u0e2a\u0e23\u0e38\u0e1b<\/h2>\n<p>SCANDIC ESTATE \u0e19\u0e33\u0e40\u0e2a\u0e19\u0e2d\u0e1e\u0e2d\u0e23\u0e4c\u0e15\u0e42\u0e1f\u0e25\u0e34\u0e42\u0e2d\u0e17\u0e35\u0e48\u0e04\u0e23\u0e2d\u0e1a\u0e04\u0e25\u0e38\u0e21\u0e17\u0e38\u0e01\u0e01\u0e25\u0e38\u0e48\u0e21\u0e2b\u0e25\u0e31\u0e01\u0e02\u0e2d\u0e07\u0e15\u0e25\u0e32\u0e14\u0e2d\u0e2a\u0e31\u0e07\u0e2b\u0e32\u0e23\u0e34\u0e21\u0e17\u0e23\u0e31\u0e1e\u0e22\u0e4c \u0e14\u0e49\u0e27\u0e22\u0e04\u0e27\u0e32\u0e21\u0e21\u0e38\u0e48\u0e07\u0e21\u0e31\u0e48\u0e19\u0e2d\u0e22\u0e48\u0e32\u0e07\u0e41\u0e23\u0e07\u0e01\u0e25\u0e49\u0e32\u0e43\u0e19\u0e40\u0e1a\u0e2d\u0e23\u0e4c\u0e25\u0e34\u0e19 \u0e1a\u0e23\u0e34\u0e29\u0e31\u0e17\u0e08\u0e36\u0e07\u0e2a\u0e19\u0e31\u0e1a\u0e2a\u0e19\u0e38\u0e19\u0e25\u0e39\u0e01\u0e04\u0e49\u0e32\u0e43\u0e19\u0e01\u0e32\u0e23\u0e04\u0e49\u0e19\u0e2b\u0e32\u0e42\u0e0b\u0e25\u0e39\u0e0a\u0e31\u0e19\u0e17\u0e35\u0e48\u0e1b\u0e23\u0e31\u0e1a\u0e41\u0e15\u0e48\u0e07\u0e44\u0e14\u0e49\u0e15\u0e32\u0e21\u0e04\u0e27\u0e32\u0e21\u0e15\u0e49\u0e2d\u0e07\u0e01\u0e32\u0e23 \u0e44\u0e21\u0e48\u0e27\u0e48\u0e32\u0e08\u0e30\u0e40\u0e1b\u0e47\u0e19\u0e1e\u0e37\u0e49\u0e19\u0e17\u0e35\u0e48\u0e2a\u0e33\u0e19\u0e31\u0e01\u0e07\u0e32\u0e19 \u0e17\u0e35\u0e48\u0e1e\u0e31\u0e01\u0e2d\u0e32\u0e28\u0e31\u0e22 \u0e1e\u0e37\u0e49\u0e19\u0e17\u0e35\u0e48\u0e04\u0e49\u0e32\u0e1b\u0e25\u0e35\u0e01 \u0e2b\u0e23\u0e37\u0e2d\u0e2d\u0e2a\u0e31\u0e07\u0e2b\u0e32\u0e23\u0e34\u0e21\u0e17\u0e23\u0e31\u0e1e\u0e22\u0e4c\u0e14\u0e49\u0e32\u0e19\u0e42\u0e25\u0e08\u0e34\u0e2a\u0e15\u0e34\u0e01\u0e2a\u0e4c SCANDIC ESTATE \u0e04\u0e37\u0e2d\u0e1e\u0e31\u0e19\u0e18\u0e21\u0e34\u0e15\u0e23\u0e17\u0e35\u0e48\u0e40\u0e0a\u0e37\u0e48\u0e2d\u0e16\u0e37\u0e2d\u0e44\u0e14\u0e49\u0e02\u0e2d\u0e07\u0e04\u0e38\u0e13\u0e43\u0e19\u0e15\u0e25\u0e32\u0e14\u0e2d\u0e2a\u0e31\u0e07\u0e2b\u0e32\u0e23\u0e34\u0e21\u0e17\u0e23\u0e31\u0e1e\u0e22\u0e4c\u0e40\u0e22\u0e2d\u0e23\u0e21\u0e19\u0e35\u0e17\u0e35\u0e48\u0e01\u0e33\u0e25\u0e31\u0e07\u0e40\u0e15\u0e34\u0e1a\u0e42\u0e15\u0e2d\u0e22\u0e48\u0e32\u0e07\u0e23\u0e27\u0e14\u0e40\u0e23\u0e47\u0e27.<\/p>\t\t\t\t\t\t\t\t<\/div>\n\t\t\t\t\t<\/div>\n\t\t\t\t<\/div>\n\t\t\t\t<\/div>","protected":false},"excerpt":{"rendered":"<p>\u00dcberblick \u00fcber das Leistungsportfolio von SCANDIC ESTATE SCANDIC ESTATE, eine Marke der LEGIER BETEILIGUNGS MBH, ist ein etablierter Akteur im deutschen Immobilienmarkt und bietet ma\u00dfgeschneiderte L\u00f6sungen f\u00fcr private und gewerbliche Kunden. Mit einem Fokus auf Berlin und einem tiefen Verst\u00e4ndnis der Marktdynamik unterst\u00fctzt das Unternehmen seine Kunden in den Bereichen B\u00fcrofl\u00e4chen, Wohnimmobilien, Einzelhandelsfl\u00e4chen und Logistikimmobilien. [&hellip;]<\/p>\n","protected":false},"author":2,"featured_media":0,"parent":0,"menu_order":0,"comment_status":"closed","ping_status":"closed","template":"","meta":{"footnotes":""},"class_list":["post-1647","page","type-page","status-publish","hentry"],"_links":{"self":[{"href":"https:\/\/legiergroup.info\/th\/wp-json\/wp\/v2\/pages\/1647","targetHints":{"allow":["GET"]}}],"collection":[{"href":"https:\/\/legiergroup.info\/th\/wp-json\/wp\/v2\/pages"}],"about":[{"href":"https:\/\/legiergroup.info\/th\/wp-json\/wp\/v2\/types\/page"}],"author":[{"embeddable":true,"href":"https:\/\/legiergroup.info\/th\/wp-json\/wp\/v2\/users\/2"}],"replies":[{"embeddable":true,"href":"https:\/\/legiergroup.info\/th\/wp-json\/wp\/v2\/comments?post=1647"}],"version-history":[{"count":11,"href":"https:\/\/legiergroup.info\/th\/wp-json\/wp\/v2\/pages\/1647\/revisions"}],"predecessor-version":[{"id":1817,"href":"https:\/\/legiergroup.info\/th\/wp-json\/wp\/v2\/pages\/1647\/revisions\/1817"}],"wp:attachment":[{"href":"https:\/\/legiergroup.info\/th\/wp-json\/wp\/v2\/media?parent=1647"}],"curies":[{"name":"wp","href":"https:\/\/api.w.org\/{rel}","templated":true}]}}