{"id":772,"date":"2025-09-17T01:31:20","date_gmt":"2025-09-17T01:31:20","guid":{"rendered":"https:\/\/legiergroup.info\/?page_id=772"},"modified":"2025-10-23T11:55:44","modified_gmt":"2025-10-23T11:55:44","slug":"%e0%b8%a3%e0%b8%96%e0%b8%a2%e0%b8%99%e0%b8%95%e0%b9%8c%e0%b8%aa%e0%b9%81%e0%b8%81%e0%b8%99%e0%b8%94%e0%b8%b4%e0%b8%84","status":"publish","type":"page","link":"https:\/\/legiergroup.info\/th\/scandic-cars\/","title":{"rendered":"Scandic Cars"},"content":{"rendered":"<div data-elementor-type=\"wp-page\" data-elementor-id=\"772\" class=\"elementor elementor-772\" data-elementor-post-type=\"page\">\n\t\t\t\t<div class=\"elementor-element elementor-element-0cafc05 e-flex e-con-boxed e-con e-parent\" data-id=\"0cafc05\" data-element_type=\"container\" data-e-type=\"container\">\n\t\t\t\t\t<div class=\"e-con-inner\">\n\t\t\t\t<div class=\"elementor-element elementor-element-f095092 elementor-widget elementor-widget-text-editor\" data-id=\"f095092\" data-element_type=\"widget\" data-e-type=\"widget\" data-widget_type=\"text-editor.default\">\n\t\t\t\t\t\t\t\t\t<img decoding=\"async\" class=\"mt-2 mb-2\" src=\"https:\/\/legiergroup.info\/wp-content\/uploads\/2025\/10\/scandiccars_by_legier.jpg\" width=\"100%\" \/>\n<h1>SCANDIC CARS: \u0e19\u0e34\u0e22\u0e32\u0e21\u0e43\u0e2b\u0e21\u0e48\u0e02\u0e2d\u0e07\u0e04\u0e27\u0e32\u0e21\u0e04\u0e25\u0e48\u0e2d\u0e07\u0e15\u0e31\u0e27\u0e2d\u0e31\u0e19\u0e2b\u0e23\u0e39\u0e2b\u0e23\u0e32<\/h1>\n\u0e22\u0e34\u0e19\u0e14\u0e35\u0e15\u0e49\u0e2d\u0e19\u0e23\u0e31\u0e1a\u0e2a\u0e39\u0e48 ScandicCars \u0e41\u0e1a\u0e23\u0e19\u0e14\u0e4c\u0e0a\u0e31\u0e49\u0e19\u0e19\u0e33\u0e23\u0e30\u0e14\u0e31\u0e1a\u0e42\u0e25\u0e01\u0e02\u0e2d\u0e07 LEGIER GROUP \u0e2d\u0e31\u0e19\u0e40\u0e25\u0e37\u0e48\u0e2d\u0e07\u0e0a\u0e37\u0e48\u0e2d LEGIER GROUP \u0e04\u0e37\u0e2d\u0e01\u0e25\u0e38\u0e48\u0e21\u0e1a\u0e23\u0e34\u0e29\u0e31\u0e17\u0e02\u0e49\u0e32\u0e21\u0e0a\u0e32\u0e15\u0e34\u0e17\u0e35\u0e48\u0e21\u0e35\u0e04\u0e27\u0e32\u0e21\u0e2b\u0e25\u0e32\u0e01\u0e2b\u0e25\u0e32\u0e22 \u0e21\u0e35\u0e1b\u0e23\u0e30\u0e27\u0e31\u0e15\u0e34\u0e04\u0e27\u0e32\u0e21\u0e2a\u0e33\u0e40\u0e23\u0e47\u0e08\u0e22\u0e32\u0e27\u0e19\u0e32\u0e19 30 \u0e1b\u0e35 \u0e41\u0e25\u0e30\u0e40\u0e1b\u0e47\u0e19\u0e40\u0e08\u0e49\u0e32\u0e02\u0e2d\u0e07\u0e2b\u0e19\u0e31\u0e07\u0e2a\u0e37\u0e2d\u0e1e\u0e34\u0e21\u0e1e\u0e4c\u0e23\u0e32\u0e22\u0e27\u0e31\u0e19 115 \u0e09\u0e1a\u0e31\u0e1a \u0e17\u0e35\u0e48\u0e40\u0e1c\u0e22\u0e41\u0e1e\u0e23\u0e48\u0e02\u0e48\u0e32\u0e27\u0e2a\u0e32\u0e23\u0e17\u0e31\u0e19\u0e40\u0e2b\u0e15\u0e38\u0e01\u0e32\u0e23\u0e13\u0e4c\u0e15\u0e25\u0e2d\u0e14 24 \u0e0a\u0e31\u0e48\u0e27\u0e42\u0e21\u0e07\u0e17\u0e31\u0e48\u0e27\u0e17\u0e38\u0e01\u0e17\u0e27\u0e35\u0e1b \u0e43\u0e19\u0e10\u0e32\u0e19\u0e30\u0e2a\u0e21\u0e32\u0e0a\u0e34\u0e01\u0e02\u0e2d\u0e07\u0e40\u0e04\u0e23\u0e37\u0e2d\u0e02\u0e48\u0e32\u0e22\u0e41\u0e1a\u0e23\u0e19\u0e14\u0e4c SCANDIC \u0e2a\u0e38\u0e14\u0e1e\u0e34\u0e40\u0e28\u0e29 \u0e40\u0e23\u0e32\u0e43\u0e2b\u0e49\u0e1a\u0e23\u0e34\u0e01\u0e32\u0e23\u0e21\u0e32\u0e01\u0e01\u0e27\u0e48\u0e32\u0e41\u0e04\u0e48\u0e01\u0e32\u0e23\u0e40\u0e0a\u0e48\u0e32\u0e23\u0e16 ScandicCars \u0e04\u0e37\u0e2d\u0e01\u0e38\u0e0d\u0e41\u0e08\u0e2a\u0e39\u0e48\u0e44\u0e25\u0e1f\u0e4c\u0e2a\u0e44\u0e15\u0e25\u0e4c\u0e17\u0e35\u0e48\u0e40\u0e1b\u0e35\u0e48\u0e22\u0e21\u0e44\u0e1b\u0e14\u0e49\u0e27\u0e22\u00a0<strong>\u0e2b\u0e23\u0e39\u0e2b\u0e23\u0e32<\/strong>,\u00a0<strong>\u0e19\u0e27\u0e31\u0e15\u0e01\u0e23\u0e23\u0e21<\/strong>\u00a0\u0e41\u0e25\u0e30\u00a0<strong>\u0e1a\u0e23\u0e34\u0e01\u0e32\u0e23\u0e1e\u0e34\u0e40\u0e28\u0e29<\/strong>.\n\nOb anspruchsvolle Privatkunden oder Unternehmen mit h\u00f6chsten Anspr\u00fcchen \u2013 wir schaffen ma\u00dfgeschneiderte Mobilit\u00e4tsl\u00f6sungen. Unser Versprechen: unvergleichlicher Komfort, h\u00f6chste Flexibilit\u00e4t und ein unerm\u00fcdliches Streben nach Perfektion. Wir erf\u00fcllen Ihre Erwartungen nicht nur \u2013 wir \u00fcbertreffen sie.\n<h2>\u0e1b\u0e23\u0e31\u0e0a\u0e0d\u0e32\u0e02\u0e2d\u0e07\u0e40\u0e23\u0e32: \u0e02\u0e31\u0e1a\u0e40\u0e04\u0e25\u0e37\u0e48\u0e2d\u0e19\u0e27\u0e31\u0e12\u0e19\u0e18\u0e23\u0e23\u0e21\u0e14\u0e49\u0e27\u0e22\u0e04\u0e27\u0e32\u0e21\u0e40\u0e1b\u0e47\u0e19\u0e40\u0e25\u0e34\u0e28<\/h2>\nF\u00fcr uns ist ein Automobil nicht blo\u00df ein Transportmittel, sondern Ausdruck von Stil, Sicherheit und individueller Freiheit. Es geht nicht nur darum, von A nach B zu kommen \u2013 sondern wie Sie dort ankommen.\n\nEntsprechend gestalten wir jedes Detail Ihrer Anmietung nach Ihren W\u00fcnschen. Wir verbinden klassische Werte wie\u00a0<strong>\u0e40\u0e0a\u0e37\u0e48\u0e2d\u0e21\u0e31\u0e48\u0e19<\/strong>\u00a0\u0e41\u0e25\u0e30\u00a0<strong>\u0e04\u0e27\u0e32\u0e21\u0e23\u0e2d\u0e1a\u0e04\u0e2d\u0e1a<\/strong>\u00a0\u0e14\u0e49\u0e27\u0e22\u0e40\u0e17\u0e04\u0e42\u0e19\u0e42\u0e25\u0e22\u0e35\u0e17\u0e35\u0e48\u0e17\u0e31\u0e19\u0e2a\u0e21\u0e31\u0e22 \u0e2a\u0e23\u0e49\u0e32\u0e07\u0e2a\u0e23\u0e23\u0e04\u0e4c\u0e02\u0e49\u0e2d\u0e40\u0e2a\u0e19\u0e2d\u0e17\u0e35\u0e48\u0e17\u0e31\u0e49\u0e07\u0e40\u0e1b\u0e47\u0e19\u0e21\u0e37\u0e2d\u0e2d\u0e32\u0e0a\u0e35\u0e1e\u0e41\u0e25\u0e30\u0e2b\u0e23\u0e39\u0e2b\u0e23\u0e32 \u0e43\u0e2b\u0e49\u0e04\u0e38\u0e13\u0e21\u0e35\u0e2d\u0e34\u0e2a\u0e23\u0e30\u0e43\u0e19\u0e01\u0e32\u0e23\u0e02\u0e31\u0e1a\u0e02\u0e35\u0e48\u0e44\u0e14\u0e49\u0e14\u0e31\u0e48\u0e07\u0e43\u0e08 \u0e40\u0e21\u0e37\u0e48\u0e2d\u0e44\u0e2b\u0e23\u0e48\u0e01\u0e47\u0e44\u0e14\u0e49 \u0e42\u0e14\u0e22\u0e44\u0e21\u0e48\u0e15\u0e49\u0e2d\u0e07\u0e21\u0e35\u0e20\u0e32\u0e23\u0e30\u0e1c\u0e39\u0e01\u0e1e\u0e31\u0e19\u0e43\u0e19\u0e01\u0e32\u0e23\u0e40\u0e1b\u0e47\u0e19\u0e40\u0e08\u0e49\u0e32\u0e02\u0e2d\u0e07\u0e23\u0e16\u0e22\u0e19\u0e15\u0e4c\u0e2b\u0e23\u0e39 \u0e17\u0e33\u0e44\u0e21\u0e15\u0e49\u0e2d\u0e07\u0e40\u0e1b\u0e47\u0e19\u0e40\u0e08\u0e49\u0e32\u0e02\u0e2d\u0e07\u0e23\u0e16\u0e22\u0e19\u0e15\u0e4c\u0e2b\u0e23\u0e39\u0e02\u0e2d\u0e07\u0e04\u0e38\u0e13\u0e40\u0e2d\u0e07 \u0e43\u0e19\u0e40\u0e21\u0e37\u0e48\u0e2d ScandicCars \u0e2a\u0e32\u0e21\u0e32\u0e23\u0e16\u0e21\u0e2d\u0e1a\u0e23\u0e16\u0e22\u0e19\u0e15\u0e4c\u0e43\u0e19\u0e1d\u0e31\u0e19\u0e43\u0e2b\u0e49\u0e04\u0e38\u0e13\u0e44\u0e14\u0e49\u0e17\u0e38\u0e01\u0e40\u0e21\u0e37\u0e48\u0e2d\u0e17\u0e35\u0e48\u0e15\u0e49\u0e2d\u0e07\u0e01\u0e32\u0e23\n<h2>\u0e01\u0e2d\u0e07\u0e22\u0e32\u0e19\u0e1e\u0e32\u0e2b\u0e19\u0e30\u0e02\u0e2d\u0e07\u0e40\u0e23\u0e32: \u0e2a\u0e31\u0e0d\u0e25\u0e31\u0e01\u0e29\u0e13\u0e4c\u0e41\u0e2b\u0e48\u0e07\u0e42\u0e25\u0e01\u0e22\u0e32\u0e19\u0e22\u0e19\u0e15\u0e4c<\/h2>\n\u0e01\u0e2d\u0e07\u0e22\u0e32\u0e19\u0e1e\u0e32\u0e2b\u0e19\u0e30\u0e2a\u0e38\u0e14\u0e1e\u0e34\u0e40\u0e28\u0e29\u0e02\u0e2d\u0e07\u0e40\u0e23\u0e32\u0e1b\u0e23\u0e30\u0e01\u0e2d\u0e1a\u0e14\u0e49\u0e27\u0e22\u0e23\u0e16\u0e22\u0e19\u0e15\u0e4c\u0e23\u0e38\u0e48\u0e19\u0e22\u0e2d\u0e14\u0e19\u0e34\u0e22\u0e21\u0e23\u0e30\u0e14\u0e31\u0e1a\u0e42\u0e25\u0e01 \u0e0b\u0e36\u0e48\u0e07\u0e41\u0e15\u0e48\u0e25\u0e30\u0e23\u0e38\u0e48\u0e19\u0e25\u0e49\u0e27\u0e19\u0e40\u0e1b\u0e47\u0e19\u0e2a\u0e31\u0e0d\u0e25\u0e31\u0e01\u0e29\u0e13\u0e4c\u0e02\u0e2d\u0e07\u0e04\u0e27\u0e32\u0e21\u0e40\u0e1b\u0e47\u0e19\u0e40\u0e25\u0e34\u0e28\u0e17\u0e32\u0e07\u0e27\u0e34\u0e28\u0e27\u0e01\u0e23\u0e23\u0e21 \u0e2a\u0e21\u0e23\u0e23\u0e16\u0e19\u0e30 \u0e41\u0e25\u0e30\u0e04\u0e27\u0e32\u0e21\u0e2a\u0e07\u0e48\u0e32\u0e07\u0e32\u0e21 \u0e40\u0e23\u0e32\u0e21\u0e35\u0e23\u0e16\u0e22\u0e19\u0e15\u0e4c\u0e2a\u0e33\u0e2b\u0e23\u0e31\u0e1a\u0e17\u0e38\u0e01\u0e23\u0e2a\u0e19\u0e34\u0e22\u0e21:\n<ul>\n \t<li>Harman SF50 Stradale \u2013 \u0e0b\u0e39\u0e40\u0e1b\u0e2d\u0e23\u0e4c\u0e2a\u0e1b\u0e2d\u0e23\u0e4c\u0e15\u0e04\u0e32\u0e23\u0e4c\u0e17\u0e35\u0e48\u0e2a\u0e23\u0e49\u0e32\u0e07\u0e21\u0e32\u0e15\u0e23\u0e10\u0e32\u0e19\u0e43\u0e2b\u0e21\u0e48<\/li>\n \t<li>Lamborghini Urus (\u0e23\u0e38\u0e48\u0e19\u0e1e\u0e34\u0e40\u0e28\u0e29) \u2013 \u0e2a\u0e21\u0e23\u0e23\u0e16\u0e19\u0e30\u0e2d\u0e31\u0e19\u0e19\u0e48\u0e32\u0e1b\u0e23\u0e30\u0e17\u0e31\u0e1a\u0e43\u0e08<\/li>\n \t<li>Rolls-Royce Cullinan II SUV \u2013 \u0e04\u0e27\u0e32\u0e21\u0e2a\u0e07\u0e48\u0e32\u0e07\u0e32\u0e21\u0e2d\u0e31\u0e19\u0e2a\u0e07\u0e48\u0e32\u0e07\u0e32\u0e21<\/li>\n \t<li>Porsche 911 Carrera Cabriolet \u2013 \u0e04\u0e27\u0e32\u0e21\u0e2a\u0e38\u0e02\u0e43\u0e19\u0e01\u0e32\u0e23\u0e02\u0e31\u0e1a\u0e02\u0e35\u0e48\u0e17\u0e35\u0e48\u0e41\u0e17\u0e49\u0e08\u0e23\u0e34\u0e07\u0e2a\u0e33\u0e2b\u0e23\u0e31\u0e1a\u0e1c\u0e39\u0e49\u0e0a\u0e37\u0e48\u0e19\u0e0a\u0e2d\u0e1a\u0e23\u0e16\u0e2a\u0e1b\u0e2d\u0e23\u0e4c\u0e15\u0e40\u0e1b\u0e34\u0e14\u0e1b\u0e23\u0e30\u0e17\u0e38\u0e19<\/li>\n \t<li>Audi RS e-tron GT \u0e41\u0e25\u0e30 BMW i70\/i50 \u2013 \u0e1e\u0e25\u0e31\u0e07\u0e07\u0e32\u0e19\u0e44\u0e1f\u0e1f\u0e49\u0e32\u0e25\u0e49\u0e33\u0e2a\u0e21\u0e31\u0e22\u0e1e\u0e23\u0e49\u0e2d\u0e21\u0e44\u0e14\u0e19\u0e32\u0e21\u0e34\u0e01\u0e41\u0e1a\u0e1a Gran Turismo<\/li>\n \t<li>Audi SQ7 \u0e41\u0e25\u0e30 RSQ8 Performance \u2013 \u0e04\u0e27\u0e32\u0e21\u0e2a\u0e1b\u0e2d\u0e23\u0e4c\u0e15\u0e1e\u0e23\u0e49\u0e2d\u0e21\u0e1e\u0e37\u0e49\u0e19\u0e17\u0e35\u0e48\u0e01\u0e27\u0e49\u0e32\u0e07\u0e02\u0e27\u0e32\u0e07<\/li>\n \t<li>Mercedes-AMG GT 63 SE Performance \u2013 \u0e02\u0e38\u0e21\u0e1e\u0e25\u0e31\u0e07\u0e44\u0e2e\u0e1a\u0e23\u0e34\u0e14 V8 \u0e2d\u0e31\u0e19\u0e17\u0e23\u0e07\u0e1e\u0e25\u0e31\u0e07<\/li>\n \t<li>Mercedes-AMG SL 63 Cabriolet \u2013 \u0e04\u0e27\u0e32\u0e21\u0e2a\u0e07\u0e48\u0e32\u0e07\u0e32\u0e21\u0e41\u0e1a\u0e1a\u0e40\u0e1b\u0e34\u0e14\u0e1b\u0e23\u0e30\u0e17\u0e38\u0e19<\/li>\n \t<li>BMW M8 Competition Gran Coup\u00e9 \u2013 \u0e04\u0e27\u0e32\u0e21\u0e2b\u0e23\u0e39\u0e2b\u0e23\u0e32\u0e41\u0e25\u0e30\u0e04\u0e27\u0e32\u0e21\u0e2a\u0e1b\u0e2d\u0e23\u0e4c\u0e15\u0e17\u0e35\u0e48\u0e1c\u0e2a\u0e21\u0e1c\u0e2a\u0e32\u0e19\u0e01\u0e31\u0e19<\/li>\n \t<li>Rolls-Royce Spectre \u0e41\u0e25\u0e30 Rolls-Royce Phantom Series II Extended \u0e1b\u0e35 2025 \u2013 \u0e44\u0e2d\u0e04\u0e2d\u0e19\u0e41\u0e2b\u0e48\u0e07\u0e04\u0e27\u0e32\u0e21\u0e2b\u0e23\u0e39\u0e2b\u0e23\u0e32\u0e41\u0e1a\u0e1a\u0e04\u0e25\u0e32\u0e2a\u0e2a\u0e34\u0e01\u0e41\u0e25\u0e30\u0e44\u0e1f\u0e1f\u0e49\u0e32<\/li>\n<\/ul>\n<h2>\u0e01\u0e25\u0e38\u0e48\u0e21\u0e41\u0e1a\u0e23\u0e19\u0e14\u0e4c SCANDIC<\/h2>\n\u0e43\u0e19\u0e10\u0e32\u0e19\u0e30\u0e2a\u0e48\u0e27\u0e19\u0e2b\u0e19\u0e36\u0e48\u0e07\u0e02\u0e2d\u0e07\u0e40\u0e04\u0e23\u0e37\u0e2d\u0e02\u0e48\u0e32\u0e22 LEGIER GRUPPE \u0e17\u0e35\u0e48\u0e21\u0e35\u0e0a\u0e37\u0e48\u0e2d\u0e40\u0e2a\u0e35\u0e22\u0e07 \u0e40\u0e23\u0e32\u0e02\u0e2d\u0e40\u0e2a\u0e19\u0e2d\u0e01\u0e32\u0e23\u0e40\u0e02\u0e49\u0e32\u0e16\u0e36\u0e07\u0e1c\u0e25\u0e34\u0e15\u0e20\u0e31\u0e13\u0e11\u0e4c\u0e41\u0e25\u0e30\u0e1a\u0e23\u0e34\u0e01\u0e32\u0e23\u0e17\u0e35\u0e48\u0e40\u0e1b\u0e47\u0e19\u0e19\u0e27\u0e31\u0e15\u0e01\u0e23\u0e23\u0e21\u0e2d\u0e31\u0e19\u0e40\u0e1b\u0e47\u0e19\u0e40\u0e2d\u0e01\u0e25\u0e31\u0e01\u0e29\u0e13\u0e4c\u0e17\u0e35\u0e48\u0e23\u0e32\u0e1a\u0e23\u0e37\u0e48\u0e19\u0e43\u0e2b\u0e49\u0e01\u0e31\u0e1a\u0e04\u0e38\u0e13:\n<ul>\n \t<li><strong>ScandicFly<\/strong>:\u0e1a\u0e23\u0e34\u0e01\u0e32\u0e23\u0e40\u0e0a\u0e48\u0e32\u0e40\u0e04\u0e23\u0e37\u0e48\u0e2d\u0e07\u0e1a\u0e34\u0e19\u0e40\u0e08\u0e47\u0e15\u0e2a\u0e48\u0e27\u0e19\u0e15\u0e31\u0e27\u0e2a\u0e38\u0e14\u0e1e\u0e34\u0e40\u0e28\u0e29\u0e2a\u0e33\u0e2b\u0e23\u0e31\u0e1a\u0e04\u0e27\u0e32\u0e21\u0e15\u0e49\u0e2d\u0e07\u0e01\u0e32\u0e23\u0e2a\u0e39\u0e07\u0e2a\u0e38\u0e14<\/li>\n \t<li><strong>ScandicYachts<\/strong>:\u0e40\u0e23\u0e37\u0e2d\u0e22\u0e2d\u0e17\u0e0a\u0e4c\u0e2a\u0e38\u0e14\u0e2b\u0e23\u0e39\u0e40\u0e1e\u0e37\u0e48\u0e2d\u0e1b\u0e23\u0e30\u0e2a\u0e1a\u0e01\u0e32\u0e23\u0e13\u0e4c\u0e2a\u0e38\u0e14\u0e1e\u0e34\u0e40\u0e28\u0e29\u0e1a\u0e19\u0e1c\u0e37\u0e19\u0e19\u0e49\u0e33<\/li>\n \t<li><strong>ScandicEstate<\/strong>:\u0e2d\u0e2a\u0e31\u0e07\u0e2b\u0e32\u0e23\u0e34\u0e21\u0e17\u0e23\u0e31\u0e1e\u0e22\u0e4c\u0e23\u0e30\u0e14\u0e31\u0e1a\u0e40\u0e1f\u0e34\u0e23\u0e4c\u0e2a\u0e04\u0e25\u0e32\u0e2a\u0e17\u0e31\u0e48\u0e27\u0e42\u0e25\u0e01 \u2013 \u0e15\u0e31\u0e49\u0e07\u0e41\u0e15\u0e48\u0e27\u0e34\u0e25\u0e25\u0e48\u0e32\u0e1a\u0e19\u0e42\u0e04\u0e15\u0e14\u0e32\u0e0b\u0e39\u0e23\u0e4c\u0e44\u0e1b\u0e08\u0e19\u0e16\u0e36\u0e07\u0e40\u0e1e\u0e19\u0e17\u0e4c\u0e40\u0e2e\u0e32\u0e2a\u0e4c\u0e43\u0e19\u0e14\u0e39\u0e44\u0e1a<\/li>\n \t<li><strong>ScandicPay<\/strong>:\u0e42\u0e0b\u0e25\u0e39\u0e0a\u0e31\u0e48\u0e19\u0e01\u0e32\u0e23\u0e0a\u0e33\u0e23\u0e30\u0e40\u0e07\u0e34\u0e19\u0e17\u0e35\u0e48\u0e2a\u0e23\u0e49\u0e32\u0e07\u0e2a\u0e23\u0e23\u0e04\u0e4c\u0e2a\u0e33\u0e2b\u0e23\u0e31\u0e1a\u0e18\u0e38\u0e23\u0e01\u0e23\u0e23\u0e21\u0e17\u0e35\u0e48\u0e23\u0e27\u0e14\u0e40\u0e23\u0e47\u0e27 \u0e1b\u0e25\u0e2d\u0e14\u0e20\u0e31\u0e22 \u0e41\u0e25\u0e30\u0e17\u0e31\u0e48\u0e27\u0e42\u0e25\u0e01<\/li>\n \t<li><strong>ScandicTrade<\/strong>:\u0e2a\u0e01\u0e38\u0e25\u0e40\u0e07\u0e34\u0e19\u0e14\u0e34\u0e08\u0e34\u0e17\u0e31\u0e25 ScandicCoin \u0e41\u0e25\u0e30\u0e41\u0e1e\u0e25\u0e15\u0e1f\u0e2d\u0e23\u0e4c\u0e21\u0e01\u0e32\u0e23\u0e25\u0e07\u0e17\u0e38\u0e19\u0e14\u0e34\u0e08\u0e34\u0e17\u0e31\u0e25\u0e40\u0e1e\u0e37\u0e48\u0e2d\u0e42\u0e2d\u0e01\u0e32\u0e2a\u0e01\u0e32\u0e23\u0e25\u0e07\u0e17\u0e38\u0e19\u0e17\u0e35\u0e48\u0e21\u0e31\u0e48\u0e19\u0e04\u0e07\u0e43\u0e19\u0e2d\u0e19\u0e32\u0e04\u0e15<\/li>\n<\/ul>\n<h2>\u0e1b\u0e23\u0e30\u0e2a\u0e1a\u0e01\u0e32\u0e23\u0e13\u0e4c\u0e01\u0e32\u0e23\u0e02\u0e31\u0e1a\u0e02\u0e35\u0e48\u0e02\u0e2d\u0e07\u0e04\u0e38\u0e13 \u0e01\u0e32\u0e23\u0e02\u0e31\u0e1a\u0e02\u0e35\u0e48\u0e02\u0e2d\u0e07\u0e40\u0e23\u0e32<\/h2>\nScandicCars ist mehr als eine Luxusautovermietung \u2013 wir verstehen uns als Ihr Partner f\u00fcr exklusive Mobilit\u00e4t. Durch die Integration in ein hochkar\u00e4tiges Markennetzwerk bieten wir Dienstleistungen, die weit \u00fcber das \u00dcbliche hinausgehen.\n\nGanz gleich, ob Sie einen adrenaligeladenen Supercar-Trip planen, VIP-G\u00e4ste stilvoll chauffieren lassen m\u00f6chten oder als Unternehmen einen zuverl\u00e4ssigen Mobilit\u00e4tspartner f\u00fcr Events und Gesch\u00e4ftsreisen suchen \u2013 wir stehen an Ihrer Seite. Jede Anfrage, ob spontan \u00fcber unser mobiles Buchungssystem oder langfristig geplant, wird mit der gleichen Sorgfalt und Professionalit\u00e4t bearbeitet.\n\nErleben Sie mit ScandicCars die Faszination automobiler H\u00f6chstleistungen und unbegrenzten Luxus auf R\u00e4dern, unterst\u00fctzt von einem Netzwerk, das jeden Aspekt Ihres Lebensstils veredelt. Kontaktieren Sie uns noch heute und entdecken Sie, wie ScandicCars Ihr n\u00e4chstes Fahrerlebnis unvergesslich machen wird \u2013 denn\u00a0<strong>\u0e04\u0e27\u0e32\u0e21\u0e40\u0e1b\u0e47\u0e19\u0e40\u0e25\u0e34\u0e28<\/strong>\u00a0\u0e40\u0e1b\u0e47\u0e19\u0e02\u0e2d\u0e07\u0e40\u0e23\u0e32\t\t\t\t\t\t\t\t<\/div>\n\t\t\t\t\t<\/div>\n\t\t\t\t<\/div>\n\t\t\t\t<\/div>","protected":false},"excerpt":{"rendered":"<p>SCANDIC CARS: Luxuri\u00f6se Mobilit\u00e4t neu definiert Willkommen bei ScandicCars, einer weltweit f\u00fchrenden Marke der renommierten LEGIER GRUPPE. Die LEGIER GRUPPE ist ein diversifizierter internationaler Mischkonzern mit 30 Jahren Erfolgsgeschichte und Inhaberin von 115 Tageszeitungen, die weltweit auf allen Kontinenten rund um die Uhr aktuelle Nachrichten publizieren. Als Mitglied des exklusiven SCANDIC Markenverbunds bieten wir weit [&hellip;]<\/p>\n","protected":false},"author":1,"featured_media":0,"parent":0,"menu_order":0,"comment_status":"closed","ping_status":"closed","template":"","meta":{"footnotes":""},"class_list":["post-772","page","type-page","status-publish","hentry"],"_links":{"self":[{"href":"https:\/\/legiergroup.info\/th\/wp-json\/wp\/v2\/pages\/772","targetHints":{"allow":["GET"]}}],"collection":[{"href":"https:\/\/legiergroup.info\/th\/wp-json\/wp\/v2\/pages"}],"about":[{"href":"https:\/\/legiergroup.info\/th\/wp-json\/wp\/v2\/types\/page"}],"author":[{"embeddable":true,"href":"https:\/\/legiergroup.info\/th\/wp-json\/wp\/v2\/users\/1"}],"replies":[{"embeddable":true,"href":"https:\/\/legiergroup.info\/th\/wp-json\/wp\/v2\/comments?post=772"}],"version-history":[{"count":11,"href":"https:\/\/legiergroup.info\/th\/wp-json\/wp\/v2\/pages\/772\/revisions"}],"predecessor-version":[{"id":1936,"href":"https:\/\/legiergroup.info\/th\/wp-json\/wp\/v2\/pages\/772\/revisions\/1936"}],"wp:attachment":[{"href":"https:\/\/legiergroup.info\/th\/wp-json\/wp\/v2\/media?parent=772"}],"curies":[{"name":"wp","href":"https:\/\/api.w.org\/{rel}","templated":true}]}}