{"id":708,"date":"2025-09-17T01:02:58","date_gmt":"2025-09-17T01:02:58","guid":{"rendered":"https:\/\/legiergroup.info\/?page_id=708"},"modified":"2025-10-21T13:33:38","modified_gmt":"2025-10-21T13:33:38","slug":"cerez-yoenergeleri","status":"publish","type":"page","link":"https:\/\/legiergroup.info\/tr\/cookie-richtlinien\/","title":{"rendered":"\u00c7erez politikas\u0131"},"content":{"rendered":"<div data-elementor-type=\"wp-page\" data-elementor-id=\"708\" class=\"elementor elementor-708\" data-elementor-post-type=\"page\">\n\t\t\t\t<div class=\"elementor-element elementor-element-787223a e-flex e-con-boxed e-con e-parent\" data-id=\"787223a\" data-element_type=\"container\" data-e-type=\"container\">\n\t\t\t\t\t<div class=\"e-con-inner\">\n\t\t\t\t<div class=\"elementor-element elementor-element-3ca3ff9 elementor-widget elementor-widget-text-editor\" data-id=\"3ca3ff9\" data-element_type=\"widget\" data-e-type=\"widget\" data-widget_type=\"text-editor.default\">\n\t\t\t\t\t\t\t\t\t<h1>LegierGroup.com i\u00e7in \u00e7erez politikas\u0131<\/h1><div><br><\/div>\n<p>Bu \u00e7erez politikas\u0131, ki\u015fisel verilerinizin a\u015fa\u011f\u0131dakiler taraf\u0131ndan i\u015flenmesi hakk\u0131nda sizi bilgilendirir&nbsp;<b>LEGIER BETEILIGUNGS MBH<\/b>&nbsp;(bundan b\u00f6yle \u201eLEGIER\u201c, \u201ebiz\u201c veya \u201ebize\u201c olarak an\u0131lacakt\u0131r) ve onunla ili\u015fkili markalar.&nbsp;<b>SCANDIC PAY<\/b>,&nbsp;<b>SCANDIC ESTATE<\/b>,&nbsp;<b>SCANDIC GROUP<\/b>&nbsp;ve&nbsp;<b>SCANDIC TRADE<\/b>&nbsp;(bundan b\u00f6yle \u201eSCANDIC markalar\u0131\u201c olarak an\u0131lacakt\u0131r) AB Genel Veri Koruma Y\u00f6netmeli\u011fi (bundan b\u00f6yle \u201eGDPR\u201c olarak an\u0131lacakt\u0131r) ve Federal Veri Koruma Yasas\u0131 (bundan b\u00f6yle \u201eBDSG\u201c olarak an\u0131lacakt\u0131r) uyar\u0131nca web sitesinde&nbsp;<a href=\"https:\/\/legiergroup.com\/\" target=\"_blank\" rel=\"noopener\">LegierGroup.com<\/a>.<\/p>\n<h2>I. Veri i\u015fleme sorumlusu<\/h2>\n<p>Web sitesinde veri i\u015flemeden sorumlu kurulu\u015f :<\/p><p><br><b>LEGIER BETEILIGUNGS MBH<\/b><br>Kurfurstendamm 14<br>10707 Berlin<br>Federal Almanya Cumhuriyeti<\/p><p><br><b>\u0130leti\u015fim:<\/b><br>Telefon: +49 (0) 30 99211 - 3 469<br>Faks: +49 (0) 30 99211 - 3 225<br>E-Mail:&nbsp;<a href=\"mailto:Info@LegierGroup.com\" target=\"_blank\" rel=\"noopener noreferrer\">Info@LegierGroup.com<\/a><\/p><p><br><b>Y\u00f6netim:<\/b>&nbsp;Tetiana Starosud<\/p>\n<p><b>Veri Koruma G\u00f6revlisi:<\/b><br>Avukat Thilo Herges<br>Hohenzollerndamm 27a<br>10713 Berlin<br>Federal Almanya Cumhuriyeti<br>Telefon: +49 (0) 232 57 44 77<br>E-Mail:&nbsp;<a href=\"mailto:datenschutz@LegierGroup.com\" target=\"_blank\" rel=\"noopener noreferrer\">datenschutz@LegierGroup.com<\/a><\/p><p><br><\/p>\n<h2>II \u0130\u015fleme<\/h2><div><br><\/div>\n<h4>1. \u00e7erezler<\/h4>\n<h6><br><\/h6><h6>a) Tan\u0131mlar<\/h6>\n<ol>\n<li>Web sitemizde \u201e\u00e7erezler\u201c kullan\u0131lmaktad\u0131r. \u00c7erezler, web sitelerimizden yerel olarak bilgisayar\u0131n\u0131z\u0131n veya mobil cihaz\u0131n\u0131z\u0131n sabit diskine aktar\u0131lan ve web sitelerimizi ziyaret etti\u011finizde orada saklanan k\u00fc\u00e7\u00fck metin dosyalar\u0131d\u0131r. Bu, taray\u0131c\u0131 oturumunuz s\u0131ras\u0131nda veya web sitelerimizi bir sonraki ziyaretiniz i\u00e7in eylemlerinizi (\u00f6rne\u011fin hangi web sayfalar\u0131n\u0131 ziyaret etti\u011finiz, hangi yay\u0131nlar\u0131 ve konular\u0131 g\u00f6r\u00fcnt\u00fcledi\u011finiz, web sitesinde ne kadar kald\u0131\u011f\u0131n\u0131z, g\u00fcnl\u00fck g\u00f6r\u00fcnt\u00fclenen sayfa say\u0131s\u0131, vb) ve tercih etti\u011finiz ayarlar\u0131 (\u00f6rne\u011fin oturum a\u00e7ma, dil ve di\u011fer g\u00f6r\u00fcnt\u00fcleme ayarlar\u0131) kaydeder. Web sitemizi tekrar ziyaret etti\u011finizde, bu bilgiler sunucuya geri g\u00f6nderilir. Bilgisayar\u0131n\u0131z veya mobil cihaz\u0131n\u0131z otomatik olarak tan\u0131n\u0131r ve \u00f6rne\u011fin web sitemizi son ziyaretiniz s\u0131ras\u0131nda favori olarak kaydetti\u011finiz emlak teklifleri y\u00fcklenir. Bu size, web sitemizi her ziyaret etti\u011finizde favori ayarlar\u0131n\u0131z\u0131 yapmak zorunda kalmama avantaj\u0131n\u0131 sunar. \u00c7erezleri, web sitemizin i\u00e7eri\u011fini, grafiklerini ve teknolojisini ve reklamlar\u0131m\u0131z\u0131 ihtiya\u00e7lar\u0131n\u0131z do\u011frultusunda geli\u015ftirmek amac\u0131yla web sitelerimizin kullan\u0131m verilerini istatistiksel olarak analiz etmek i\u00e7in kullanabiliriz.<\/li>\n<li>A\u015fa\u011f\u0131da, LEGIER'nin \u201eweb sitesi\u201c terimi, LEGIER BETEILIGUNGS MBH ve ili\u015fkili markalar\u0131 taraf\u0131ndan sa\u011flanan t\u00fcm internet sayfalar\u0131n\u0131 i\u00e7erir.<\/li>\n<\/ol>\n<h6><br><\/h6><h6>b) Niteli\u011fi, kapsam\u0131 ve ama\u00e7lar\u0131<\/h6>\n<ol>\n<li>Web sitemizde \u00e7e\u015fitli \u00e7erezler kullan\u0131yoruz:\n<ul>\n<li>\u0130\u015flevsel \u00e7erezler web sitemizin \u00e7al\u0131\u015fmas\u0131n\u0131 sa\u011flar. Web sitemizin temel i\u015flevleri i\u00e7in gereklidirler.<\/li>\n<li>\u0130zleme \u00e7erezlerinin kullan\u0131m\u0131, di\u011fer \u015feylerin yan\u0131 s\u0131ra, web sitemize ka\u00e7 ziyaret\u00e7inin eri\u015fti\u011fini ve ziyaret\u00e7ilerin web sitemizde nas\u0131l davrand\u0131klar\u0131n\u0131, yani hangi i\u015flevleri kulland\u0131klar\u0131n\u0131 belirlememizi sa\u011flar. \u0130zleme \u00e7erezleri, bu bilgileri toplamak ve istatistiksel ama\u00e7larla analiz etmek i\u00e7in kullan\u0131lan analitik \u00e7erezleri de i\u00e7erir.<\/li>\n<\/ul>\n<\/li>\n<li>Oturum \u00e7erezleri olarak adland\u0131r\u0131lan \u00e7erezler yaln\u0131zca web sitelerimizi ziyaret etti\u011finiz s\u00fcre boyunca, yani web sitelerimizden birine yap\u0131lan mevcut ziyaret veya bir taray\u0131c\u0131 oturumu boyunca saklan\u0131r.<\/li>\n<li>Kal\u0131c\u0131 \u00e7erezler, bilgisayar\u0131n\u0131z\u0131n veya mobil cihaz\u0131n\u0131z\u0131n sabit diskinde web sitelerimize yap\u0131lan bireysel ziyaretin veya bir taray\u0131c\u0131 oturumunun \u00f6tesinde saklan\u0131r. Web sitelerimizi bir sonraki ziyaretinizde sizi tan\u0131mam\u0131z\u0131 ve web sitelerimizi kullanman\u0131z\u0131 kolayla\u015ft\u0131rmam\u0131z\u0131 sa\u011flarlar (\u00f6rne\u011fin, son ziyaretiniz s\u0131ras\u0131nda favori olarak kaydetti\u011finiz emlak tekliflerini g\u00f6r\u00fcnt\u00fclemek).<\/li>\n<li>Baz\u0131 \u00e7erezler bizim taraf\u0131m\u0131zdan ayarlan\u0131r ve bizim kontrol\u00fcm\u00fcz alt\u0131ndad\u0131r. Di\u011fer \u00e7erezler web sitelerimize \u00fc\u00e7\u00fcnc\u00fc taraflarca yerle\u015ftirilir (\u00fc\u00e7\u00fcnc\u00fc taraf \u00e7erezleri). Web sitelerimiz arac\u0131l\u0131\u011f\u0131yla \u00e7erez yerle\u015ftiren t\u00fcm \u00fc\u00e7\u00fcnc\u00fc taraflar\u0131n fark\u0131nda olmayabiliriz. Ayr\u0131ca, web sitelerimize \u00fc\u00e7\u00fcnc\u00fc taraflarca yerle\u015ftirilen t\u00fcm \u00e7erezlerden haberdar olmayabiliriz. Web sitelerimizi analiz etmek i\u00e7in kulland\u0131\u011f\u0131m\u0131z analitik \u00e7erezler haricinde, bu \u00fc\u00e7\u00fcnc\u00fc taraf \u00e7erezlerinin kullan\u0131m\u0131n\u0131 izlemiyoruz.<\/li>\n<li>Web sitelerimizde kullan\u0131lan \u00e7erezler hakk\u0131nda daha fazla bilgi i\u00e7in l\u00fctfen bu \u00e7erez politikas\u0131n\u0131n ekine bak\u0131n.<\/li>\n<\/ol>\n<h6><br><\/h6><h6>c) \u00c7erezleri y\u00f6netme ve silme ve iptal hakk\u0131n\u0131z\u0131 kullanma<\/h6>\n<ol>\n<li>Web sitemizi ziyaret etti\u011finizde, web sitemizde \u00e7erezlerin kullan\u0131m\u0131 hakk\u0131nda sizi bilgilendiren bir banner g\u00f6r\u00fcn\u00fcr. Onay d\u00fc\u011fmesine t\u0131klayarak, web sitelerimizde \u00e7erez kullan\u0131m\u0131n\u0131 kabul etmi\u015f olursunuz.<\/li>\n<li>Taray\u0131c\u0131 ayarlar\u0131n\u0131z\u0131 de\u011fi\u015ftirerek ve \u00e7erez ayar\u0131n\u0131 devre d\u0131\u015f\u0131 b\u0131rakarak onay\u0131n\u0131z\u0131 istedi\u011finiz zaman iptal edebilirsiniz. \u00dc\u00e7\u00fcnc\u00fc taraf \u00e7erezleri ile ilgili olarak onay\u0131n\u0131z\u0131 geri \u00e7ekmek isterseniz, l\u00fctfen ilgili \u00e7erezin sa\u011flay\u0131c\u0131s\u0131 ile ileti\u015fime ge\u00e7in. Daha fazla bilgi, ilgili sa\u011flay\u0131c\u0131n\u0131n veri koruma beyanlar\u0131nda veya \u00e7erez politikalar\u0131nda bulunabilir.<\/li>\n<li>\u00c7o\u011fu taray\u0131c\u0131 \u00e7erez kullan\u0131m\u0131n\u0131 otomatik olarak kabul eder. \u00c7erezlerin kullan\u0131m\u0131n\u0131 taray\u0131c\u0131 ayarlar\u0131n\u0131z \u00fczerinden y\u00f6netebilirsiniz. \u00c7erezlerin bilgisayar\u0131n\u0131z\u0131n sabit diskinde veya mobil cihaz\u0131n\u0131zda otomatik olarak saklanmas\u0131n\u0131 istemiyorsan\u0131z, taray\u0131c\u0131 ayarlar\u0131n\u0131z\u0131 buna g\u00f6re de\u011fi\u015ftirebilir ve \u00e7erez ayar\u0131n\u0131 devre d\u0131\u015f\u0131 b\u0131rakabilirsiniz. Taray\u0131c\u0131 ayarlar\u0131n\u0131zda, bir web sitesi \u00e7erez kulland\u0131\u011f\u0131nda bilgilendirilmek isteyip istemedi\u011finizi de se\u00e7ebilirsiniz. Taray\u0131c\u0131 ayarlar\u0131n\u0131z\u0131 nas\u0131l de\u011fi\u015ftirece\u011finizi ayr\u0131nt\u0131l\u0131 olarak \u00f6\u011frenmek i\u00e7in l\u00fctfen kulland\u0131\u011f\u0131n\u0131z taray\u0131c\u0131n\u0131n talimatlar\u0131na veya yard\u0131m i\u015flevine bak\u0131n.<\/li>\n<li>Taray\u0131c\u0131 ayarlar\u0131n\u0131z\u0131 de\u011fi\u015ftirerek \u00e7erezleri devre d\u0131\u015f\u0131 b\u0131rakt\u0131ktan sonra web sitemizi ziyaret etmeye ve kullanmaya devam edebilece\u011finizi l\u00fctfen unutmay\u0131n. Ancak, \u00e7erezleri devre d\u0131\u015f\u0131 b\u0131rakmak, web sitemizin i\u015flevlerini art\u0131k tam olarak kullanamayaca\u011f\u0131n\u0131z anlam\u0131na gelebilir.<\/li>\n<\/ol>\n<h6><br><\/h6><h6>d) Web analiz hizmeti<\/h6>\n<ol>\n<li>Bu web sitesinde, taraf\u0131m\u0131zca g\u00f6revlendirilen bir hizmet sa\u011flay\u0131c\u0131n\u0131n web analiz hizmetini kullan\u0131yoruz. Bu ara\u00e7, bilgisayar\u0131n\u0131zda depolanan ve web sitesini kullan\u0131m\u0131n\u0131z\u0131 analiz etmemizi sa\u011flayan metin dosyalar\u0131 olan \u201e\u00e7erezler\u201c kullan\u0131r. Bu web sitesinde IP anonimle\u015ftirmeyi etkinle\u015ftirdik. Bu, IP adresinizi k\u0131salt\u0131r ve anonimle\u015ftirir. Bizim ad\u0131m\u0131za, hizmet sa\u011flay\u0131c\u0131m\u0131z web sitemize yapt\u0131\u011f\u0131n\u0131z son ziyaretler ve web sitemizde nas\u0131l gezindi\u011finiz hakk\u0131nda bilgi toplayacak ve bu bilgileri web sitesini kullan\u0131m\u0131n\u0131z\u0131 analiz etmek ve bizim ad\u0131m\u0131za web sitesi etkinli\u011fi hakk\u0131nda raporlar derlemek i\u00e7in kullanacakt\u0131r.<\/li>\n<li>Ziyaret\u00e7ilerin web sitemizi nas\u0131l kulland\u0131\u011f\u0131n\u0131 daha iyi anlamak ve b\u00f6ylece web sitemizi daha da sezgisel hale getirmek amac\u0131yla web sitemizin kullan\u0131m\u0131n\u0131 analiz etmek i\u00e7in web analiz hizmetini kullan\u0131yoruz. Toplanan verileri 24 ayl\u0131k bir s\u00fcre boyunca sakl\u0131yor ve i\u015fliyoruz. \u00c7erezlerin saklanmas\u0131 ve toplanan verilerin daha fazla analiz edilmesi i\u00e7in yasal dayanak, GDPR Madde 6 paragraf 1 c\u00fcmle 1 lit. a uyar\u0131nca verilen r\u0131zad\u0131r. \u00c7erez ayarlar\u0131m\u0131zda gelecekte ge\u00e7erli olmak \u00fczere onay\u0131n\u0131z\u0131 istedi\u011finiz zaman iptal edebilirsiniz.<\/li>\n<\/ol>\n<h2><br><\/h2><h2>III. Sizin haklar\u0131n\u0131z<\/h2>\n<p>GDPR uyar\u0131nca, istedi\u011finiz zaman bizden i\u015fledi\u011fimiz sizinle ilgili ki\u015fisel veriler hakk\u0131nda size bilgi vermemizi (GDPR Madde 15), sizinle ilgili yanl\u0131\u015f olan ki\u015fisel verileri d\u00fczeltmemizi (GDPR Madde 16) ve\/veya taraf\u0131m\u0131zdan saklanan ki\u015fisel verilerinizi silmemizi (GDPR Madde 17), engellememizi (GDPR Madde 18) ve\/veya teslim etmemizi (GDPR Madde 20) talep edebilirsiniz.<\/p>\n<p>L\u00fctfen sorunuzu \u015fu adrese y\u00f6neltin:<\/p><p><b>LEGIER BETEILIGUNGS MBH<\/b><br>Kurfurstendamm 14<br>10707 Berlin<br>Federal Almanya Cumhuriyeti<br>Telefon: +49 (0) 30 99211 - 3 469<br>E-Mail:&nbsp;<a href=\"mailto:Info@LegierGroup.com\" target=\"_blank\" rel=\"noopener noreferrer\">Info@LegierGroup.com<\/a><\/p><p><br><\/p>\n<ol>\n<li>Haklar\u0131n\u0131z\u0131 bize kar\u015f\u0131 ileri s\u00fcrmeniz halinde, bu ba\u011flamda toplanan ki\u015fisel verilerinizi talebinize yan\u0131t vermek i\u00e7in i\u015fleyece\u011fiz. Ki\u015fisel verilerinizin i\u015flenmesi, GDPR Madde 6 paragraf 1 c\u00fcmle 1 lit. c) temelinde yasal bir y\u00fck\u00fcml\u00fcl\u00fc\u011f\u00fcn yerine getirilmesi i\u00e7in ger\u00e7ekle\u015ftirilir.<\/li>\n<li>Yukar\u0131daki haklara halel getirmeksizin, sizinle ilgili ki\u015fisel verilerin taraf\u0131m\u0131zdan i\u015flenmesinin GDPR'yi ihlal etti\u011fini d\u00fc\u015f\u00fcn\u00fcyorsan\u0131z, bir veri koruma denetim makam\u0131na \u015fikayette bulunabilirsiniz (GDPR Madde 77).<\/li>\n<\/ol>\n<h2><br><\/h2><h2>IV. De\u011fi\u015fiklikler<\/h2><div><br><\/div>\n<ol>\n<li>Bu \u00c7erez Politikas\u0131n\u0131n h\u00fck\u00fcmleri, o s\u0131rada ge\u00e7erli olan s\u00fcr\u00fcmde ge\u00e7erlidir.<\/li>\n<li>Bu \u00e7erez politikas\u0131n\u0131n i\u00e7eri\u011fini de\u011fi\u015ftirme ve d\u00fczeltme hakk\u0131m\u0131z sakl\u0131d\u0131r. G\u00fcncellenen \u00e7erez politikas\u0131, ge\u00e7erlilik tarihinden itibaren ge\u00e7erlidir.<\/li>\n<\/ol>\n<h2><br><\/h2><h2>Ek: LegierGroup.com'da kullan\u0131lan \u00e7erezlerin listesi<\/h2><div><br><\/div>\n<p>Web sitemizde a\u015fa\u011f\u0131daki \u00e7erez t\u00fcrleri kullan\u0131lmaktad\u0131r:<\/p>\n<ul>\n<li><b>Fonksiyonel \u00e7erezler:<\/b>&nbsp;Bunlar web sitesinin temel i\u015flevleri i\u00e7in gereklidir.<\/li>\n<li><b>\u0130zleme \u00e7erezleri:<\/b>&nbsp;Bunlar web sitesinin kullan\u0131m\u0131n\u0131 analiz etmek ve hizmetlerimizi geli\u015ftirmek i\u00e7in kullan\u0131l\u0131r.<\/li>\n<li><b>\u00dc\u00e7\u00fcnc\u00fc taraf \u00e7erezleri:<\/b>&nbsp;Bunlar \u00fc\u00e7\u00fcnc\u00fc taraf sa\u011flay\u0131c\u0131lar taraf\u0131ndan belirlenir ve reklam ve analizler dahil olmak \u00fczere \u00e7e\u015fitli ama\u00e7lar i\u00e7in kullan\u0131labilir.<\/li>\n<\/ul>\n<p>Ama\u00e7lar\u0131, s\u00fcreleri ve sa\u011flay\u0131c\u0131lar\u0131 da dahil olmak \u00fczere \u00e7erezlerin ayr\u0131nt\u0131l\u0131 bir listesi i\u00e7in l\u00fctfen web sitesindeki \u00e7erez onay arac\u0131m\u0131z\u0131 ziyaret edin.<\/p>\n<p><b>Dur:<\/b>&nbsp;15 Haziran 2025<\/p>\n<div id=\"accessibility-panel\" class=\"card shadow bottom-0 end-0 mb-3 mt-3 p-2 z-3\">&nbsp;<\/div>\t\t\t\t\t\t\t\t<\/div>\n\t\t\t\t\t<\/div>\n\t\t\t\t<\/div>\n\t\t\t\t<\/div>","protected":false},"excerpt":{"rendered":"<p>Cookie-Richtlinien f\u00fcr LegierGroup.com Diese Cookie-Richtlinie informiert Sie uber die Verarbeitung Ihrer personenbezogenen Daten durch die&nbsp;LEGIER BETEILIGUNGS MBH&nbsp;(im Folgenden \u201eLEGIER\u201c, \u201ewir\u201c oder \u201euns\u201c) und der mit ihr verbundenen Marken&nbsp;SCANDIC PAY,&nbsp;SCANDIC ESTATE,&nbsp;SCANDIC GROUP&nbsp;und&nbsp;SCANDIC TRADE&nbsp;(im Folgenden \u201eSCANDIC Marken\u201c) gema? der EU- Datenschutzgrundverordnung (im Folgenden \u201eDSGVO\u201c) und dem Bundesdatenschutzgesetz (im Folgenden \u201eBDSG\u201c) auf der Webseite&nbsp;LegierGroup.com. I. Verantwortliche fur die [&hellip;]<\/p>\n","protected":false},"author":1,"featured_media":0,"parent":0,"menu_order":0,"comment_status":"closed","ping_status":"closed","template":"","meta":{"footnotes":""},"class_list":["post-708","page","type-page","status-publish","hentry"],"_links":{"self":[{"href":"https:\/\/legiergroup.info\/tr\/wp-json\/wp\/v2\/pages\/708","targetHints":{"allow":["GET"]}}],"collection":[{"href":"https:\/\/legiergroup.info\/tr\/wp-json\/wp\/v2\/pages"}],"about":[{"href":"https:\/\/legiergroup.info\/tr\/wp-json\/wp\/v2\/types\/page"}],"author":[{"embeddable":true,"href":"https:\/\/legiergroup.info\/tr\/wp-json\/wp\/v2\/users\/1"}],"replies":[{"embeddable":true,"href":"https:\/\/legiergroup.info\/tr\/wp-json\/wp\/v2\/comments?post=708"}],"version-history":[{"count":17,"href":"https:\/\/legiergroup.info\/tr\/wp-json\/wp\/v2\/pages\/708\/revisions"}],"predecessor-version":[{"id":1801,"href":"https:\/\/legiergroup.info\/tr\/wp-json\/wp\/v2\/pages\/708\/revisions\/1801"}],"wp:attachment":[{"href":"https:\/\/legiergroup.info\/tr\/wp-json\/wp\/v2\/media?parent=708"}],"curies":[{"name":"wp","href":"https:\/\/api.w.org\/{rel}","templated":true}]}}